{"id":4426,"date":"2025-04-27T02:23:54","date_gmt":"2025-04-27T02:23:54","guid":{"rendered":"https:\/\/bright-china.com\/?post_type=product&#038;p=4426"},"modified":"2026-01-04T01:32:55","modified_gmt":"2026-01-04T08:32:55","slug":"ats-jgq3-100s","status":"publish","type":"product","link":"https:\/\/bright-china.com\/de\/produkt\/ats-jgq3-100s\/","title":{"rendered":"Automatischer Umschalter\uff08ATS\uff09 JGQ3-100S"},"content":{"rendered":"<h2><strong>Einf\u00fchrung<\/strong><\/h2>\n<hr \/>\n<p><img fetchpriority=\"high\" decoding=\"async\" class=\"wp-image-8736 size-medium alignleft\" src=\"https:\/\/bright-china.com\/wp-content\/uploads\/2025\/04\/Automatic-Transfer-Switch-JGQ3-100-0-300x300.webp\" alt=\"Automatischer \u00dcbertragungsschalter-JGQ3-100\" width=\"300\" height=\"300\" srcset=\"https:\/\/bright-china.com\/wp-content\/uploads\/2025\/04\/Automatic-Transfer-Switch-JGQ3-100-0-300x300.webp 300w, https:\/\/bright-china.com\/wp-content\/uploads\/2025\/04\/Automatic-Transfer-Switch-JGQ3-100-0-150x150.webp 150w, https:\/\/bright-china.com\/wp-content\/uploads\/2025\/04\/Automatic-Transfer-Switch-JGQ3-100-0-768x768.webp 768w, https:\/\/bright-china.com\/wp-content\/uploads\/2025\/04\/Automatic-Transfer-Switch-JGQ3-100-0-12x12.webp 12w, https:\/\/bright-china.com\/wp-content\/uploads\/2025\/04\/Automatic-Transfer-Switch-JGQ3-100-0-600x600.webp 600w, https:\/\/bright-china.com\/wp-content\/uploads\/2025\/04\/Automatic-Transfer-Switch-JGQ3-100-0-100x100.webp 100w, https:\/\/bright-china.com\/wp-content\/uploads\/2025\/04\/Automatic-Transfer-Switch-JGQ3-100-0.webp 800w\" sizes=\"(max-width: 300px) 100vw, 300px\" \/><\/p>\n<p><a href=\"https:\/\/bright-china.com\/dc-circuit-breakers-2\/\">Automatischer \u00dcbertragungsschalter ATS JGQ3-100S<\/a>\u00a0 (ATSE), ist eine Reihe von Schalter und Logik-Steuerung in einem, ohne die Notwendigkeit f\u00fcr externe Controller, wirklich realisieren die mechanische und elektrische Integration der automatischen Transfer-Schalter, ist es geeignet f\u00fcr AC 50Hz, Nennspannung bis 440V, die vereinbarte Heizstrom von 100A in der Industrie und Unternehmen Stromverteilungsanlagen, mit Spannungserkennung, Frequenz-Erkennung, Kommunikations-Schnittstelle, elektrische und mechanische Verriegelung und andere Funktionen, k\u00f6nnen vollautomatische, Fernbedienung, gezwungen \"0\", Notfall-Handbetrieb zu erreichen,<\/p>\n<p>Er findet breite Anwendung in der automatischen Umwandlung des Hauptstroms und des Notstromsystems oder der automatischen Umwandlung und Sicherheitstrennung von zwei Lastger\u00e4ten.<\/p>\n<p>Der Schalter wird von der Steuerplatine gesteuert, die verschiedene logische Befehle ausgibt, und der Motor treibt den Antriebsmechanismus des Hauptteils des Schalters an, schaltet den Unterbrechungsstromkreis schnell ein oder wandelt das elektrische Ger\u00e4t um und realisiert die Sicherheitstrennung durch den deutlich sichtbaren Zustand.<\/p>\n<h2>\u00a0Strukturelle Beschreibung<\/h2>\n<hr \/>\n<p>1. Elektrische Taste: steuern Sie die interne Steuerleitung Stromversorgung des Steuerschalters, und wenn die elektrische Taste automatisch ist, kann der Schalter vollautomatisch und betriebsbereit sein<\/p>\n<p>Kontrollieren und erzwingen Sie den \"0\"-Betrieb, wenn die elektrische Taste manuell ist, kann der Schalter nur manuell bedient werden.<\/p>\n<p>2. Bet\u00e4tigen Sie den Griff: Wenn Sie den Handgriff f\u00fcr die manuelle Bedienung verwenden, muss sich der elektrische Knopf in der manuellen Stellung befinden.<\/p>\n<p>3. Mechanismus Vorh\u00e4ngeschloss: speziell f\u00fcr die Wartung, das hei\u00dft, verwenden Sie zuerst den Betriebsgriff, um den Schalter in der \"0\"-Position zu machen, und schlie\u00dfen Sie dann das Vorh\u00e4ngeschloss Mechanismus<\/p>\n<p>Vorh\u00e4ngeschloss, kann \u00fcberholt werden (nehmen Sie das Vorh\u00e4ngeschloss, um die interne Steuerleistung des Schalters zu unterbrechen, kann der Schalter nicht automatisch sein, und kann nicht von Hand realisiert werden).<\/p>\n<p>bewegen).<\/p>\n<p>4. Anzeige: zeigt den Betriebszustand des Schalters an (I, O, II)<\/p>\n<h2><span data-slate-fragment=\"JTVCJTdCJTIydHlwZSUyMiUzQSUyMnBhcmFncmFwaCUyMiUyQyUyMmNoaWxkcmVuJTIyJTNBJTVCJTdCJTIyaWQlMjIlM0ElMjJlanI0b3hNalhlJTIyJTJDJTIycGFyYUlkeCUyMiUzQTAlMkMlMjJzcmMlMjIlM0ElMjJEdWFsJTIwcG93ZXIlMjBhdXRvbWF0aWMlMjB0cmFuc2ZlciUyMHN3aXRjaCUyMGlzJTIwdGVjaG5pY2FsJTIyJTJDJTIyZHN0JTIyJTNBJTIyJUU1JThGJThDJUU3JTk0JUI1JUU2JUJBJTkwJUU4JTg3JUFBJUU1JThBJUE4JUU4JUJEJUFDJUU2JThEJUEyJUU1JUJDJTgwJUU1JTg1JUIzJUU2JThBJTgwJUU2JTlDJUFGJTIyJTJDJTIybWV0YWRhdGElMjIlM0ElMjIlMjIlMkMlMjJtYXRjaGVzJTIyJTNBbnVsbCUyQyUyMm1ldGFEYXRhJTIyJTNBJTVCJTVEJTJDJTIydGV4dCUyMiUzQSUyMkR1YWwlMjBwb3dlciUyMGF1dG9tYXRpYyUyMHRyYW5zZmVyJTIwc3dpdGNoJTIwaXMlMjB0ZWNobmljYWwlMjIlN0QlNUQlN0QlNUQ=\">automatische \u00dcbertragung <a href=\"https:\/\/elejg.com\/\">Schalter<\/a> <a href=\"https:\/\/bright-china.com\/en\/ats\/\" title=\"\u67e5\u770b\u66f4\u591a\u5173\u4e8eATS\u7684\u4fe1\u606f\" class=\"seo-keyword-link\" style=\"font-weight: bold; color: inherit; text-decoration: underline; border-bottom: 1px dotted #667eea;\">ATS<\/a> ist technisch<\/span><\/h2>\n<hr \/>\n<p>1. Der Schalter ist konform mit: IEC947-6-1, GB14048.11<\/p>\n<p>2. Nennbetriebsspannung (Ue): AC415V<\/p>\n<p>3. Nenneinschaltleistung (A Rms): 10Ie<\/p>\n<p>4. Nennausschaltverm\u00f6gen (A rms): 8Ie<\/p>\n<p>5. Nennheizstrom: 100A<\/p>\n<p>6. Bemessungsisolationsspannung: 750 V<\/p>\n<p>7. Bemessungs-Sto\u00dfspannung: 8kV<\/p>\n<p>8. Nennbetriebsstrom: 100A<\/p>\n<p>9. Nennkurzschlussstrom: 7kA<\/p>\n<p>10. Nennbegrenzungsstrom: 100kA<\/p>\n<p>11. Umrechnungszeit: 10S<\/p>\n<h2><span data-slate-fragment=\"JTVCJTdCJTIydHlwZSUyMiUzQSUyMnBhcmFncmFwaCUyMiUyQyUyMmNoaWxkcmVuJTIyJTNBJTVCJTdCJTIyaWQlMjIlM0ElMjJ6Zzk0MWcwd3JlJTIyJTJDJTIycGFyYUlkeCUyMiUzQTAlMkMlMjJzcmMlMjIlM0ElMjJEdWFsJTIwcG93ZXIlMjBhdXRvbWF0aWMlMjB0cmFuc2ZlciUyMHN3aXRjaCUyMGlzJTIwdXNlJTIyJTJDJTIyZHN0JTIyJTNBJTIyJUU0JUJEJUJGJUU3JTk0JUE4JUU1JThGJThDJUU3JTk0JUI1JUU2JUJBJTkwJUU4JTg3JUFBJUU1JThBJUE4JUU4JUJEJUFDJUU2JThEJUEyJUU1JUJDJTgwJUU1JTg1JUIzJTIyJTJDJTIybWV0YWRhdGElMjIlM0ElMjIlMjIlMkMlMjJtYXRjaGVzJTIyJTNBbnVsbCUyQyUyMm1ldGFEYXRhJTIyJTNBJTVCJTVEJTJDJTIydGV4dCUyMiUzQSUyMkR1YWwlMjBwb3dlciUyMGF1dG9tYXRpYyUyMHRyYW5zZmVyJTIwc3dpdGNoJTIwaXMlMjB1c2UlMjIlN0QlNUQlN0QlNUQ=\">\u00a0Automatischer Transferschalter ATS wird verwendet<\/span><\/h2>\n<hr \/>\n<p>1. Vollautomatische Funktion: Wenn die \u00fcblicherweise verwendete Stromversorgung ausgeschaltet ist, schaltet der Schalter automatisch auf die Standby-Stromversorgung um; Wenn die Standby-Leistung wieder normal ist,<\/p>\n<p>Der Schalter kehrt automatisch zur Notstromversorgung zur\u00fcck.<\/p>\n<p>2. Erzwungene \"0\"-Funktion: Starten Sie die erzwungene \"0\"-Taste, und der Schalter wird die doppelte Stromversorgung unterbrechen.<\/p>\n<p>3. Fernbedienungsfunktion: das hei\u00dft, Fernbedienung, dr\u00fccken Sie die \"I\"-Taste; dann ist die Stromversorgung allgemein verwendet; Dr\u00fccken Sie die \"II\"-Position<\/p>\n<p>Dr\u00fccken Sie die Taste \"0\", um die doppelte Stromversorgung zu unterbrechen.<\/p>\n<p>4. Bitte w\u00e4hlen Sie die Schalterfunktion nach Ihren Bed\u00fcrfnissen aus und verdrahten Sie diese entsprechend der jeweiligen Funktion.<\/p>\n<p>5. Bei der Bestellung geben Sie bitte das Schaltermodell, die aktuelle Spezifikation und die gew\u00fcnschte Funktion an.<\/p>","protected":false},"excerpt":{"rendered":"<p>Automatic Transfer Switch JGQ3-100S (<a href=\"https:\/\/bright-china.com\/en\/ats\/\" title=\"\u67e5\u770b\u66f4\u591a\u5173\u4e8eATS\u7684\u4fe1\u606f\" class=\"seo-keyword-link\" style=\"font-weight: bold; color: inherit; text-decoration: underline; border-bottom: 1px dotted #667eea;\">ATS<\/a>), is a set of switch and logic control in one, without the need for external controller, truly realize the mechanical and electrical integration of automatic transfer switch, it is suitable for AC 50Hz, rated voltage to 440V, the agreed heating current of 100A in the industrial and enterprise power distribution equipment,<\/p>","protected":false},"featured_media":8736,"template":"","meta":{"_acf_changed":false,"site-sidebar-layout":"default","site-content-layout":"","ast-site-content-layout":"default","site-content-style":"default","site-sidebar-style":"default","ast-global-header-display":"","ast-banner-title-visibility":"","ast-main-header-display":"","ast-hfb-above-header-display":"","ast-hfb-below-header-display":"","ast-hfb-mobile-header-display":"","site-post-title":"","ast-breadcrumbs-content":"","ast-featured-img":"","footer-sml-layout":"","theme-transparent-header-meta":"default","adv-header-id-meta":"","stick-header-meta":"default","header-above-stick-meta":"","header-main-stick-meta":"","header-below-stick-meta":"","astra-migrate-meta-layouts":"set","ast-page-background-enabled":"default","ast-page-background-meta":{"desktop":{"background-color":"","background-image":"","background-repeat":"repeat","background-position":"center center","background-size":"auto","background-attachment":"scroll","background-type":"","background-media":"","overlay-type":"","overlay-color":"","overlay-opacity":"","overlay-gradient":""},"tablet":{"background-color":"","background-image":"","background-repeat":"repeat","background-position":"center center","background-size":"auto","background-attachment":"scroll","background-type":"","background-media":"","overlay-type":"","overlay-color":"","overlay-opacity":"","overlay-gradient":""},"mobile":{"background-color":"","background-image":"","background-repeat":"repeat","background-position":"center center","background-size":"auto","background-attachment":"scroll","background-type":"","background-media":"","overlay-type":"","overlay-color":"","overlay-opacity":"","overlay-gradient":""}},"ast-content-background-meta":{"desktop":{"background-color":"var(--ast-global-color-5)","background-image":"","background-repeat":"repeat","background-position":"center center","background-size":"auto","background-attachment":"scroll","background-type":"","background-media":"","overlay-type":"","overlay-color":"","overlay-opacity":"","overlay-gradient":""},"tablet":{"background-color":"var(--ast-global-color-5)","background-image":"","background-repeat":"repeat","background-position":"center center","background-size":"auto","background-attachment":"scroll","background-type":"","background-media":"","overlay-type":"","overlay-color":"","overlay-opacity":"","overlay-gradient":""},"mobile":{"background-color":"var(--ast-global-color-5)","background-image":"","background-repeat":"repeat","background-position":"center center","background-size":"auto","background-attachment":"scroll","background-type":"","background-media":"","overlay-type":"","overlay-color":"","overlay-opacity":"","overlay-gradient":""}},"_seo_title":"Automatic Transfer Switch\uff08ATS\uff09","_seo_keywords":"Automatic Transfer Switch(ATS), Automatic Transfer Switch in china, ATS","_seo_description":"Automatic Transfer Switch JGQ3-100S (ATS), is a set of switch and logic control in one, without the need for external controller,"},"product_brand":[],"product_cat":[100],"product_tag":[101,102],"class_list":{"0":"post-4426","1":"product","2":"type-product","3":"status-publish","4":"has-post-thumbnail","6":"product_cat-ats","7":"product_tag-ats","8":"product_tag-automatic-transfer-switch","9":"desktop-align-center","10":"tablet-align-left","11":"mobile-align-left","12":"ast-product-gallery-layout-horizontal-slider","14":"first","15":"instock","16":"sale","17":"featured","18":"downloadable","19":"shipping-taxable","20":"purchasable","21":"product-type-simple"},"acf":[],"seo_title":"Automatic Transfer Switch\uff08ATS\uff09","seo_keywords":"Automatic Transfer Switch(ATS), Automatic Transfer Switch in china, ATS","seo_description":"Automatic Transfer Switch JGQ3-100S (ATS), is a set of switch and logic control in one, without the need for external controller,","seo_score":"85","product_seo_keywords":"","_links":{"self":[{"href":"https:\/\/bright-china.com\/de\/wp-json\/wp\/v2\/product\/4426","targetHints":{"allow":["GET"]}}],"collection":[{"href":"https:\/\/bright-china.com\/de\/wp-json\/wp\/v2\/product"}],"about":[{"href":"https:\/\/bright-china.com\/de\/wp-json\/wp\/v2\/types\/product"}],"wp:featuredmedia":[{"embeddable":true,"href":"https:\/\/bright-china.com\/de\/wp-json\/wp\/v2\/media\/8736"}],"wp:attachment":[{"href":"https:\/\/bright-china.com\/de\/wp-json\/wp\/v2\/media?parent=4426"}],"wp:term":[{"taxonomy":"product_brand","embeddable":true,"href":"https:\/\/bright-china.com\/de\/wp-json\/wp\/v2\/product_brand?post=4426"},{"taxonomy":"product_cat","embeddable":true,"href":"https:\/\/bright-china.com\/de\/wp-json\/wp\/v2\/product_cat?post=4426"},{"taxonomy":"product_tag","embeddable":true,"href":"https:\/\/bright-china.com\/de\/wp-json\/wp\/v2\/product_tag?post=4426"}],"curies":[{"name":"wp","href":"https:\/\/api.w.org\/{rel}","templated":true}]}}