{"id":4427,"date":"2025-04-27T02:23:54","date_gmt":"2025-04-27T02:23:54","guid":{"rendered":"https:\/\/bright-china.com\/?post_type=product&#038;p=4427"},"modified":"2026-01-05T00:53:20","modified_gmt":"2026-01-05T07:53:20","slug":"ats-jgq3-100","status":"publish","type":"product","link":"https:\/\/bright-china.com\/de\/produkt\/ats-jgq3-100\/","title":{"rendered":"Automatischer \u00dcbertragungsschalter\uff08ATS\uff09JGQ3-100"},"content":{"rendered":"<h2><strong>Einf\u00fchrung<\/strong><\/h2>\n<hr \/>\n<p><img fetchpriority=\"high\" decoding=\"async\" class=\"wp-image-8744 size-medium alignleft\" src=\"https:\/\/bright-china.com\/wp-content\/uploads\/2025\/04\/Automatic-Transfer-Switch-JGQ3-100S-4-300x300.webp\" alt=\"Automatischer \u00dcbertragungsschalter-JGQ3-100S\" width=\"300\" height=\"300\" srcset=\"https:\/\/bright-china.com\/wp-content\/uploads\/2025\/04\/Automatic-Transfer-Switch-JGQ3-100S-4-300x300.webp 300w, https:\/\/bright-china.com\/wp-content\/uploads\/2025\/04\/Automatic-Transfer-Switch-JGQ3-100S-4-150x150.webp 150w, https:\/\/bright-china.com\/wp-content\/uploads\/2025\/04\/Automatic-Transfer-Switch-JGQ3-100S-4-768x768.webp 768w, https:\/\/bright-china.com\/wp-content\/uploads\/2025\/04\/Automatic-Transfer-Switch-JGQ3-100S-4-12x12.webp 12w, https:\/\/bright-china.com\/wp-content\/uploads\/2025\/04\/Automatic-Transfer-Switch-JGQ3-100S-4-600x600.webp 600w, https:\/\/bright-china.com\/wp-content\/uploads\/2025\/04\/Automatic-Transfer-Switch-JGQ3-100S-4-100x100.webp 100w, https:\/\/bright-china.com\/wp-content\/uploads\/2025\/04\/Automatic-Transfer-Switch-JGQ3-100S-4.webp 800w\" sizes=\"(max-width: 300px) 100vw, 300px\" \/><\/p>\n<p><a href=\"https:\/\/bright-china.com\/product\/ats-jgq3-100\/\">Aautomatischer Umschalter-ATS<\/a> JGQ3-100 (<a href=\"https:\/\/bright-china.com\/en\/ats\/\" title=\"\u67e5\u770b\u66f4\u591a\u5173\u4e8eATS\u7684\u4fe1\u606f\" class=\"seo-keyword-link\" style=\"font-weight: bold; color: inherit; text-decoration: underline; border-bottom: 1px dotted #667eea;\">ATS<\/a>), ist eine Reihe von Schalter und Logik-Steuerung in einem, ohne die Notwendigkeit f\u00fcr eine externe Steuerung, wirklich realisieren die mechanische und elektrische Integration der automatischen Umschalter, ist es geeignet f\u00fcr AC 50Hz, Nennspannung bis 440V, die vereinbarte Heizstrom von 100A in der Industrie und Unternehmen Stromverteilungsanlagen, mit Spannungserkennung, Frequenzerkennung, Kommunikationsschnittstelle, elektrische und mechanische Verriegelung und andere Funktionen, kann vollautomatisch, Fernbedienung, gezwungen \u201c0\u201d, Notfall-Handbetrieb zu erreichen, ist es weit verbreitet in der automatischen Umwandlung des Hauptstroms und der Standby-Stromversorgungssystem oder die automatische Umwandlung und Sicherheitstrennung von zwei Lastger\u00e4ten verwendet.<\/p>\n<p>Das automatische Umschaltger\u00e4t Dual Power ATS wird von der Steuerplatine \u00fcber verschiedene logische Befehle gesteuert, und der Motor treibt den Betriebsmechanismus des Hauptteils des <a href=\"https:\/\/elejg.com\/\">Schalter<\/a>Er schaltet den Stromkreis schnell ab oder wandelt das elektrische Ger\u00e4t um und realisiert die Sicherheitstrennung durch den deutlich sichtbaren Zustand.<\/p>\n<h2>Beschreibung der Schalterstruktur<\/h2>\n<hr \/>\n<p>1. Elektrische Taste: steuern Sie die interne Steuerleitung Stromversorgung des Steuerschalters, und wenn die elektrische Taste automatisch ist, kann der Schalter vollautomatisch und betriebsbereit sein<br \/>\nKontrollieren und erzwingen Sie den \"0\"-Betrieb, wenn die elektrische Taste manuell ist, kann der Schalter nur manuell bedient werden.<br \/>\n2. Bet\u00e4tigen Sie den Griff: Wenn Sie den Handgriff f\u00fcr die manuelle Bedienung verwenden, muss sich der elektrische Knopf in der manuellen Stellung befinden.<br \/>\n3. Mechanismus Vorh\u00e4ngeschloss: speziell f\u00fcr die Wartung, das hei\u00dft, verwenden Sie zuerst den Betriebsgriff, um den Schalter in der \"0\"-Position zu machen, und schlie\u00dfen Sie dann das Vorh\u00e4ngeschloss Mechanismus<br \/>\nVorh\u00e4ngeschloss, kann \u00fcberholt werden (nehmen Sie das Vorh\u00e4ngeschloss, um die interne Steuerleistung des Schalters zu unterbrechen, kann der Schalter nicht automatisch sein, und kann nicht von Hand realisiert werden).<br \/>\nbewegen).<br \/>\n4. Anzeige: zeigt den Betriebszustand des Schalters an (I, O, II)<\/p>\n<h2>Die wichtigsten technischen Parameter<\/h2>\n<hr \/>\n<p>1. Der Schalter ist konform mit: IEC947-6-1, GB14048.11<br \/>\n2. Nennbetriebsspannung (Ue): AC415V<br \/>\n3. Nenneinschaltleistung (A Rms): 10Ie<br \/>\n4. Nennausschaltverm\u00f6gen (A rms): 8Ie<br \/>\n5. Nennheizstrom: 100A<br \/>\n6. Bemessungsisolationsspannung: 750 V<br \/>\n7. Bemessungs-Sto\u00dfspannung: 8kV<br \/>\n8. Nennbetriebsstrom: 100A<br \/>\n9. Nennkurzschlussstrom: 7kA<br \/>\n10. Nennbegrenzungsstrom: 100kA<br \/>\n11. Umrechnungszeit: 1S<\/p>\n<h2>Wie zu verwenden<\/h2>\n<hr \/>\n<p>1. Vollautomatische Funktion: Wenn die \u00fcblicherweise verwendete Stromversorgung ausgeschaltet ist, schaltet der Schalter automatisch auf die Standby-Stromversorgung um; Wenn die Standby-Leistung wieder normal ist,<br \/>\nDer Schalter kehrt automatisch zur Notstromversorgung zur\u00fcck.<br \/>\n2. Erzwungene \"0\"-Funktion: Starten Sie die erzwungene \"0\"-Taste, und der Schalter wird die doppelte Stromversorgung unterbrechen.<br \/>\n3. Fernbedienungsfunktion: das hei\u00dft, Fernbedienung, dr\u00fccken Sie die \"I\"-Taste; dann ist die Stromversorgung allgemein verwendet; Dr\u00fccken Sie die \"II\"-Position<br \/>\nDr\u00fccken Sie die Taste \"0\", um die doppelte Stromversorgung zu unterbrechen.<br \/>\n4. Bitte w\u00e4hlen Sie die Schalterfunktion nach Ihren Bed\u00fcrfnissen aus und verdrahten Sie diese entsprechend der jeweiligen Funktion.<br \/>\n5. Bei der Bestellung geben Sie bitte das Schaltermodell, die aktuelle Spezifikation und die gew\u00fcnschte Funktion an.<\/p>","protected":false},"excerpt":{"rendered":"<p><a href=\"https:\/\/bright-china.com\/dc-circuit-breakers-2\/\">Automatischer \u00dcbertragungsschalter-ATS\u00a0<\/a> JGQ3-100\u00a0 (<a href=\"https:\/\/bright-china.com\/en\/ats\/\" title=\"\u67e5\u770b\u66f4\u591a\u5173\u4e8eATS\u7684\u4fe1\u606f\" class=\"seo-keyword-link\" style=\"font-weight: bold; color: inherit; text-decoration: underline; border-bottom: 1px dotted #667eea;\">ATS<\/a>), is a set of switch and logic control in one, without the need for an external controller, truly realize the mechanical and electrical integration of the automatic transfer switch, it is suitable for AC 50Hz, rated voltage to 440V, the agreed heating current of 100A in the industrial and enterprise power distribution equipment, with voltage detection,<\/p>","protected":false},"featured_media":8744,"template":"","meta":{"_acf_changed":false,"site-sidebar-layout":"default","site-content-layout":"","ast-site-content-layout":"default","site-content-style":"default","site-sidebar-style":"default","ast-global-header-display":"","ast-banner-title-visibility":"","ast-main-header-display":"","ast-hfb-above-header-display":"","ast-hfb-below-header-display":"","ast-hfb-mobile-header-display":"","site-post-title":"","ast-breadcrumbs-content":"","ast-featured-img":"","footer-sml-layout":"","theme-transparent-header-meta":"default","adv-header-id-meta":"","stick-header-meta":"default","header-above-stick-meta":"","header-main-stick-meta":"","header-below-stick-meta":"","astra-migrate-meta-layouts":"set","ast-page-background-enabled":"default","ast-page-background-meta":{"desktop":{"background-color":"","background-image":"","background-repeat":"repeat","background-position":"center center","background-size":"auto","background-attachment":"scroll","background-type":"","background-media":"","overlay-type":"","overlay-color":"","overlay-opacity":"","overlay-gradient":""},"tablet":{"background-color":"","background-image":"","background-repeat":"repeat","background-position":"center center","background-size":"auto","background-attachment":"scroll","background-type":"","background-media":"","overlay-type":"","overlay-color":"","overlay-opacity":"","overlay-gradient":""},"mobile":{"background-color":"","background-image":"","background-repeat":"repeat","background-position":"center center","background-size":"auto","background-attachment":"scroll","background-type":"","background-media":"","overlay-type":"","overlay-color":"","overlay-opacity":"","overlay-gradient":""}},"ast-content-background-meta":{"desktop":{"background-color":"var(--ast-global-color-5)","background-image":"","background-repeat":"repeat","background-position":"center center","background-size":"auto","background-attachment":"scroll","background-type":"","background-media":"","overlay-type":"","overlay-color":"","overlay-opacity":"","overlay-gradient":""},"tablet":{"background-color":"var(--ast-global-color-5)","background-image":"","background-repeat":"repeat","background-position":"center center","background-size":"auto","background-attachment":"scroll","background-type":"","background-media":"","overlay-type":"","overlay-color":"","overlay-opacity":"","overlay-gradient":""},"mobile":{"background-color":"var(--ast-global-color-5)","background-image":"","background-repeat":"repeat","background-position":"center center","background-size":"auto","background-attachment":"scroll","background-type":"","background-media":"","overlay-type":"","overlay-color":"","overlay-opacity":"","overlay-gradient":""}},"_seo_title":"Automatic transfer switch\uff08ATS\uff09JGQ3-100","_seo_keywords":"Automatic transfer switch-ATS\u00a0, Automatic transfer switching equipment, Automatic transfer switch of in china","_seo_description":"Automatic transfer switch-ATS\u00a0 JGQ3-100\u00a0 (ATS), is a set of switch and logic control in one, without the need for an external controller,"},"product_brand":[],"product_cat":[15,100],"product_tag":[101,102,103],"class_list":{"0":"post-4427","1":"product","2":"type-product","3":"status-publish","4":"has-post-thumbnail","6":"product_cat-product","7":"product_cat-ats","8":"product_tag-ats","9":"product_tag-automatic-transfer-switch","10":"product_tag-dual-power-automatic-transfer-switch","11":"desktop-align-center","12":"tablet-align-left","13":"mobile-align-left","14":"ast-product-gallery-layout-horizontal-slider","16":"first","17":"instock","18":"featured","19":"shipping-taxable","20":"purchasable","21":"product-type-simple"},"acf":[],"seo_title":"Automatic transfer switch\uff08ATS\uff09JGQ3-100","seo_keywords":"Automatic transfer switch-ATS\u00a0, Automatic transfer switching equipment, Automatic transfer switch of in china","seo_description":"Automatic transfer switch-ATS\u00a0 JGQ3-100\u00a0 (ATS), is a set of switch and logic control in one, without the need for an external controller,","seo_score":"85","product_seo_keywords":"","_links":{"self":[{"href":"https:\/\/bright-china.com\/de\/wp-json\/wp\/v2\/product\/4427","targetHints":{"allow":["GET"]}}],"collection":[{"href":"https:\/\/bright-china.com\/de\/wp-json\/wp\/v2\/product"}],"about":[{"href":"https:\/\/bright-china.com\/de\/wp-json\/wp\/v2\/types\/product"}],"wp:featuredmedia":[{"embeddable":true,"href":"https:\/\/bright-china.com\/de\/wp-json\/wp\/v2\/media\/8744"}],"wp:attachment":[{"href":"https:\/\/bright-china.com\/de\/wp-json\/wp\/v2\/media?parent=4427"}],"wp:term":[{"taxonomy":"product_brand","embeddable":true,"href":"https:\/\/bright-china.com\/de\/wp-json\/wp\/v2\/product_brand?post=4427"},{"taxonomy":"product_cat","embeddable":true,"href":"https:\/\/bright-china.com\/de\/wp-json\/wp\/v2\/product_cat?post=4427"},{"taxonomy":"product_tag","embeddable":true,"href":"https:\/\/bright-china.com\/de\/wp-json\/wp\/v2\/product_tag?post=4427"}],"curies":[{"name":"wp","href":"https:\/\/api.w.org\/{rel}","templated":true}]}}