{"id":4428,"date":"2025-04-27T02:23:54","date_gmt":"2025-04-27T02:23:54","guid":{"rendered":"https:\/\/bright-china.com\/?post_type=product&#038;p=4428"},"modified":"2026-01-01T17:34:45","modified_gmt":"2026-01-02T00:34:45","slug":"ats-jgq1-63","status":"publish","type":"product","link":"https:\/\/bright-china.com\/de\/produkt\/ats-jgq1-63\/","title":{"rendered":"Automatischer Doppelleistungsumschalter JGQ1-63"},"content":{"rendered":"<h2><strong>Einf\u00fchrung<\/strong><\/h2>\n<hr \/>\n<p><img fetchpriority=\"high\" decoding=\"async\" class=\"alignleft wp-image-8747 size-medium\" src=\"https:\/\/bright-china.com\/wp-content\/uploads\/2025\/04\/Automatic-Transfer-Switch-JGQ1-63-2-300x300.webp\" alt=\"Automatischer \u00dcbertragungsschalter-JGQ1-63\" width=\"300\" height=\"300\" srcset=\"https:\/\/bright-china.com\/wp-content\/uploads\/2025\/04\/Automatic-Transfer-Switch-JGQ1-63-2-300x300.webp 300w, https:\/\/bright-china.com\/wp-content\/uploads\/2025\/04\/Automatic-Transfer-Switch-JGQ1-63-2-150x150.webp 150w, https:\/\/bright-china.com\/wp-content\/uploads\/2025\/04\/Automatic-Transfer-Switch-JGQ1-63-2-768x768.webp 768w, https:\/\/bright-china.com\/wp-content\/uploads\/2025\/04\/Automatic-Transfer-Switch-JGQ1-63-2-12x12.webp 12w, https:\/\/bright-china.com\/wp-content\/uploads\/2025\/04\/Automatic-Transfer-Switch-JGQ1-63-2-600x600.webp 600w, https:\/\/bright-china.com\/wp-content\/uploads\/2025\/04\/Automatic-Transfer-Switch-JGQ1-63-2-100x100.webp 100w, https:\/\/bright-china.com\/wp-content\/uploads\/2025\/04\/Automatic-Transfer-Switch-JGQ1-63-2.webp 800w\" sizes=\"(max-width: 300px) 100vw, 300px\" \/><\/p>\n<p>Baureihe JGQ1 <a href=\"https:\/\/bright-china.com\/dc-circuit-breakers-2\/\">Automatischer Doppelleistungsumschalter<\/a> (im Folgenden als Umschalter bezeichnet) ist f\u00fcr Wechselstrom 50Hz oder 60Hz, Nennbetriebsspannung 400V, unter dem Zweikreis-Stromversorgungssystem geeignet. Eine selektive Umschaltung zwischen den beiden Stromversorgungen kann je nach Bedarf vorgenommen werden. Das Produkt hat die Funktionen von Kurzschluss, \u00dcberlast, Unterspannung und Spannungsverlust, und hat auch die Funktionen von Feuer <a href=\"https:\/\/elejg.com\/\">Schutz<\/a>, Doppelteilung und Ausgang Schlie\u00dfsignal.<br \/>\nSie eignet sich besonders f\u00fcr die Installation und den Einsatz von Beleuchtungsleitungen in B\u00fcrogeb\u00e4uden, Einkaufszentren, Banken, Bahnh\u00f6fen, Krankenh\u00e4usern und Hochh\u00e4usern, die Brandschutzanforderungen stellen.<br \/>\nDas Produkt entspricht den Normen GB\/T14048, 11.<\/p>\n<h2>Normale Arbeitsbedingungen<\/h2>\n<hr \/>\n<p>3.1 Die Obergrenze der Umgebungstemperatur darf +40 \u00b0C nicht \u00fcberschreiten, die Untergrenze darf nicht \u00fcber \u00b0C liegen.<\/p>\n<p>Der Durchschnittswert f\u00fcr 24 Stunden \u00fcbersteigt nicht +35\u00b0C.<\/p>\n<p>3.2 Die H\u00f6he des Aufstellungsortes darf 2000 m nicht \u00fcberschreiten.<\/p>\n<p>3.3 Die relative Luftfeuchtigkeit \u00fcbersteigt nicht 50% bei einer Umgebungstemperatur von +40\u00b0C, und bei niedrigeren Temperaturen kann die Luftfeuchtigkeit h\u00f6her sein. Wenn die durchschnittliche monatliche Mindesttemperatur des feuchtesten Monats +25\u00b0C betr\u00e4gt, liegt die durchschnittliche maximale relative Luftfeuchtigkeit bei 90%, wobei folgende Faktoren zu ber\u00fccksichtigen sind<\/p>\n<p>Wenn es an der Oberfl\u00e4che des Produkts zu Feuchtigkeitsschwankungen kommt, die zur Kondensation f\u00fchren, sollten besondere Ma\u00dfnahmen ergriffen werden.<\/p>\n<p>3.4 Der Verschmutzungsgrad ist Klasse III.<\/p>\n<p>3.5 Es gibt keine starken Vibrationen und St\u00f6\u00dfe am Einsatzort, keine Korrosion und Besch\u00e4digung der Isolierung, keine sch\u00e4dlichen Gase, keinen schweren Staub, keine leitenden Partikel und keine explosiven gef\u00e4hrlichen Stoffe,<\/p>\n<p>Keine starken elektromagnetischen St\u00f6rungen\u3002<\/p>\n<h2>Merkmale des automatischen Umschalters Dual Power<\/h2>\n<hr \/>\n<p>4.1 TheDual Power Automatic Transfer Switch der Struktur ist vern\u00fcnftig, die Gr\u00f6\u00dfe ist minimal, das Aussehen ist sch\u00f6n, mit einer Schutzabdeckung ausgestattet, und die Stromversorgung ist mehr sicher und zuverl\u00e4ssig.<\/p>\n<p>4.2 Die Erweiterungsfunktion ist vollst\u00e4ndig, mit Kurzschluss-, \u00dcberlast-, Phasenausfall-, Unterspannungs- und anderem Schutz.<\/p>\n<p>4.3 Mit der EPS-Feuerstromschnittstelle kann DC12~24V zuverl\u00e4ssig und \u00fcber weite Strecken doppelt geteilt werden.<\/p>\n<p>4.4 Ger\u00e4uschloser Betrieb, Energieeinsparung und Verbrauchsreduzierung, einfache Installation, einfache Bedienung, zuverl\u00e4ssige und stabile Leistung.<\/p>\n<h2>Leistung des automatischen Doppelleistungsumschalters<\/h2>\n<hr \/>\n<p>5.1 Der Umschalter besteht aus zwei Miniatur-Leistungsschaltern und Motoren und mechanischen Drehvorrichtungen, die in einem Ger\u00e4t kombiniert sind, und erkennt die beiden Stromversorgungen durch den Controller, wenn der Stromkreis anormal ist, macht der Controller ein logisches Urteil \u00fcber die Erkennungsergebnisse, entsprechend den Anweisungen des Controllers<\/p>\n<p>Antrieb des Antriebsmechanismus zum \u00d6ffnen oder Schlie\u00dfen, um die sichere und zuverl\u00e4ssige Stromversorgung der Last zu gew\u00e4hrleisten.<\/p>\n<p>5.2 Schalten und Trennen von Verbindungen<\/p>\n<p>5.3 Bemessungskurzschlussausschaltverm\u00f6gen: 3kA<\/p>\n<p>5.4 Bemessungskurzschlusseinschaltverm\u00f6gen: 3kA<\/p>\n<p>5.5 Umrechnungszeit: \u22643s<\/p>\n<p>5.6 Die Steuerspannung des Umschalters betr\u00e4gt AC230V<\/p>\n<p>5.7 Die mechanische Lebensdauer des Netzumschaltger\u00e4ts (gemeinsame und Standby-Umschaltung) betr\u00e4gt 3000 Mal,<\/p>\n<p>Die elektrische Lebensdauer betr\u00e4gt 1500 Mal<\/p>\n<p>5.8 Bemessungsisolationsspannung: U=500V<\/p>\n<p>5.9 Nennbetriebsstrom: 10A, 16A, 20A, 25A, 32A, 40A, 63A.<\/p>\n<p>5.10 Im Allgemeinen hat der Umschalter die Funktion der Selbstausl\u00f6sung und Selbstwiederherstellung und das Prinzip der Priorit\u00e4t der gemeinsamen Stromversorgung. Wenn ein spezieller Anlass einen selbststartenden, nicht wiederherstellenden Umschalter erfordert, verhandelt der Benutzer mit dem Hersteller, um ihn anzupassen.<\/p>\n<h2>Betrieb und Installation<\/h2>\n<hr \/>\n<p>6.1 Wenn der Leistungsschalter 3-polig ist, muss der Nullleiter an die Nullleiterklemme des Umschalters angeschlossen werden (der \u00fcblicherweise verwendete Nullleiter und der Ersatz-Nullleiter in Abbildung<\/p>\n<p>6.2 sind mit den Klemmen 2# bzw. 4# verbunden).<\/p>\n<p>6.1 Schaltplan f\u00fcr den Hauptstromkreis<\/p>\n<p>6.2 Schaltplan f\u00fcr die Einschaltanzeige der externen Stromversorgung und f\u00fcr die Brandstromversorgung<\/p>\n<p>6.3 Wenn der Umschalter manuell bedient werden muss, sollte der Knopfschalter beim Typ JGQ1-63 zuerst in die manuelle Position gebracht werden, und dann kann der Griff f\u00fcr die gemeinsame oder Standby-Umschaltung gedreht werden, wenn es sich um den Typ JGQ1-63 handelt, dr\u00fccken Sie die manuelle\/automatische Taste, und wenn die manuelle Kontrollleuchte leuchtet, kann die gemeinsame oder Standby-Umschaltung durchgef\u00fchrt werden. Stellen Sie den Steuermodus in die automatische Position, und der Umschalter geht in den automatischen Betriebszustand \u00fcber; und die gemeinsame Stromversorgung hat Vorrang.<\/p>\n<p>6.4 Wenn der Umschalter gem\u00e4\u00df dem Schaltplan an die Leitung angeschlossen ist, leuchtet nach dem normalen Einschalten des Stroms, wenn die gemeinsame Stromversorgung und die Notstromversorgung alle normal sind, die Kontrollleuchte (rot) der gemeinsamen Stromversorgung oder der Notstromversorgung auf, und der Umschalter funktioniert normal.<\/p>","protected":false},"excerpt":{"rendered":"<p>Baureihe JGQ1 <a href=\"https:\/\/bright-china.com\/dc-circuit-breakers-2\/\">Automatischer Doppelleistungsumschalter<\/a> (im Folgenden als Umschalter bezeichnet) ist f\u00fcr Wechselstrom 50Hz oder 60Hz, Nennbetriebsspannung 400V, unter dem Zweikreis-Stromversorgungssystem geeignet. Eine selektive Umschaltung zwischen den beiden Stromversorgungen kann je nach Bedarf vorgenommen werden. Das Produkt hat die Funktionen von Kurzschluss, \u00dcberlast, Unterspannung und Spannungsverlust, und hat auch die Funktionen des Brandschutzes, Doppel-Teilung und Ausgang Schlie\u00dfsignal.<\/p>\n<p>Es eignet sich besonders f\u00fcr die Installation und den Einsatz von Beleuchtungsleitungen in B\u00fcrogeb\u00e4uden, Einkaufszentren, Banken, Bahnh\u00f6fen, Krankenh\u00e4usern und Hochh\u00e4usern mit Brandschutzanforderungen und entspricht der Norm GB\/T14048, 11.<\/p>","protected":false},"featured_media":8747,"template":"","meta":{"_acf_changed":false,"site-sidebar-layout":"default","site-content-layout":"","ast-site-content-layout":"default","site-content-style":"default","site-sidebar-style":"default","ast-global-header-display":"","ast-banner-title-visibility":"","ast-main-header-display":"","ast-hfb-above-header-display":"","ast-hfb-below-header-display":"","ast-hfb-mobile-header-display":"","site-post-title":"","ast-breadcrumbs-content":"","ast-featured-img":"","footer-sml-layout":"","theme-transparent-header-meta":"default","adv-header-id-meta":"","stick-header-meta":"default","header-above-stick-meta":"","header-main-stick-meta":"","header-below-stick-meta":"","astra-migrate-meta-layouts":"set","ast-page-background-enabled":"default","ast-page-background-meta":{"desktop":{"background-color":"","background-image":"","background-repeat":"repeat","background-position":"center center","background-size":"auto","background-attachment":"scroll","background-type":"","background-media":"","overlay-type":"","overlay-color":"","overlay-opacity":"","overlay-gradient":""},"tablet":{"background-color":"","background-image":"","background-repeat":"repeat","background-position":"center center","background-size":"auto","background-attachment":"scroll","background-type":"","background-media":"","overlay-type":"","overlay-color":"","overlay-opacity":"","overlay-gradient":""},"mobile":{"background-color":"","background-image":"","background-repeat":"repeat","background-position":"center center","background-size":"auto","background-attachment":"scroll","background-type":"","background-media":"","overlay-type":"","overlay-color":"","overlay-opacity":"","overlay-gradient":""}},"ast-content-background-meta":{"desktop":{"background-color":"var(--ast-global-color-5)","background-image":"","background-repeat":"repeat","background-position":"center center","background-size":"auto","background-attachment":"scroll","background-type":"","background-media":"","overlay-type":"","overlay-color":"","overlay-opacity":"","overlay-gradient":""},"tablet":{"background-color":"var(--ast-global-color-5)","background-image":"","background-repeat":"repeat","background-position":"center center","background-size":"auto","background-attachment":"scroll","background-type":"","background-media":"","overlay-type":"","overlay-color":"","overlay-opacity":"","overlay-gradient":""},"mobile":{"background-color":"var(--ast-global-color-5)","background-image":"","background-repeat":"repeat","background-position":"center center","background-size":"auto","background-attachment":"scroll","background-type":"","background-media":"","overlay-type":"","overlay-color":"","overlay-opacity":"","overlay-gradient":""}},"_seo_title":"Dual Power Automatic Transfer Switch JGQ1-63","_seo_keywords":"Dual Power Automatic Transfer Switch, Automatic Transfer Switch, ATS","_seo_description":"JGQ1 series Dual Power Automatic Transfer Switch (hereinafter referred to as the transfer switch) is suitable for AC 50Hz or 60Hz, rated working voltage 400V, below the double circuit power..."},"product_brand":[],"product_cat":[15,100],"product_tag":[101,102,103],"class_list":{"0":"post-4428","1":"product","2":"type-product","3":"status-publish","4":"has-post-thumbnail","6":"product_cat-product","7":"product_cat-ats","8":"product_tag-ats","9":"product_tag-automatic-transfer-switch","10":"product_tag-dual-power-automatic-transfer-switch","11":"desktop-align-center","12":"tablet-align-left","13":"mobile-align-left","14":"ast-product-gallery-layout-horizontal-slider","16":"first","17":"instock","18":"sale","19":"featured","20":"shipping-taxable","21":"purchasable","22":"product-type-simple"},"acf":[],"seo_title":"Dual Power Automatic Transfer Switch JGQ1-63","seo_keywords":"Dual Power Automatic Transfer Switch, Automatic Transfer Switch, ATS","seo_description":"JGQ1 series Dual Power Automatic Transfer Switch (hereinafter referred to as the transfer switch) is suitable for AC 50Hz or 60Hz, rated working voltage 400V, below the double circuit power...","seo_score":"85","product_seo_keywords":"","_links":{"self":[{"href":"https:\/\/bright-china.com\/de\/wp-json\/wp\/v2\/product\/4428","targetHints":{"allow":["GET"]}}],"collection":[{"href":"https:\/\/bright-china.com\/de\/wp-json\/wp\/v2\/product"}],"about":[{"href":"https:\/\/bright-china.com\/de\/wp-json\/wp\/v2\/types\/product"}],"wp:featuredmedia":[{"embeddable":true,"href":"https:\/\/bright-china.com\/de\/wp-json\/wp\/v2\/media\/8747"}],"wp:attachment":[{"href":"https:\/\/bright-china.com\/de\/wp-json\/wp\/v2\/media?parent=4428"}],"wp:term":[{"taxonomy":"product_brand","embeddable":true,"href":"https:\/\/bright-china.com\/de\/wp-json\/wp\/v2\/product_brand?post=4428"},{"taxonomy":"product_cat","embeddable":true,"href":"https:\/\/bright-china.com\/de\/wp-json\/wp\/v2\/product_cat?post=4428"},{"taxonomy":"product_tag","embeddable":true,"href":"https:\/\/bright-china.com\/de\/wp-json\/wp\/v2\/product_tag?post=4428"}],"curies":[{"name":"wp","href":"https:\/\/api.w.org\/{rel}","templated":true}]}}