{"id":4429,"date":"2025-04-27T02:23:54","date_gmt":"2025-04-27T02:23:54","guid":{"rendered":"https:\/\/bright-china.com\/?post_type=product&#038;p=4429"},"modified":"2026-01-04T03:41:32","modified_gmt":"2026-01-04T10:41:32","slug":"spannungswachter-jggq-100s","status":"publish","type":"product","link":"https:\/\/bright-china.com\/de\/produkt\/spannungswachter-jggq-100s\/","title":{"rendered":"3-phasiger, 4-adriger, selbst r\u00fccksetzbarer \u00dcber- und Unterspannungsschutz JGGQ-100S"},"content":{"rendered":"<h2><strong>Einf\u00fchrung<\/strong><\/h2>\n<hr \/>\n<p><a style=\"font-size: 16px; background-color: #ffffff;\" href=\"https:\/\/bright-china.com\"><strong>3-phasiger, 4-adriger, selbst r\u00fccksetzbarer \u00dcber- und Unterspannungsschutz\u00a0 \u00a0<\/strong><\/a><span style=\"font-size: 16px;\">Wenn die Stromversorgungsleitung \u00dcber- und Unterspannung aufweist, kann der Schutzschalter den Stromkreis unter der st\u00e4ndigen Einwirkung von Hochspannung schnell und sicher unterbrechen, um das Auftreten von Unf\u00e4llen zu vermeiden, die durch die an die elektrischen Endger\u00e4te gesendete anormale Spannung verursacht werden, und wenn die Spannung zu normalen Werten zur\u00fcckkehrt, schaltet der Schutzschalter den Stromkreis innerhalb der festgelegten Zeit automatisch ein, um den normalen Betrieb der elektrischen Endger\u00e4te in der unbeaufsichtigten Situation zu gew\u00e4hrleisten.<\/span><\/p>\n<h2><strong>Zweitens, die wichtigsten technischen Parameter<\/strong><\/h2>\n<hr \/>\n<p>1. Nennstrom: 32A, 40A, 50A, 63A, 80A, 100A<\/p>\n<p>2. Betriebsspannung: AC230V (Arbeitsmodus Phase-Leitung-Neutralleiter)<\/p>\n<p>3. \u00dcberspannungsschutzwert: AC270V \u00b15V<\/p>\n<p>4. Unterspannungsschutzwert: AC170V \u00b15V<\/p>\n<p>5. R\u00fcckstellzeit nach Ausfall: 40 Sekunden \u00b15 Sekunden<\/p>\n<p>6. Aktionszeit: 0,1 Sekunden<\/p>\n<p>7. Die Produkte haben haupts\u00e4chlich die Funktionen des Phasenverlustschutzes und des fehlenden Nullleitungsschutzes, <a href=\"https:\/\/elejg.com\/?product\/\">\u00dcberspannung<\/a> Schutz, Unterspannungsschutz und so weiter<\/p>\n<h2><strong>Die Umsetzung von Normen<\/strong><\/h2>\n<hr \/>\n<p>JGJ242-2011 Code f\u00fcr die elektrische Planung von Wohngeb\u00e4uden<\/p>\n<p>JGJ\/T16-2008<\/p>\n<p>GJBT-672 Standardatlas f\u00fcr die elektrische Planung und Konstruktion von Wohngeb\u00e4uden<\/p>\n<p>GB\/T68895.10-2001<\/p>\n<p>Erf\u00fcllt die Sicherheitsstandards f\u00fcr Elektroger\u00e4te der Klasse III<\/p>\n<p>JB\/T12762-2015 \u300a<strong>Selbst r\u00fccksetzbarer \u00dcber-\/Unterspannungsschutz<\/strong>\uff08<strong>OUPA<\/strong>)\u300b<\/p>\n<h2><strong>Die Gesamtabmessungen<\/strong><\/h2>\n<hr \/>\n<p><img fetchpriority=\"high\" decoding=\"async\" class=\"alignnone size-full wp-image-8881\" src=\"https:\/\/bright-china.com\/wp-content\/uploads\/2025\/04\/3-phase-4-wire-self-resettable-over-and-undervoltage-protector-JGGQ-100S-5.webp\" alt=\"3-phasiger, 4-adriger, selbst r\u00fccksetzbarer \u00dcber- und Unterspannungsschutz JGGQ-100S-5\" width=\"1200\" height=\"519\" srcset=\"https:\/\/bright-china.com\/wp-content\/uploads\/2025\/04\/3-phase-4-wire-self-resettable-over-and-undervoltage-protector-JGGQ-100S-5.webp 1200w, https:\/\/bright-china.com\/wp-content\/uploads\/2025\/04\/3-phase-4-wire-self-resettable-over-and-undervoltage-protector-JGGQ-100S-5-300x130.webp 300w, https:\/\/bright-china.com\/wp-content\/uploads\/2025\/04\/3-phase-4-wire-self-resettable-over-and-undervoltage-protector-JGGQ-100S-5-1024x443.webp 1024w, https:\/\/bright-china.com\/wp-content\/uploads\/2025\/04\/3-phase-4-wire-self-resettable-over-and-undervoltage-protector-JGGQ-100S-5-768x332.webp 768w, https:\/\/bright-china.com\/wp-content\/uploads\/2025\/04\/3-phase-4-wire-self-resettable-over-and-undervoltage-protector-JGGQ-100S-5-18x8.webp 18w, https:\/\/bright-china.com\/wp-content\/uploads\/2025\/04\/3-phase-4-wire-self-resettable-over-and-undervoltage-protector-JGGQ-100S-5-600x260.webp 600w\" sizes=\"(max-width: 1200px) 100vw, 1200px\" \/><\/p>","protected":false},"excerpt":{"rendered":"<p><a href=\"https:\/\/bright-china.com\"><strong>3-phasiger, 4-adriger, selbst r\u00fccksetzbarer \u00dcber- und Unterspannungsschutz\u00a0 <\/strong><\/a>nimmt High-Speed-Mikro-Low-Power-Prozessor als das Herzst\u00fcck des Steuerkreises, magnetische Verriegelungsrelais als die wichtigste Schaltung, und modularisierte Standard-Design, wenn die Stromversorgungsleitung hat \u00dcberspannung und Unterspannung, kann der Schutz schnell und sicher schneiden Sie die Schaltung unter den kontinuierlichen Hochspannung Auswirkungen, Wenn die Spannung zu normalen Werten zur\u00fcckkehrt, schaltet der Schutzschalter den Stromkreis innerhalb der festgelegten Zeit automatisch wieder ein, um den normalen Betrieb der elektrischen Endger\u00e4te zu gew\u00e4hrleisten, wenn diese unbeaufsichtigt sind.<\/p>","protected":false},"featured_media":8783,"template":"","meta":{"_acf_changed":false,"site-sidebar-layout":"default","site-content-layout":"","ast-site-content-layout":"default","site-content-style":"default","site-sidebar-style":"default","ast-global-header-display":"","ast-banner-title-visibility":"","ast-main-header-display":"","ast-hfb-above-header-display":"","ast-hfb-below-header-display":"","ast-hfb-mobile-header-display":"","site-post-title":"","ast-breadcrumbs-content":"","ast-featured-img":"","footer-sml-layout":"","theme-transparent-header-meta":"default","adv-header-id-meta":"","stick-header-meta":"default","header-above-stick-meta":"","header-main-stick-meta":"","header-below-stick-meta":"","astra-migrate-meta-layouts":"set","ast-page-background-enabled":"default","ast-page-background-meta":{"desktop":{"background-color":"","background-image":"","background-repeat":"repeat","background-position":"center center","background-size":"auto","background-attachment":"scroll","background-type":"","background-media":"","overlay-type":"","overlay-color":"","overlay-opacity":"","overlay-gradient":""},"tablet":{"background-color":"","background-image":"","background-repeat":"repeat","background-position":"center center","background-size":"auto","background-attachment":"scroll","background-type":"","background-media":"","overlay-type":"","overlay-color":"","overlay-opacity":"","overlay-gradient":""},"mobile":{"background-color":"","background-image":"","background-repeat":"repeat","background-position":"center center","background-size":"auto","background-attachment":"scroll","background-type":"","background-media":"","overlay-type":"","overlay-color":"","overlay-opacity":"","overlay-gradient":""}},"ast-content-background-meta":{"desktop":{"background-color":"var(--ast-global-color-5)","background-image":"","background-repeat":"repeat","background-position":"center center","background-size":"auto","background-attachment":"scroll","background-type":"","background-media":"","overlay-type":"","overlay-color":"","overlay-opacity":"","overlay-gradient":""},"tablet":{"background-color":"var(--ast-global-color-5)","background-image":"","background-repeat":"repeat","background-position":"center center","background-size":"auto","background-attachment":"scroll","background-type":"","background-media":"","overlay-type":"","overlay-color":"","overlay-opacity":"","overlay-gradient":""},"mobile":{"background-color":"var(--ast-global-color-5)","background-image":"","background-repeat":"repeat","background-position":"center center","background-size":"auto","background-attachment":"scroll","background-type":"","background-media":"","overlay-type":"","overlay-color":"","overlay-opacity":"","overlay-gradient":""}},"_seo_title":"3 phase 4 wire self resettable over\/under voltage protector","_seo_keywords":"3 phase 4 wire self resettable over\/under voltage protector, 3 phase voltage protector, voltage protector setting","_seo_description":"3 phase 4 wire self resettable over and under voltage protector\u00a0 adopts high-speed micro-low-power processor as the core of the control circuit, magnetic latching relay as the main circuit, and..."},"product_brand":[],"product_cat":[15,65],"product_tag":[112,113,93],"class_list":{"0":"post-4429","1":"product","2":"type-product","3":"status-publish","4":"has-post-thumbnail","6":"product_cat-product","7":"product_cat-current-and-voltage-protector","8":"product_tag-over-undervoltage-protector","9":"product_tag-three-phase-four-wire-self-resettable-over-undervoltage-protector","10":"product_tag-voltage-protector","11":"desktop-align-center","12":"tablet-align-left","13":"mobile-align-left","14":"ast-product-gallery-layout-horizontal-slider","16":"first","17":"instock","18":"featured","19":"shipping-taxable","20":"product-type-simple"},"acf":[],"seo_title":"3 phase 4 wire self resettable over\/under voltage protector","seo_keywords":"3 phase 4 wire self resettable over\/under voltage protector, 3 phase voltage protector, voltage protector setting","seo_description":"3 phase 4 wire self resettable over and under voltage protector\u00a0 adopts high-speed micro-low-power processor as the core of the control circuit, magnetic latching relay as the main circuit, and...","seo_score":"75","product_seo_keywords":"","_links":{"self":[{"href":"https:\/\/bright-china.com\/de\/wp-json\/wp\/v2\/product\/4429","targetHints":{"allow":["GET"]}}],"collection":[{"href":"https:\/\/bright-china.com\/de\/wp-json\/wp\/v2\/product"}],"about":[{"href":"https:\/\/bright-china.com\/de\/wp-json\/wp\/v2\/types\/product"}],"wp:featuredmedia":[{"embeddable":true,"href":"https:\/\/bright-china.com\/de\/wp-json\/wp\/v2\/media\/8783"}],"wp:attachment":[{"href":"https:\/\/bright-china.com\/de\/wp-json\/wp\/v2\/media?parent=4429"}],"wp:term":[{"taxonomy":"product_brand","embeddable":true,"href":"https:\/\/bright-china.com\/de\/wp-json\/wp\/v2\/product_brand?post=4429"},{"taxonomy":"product_cat","embeddable":true,"href":"https:\/\/bright-china.com\/de\/wp-json\/wp\/v2\/product_cat?post=4429"},{"taxonomy":"product_tag","embeddable":true,"href":"https:\/\/bright-china.com\/de\/wp-json\/wp\/v2\/product_tag?post=4429"}],"curies":[{"name":"wp","href":"https:\/\/api.w.org\/{rel}","templated":true}]}}