{"id":4430,"date":"2025-04-27T02:23:54","date_gmt":"2025-04-27T02:23:54","guid":{"rendered":"https:\/\/bright-china.com\/?post_type=product&#038;p=4430"},"modified":"2025-12-31T03:45:54","modified_gmt":"2025-12-31T10:45:54","slug":"jgkb-45","status":"publish","type":"product","link":"https:\/\/bright-china.com\/de\/produkt\/jgkb-45\/","title":{"rendered":"Steuerung und Schutzschaltung JGKB-45"},"content":{"rendered":"<h2><strong>Einf\u00fchrung<\/strong><\/h2>\n<hr \/>\n<p><span style=\"font-size: 16px;\">\u00a0 \u00a0 Die <\/span><a style=\"font-size: 16px; background-color: #ffffff;\" href=\"https:\/\/bright-china.com\/motor-protector\/\">Steuerung und Schutzschaltung,Motorschutzschalter <\/a><span style=\"font-size: 16px;\">hat ein sch\u00f6nes Design, und das Produkt verf\u00fcgt \u00fcber Funktionen wie \u00dcberspannung, Unterspannung, \u00dcberlast, Kurzschluss, blockierter Rotor, dreiphasiges Ungleichgewicht, \u00dcbertemperatur, Leckage, Kommunikation, etc. Das Software-Design ist benutzerfreundlich, mit direkter dreireihiger Anzeige, und die Produktfunktionen sind leicht zu erweitern. Derzeit ist es die umfassendste Kontrolle und Schutzschalter in der Schutzfunktion der elektrischen <\/span><a style=\"font-size: 16px; background-color: #ffffff;\" href=\"https:\/\/elejg.com\/\">Besch\u00fctzer<\/a><span style=\"font-size: 16px;\">.<\/span><\/p>\n<h2><strong>\u00a0Produktmerkmale<\/strong><\/h2>\n<hr \/>\n<p>1. Funktionserweiterung: Temperatur- und Leckageschutz, sofern externes Zubeh\u00f6r angeschlossen ist, k\u00f6nnen die gew\u00fcnschten Schutzfunktionen hinzugef\u00fcgt werden<\/p>\n<p>2. Drei Zeilen digitale R\u00f6hrenanzeige, Echtzeit-Spannung, Strom, Leckage und Temperatur-Parameter Anzeige intuitiv<\/p>\n<p>3. Breiter einstellbarer Bereich des Schutzstroms:<\/p>\n<table style=\"height: 371px; width: 100%; border-color: #969696;\" width=\"100%\">\n<tbody>\n<tr style=\"height: 53px;\">\n<td style=\"height: 53px; background-color: #060a30;\" width=\"212\"><span style=\"color: #ffffff;\">Typ<\/span><\/td>\n<td style=\"height: 53px; background-color: #060a30;\" width=\"119\"><span style=\"color: #ffffff;\">JGKB-45<\/span><\/td>\n<\/tr>\n<tr style=\"height: 53px;\">\n<td style=\"height: 53px;\">Aktueller Einstellbereich<\/td>\n<td style=\"height: 53px;\">1~10A\uff0c2~45A<\/td>\n<\/tr>\n<tr style=\"height: 53px;\">\n<td style=\"height: 53px; background-color: #dedede;\">Einstellbereich der \u00dcberspannung<\/td>\n<td style=\"height: 53px; background-color: #dedede;\">AC265V(210~300V)<\/td>\n<\/tr>\n<tr style=\"height: 53px;\">\n<td style=\"height: 53px;\">Bereich der Unterspannungseinstellung<\/td>\n<td style=\"height: 53px;\">AC170V(80~200V)<\/td>\n<\/tr>\n<tr style=\"height: 53px;\">\n<td style=\"height: 53px; background-color: #dedede;\">Ableitstrom-Einstellbereich<\/td>\n<td style=\"height: 53px; background-color: #dedede;\">20mA(5~300mA)<\/td>\n<\/tr>\n<tr style=\"height: 53px;\">\n<td style=\"height: 53px;\">Temperatur-Einstellbereich<\/td>\n<td style=\"height: 53px;\">70\u2103\uff081-150\u2103\uff09<\/td>\n<\/tr>\n<tr style=\"height: 53px;\">\n<td style=\"height: 53px; background-color: #dedede;\">\u00dcbereinstimmung mit<\/td>\n<td style=\"height: 53px; background-color: #dedede;\">IEC 60947-6-2<\/td>\n<\/tr>\n<\/tbody>\n<\/table>\n<p>4. Anpassbare 485-Kommunikationsfunktion<\/p>\n<p>5. Passwortfunktion, um unn\u00f6tigen Kundendienst zu verhindern, der durch eine falsche Einstellung des Produkts durch Unbefugte vor Ort verursacht wird<\/p>\n<p>6. Werks-Wiederherstellungsfunktion hinzugef\u00fcgt, die bei Vor-Ort-Einstellungsfehlern die Wiederherstellung des urspr\u00fcnglichen Programmzustands mit einem Klick erm\u00f6glicht<\/p>\n<p>3\u3001 Technische Parameter<\/p>\n<p>1. Spannungserfassungsbereich: AC100~300V, Genauigkeit Ebene: 1,0 Ebene.<\/p>\n<p>2. Stromerfassungsbereich: 45 Typ, 1-45A, Genauigkeitsstufe: 1,0 Stufe.<\/p>\n<p>Typ 125, 32-125A, Genauigkeitsgrad: 1,0<\/p>\n<p>3. Leckstrom-Erfassungsbereich: 5-300mA, Genauigkeitsgrad: 2,5.<\/p>\n<p>4. Temperaturerfassungsbereich: -50~160 \u2103, Genauigkeitsstufe: 2,0.<\/p>\n<p>3. Produkt Leistungsaufnahme: \u2264 6W.<\/p>\n<p>4. Ultimatives Ausschaltverm\u00f6gen: 7000A.<\/p>\n<p>5. Mechanische Lebensdauer \u2265 1 Million Mal, elektrische Lebensdauer 200000 Mal.<\/p>\n<p>6. Das RS485-Kommunikationsprotokoll ist im RS485-Kommunikationshandbuch V2.0 f\u00fcr Leistungsmessger\u00e4te und Schutzger\u00e4te beschrieben.<\/p>","protected":false},"excerpt":{"rendered":"<p>Die <a href=\"https:\/\/bright-china.com\/motor-protector\/\">Steuerung und Schutzschaltung,Motorschutzschalter<\/a> hat ein sch\u00f6nes Design, und das Produkt verf\u00fcgt \u00fcber Funktionen wie \u00dcberspannung, Unterspannung, \u00dcberlast, Kurzschluss, blockierter Rotor, dreiphasiges Ungleichgewicht, \u00dcbertemperatur, Leckage, Kommunikation, etc. Das Software-Design ist benutzerfreundlich, mit direkter dreireihiger Anzeige, und die Funktionen des Produkts sind einfach zu erweitern. Derzeit,<\/p>","protected":false},"featured_media":8773,"template":"","meta":{"_acf_changed":false,"site-sidebar-layout":"default","site-content-layout":"","ast-site-content-layout":"default","site-content-style":"default","site-sidebar-style":"default","ast-global-header-display":"","ast-banner-title-visibility":"","ast-main-header-display":"","ast-hfb-above-header-display":"","ast-hfb-below-header-display":"","ast-hfb-mobile-header-display":"","site-post-title":"","ast-breadcrumbs-content":"","ast-featured-img":"","footer-sml-layout":"","theme-transparent-header-meta":"default","adv-header-id-meta":"","stick-header-meta":"default","header-above-stick-meta":"","header-main-stick-meta":"","header-below-stick-meta":"","astra-migrate-meta-layouts":"set","ast-page-background-enabled":"default","ast-page-background-meta":{"desktop":{"background-color":"","background-image":"","background-repeat":"repeat","background-position":"center center","background-size":"auto","background-attachment":"scroll","background-type":"","background-media":"","overlay-type":"","overlay-color":"","overlay-opacity":"","overlay-gradient":""},"tablet":{"background-color":"","background-image":"","background-repeat":"repeat","background-position":"center center","background-size":"auto","background-attachment":"scroll","background-type":"","background-media":"","overlay-type":"","overlay-color":"","overlay-opacity":"","overlay-gradient":""},"mobile":{"background-color":"","background-image":"","background-repeat":"repeat","background-position":"center center","background-size":"auto","background-attachment":"scroll","background-type":"","background-media":"","overlay-type":"","overlay-color":"","overlay-opacity":"","overlay-gradient":""}},"ast-content-background-meta":{"desktop":{"background-color":"var(--ast-global-color-5)","background-image":"","background-repeat":"repeat","background-position":"center center","background-size":"auto","background-attachment":"scroll","background-type":"","background-media":"","overlay-type":"","overlay-color":"","overlay-opacity":"","overlay-gradient":""},"tablet":{"background-color":"var(--ast-global-color-5)","background-image":"","background-repeat":"repeat","background-position":"center center","background-size":"auto","background-attachment":"scroll","background-type":"","background-media":"","overlay-type":"","overlay-color":"","overlay-opacity":"","overlay-gradient":""},"mobile":{"background-color":"var(--ast-global-color-5)","background-image":"","background-repeat":"repeat","background-position":"center center","background-size":"auto","background-attachment":"scroll","background-type":"","background-media":"","overlay-type":"","overlay-color":"","overlay-opacity":"","overlay-gradient":""}},"_seo_title":"Control and protective switching\u3000JGKB-45","_seo_keywords":"Control and protective switching, motor protector circuit breaker, Motor Protector, Motor Protect Circuit Breaker","_seo_description":"The Control and protective switching,Motor Protector has a beautiful appearance design, and the product has functions such as overvoltage, undervoltage, overload, short circuit, locked rotor, three-phase imbalance, over temperature, leakage,..."},"product_brand":[],"product_cat":[15,63,57],"product_tag":[138,139,109,110,111],"class_list":{"0":"post-4430","1":"product","2":"type-product","3":"status-publish","4":"has-post-thumbnail","6":"product_cat-product","7":"product_cat-motor-protector","8":"product_cat-smart-protector","9":"product_tag-control-and-protective-switching","10":"product_tag-cps","11":"product_tag-motor-protector","12":"product_tag-motor-protector-switch","13":"product_tag-thermal-protector-for-motor","14":"desktop-align-center","15":"tablet-align-left","16":"mobile-align-left","17":"ast-product-gallery-layout-horizontal-slider","19":"first","20":"instock","21":"sale","22":"featured","23":"shipping-taxable","24":"purchasable","25":"product-type-simple"},"acf":[],"seo_title":"Control and protective switching\u3000JGKB-45","seo_keywords":"Control and protective switching, motor protector circuit breaker, Motor Protector, Motor Protect Circuit Breaker","seo_description":"The Control and protective switching,Motor Protector has a beautiful appearance design, and the product has functions such as overvoltage, undervoltage, overload, short circuit, locked rotor, three-phase imbalance, over temperature, leakage,...","seo_score":"85","product_seo_keywords":"","_links":{"self":[{"href":"https:\/\/bright-china.com\/de\/wp-json\/wp\/v2\/product\/4430","targetHints":{"allow":["GET"]}}],"collection":[{"href":"https:\/\/bright-china.com\/de\/wp-json\/wp\/v2\/product"}],"about":[{"href":"https:\/\/bright-china.com\/de\/wp-json\/wp\/v2\/types\/product"}],"wp:featuredmedia":[{"embeddable":true,"href":"https:\/\/bright-china.com\/de\/wp-json\/wp\/v2\/media\/8773"}],"wp:attachment":[{"href":"https:\/\/bright-china.com\/de\/wp-json\/wp\/v2\/media?parent=4430"}],"wp:term":[{"taxonomy":"product_brand","embeddable":true,"href":"https:\/\/bright-china.com\/de\/wp-json\/wp\/v2\/product_brand?post=4430"},{"taxonomy":"product_cat","embeddable":true,"href":"https:\/\/bright-china.com\/de\/wp-json\/wp\/v2\/product_cat?post=4430"},{"taxonomy":"product_tag","embeddable":true,"href":"https:\/\/bright-china.com\/de\/wp-json\/wp\/v2\/product_tag?post=4430"}],"curies":[{"name":"wp","href":"https:\/\/api.w.org\/{rel}","templated":true}]}}