{"id":4431,"date":"2025-04-27T02:23:54","date_gmt":"2025-04-27T02:23:54","guid":{"rendered":"https:\/\/bright-china.com\/?post_type=product&#038;p=4431"},"modified":"2026-01-05T06:07:59","modified_gmt":"2026-01-05T13:07:59","slug":"spannungswachter-jgxl-63s","status":"publish","type":"product","link":"https:\/\/bright-china.com\/de\/produkt\/spannungswachter-jgxl-63s\/","title":{"rendered":"Dreiphasiger Vierleiter-Strom- und Spannungsschutzschalter JGXL-63S-3P+N"},"content":{"rendered":"<h2><strong>Kurze Einf\u00fchrung<\/strong><\/h2>\n<hr \/>\n<p><a style=\"font-size: 16px; background-color: #ffffff;\" href=\"https:\/\/bright-china.com\/\">\u00a0 Dreiphasiger Vierleiter-Strom- und Spannungsschutzschalter<\/a><span style=\"font-size: 16px;\">\u00a0 JGXL-63S ist vor allem f\u00fcr AC 50Hz (60Hz), Nennbetriebsspannung 220\/380V, Haupt-Nennstrom von 2A bis 63A, intelligente Steuerung einstellbar Arbeitsstrom von 2A bis 63A, Steuerleistung von .5KW bis 20KW in das Stromnetz eingeschaltet, durchgef\u00fchrt und brechen den Strom oder die Spannung unter normalen Bedingungen (einschlie\u00dflich der angegebenen \u00dcberlastbedingungen), und kann auch eingeschaltet werden, durchgef\u00fchrt und f\u00fcr eine bestimmte Zeit und unter den angegebenen abnormalen Bedingungen (z. B. Kurzschluss) durchgef\u00fchrt. , <\/span><a style=\"font-size: 16px; background-color: #ffffff;\" href=\"https:\/\/elejg.com\/\">Unterspannung<\/a><span style=\"font-size: 16px;\">, usw.).<\/span><\/p>\n<p>Der dreiphasige, vieradrige strombegrenzende \u00dcber- und Unterspannungsschutz hat eine modulare Produktstruktur, die sich durch geringe Gr\u00f6\u00dfe, hohe Zuverl\u00e4ssigkeit und einfache Bedienung auszeichnet. Die wichtigsten Funktionen des Produkts sind: \u00dcberspannung, Unterspannung, Phasenausfall, Null-Linie und Null-Linie, \u00dcberstrom, augenblicklicher Kurzschluss, dreiphasige Unsymmetrie, Unterstrom, Phasenfolge, RS485-Kommunikation, Ein-Tasten-Werksreset und andere Funktionen, die weit verbreitet sind in: Telekommunikation, Metallurgie, Kohleminen, Stahl, Petrochemie, H\u00e4fen, Schiffe, Eisenbahnen, Krankenh\u00e4user, intelligente Geb\u00e4ude und andere Bereiche der Energieverteilung und Motorschutzsteuerungen.<\/p>\n<h2><span data-slate-fragment=\"JTVCJTdCJTIydHlwZSUyMiUzQSUyMnBhcmFncmFwaCUyMiUyQyUyMmNoaWxkcmVuJTIyJTNBJTVCJTdCJTIyaWQlMjIlM0ElMjJCNEE1Z2tKUjdlJTIyJTJDJTIycGFyYUlkeCUyMiUzQTAlMkMlMjJzcmMlMjIlM0ElMjIzcGhhc2UlMjA0d2lyZSUyMGN1cnJlbnQlMjBhbmQlMjB2b2x0YWdlJTIwcHJvdGVjdG9yJTIwaXMlMjBNYWluJTIwdGVjaG5pY2FsJTIwcGFyYW1ldGVycyUyMiUyQyUyMmRzdCUyMiUzQSUyMiVFNCVCOCU4OSVFNyU5QiVCOCVFNSU5QiU5QiVFNyVCQSVCRiVFNyU5NCVCNSVFNiVCNSU4MSVFNyU5NCVCNSVFNSU4RSU4QiVFNCVCRiU5RCVFNiU4QSVBNCVFNSU5OSVBOCVFNCVCOCVCQiVFOCVBNiU4MSVFNiU4QSU4MCVFNiU5QyVBRiVFNSU4RiU4MiVFNiU5NSVCMCUyMiUyQyUyMm1ldGFkYXRhJTIyJTNBJTIyJTIyJTJDJTIybWF0Y2hlcyUyMiUzQW51bGwlMkMlMjJtZXRhRGF0YSUyMiUzQSU1QiU1RCUyQyUyMnRleHQlMjIlM0ElMjIzcGhhc2UlMjA0d2lyZSUyMGN1cnJlbnQlMjBhbmQlMjB2b2x0YWdlJTIwcHJvdGVjdG9yJTIwaXMlMjBNYWluJTIwdGVjaG5pY2FsJTIwcGFyYW1ldGVycyUyMiU3RCU1RCU3RCU1RA==\">Dreiphasiger Vierdraht-Strom- und Spannungsschutzschalter ist Technische Hauptparameter<\/span><\/h2>\n<hr \/>\n<table style=\"border-color: #969696; width: 100%; height: 264px;\" width=\"100%\">\n<tbody>\n<tr style=\"height: 52px;\">\n<td style=\"background-color: #060a30; width: 54.236%; height: 52px;\" width=\"212\"><span style=\"color: #ffffff;\">Typ<\/span><\/td>\n<td style=\"background-color: #060a30; width: 45.6884%; height: 52px;\" width=\"119\"><span style=\"color: #ffffff;\">JGXL-63S\/3P+N<\/span><\/td>\n<\/tr>\n<tr style=\"height: 53px;\">\n<td style=\"width: 54.236%; height: 53px;\">Aktuelle Spezifikationen<\/td>\n<td style=\"width: 45.6884%; height: 53px;\">63A(1~63A)<\/td>\n<\/tr>\n<tr style=\"height: 53px;\">\n<td style=\"width: 54.236%; background-color: #dedede; height: 53px;\">Einstellbereich der \u00dcberspannung<\/td>\n<td style=\"width: 45.6884%; background-color: #dedede; height: 53px;\">AC270V(210~300V)<\/td>\n<\/tr>\n<tr style=\"height: 53px;\">\n<td style=\"width: 54.236%; height: 53px;\">Bereich der Unterspannungseinstellung<\/td>\n<td style=\"width: 45.6884%; height: 53px;\">AC170V(80~200V)<\/td>\n<\/tr>\n<tr style=\"height: 53px;\">\n<td style=\"width: 54.236%; background-color: #dedede; height: 53px;\">Betriebsspannung<\/td>\n<td style=\"width: 45.6884%; background-color: #dedede; height: 53px;\">AC230V\/400V<\/td>\n<\/tr>\n<\/tbody>\n<\/table>\n<p>1. Spannungserfassungsbereich: AC80~450V, Genauigkeitsgrad: 1,0.<\/p>\n<p>2. Stromerfassungsbereich: 1~63A, Genauigkeitsgrad: 1,0.<\/p>\n<p>3. Die Leistungsaufnahme des Produkts selbst: \u22642W.<\/p>\n<p>4. Widerstandsf\u00e4hig gegen Kurzschlussstrom: 2000A.<\/p>\n<p>5. Die mechanische Lebensdauer betr\u00e4gt \u2265 100.000 Mal, die elektrische Lebensdauer 5.000 Mal.<\/p>\n<p>6. Verdrahtungsmethode f\u00fcr das Produkt: unten und unten am Leitungsausgang, oben in und aus der Leitung. Die Standard-Verdrahtungsmethode ist die untere Leitung und die abgehende Leitung.<\/p>\n<p>7. Die Verdrahtungskapazit\u00e4t betr\u00e4gt 16 Quadratmeter.<\/p>\n<p>8. Einzelheiten zum RS485-Kommunikationsprotokoll finden Sie im \"RS485 Communication Manual V2.0 for Power <a href=\"https:\/\/bright-china.com\/automatic-reconnection-energy-metering-protector-of-test-jgdl-63\/\" target=\"_blank\" rel=\"noopener\" ___protected_content_1___>Messger\u00e4te und Schutzvorrichtungen\"<\/a>.<\/p>\n<h2><span data-slate-fragment=\"JTVCJTdCJTIydHlwZSUyMiUzQSUyMnBhcmFncmFwaCUyMiUyQyUyMmNoaWxkcmVuJTIyJTNBJTVCJTdCJTIyaWQlMjIlM0ElMjJCNEE1Z2tKUjdlJTIyJTJDJTIycGFyYUlkeCUyMiUzQTAlMkMlMjJzcmMlMjIlM0ElMjIzcGhhc2UlMjA0d2lyZSUyMGN1cnJlbnQlMjBhbmQlMjB2b2x0YWdlJTIwcHJvdGVjdG9yJTIwaXMlMjBNYWluJTIwdGVjaG5pY2FsJTIwcGFyYW1ldGVycyUyMiUyQyUyMmRzdCUyMiUzQSUyMiVFNCVCOCU4OSVFNyU5QiVCOCVFNSU5QiU5QiVFNyVCQSVCRiVFNyU5NCVCNSVFNiVCNSU4MSVFNyU5NCVCNSVFNSU4RSU4QiVFNCVCRiU5RCVFNiU4QSVBNCVFNSU5OSVBOCVFNCVCOCVCQiVFOCVBNiU4MSVFNiU4QSU4MCVFNiU5QyVBRiVFNSU4RiU4MiVFNiU5NSVCMCUyMiUyQyUyMm1ldGFkYXRhJTIyJTNBJTIyJTIyJTJDJTIybWF0Y2hlcyUyMiUzQW51bGwlMkMlMjJtZXRhRGF0YSUyMiUzQSU1QiU1RCUyQyUyMnRleHQlMjIlM0ElMjIzcGhhc2UlMjA0d2lyZSUyMGN1cnJlbnQlMjBhbmQlMjB2b2x0YWdlJTIwcHJvdGVjdG9yJTIwaXMlMjBNYWluJTIwdGVjaG5pY2FsJTIwcGFyYW1ldGVycyUyMiU3RCU1RCU3RCU1RA==\">Dreiphasiger Vierleiter-Strom- und Spannungsschutzschalter von <\/span>Gr\u00f6\u00dfe<\/h2>\n<hr \/>\n<h1><\/h1>\n<p><strong><img fetchpriority=\"high\" decoding=\"async\" class=\"alignnone wp-image-5612 size-full\" src=\"https:\/\/bright-china.com\/wp-content\/uploads\/2025\/04\/\u5916\u578b\u5c3a\u5bf8-2.jpg\" alt=\"Au\u00dfenabmessungen des 3-phasigen 4-Leiter-Strom- und Spannungsschutzes JGXL-63S\" width=\"777\" height=\"419\" srcset=\"https:\/\/bright-china.com\/wp-content\/uploads\/2025\/04\/\u5916\u578b\u5c3a\u5bf8-2.jpg 777w, https:\/\/bright-china.com\/wp-content\/uploads\/2025\/04\/\u5916\u578b\u5c3a\u5bf8-2-300x162.jpg 300w, https:\/\/bright-china.com\/wp-content\/uploads\/2025\/04\/\u5916\u578b\u5c3a\u5bf8-2-768x414.jpg 768w, https:\/\/bright-china.com\/wp-content\/uploads\/2025\/04\/\u5916\u578b\u5c3a\u5bf8-2-18x10.jpg 18w, https:\/\/bright-china.com\/wp-content\/uploads\/2025\/04\/\u5916\u578b\u5c3a\u5bf8-2-600x324.jpg 600w\" sizes=\"(max-width: 777px) 100vw, 777px\" \/><\/strong><\/p>\n<p>&nbsp;<\/p>\n<p>&nbsp;<\/p>\n<h2><strong>Informationen zum Standardpaket<\/strong><\/h2>\n<hr \/>\n<p><img decoding=\"async\" class=\"alignnone wp-image-8832 size-medium lazyload\" data-src=\"https:\/\/bright-china.com\/wp-content\/uploads\/2025\/04\/Packaging-box-for-protector--300x300.webp\" alt=\"Verpackungsschachtel f\u00fcr Protektor\" width=\"300\" height=\"300\" data-srcset=\"https:\/\/bright-china.com\/wp-content\/uploads\/2025\/04\/Packaging-box-for-protector--300x300.webp 300w, https:\/\/bright-china.com\/wp-content\/uploads\/2025\/04\/Packaging-box-for-protector--150x150.webp 150w, https:\/\/bright-china.com\/wp-content\/uploads\/2025\/04\/Packaging-box-for-protector--12x12.webp 12w, https:\/\/bright-china.com\/wp-content\/uploads\/2025\/04\/Packaging-box-for-protector--600x600.webp 600w, https:\/\/bright-china.com\/wp-content\/uploads\/2025\/04\/Packaging-box-for-protector--100x100.webp 100w, https:\/\/bright-china.com\/wp-content\/uploads\/2025\/04\/Packaging-box-for-protector-.webp 750w\" data-sizes=\"(max-width: 300px) 100vw, 300px\" src=\"data:image\/svg+xml;base64,PHN2ZyB3aWR0aD0iMSIgaGVpZ2h0PSIxIiB4bWxucz0iaHR0cDovL3d3dy53My5vcmcvMjAwMC9zdmciPjwvc3ZnPg==\" style=\"--smush-placeholder-width: 300px; --smush-placeholder-aspect-ratio: 300\/300;\" \/><\/p>\n<div style=\"overflow-x: auto;\">\n<table>\n<tbody>\n<tr>\n<th style=\"background-color: #060a30;\"><span style=\"color: #ffffff;\">Karton Abmessung (cm)<\/span><\/th>\n<th style=\"background-color: #060a30;\"><span style=\"color: #ffffff;\">Packliste<\/span><\/th>\n<th style=\"background-color: #060a30;\"><span style=\"color: #ffffff;\">QTY<\/span><\/th>\n<th style=\"background-color: #060a30;\"><span style=\"color: #ffffff;\">Bruttogewicht(kg)<\/span><\/th>\n<\/tr>\n<tr>\n<td style=\"text-align: center;\">45,5 cm \u00d7 23,5 cm \u00d7 31,5 cm<\/td>\n<td style=\"text-align: center;\">\u00a0Besch\u00fctzer<\/td>\n<td style=\"text-align: center;\">60St\u00fcck<\/td>\n<td style=\"text-align: center;\">20kg<\/td>\n<\/tr>\n<\/tbody>\n<\/table>\n<\/div>\n<p><a href=\"https:\/\/elejg.com\/\">3-Phasen-4-Leiter-Strom- und Spannungsschutzschalter<\/a>Dreiphasiger Vierleiter-Strom- und Spannungsschutzschalter <span data-slate-fragment=\"JTVCJTdCJTIydHlwZSUyMiUzQSUyMnBhcmFncmFwaCUyMiUyQyUyMmNoaWxkcmVuJTIyJTNBJTVCJTdCJTIyaWQlMjIlM0ElMjJWMFFZMGs0cjJ6JTIyJTJDJTIycGFyYUlkeCUyMiUzQTAlMkMlMjJzcmMlMjIlM0ElMjJUaHJlZS1QaGFzZSUyMEZvdXItV2lyZSUyMFNlbGYtQ29tcG91bmQlMjBPdmVyLVVuZGVyLVZvbHRhZ2UlMjBDdXJyZW50JTIwTGltaXRpbmclMjBQcm90ZWN0b3IlMjA2M0ElMjBQaGFzZSUyMFNlcXVlbmNlJTIwTWlzc2luZyUyMFBoYXNlJTIwTWlzc2luZyUyMFplcm8lMjBvZmYlMjBQcm90ZWN0aW9uJTIwU3dpdGNoJTIyJTJDJTIyZHN0JTIyJTNBJTIyJUU0JUI4JTg5JUU3JTlCJUI4JUU1JTlCJTlCJUU3JUJBJUJGJUU4JTg3JUFBJUU1JUE0JThEJUU1JTkwJTg4JUU4JUJGJTg3JUU2JUFDJUEwJUU1JThFJThCJUU5JTk5JTkwJUU2JUI1JTgxJUU0JUJGJTlEJUU2JThBJUE0JUU1JTk5JUE4NjNBJUU3JTlCJUI4JUU1JUJBJThGJUU3JUJDJUJBJUU3JTlCJUI4JUU1JUE0JUIxJUU5JTlCJUI2JUU0JUJGJTlEJUU2JThBJUE0JUU1JUJDJTgwJUU1JTg1JUIzJTIyJTJDJTIybWV0YWRhdGElMjIlM0ElMjIlMjIlMkMlMjJtYXRjaGVzJTIyJTNBbnVsbCUyQyUyMm1ldGFEYXRhJTIyJTNBJTVCJTVEJTJDJTIydGV4dCUyMiUzQSUyMlRocmVlLVBoYXNlJTIwRm91ci1XaXJlJTIwU2VsZi1Db21wb3VuZCUyME92ZXItVW5kZXItVm9sdGFnZSUyMEN1cnJlbnQlMjBMaW1pdGluZyUyMFByb3RlY3RvciUyMDYzQSUyMFBoYXNlJTIwU2VxdWVuY2UlMjBNaXNzaW5nJTIwUGhhc2UlMjBNaXNzaW5nJTIwWmVybyUyMG9mZiUyMFByb3RlY3Rpb24lMjBTd2l0Y2glMjIlN0QlNUQlN0QlNUQ=\">63A Phasensequenz Fehlende Phase Fehlender Nullpunkt aus Schutzschalter<a href=\"https:\/\/bright-china.com\/product\/current-limiting-fire-alarm-protector\/\">3-phasiger 4-Leiter-Strom- und Spannungsschutzschalter JGXL-63S-3P+N<\/a>,<\/span>Dreiphasen-VierleiterSelbst r\u00fccksetzbarer \u00dcber-\/Unterspannungsschutz, Dreiphasen-Vierleiter-Strombegrenzungsschutz,Phasenfolge-Schutz, Phasenverlust-Schutz, fehlender Null-Schutz, StrombegrenzungsschutzPhasenmangel, Null-Phasenfolge, \u00dcberlast-Kurzschluss, dreiphasige Unsymmetrie, Unterstrom, dreiphasiger Vierleiter-Strombegrenzungs-\u00dcber- und Unterspannungsschutz.<\/p>\n<div id=\"product_tag\" class=\"tagsdiv\">\n<p><a href=\"https:\/\/bright-china.com\/digital-display-current-and-voltage-protector\/\">Digitales Display mit einstellbarem Strom- und Spannungsw\u00e4chter<\/a><\/p>\n<\/div>","protected":false},"excerpt":{"rendered":"<p>Der dreiphasige Vierdraht-Strom- und Spannungsschutzschalter wird haupts\u00e4chlich in Stromnetzen mit AC 50Hz (60Hz), Nennbetriebsspannung 220\/380V, Hauptk\u00f6rper-Nennstrom im Bereich von 2A bis 63A, intelligentem Controller einstellbarem Arbeitsstrom im Bereich von 2A bis 63A und Steuerleistung im Bereich von. 5KW bis 20KW zu verbinden, zu tragen, und trennen Sie Strom oder Spannung unter normalen Bedingungen (einschlie\u00dflich der angegebenen \u00dcberlastbedingungen), und kann auch angeschlossen werden Carrying Strom oder Spannung unter anormalen Bedingungen (wie Kurzschluss, Unterspannung, etc.) f\u00fcr eine bestimmte Zeit und brechen Vorschriften.<\/p>","protected":false},"featured_media":8726,"template":"","meta":{"_acf_changed":false,"site-sidebar-layout":"default","site-content-layout":"","ast-site-content-layout":"default","site-content-style":"default","site-sidebar-style":"default","ast-global-header-display":"","ast-banner-title-visibility":"","ast-main-header-display":"","ast-hfb-above-header-display":"","ast-hfb-below-header-display":"","ast-hfb-mobile-header-display":"","site-post-title":"","ast-breadcrumbs-content":"","ast-featured-img":"","footer-sml-layout":"","theme-transparent-header-meta":"default","adv-header-id-meta":"","stick-header-meta":"default","header-above-stick-meta":"","header-main-stick-meta":"","header-below-stick-meta":"","astra-migrate-meta-layouts":"set","ast-page-background-enabled":"default","ast-page-background-meta":{"desktop":{"background-color":"","background-image":"","background-repeat":"repeat","background-position":"center center","background-size":"auto","background-attachment":"scroll","background-type":"","background-media":"","overlay-type":"","overlay-color":"","overlay-opacity":"","overlay-gradient":""},"tablet":{"background-color":"","background-image":"","background-repeat":"repeat","background-position":"center center","background-size":"auto","background-attachment":"scroll","background-type":"","background-media":"","overlay-type":"","overlay-color":"","overlay-opacity":"","overlay-gradient":""},"mobile":{"background-color":"","background-image":"","background-repeat":"repeat","background-position":"center center","background-size":"auto","background-attachment":"scroll","background-type":"","background-media":"","overlay-type":"","overlay-color":"","overlay-opacity":"","overlay-gradient":""}},"ast-content-background-meta":{"desktop":{"background-color":"var(--ast-global-color-5)","background-image":"","background-repeat":"repeat","background-position":"center center","background-size":"auto","background-attachment":"scroll","background-type":"","background-media":"","overlay-type":"","overlay-color":"","overlay-opacity":"","overlay-gradient":""},"tablet":{"background-color":"var(--ast-global-color-5)","background-image":"","background-repeat":"repeat","background-position":"center center","background-size":"auto","background-attachment":"scroll","background-type":"","background-media":"","overlay-type":"","overlay-color":"","overlay-opacity":"","overlay-gradient":""},"mobile":{"background-color":"var(--ast-global-color-5)","background-image":"","background-repeat":"repeat","background-position":"center center","background-size":"auto","background-attachment":"scroll","background-type":"","background-media":"","overlay-type":"","overlay-color":"","overlay-opacity":"","overlay-gradient":""}},"_seo_title":"Three phase Four wire current and voltage protector","_seo_keywords":"Adjustable over and under voltage protector, Digital Voltage Protector, 3 phase voltage protector","_seo_description":"The Three phase Four wire current and voltage protector\u00a0is mainly used in power systems with AC 50Hz (60Hz), rated working voltage 220\/380V,"},"product_brand":[],"product_cat":[15,65,63,69,64,57],"product_tag":[94,91,137,95,93],"class_list":{"0":"post-4431","1":"product","2":"type-product","3":"status-publish","4":"has-post-thumbnail","6":"product_cat-product","7":"product_cat-current-and-voltage-protector","8":"product_cat-motor-protector","9":"product_cat-voltmeter-ammeter","10":"product_cat-smart-meter","11":"product_cat-smart-protector","12":"product_tag-3phase-4-wire-current-and-voltage-protector","13":"product_tag-adjustable-over-under-voltage-protector","14":"product_tag-digital-display-adjustable-current-and-voltage-protector","15":"product_tag-three-phase-four-wire-current-and-voltage-protector","16":"product_tag-voltage-protector","17":"desktop-align-center","18":"tablet-align-left","19":"mobile-align-left","20":"ast-product-gallery-layout-horizontal-slider","22":"first","23":"instock","24":"featured","25":"shipping-taxable","26":"product-type-simple"},"acf":[],"seo_title":"Three phase Four wire current and voltage protector","seo_keywords":"Adjustable over and under voltage protector, Digital Voltage Protector, 3 phase voltage protector","seo_description":"The Three phase Four wire current and voltage protector\u00a0is mainly used in power systems with AC 50Hz (60Hz), rated working voltage 220\/380V,","seo_score":"85","product_seo_keywords":"","_links":{"self":[{"href":"https:\/\/bright-china.com\/de\/wp-json\/wp\/v2\/product\/4431","targetHints":{"allow":["GET"]}}],"collection":[{"href":"https:\/\/bright-china.com\/de\/wp-json\/wp\/v2\/product"}],"about":[{"href":"https:\/\/bright-china.com\/de\/wp-json\/wp\/v2\/types\/product"}],"wp:featuredmedia":[{"embeddable":true,"href":"https:\/\/bright-china.com\/de\/wp-json\/wp\/v2\/media\/8726"}],"wp:attachment":[{"href":"https:\/\/bright-china.com\/de\/wp-json\/wp\/v2\/media?parent=4431"}],"wp:term":[{"taxonomy":"product_brand","embeddable":true,"href":"https:\/\/bright-china.com\/de\/wp-json\/wp\/v2\/product_brand?post=4431"},{"taxonomy":"product_cat","embeddable":true,"href":"https:\/\/bright-china.com\/de\/wp-json\/wp\/v2\/product_cat?post=4431"},{"taxonomy":"product_tag","embeddable":true,"href":"https:\/\/bright-china.com\/de\/wp-json\/wp\/v2\/product_tag?post=4431"}],"curies":[{"name":"wp","href":"https:\/\/api.w.org\/{rel}","templated":true}]}}