{"id":4432,"date":"2025-04-27T02:23:54","date_gmt":"2025-04-27T02:23:54","guid":{"rendered":"https:\/\/bright-china.com\/?post_type=product&#038;p=4432"},"modified":"2026-03-10T23:31:35","modified_gmt":"2026-03-11T06:31:35","slug":"schutz-fhxl-63","status":"publish","type":"product","link":"https:\/\/bright-china.com\/de\/produkt\/schutz-fhxl-63\/","title":{"rendered":"Strombegrenzender Brandmeldeschutzschalter FHXL-63"},"content":{"rendered":"<h2><strong>\u00a0Einf\u00fchrung<\/strong><\/h2>\n<hr \/>\n<p><img fetchpriority=\"high\" decoding=\"async\" class=\"alignleft wp-image-8662 size-medium\" src=\"https:\/\/bright-china.com\/wp-content\/uploads\/2025\/04\/Current-Limiting-Fire-Alarm-Protector-FHXL-63-1-300x300.webp\" alt=\"strombegrenzender Brandmeldeschutzschalter\" width=\"300\" height=\"300\" srcset=\"https:\/\/bright-china.com\/wp-content\/uploads\/2025\/04\/Current-Limiting-Fire-Alarm-Protector-FHXL-63-1-300x300.webp 300w, https:\/\/bright-china.com\/wp-content\/uploads\/2025\/04\/Current-Limiting-Fire-Alarm-Protector-FHXL-63-1-150x150.webp 150w, https:\/\/bright-china.com\/wp-content\/uploads\/2025\/04\/Current-Limiting-Fire-Alarm-Protector-FHXL-63-1-768x768.webp 768w, https:\/\/bright-china.com\/wp-content\/uploads\/2025\/04\/Current-Limiting-Fire-Alarm-Protector-FHXL-63-1-12x12.webp 12w, https:\/\/bright-china.com\/wp-content\/uploads\/2025\/04\/Current-Limiting-Fire-Alarm-Protector-FHXL-63-1-600x600.webp 600w, https:\/\/bright-china.com\/wp-content\/uploads\/2025\/04\/Current-Limiting-Fire-Alarm-Protector-FHXL-63-1-100x100.webp 100w, https:\/\/bright-china.com\/wp-content\/uploads\/2025\/04\/Current-Limiting-Fire-Alarm-Protector-FHXL-63-1.webp 800w\" sizes=\"(max-width: 300px) 100vw, 300px\" \/><\/p>\n<p>Die Serie FHXL-63 ist die <a href=\"https:\/\/bright-china.com\/product-category\/product\/protector\/fireproof-current-limiting-protector\/\">strombegrenzender Brandmeldeschutzschalter<\/a>\uff08<span data-slate-fragment=\"JTVCJTdCJTIydHlwZSUyMiUzQSUyMnBhcmFncmFwaCUyMiUyQyUyMmNoaWxkcmVuJTIyJTNBJTVCJTdCJTIyaWQlMjIlM0ElMjJWa0RLV2puUFd6JTIyJTJDJTIycGFyYUlkeCUyMiUzQTAlMkMlMjJzcmMlMjIlM0ElMjJjdXJyZW50JTIwbGltaXRpbmclMjBwcm90ZWN0b3IlMjIlMkMlMjJkc3QlMjIlM0ElMjIlRTklOTklOTAlRTYlQjUlODElRTQlQkYlOUQlRTYlOEElQTQlRTUlOTklQTglMjIlMkMlMjJtZXRhZGF0YSUyMiUzQSUyMiUyMiUyQyUyMm1hdGNoZXMlMjIlM0FudWxsJTJDJTIybWV0YURhdGElMjIlM0ElNUIlNUQlMkMlMjJ0ZXh0JTIyJTNBJTIyY3VycmVudCUyMGxpbWl0aW5nJTIwcHJvdGVjdG9yJTIyJTdEJTVEJTdEJTVE\">Strombegrenzungsschutzeinrichtung\uff09<\/span>Es handelt sich um ein umfassendes Schutzger\u00e4t mit mehreren Schutzfunktionen f\u00fcr \u00dcberspannung, Unterspannung, \u00dcberstrom, Leckage, Temperatur und Raucherkennung. Das Produkt hat die Vorteile der Modularisierung, Intelligenz, Visualisierung und so weiter. Gleichzeitig unterst\u00fctzt es die standardm\u00e4\u00dfige Modbus485-Kommunikation.<\/p>\n<p>Protokoll. Alle Schutzparameter wie \u00dcberspannungs-, Unterspannungs- und \u00dcberstromschutz k\u00f6nnen entsprechend dem Leistungsbedarf eingestellt werden, um sicherzustellen, dass der Schutzschalter die Stromversorgung sofort unterbrechen kann, wenn<a href=\"https:\/\/elejg.com\/\"> \u00dcberspannung<\/a>So k\u00f6nnen Unterspannung, \u00dcberstrom und andere Fehler in der Leitung vermieden und die elektrischen Ger\u00e4te vor Sch\u00e4den gesch\u00fctzt werden.<\/p>\n<p>Das Produkt hat eine kompakte Struktur und ein sch\u00f6nes Aussehen, und es gibt eine Standardf\u00fchrungsschiene f\u00fcr die Installation.<\/p>\n<h2><strong>Arbeitsbedingungen und Stromschutzparameter<\/strong><\/h2>\n<hr \/>\n<table style=\"border-collapse: collapse; width: 100%; border-color: #ababab;\" border=\"0\" width=\"100%\" cellspacing=\"0\" cellpadding=\"0\">\n<tbody>\n<tr style=\"height: 13.50pt;\">\n<td class=\"et2\" style=\"height: 13px; width: 54.3984%; background-color: #0e2469;\" width=\"212\" height=\"18\"><span style=\"color: #ffffff;\">Typ<\/span><\/td>\n<td class=\"et3\" style=\"width: 45.6016%; background-color: #0e2469; height: 13px;\" width=\"119\"><span style=\"color: #ffffff;\">FHXL-63<\/span><\/td>\n<\/tr>\n<tr style=\"height: 13.50pt;\">\n<td class=\"et4\" style=\"height: 13px; width: 54.3984%;\" height=\"18\"><span style=\"font-family: arial, helvetica, sans-serif;\">Aktueller Einstellbereich<\/span><\/td>\n<td class=\"et4\" style=\"height: 13px; width: 45.6016%;\"><span style=\"font-family: arial, helvetica, sans-serif;\"><span class=\"font2\">40A(2<\/span><span class=\"font3\">~<\/span><span class=\"font2\">63A)<\/span><\/span><\/td>\n<\/tr>\n<tr style=\"height: 13.50pt;\">\n<td class=\"et4\" style=\"height: 13px; background-color: #c4c4c4; width: 54.3984%;\" height=\"18\"><span style=\"font-family: arial, helvetica, sans-serif;\">Einstellbereich der \u00dcberspannung<\/span><\/td>\n<td class=\"et4\" style=\"height: 13px; background-color: #c4c4c4; width: 45.6016%;\"><span style=\"font-family: arial, helvetica, sans-serif;\"><span class=\"font2\">AC270V(210<\/span><span class=\"font3\">~<\/span><span class=\"font2\">300V)<\/span><\/span><\/td>\n<\/tr>\n<tr style=\"height: 13.50pt;\">\n<td class=\"et4\" style=\"height: 13px; width: 54.3984%;\" height=\"18\"><span style=\"font-family: arial, helvetica, sans-serif;\">Bereich der Unterspannungseinstellung<\/span><\/td>\n<td class=\"et4\" style=\"height: 13px; width: 45.6016%;\"><span style=\"font-family: arial, helvetica, sans-serif;\"><span class=\"font2\">AC170V(80<\/span><span class=\"font3\">~<\/span><span class=\"font2\">200V)<\/span><\/span><\/td>\n<\/tr>\n<tr style=\"height: 13.50pt;\">\n<td class=\"et4\" style=\"height: 13px; background-color: #c4c4c4; width: 54.3984%;\" height=\"18\"><span style=\"font-family: arial, helvetica, sans-serif;\">Ableitstrom-Einstellbereich<\/span><\/td>\n<td class=\"et4\" style=\"height: 13px; background-color: #c4c4c4; width: 45.6016%;\"><span style=\"font-family: arial, helvetica, sans-serif;\"><span class=\"font2\">20mA(5<\/span><span class=\"font3\">~<\/span><span class=\"font2\">300mA)<\/span><\/span><\/td>\n<\/tr>\n<tr style=\"height: 13.50pt;\">\n<td class=\"et4\" style=\"height: 13px; width: 54.3984%;\" height=\"18\"><span style=\"font-family: arial, helvetica, sans-serif;\">Temperatur-Einstellbereich<\/span><\/td>\n<td class=\"et4\" style=\"height: 13px; width: 45.6016%;\"><span style=\"font-family: arial, helvetica, sans-serif;\">70\u2103\uff081-150\u2103\uff09<\/span><\/td>\n<\/tr>\n<tr>\n<td style=\"width: 54.3984%;\"><span style=\"font-family: arial, helvetica, sans-serif;\">Netzfrequenz<\/span><\/td>\n<td style=\"width: 45.6016%;\"><span style=\"font-family: arial, helvetica, sans-serif;\">40~65Hz<\/span><\/td>\n<\/tr>\n<\/tbody>\n<\/table>\n<p>&nbsp;<\/p>\n<p>1. Beim ersten normalen Einschalten schlie\u00dft sich das Ger\u00e4t automatisch nach einer Verz\u00f6gerung von 1s; beim ersten Einschalten \u00f6ffnet sich das Ger\u00e4t unter den Bedingungen von \u00dcberspannung, Unterspannung, \u00dcberstrom und Leckage automatisch innerhalb von 3 Sekunden;<\/p>\n<p>2. Beim ersten Einschalten muss der Rauchsensor 60 Sekunden lang aufgeheizt werden, dann geht das Produkt in den Schutzzustand \u00fcber. Wenn der Rauchalarm auftritt und die St\u00f6rung behoben ist, muss die Reset-Taste 2 Sekunden lang manuell gedr\u00fcckt werden, dann kann der Rauchalarm aufgehoben werden.<\/p>\n<p>3. Aktuelle Schutzparameter:<\/p>\n<p>a. \u2265 1,05 mal Strom, &lt; 3 Minuten \u00d6ffnung.<\/p>\n<p>b. \u2265 1,2 mal Strom, Einstellbereich 1 bis 120 Sekunden, 10 Sekunden als Standard<\/p>\n<p>c. \u2265 2 mal Strom, \u22640,2 Sekunden \u00d6ffnung.<\/p>\n<p>4. Die Umgebungstemperatur darf + 40\u00b0C nicht \u00fcberschreiten, sie darf nicht niedriger als -5\u00b0C sein; und die Durchschnittstemperatur innerhalb von 24 Stunden darf + 35\u00b0C nicht \u00fcberschreiten; bei + 40\u00b0C darf die Luftfeuchtigkeit der Umgebung 50% nicht \u00fcberschreiten.<\/p>\n<p>5. Die H\u00f6he des Aufstellungsortes darf 2000 Meter nicht \u00fcberschreiten.<\/p>\n<p>6. Verschmutzungsgrad: III.<\/p>\n<p>7. In der Installationsumgebung darf kein explosives gef\u00e4hrliches Medium, kein korrosives und zerst\u00f6rerisches Gas und kein leitf\u00e4higer Staub vorhanden sein, und es darf kein Regen oder Schnee eindringen.<\/p>\n<h2><strong> Der strombegrenzende Feueralarmschutz ist eine der wichtigsten Funktionen<\/strong><\/h2>\n<hr \/>\n<p>1. Einstellungstaste: Halten Sie die Einstellungstaste 2 Sekunden lang gedr\u00fcckt, um in den Einstellungsmodus zu gelangen. Nach dem Eintritt in den Einstellungsstatus ruft das System bei jedem Dr\u00fccken der Taste das n\u00e4chste Einstellungsmen\u00fc auf;<\/p>\n<p>2. Umschalttaste: Abfrage der aktuellen Echtzeit-Betriebsparameter des Produkts. Im Einstellzustand hat sie die Funktion der Ziffernumschaltung;<\/p>\n<p>3. Datentaste: Abfrage der letzten Fehlerinformationen des Produkts und \u00c4nderung der einzustellenden Parameter im Einstellzustand;<\/p>\n<p>4. Reset-Taste: Wenn der erste \u00dcberstrom oder die erste Leckage auftritt, schaltet sich das Ger\u00e4t nach der angegebenen R\u00fcckstellzeit automatisch ein. Wenn der zweite \u00dcberstrom-, Leckage- oder Feueralarm auftritt, muss best\u00e4tigt werden, dass kein Fehler im Stromkreis vorliegt. Dann m\u00fcssen Sie die Reset-Taste manuell dr\u00fccken, um das Produkt einzuschalten, und die Reset-Taste 2 Sekunden lang dr\u00fccken, um den Einstellungszustand zu speichern und zu verlassen.<\/p>\n<h2><strong>Informationen zum Standardpaket<\/strong><\/h2>\n<hr \/>\n<h3><img decoding=\"async\" class=\"alignnone wp-image-6114 size-medium lazyload\" data-src=\"https:\/\/bright-china.com\/wp-content\/uploads\/2025\/04\/45.5-23.5-31.5-box-300x300.jpg\" alt=\"Verpackungsschachtel f\u00fcr Protektor\" width=\"300\" height=\"300\" data-srcset=\"https:\/\/bright-china.com\/wp-content\/uploads\/2025\/04\/45.5-23.5-31.5-box-300x300.jpg 300w, https:\/\/bright-china.com\/wp-content\/uploads\/2025\/04\/45.5-23.5-31.5-box-150x150.jpg 150w, https:\/\/bright-china.com\/wp-content\/uploads\/2025\/04\/45.5-23.5-31.5-box-12x12.jpg 12w, https:\/\/bright-china.com\/wp-content\/uploads\/2025\/04\/45.5-23.5-31.5-box-600x600.jpg 600w, https:\/\/bright-china.com\/wp-content\/uploads\/2025\/04\/45.5-23.5-31.5-box-100x100.jpg 100w, https:\/\/bright-china.com\/wp-content\/uploads\/2025\/04\/45.5-23.5-31.5-box.jpg 750w\" data-sizes=\"(max-width: 300px) 100vw, 300px\" src=\"data:image\/svg+xml;base64,PHN2ZyB3aWR0aD0iMSIgaGVpZ2h0PSIxIiB4bWxucz0iaHR0cDovL3d3dy53My5vcmcvMjAwMC9zdmciPjwvc3ZnPg==\" style=\"--smush-placeholder-width: 300px; --smush-placeholder-aspect-ratio: 300\/300;\" \/><\/h3>\n<div style=\"overflow-x: auto;\">\n<table style=\"width: 100%;\">\n<tbody>\n<tr>\n<th style=\"background-color: #131c5e;\"><span style=\"color: #ffffff;\">Karton Abmessung (cm)<\/span><\/th>\n<th style=\"background-color: #131c5e;\"><span style=\"color: #ffffff;\">Packliste<\/span><\/th>\n<th style=\"background-color: #131c5e;\"><span style=\"color: #ffffff;\">QTY<\/span><\/th>\n<th style=\"background-color: #131c5e;\"><span style=\"color: #ffffff;\">Bruttogewicht(kg)<\/span><\/th>\n<\/tr>\n<tr>\n<td>45,5 cm \u00d7 23,5 cm \u00d7 31,5 cm<\/td>\n<td>\u00a0Besch\u00fctzer<\/td>\n<td>60St\u00fcck<\/td>\n<td>20kg<\/td>\n<\/tr>\n<\/tbody>\n<\/table>\n<\/div>\n<h3><\/h3>\n<h2><a href=\"https:\/\/bright-china.com\/product\/\">Strombegrenzender Feueralarmschutzschalter<\/a> Abmessungen<\/h2>\n<hr \/>\n<p>&nbsp;<\/p>\n<p><img decoding=\"async\" class=\"alignnone wp-image-8696 size-full lazyload\" data-src=\"https:\/\/bright-china.com\/wp-content\/uploads\/2025\/04\/Current-Limiting-Fire-Alarm-Protector-is-Overall-dimensionsFHXL-63.webp\" alt=\"Der strombegrenzende Feueralarmschutz ist die GesamtabmessungFHXL-63\" width=\"750\" height=\"422\" data-srcset=\"https:\/\/bright-china.com\/wp-content\/uploads\/2025\/04\/Current-Limiting-Fire-Alarm-Protector-is-Overall-dimensionsFHXL-63.webp 750w, https:\/\/bright-china.com\/wp-content\/uploads\/2025\/04\/Current-Limiting-Fire-Alarm-Protector-is-Overall-dimensionsFHXL-63-300x169.webp 300w, https:\/\/bright-china.com\/wp-content\/uploads\/2025\/04\/Current-Limiting-Fire-Alarm-Protector-is-Overall-dimensionsFHXL-63-18x10.webp 18w, https:\/\/bright-china.com\/wp-content\/uploads\/2025\/04\/Current-Limiting-Fire-Alarm-Protector-is-Overall-dimensionsFHXL-63-600x338.webp 600w\" data-sizes=\"(max-width: 750px) 100vw, 750px\" src=\"data:image\/svg+xml;base64,PHN2ZyB3aWR0aD0iMSIgaGVpZ2h0PSIxIiB4bWxucz0iaHR0cDovL3d3dy53My5vcmcvMjAwMC9zdmciPjwvc3ZnPg==\" style=\"--smush-placeholder-width: 750px; --smush-placeholder-aspect-ratio: 750\/422;\" \/><\/p>\n<p><a href=\"https:\/\/bright-china.com\/digital-display-current-and-voltage-protector\/\">Digitales Display mit einstellbarem Strom- und Spannungsw\u00e4chter<\/a><\/p>","protected":false},"excerpt":{"rendered":"<p>Die Serie FHXL-63 ist die<a href=\"https:\/\/bright-china.com\/product\/current-limiting-fire-alarm-protector\/\"><strong> strombegrenzender Brandmeldeschutzschalter<\/strong><\/a>\uff08 strombegrenzender Schutzeinrichtung\uff09, und es ist eine umfassende Schutzeinrichtung mit mehreren Schutzfunktionen f\u00fcr \u00dcberspannung, Unterspannung, \u00dcberstrom, Leckage, Temperatur und Raucherkennung. Das Produkt hat die Vorteile der Modularisierung, Intelligenz, Visualisierung und so weiter. Gleichzeitig unterst\u00fctzt es das Standard-Kommunikationsprotokoll Modbus485.<\/p>","protected":false},"featured_media":8662,"template":"","meta":{"_acf_changed":false,"site-sidebar-layout":"default","site-content-layout":"","ast-site-content-layout":"default","site-content-style":"default","site-sidebar-style":"default","ast-global-header-display":"","ast-banner-title-visibility":"","ast-main-header-display":"","ast-hfb-above-header-display":"","ast-hfb-below-header-display":"","ast-hfb-mobile-header-display":"","site-post-title":"","ast-breadcrumbs-content":"","ast-featured-img":"","footer-sml-layout":"","theme-transparent-header-meta":"default","adv-header-id-meta":"","stick-header-meta":"default","header-above-stick-meta":"","header-main-stick-meta":"","header-below-stick-meta":"","astra-migrate-meta-layouts":"set","ast-page-background-enabled":"default","ast-page-background-meta":{"desktop":{"background-color":"","background-image":"","background-repeat":"repeat","background-position":"center center","background-size":"auto","background-attachment":"scroll","background-type":"","background-media":"","overlay-type":"","overlay-color":"","overlay-opacity":"","overlay-gradient":""},"tablet":{"background-color":"","background-image":"","background-repeat":"repeat","background-position":"center center","background-size":"auto","background-attachment":"scroll","background-type":"","background-media":"","overlay-type":"","overlay-color":"","overlay-opacity":"","overlay-gradient":""},"mobile":{"background-color":"","background-image":"","background-repeat":"repeat","background-position":"center center","background-size":"auto","background-attachment":"scroll","background-type":"","background-media":"","overlay-type":"","overlay-color":"","overlay-opacity":"","overlay-gradient":""}},"ast-content-background-meta":{"desktop":{"background-color":"var(--ast-global-color-5)","background-image":"","background-repeat":"repeat","background-position":"center center","background-size":"auto","background-attachment":"scroll","background-type":"","background-media":"","overlay-type":"","overlay-color":"","overlay-opacity":"","overlay-gradient":""},"tablet":{"background-color":"var(--ast-global-color-5)","background-image":"","background-repeat":"repeat","background-position":"center center","background-size":"auto","background-attachment":"scroll","background-type":"","background-media":"","overlay-type":"","overlay-color":"","overlay-opacity":"","overlay-gradient":""},"mobile":{"background-color":"var(--ast-global-color-5)","background-image":"","background-repeat":"repeat","background-position":"center center","background-size":"auto","background-attachment":"scroll","background-type":"","background-media":"","overlay-type":"","overlay-color":"","overlay-opacity":"","overlay-gradient":""}},"_seo_title":"Current Limiting Fire Alarm Protector FHXL-63","_seo_keywords":"Current Limiting Fire Alarm Protector, Current Limiting Protector, voltage protector for home","_seo_description":"FHXL-63 series is the current limiting fire alarm protector\uff08\u00a0 current limiting protector\uff09, and it is a comprehensive protector with multiple protection functions for overvoltage,"},"product_brand":[],"product_cat":[15,65,69,64,57],"product_tag":[98,127],"class_list":{"0":"post-4432","1":"product","2":"type-product","3":"status-publish","4":"has-post-thumbnail","6":"product_cat-product","7":"product_cat-current-and-voltage-protector","8":"product_cat-voltmeter-ammeter","9":"product_cat-smart-meter","10":"product_cat-smart-protector","11":"product_tag-current-limiting-fire-alarm-protector","12":"product_tag-fire-alarm-protector","13":"desktop-align-center","14":"tablet-align-left","15":"mobile-align-left","16":"ast-product-gallery-layout-horizontal-slider","18":"first","19":"instock","20":"featured","21":"shipping-taxable","22":"product-type-simple"},"acf":[],"seo_title":"Current Limiting Fire Alarm Protector FHXL-63","seo_keywords":"Current Limiting Fire Alarm Protector, Current Limiting Protector, voltage protector for home","seo_description":"FHXL-63 series is the current limiting fire alarm protector\uff08\u00a0 current limiting protector\uff09, and it is a comprehensive protector with multiple protection functions for overvoltage,","seo_score":"85","product_seo_keywords":"","_links":{"self":[{"href":"https:\/\/bright-china.com\/de\/wp-json\/wp\/v2\/product\/4432","targetHints":{"allow":["GET"]}}],"collection":[{"href":"https:\/\/bright-china.com\/de\/wp-json\/wp\/v2\/product"}],"about":[{"href":"https:\/\/bright-china.com\/de\/wp-json\/wp\/v2\/types\/product"}],"wp:featuredmedia":[{"embeddable":true,"href":"https:\/\/bright-china.com\/de\/wp-json\/wp\/v2\/media\/8662"}],"wp:attachment":[{"href":"https:\/\/bright-china.com\/de\/wp-json\/wp\/v2\/media?parent=4432"}],"wp:term":[{"taxonomy":"product_brand","embeddable":true,"href":"https:\/\/bright-china.com\/de\/wp-json\/wp\/v2\/product_brand?post=4432"},{"taxonomy":"product_cat","embeddable":true,"href":"https:\/\/bright-china.com\/de\/wp-json\/wp\/v2\/product_cat?post=4432"},{"taxonomy":"product_tag","embeddable":true,"href":"https:\/\/bright-china.com\/de\/wp-json\/wp\/v2\/product_tag?post=4432"}],"curies":[{"name":"wp","href":"https:\/\/api.w.org\/{rel}","templated":true}]}}