{"id":4433,"date":"2025-04-27T02:23:54","date_gmt":"2025-04-27T02:23:54","guid":{"rendered":"https:\/\/bright-china.com\/?post_type=product&#038;p=4433"},"modified":"2026-02-28T23:11:05","modified_gmt":"2026-03-01T06:11:05","slug":"beschutzer-jgfh-125js","status":"publish","type":"product","link":"https:\/\/bright-china.com\/de\/produkt\/beschutzer-jgfh-125js\/","title":{"rendered":"3-Phasen-4-Leiter-Strombegrenzungsschalter JGFH-125JS\u00a0"},"content":{"rendered":"<h2>Produkt-Einf\u00fchrung<\/h2>\n<hr \/>\n<p><img fetchpriority=\"high\" decoding=\"async\" class=\"alignleft wp-image-8792 size-medium\" src=\"https:\/\/bright-china.com\/wp-content\/uploads\/2025\/04\/JGFH-250JS-1-300x300.webp\" alt=\"3-Phasen-4-Leiter-Strombegrenzungsschalter JGFH-125JS\" width=\"300\" height=\"300\" srcset=\"https:\/\/bright-china.com\/wp-content\/uploads\/2025\/04\/JGFH-250JS-1-300x300.webp 300w, https:\/\/bright-china.com\/wp-content\/uploads\/2025\/04\/JGFH-250JS-1-150x150.webp 150w, https:\/\/bright-china.com\/wp-content\/uploads\/2025\/04\/JGFH-250JS-1-768x768.webp 768w, https:\/\/bright-china.com\/wp-content\/uploads\/2025\/04\/JGFH-250JS-1-12x12.webp 12w, https:\/\/bright-china.com\/wp-content\/uploads\/2025\/04\/JGFH-250JS-1-600x600.webp 600w, https:\/\/bright-china.com\/wp-content\/uploads\/2025\/04\/JGFH-250JS-1-100x100.webp 100w, https:\/\/bright-china.com\/wp-content\/uploads\/2025\/04\/JGFH-250JS-1.webp 800w\" sizes=\"(max-width: 300px) 100vw, 300px\" \/><\/p>\n<p><a href=\"https:\/\/bright-china.com\/protectors\/\">3-Phasen-4-Leiter-Strombegrenzungsschalter JGFH-125JS<\/a>\u00a0 ist ein umfassendes Schutzger\u00e4t mit einer Vielzahl von Schutzfunktionen wie \u00dcberspannung, Unterspannung, \u00dcberstrom, Leckage, Phasenausfall und Nullpunktabweichung. Das Produkt ist modular, intelligent, visualisiert usw. und unterst\u00fctzt das Standard-Kommunikationsprotokoll Modbus485 sowie alle Schutzparameter wie <a href=\"https:\/\/jiangguang.net\/\">\u00dcberspannung<\/a>, Der Unterspannungs- und \u00dcberstromschutz kann entsprechend dem Leistungsbedarf eingestellt werden, um sicherzustellen, dass \u00dcberspannung, Unterspannung, \u00dcberstrom, Leckstrom, Kurzschluss, Phasenausfall usw. in der Leitung auftreten. Im Falle eines Fehlers, z. B. eines Nullpunkts, kann der Schutzschalter die Stromversorgung sofort unterbrechen, um die elektrischen Ger\u00e4te vor Sch\u00e4den zu sch\u00fctzen.<\/p>\n<h2>Arbeitsbedingungen<\/h2>\n<hr \/>\n<p>1. Die erste normale Einschaltverz\u00f6gerung betr\u00e4gt 20 Sekunden und schlie\u00dft sich automatisch. Im Falle von \u00dcberspannung, Unterspannung, \u00dcberstrom und Leckage beim ersten Einschalten wird das Produkt automatisch innerhalb von 3 Sekunden abgeschaltet;<\/p>\n<p>2. Die Umgebungstemperatur betr\u00e4gt nicht mehr als +40 \u00b0C, nicht weniger als -5 \u00b0C, und die Durchschnittstemperatur \u00fcber 24 Stunden betr\u00e4gt nicht mehr als +35 \u00b0C; bei +40 \u00b0C betr\u00e4gt die Luftfeuchtigkeit der Umgebung nicht mehr als 50%.<\/p>\n<p>3. Die H\u00f6he des Meeresspiegels am Aufstellungsort darf 2000 Meter nicht \u00fcberschreiten.<\/p>\n<p>4. Verschmutzungsgrad III.<\/p>\n<p>5. In der Installationsumgebung gibt es kein explosionsgef\u00e4hrdetes Medium, kein korrosives und isolierendes Gas und keinen leitenden Staub, und es gibt keinen Regen und Schnee.<\/p>\n<h1><span data-slate-fragment=\"JTVCJTdCJTIydHlwZSUyMiUzQSUyMnBhcmFncmFwaCUyMiUyQyUyMmNoaWxkcmVuJTIyJTNBJTVCJTdCJTIyaWQlMjIlM0ElMjJCNEE1NjMyMWplJTIyJTJDJTIycGFyYUlkeCUyMiUzQTAlMkMlMjJzcmMlMjIlM0ElMjIzcGhhc2UlMjA0d2lyZSUyMGN1cnJlbnQlMjBsaW1pdGluZyUyMHByb3RlY3RvciUyMEpHRkgtMTI1SlMlQzIlQTBvZiUyMGFyYW1ldGVycyUyMiUyQyUyMmRzdCUyMiUzQSUyMiVFNCVCOCU4OSVFNyU5QiVCOCVFNSU5QiU5QiVFNyVCQSVCRiVFOSU5OSU5MCVFNiVCNSU4MSVFNCVCRiU5RCVFNiU4QSVBNCVFNSU5OSVBOEpHRkgtMTI1SlMlRTUlOEYlODIlRTYlOTUlQjAlMjIlMkMlMjJtZXRhZGF0YSUyMiUzQSUyMiUyMiUyQyUyMm1hdGNoZXMlMjIlM0FudWxsJTJDJTIybWV0YURhdGElMjIlM0ElNUIlNUQlMkMlMjJ0ZXh0JTIyJTNBJTIyM3BoYXNlJTIwNHdpcmUlMjBjdXJyZW50JTIwbGltaXRpbmclMjBwcm90ZWN0b3IlMjBKR0ZILTEyNUpTJUMyJUEwb2YlMjBhcmFtZXRlcnMlMjIlN0QlNUQlN0QlNUQ=\">3-Phasen-4-Leiter-Strombegrenzungsschalter JGFH-125JS von arameters<\/span><\/h1>\n<hr \/>\n<table width=\"332\">\n<tbody>\n<tr>\n<td style=\"background-color: #060a30; border-color: #969696;\" width=\"212\"><span style=\"color: #ffffff;\">Typ<\/span><\/td>\n<td style=\"background-color: #060a30; border-color: #969696;\" width=\"119\"><span style=\"color: #ffffff;\">JGFH-125JS<\/span><\/td>\n<\/tr>\n<tr>\n<td>Aktueller Einstellbereich<\/td>\n<td>25~125A<\/td>\n<\/tr>\n<tr>\n<td style=\"background-color: #dedede;\">\u00dcberspannung<\/td>\n<td style=\"background-color: #dedede;\">AC265V<\/td>\n<\/tr>\n<tr>\n<td>Unter Spannung<\/td>\n<td>AC180V<\/td>\n<\/tr>\n<tr>\n<td style=\"background-color: #dedede;\">Ableitstrom-Einstellbereich<\/td>\n<td style=\"background-color: #dedede;\">75mA(5~300mA)<\/td>\n<\/tr>\n<tr>\n<td>\u00dcbereinstimmung mit<\/td>\n<td>IEC60947-2<\/td>\n<\/tr>\n<\/tbody>\n<\/table>\n<p>a. 1 Mal kann die Aktionszeit von 1 bis 120 Sekunden eingestellt werden, die Standardeinstellung ist 5 Sekunden;<\/p>\n<p>b. Das 1,1-fache der Aktionszeit ist weniger als 0,1 Sekunden;<\/p>\n<p>c. Der \u00dcberspannungsschutzwert AC265V ist im Bereich von 210-300V eingestellt,<\/p>\n<p>Die Aktionszeit betr\u00e4gt 0,1 Sekunden, und der Einstellbereich: 0,1-10 Sekunden;<\/p>\n<p>d. Der Unterspannungsschutzwert AC170V ist auf 120-200V eingestellt,<\/p>\n<p>Die Aktionszeit betr\u00e4gt 0,1 Sekunden, und der Einstellbereich: 0,1-10 Sekunden;<\/p>\n<p>e. Der Standardwert der dreiphasigen Unsymmetrie ist P000, d. h. der geschlossene Zustand;<\/p>\n<p>f. \u00dcberstrom-Einstellbereich<\/p>\n<p>Typ JGFH-125JS\/125: 25 bis 125 A<\/p>\n<p>Modell JGFH-250JS\/250: 100 bis 250A<\/p>\n<p>Modell JGFH-400JS\/400: 160 bis 400A<\/p>\n<p>g. Der Einstellbereich des Fehlerstromschutzwertes: 1 bis 1000mA, die Voreinstellung ist 75mA, und die Ausl\u00f6sezeit betr\u00e4gt weniger als 0,1 Sekunden<\/p>\n<h2>Hilfsschaltplan und \u00e4u\u00dfere Abmessungen<\/h2>\n<hr \/>\n<p><img decoding=\"async\" class=\"alignnone wp-image-8791 size-full lazyload\" data-src=\"https:\/\/bright-china.com\/wp-content\/uploads\/2025\/04\/Dimensions-of-JGFH-125JS.webp\" alt=\"Abmessungen des 3-phasigen 4-Leiter-Strombegrenzungsschutzes JGFH-125JS\" width=\"800\" height=\"1147\" data-srcset=\"https:\/\/bright-china.com\/wp-content\/uploads\/2025\/04\/Dimensions-of-JGFH-125JS.webp 800w, https:\/\/bright-china.com\/wp-content\/uploads\/2025\/04\/Dimensions-of-JGFH-125JS-209x300.webp 209w, https:\/\/bright-china.com\/wp-content\/uploads\/2025\/04\/Dimensions-of-JGFH-125JS-714x1024.webp 714w, https:\/\/bright-china.com\/wp-content\/uploads\/2025\/04\/Dimensions-of-JGFH-125JS-768x1101.webp 768w, https:\/\/bright-china.com\/wp-content\/uploads\/2025\/04\/Dimensions-of-JGFH-125JS-8x12.webp 8w, https:\/\/bright-china.com\/wp-content\/uploads\/2025\/04\/Dimensions-of-JGFH-125JS-600x860.webp 600w\" data-sizes=\"(max-width: 800px) 100vw, 800px\" src=\"data:image\/svg+xml;base64,PHN2ZyB3aWR0aD0iMSIgaGVpZ2h0PSIxIiB4bWxucz0iaHR0cDovL3d3dy53My5vcmcvMjAwMC9zdmciPjwvc3ZnPg==\" style=\"--smush-placeholder-width: 800px; --smush-placeholder-aspect-ratio: 800\/1147;\" \/><\/p>\n<p>&nbsp;<\/p>","protected":false},"excerpt":{"rendered":"<p>Der 3-phasige 4-Draht-Strombegrenzungsschutz JGFH-125JS ist ein umfassender Schutz mit einer Vielzahl von Schutzfunktionen wie \u00dcberspannung, Unterspannung, \u00dcberstrom, Leckage, Phasenausfall und fehlendem Nullpunkt sowie den Vorteilen der Produktmodularisierung, der Intelligenz, der Visualisierung usw. Bei gleichzeitiger Unterst\u00fctzung des Standard-Kommunikationsprotokolls Modbus485 k\u00f6nnen alle Schutzparameter wie \u00dcberspannung, Unterspannung und \u00dcberstromschutz entsprechend dem Leistungsbedarf eingestellt werden, um sicherzustellen, dass \u00dcberspannung, Unterspannung und \u00dcberstrom in der Leitung auftreten<\/p>","protected":false},"featured_media":8792,"template":"","meta":{"_acf_changed":false,"site-sidebar-layout":"default","site-content-layout":"","ast-site-content-layout":"default","site-content-style":"default","site-sidebar-style":"default","ast-global-header-display":"","ast-banner-title-visibility":"","ast-main-header-display":"","ast-hfb-above-header-display":"","ast-hfb-below-header-display":"","ast-hfb-mobile-header-display":"","site-post-title":"","ast-breadcrumbs-content":"","ast-featured-img":"","footer-sml-layout":"","theme-transparent-header-meta":"default","adv-header-id-meta":"","stick-header-meta":"default","header-above-stick-meta":"","header-main-stick-meta":"","header-below-stick-meta":"","astra-migrate-meta-layouts":"set","ast-page-background-enabled":"default","ast-page-background-meta":{"desktop":{"background-color":"","background-image":"","background-repeat":"repeat","background-position":"center center","background-size":"auto","background-attachment":"scroll","background-type":"","background-media":"","overlay-type":"","overlay-color":"","overlay-opacity":"","overlay-gradient":""},"tablet":{"background-color":"","background-image":"","background-repeat":"repeat","background-position":"center center","background-size":"auto","background-attachment":"scroll","background-type":"","background-media":"","overlay-type":"","overlay-color":"","overlay-opacity":"","overlay-gradient":""},"mobile":{"background-color":"","background-image":"","background-repeat":"repeat","background-position":"center center","background-size":"auto","background-attachment":"scroll","background-type":"","background-media":"","overlay-type":"","overlay-color":"","overlay-opacity":"","overlay-gradient":""}},"ast-content-background-meta":{"desktop":{"background-color":"var(--ast-global-color-5)","background-image":"","background-repeat":"repeat","background-position":"center center","background-size":"auto","background-attachment":"scroll","background-type":"","background-media":"","overlay-type":"","overlay-color":"","overlay-opacity":"","overlay-gradient":""},"tablet":{"background-color":"var(--ast-global-color-5)","background-image":"","background-repeat":"repeat","background-position":"center center","background-size":"auto","background-attachment":"scroll","background-type":"","background-media":"","overlay-type":"","overlay-color":"","overlay-opacity":"","overlay-gradient":""},"mobile":{"background-color":"var(--ast-global-color-5)","background-image":"","background-repeat":"repeat","background-position":"center center","background-size":"auto","background-attachment":"scroll","background-type":"","background-media":"","overlay-type":"","overlay-color":"","overlay-opacity":"","overlay-gradient":""}},"_seo_title":"3phase 4wire current limiting protector JGFH-125JS\u00a0","_seo_keywords":"3phase 4wire current limiting protector, 3 phase voltage protector, over current, phase loss","_seo_description":"3phase 4wire current limiting protector JGFH-125JS\u00a0 is a comprehensive protector with a variety of protection functions such as overvoltage, undervoltage,"},"product_brand":[],"product_cat":[15,65,69,64,57],"product_tag":[114,99],"class_list":{"0":"post-4433","1":"product","2":"type-product","3":"status-publish","4":"has-post-thumbnail","6":"product_cat-product","7":"product_cat-current-and-voltage-protector","8":"product_cat-voltmeter-ammeter","9":"product_cat-smart-meter","10":"product_cat-smart-protector","11":"product_tag-3phase-4wire-current-limiting-protector","12":"product_tag-current-limiting-protector","13":"desktop-align-center","14":"tablet-align-left","15":"mobile-align-left","16":"ast-product-gallery-layout-horizontal-slider","18":"first","19":"instock","20":"featured","21":"shipping-taxable","22":"product-type-simple"},"acf":[],"seo_title":"3phase 4wire current limiting protector JGFH-125JS\u00a0","seo_keywords":"3phase 4wire current limiting protector, 3 phase voltage protector, over current, phase loss","seo_description":"3phase 4wire current limiting protector JGFH-125JS\u00a0 is a comprehensive protector with a variety of protection functions such as overvoltage, undervoltage,","seo_score":"95","product_seo_keywords":"","_links":{"self":[{"href":"https:\/\/bright-china.com\/de\/wp-json\/wp\/v2\/product\/4433","targetHints":{"allow":["GET"]}}],"collection":[{"href":"https:\/\/bright-china.com\/de\/wp-json\/wp\/v2\/product"}],"about":[{"href":"https:\/\/bright-china.com\/de\/wp-json\/wp\/v2\/types\/product"}],"wp:featuredmedia":[{"embeddable":true,"href":"https:\/\/bright-china.com\/de\/wp-json\/wp\/v2\/media\/8792"}],"wp:attachment":[{"href":"https:\/\/bright-china.com\/de\/wp-json\/wp\/v2\/media?parent=4433"}],"wp:term":[{"taxonomy":"product_brand","embeddable":true,"href":"https:\/\/bright-china.com\/de\/wp-json\/wp\/v2\/product_brand?post=4433"},{"taxonomy":"product_cat","embeddable":true,"href":"https:\/\/bright-china.com\/de\/wp-json\/wp\/v2\/product_cat?post=4433"},{"taxonomy":"product_tag","embeddable":true,"href":"https:\/\/bright-china.com\/de\/wp-json\/wp\/v2\/product_tag?post=4433"}],"curies":[{"name":"wp","href":"https:\/\/api.w.org\/{rel}","templated":true}]}}