{"id":4435,"date":"2025-04-27T02:23:54","date_gmt":"2025-04-27T02:23:54","guid":{"rendered":"https:\/\/bright-china.com\/?post_type=product&#038;p=4435"},"modified":"2025-12-31T04:02:30","modified_gmt":"2025-12-31T11:02:30","slug":"spannungsschutzer-jgiv-63s","status":"publish","type":"product","link":"https:\/\/bright-china.com\/de\/produkt\/spannungsschutzer-jgiv-63s\/","title":{"rendered":"Intelligenter einstellbarer Strom- und Spannungsw\u00e4chter JGIV-63S"},"content":{"rendered":"<h3><strong>Einf\u00fchrung des Produkts<\/strong><\/h3>\n<hr \/>\n<p><img fetchpriority=\"high\" decoding=\"async\" class=\"alignleft wp-image-8731 size-medium\" src=\"https:\/\/bright-china.com\/wp-content\/uploads\/2025\/04\/Intelligent-adjustable-Voltage-current-Protector-JGIV-63S-1-300x300.webp\" alt=\"Intelligenter einstellbarer Spannungs-Strom-Schutzschalter JGIV-63S-1\" width=\"300\" height=\"300\" srcset=\"https:\/\/bright-china.com\/wp-content\/uploads\/2025\/04\/Intelligent-adjustable-Voltage-current-Protector-JGIV-63S-1-300x300.webp 300w, https:\/\/bright-china.com\/wp-content\/uploads\/2025\/04\/Intelligent-adjustable-Voltage-current-Protector-JGIV-63S-1-150x150.webp 150w, https:\/\/bright-china.com\/wp-content\/uploads\/2025\/04\/Intelligent-adjustable-Voltage-current-Protector-JGIV-63S-1-768x768.webp 768w, https:\/\/bright-china.com\/wp-content\/uploads\/2025\/04\/Intelligent-adjustable-Voltage-current-Protector-JGIV-63S-1-12x12.webp 12w, https:\/\/bright-china.com\/wp-content\/uploads\/2025\/04\/Intelligent-adjustable-Voltage-current-Protector-JGIV-63S-1-600x600.webp 600w, https:\/\/bright-china.com\/wp-content\/uploads\/2025\/04\/Intelligent-adjustable-Voltage-current-Protector-JGIV-63S-1-100x100.webp 100w, https:\/\/bright-china.com\/wp-content\/uploads\/2025\/04\/Intelligent-adjustable-Voltage-current-Protector-JGIV-63S-1.webp 800w\" sizes=\"(max-width: 300px) 100vw, 300px\" \/><\/p>\n<p><a href=\"https:\/\/bright-china.com\/product-category\/product\/\"> Intelligent einstellbarer Spannungs-Strom-Schutzschalter<\/a>\u00a0ist Intelligent Strombegrenzung Typ \u00dcber-Unterspannungsschutz ist eine Reihe von: \u00dcberspannung, Unterspannung, \u00dcberstrom-Schutz-Funktionen eines umfassenden Schutz, Produkt modular, intelligent, visualisiert, Produkt \u00dcberspannung, Unterspannung, \u00dcberstrom-Schutz, alle Schutz-Parameter eingestellt werden k\u00f6nnen, wenn die Linie <a href=\"https:\/\/elejg.com\/\">\u00dcberspannung<\/a>Beim Auftreten von Unterspannung, \u00dcberstrom und anderen Fehlern kann der Schutzschalter die Stromversorgung sofort unterbrechen, so dass die elektrischen Ger\u00e4te intakt bleiben und nicht besch\u00e4digt werden.<\/p>\n<p>\u3002 Diese Produktreihe hat eine kompakte Struktur und ein sch\u00f6nes Aussehen und wird auf Standardf\u00fchrungsschienen installiert.<\/p>\n<h3><strong>\u00a0Spannungsw\u00e4chter der Arbeitsbedingungen<\/strong><\/h3>\n<hr \/>\n<table style=\"border-collapse: collapse; width: 100%; border-color: #969696;\" width=\"100%\">\n<tbody>\n<tr style=\"height: 13.50pt;\">\n<td class=\"et2\" style=\"height: 13px; width: 159.4pt; background-color: #060a30;\" width=\"212\" height=\"18\"><span style=\"color: #ffffff;\">Typ<\/span><\/td>\n<td class=\"et3\" style=\"width: 89.95pt; background-color: #060a30; height: 13px;\" width=\"119\"><span style=\"color: #ffffff;\">JGIV-63S<\/span><\/td>\n<\/tr>\n<tr style=\"height: 13.50pt;\">\n<td class=\"et4\" style=\"height: 13px;\" height=\"18\">Aktueller Einstellbereich<\/td>\n<td class=\"et4\" style=\"height: 13px;\">63A(1<span class=\"font3\">~<\/span><span class=\"font2\">63A)<\/span><\/td>\n<\/tr>\n<tr style=\"height: 13.50pt;\">\n<td class=\"et4\" style=\"height: 13px; background-color: #dedede;\" height=\"18\">Einstellbereich der \u00dcberspannung<\/td>\n<td class=\"et4\" style=\"background-color: #dedede; height: 13px;\"><span class=\"font2\">AC270V(210<\/span><span class=\"font3\">~<\/span><span class=\"font2\">300V)<\/span><\/td>\n<\/tr>\n<tr style=\"height: 13.50pt;\">\n<td class=\"et4\" style=\"height: 13px;\" height=\"18\">Bereich der Unterspannungseinstellung<\/td>\n<td class=\"et4\" style=\"height: 13px;\"><span class=\"font2\">AC170V(80<\/span><span class=\"font3\">~<\/span><span class=\"font2\">200V)<\/span><\/td>\n<\/tr>\n<\/tbody>\n<\/table>\n<p><span style=\"font-size: 16px;\">1. Die Umgebungstemperatur betr\u00e4gt nicht mehr als +40 \u00b0C, nicht weniger als -5 \u00b0C, und die Durchschnittstemperatur \u00fcber 24 Stunden betr\u00e4gt nicht mehr als +35 \u00b0C; bei ++40\u00b0C betr\u00e4gt die Luftfeuchtigkeit der Umgebung nicht mehr als 50%;<\/span><\/p>\n<p>2. Die H\u00f6he des Meeresspiegels am Aufstellungsort darf 2000 Meter nicht \u00fcberschreiten.<\/p>\n<p>3. Verschmutzungsgrad 3<\/p>\n<p>4. In der Installationsumgebung gibt es kein explosionsgef\u00e4hrdetes Medium, keine Gase und leitf\u00e4higen St\u00e4ube, die \u00e4tzend sind und die Isolierung zerst\u00f6ren, und keine Orte, an denen Regen und Schnee eindringen<\/p>\n<h2><strong>Die wichtigsten technischen Parameter<\/strong><\/h2>\n<hr \/>\n<p>1. Betriebsspannung: AC230V, 50Hz;<\/p>\n<p>2. Nennstrom: 40A Einstellbereich von 1 bis 40A;<\/p>\n<p>80A Einstellbereich von 1 bis 80A;<\/p>\n<p>3. \u00dcberspannungsschutzwert: AC270V Einstellbereich von 220 bis 300V;<\/p>\n<p>4. \u00dcberspannungsschutzwert: AC170V Einstellbereich von 140 bis 200V;<\/p>\n<p>5. Automatisches Schlie\u00dfen mit einer Verz\u00f6gerung von 1 Sekunde beim ersten normalen Einschalten;<\/p>\n<p>6. Im Falle von \u00dcberspannung, Unterspannung und \u00dcberstrom beim ersten Einschalten wird das Produkt automatisch innerhalb von 3 Sekunden abgeschaltet;<\/p>\n<p>7. R\u00fcckstellzeit nach Ausfall: 20 Sekunden;<\/p>\n<p>8. Die mechanische Lebensdauer \u2265 100.000 mal;<\/p>\n<p>9. Produkt Verdrahtung Methode: unten in und aus der Leitung, oben in und aus der Leitung, die Standard-Verbindung<\/p>\n<p>Die Leitung ist unterbrochen und die Verbindung ist unterbrochen;<\/p>\n<p>10. Die Leistungsaufnahme des Produkts selbst: \u22642W<\/p>\n<p>11. Die Verdrahtungskapazit\u00e4t betr\u00e4gt 16 Quadratmeter<\/p>\n<h2><strong>Viertens: Die Schl\u00fcsselfunktion<\/strong><\/h2>\n<hr \/>\n<p>1. Einstellungstaste: Halten Sie die Einstelltaste 2 Sekunden lang gedr\u00fcckt, um in den Einstellungsmodus zu gelangen, und dr\u00fccken Sie sie nach dem Aufrufen des Einstellungsstatus jedes Mal, um das n\u00e4chste Einstellungsmen\u00fc aufzurufen;<\/p>\n<p>2. Aufw\u00e4rts-Taste: Abfrage der Einstellparameter des aktuellen Betriebs des Produkts und Erh\u00f6hung der Einstellwertparameter im Einstellzustand;<\/p>\n<p>3. Abw\u00e4rts-Taste: Abfrage der letzten Fehlerinformationen des Produkts und Reduzierung des Sollwertparameters im Einstellzustand;<\/p>\n<p>4. Reset-Taste: wenn der erste \u00dcberstrom erzeugt wird, wird das Produkt automatisch nach der Reset-Zeit in der Verz\u00f6gerung angegeben zu schlie\u00dfen, und wenn der zweite \u00dcberstrom muss festgestellt werden, dass die Last nicht \u00fcberlastet ist, dr\u00fccken Sie manuell die Reset-Taste, um das Produkt zu schlie\u00dfen, und dr\u00fccken Sie die Reset-Taste, um zu speichern und den Einstellungszustand zu verlassen, wenn der Zustand.<\/p>\n<h2><strong>Spannungsw\u00e4chter der Produkteinstellungen<\/strong><\/h2>\n<hr \/>\n<p>1. Halten Sie die Einstelltaste 2 Sekunden lang gedr\u00fcckt, um in den Einstellungsstatus zu gelangen, und zeigen Sie den \u00dcberspannungseinstellwert UH270 an; der Einstellbereich betr\u00e4gt 200-300, und der Standard-\u00dcberspannungsschutzwert ist AC270V;<\/p>\n<p>2. Dr\u00fccken Sie die Aufw\u00e4rts- oder Abw\u00e4rtstaste, um den f\u00fcr die \u00dcberspannung erforderlichen Schutzwert zu \u00e4ndern;<\/p>\n<p>3. Dr\u00fccken Sie die Einstellungstaste, um das n\u00e4chste Men\u00fc aufzurufen. Der Einstellwert f\u00fcr die Unterspannung ist UL170, und der Einstellbereich ist 140-200; Unterspannungsstandardschutzwert AC170V;<\/p>\n<p>4. Dr\u00fccken Sie die Aufw\u00e4rts- oder Abw\u00e4rtstaste, um den f\u00fcr die Unterspannung erforderlichen Schutzwert zu \u00e4ndern;<\/p>\n<p>5. Dr\u00fccken Sie die Einstellungstaste, um das n\u00e4chste Men\u00fc aufzurufen. Der Einstellwert f\u00fcr den Unterspannungsschutz ist Ut1, der Einstellbereich betr\u00e4gt 1-120 Sekunden, der Standardwert ist 1 Sekunde;<\/p>\n<p>6. Dr\u00fccken Sie die Aufw\u00e4rts- oder Abw\u00e4rtstaste, um den f\u00fcr die \u00dcberspannung erforderlichen Schutzwert zu \u00e4ndern;<\/p>\n<p>7. Dr\u00fccken Sie die Einstelltaste, um das n\u00e4chste Men\u00fc aufzurufen. Der Einstellwert f\u00fcr den Nennstromschutz ist In63, der Einstellbereich ist 1-80A, und der Standardwert ist 40A oder 63A;<\/p>\n<p>9. Dr\u00fccken Sie die Aufw\u00e4rts- oder Abw\u00e4rtstaste, um den f\u00fcr den \u00dcberstrom erforderlichen Schutzwert zu \u00e4ndern;<\/p>\n<p>10. Dr\u00fccken Sie die Einstellungstaste, um das n\u00e4chste Men\u00fc aufzurufen, stellen Sie die Zeit des \u00dcberstromschutzes Int20 ein, stellen Sie den Bereich von 1 bis 120 Sekunden ein, und der Standardwert ist 20 Sekunden;<\/p>\n<p>11. Dr\u00fccken Sie die Aufw\u00e4rts- oder Abw\u00e4rtstaste, um die f\u00fcr den \u00dcberstrom erforderliche Schutzzeit zu \u00e4ndern;<\/p>\n<p>12. Dr\u00fccken Sie die Einstellungstaste, um das n\u00e4chste Men\u00fc aufzurufen, und die automatische R\u00fcckstellzeit Adt20 nach dem Ausfall, der Einstellbereich ist 1-120 Sekunden, und der Standardwert ist 20 Sekunden;<\/p>\n<p>13. Dr\u00fccken Sie die Aufw\u00e4rts- oder Abw\u00e4rts-Taste, um die Zeit f\u00fcr die automatische R\u00fcckstellung zu \u00e4ndern;<\/p>\n<p>14. Nachdem die Einstellung abgeschlossen ist, dr\u00fccken Sie die Reset-Taste, um zu speichern und zur aktuellen Strom- und Spannungsanzeige zur\u00fcckzukehren<\/p>\n<h2><strong>Beschreibung des Panels<\/strong><\/h2>\n<hr \/>\n<p><img decoding=\"async\" class=\"alignnone wp-image-5539 size-full lazyload\" data-src=\"https:\/\/bright-china.com\/wp-content\/uploads\/2025\/04\/\u9762\u677f\u8bf4\u660e-\u82f1\u6587.jpg\" alt=\"Panel Beschreibung des intelligenten einstellbaren Spannungsstromschutzes JGIV-63S\" width=\"1343\" height=\"969\" data-srcset=\"https:\/\/bright-china.com\/wp-content\/uploads\/2025\/04\/\u9762\u677f\u8bf4\u660e-\u82f1\u6587.jpg 1343w, https:\/\/bright-china.com\/wp-content\/uploads\/2025\/04\/\u9762\u677f\u8bf4\u660e-\u82f1\u6587-300x216.jpg 300w, https:\/\/bright-china.com\/wp-content\/uploads\/2025\/04\/\u9762\u677f\u8bf4\u660e-\u82f1\u6587-1024x739.jpg 1024w, https:\/\/bright-china.com\/wp-content\/uploads\/2025\/04\/\u9762\u677f\u8bf4\u660e-\u82f1\u6587-768x554.jpg 768w, https:\/\/bright-china.com\/wp-content\/uploads\/2025\/04\/\u9762\u677f\u8bf4\u660e-\u82f1\u6587-18x12.jpg 18w, https:\/\/bright-china.com\/wp-content\/uploads\/2025\/04\/\u9762\u677f\u8bf4\u660e-\u82f1\u6587-600x433.jpg 600w\" data-sizes=\"(max-width: 1343px) 100vw, 1343px\" src=\"data:image\/svg+xml;base64,PHN2ZyB3aWR0aD0iMSIgaGVpZ2h0PSIxIiB4bWxucz0iaHR0cDovL3d3dy53My5vcmcvMjAwMC9zdmciPjwvc3ZnPg==\" style=\"--smush-placeholder-width: 1343px; --smush-placeholder-aspect-ratio: 1343\/969;\" \/><\/p>\n<p>&nbsp;<\/p>\n<p><img decoding=\"async\" class=\"alignnone wp-image-5538 size-full lazyload\" data-src=\"https:\/\/bright-china.com\/wp-content\/uploads\/2025\/04\/\u4ea7\u54c1\u5c3a\u5bf8.jpg\" alt=\"\u00c4u\u00dfere Abmessungen des intelligenten einstellbaren Spannungs-Strom-Schutzschalters JGIV-63S\" width=\"700\" height=\"437\" data-srcset=\"https:\/\/bright-china.com\/wp-content\/uploads\/2025\/04\/\u4ea7\u54c1\u5c3a\u5bf8.jpg 700w, https:\/\/bright-china.com\/wp-content\/uploads\/2025\/04\/\u4ea7\u54c1\u5c3a\u5bf8-300x187.jpg 300w, https:\/\/bright-china.com\/wp-content\/uploads\/2025\/04\/\u4ea7\u54c1\u5c3a\u5bf8-18x12.jpg 18w, https:\/\/bright-china.com\/wp-content\/uploads\/2025\/04\/\u4ea7\u54c1\u5c3a\u5bf8-600x375.jpg 600w\" data-sizes=\"(max-width: 700px) 100vw, 700px\" src=\"data:image\/svg+xml;base64,PHN2ZyB3aWR0aD0iMSIgaGVpZ2h0PSIxIiB4bWxucz0iaHR0cDovL3d3dy53My5vcmcvMjAwMC9zdmciPjwvc3ZnPg==\" style=\"--smush-placeholder-width: 700px; --smush-placeholder-aspect-ratio: 700\/437;\" \/><\/p>\n<h2>Sollte ein Plan sein<\/h2>\n<hr \/>\n<figure id=\"attachment_6111\" class=\"wp-caption alignleft\" aria-describedby=\"caption-attachment-6111\">\n<p><figure id=\"attachment_6111\" aria-describedby=\"caption-attachment-6111\" style=\"width: 600px\" class=\"wp-caption alignnone\"><img decoding=\"async\" class=\"wp-image-6111 size-full lazyload\" data-src=\"https:\/\/bright-china.com\/wp-content\/uploads\/2025\/04\/\u63a5\u7ebf\u56fe-\u8fc7\u6b20\u538b-3.jpg\" data-sizes=\"(max-width: 600px) 100vw, 600px\" data-srcset=\"https:\/\/bright-china.com\/wp-content\/uploads\/2025\/04\/\u63a5\u7ebf\u56fe-\u8fc7\u6b20\u538b-3.jpg 600w, https:\/\/bright-china.com\/wp-content\/uploads\/2025\/04\/\u63a5\u7ebf\u56fe-\u8fc7\u6b20\u538b-3-159x300.jpg 159w, https:\/\/bright-china.com\/wp-content\/uploads\/2025\/04\/\u63a5\u7ebf\u56fe-\u8fc7\u6b20\u538b-3-542x1024.jpg 542w, https:\/\/bright-china.com\/wp-content\/uploads\/2025\/04\/\u63a5\u7ebf\u56fe-\u8fc7\u6b20\u538b-3-6x12.jpg 6w\" alt=\"\u00dcber- und Unterspannungsschutzger\u00e4te\" width=\"600\" height=\"1133\" src=\"data:image\/svg+xml;base64,PHN2ZyB3aWR0aD0iMSIgaGVpZ2h0PSIxIiB4bWxucz0iaHR0cDovL3d3dy53My5vcmcvMjAwMC9zdmciPjwvc3ZnPg==\" style=\"--smush-placeholder-width: 600px; --smush-placeholder-aspect-ratio: 600\/1133;\" \/><figcaption id=\"caption-attachment-6111\" class=\"wp-caption-text\">\u00dcber- und Unterspannungsschutzger\u00e4te<\/figcaption><\/figure><figcaption id=\"caption-attachment-6111\" class=\"wp-caption-text\">\u00dcber- und Unterspannungsschutzger\u00e4te<\/figcaption><\/figure>\n<h3 data-slate-node=\"element\"><span class=\"null hover-sent\" style=\"color: #ff0000;\" data-slate-leaf=\"true\" data-sent-id=\"ejrkgDPYqe\">Warnung:<\/span><\/h3>\n<div data-slate-node=\"element\"><span data-slate-node=\"text\"><span class=\"null hover-sent\" data-slate-leaf=\"true\" data-sent-id=\"ejrkgDPYqe\">Die Dr\u00e4hte N und L d\u00fcrfen nicht falsch angeschlossen werden.<\/span><\/span><\/div>\n<div data-slate-node=\"element\" data-slate-fragment=\"JTVCJTdCJTIydHlwZSUyMiUzQSUyMnBhcmFncmFwaCUyMiUyQyUyMmNoaWxkcmVuJTIyJTNBJTVCJTdCJTIyaWQlMjIlM0ElMjJlanJrZ0RQWXFlJTIyJTJDJTIycGFyYUlkeCUyMiUzQTElMkMlMjJzcmMlMjIlM0ElMjJBdHRlbnRpb24lM0ElMjBUaGUlMjBOJTIwYW5kJTIwTCUyMHdpcmVzJTIwbXVzdCUyMG5vdCUyMGJlJTIwY29ubmVjdGVkJTIwaW5jb3JyZWN0bHkuJTIyJTJDJTIyZHN0JTIyJTNBJTIyJUU2JUIzJUE4JUU2JTg0JThGJUVGJUJDJTlBTiVFNSU5MiU4Q0wlRTclQkElQkYlRTQlQjglOEQlRTUlQkUlOTclRTglQkYlOUUlRTYlOEUlQTUlRTklOTQlOTklRTglQUYlQUYlRTMlODAlODIlMjIlMkMlMjJtZXRhZGF0YSUyMiUzQSUyMiUyMiUyQyUyMm1hdGNoZXMlMjIlM0FudWxsJTJDJTIybWV0YURhdGElMjIlM0ElNUIlNUQlMkMlMjJ0ZXh0JTIyJTNBJTIyVGhlJTIwTiUyMGFuZCUyMEwlMjB3aXJlcyUyMG11c3QlMjBub3QlMjBiZSUyMGNvbm5lY3RlZCUyMGluY29ycmVjdGx5LiUyMiU3RCU1RCU3RCUyQyU3QiUyMnR5cGUlMjIlM0ElMjJwYXJhZ3JhcGglMjIlMkMlMjJjaGlsZHJlbiUyMiUzQSU1QiU3QiUyMmlkJTIyJTNBJTIyVk5ETmRqOUFiQiUyMiUyQyUyMnBhcmFJZHglMjIlM0EyJTJDJTIyc3JjJTIyJTNBJTIyQWxsJTIwdGVybWluYWxzJTIwbXVzdCUyMGJlJTIwdGlnaHRlbmVkJTIwdG8lMjBwcmV2ZW50JTIwZmFsc2UlMjBjb25uZWN0aW9ucyUyMHRoYXQlMjBjb3VsZCUyMGJ1cm4lMjBvdXQlMjB0aGUlMjBwcm90ZWN0b3IuJTIyJTJDJTIyZHN0JTIyJTNBJTIyJUU2JTg5JTgwJUU2JTlDJTg5JUU3JUFCJUFGJUU1JUFEJTkwJUU1JUJGJTg1JUU5JUExJUJCJUU2JThCJUE3JUU3JUI0JUE3JUVGJUJDJThDJUU0JUJCJUE1JUU5JTk4JUIyJUU2JUFEJUEyJUU1JThGJUFGJUU4JTgzJUJEJUU3JTgzJUE3JUU1JTlEJThGJUU0JUJGJTlEJUU2JThBJUE0JUU1JTk5JUE4JUU3JTlBJTg0JUU5JTk0JTk5JUU4JUFGJUFGJUU4JUJGJTlFJUU2JThFJUE1JUUzJTgwJTgyJTIyJTJDJTIybWV0YWRhdGElMjIlM0ElMjIlMjIlMkMlMjJtYXRjaGVzJTIyJTNBbnVsbCUyQyUyMm1ldGFEYXRhJTIyJTNBJTVCJTVEJTJDJTIydGV4dCUyMiUzQSUyMkFsbCUyMHRlcm1pbmFscyUyMG11c3QlMjBiZSUyMHRpZ2h0ZW5lZCUyMHRvJTIwcHJldmVudCUyMGZhbHNlJTIwY29ubmVjdGlvbnMlMjB0aGF0JTIwY291bGQlMjBidXJuJTIwb3V0JTIwdGhlJTIwcHJvdGVjdG9yLiUyMiU3RCU1RCU3RCU1RA==\"><span data-slate-node=\"text\"><span class=\"null\" data-slate-leaf=\"true\" data-sent-id=\"VNDNdj9AbB\">Alle Klemmen m\u00fcssen fest angezogen sein, um falsche Verbindungen zu vermeiden, die den Schutz durchbrennen lassen k\u00f6nnten.<\/span><\/span><\/div>\n<h2><strong>Informationen zum Standardpaket<\/strong><\/h2>\n<hr \/>\n<div style=\"overflow-x: auto;\">\n<p><img decoding=\"async\" class=\"alignnone wp-image-6114 size-medium lazyload\" data-src=\"https:\/\/bright-china.com\/wp-content\/uploads\/2025\/04\/45.5-23.5-31.5-box-300x300.jpg\" alt=\"Verpackungsschachtel f\u00fcr Protektor\" width=\"300\" height=\"300\" data-srcset=\"https:\/\/bright-china.com\/wp-content\/uploads\/2025\/04\/45.5-23.5-31.5-box-300x300.jpg 300w, https:\/\/bright-china.com\/wp-content\/uploads\/2025\/04\/45.5-23.5-31.5-box-150x150.jpg 150w, https:\/\/bright-china.com\/wp-content\/uploads\/2025\/04\/45.5-23.5-31.5-box-12x12.jpg 12w, https:\/\/bright-china.com\/wp-content\/uploads\/2025\/04\/45.5-23.5-31.5-box-600x600.jpg 600w, https:\/\/bright-china.com\/wp-content\/uploads\/2025\/04\/45.5-23.5-31.5-box-100x100.jpg 100w, https:\/\/bright-china.com\/wp-content\/uploads\/2025\/04\/45.5-23.5-31.5-box.jpg 750w\" data-sizes=\"(max-width: 300px) 100vw, 300px\" src=\"data:image\/svg+xml;base64,PHN2ZyB3aWR0aD0iMSIgaGVpZ2h0PSIxIiB4bWxucz0iaHR0cDovL3d3dy53My5vcmcvMjAwMC9zdmciPjwvc3ZnPg==\" style=\"--smush-placeholder-width: 300px; --smush-placeholder-aspect-ratio: 300\/300;\" \/><\/p>\n<table style=\"width: 100%; border-color: #969696;\">\n<tbody>\n<tr>\n<th style=\"background-color: #060a30; width: 38.4266%;\"><span style=\"color: #ffffff;\">Karton Abmessung (cm)<\/span><\/th>\n<th style=\"background-color: #060a30; width: 17.6248%;\"><span style=\"color: #ffffff;\">Packliste<\/span><\/th>\n<th style=\"background-color: #060a30; width: 14.0696%;\"><span style=\"color: #ffffff;\">QTY<\/span><\/th>\n<th style=\"background-color: #060a30; width: 29.8033%;\"><span style=\"color: #ffffff;\">Bruttogewicht(kg)<\/span><\/th>\n<\/tr>\n<tr>\n<td style=\"width: 38.4266%;\">45,5 cm \u00d7 23,5 cm \u00d7 31,5 cm<\/td>\n<td style=\"width: 17.6248%;\">\u00a0Besch\u00fctzer<\/td>\n<td style=\"width: 14.0696%;\">120St\u00fcck<\/td>\n<td style=\"width: 29.8033%;\">20kg<\/td>\n<\/tr>\n<\/tbody>\n<\/table>\n<p><a href=\"https:\/\/bright-china.com\/digital-display-current-and-voltage-protector\/\">Digitales Display mit einstellbarem Strom- und Spannungsw\u00e4chter<\/a><\/p>\n<\/div>","protected":false},"excerpt":{"rendered":"<p><a href=\"https:\/\/bright-china.com\/product-category\/product\/\">Intelligent einstellbarer Spannungs-Strom-Schutzschalter<\/a>\u00a0is Intelligent current limiting type over-under-voltage protector is a set of: over-voltage, under-voltage, over-current protection functions of a comprehensive protector, product modular, intelligent, visualized, <a href=\"https:\/\/bright-china.com\/en\/current-and-voltage-protector\/\" title=\"\u67e5\u770b\u66f4\u591a\u5173\u4e8eproduct over-voltage\u7684\u4fe1\u606f\" class=\"seo-keyword-link\" style=\"font-weight: bold; color: inherit; text-decoration: underline; border-bottom: 1px dotted #667eea;\">product over-voltage<\/a>, under-voltage, over-current protection, all protection parameters can be set, when the line over-voltage, under-voltage, over-current and other faults occur the protector can instantly cut off the power supply, protect the electrical equipment intact and not damaged.<br \/>\n<strong>Anweisungen \uff1a<\/strong><a href=\"https:\/\/bright-china.com\/wp-content\/uploads\/2025\/04\/JGIV-63Svoltage-protector-1PN.pdf\"> Spannungsschutzger\u00e4t JGIV-63SManual<\/a><\/p>","protected":false},"featured_media":8734,"template":"","meta":{"_acf_changed":false,"site-sidebar-layout":"default","site-content-layout":"","ast-site-content-layout":"default","site-content-style":"default","site-sidebar-style":"default","ast-global-header-display":"","ast-banner-title-visibility":"","ast-main-header-display":"","ast-hfb-above-header-display":"","ast-hfb-below-header-display":"","ast-hfb-mobile-header-display":"","site-post-title":"","ast-breadcrumbs-content":"","ast-featured-img":"","footer-sml-layout":"","theme-transparent-header-meta":"default","adv-header-id-meta":"","stick-header-meta":"default","header-above-stick-meta":"","header-main-stick-meta":"","header-below-stick-meta":"","astra-migrate-meta-layouts":"set","ast-page-background-enabled":"default","ast-page-background-meta":{"desktop":{"background-color":"","background-image":"","background-repeat":"repeat","background-position":"center center","background-size":"auto","background-attachment":"scroll","background-type":"","background-media":"","overlay-type":"","overlay-color":"","overlay-opacity":"","overlay-gradient":""},"tablet":{"background-color":"","background-image":"","background-repeat":"repeat","background-position":"center center","background-size":"auto","background-attachment":"scroll","background-type":"","background-media":"","overlay-type":"","overlay-color":"","overlay-opacity":"","overlay-gradient":""},"mobile":{"background-color":"","background-image":"","background-repeat":"repeat","background-position":"center center","background-size":"auto","background-attachment":"scroll","background-type":"","background-media":"","overlay-type":"","overlay-color":"","overlay-opacity":"","overlay-gradient":""}},"ast-content-background-meta":{"desktop":{"background-color":"var(--ast-global-color-5)","background-image":"","background-repeat":"repeat","background-position":"center center","background-size":"auto","background-attachment":"scroll","background-type":"","background-media":"","overlay-type":"","overlay-color":"","overlay-opacity":"","overlay-gradient":""},"tablet":{"background-color":"var(--ast-global-color-5)","background-image":"","background-repeat":"repeat","background-position":"center center","background-size":"auto","background-attachment":"scroll","background-type":"","background-media":"","overlay-type":"","overlay-color":"","overlay-opacity":"","overlay-gradient":""},"mobile":{"background-color":"var(--ast-global-color-5)","background-image":"","background-repeat":"repeat","background-position":"center center","background-size":"auto","background-attachment":"scroll","background-type":"","background-media":"","overlay-type":"","overlay-color":"","overlay-opacity":"","overlay-gradient":""}},"_seo_title":"Intelligent adjustable current and Voltage Protector","_seo_keywords":"voltage protector for fridge, voltage protector, voltage protector 220v, Adjustable over and under voltage protector","_seo_description":"Intelligent adjustable Voltage current Protector\u00a0is Intelligent current limiting type over-under-voltage protector is a set of: over-voltage, under-voltage,"},"product_brand":[],"product_cat":[15,70,65,69,64,57],"product_tag":[115,137,140,93],"class_list":{"0":"post-4435","1":"product","2":"type-product","3":"status-publish","4":"has-post-thumbnail","6":"product_cat-product","7":"product_cat-small-ammeter","8":"product_cat-current-and-voltage-protector","9":"product_cat-voltmeter-ammeter","10":"product_cat-smart-meter","11":"product_cat-smart-protector","12":"product_tag-current-voltage-protector","13":"product_tag-digital-display-adjustable-current-and-voltage-protector","14":"product_tag-intelligent-adjustable-voltage-current-protector","15":"product_tag-voltage-protector","16":"desktop-align-center","17":"tablet-align-left","18":"mobile-align-left","19":"ast-product-gallery-layout-horizontal-slider","21":"first","22":"instock","23":"featured","24":"shipping-taxable","25":"product-type-simple"},"acf":[],"seo_title":"Intelligent adjustable current and Voltage Protector","seo_keywords":"voltage protector for fridge, voltage protector, voltage protector 220v, Adjustable over and under voltage protector","seo_description":"Intelligent adjustable Voltage current Protector\u00a0is Intelligent current limiting type over-under-voltage protector is a set of: over-voltage, under-voltage,","seo_score":"85","product_seo_keywords":"","_links":{"self":[{"href":"https:\/\/bright-china.com\/de\/wp-json\/wp\/v2\/product\/4435","targetHints":{"allow":["GET"]}}],"collection":[{"href":"https:\/\/bright-china.com\/de\/wp-json\/wp\/v2\/product"}],"about":[{"href":"https:\/\/bright-china.com\/de\/wp-json\/wp\/v2\/types\/product"}],"wp:featuredmedia":[{"embeddable":true,"href":"https:\/\/bright-china.com\/de\/wp-json\/wp\/v2\/media\/8734"}],"wp:attachment":[{"href":"https:\/\/bright-china.com\/de\/wp-json\/wp\/v2\/media?parent=4435"}],"wp:term":[{"taxonomy":"product_brand","embeddable":true,"href":"https:\/\/bright-china.com\/de\/wp-json\/wp\/v2\/product_brand?post=4435"},{"taxonomy":"product_cat","embeddable":true,"href":"https:\/\/bright-china.com\/de\/wp-json\/wp\/v2\/product_cat?post=4435"},{"taxonomy":"product_tag","embeddable":true,"href":"https:\/\/bright-china.com\/de\/wp-json\/wp\/v2\/product_tag?post=4435"}],"curies":[{"name":"wp","href":"https:\/\/api.w.org\/{rel}","templated":true}]}}