{"id":4436,"date":"2025-04-27T02:23:54","date_gmt":"2025-04-27T02:23:54","guid":{"rendered":"https:\/\/bright-china.com\/?post_type=product&#038;p=4436"},"modified":"2025-12-31T04:15:06","modified_gmt":"2025-12-31T11:15:06","slug":"spannungswachter-jggq-80","status":"publish","type":"product","link":"https:\/\/bright-china.com\/de\/produkt\/spannungswachter-jggq-80\/","title":{"rendered":"Dreiphasiger Vierleiter-\u00dcber- und Unterspannungsschutz JGGQ-80"},"content":{"rendered":"<h2><strong>Einf\u00fchrung<\/strong><\/h2>\n<hr \/>\n<p><a style=\"font-size: 16px; background-color: #ffffff;\" href=\"https:\/\/bright-china.com\/current-voltage-protector\/\">Dreiphasige Vierleiter-\u00dcber- und Unterspannung <\/a><span style=\"font-size: 16px;\">Protector JGGQ-80S\/3P+N Es ist ein Upgrade von der gew\u00f6hnlichen Art von Produkt, Produkt technische Merkmale: geringer Stromverbrauch, lange Lebensdauer, pr\u00e4zise Steuerung, fehlender Phasenschutz, fehlender Null-Leitungsschutz, maximaler Kurzschlussgrenzstrom von 3000A, Softwaresteuerung der Humanisierung und klare Anzeige mit Led-Licht, das Produkt wird zum ersten Mal unter normalen Bedingungen der Stromversorgung Schlie\u00dfzeit von 5 Sekunden eingeschaltet, wenn die Leitung Unterspannung, fehlende Phase und andere Fehler auftritt, wenn die Stromversorgung normal wird, ist die Schlie\u00dfzeit 20 Sekunden, dieses Design spart zu viel Zeit zu warten, wenn das Stromnetz ohne Strom ist.<\/span><\/p>\n<p>Der dreiphasige Vier-DrahtSelbst r\u00fccksetzbare \u00dcber-\/UnterspannungsschutzEs hat die Funktionen von Phasenverlust, Nullverlust,<a href=\"https:\/\/elejg.com\/?product\/\"> \u00dcberspannung<\/a> und Unterspannungsschutz und wird h\u00e4ufig in dreiphasigen Vierdraht-Verteilungsleitungen und Photovoltaik-Kombik\u00e4sten eingesetzt.<\/p>\n<h2><strong><a href=\"https:\/\/bright-china.com\/product\/current-limiting-fire-alarm-protector\/\">Dreiphasiger \u00dcber- und Unterspannungsschutz f\u00fcr vier Leitungen <\/a> der Parameter<\/strong><\/h2>\n<hr \/>\n<p>1. Nennstrom: 32A, 40A, 50A, 63A, 80A<\/p>\n<p>2. Betriebsspannung: AC230V, 50Hz (Arbeitsmodus Phase-Leitung-Neutralleiter)<\/p>\n<p>3. \u00dcberspannungsschutzwert: AC270V \u00b15V (Phase zu Null)<\/p>\n<p>4. Unterspannungsschutzwert: AC170V \u00b15V (Phase bis Null)<\/p>\n<p>5. Erste Einschaltzeit: 5 Sekunden<\/p>\n<p>6. R\u00fcckstellzeit nach Ausfall: 20 Sekunden<\/p>\n<p>7. Aktionszeit: 0,1 Sekunden<\/p>\n<p>8. Die h\u00f6chste ist m\u00f6glichmitstandAC450V \u00dcberspannung(Phase zu Null)\u3002.<\/p>\n<h2><strong>Durchf\u00fchrungsbestimmungen<\/strong><\/h2>\n<hr \/>\n<p>JGJ242-2011 Code f\u00fcr die elektrische Planung von Wohngeb\u00e4uden<\/p>\n<p>JGJ\/T16-2008<\/p>\n<p>GJBT-672 Standardatlas f\u00fcr die elektrische Planung und Konstruktion von Wohngeb\u00e4uden<\/p>\n<p>GB\/T68895.10-2001<\/p>\n<p>Erf\u00fcllt die Sicherheitsstandards f\u00fcr Elektroger\u00e4te der Klasse III<\/p>\n<p>JB\/T12762-2015 \u300a<a href=\"https:\/\/bright-china.com\/current-voltage-protector\/\"><strong>3Phasen 4Leiter \u00fcber und <\/strong><\/a><strong>unter <\/strong><a href=\"https:\/\/bright-china.com\/current-voltage-protector\/\"><strong>Spannungsw\u00e4chter<\/strong><\/a>\uff08<strong>OUPA<\/strong>)\u300b<\/p>\n<h2><strong>Dreiphasiger \u00dcber- und Unterspannungsschutz f\u00fcr vier Leitungen <\/strong><strong>der Gr\u00f6\u00dfe<\/strong><\/h2>\n<hr \/>\n<p><strong><img fetchpriority=\"high\" decoding=\"async\" class=\"alignnone wp-image-5588 size-full\" src=\"https:\/\/bright-china.com\/wp-content\/uploads\/2025\/04\/\u5916\u5f62\u5c3a\u5bf8.jpg\" alt=\"Abmessungen des dreiphasigen Vierleiter-\u00dcber- und Unterspannungsschutzes JGGQ-80S\" width=\"1141\" height=\"617\" srcset=\"https:\/\/bright-china.com\/wp-content\/uploads\/2025\/04\/\u5916\u5f62\u5c3a\u5bf8.jpg 1141w, https:\/\/bright-china.com\/wp-content\/uploads\/2025\/04\/\u5916\u5f62\u5c3a\u5bf8-300x162.jpg 300w, https:\/\/bright-china.com\/wp-content\/uploads\/2025\/04\/\u5916\u5f62\u5c3a\u5bf8-1024x554.jpg 1024w, https:\/\/bright-china.com\/wp-content\/uploads\/2025\/04\/\u5916\u5f62\u5c3a\u5bf8-768x415.jpg 768w, https:\/\/bright-china.com\/wp-content\/uploads\/2025\/04\/\u5916\u5f62\u5c3a\u5bf8-18x10.jpg 18w, https:\/\/bright-china.com\/wp-content\/uploads\/2025\/04\/\u5916\u5f62\u5c3a\u5bf8-600x324.jpg 600w\" sizes=\"(max-width: 1141px) 100vw, 1141px\" \/><\/strong><\/p>\n<p>&nbsp;<\/p>\n<h3 data-slate-node=\"element\"><span data-slate-node=\"text\"><span class=\"null hover-sent\" data-slate-leaf=\"true\" data-sent-id=\"ejrkgDPYqe\">Warnung:<\/span><\/span><\/h3>\n<div data-slate-node=\"element\"><span data-slate-node=\"text\"><span class=\"null hover-sent\" data-slate-leaf=\"true\" data-sent-id=\"ejrkgDPYqe\">Die Dr\u00e4hte N und L d\u00fcrfen nicht falsch angeschlossen werden.<\/span><\/span><\/div>\n<div data-slate-node=\"element\" data-slate-fragment=\"JTVCJTdCJTIydHlwZSUyMiUzQSUyMnBhcmFncmFwaCUyMiUyQyUyMmNoaWxkcmVuJTIyJTNBJTVCJTdCJTIyaWQlMjIlM0ElMjJlanJrZ0RQWXFlJTIyJTJDJTIycGFyYUlkeCUyMiUzQTElMkMlMjJzcmMlMjIlM0ElMjJBdHRlbnRpb24lM0ElMjBUaGUlMjBOJTIwYW5kJTIwTCUyMHdpcmVzJTIwbXVzdCUyMG5vdCUyMGJlJTIwY29ubmVjdGVkJTIwaW5jb3JyZWN0bHkuJTIyJTJDJTIyZHN0JTIyJTNBJTIyJUU2JUIzJUE4JUU2JTg0JThGJUVGJUJDJTlBTiVFNSU5MiU4Q0wlRTclQkElQkYlRTQlQjglOEQlRTUlQkUlOTclRTglQkYlOUUlRTYlOEUlQTUlRTklOTQlOTklRTglQUYlQUYlRTMlODAlODIlMjIlMkMlMjJtZXRhZGF0YSUyMiUzQSUyMiUyMiUyQyUyMm1hdGNoZXMlMjIlM0FudWxsJTJDJTIybWV0YURhdGElMjIlM0ElNUIlNUQlMkMlMjJ0ZXh0JTIyJTNBJTIyVGhlJTIwTiUyMGFuZCUyMEwlMjB3aXJlcyUyMG11c3QlMjBub3QlMjBiZSUyMGNvbm5lY3RlZCUyMGluY29ycmVjdGx5LiUyMiU3RCU1RCU3RCUyQyU3QiUyMnR5cGUlMjIlM0ElMjJwYXJhZ3JhcGglMjIlMkMlMjJjaGlsZHJlbiUyMiUzQSU1QiU3QiUyMmlkJTIyJTNBJTIyVk5ETmRqOUFiQiUyMiUyQyUyMnBhcmFJZHglMjIlM0EyJTJDJTIyc3JjJTIyJTNBJTIyQWxsJTIwdGVybWluYWxzJTIwbXVzdCUyMGJlJTIwdGlnaHRlbmVkJTIwdG8lMjBwcmV2ZW50JTIwZmFsc2UlMjBjb25uZWN0aW9ucyUyMHRoYXQlMjBjb3VsZCUyMGJ1cm4lMjBvdXQlMjB0aGUlMjBwcm90ZWN0b3IuJTIyJTJDJTIyZHN0JTIyJTNBJTIyJUU2JTg5JTgwJUU2JTlDJTg5JUU3JUFCJUFGJUU1JUFEJTkwJUU1JUJGJTg1JUU5JUExJUJCJUU2JThCJUE3JUU3JUI0JUE3JUVGJUJDJThDJUU0JUJCJUE1JUU5JTk4JUIyJUU2JUFEJUEyJUU1JThGJUFGJUU4JTgzJUJEJUU3JTgzJUE3JUU1JTlEJThGJUU0JUJGJTlEJUU2JThBJUE0JUU1JTk5JUE4JUU3JTlBJTg0JUU5JTk0JTk5JUU4JUFGJUFGJUU4JUJGJTlFJUU2JThFJUE1JUUzJTgwJTgyJTIyJTJDJTIybWV0YWRhdGElMjIlM0ElMjIlMjIlMkMlMjJtYXRjaGVzJTIyJTNBbnVsbCUyQyUyMm1ldGFEYXRhJTIyJTNBJTVCJTVEJTJDJTIydGV4dCUyMiUzQSUyMkFsbCUyMHRlcm1pbmFscyUyMG11c3QlMjBiZSUyMHRpZ2h0ZW5lZCUyMHRvJTIwcHJldmVudCUyMGZhbHNlJTIwY29ubmVjdGlvbnMlMjB0aGF0JTIwY291bGQlMjBidXJuJTIwb3V0JTIwdGhlJTIwcHJvdGVjdG9yLiUyMiU3RCU1RCU3RCU1RA==\"><span data-slate-node=\"text\"><span class=\"null\" data-slate-leaf=\"true\" data-sent-id=\"VNDNdj9AbB\">Alle Klemmen m\u00fcssen fest angezogen sein, um falsche Verbindungen zu vermeiden, die den Schutz durchbrennen lassen k\u00f6nnten.<\/span><\/span><\/div>\n<p>&nbsp;<\/p>\n<h2><strong>Informationen zum Standardpaket<\/strong><\/h2>\n<hr \/>\n<div style=\"overflow-x: auto;\">\n<p><img decoding=\"async\" class=\"alignnone wp-image-8832 size-medium lazyload\" data-src=\"https:\/\/bright-china.com\/wp-content\/uploads\/2025\/04\/Packaging-box-for-protector--300x300.webp\" alt=\"Verpackungsschachtel f\u00fcr Protektor\" width=\"300\" height=\"300\" data-srcset=\"https:\/\/bright-china.com\/wp-content\/uploads\/2025\/04\/Packaging-box-for-protector--300x300.webp 300w, https:\/\/bright-china.com\/wp-content\/uploads\/2025\/04\/Packaging-box-for-protector--150x150.webp 150w, https:\/\/bright-china.com\/wp-content\/uploads\/2025\/04\/Packaging-box-for-protector--12x12.webp 12w, https:\/\/bright-china.com\/wp-content\/uploads\/2025\/04\/Packaging-box-for-protector--600x600.webp 600w, https:\/\/bright-china.com\/wp-content\/uploads\/2025\/04\/Packaging-box-for-protector--100x100.webp 100w, https:\/\/bright-china.com\/wp-content\/uploads\/2025\/04\/Packaging-box-for-protector-.webp 750w\" data-sizes=\"(max-width: 300px) 100vw, 300px\" src=\"data:image\/svg+xml;base64,PHN2ZyB3aWR0aD0iMSIgaGVpZ2h0PSIxIiB4bWxucz0iaHR0cDovL3d3dy53My5vcmcvMjAwMC9zdmciPjwvc3ZnPg==\" style=\"--smush-placeholder-width: 300px; --smush-placeholder-aspect-ratio: 300\/300;\" \/><\/p>\n<table style=\"width: 100%; border-color: #969696;\">\n<tbody>\n<tr>\n<th style=\"background-color: #060a30;\"><span style=\"color: #ffffff;\">Karton Abmessung (cm)<\/span><\/th>\n<th style=\"background-color: #060a30;\"><span style=\"color: #ffffff;\">Packliste<\/span><\/th>\n<th style=\"background-color: #060a30;\"><span style=\"color: #ffffff;\">QTY<\/span><\/th>\n<th style=\"background-color: #060a30;\"><span style=\"color: #ffffff;\">Bruttogewicht(kg)<\/span><\/th>\n<\/tr>\n<tr>\n<td>45,5 cm \u00d7 23,5 cm \u00d7 31,5 cm<\/td>\n<td>\u00a0Besch\u00fctzer<\/td>\n<td>60St\u00fcck<\/td>\n<td>20kg<\/td>\n<\/tr>\n<\/tbody>\n<\/table>\n<\/div>\n<p><a href=\"https:\/\/bright-china.com\/digital-display-current-and-voltage-protector\/\">Digitales Display mit einstellbarem Strom- und Spannungsw\u00e4chter<\/a><\/p>","protected":false},"excerpt":{"rendered":"<p><strong>Dreiphasiger \u00dcber- und Unterspannungsschutz f\u00fcr vier Leitungen<\/strong> ist ein Upgrade von der gew\u00f6hnlichen Art von Produkt, Produkt-Features: geringer Stromverbrauch, lange Lebensdauer, pr\u00e4zise Steuerung, Phasenverlust Schutz, Mangel an Null-Linie Schutz, maximale Kurzschlussbegrenzung Strom 3000A, Software-Steuerung Humanisierung und klare Anzeige mit Led-Licht, das Produkt eingeschaltet ist zum ersten Mal unter normalen Bedingungen der Stromversorgung Schlie\u00dfzeit betr\u00e4gt 6 Sekunden, wenn die Linie auftritt, \u00fcber-Unterspannung, Mangel an Phase und andere Fehler, wenn die Stromversorgung schaltet normal, die Schlie\u00dfzeit betr\u00e4gt 40 Sekunden, dieses Design spart zu viel Zeit zu warten, wenn das Stromnetz ist in der Stromausfall.<\/p>","protected":false},"featured_media":8794,"template":"","meta":{"_acf_changed":false,"site-sidebar-layout":"default","site-content-layout":"","ast-site-content-layout":"default","site-content-style":"default","site-sidebar-style":"default","ast-global-header-display":"","ast-banner-title-visibility":"","ast-main-header-display":"","ast-hfb-above-header-display":"","ast-hfb-below-header-display":"","ast-hfb-mobile-header-display":"","site-post-title":"","ast-breadcrumbs-content":"","ast-featured-img":"","footer-sml-layout":"","theme-transparent-header-meta":"default","adv-header-id-meta":"","stick-header-meta":"default","header-above-stick-meta":"","header-main-stick-meta":"","header-below-stick-meta":"","astra-migrate-meta-layouts":"set","ast-page-background-enabled":"default","ast-page-background-meta":{"desktop":{"background-color":"","background-image":"","background-repeat":"repeat","background-position":"center center","background-size":"auto","background-attachment":"scroll","background-type":"","background-media":"","overlay-type":"","overlay-color":"","overlay-opacity":"","overlay-gradient":""},"tablet":{"background-color":"","background-image":"","background-repeat":"repeat","background-position":"center center","background-size":"auto","background-attachment":"scroll","background-type":"","background-media":"","overlay-type":"","overlay-color":"","overlay-opacity":"","overlay-gradient":""},"mobile":{"background-color":"","background-image":"","background-repeat":"repeat","background-position":"center center","background-size":"auto","background-attachment":"scroll","background-type":"","background-media":"","overlay-type":"","overlay-color":"","overlay-opacity":"","overlay-gradient":""}},"ast-content-background-meta":{"desktop":{"background-color":"var(--ast-global-color-5)","background-image":"","background-repeat":"repeat","background-position":"center center","background-size":"auto","background-attachment":"scroll","background-type":"","background-media":"","overlay-type":"","overlay-color":"","overlay-opacity":"","overlay-gradient":""},"tablet":{"background-color":"var(--ast-global-color-5)","background-image":"","background-repeat":"repeat","background-position":"center center","background-size":"auto","background-attachment":"scroll","background-type":"","background-media":"","overlay-type":"","overlay-color":"","overlay-opacity":"","overlay-gradient":""},"mobile":{"background-color":"var(--ast-global-color-5)","background-image":"","background-repeat":"repeat","background-position":"center center","background-size":"auto","background-attachment":"scroll","background-type":"","background-media":"","overlay-type":"","overlay-color":"","overlay-opacity":"","overlay-gradient":""}},"_seo_title":"Three phase four wire over and under voltage protector","_seo_keywords":"Three phase four wire over and under voltage protector, Auto Reconnect Adjustabie Current voltage Protector, voltage protector for home","_seo_description":"Three phase four wire over and under voltage protector is an upgrade from the ordinary type of product, product features: low power consumption, long life, precise control, phase loss protection,..."},"product_brand":[],"product_cat":[15,65,57],"product_tag":[117,116,118,93],"class_list":{"0":"post-4436","1":"product","2":"type-product","3":"status-publish","4":"has-post-thumbnail","6":"product_cat-product","7":"product_cat-current-and-voltage-protector","8":"product_cat-smart-protector","9":"product_tag-automatic-reset-over-and-under-voltage-protector","10":"product_tag-current-and-voltage-protector","11":"product_tag-digital-display-adjustable-voltage-and-current-protector","12":"product_tag-voltage-protector","13":"desktop-align-center","14":"tablet-align-left","15":"mobile-align-left","16":"ast-product-gallery-layout-horizontal-slider","18":"first","19":"instock","20":"sale","21":"shipping-taxable","22":"purchasable","23":"product-type-simple"},"acf":[],"seo_title":"Three phase four wire over and under voltage protector","seo_keywords":"Three phase four wire over and under voltage protector, Auto Reconnect Adjustabie Current voltage Protector, voltage protector for home","seo_description":"Three phase four wire over and under voltage protector is an upgrade from the ordinary type of product, product features: low power consumption, long life, precise control, phase loss protection,...","seo_score":"75","product_seo_keywords":"","_links":{"self":[{"href":"https:\/\/bright-china.com\/de\/wp-json\/wp\/v2\/product\/4436","targetHints":{"allow":["GET"]}}],"collection":[{"href":"https:\/\/bright-china.com\/de\/wp-json\/wp\/v2\/product"}],"about":[{"href":"https:\/\/bright-china.com\/de\/wp-json\/wp\/v2\/types\/product"}],"wp:featuredmedia":[{"embeddable":true,"href":"https:\/\/bright-china.com\/de\/wp-json\/wp\/v2\/media\/8794"}],"wp:attachment":[{"href":"https:\/\/bright-china.com\/de\/wp-json\/wp\/v2\/media?parent=4436"}],"wp:term":[{"taxonomy":"product_brand","embeddable":true,"href":"https:\/\/bright-china.com\/de\/wp-json\/wp\/v2\/product_brand?post=4436"},{"taxonomy":"product_cat","embeddable":true,"href":"https:\/\/bright-china.com\/de\/wp-json\/wp\/v2\/product_cat?post=4436"},{"taxonomy":"product_tag","embeddable":true,"href":"https:\/\/bright-china.com\/de\/wp-json\/wp\/v2\/product_tag?post=4436"}],"curies":[{"name":"wp","href":"https:\/\/api.w.org\/{rel}","templated":true}]}}