{"id":4439,"date":"2025-04-27T02:23:54","date_gmt":"2025-04-27T02:23:54","guid":{"rendered":"https:\/\/bright-china.com\/?post_type=product&#038;p=4439"},"modified":"2026-02-28T23:14:29","modified_gmt":"2026-03-01T06:14:29","slug":"zahler-jgyb-96","status":"publish","type":"product","link":"https:\/\/bright-china.com\/de\/produkt\/zahler-jgyb-96\/","title":{"rendered":"Digitales Multifunktionsmessger\u00e4t JGYB-96"},"content":{"rendered":"<h2>Einf\u00fchrung<\/h2>\n<hr \/>\n<p><img fetchpriority=\"high\" decoding=\"async\" class=\"alignleft wp-image-8809 size-medium\" title=\"Digitaler Multifunktions-Leistungsmesser\" src=\"https:\/\/bright-china.com\/wp-content\/uploads\/2025\/04\/Digital-Multifunction-Meter-JGYB-96-1-300x300.webp\" alt=\"Digitales Multifunktionsmessger\u00e4t JGYB-96-0\" width=\"300\" height=\"300\" srcset=\"https:\/\/bright-china.com\/wp-content\/uploads\/2025\/04\/Digital-Multifunction-Meter-JGYB-96-1-300x300.webp 300w, https:\/\/bright-china.com\/wp-content\/uploads\/2025\/04\/Digital-Multifunction-Meter-JGYB-96-1-150x150.webp 150w, https:\/\/bright-china.com\/wp-content\/uploads\/2025\/04\/Digital-Multifunction-Meter-JGYB-96-1-768x768.webp 768w, https:\/\/bright-china.com\/wp-content\/uploads\/2025\/04\/Digital-Multifunction-Meter-JGYB-96-1-12x12.webp 12w, https:\/\/bright-china.com\/wp-content\/uploads\/2025\/04\/Digital-Multifunction-Meter-JGYB-96-1-600x600.webp 600w, https:\/\/bright-china.com\/wp-content\/uploads\/2025\/04\/Digital-Multifunction-Meter-JGYB-96-1-100x100.webp 100w, https:\/\/bright-china.com\/wp-content\/uploads\/2025\/04\/Digital-Multifunction-Meter-JGYB-96-1.webp 800w\" sizes=\"(max-width: 300px) 100vw, 300px\" \/><\/p>\n<p><strong>\u00a0 <\/strong><\/p>\n<p><strong><a href=\"https:\/\/bright-china.com\/current-voltage-protector\/\">\u00a0 \u00a0Digitaler Multifunktions-Leistungsmesser <\/a><\/strong>Es ist f\u00fcr die Leistungs\u00fcberwachung von Stromnetzen, Industrie- und Bergbauunternehmen, \u00f6ffentlichen Einrichtungen und intelligenten Geb\u00e4uden konzipiert. Es kann alle g\u00e4ngigen Leistungsparameter messen, wie z. B. Dreiphasenstrom, Spannung, Wirk- und Blindleistung, Strom, Oberschwingungen usw. Da die<a href=\"https:\/\/www.elejg.com\/?product\/\"> Leistungsmesser <\/a>verf\u00fcgt auch \u00fcber eine vollst\u00e4ndige Kommunikationsnetzwerkfunktion, wir nennen es ein Netzwerkleistungsmessger\u00e4t. Er ist ideal f\u00fcr Echtzeit-Strom\u00fcberwachungssysteme.<\/p>\n<p>&nbsp;<\/p>\n<p>Das Messger\u00e4t hat ein gutes Preis-Leistungs-Verh\u00e4ltnis und kann herk\u00f6mmliche Leistungstransmitter und Messger\u00e4te direkt ersetzen. Als fortschrittliches intelligentes und digitales Front-End-Erfassungselement wurde diese Serie von Netzinstrumenten in verschiedenen Steuerungssystemen, SCADA-Systemen und Energiemanagementsystemen weithin eingesetzt.<\/p>\n<h1><\/h1>\n<h2><strong>Produktnormen<\/strong><\/h2>\n<hr \/>\n<p>GB\/T 22264.1-2008 Elektrische Messger\u00e4te mit eingebauter Digitalanzeige - Teil 1: Definitionen und allgemeine Anforderungen<\/p>\n<p>GB\/T 22264.7-2008 Elektrische Messger\u00e4te mit eingebauter Digitalanzeige - Teil 7: Besondere Anforderungen an Multifunktionsger\u00e4te<\/p>\n<p>GB\/T 22264.8-2008 Elektrische Messger\u00e4te mit eingebauter Digitalanzeige - Teil 8: Empfohlene Pr\u00fcfverfahren<\/p>\n<p>GB\/T 17215.322-2008 Wechselstrommessger\u00e4te - Besondere Anforderungen - Teil 22: Statische Wirkenergiez\u00e4hler (0,2S und 0,5S)<\/p>\n<p>GB\/T 17215.323-2008 Wechselstrommessger\u00e4te - Besondere Anforderungen - Teil 23: Station\u00e4re Blindenergiez\u00e4hler (Klasse 2 und 3)<\/p>\n<p>DL\/T 614-2007 Multifunktionaler Energiez\u00e4hler<\/p>\n<p>GB14287-2005 Elektrisches Brand\u00fcberwachungssystem<\/p>\n<p>GB50045-95 Code f\u00fcr die brandschutztechnische Planung von Hochh\u00e4usern<\/p>\n<p>GB50054-95 Entwurfsregeln f\u00fcr die Niederspannungsenergieverteilung<\/p>\n<p>GB50096 Codes f\u00fcr die Gestaltung von Wohngeb\u00e4uden<\/p>\n<p>GB13955-2005 Installation und Betrieb von Fehlerstromschutzeinrichtungen<\/p>\n<p>GB50016-2006 Code f\u00fcr die Brandschutzplanung von Geb\u00e4uden<\/p>\n<h2><strong>Modell-Nomenklatur<\/strong><\/h2>\n<hr \/>\n<p><strong>Leistungsmerkmale:<\/strong><\/p>\n<p>Hochpr\u00e4zise Messung von Dreiphasenspannung, Dreiphasenstrom, Wirkleistung, Blindleistung, <a href=\"https:\/\/bright-china.com\/en\/voltmeter-ammeter\/\" title=\"\u67e5\u770b\u66f4\u591a\u5173\u4e8e Scheinbare Macht\u7684\u4fe1\u606f\" class=\"seo-keyword-link\" style=\"font-weight: bold; color: inherit; text-decoration: underline; border-bottom: 1px dotted #667eea;\">Scheinleistung<\/a>, Leistungsfaktor, Frequenz und andere elektrische Parameter<\/p>\n<p>Vorw\u00e4rts- und R\u00fcckw\u00e4rts-Wirk-\/Blindenergiez\u00e4hlung<\/p>\n<p>Verbrauchszeitmessung von elektrischer Energie, zeitabh\u00e4ngige Ablesung von elektrischer Energie<\/p>\n<p>Messung der gesamten harmonischen Verzerrung (THD) der dreiphasigen Spannung und des dreiphasigen Stroms sowie der ungeraden harmonischen Komponente von 2 bis 31<\/p>\n<p>Digitale R\u00f6hren- oder LCD-Anzeige, lokale Datenabfrage<\/p>\n<p>Die Men\u00fcs sind intuitiv und die Tasten sind leicht zu bedienen<\/p>\n<p>Das Strom- und Spannungswandlungsverh\u00e4ltnis ist programmierbar<\/p>\n<p>Erm\u00f6glicht die \u00dcberwachung des Leckstroms in mehreren Schleifen<\/p>\n<p>Bietet einen Mehrkreis-Steuerknoten, der f\u00fcr Alarm, Ausl\u00f6sung und andere Steuerungen verwendet werden kann<\/p>\n<p>Unterst\u00fctzung der Brandbek\u00e4mpfung und Unterbrechung der Fehlerschleife aus der Ferne<\/p>\n<p>Unterst\u00fctzt RS-485-Kommunikation, Modbus-RTU-Protokoll<\/p>\n<p>Es unterst\u00fctzt Schalteing\u00e4nge, Schaltausg\u00e4nge, analoge \u00dcbertragungsausg\u00e4nge und Leistungsimpulsausg\u00e4nge<\/p>\n<p>Es ist leicht zu installieren, einfach zu verdrahten und klein im Aufbau<\/p>\n<p>Universelles AC\/DC-Netzteil mit gro\u00dfer Reichweite: AC\/DC 80V~270V<\/p>\n<p>Es kann die Vernetzung einer Vielzahl von Kommunikationssoftware in SCADA und PLC vervollst\u00e4ndigen<\/p>\n<h2><strong>Technische Indikatoren<\/strong><\/h2>\n<hr \/>\n<p><strong>Messgenauigkeit<\/strong><\/p>\n<p>Spannung 0,5 Klasse<\/p>\n<p>Aktuell 0,5 Klasse<\/p>\n<p><a href=\"https:\/\/bright-china.com\/en\/voltmeter-ammeter\/\" title=\"\u67e5\u770b\u66f4\u591a\u5173\u4e8eWirkleistung\u7684\u4fe1\u606f\" class=\"seo-keyword-link\" style=\"font-weight: bold; color: inherit; text-decoration: underline; border-bottom: 1px dotted #667eea;\">Wirkleistung<\/a> 0,5 Klasse<\/p>\n<p>Blindleistung 0,5 Klasse<\/p>\n<p>Leistungsfaktor 0,5 Niveau<\/p>\n<p>Frequenz \u00b10,02Hz<\/p>\n<p>Wirkenergie 0,5S oder 0,2S<\/p>\n<p>Blindenergie Stufe 1 oder 2<\/p>\n<h2><strong>Signaleingang<\/strong><\/h2>\n<hr \/>\n<p>Verdrahtungsart: Dreiphasen-Vierleiter, Dreiphasen-Dreileiter<\/p>\n<p>Nennspannung: AC 57.7V, AC 100V, AC 220V, AC 380V<\/p>\n<p>Nennstrom: AC 1A, AC 5A<\/p>\n<p>\u00dcberlastspannung: 1,2 Mal (kontinuierlich), 2 Mal\/1 Sekunde (sofort)<\/p>\n<p>Stromst\u00e4rke: 1,2x (kontinuierlich), 10x\/5 sec (sofort)<\/p>\n<p>Leistungsaufnahme Spannung: &lt;1VA\/Phase, Strom: &lt;0,4VA\/Phase<\/p>\n<p>Impedanz Spannung: &gt;300k\u03a9, Strom: &lt;20m\u03a9<\/p>\n<p>Frequenz: 45~65Hz<\/p>\n<p><strong>Hilfsenergieversorgung<\/strong><\/p>\n<p>Arbeitsbereich AC\/DC: 80V~270V<\/p>\n<p>Leistungsaufnahme &lt;4VA<\/p>\n<h2><strong>Funktionale Module<\/strong><\/h2>\n<hr \/>\n<p>Kommunikationsschnittstelle: Unterst\u00fctzt 1 Kanal RS-485 Kommunikation, Modbus-RTU Protokoll<\/p>\n<p>Baudrate: 1200~9600bps, Standard 2400 bps<\/p>\n<p>Schalteing\u00e4nge unterst\u00fctzen 4 Dry Junction-Eing\u00e4nge<\/p>\n<p>Schaltausgang Unterst\u00fctzung von 3 Relaisausg\u00e4ngen, Kapazit\u00e4t: AC 250V\/5A, DC 30V\/5A<\/p>\n<p>Messwandlerausgang Unterst\u00fctzt 1 Analogausgang: 0\/4~20mA oder 0~5\/10V<\/p>\n<p>Leistungsimpulsausgang Unterst\u00fctzt 2 Leistungsimpulsausg\u00e4nge, konstant: 8000imp\/KWh(Kvarh)<\/p>\n<h2><strong>Umwelt<\/strong><\/h2>\n<hr \/>\n<p>Betriebstemperatur: -10\u00b0C~+55\u00b0C<\/p>\n<p>Lagertemperatur: -25\u00b0C~+70\u00b0C<\/p>\n<p>Relative Luftfeuchtigkeit \u226493%, kein Ort f\u00fcr korrosive Gase<\/p>\n<p>\u2264 2500m \u00fcber dem Meeresspiegel<\/p>\n<h2><strong>sicher<\/strong><\/h2>\n<hr \/>\n<p>Isolationswiderstand &gt;100M\u03a9<\/p>\n<p>AC-Stehspannung AC 2KV<\/p>\n<p><strong>Elektromagnetische Vertr\u00e4glichkeit<\/strong><\/p>\n<p>Elektrostatische Entladung Stufe 4<\/p>\n<p>Elektrischer schneller transienter Burst Klasse 4<\/p>\n<p>Wucht (Schock) Stufe 4<\/p>\n<h2><strong>Abmessungen<\/strong><\/h2>\n<hr \/>\n<p>Rahmengr\u00f6\u00dfe (mm) 120\u00d7120;96\u00d796; 80\u00d780\uff1b72\u00d772<\/p>\n<p>Ausschnittgr\u00f6\u00dfe (mm) 111\u00d7111;92\u00d792; 76\u00d776\uff1b68\u00d768<\/p>","protected":false},"excerpt":{"rendered":"<p><a href=\"https:\/\/bright-china.com\/automatic-reconnection-energy-metering-protector-of-test-jgdl-63\/\">\u00a0Digitaler Multifunktions-Leistungsmesser <\/a>ist f\u00fcr die Leistungs\u00fcberwachung von Stromnetzen, Industrie- und Bergbauunternehmen, \u00f6ffentlichen Einrichtungen und intelligenten Geb\u00e4uden konzipiert. Er kann alle g\u00e4ngigen Leistungsparameter messen, wie z. B. Dreiphasenstrom, Spannung, Wirk- und Blindleistung, Strom, Oberschwingungen usw. Da der Stromz\u00e4hler auch \u00fcber eine vollst\u00e4ndige Kommunikationsnetzwerkfunktion verf\u00fcgt, nennen wir ihn einen Netzwerkstromz\u00e4hler. Er ist ideal f\u00fcr Echtzeit-Energie\u00fcberwachungssysteme. Der Z\u00e4hler hat ein gutes Preis-Leistungs-Verh\u00e4ltnis und kann herk\u00f6mmliche Leistungstransmitter und Messger\u00e4te direkt ersetzen. Als fortschrittliches intelligentes und digitales Front-End-Erfassungselement wurde diese Serie von Netzwerkinstrumenten in verschiedenen Steuerungssystemen, SCADA-Systemen und Energiemanagementsystemen weithin eingesetzt.<\/p>","protected":false},"featured_media":8811,"template":"","meta":{"_acf_changed":false,"site-sidebar-layout":"default","site-content-layout":"","ast-site-content-layout":"default","site-content-style":"default","site-sidebar-style":"default","ast-global-header-display":"","ast-banner-title-visibility":"","ast-main-header-display":"","ast-hfb-above-header-display":"","ast-hfb-below-header-display":"","ast-hfb-mobile-header-display":"","site-post-title":"","ast-breadcrumbs-content":"","ast-featured-img":"","footer-sml-layout":"","theme-transparent-header-meta":"default","adv-header-id-meta":"","stick-header-meta":"default","header-above-stick-meta":"","header-main-stick-meta":"","header-below-stick-meta":"","astra-migrate-meta-layouts":"set","ast-page-background-enabled":"default","ast-page-background-meta":{"desktop":{"background-color":"","background-image":"","background-repeat":"repeat","background-position":"center center","background-size":"auto","background-attachment":"scroll","background-type":"","background-media":"","overlay-type":"","overlay-color":"","overlay-opacity":"","overlay-gradient":""},"tablet":{"background-color":"","background-image":"","background-repeat":"repeat","background-position":"center center","background-size":"auto","background-attachment":"scroll","background-type":"","background-media":"","overlay-type":"","overlay-color":"","overlay-opacity":"","overlay-gradient":""},"mobile":{"background-color":"","background-image":"","background-repeat":"repeat","background-position":"center center","background-size":"auto","background-attachment":"scroll","background-type":"","background-media":"","overlay-type":"","overlay-color":"","overlay-opacity":"","overlay-gradient":""}},"ast-content-background-meta":{"desktop":{"background-color":"var(--ast-global-color-5)","background-image":"","background-repeat":"repeat","background-position":"center center","background-size":"auto","background-attachment":"scroll","background-type":"","background-media":"","overlay-type":"","overlay-color":"","overlay-opacity":"","overlay-gradient":""},"tablet":{"background-color":"var(--ast-global-color-5)","background-image":"","background-repeat":"repeat","background-position":"center center","background-size":"auto","background-attachment":"scroll","background-type":"","background-media":"","overlay-type":"","overlay-color":"","overlay-opacity":"","overlay-gradient":""},"mobile":{"background-color":"var(--ast-global-color-5)","background-image":"","background-repeat":"repeat","background-position":"center center","background-size":"auto","background-attachment":"scroll","background-type":"","background-media":"","overlay-type":"","overlay-color":"","overlay-opacity":"","overlay-gradient":""}},"_seo_title":"Digital Multi function Meter JGYB-96","_seo_keywords":"power meter, meter, High-precision measurement of three-phase voltage, three-phase current, active power, reactive power, apparent power, power factor","_seo_description":"\u00a0Digital multi function power meter is designed for the power monitoring needs of power systems, industrial and mining enterprises, public facilities,"},"product_brand":[],"product_cat":[15,70,69,64],"product_tag":[85,86,120,121],"class_list":{"0":"post-4439","1":"product","2":"type-product","3":"status-publish","4":"has-post-thumbnail","6":"product_cat-product","7":"product_cat-small-ammeter","8":"product_cat-voltmeter-ammeter","9":"product_cat-smart-meter","10":"product_tag-d85-20-voltmeter-black","11":"product_tag-d85-20-voltmeter-white","12":"product_tag-digital-multi-function-power-meter","13":"product_tag-power-meter","14":"desktop-align-center","15":"tablet-align-left","16":"mobile-align-left","17":"ast-product-gallery-layout-horizontal-slider","19":"first","20":"instock","21":"sale","22":"downloadable","23":"shipping-taxable","24":"purchasable","25":"product-type-simple"},"acf":[],"seo_title":"Digital Multi function Meter JGYB-96","seo_keywords":"power meter, meter, High-precision measurement of three-phase voltage, three-phase current, active power, reactive power, apparent power, power factor","seo_description":"\u00a0Digital multi function power meter is designed for the power monitoring needs of power systems, industrial and mining enterprises, public facilities,","seo_score":"95","product_seo_keywords":"","_links":{"self":[{"href":"https:\/\/bright-china.com\/de\/wp-json\/wp\/v2\/product\/4439","targetHints":{"allow":["GET"]}}],"collection":[{"href":"https:\/\/bright-china.com\/de\/wp-json\/wp\/v2\/product"}],"about":[{"href":"https:\/\/bright-china.com\/de\/wp-json\/wp\/v2\/types\/product"}],"wp:featuredmedia":[{"embeddable":true,"href":"https:\/\/bright-china.com\/de\/wp-json\/wp\/v2\/media\/8811"}],"wp:attachment":[{"href":"https:\/\/bright-china.com\/de\/wp-json\/wp\/v2\/media?parent=4439"}],"wp:term":[{"taxonomy":"product_brand","embeddable":true,"href":"https:\/\/bright-china.com\/de\/wp-json\/wp\/v2\/product_brand?post=4439"},{"taxonomy":"product_cat","embeddable":true,"href":"https:\/\/bright-china.com\/de\/wp-json\/wp\/v2\/product_cat?post=4439"},{"taxonomy":"product_tag","embeddable":true,"href":"https:\/\/bright-china.com\/de\/wp-json\/wp\/v2\/product_tag?post=4439"}],"curies":[{"name":"wp","href":"https:\/\/api.w.org\/{rel}","templated":true}]}}