{"id":4440,"date":"2025-04-27T02:23:54","date_gmt":"2025-04-27T02:23:54","guid":{"rendered":"https:\/\/bright-china.com\/?post_type=product&#038;p=4440"},"modified":"2025-12-29T20:33:37","modified_gmt":"2025-12-30T03:33:37","slug":"messgerat-dts3805","status":"publish","type":"product","link":"https:\/\/bright-china.com\/de\/produkt\/messgerat-dts3805\/","title":{"rendered":"Hutschienen-Energiemessger\u00e4t DTS3805"},"content":{"rendered":"<h2><strong>Umfang der Anwendung<\/strong><\/h2>\n<hr \/>\n<p><a href=\"https:\/\/bright-china.com\/product\/digital-multi-function-power-meter\/\">\u00a0 Din-Schienen-Energiez\u00e4hler ist<\/a> 3-Phasen-4-Draht und 3-Phasen-3-Draht elektronische Schiene elektrisch <a href=\"https:\/\/www.elejg.com\/?product\/\">Energiez\u00e4hler <\/a>(im Folgenden als \"Instrument\") ist die Verwendung von gro\u00dfen integrierten Schaltungen, die Anwendung der digitalen Abtastung Technologie, ist f\u00fcr das Stromnetz, Kommunikations-Industrie, Bauindustrie und andere Power Monitoring und Power Metering Bed\u00fcrfnisse, vor allem f\u00fcr die elektrische Schaltung in der Drei-Phasen-Spannung, Drei-Phasen-Strom, Wirkleistung, Blindleistung, Frequenz, vorw\u00e4rts und r\u00fcckw\u00e4rts elektrische Energie, vier-Quadranten elektrische Energie und andere Parameter f\u00fcr die Echtzeit-Messung und Anzeige, mit Standard-DIN35mm Din-Schiene Montage; Als Monitoring-Terminal-Produkt des Energiemanagementsystems kann es weithin in der internen Leistungsbewertung und \u00dcberwachung von Industrie- und Bergbauunternehmen, Hotels, Schulen und gro\u00dfen \u00f6ffentlichen Geb\u00e4uden eingesetzt werden.<\/p>\n<p>Die Leistungsindikatoren des Stromz\u00e4hlers entsprechen den folgenden einschl\u00e4gigen technischen Normen:<\/p>\n<p>GB\/T 17215.211-2021<\/p>\n<p>GB\/T 17215.321-2021 Besondere Anforderungen f\u00fcr elektrische Messger\u00e4te (AC) - Teil 21: Statische Wirkenergiez\u00e4hler (Klasse A, Klasse B, Klasse C)<\/p>\n<p>GB\/T 17215.323-2008 Besondere Anforderungen an Wechselstrommessger\u00e4te - Teil 23: Statische Blindenergiez\u00e4hler (Ebenen 2 und 3)<\/p>\n<p>DL\/T 645-2007 \"Multifunktionales Kommunikationsprotokoll f\u00fcr Energiez\u00e4hler\" MODUS-RTU Standardprotokoll<\/p>\n<h2><strong>Produktmerkmale<\/strong><\/h2>\n<hr \/>\n<p>Die wichtigsten Funktionen des Produkts sind: dreiphasige Spannung, dreiphasiger Strom, Wirkleistung, Blindleistung, Leistung, Leistungsfaktor, Frequenz, Messung der Wirkenergie, Messung der Blindenergie, statistischer komplexer Tarif (optional), Oberwellenanalyse (optional)<\/p>\n<p>Er verf\u00fcgt \u00fcber einen RS485-Kommunikationsanschluss und unterst\u00fctzt das Standardprotokoll ModBus oder das Protokoll DL\/T 645-2007.<\/p>\n<p>Es kann externe Steuerfunktionen unterst\u00fctzen und unterst\u00fctzt bis zu 2 Relaisausg\u00e4nge<\/p>\n<p>DIN35mm Standardschienenmontage, modularer Aufbau, geringe Gr\u00f6\u00dfe, einfach zu installieren;<\/p>\n<h2><strong>Hutschienen-Energiez\u00e4hler Modellbeschreibung<\/strong><\/h2>\n<hr \/>\n<p><img decoding=\"async\" data-src=\"https:\/\/elejg.com\/static\/upload\/image\/20241219\/1734595606168089.jpg\" alt=\"Bedienungsanleitung f\u00fcr den Drehstromz\u00e4hler (4P) - Modellbeschreibung .jpg\" src=\"data:image\/svg+xml;base64,PHN2ZyB3aWR0aD0iMSIgaGVpZ2h0PSIxIiB4bWxucz0iaHR0cDovL3d3dy53My5vcmcvMjAwMC9zdmciPjwvc3ZnPg==\" class=\"lazyload\" \/><\/p>\n<h2><strong>Din-Schienen-Energiemessger\u00e4t der Gr\u00f6\u00dfe\u00a0<\/strong><\/h2>\n<hr \/>\n<p><img fetchpriority=\"high\" decoding=\"async\" class=\"alignnone size-full wp-image-8820\" src=\"https:\/\/bright-china.com\/wp-content\/uploads\/2025\/04\/Dimensions-of-Din-Rail-Energy-Meter-DTS805.jpg\" alt=\"\" width=\"689\" height=\"408\" srcset=\"https:\/\/bright-china.com\/wp-content\/uploads\/2025\/04\/Dimensions-of-Din-Rail-Energy-Meter-DTS805.jpg 689w, https:\/\/bright-china.com\/wp-content\/uploads\/2025\/04\/Dimensions-of-Din-Rail-Energy-Meter-DTS805-300x178.jpg 300w, https:\/\/bright-china.com\/wp-content\/uploads\/2025\/04\/Dimensions-of-Din-Rail-Energy-Meter-DTS805-18x12.jpg 18w, https:\/\/bright-china.com\/wp-content\/uploads\/2025\/04\/Dimensions-of-Din-Rail-Energy-Meter-DTS805-600x355.jpg 600w\" sizes=\"(max-width: 689px) 100vw, 689px\" \/><\/p>","protected":false},"excerpt":{"rendered":"<p>Der Din-Schienen-Energiez\u00e4hler ist 3-Phasen-4-Draht nimmt DIN35mm Schiene Installationsstruktur, geringe Gr\u00f6\u00dfe, kann elektrische Energie und andere elektrische Parameter zu messen, k\u00f6nnen Parameter wie Uhr, Rate Zeitraum, etc., mit hoher Pr\u00e4zision, gute Zuverl\u00e4ssigkeit und Leistungsindikatoren im Einklang mit dem nationalen Standard GB\/T17215-2002, GB\/T17883-1999 und die Energie-Industrie-Standard DL\/T614-2007 f\u00fcr die technischen Anforderungen der elektrischen Energie-Z\u00e4hler, und hat die Funktion der elektrischen Energie-Impuls-Ausgang; RS485-Kommunikations-Schnittstelle kann verwendet werden, um den Datenaustausch mit dem Host-Computer zu realisieren.<\/p>","protected":false},"featured_media":8814,"template":"","meta":{"_acf_changed":false,"site-sidebar-layout":"default","site-content-layout":"","ast-site-content-layout":"default","site-content-style":"default","site-sidebar-style":"default","ast-global-header-display":"","ast-banner-title-visibility":"","ast-main-header-display":"","ast-hfb-above-header-display":"","ast-hfb-below-header-display":"","ast-hfb-mobile-header-display":"","site-post-title":"","ast-breadcrumbs-content":"","ast-featured-img":"","footer-sml-layout":"","theme-transparent-header-meta":"default","adv-header-id-meta":"","stick-header-meta":"default","header-above-stick-meta":"","header-main-stick-meta":"","header-below-stick-meta":"","astra-migrate-meta-layouts":"set","ast-page-background-enabled":"default","ast-page-background-meta":{"desktop":{"background-color":"","background-image":"","background-repeat":"repeat","background-position":"center center","background-size":"auto","background-attachment":"scroll","background-type":"","background-media":"","overlay-type":"","overlay-color":"","overlay-opacity":"","overlay-gradient":""},"tablet":{"background-color":"","background-image":"","background-repeat":"repeat","background-position":"center center","background-size":"auto","background-attachment":"scroll","background-type":"","background-media":"","overlay-type":"","overlay-color":"","overlay-opacity":"","overlay-gradient":""},"mobile":{"background-color":"","background-image":"","background-repeat":"repeat","background-position":"center center","background-size":"auto","background-attachment":"scroll","background-type":"","background-media":"","overlay-type":"","overlay-color":"","overlay-opacity":"","overlay-gradient":""}},"ast-content-background-meta":{"desktop":{"background-color":"var(--ast-global-color-5)","background-image":"","background-repeat":"repeat","background-position":"center center","background-size":"auto","background-attachment":"scroll","background-type":"","background-media":"","overlay-type":"","overlay-color":"","overlay-opacity":"","overlay-gradient":""},"tablet":{"background-color":"var(--ast-global-color-5)","background-image":"","background-repeat":"repeat","background-position":"center center","background-size":"auto","background-attachment":"scroll","background-type":"","background-media":"","overlay-type":"","overlay-color":"","overlay-opacity":"","overlay-gradient":""},"mobile":{"background-color":"var(--ast-global-color-5)","background-image":"","background-repeat":"repeat","background-position":"center center","background-size":"auto","background-attachment":"scroll","background-type":"","background-media":"","overlay-type":"","overlay-color":"","overlay-opacity":"","overlay-gradient":""}},"_seo_title":"","_seo_keywords":"","_seo_description":""},"product_brand":[],"product_cat":[15,70,69,64],"product_tag":[123,122,121],"class_list":{"0":"post-4440","1":"product","2":"type-product","3":"status-publish","4":"has-post-thumbnail","6":"product_cat-product","7":"product_cat-small-ammeter","8":"product_cat-voltmeter-ammeter","9":"product_cat-smart-meter","10":"product_tag-din-rail-type-energy-meter","11":"product_tag-energy-meter","12":"product_tag-power-meter","13":"desktop-align-center","14":"tablet-align-left","15":"mobile-align-left","16":"ast-product-gallery-layout-horizontal-slider","18":"first","19":"instock","20":"sale","21":"featured","22":"shipping-taxable","23":"purchasable","24":"product-type-simple"},"acf":[],"seo_title":"","seo_keywords":"","seo_description":"","seo_score":0,"product_seo_keywords":"","_links":{"self":[{"href":"https:\/\/bright-china.com\/de\/wp-json\/wp\/v2\/product\/4440","targetHints":{"allow":["GET"]}}],"collection":[{"href":"https:\/\/bright-china.com\/de\/wp-json\/wp\/v2\/product"}],"about":[{"href":"https:\/\/bright-china.com\/de\/wp-json\/wp\/v2\/types\/product"}],"wp:featuredmedia":[{"embeddable":true,"href":"https:\/\/bright-china.com\/de\/wp-json\/wp\/v2\/media\/8814"}],"wp:attachment":[{"href":"https:\/\/bright-china.com\/de\/wp-json\/wp\/v2\/media?parent=4440"}],"wp:term":[{"taxonomy":"product_brand","embeddable":true,"href":"https:\/\/bright-china.com\/de\/wp-json\/wp\/v2\/product_brand?post=4440"},{"taxonomy":"product_cat","embeddable":true,"href":"https:\/\/bright-china.com\/de\/wp-json\/wp\/v2\/product_cat?post=4440"},{"taxonomy":"product_tag","embeddable":true,"href":"https:\/\/bright-china.com\/de\/wp-json\/wp\/v2\/product_tag?post=4440"}],"curies":[{"name":"wp","href":"https:\/\/api.w.org\/{rel}","templated":true}]}}