{"id":4442,"date":"2025-04-27T02:23:54","date_gmt":"2025-04-27T02:23:54","guid":{"rendered":"https:\/\/bright-china.com\/?post_type=product&#038;p=4442"},"modified":"2026-01-01T17:35:44","modified_gmt":"2026-01-02T00:35:44","slug":"jgafdd-63","status":"publish","type":"product","link":"https:\/\/bright-china.com\/de\/produkt\/jgafdd-63\/","title":{"rendered":"St\u00f6rlichtbogen-Erkennungsger\u00e4te JGAFDD-63"},"content":{"rendered":"<h2><strong>Einf\u00fchrung<\/strong><\/h2>\n<hr \/>\n<p><strong>\u00a0 \u00a0<\/strong><a href=\"https:\/\/bright-china.com\/digital-display-current-and-voltage-protector\/\">St\u00f6rlichtbogen-Erkennungsger\u00e4te (AFDD)<\/a>Es besteht aus einem Leitungsschutzschalter und einem St\u00f6rlichtbogenschutzmodul und verf\u00fcgt \u00fcber Schutzfunktionen wie \u00dcberlast-, Kurzschluss- und St\u00f6rlichtbogenschutz.<\/p>\n<p>AFDD Geeignet f\u00fcr die Kommunikation 50Hz, Nennspannung 230V, Nennstrom bis 63AIn den folgenden Zeilen, ist es verwendet, um den Schutz der<a href=\"https:\/\/elejg.com\/\"> \u00dcberstrom<\/a> Gleichzeitig kann es viele Brandrisiken, die durch den Bruch elektrischer Ger\u00e4te oder die Alterung von Leitungen verursacht werden, im Voraus erkennen und vor Erdungs-, Parallel- und Serienlichtbogenfehlern sch\u00fctzen. Die Zahl der Brandunf\u00e4lle ist in gewissem Ma\u00dfe zur\u00fcckgegangen, und die Sicherheit von Leben und Eigentum der Menschen wurde wirksam gesch\u00fctzt.<\/p>\n<h2><strong>AFDD-Produktmerkmale<\/strong><\/h2>\n<hr \/>\n<table style=\"border-collapse: collapse; width: 100%; border-color: #969696;\" border=\"0\" width=\"100%\" cellspacing=\"0\" cellpadding=\"0\">\n<tbody>\n<tr style=\"height: 13.50pt;\">\n<td class=\"et2\" style=\"height: 13.5pt; width: 40.2421%; background-color: #060a30;\" width=\"212\" height=\"18\"><span style=\"color: #ffffff;\">Typ<\/span><\/td>\n<td class=\"et3\" style=\"width: 59.6823%; background-color: #060a30;\" width=\"119\"><span style=\"color: #ffffff;\">JGAFDD-63<\/span><\/td>\n<\/tr>\n<tr style=\"height: 36.00pt;\">\n<td class=\"et4\" style=\"height: 36pt; width: 40.2421%;\" height=\"48\">Aktuelle Spezifikationen<\/td>\n<td class=\"et5\" style=\"width: 59.6823%;\" width=\"119\">6A,10A,16A,20A,25A,32A,40A,50A,63A<\/td>\n<\/tr>\n<tr style=\"height: 13.50pt;\">\n<td class=\"et4\" style=\"height: 13.5pt; background-color: #dedede; width: 40.2421%;\" height=\"18\">Pole<\/td>\n<td class=\"et4\" style=\"background-color: #dedede; width: 59.6823%;\">2P\uff0c4P<\/td>\n<\/tr>\n<tr style=\"height: 13.50pt;\">\n<td class=\"et4\" style=\"height: 13.5pt; width: 40.2421%;\" height=\"18\">Betriebsspannung<\/td>\n<td class=\"et4\" style=\"width: 59.6823%;\">AC230V<\/td>\n<\/tr>\n<tr>\n<td style=\"width: 40.2421%; background-color: #dedede;\">\u00dcbereinstimmung mit<\/td>\n<td style=\"width: 59.6823%; background-color: #dedede;\">GB\/T 31143-2025<\/td>\n<\/tr>\n<\/tbody>\n<\/table>\n<p>a\uff09Schutz vor \u00dcberlastung und langen Verz\u00f6gerungen;<\/p>\n<p>b\uff09Schutz vor \u00dcberlast und Kurzzeitverz\u00f6gerung;<\/p>\n<p>c\uff09Sofortiger Ausl\u00f6seschutz;<\/p>\n<p>d\uff09Serien-St\u00f6rlichtbogenschutz;<\/p>\n<p>e\uff09Paralleler St\u00f6rlichtbogenschutz;<\/p>\n<p>FGround St\u00f6rlichtbogenschutz;<\/p>\n<p>g\uff09Mehrere Stromangaben.<\/p>\n<p>&nbsp;<\/p>\n<h2><strong>\u00a0AFDD Arbeits- und Installationsbedingungen<\/strong><\/h2>\n<hr \/>\n<p>aAmbientelufttemperatur<\/p>\n<p>Die Umgebungslufttemperatur ist nicht h\u00f6her als +70\u2103, nicht niedriger als-35\u2103\uff0c24Der Durchschnitt der Stunden \u00fcberschreitet nicht +35\u2103\uff1b<\/p>\n<p>Hinweis: Die Umgebungslufttemperatur ist h\u00f6her als +70\u2103oder niedriger als -35\u2103Benutzungsbedingungen AFDD St\u00f6rlichtbogenschutz ist ausgeschaltet Der Roader sollte mit dem Hersteller verhandelt werden;<\/p>\n<p>bAltitude<\/p>\n<p>Die H\u00f6he des Aufstellungsortes \u00fcbersteigt nicht 2000m\uff1b.<\/p>\n<p>cAtmosph\u00e4rische Bedingungen<\/p>\n<p>Die relative Luftfeuchtigkeit ist bei der h\u00f6chsten Temperatur in der Umgebung +60\u2103zeitlich nicht \u00fcberschritten 50%, die eine h\u00f6here Phase bei niedrigeren Temperaturen haben kann, um Feuchtigkeit, z. B. 20\u2103zeitlich 90%, f\u00fcr gelegentliche Kondensation aufgrund von Temperaturschwankungen, sollten Schutzma\u00dfnahmen getroffen werden;<\/p>\n<p>dInstallationsbedingungen<\/p>\n<p>St\u00f6rlichtbogenschutzDas externe Magnetfeld in der N\u00e4he des Installationsortes sollte das geomagnetische Feld in keiner Richtung \u00fcberschreiten5Fold; Die Installationsposition sollte vertikal sein, und die Neigung in alle Richtungen sollte 10\u00b0\uff1b nicht \u00fcberschreiten Installiert an einem Ort, wo es keine Schock Vibration und kein Regen oder Schnee Platz; Adopt Standards TH35-7.5 Abschnitt Stahl Installation Schiene Installation;<\/p>\n<p>ePollution Level:2 Level<\/p>\n<p>fInstallationskategorie:\u2162Art;<\/p>\n<p>gIngressschutz:IP20(Installiert in einem Verteilerkasten, Verteilerschrank oder einer Box.) IP40\uff09\uff1b<\/p>\n<p>hDamit N Bei der Verdrahtung muss der Nullleiter an die Markierung N Kennzeichnung der Pole angeschlossen werden.<\/p>\n<h2><strong>Gr\u00f6\u00dfe der St\u00f6rlichtbogen-Erkennungsger\u00e4te<\/strong><\/h2>\n<hr \/>\n<p><img fetchpriority=\"high\" decoding=\"async\" class=\"alignnone wp-image-8772 size-full\" src=\"https:\/\/bright-china.com\/wp-content\/uploads\/2025\/04\/External-dimensions-of-arc-fault-detection-device-JGAFDD-63.webp\" alt=\"St\u00f6rlichtbogen-Erkennungsger\u00e4t JGAFDD-63\" width=\"800\" height=\"458\" srcset=\"https:\/\/bright-china.com\/wp-content\/uploads\/2025\/04\/External-dimensions-of-arc-fault-detection-device-JGAFDD-63.webp 800w, https:\/\/bright-china.com\/wp-content\/uploads\/2025\/04\/External-dimensions-of-arc-fault-detection-device-JGAFDD-63-300x172.webp 300w, https:\/\/bright-china.com\/wp-content\/uploads\/2025\/04\/External-dimensions-of-arc-fault-detection-device-JGAFDD-63-768x440.webp 768w, https:\/\/bright-china.com\/wp-content\/uploads\/2025\/04\/External-dimensions-of-arc-fault-detection-device-JGAFDD-63-18x10.webp 18w, https:\/\/bright-china.com\/wp-content\/uploads\/2025\/04\/External-dimensions-of-arc-fault-detection-device-JGAFDD-63-600x344.webp 600w\" sizes=\"(max-width: 800px) 100vw, 800px\" \/><\/p>","protected":false},"excerpt":{"rendered":"<p>St\u00f6rlichtbogen-Erkennungsger\u00e4te (<a href=\"https:\/\/bright-china.com\/en\/afci-afdd\/\" title=\"\u67e5\u770b\u66f4\u591a\u5173\u4e8eAFDD\u7684\u4fe1\u606f\" class=\"seo-keyword-link\" style=\"font-weight: bold; color: inherit; text-decoration: underline; border-bottom: 1px dotted #667eea;\">AFDD<\/a> ): hereinafter referred to as the protector, effectively detects the fault arc in the access line, including the fault parallel arc and the fault series arc, and when the fault arc that causes fire is detected in the line, the power off function can be carried out to achieve the purpose of early warning of fire. The fault arc protector is suitable for electrical circuits of 10KW and below in industrial and civil buildings<\/p>","protected":false},"featured_media":8767,"template":"","meta":{"_acf_changed":false,"site-sidebar-layout":"default","site-content-layout":"","ast-site-content-layout":"default","site-content-style":"default","site-sidebar-style":"default","ast-global-header-display":"","ast-banner-title-visibility":"","ast-main-header-display":"","ast-hfb-above-header-display":"","ast-hfb-below-header-display":"","ast-hfb-mobile-header-display":"","site-post-title":"","ast-breadcrumbs-content":"","ast-featured-img":"","footer-sml-layout":"","theme-transparent-header-meta":"default","adv-header-id-meta":"","stick-header-meta":"default","header-above-stick-meta":"","header-main-stick-meta":"","header-below-stick-meta":"","astra-migrate-meta-layouts":"set","ast-page-background-enabled":"default","ast-page-background-meta":{"desktop":{"background-color":"","background-image":"","background-repeat":"repeat","background-position":"center center","background-size":"auto","background-attachment":"scroll","background-type":"","background-media":"","overlay-type":"","overlay-color":"","overlay-opacity":"","overlay-gradient":""},"tablet":{"background-color":"","background-image":"","background-repeat":"repeat","background-position":"center center","background-size":"auto","background-attachment":"scroll","background-type":"","background-media":"","overlay-type":"","overlay-color":"","overlay-opacity":"","overlay-gradient":""},"mobile":{"background-color":"","background-image":"","background-repeat":"repeat","background-position":"center center","background-size":"auto","background-attachment":"scroll","background-type":"","background-media":"","overlay-type":"","overlay-color":"","overlay-opacity":"","overlay-gradient":""}},"ast-content-background-meta":{"desktop":{"background-color":"var(--ast-global-color-5)","background-image":"","background-repeat":"repeat","background-position":"center center","background-size":"auto","background-attachment":"scroll","background-type":"","background-media":"","overlay-type":"","overlay-color":"","overlay-opacity":"","overlay-gradient":""},"tablet":{"background-color":"var(--ast-global-color-5)","background-image":"","background-repeat":"repeat","background-position":"center center","background-size":"auto","background-attachment":"scroll","background-type":"","background-media":"","overlay-type":"","overlay-color":"","overlay-opacity":"","overlay-gradient":""},"mobile":{"background-color":"var(--ast-global-color-5)","background-image":"","background-repeat":"repeat","background-position":"center center","background-size":"auto","background-attachment":"scroll","background-type":"","background-media":"","overlay-type":"","overlay-color":"","overlay-opacity":"","overlay-gradient":""}},"_seo_title":"","_seo_keywords":"","_seo_description":""},"product_brand":[],"product_cat":[131],"product_tag":[],"class_list":{"0":"post-4442","1":"product","2":"type-product","3":"status-publish","4":"has-post-thumbnail","6":"product_cat-afci-afdd","7":"desktop-align-center","8":"tablet-align-left","9":"mobile-align-left","10":"ast-product-gallery-layout-horizontal-slider","12":"first","13":"instock","14":"sale","15":"featured","16":"shipping-taxable","17":"purchasable","18":"product-type-simple"},"acf":[],"seo_title":"","seo_keywords":"","seo_description":"","seo_score":0,"product_seo_keywords":"","_links":{"self":[{"href":"https:\/\/bright-china.com\/de\/wp-json\/wp\/v2\/product\/4442","targetHints":{"allow":["GET"]}}],"collection":[{"href":"https:\/\/bright-china.com\/de\/wp-json\/wp\/v2\/product"}],"about":[{"href":"https:\/\/bright-china.com\/de\/wp-json\/wp\/v2\/types\/product"}],"wp:featuredmedia":[{"embeddable":true,"href":"https:\/\/bright-china.com\/de\/wp-json\/wp\/v2\/media\/8767"}],"wp:attachment":[{"href":"https:\/\/bright-china.com\/de\/wp-json\/wp\/v2\/media?parent=4442"}],"wp:term":[{"taxonomy":"product_brand","embeddable":true,"href":"https:\/\/bright-china.com\/de\/wp-json\/wp\/v2\/product_brand?post=4442"},{"taxonomy":"product_cat","embeddable":true,"href":"https:\/\/bright-china.com\/de\/wp-json\/wp\/v2\/product_cat?post=4442"},{"taxonomy":"product_tag","embeddable":true,"href":"https:\/\/bright-china.com\/de\/wp-json\/wp\/v2\/product_tag?post=4442"}],"curies":[{"name":"wp","href":"https:\/\/api.w.org\/{rel}","templated":true}]}}