{"id":4439,"date":"2025-04-27T02:23:54","date_gmt":"2025-04-27T02:23:54","guid":{"rendered":"https:\/\/bright-china.com\/?post_type=product&#038;p=4439"},"modified":"2026-02-28T23:14:29","modified_gmt":"2026-03-01T06:14:29","slug":"meter-jgyb-96","status":"publish","type":"product","link":"https:\/\/bright-china.com\/en\/product\/meter-jgyb-96\/","title":{"rendered":"Digital Multi function Meter JGYB-96"},"content":{"rendered":"<h2>Introduction<\/h2>\n<hr \/>\n<p><img fetchpriority=\"high\" decoding=\"async\" class=\"alignleft wp-image-8809 size-medium\" title=\"Digital multi-function power meter\" src=\"https:\/\/bright-china.com\/wp-content\/uploads\/2025\/04\/Digital-Multifunction-Meter-JGYB-96-1-300x300.webp\" alt=\"Digital Multi function Meter JGYB-96-0\" width=\"300\" height=\"300\" srcset=\"https:\/\/bright-china.com\/wp-content\/uploads\/2025\/04\/Digital-Multifunction-Meter-JGYB-96-1-300x300.webp 300w, https:\/\/bright-china.com\/wp-content\/uploads\/2025\/04\/Digital-Multifunction-Meter-JGYB-96-1-150x150.webp 150w, https:\/\/bright-china.com\/wp-content\/uploads\/2025\/04\/Digital-Multifunction-Meter-JGYB-96-1-768x768.webp 768w, https:\/\/bright-china.com\/wp-content\/uploads\/2025\/04\/Digital-Multifunction-Meter-JGYB-96-1-12x12.webp 12w, https:\/\/bright-china.com\/wp-content\/uploads\/2025\/04\/Digital-Multifunction-Meter-JGYB-96-1-600x600.webp 600w, https:\/\/bright-china.com\/wp-content\/uploads\/2025\/04\/Digital-Multifunction-Meter-JGYB-96-1-100x100.webp 100w, https:\/\/bright-china.com\/wp-content\/uploads\/2025\/04\/Digital-Multifunction-Meter-JGYB-96-1.webp 800w\" sizes=\"(max-width: 300px) 100vw, 300px\" \/><\/p>\n<p><strong>\u00a0 <\/strong><\/p>\n<p><strong><a href=\"https:\/\/bright-china.com\/current-voltage-protector\/\">\u00a0 \u00a0Digital multi function power meter <\/a><\/strong>It is designed for the power monitoring needs of power systems, industrial and mining enterprises, public facilities, and intelligent buildings. It can measure all common power parameters, such as three-phase current, voltage, active and reactive power, electricity, harmonics, etc. Because the<a href=\"https:\/\/www.elejg.com\/?product\/\"> power meter <\/a>also has a complete communication networking function, we call it a network power meter. It is ideal for real-time power monitoring systems.<\/p>\n<p>&nbsp;<\/p>\n<p>The meter has a high performance-to-price ratio and can directly replace conventional power transmitters and measuring instruments. As an advanced intelligent and digital front-end acquisition element, this series of network instruments has been widely used in various control systems, SCADA systems and energy management systems.<\/p>\n<h1><\/h1>\n<h2><strong>Product standards<\/strong><\/h2>\n<hr \/>\n<p>GB\/T 22264.1-2008 Mounted digital display electrical measuring instruments \u2013 Part 1: Definitions and general requirements<\/p>\n<p>GB\/T 22264.7-2008 Mounted digital display electrical measuring instruments \u2013 Part 7: Special requirements for multifunctional instruments<\/p>\n<p>GB\/T 22264.8-2008 Mounted digital display electrical measuring instruments \u2013 Part 8: Recommended verification methods<\/p>\n<p>GB\/T 17215.322-2008 Alternating current measuring equipment\u2014Special requirements\u2014Part 22: Static active energy meters (0.2S and 0.5S)<\/p>\n<p>GB\/T 17215.323-2008 Alternating current measuring equipment\u2014Special requirements\u2014Part 23: Stationary reactive energy meters (Class 2 and 3)<\/p>\n<p>DL\/T 614-2007 Multifunctional energy meter<\/p>\n<p>GB14287-2005 Electrical fire monitoring system<\/p>\n<p>GB50045-95 Code for fire protection design of high-rise civil buildings<\/p>\n<p>GB50054-95 Design Code for Low-Voltage Power Distribution<\/p>\n<p>GB50096 Residential Design Codes<\/p>\n<p>GB13955-2005 Installation and operation of residual current action protection device<\/p>\n<p>GB50016-2006 Code for Fire Protection Design of Buildings<\/p>\n<h2><strong>Model nomenclature<\/strong><\/h2>\n<hr \/>\n<p><strong>Performance characteristics:<\/strong><\/p>\n<p>High-precision measurement of three-phase voltage, three-phase current, active power, reactive power, <a href=\"https:\/\/bright-china.com\/en\/voltmeter-ammeter\/\" title=\"\u67e5\u770b\u66f4\u591a\u5173\u4e8eapparent power\u7684\u4fe1\u606f\" class=\"seo-keyword-link\" style=\"font-weight: bold; color: inherit; text-decoration: underline; border-bottom: 1px dotted #667eea;\">apparent power<\/a>, power factor, frequency and other electrical parameters<\/p>\n<p>Forward and reverse active\/reactive energy metering<\/p>\n<p>Time-of-use electric energy metering, time-of-use electric energy timing meter reading<\/p>\n<p>Measure the total harmonic distortion rate (THD) of three-phase voltage and three-phase current, and the odd harmonic component from 2 to 31<\/p>\n<p>Provide digital tube or LCD display, local data query<\/p>\n<p>The menus are intuitive and the keys are easy to use<\/p>\n<p>The current and voltage conversion ratio are programmable<\/p>\n<p>Provides multi-loop leakage current monitoring<\/p>\n<p>Provide multi-loop control node, which can be used for alarm, trip and other control<\/p>\n<p>Support fire-fighting linkage and remotely cut off the fault loop<\/p>\n<p>Support RS-485 communication, Modbus-RTU protocol<\/p>\n<p>It supports switching input, switching output, analog transmission output, and power pulse output<\/p>\n<p>It is easy to install, simple to wiring, and small in engineering<\/p>\n<p>Wide-range AC\/DC universal power supply: AC\/DC 80V~270V<\/p>\n<p>It can complete the networking of a variety of communication software in SCADA and PLC<\/p>\n<h2><strong>Technical Indicators<\/strong><\/h2>\n<hr \/>\n<p><strong>Measurement accuracy<\/strong><\/p>\n<p>Voltage 0.5 class<\/p>\n<p>Current 0.5 class<\/p>\n<p><a href=\"https:\/\/bright-china.com\/en\/voltmeter-ammeter\/\" title=\"\u67e5\u770b\u66f4\u591a\u5173\u4e8eactive power\u7684\u4fe1\u606f\" class=\"seo-keyword-link\" style=\"font-weight: bold; color: inherit; text-decoration: underline; border-bottom: 1px dotted #667eea;\">Active power<\/a> 0.5 class<\/p>\n<p>Reactive power 0.5 class<\/p>\n<p>Power factor 0.5 level<\/p>\n<p>Frequency \u00b10.02Hz<\/p>\n<p>Active energy 0.5S or 0.2S<\/p>\n<p>Reactive energy level 1 or 2<\/p>\n<h2><strong>Signal input<\/strong><\/h2>\n<hr \/>\n<p>Wiring method: three-phase four-wire, three-phase three-wire<\/p>\n<p>Rated voltage: AC 57.7V, AC 100V, AC 220V, AC 380V<\/p>\n<p>Rated current: AC 1A, AC 5A<\/p>\n<p>Overload Voltage: 1.2 times (continuous), 2 times\/1 sec (instantaneous)<\/p>\n<p>Current: 1.2x (continuous), 10x\/5 sec (instantaneous)<\/p>\n<p>Power consumption Voltage: &lt;1VA\/phase, Current: &lt;0.4VA\/phase<\/p>\n<p>Impedance Voltage: &gt;300k\u03a9, Current: &lt;20m\u03a9<\/p>\n<p>Frequency: 45~65Hz<\/p>\n<p><strong>Auxiliary power supply<\/strong><\/p>\n<p>Working range AC\/DC: 80V~270V<\/p>\n<p>Power consumption &lt;4VA<\/p>\n<h2><strong>Functional modules<\/strong><\/h2>\n<hr \/>\n<p>Communication interface: Support 1 channel RS-485 communication, Modbus-RTU protocol<\/p>\n<p>Baud rate: 1200~9600bps, default 2400 bps<\/p>\n<p>Switching inputs support 4 dry junction inputs<\/p>\n<p>Switching output Support 3 relay outputs, capacity: AC 250V\/5A, DC 30V\/5A<\/p>\n<p>Transducer output Support 1 analog output: 0\/4~20mA or 0~5\/10V<\/p>\n<p>Power pulse output Support 2 power pulse output, constant: 8000imp\/KWh(Kvarh)<\/p>\n<h2><strong>environment<\/strong><\/h2>\n<hr \/>\n<p>Operating temperature: -10\u00b0C~+55\u00b0C<\/p>\n<p>Storage temperature: -25\u00b0C~+70\u00b0C<\/p>\n<p>Relative humidity \u226493%, no corrosive gas location<\/p>\n<p>\u2264 2500m above sea level<\/p>\n<h2><strong>safe<\/strong><\/h2>\n<hr \/>\n<p>Insulation resistance &gt;100M\u03a9<\/p>\n<p>AC withstand voltage AC 2KV<\/p>\n<p><strong>Electromagnetic compatibility performance<\/strong><\/p>\n<p>Electrostatic discharge level 4<\/p>\n<p>Electrical fast transient burst class 4<\/p>\n<p>Surge (Shock) Level 4<\/p>\n<h2><strong>Dimensions<\/strong><\/h2>\n<hr \/>\n<p>Frame size(mm) 120\u00d7120;96\u00d796; 80\u00d780\uff1b72\u00d772<\/p>\n<p>Cut-out size(mm) 111\u00d7111;92\u00d792; 76\u00d776\uff1b68\u00d768<\/p>\n","protected":false},"excerpt":{"rendered":"<p><a href=\"https:\/\/bright-china.com\/automatic-reconnection-energy-metering-protector-of-test-jgdl-63\/\">\u00a0Digital multi function power meter <\/a>is designed for the power monitoring needs of power systems, industrial and mining enterprises, public facilities, and intelligent buildings. It can measure all common power parameters, such as three-phase current, voltage, active and reactive power, electricity, harmonics, etc. Because the power meter also has a complete communication networking function, we call it a network power meter. It is ideal for real-time power monitoring systems. The meter has a high performance-to-price ratio and can directly replace conventional power transmitters and measuring instruments. As an advanced intelligent and digital front-end acquisition element, this series of network instruments has been widely used in various control systems, SCADA systems and energy management systems<\/p>\n","protected":false},"featured_media":8811,"template":"","meta":{"_acf_changed":false,"site-sidebar-layout":"default","site-content-layout":"","ast-site-content-layout":"default","site-content-style":"default","site-sidebar-style":"default","ast-global-header-display":"","ast-banner-title-visibility":"","ast-main-header-display":"","ast-hfb-above-header-display":"","ast-hfb-below-header-display":"","ast-hfb-mobile-header-display":"","site-post-title":"","ast-breadcrumbs-content":"","ast-featured-img":"","footer-sml-layout":"","theme-transparent-header-meta":"default","adv-header-id-meta":"","stick-header-meta":"default","header-above-stick-meta":"","header-main-stick-meta":"","header-below-stick-meta":"","astra-migrate-meta-layouts":"set","ast-page-background-enabled":"default","ast-page-background-meta":{"desktop":{"background-color":"","background-image":"","background-repeat":"repeat","background-position":"center center","background-size":"auto","background-attachment":"scroll","background-type":"","background-media":"","overlay-type":"","overlay-color":"","overlay-opacity":"","overlay-gradient":""},"tablet":{"background-color":"","background-image":"","background-repeat":"repeat","background-position":"center center","background-size":"auto","background-attachment":"scroll","background-type":"","background-media":"","overlay-type":"","overlay-color":"","overlay-opacity":"","overlay-gradient":""},"mobile":{"background-color":"","background-image":"","background-repeat":"repeat","background-position":"center center","background-size":"auto","background-attachment":"scroll","background-type":"","background-media":"","overlay-type":"","overlay-color":"","overlay-opacity":"","overlay-gradient":""}},"ast-content-background-meta":{"desktop":{"background-color":"var(--ast-global-color-5)","background-image":"","background-repeat":"repeat","background-position":"center center","background-size":"auto","background-attachment":"scroll","background-type":"","background-media":"","overlay-type":"","overlay-color":"","overlay-opacity":"","overlay-gradient":""},"tablet":{"background-color":"var(--ast-global-color-5)","background-image":"","background-repeat":"repeat","background-position":"center center","background-size":"auto","background-attachment":"scroll","background-type":"","background-media":"","overlay-type":"","overlay-color":"","overlay-opacity":"","overlay-gradient":""},"mobile":{"background-color":"var(--ast-global-color-5)","background-image":"","background-repeat":"repeat","background-position":"center center","background-size":"auto","background-attachment":"scroll","background-type":"","background-media":"","overlay-type":"","overlay-color":"","overlay-opacity":"","overlay-gradient":""}},"_seo_title":"Digital Multi function Meter JGYB-96","_seo_keywords":"power meter, meter, High-precision measurement of three-phase voltage, three-phase current, active power, reactive power, apparent power, power factor","_seo_description":"\u00a0Digital multi function power meter is designed for the power monitoring needs of power systems, industrial and mining enterprises, public facilities,"},"product_brand":[],"product_cat":[15,70,69,64],"product_tag":[85,86,120,121],"class_list":{"0":"post-4439","1":"product","2":"type-product","3":"status-publish","4":"has-post-thumbnail","6":"product_cat-product","7":"product_cat-small-ammeter","8":"product_cat-voltmeter-ammeter","9":"product_cat-smart-meter","10":"product_tag-d85-20-voltmeter-black","11":"product_tag-d85-20-voltmeter-white","12":"product_tag-digital-multi-function-power-meter","13":"product_tag-power-meter","14":"desktop-align-center","15":"tablet-align-left","16":"mobile-align-left","17":"ast-product-gallery-layout-horizontal-slider","19":"first","20":"instock","21":"sale","22":"downloadable","23":"shipping-taxable","24":"purchasable","25":"product-type-simple"},"acf":[],"seo_title":"Digital Multi function Meter JGYB-96","seo_keywords":"power meter, meter, High-precision measurement of three-phase voltage, three-phase current, active power, reactive power, apparent power, power factor","seo_description":"\u00a0Digital multi function power meter is designed for the power monitoring needs of power systems, industrial and mining enterprises, public facilities,","seo_score":"95","product_seo_keywords":"","_links":{"self":[{"href":"https:\/\/bright-china.com\/en\/wp-json\/wp\/v2\/product\/4439","targetHints":{"allow":["GET"]}}],"collection":[{"href":"https:\/\/bright-china.com\/en\/wp-json\/wp\/v2\/product"}],"about":[{"href":"https:\/\/bright-china.com\/en\/wp-json\/wp\/v2\/types\/product"}],"wp:featuredmedia":[{"embeddable":true,"href":"https:\/\/bright-china.com\/en\/wp-json\/wp\/v2\/media\/8811"}],"wp:attachment":[{"href":"https:\/\/bright-china.com\/en\/wp-json\/wp\/v2\/media?parent=4439"}],"wp:term":[{"taxonomy":"product_brand","embeddable":true,"href":"https:\/\/bright-china.com\/en\/wp-json\/wp\/v2\/product_brand?post=4439"},{"taxonomy":"product_cat","embeddable":true,"href":"https:\/\/bright-china.com\/en\/wp-json\/wp\/v2\/product_cat?post=4439"},{"taxonomy":"product_tag","embeddable":true,"href":"https:\/\/bright-china.com\/en\/wp-json\/wp\/v2\/product_tag?post=4439"}],"curies":[{"name":"wp","href":"https:\/\/api.w.org\/{rel}","templated":true}]}}