{"id":5944,"date":"2025-06-04T18:32:42","date_gmt":"2025-06-05T01:32:42","guid":{"rendered":"https:\/\/bright-china.com\/?page_id=5944"},"modified":"2025-12-31T05:23:08","modified_gmt":"2025-12-31T12:23:08","slug":"interrupteur-dalimentation","status":"publish","type":"page","link":"https:\/\/bright-china.com\/fr\/interrupteur-dalimentation\/","title":{"rendered":"interrupteur d'alimentation"},"content":{"rendered":"<div data-elementor-type=\"wp-post\" data-elementor-id=\"5944\" class=\"elementor elementor-5944\" data-elementor-settings=\"{&quot;element_pack_global_tooltip_width&quot;:{&quot;unit&quot;:&quot;px&quot;,&quot;size&quot;:&quot;&quot;,&quot;sizes&quot;:[]},&quot;element_pack_global_tooltip_width_tablet&quot;:{&quot;unit&quot;:&quot;px&quot;,&quot;size&quot;:&quot;&quot;,&quot;sizes&quot;:[]},&quot;element_pack_global_tooltip_width_mobile&quot;:{&quot;unit&quot;:&quot;px&quot;,&quot;size&quot;:&quot;&quot;,&quot;sizes&quot;:[]},&quot;element_pack_global_tooltip_padding&quot;:{&quot;unit&quot;:&quot;px&quot;,&quot;top&quot;:&quot;&quot;,&quot;right&quot;:&quot;&quot;,&quot;bottom&quot;:&quot;&quot;,&quot;left&quot;:&quot;&quot;,&quot;isLinked&quot;:true},&quot;element_pack_global_tooltip_padding_tablet&quot;:{&quot;unit&quot;:&quot;px&quot;,&quot;top&quot;:&quot;&quot;,&quot;right&quot;:&quot;&quot;,&quot;bottom&quot;:&quot;&quot;,&quot;left&quot;:&quot;&quot;,&quot;isLinked&quot;:true},&quot;element_pack_global_tooltip_padding_mobile&quot;:{&quot;unit&quot;:&quot;px&quot;,&quot;top&quot;:&quot;&quot;,&quot;right&quot;:&quot;&quot;,&quot;bottom&quot;:&quot;&quot;,&quot;left&quot;:&quot;&quot;,&quot;isLinked&quot;:true},&quot;element_pack_global_tooltip_border_radius&quot;:{&quot;unit&quot;:&quot;px&quot;,&quot;top&quot;:&quot;&quot;,&quot;right&quot;:&quot;&quot;,&quot;bottom&quot;:&quot;&quot;,&quot;left&quot;:&quot;&quot;,&quot;isLinked&quot;:true},&quot;element_pack_global_tooltip_border_radius_tablet&quot;:{&quot;unit&quot;:&quot;px&quot;,&quot;top&quot;:&quot;&quot;,&quot;right&quot;:&quot;&quot;,&quot;bottom&quot;:&quot;&quot;,&quot;left&quot;:&quot;&quot;,&quot;isLinked&quot;:true},&quot;element_pack_global_tooltip_border_radius_mobile&quot;:{&quot;unit&quot;:&quot;px&quot;,&quot;top&quot;:&quot;&quot;,&quot;right&quot;:&quot;&quot;,&quot;bottom&quot;:&quot;&quot;,&quot;left&quot;:&quot;&quot;,&quot;isLinked&quot;:true}}\" data-elementor-post-type=\"page\">\n\t\t\t\t<div class=\"elementor-element elementor-element-79b68a0 e-flex e-con-boxed e-con e-parent\" data-id=\"79b68a0\" data-element_type=\"container\" data-settings=\"{&quot;background_background&quot;:&quot;classic&quot;}\">\n\t\t\t\t\t<div class=\"e-con-inner\">\n\t\t\t\t\t<\/div>\n\t\t\t\t<\/div>\n\t\t<div class=\"elementor-element elementor-element-fafc3c8 e-con-full e-flex e-con e-parent\" data-id=\"fafc3c8\" data-element_type=\"container\">\n\t\t<div class=\"elementor-element elementor-element-4089efa e-con-full e-flex elementor-invisible e-con e-child\" data-id=\"4089efa\" data-element_type=\"container\" data-settings=\"{&quot;animation&quot;:&quot;fadeInLeft&quot;}\">\n\t\t\t\t<div class=\"elementor-element elementor-element-39f619e elementor-widget-divider--view-line elementor-widget elementor-widget-divider\" data-id=\"39f619e\" data-element_type=\"widget\" data-widget_type=\"divider.default\">\n\t\t\t\t<div class=\"elementor-widget-container\">\n\t\t\t\t\t\t\t<div class=\"elementor-divider\">\n\t\t\t<span class=\"elementor-divider-separator\">\n\t\t\t\t\t\t<\/span>\n\t\t<\/div>\n\t\t\t\t\t\t<\/div>\n\t\t\t\t<\/div>\n\t\t\t\t<div class=\"elementor-element elementor-element-61f1c34 elementor-widget elementor-widget-image-box\" data-id=\"61f1c34\" data-element_type=\"widget\" data-widget_type=\"image-box.default\">\n\t\t\t\t<div class=\"elementor-widget-container\">\n\t\t\t\t\t<div class=\"elementor-image-box-wrapper\"><div class=\"elementor-image-box-content\"><h2 class=\"elementor-image-box-title\">Nos produits<\/h2><p class=\"elementor-image-box-description\">Nos produits : Disjoncteurs CC\uff0c Protecteur de surtension CC\uff0cProtecteur d'arc de d\u00e9faut,Interrupteur de circuit de d\u00e9faut d'arc \uff08AFCI\uff09\uff0cArc Fault Detection Devices\uff08AFDD\uff09\uff0c Protecteur d'alarme incendie \u00e0 limitation de courant, protecteur d'incendie \u00e0 limitation de courant, protecteur de limitation de courant de comptage, protecteur de limitation de puissance s\u00e9lective, protecteur de limitation de courant et de charge, protecteur de surtension et de sous-tension \u00e0 r\u00e9initialisation automatique, protecteur de surtension et de sous-tension \u00e0 r\u00e9armement automatique, protecteur de courant \u00e9lectrique de limitation d'incendie, interrupteur de commande et de protection, protecteur de perte de phase z\u00e9ro, protecteur de s\u00e9quence de phase, voltm\u00e8tre triphas\u00e9, amp\u00e8rem\u00e8tre triphas\u00e9, amp\u00e8rem\u00e8tre programmable monophas\u00e9, compteur intelligent, compteur de voie, d\u00e9tecteur de proximit\u00e9 inductif, pile de chargement de v\u00e9hicules \u00e0 \u00e9nergie nouvelle, protecteur de surtension.<\/p><\/div><\/div>\t\t\t\t<\/div>\n\t\t\t\t<\/div>\n\t\t\t\t<\/div>\n\t\t<div class=\"elementor-element elementor-element-edf26aa e-con-full e-flex elementor-invisible e-con e-child\" data-id=\"edf26aa\" data-element_type=\"container\" data-settings=\"{&quot;animation&quot;:&quot;fadeInRight&quot;}\">\n\t\t\t\t<div class=\"elementor-element elementor-element-9b18770 elementor-widget elementor-widget-image\" data-id=\"9b18770\" data-element_type=\"widget\" data-widget_type=\"image.default\">\n\t\t\t\t<div class=\"elementor-widget-container\">\n\t\t\t\t\t\t\t\t\t\t\t\t\t\t\t<img decoding=\"async\" data-src=\"https:\/\/bright-china.com\/wp-content\/uploads\/2025\/04\/cropped-JGAFDD-63-1.jpg\" title=\"\" alt=\"\" src=\"data:image\/svg+xml;base64,PHN2ZyB3aWR0aD0iMSIgaGVpZ2h0PSIxIiB4bWxucz0iaHR0cDovL3d3dy53My5vcmcvMjAwMC9zdmciPjwvc3ZnPg==\" class=\"lazyload\" \/>\t\t\t\t\t\t\t\t\t\t\t\t\t\t\t<\/div>\n\t\t\t\t<\/div>\n\t\t\t\t<\/div>\n\t\t\t\t<\/div>\n\t\t<div class=\"elementor-element elementor-element-ccb9d7c e-flex e-con-boxed e-con e-parent\" data-id=\"ccb9d7c\" data-element_type=\"container\">\n\t\t\t\t\t<div class=\"e-con-inner\">\n\t\t<div class=\"elementor-element elementor-element-12bf511 e-con-full e-flex e-con e-child\" data-id=\"12bf511\" data-element_type=\"container\">\n\t\t\t\t<div class=\"elementor-element elementor-element-448ea91 elementor-widget elementor-widget-video\" data-id=\"448ea91\" data-element_type=\"widget\" data-settings=\"{&quot;youtube_url&quot;:&quot;https:\\\/\\\/youtu.be\\\/zjHKw9UNyR4&quot;,&quot;video_type&quot;:&quot;youtube&quot;,&quot;controls&quot;:&quot;yes&quot;}\" data-widget_type=\"video.default\">\n\t\t\t\t<div class=\"elementor-widget-container\">\n\t\t\t\t\t\t\t<div class=\"elementor-wrapper elementor-open-inline\">\n\t\t\t<div class=\"elementor-video\"><\/div>\t\t<\/div>\n\t\t\t\t\t\t<\/div>\n\t\t\t\t<\/div>\n\t\t\t\t<\/div>\n\t\t<div class=\"elementor-element elementor-element-815354b e-con-full e-flex e-con e-child\" data-id=\"815354b\" data-element_type=\"container\">\n\t\t\t\t<div class=\"elementor-element elementor-element-1ea7dd8 elementor-widget elementor-widget-heading\" data-id=\"1ea7dd8\" data-element_type=\"widget\" data-widget_type=\"heading.default\">\n\t\t\t\t<div class=\"elementor-widget-container\">\n\t\t\t\t\t<h2 class=\"elementor-heading-title elementor-size-default\">Nous nous engageons \u00e0<\/h2>\t\t\t\t<\/div>\n\t\t\t\t<\/div>\n\t\t\t\t<div class=\"elementor-element elementor-element-0fa2a9a elementor-widget elementor-widget-text-editor\" data-id=\"0fa2a9a\" data-element_type=\"widget\" data-widget_type=\"text-editor.default\">\n\t\t\t\t<div class=\"elementor-widget-container\">\n\t\t\t\t\t\t\t\t\t<p><strong>\u00a0 A ELEJG,<\/strong> nous sommes engag\u00e9s dans l'innovation et la R&amp;D dans le domaine des syst\u00e8mes \u00e9lectriques \u00e0 basse tension, en nous concentrant sur la fourniture de solutions \u00e9lectriques \u00e0 basse tension de haute qualit\u00e9. Nous faisons constamment progresser la technologie afin d'am\u00e9liorer l'efficacit\u00e9, la fiabilit\u00e9 et la s\u00e9curit\u00e9 de nos produits et de r\u00e9pondre aux demandes croissantes des march\u00e9s mondiaux. Nous sommes fermement convaincus que l'innovation est le moteur principal du d\u00e9veloppement de l'industrie.<\/p>\t\t\t\t\t\t\t\t<\/div>\n\t\t\t\t<\/div>\n\t\t\t\t<\/div>\n\t\t\t\t\t<\/div>\n\t\t\t\t<\/div>\n\t\t<div class=\"elementor-element elementor-element-3aa85d7 e-flex e-con-boxed e-con e-parent\" data-id=\"3aa85d7\" data-element_type=\"container\">\n\t\t\t\t\t<div class=\"e-con-inner\">\n\t\t<div class=\"elementor-element elementor-element-0db6405 e-con-full e-flex e-con e-child\" data-id=\"0db6405\" data-element_type=\"container\">\n\t\t\t\t<div class=\"elementor-element elementor-element-278420e elementor-widget elementor-widget-heading\" data-id=\"278420e\" data-element_type=\"widget\" data-widget_type=\"heading.default\">\n\t\t\t\t<div class=\"elementor-widget-container\">\n\t\t\t\t\t<h2 class=\"elementor-heading-title elementor-size-default\">Culture d'entreprise<\/h2>\t\t\t\t<\/div>\n\t\t\t\t<\/div>\n\t\t\t\t<div class=\"elementor-element elementor-element-a589d03 elementor-widget elementor-widget-text-editor\" data-id=\"a589d03\" data-element_type=\"widget\" data-widget_type=\"text-editor.default\">\n\t\t\t\t<div class=\"elementor-widget-container\">\n\t\t\t\t\t\t\t\t\t<p><strong>Vision<\/strong>: \u00catre un innovateur de premier plan dans le domaine de l'\u00e9lectronique intelligente, en fournissant des solutions de haute qualit\u00e9 qui stimulent le progr\u00e8s technologique et garantissent un environnement \u00e9lectrique s\u00fbr et efficace.<\/p><p><strong>La mission<\/strong>: Servir la soci\u00e9t\u00e9 gr\u00e2ce \u00e0 une technologie professionnelle, garantir la s\u00e9curit\u00e9 gr\u00e2ce \u00e0 l'innovation, gagner la confiance gr\u00e2ce \u00e0 la qualit\u00e9 et apporter une valeur ajout\u00e9e \u00e0 l'industrie.<\/p><p><strong>Valeurs fondamentales<\/strong>: Innovation, Qualit\u00e9, Priorit\u00e9 au client, Responsabilit\u00e9.<\/p><p><strong>L'esprit d'entreprise<\/strong>: Cr\u00e9er des produits fiables, se concentrer sur une technologie intelligente et explorer de nouvelles voies industrielles.<\/p><p><strong>Culture<\/strong>: Orientation vers les personnes, coop\u00e9ration gagnant-gagnant, am\u00e9lioration continue.<\/p><p><strong>Responsabilit\u00e9 sociale<\/strong>: Promouvoir la protection de l'environnement et la s\u00e9curit\u00e9 \u00e9lectrique, et offrir une assistance technique et une formation.<\/p>\t\t\t\t\t\t\t\t<\/div>\n\t\t\t\t<\/div>\n\t\t\t\t<\/div>\n\t\t<div class=\"elementor-element elementor-element-cd8e9ff e-con-full e-flex e-con e-child\" data-id=\"cd8e9ff\" data-element_type=\"container\">\n\t\t\t\t<div class=\"elementor-element elementor-element-b695cd8 elementor-widget elementor-widget-image\" data-id=\"b695cd8\" data-element_type=\"widget\" data-widget_type=\"image.default\">\n\t\t\t\t<div class=\"elementor-widget-container\">\n\t\t\t\t\t\t\t\t\t\t\t\t\t\t\t<img fetchpriority=\"high\" decoding=\"async\" width=\"650\" height=\"650\" src=\"https:\/\/bright-china.com\/wp-content\/uploads\/2025\/05\/650-600-1.jpg\" class=\"attachment-large size-large wp-image-5862\" alt=\"\" srcset=\"https:\/\/bright-china.com\/wp-content\/uploads\/2025\/05\/650-600-1.jpg 650w, https:\/\/bright-china.com\/wp-content\/uploads\/2025\/05\/650-600-1-300x300.jpg 300w, https:\/\/bright-china.com\/wp-content\/uploads\/2025\/05\/650-600-1-150x150.jpg 150w, https:\/\/bright-china.com\/wp-content\/uploads\/2025\/05\/650-600-1-12x12.jpg 12w, https:\/\/bright-china.com\/wp-content\/uploads\/2025\/05\/650-600-1-600x600.jpg 600w, https:\/\/bright-china.com\/wp-content\/uploads\/2025\/05\/650-600-1-100x100.jpg 100w\" sizes=\"(max-width: 650px) 100vw, 650px\" \/>\t\t\t\t\t\t\t\t\t\t\t\t\t\t\t<\/div>\n\t\t\t\t<\/div>\n\t\t\t\t<\/div>\n\t\t\t\t\t<\/div>\n\t\t\t\t<\/div>\n\t\t<div class=\"elementor-element elementor-element-32cbc50 e-flex e-con-boxed e-con e-parent\" data-id=\"32cbc50\" data-element_type=\"container\">\n\t\t\t\t\t<div class=\"e-con-inner\">\n\t\t\t\t<div class=\"elementor-element elementor-element-107f95f elementor-widget-divider--view-line elementor-widget elementor-widget-divider\" data-id=\"107f95f\" data-element_type=\"widget\" data-widget_type=\"divider.default\">\n\t\t\t\t<div class=\"elementor-widget-container\">\n\t\t\t\t\t\t\t<div class=\"elementor-divider\">\n\t\t\t<span class=\"elementor-divider-separator\">\n\t\t\t\t\t\t<\/span>\n\t\t<\/div>\n\t\t\t\t\t\t<\/div>\n\t\t\t\t<\/div>\n\t\t\t\t\t<\/div>\n\t\t\t\t<\/div>\n\t\t<div class=\"elementor-element elementor-element-7e5327e e-flex e-con-boxed e-con e-parent\" data-id=\"7e5327e\" data-element_type=\"container\" data-settings=\"{&quot;background_background&quot;:&quot;classic&quot;}\">\n\t\t\t\t\t<div class=\"e-con-inner\">\n\t\t<div class=\"elementor-element elementor-element-a5cd6c6 e-con-full e-flex e-con e-child\" data-id=\"a5cd6c6\" data-element_type=\"container\">\n\t\t\t\t<div class=\"elementor-element elementor-element-cb75962 elementor-position-top elementor-widget elementor-widget-image-box\" data-id=\"cb75962\" data-element_type=\"widget\" data-widget_type=\"image-box.default\">\n\t\t\t\t<div class=\"elementor-widget-container\">\n\t\t\t\t\t<div class=\"elementor-image-box-wrapper\"><figure class=\"elementor-image-box-img\"><img decoding=\"async\" width=\"120\" height=\"120\" data-src=\"https:\/\/bright-china.com\/wp-content\/uploads\/2018\/12\/globe-free-img.png\" class=\"attachment-full size-full wp-image-586 lazyload\" alt=\"\" data-srcset=\"https:\/\/bright-china.com\/wp-content\/uploads\/2018\/12\/globe-free-img.png 120w, https:\/\/bright-china.com\/wp-content\/uploads\/2018\/12\/globe-free-img-100x100.png 100w\" data-sizes=\"(max-width: 120px) 100vw, 120px\" src=\"data:image\/svg+xml;base64,PHN2ZyB3aWR0aD0iMSIgaGVpZ2h0PSIxIiB4bWxucz0iaHR0cDovL3d3dy53My5vcmcvMjAwMC9zdmciPjwvc3ZnPg==\" style=\"--smush-placeholder-width: 120px; --smush-placeholder-aspect-ratio: 120\/120;\" \/><\/figure><div class=\"elementor-image-box-content\"><h5 class=\"elementor-image-box-title\">Exp\u00e9dition dans le monde entier<\/h5><p class=\"elementor-image-box-description\">It elit tellus, luctus nec ullamcorper mattis, pulvinar dapibus leo.<\/p><\/div><\/div>\t\t\t\t<\/div>\n\t\t\t\t<\/div>\n\t\t\t\t<\/div>\n\t\t<div class=\"elementor-element elementor-element-aedde58 e-con-full e-flex e-con e-child\" data-id=\"aedde58\" data-element_type=\"container\">\n\t\t\t\t<div class=\"elementor-element elementor-element-354e72a elementor-position-top elementor-widget elementor-widget-image-box\" data-id=\"354e72a\" data-element_type=\"widget\" data-widget_type=\"image-box.default\">\n\t\t\t\t<div class=\"elementor-widget-container\">\n\t\t\t\t\t<div class=\"elementor-image-box-wrapper\"><figure class=\"elementor-image-box-img\"><img decoding=\"async\" width=\"120\" height=\"120\" data-src=\"https:\/\/bright-china.com\/wp-content\/uploads\/2018\/12\/quality-free-img.png\" class=\"attachment-full size-full wp-image-588 lazyload\" alt=\"\" data-srcset=\"https:\/\/bright-china.com\/wp-content\/uploads\/2018\/12\/quality-free-img.png 120w, https:\/\/bright-china.com\/wp-content\/uploads\/2018\/12\/quality-free-img-100x100.png 100w\" data-sizes=\"(max-width: 120px) 100vw, 120px\" src=\"data:image\/svg+xml;base64,PHN2ZyB3aWR0aD0iMSIgaGVpZ2h0PSIxIiB4bWxucz0iaHR0cDovL3d3dy53My5vcmcvMjAwMC9zdmciPjwvc3ZnPg==\" style=\"--smush-placeholder-width: 120px; --smush-placeholder-aspect-ratio: 120\/120;\" \/><\/figure><div class=\"elementor-image-box-content\"><h5 class=\"elementor-image-box-title\">Meilleure qualit\u00e9<\/h5><p class=\"elementor-image-box-description\">It elit tellus, luctus nec ullamcorper mattis, pulvinar dapibus leo.<\/p><\/div><\/div>\t\t\t\t<\/div>\n\t\t\t\t<\/div>\n\t\t\t\t<\/div>\n\t\t<div class=\"elementor-element elementor-element-dbc9b68 e-con-full e-flex e-con e-child\" data-id=\"dbc9b68\" data-element_type=\"container\">\n\t\t\t\t<div class=\"elementor-element elementor-element-6bef0f0 elementor-position-top elementor-widget elementor-widget-image-box\" data-id=\"6bef0f0\" data-element_type=\"widget\" data-widget_type=\"image-box.default\">\n\t\t\t\t<div class=\"elementor-widget-container\">\n\t\t\t\t\t<div class=\"elementor-image-box-wrapper\"><figure class=\"elementor-image-box-img\"><img decoding=\"async\" width=\"120\" height=\"120\" data-src=\"https:\/\/bright-china.com\/wp-content\/uploads\/2018\/12\/tag-free-img.png\" class=\"attachment-full size-full wp-image-589 lazyload\" alt=\"\" data-srcset=\"https:\/\/bright-china.com\/wp-content\/uploads\/2018\/12\/tag-free-img.png 120w, https:\/\/bright-china.com\/wp-content\/uploads\/2018\/12\/tag-free-img-100x100.png 100w\" data-sizes=\"(max-width: 120px) 100vw, 120px\" src=\"data:image\/svg+xml;base64,PHN2ZyB3aWR0aD0iMSIgaGVpZ2h0PSIxIiB4bWxucz0iaHR0cDovL3d3dy53My5vcmcvMjAwMC9zdmciPjwvc3ZnPg==\" style=\"--smush-placeholder-width: 120px; --smush-placeholder-aspect-ratio: 120\/120;\" \/><\/figure><div class=\"elementor-image-box-content\"><h5 class=\"elementor-image-box-title\">Meilleures offres<\/h5><p class=\"elementor-image-box-description\">It elit tellus, luctus nec ullamcorper mattis, pulvinar dapibus leo.<\/p><\/div><\/div>\t\t\t\t<\/div>\n\t\t\t\t<\/div>\n\t\t\t\t<\/div>\n\t\t<div class=\"elementor-element elementor-element-e16ff0a e-con-full e-flex e-con e-child\" data-id=\"e16ff0a\" data-element_type=\"container\">\n\t\t\t\t<div class=\"elementor-element elementor-element-5fcddda elementor-position-top elementor-widget elementor-widget-image-box\" data-id=\"5fcddda\" data-element_type=\"widget\" data-widget_type=\"image-box.default\">\n\t\t\t\t<div class=\"elementor-widget-container\">\n\t\t\t\t\t<div class=\"elementor-image-box-wrapper\"><figure class=\"elementor-image-box-img\"><img decoding=\"async\" width=\"120\" height=\"120\" data-src=\"https:\/\/bright-china.com\/wp-content\/uploads\/2018\/12\/lock-free-img.png\" class=\"attachment-full size-full wp-image-587 lazyload\" alt=\"\" data-srcset=\"https:\/\/bright-china.com\/wp-content\/uploads\/2018\/12\/lock-free-img.png 120w, https:\/\/bright-china.com\/wp-content\/uploads\/2018\/12\/lock-free-img-100x100.png 100w\" data-sizes=\"(max-width: 120px) 100vw, 120px\" src=\"data:image\/svg+xml;base64,PHN2ZyB3aWR0aD0iMSIgaGVpZ2h0PSIxIiB4bWxucz0iaHR0cDovL3d3dy53My5vcmcvMjAwMC9zdmciPjwvc3ZnPg==\" style=\"--smush-placeholder-width: 120px; --smush-placeholder-aspect-ratio: 120\/120;\" \/><\/figure><div class=\"elementor-image-box-content\"><h5 class=\"elementor-image-box-title\">Paiements s\u00e9curis\u00e9s<\/h5><p class=\"elementor-image-box-description\">It elit tellus, luctus nec ullamcorper mattis, pulvinar dapibus leo.<\/p><\/div><\/div>\t\t\t\t<\/div>\n\t\t\t\t<\/div>\n\t\t\t\t<\/div>\n\t\t\t\t\t<\/div>\n\t\t\t\t<\/div>\n\t\t\t\t<\/div>","protected":false},"excerpt":{"rendered":"<p>Our Products Our products : DC Circuit Breakers\uff0cDC Surge Protector\uff0cfault arc protector,Arc Fault Circuit Interrupter \uff08AFCI\uff09\uff0cArc Fault Detection Devices\uff08<a href=\"https:\/\/bright-china.com\/en\/afci-afdd\/\" title=\"\u67e5\u770b\u66f4\u591a\u5173\u4e8eAFDD\u7684\u4fe1\u606f\" class=\"seo-keyword-link\" style=\"font-weight: bold; color: inherit; text-decoration: underline; border-bottom: 1px dotted #667eea;\">AFDD<\/a>\uff09\uff0c current limiting fire alarm protector, current limiting fire protector, metering current limiting protector, selective power limiting protector, current limiting and charging limiting protector, self resetting over voltage and under voltage protector, three-phase four wire self resetting [&hellip;]<\/p>","protected":false},"author":1,"featured_media":0,"parent":0,"menu_order":0,"comment_status":"closed","ping_status":"closed","template":"","meta":{"_acf_changed":false,"site-sidebar-layout":"no-sidebar","site-content-layout":"page-builder","ast-site-content-layout":"full-width-container","site-content-style":"unboxed","site-sidebar-style":"unboxed","ast-global-header-display":"","ast-banner-title-visibility":"","ast-main-header-display":"","ast-hfb-above-header-display":"","ast-hfb-below-header-display":"","ast-hfb-mobile-header-display":"","site-post-title":"disabled","ast-breadcrumbs-content":"","ast-featured-img":"disabled","footer-sml-layout":"","theme-transparent-header-meta":"enabled","adv-header-id-meta":"","stick-header-meta":"","header-above-stick-meta":"","header-main-stick-meta":"","header-below-stick-meta":"","astra-migrate-meta-layouts":"set","ast-page-background-enabled":"default","ast-page-background-meta":{"desktop":{"background-color":"","background-image":"","background-repeat":"repeat","background-position":"center center","background-size":"auto","background-attachment":"scroll","background-type":"","background-media":"","overlay-type":"","overlay-color":"","overlay-opacity":"","overlay-gradient":""},"tablet":{"background-color":"","background-image":"","background-repeat":"repeat","background-position":"center center","background-size":"auto","background-attachment":"scroll","background-type":"","background-media":"","overlay-type":"","overlay-color":"","overlay-opacity":"","overlay-gradient":""},"mobile":{"background-color":"","background-image":"","background-repeat":"repeat","background-position":"center center","background-size":"auto","background-attachment":"scroll","background-type":"","background-media":"","overlay-type":"","overlay-color":"","overlay-opacity":"","overlay-gradient":""}},"ast-content-background-meta":{"desktop":{"background-color":"var(--ast-global-color-5)","background-image":"","background-repeat":"repeat","background-position":"center center","background-size":"auto","background-attachment":"scroll","background-type":"","background-media":"","overlay-type":"","overlay-color":"","overlay-opacity":"","overlay-gradient":""},"tablet":{"background-color":"var(--ast-global-color-5)","background-image":"","background-repeat":"repeat","background-position":"center center","background-size":"auto","background-attachment":"scroll","background-type":"","background-media":"","overlay-type":"","overlay-color":"","overlay-opacity":"","overlay-gradient":""},"mobile":{"background-color":"var(--ast-global-color-5)","background-image":"","background-repeat":"repeat","background-position":"center center","background-size":"auto","background-attachment":"scroll","background-type":"","background-media":"","overlay-type":"","overlay-color":"","overlay-opacity":"","overlay-gradient":""}},"footnotes":"","_seo_title":"","_seo_keywords":"","_seo_description":""},"class_list":["post-5944","page","type-page","status-publish","hentry"],"acf":[],"seo_title":"","seo_keywords":"","seo_description":"","seo_score":0,"_links":{"self":[{"href":"https:\/\/bright-china.com\/fr\/wp-json\/wp\/v2\/pages\/5944","targetHints":{"allow":["GET"]}}],"collection":[{"href":"https:\/\/bright-china.com\/fr\/wp-json\/wp\/v2\/pages"}],"about":[{"href":"https:\/\/bright-china.com\/fr\/wp-json\/wp\/v2\/types\/page"}],"author":[{"embeddable":true,"href":"https:\/\/bright-china.com\/fr\/wp-json\/wp\/v2\/users\/1"}],"replies":[{"embeddable":true,"href":"https:\/\/bright-china.com\/fr\/wp-json\/wp\/v2\/comments?post=5944"}],"version-history":[{"count":0,"href":"https:\/\/bright-china.com\/fr\/wp-json\/wp\/v2\/pages\/5944\/revisions"}],"wp:attachment":[{"href":"https:\/\/bright-china.com\/fr\/wp-json\/wp\/v2\/media?parent=5944"}],"curies":[{"name":"wp","href":"https:\/\/api.w.org\/{rel}","templated":true}]}}