{"id":4424,"date":"2025-04-27T02:23:54","date_gmt":"2025-04-27T02:23:54","guid":{"rendered":"https:\/\/bright-china.com\/?post_type=product&#038;p=4424"},"modified":"2025-12-29T18:42:53","modified_gmt":"2025-12-30T01:42:53","slug":"protecteur-jgxz-63","status":"publish","type":"product","link":"https:\/\/bright-china.com\/fr\/produit\/protecteur-jgxz-63\/","title":{"rendered":"Protecteur s\u00e9lectif de limite de puissance JGXZ-63"},"content":{"rendered":"<h2>1\u3001Introduction<\/h2>\n<hr \/>\n<p><strong style=\"font-size: 16px;\"><a href=\"https:\/\/bright-china.com\">\u00a0 \u00a0 \u00a0Protecteur s\u00e9lectif de limite de puissance<\/a> <\/strong><span style=\"font-size: 16px;\">Le JGXZ-63 est un protecteur s\u00e9lectif de limite de puissance, principalement utilis\u00e9 pour limiter la consommation d'\u00e9nergie des appareils \u00e9lectriques individuels ayant une puissance excessive, et un protecteur intelligent de limite de puissance pour le d\u00e9passement de la limite de puissance totale. En m\u00eame temps, le produit poss\u00e8de de multiples fonctions de protection telles que la surtension, la sous-tension, le court-circuit, la fuite, la temp\u00e9rature, la fr\u00e9quence et la mesure de l'\u00e9lectricit\u00e9. Le produit pr\u00e9sente les avantages de la modularit\u00e9, de l'intelligence, de la visualisation et prend en charge le protocole de communication standard Modbus 485.<\/span><\/p>\n<p>Tous les param\u00e8tres de protection tels que la surtension, la sous-tension, la limite de puissance, la protection contre les fuites, etc. peuvent \u00eatre r\u00e9gl\u00e9s en fonction de la demande de puissance afin de garantir que le protecteur puisse couper instantan\u00e9ment l'alimentation en cas de surtension, de sous-tension, de court-circuit, de fuite et d'autres d\u00e9fauts dans la ligne, prot\u00e9geant ainsi l'\u00e9quipement \u00e9lectrique contre les dommages.<\/p>\n<p>Cette s\u00e9rie de produits pr\u00e9sente une structure compacte, une belle apparence et une installation de rail de guidage standard. Elle convient principalement aux dortoirs des \u00e9coles, aux maisons de location et \u00e0 d'autres occasions.<\/p>\n<h2>2\u3001Principe de fonctionnement du produit<\/h2>\n<hr \/>\n<p>Exemple : Param\u00e8tres par d\u00e9faut du produit : La puissance unique est de 0,2 kW, limit\u00e9e \u00e0 3 fois, la puissance totale est de 2,0 kW.<\/p>\n<p>a\u3001 Branchez s\u00e9par\u00e9ment 10 appareils d'une puissance inf\u00e9rieure \u00e0 0,2kw, et \u00e0 ce moment-l\u00e0, la puissance individuelle ne d\u00e9passe pas 0,2kw, et la puissance totale ne d\u00e9passe pas 2,0kw. Le protecteur fonctionne normalement. Si la puissance individuelle des appareils \u00e9lectriques connect\u00e9s ne d\u00e9passe pas, mais que la puissance totale d\u00e9passe 2,0 kw en raison d'un trop grand nombre de connexions, le protecteur se d\u00e9connecte dans le d\u00e9lai sp\u00e9cifi\u00e9 et une r\u00e9initialisation manuelle est n\u00e9cessaire \u00e0 ce moment-l\u00e0.<\/p>\n<p>b\u3001 Lorsqu'un seul appareil \u00e9lectrique est branch\u00e9 avec une puissance sup\u00e9rieure \u00e0 0,2 kw, le voyant rouge P du produit clignote, indiquant qu'un appareil avec une puissance excessive a \u00e9t\u00e9 branch\u00e9. Si l'alimentation de la charge n'est pas d\u00e9connect\u00e9e et coup\u00e9e en temps voulu dans le d\u00e9lai sp\u00e9cifi\u00e9, l'appareil entame un compte \u00e0 rebours. \u00c0 la fin du compte \u00e0 rebours, l'appareil se ferme automatiquement. Si des appareils d\u00e9passent encore la limite apr\u00e8s la fermeture, l'appareil se d\u00e9connecte automatiquement. Apr\u00e8s avoir d\u00e9pass\u00e9 la limite plus de trois fois, il faut appuyer manuellement sur le bouton de r\u00e9initialisation pour fermer le circuit.<\/p>\n<p>c\u3001 Si la puissance d'un seul appareil ne d\u00e9passe pas la limite, mais d\u00e9passe la puissance totale, le produit doit \u00eatre r\u00e9initialis\u00e9 manuellement pour se fermer apr\u00e8s la protection.<\/p>\n<p>Lorsqu'il est n\u00e9cessaire d'appuyer manuellement sur le bouton de r\u00e9initialisation, tous les appareils \u00e9lectriques hors limites doivent \u00eatre retir\u00e9s.<\/p>\n<h2>3\u3001Conditions et param\u00e8tres de travail<\/h2>\n<hr \/>\n<div style=\"overflow-x: auto;\">\n<table style=\"width: 100%; border-collapse: collapse; border-color: #8b8e8f;\">\n<tbody>\n<tr>\n<td style=\"width: 50%; background-color: #0b1061; text-align: center;\"><span style=\"color: #ffffff;\">Type<\/span><\/td>\n<td style=\"width: 50%; background-color: #0b1061; text-align: center;\"><span style=\"color: #ffffff;\">JGXZ-63<\/span><\/td>\n<\/tr>\n<tr>\n<td style=\"width: 50%;\">R\u00e9glage unique de la puissance<\/td>\n<td style=\"width: 50%;\">0,01~9,9kw<\/td>\n<\/tr>\n<tr>\n<td style=\"width: 50%; background-color: #e3e5e6;\">R\u00e9glage de la puissance totale<\/td>\n<td style=\"width: 50%; background-color: #e3e5e6;\">0,5~13,2kw<\/td>\n<\/tr>\n<tr>\n<td style=\"width: 50%;\">R\u00e9glage de la surtension<\/td>\n<td style=\"width: 50%;\">AC270V(210~300V)<\/td>\n<\/tr>\n<tr>\n<td style=\"width: 50%; background-color: #e3e5e6;\">r\u00e9glage de la sous-tension<\/td>\n<td style=\"width: 50%; background-color: #e3e5e6;\">AC170V(80~200V)<\/td>\n<\/tr>\n<tr>\n<td style=\"width: 50%;\">R\u00e9glage du courant de fuite<\/td>\n<td style=\"width: 50%;\">20mA(5~300mA)<\/td>\n<\/tr>\n<tr>\n<td style=\"width: 50%; background-color: #e3e5e6;\">Comptage de l'\u00e9lectricit\u00e9<\/td>\n<td style=\"width: 50%; background-color: #e3e5e6;\">0,1-99999,9kwh<\/td>\n<\/tr>\n<\/tbody>\n<\/table>\n<\/div>\n<p>3.1. Le produit se d\u00e9connecte automatiquement dans un d\u00e9lai d'une seconde en cas de surtension, de sous-tension, de surintensit\u00e9 ou de fuite lors de la premi\u00e8re mise sous tension ;<\/p>\n<p>3.2. Param\u00e8tres de protection du courant :<\/p>\n<p>a. \u2265 1,0 fois le courant, plage de r\u00e9glage 1-120 secondes, 10 secondes par d\u00e9faut<\/p>\n<p>b. \u2265 1,2 fois le courant de court-circuit, 0,1 seconde pour ouvrir le circuit<\/p>\n<p>3.3. La temp\u00e9rature ambiante ne doit pas d\u00e9passer +40 \u2103, ni \u00eatre inf\u00e9rieure \u00e0 -5 \u2103, et la temp\u00e9rature moyenne sur 24 heures ne doit pas d\u00e9passer +35 \u2103 ; \u00e0 +40 \u2103, l'humidit\u00e9 de l'air ambiant ne doit pas d\u00e9passer 50%.<\/p>\n<p>3.4. Le niveau de la mer sur le lieu d'installation ne doit pas d\u00e9passer 2000 m\u00e8tres.5 Niveau de pollution III.6. L'environnement d'installation ne contient pas de produits dangereux explosifs, de gaz corrosifs ou isolants, ni de poussi\u00e8res conductrices. Il n'y a pas non plus de zones affect\u00e9es par la pluie ou la neige.<\/p>\n<h3>4\u3001Menu et m\u00e9thodes de r\u00e9glage<\/h3>\n<hr \/>\n<p><img fetchpriority=\"high\" decoding=\"async\" class=\"alignnone wp-image-8709 size-full\" src=\"https:\/\/bright-china.com\/wp-content\/uploads\/2025\/04\/Display-menu-for-selective-power-limit-protector-JGXZ-63.webp\" alt=\"Menu d&#039;affichage pour le protecteur s\u00e9lectif de limite de puissance JGXZ-63\" width=\"827\" height=\"874\" srcset=\"https:\/\/bright-china.com\/wp-content\/uploads\/2025\/04\/Display-menu-for-selective-power-limit-protector-JGXZ-63.webp 827w, https:\/\/bright-china.com\/wp-content\/uploads\/2025\/04\/Display-menu-for-selective-power-limit-protector-JGXZ-63-284x300.webp 284w, https:\/\/bright-china.com\/wp-content\/uploads\/2025\/04\/Display-menu-for-selective-power-limit-protector-JGXZ-63-768x812.webp 768w, https:\/\/bright-china.com\/wp-content\/uploads\/2025\/04\/Display-menu-for-selective-power-limit-protector-JGXZ-63-11x12.webp 11w, https:\/\/bright-china.com\/wp-content\/uploads\/2025\/04\/Display-menu-for-selective-power-limit-protector-JGXZ-63-600x634.webp 600w\" sizes=\"(max-width: 827px) 100vw, 827px\" \/><\/p>\n<p>&nbsp;<\/p>\n<p><img decoding=\"async\" class=\"alignnone wp-image-8710 size-full lazyload\" data-src=\"https:\/\/bright-china.com\/wp-content\/uploads\/2025\/04\/Product-Setting-Instructions-for-Selective-Power-Limiting-Protector-JGXZ-63.webp\" alt=\"Instructions de r\u00e9glage du produit pour le protecteur de limitation de puissance s\u00e9lective JGXZ-63\" width=\"958\" height=\"1350\" data-srcset=\"https:\/\/bright-china.com\/wp-content\/uploads\/2025\/04\/Product-Setting-Instructions-for-Selective-Power-Limiting-Protector-JGXZ-63.webp 958w, https:\/\/bright-china.com\/wp-content\/uploads\/2025\/04\/Product-Setting-Instructions-for-Selective-Power-Limiting-Protector-JGXZ-63-213x300.webp 213w, https:\/\/bright-china.com\/wp-content\/uploads\/2025\/04\/Product-Setting-Instructions-for-Selective-Power-Limiting-Protector-JGXZ-63-727x1024.webp 727w, https:\/\/bright-china.com\/wp-content\/uploads\/2025\/04\/Product-Setting-Instructions-for-Selective-Power-Limiting-Protector-JGXZ-63-768x1082.webp 768w, https:\/\/bright-china.com\/wp-content\/uploads\/2025\/04\/Product-Setting-Instructions-for-Selective-Power-Limiting-Protector-JGXZ-63-9x12.webp 9w, https:\/\/bright-china.com\/wp-content\/uploads\/2025\/04\/Product-Setting-Instructions-for-Selective-Power-Limiting-Protector-JGXZ-63-600x846.webp 600w\" data-sizes=\"(max-width: 958px) 100vw, 958px\" src=\"data:image\/svg+xml;base64,PHN2ZyB3aWR0aD0iMSIgaGVpZ2h0PSIxIiB4bWxucz0iaHR0cDovL3d3dy53My5vcmcvMjAwMC9zdmciPjwvc3ZnPg==\" style=\"--smush-placeholder-width: 958px; --smush-placeholder-aspect-ratio: 958\/1350;\" \/><\/p>\n<h2>5\u3001Description du panneau<\/h2>\n<hr \/>\n<p><img decoding=\"async\" class=\"alignnone wp-image-8708 size-full lazyload\" data-src=\"https:\/\/bright-china.com\/wp-content\/uploads\/2025\/04\/Display-name-of-selective-power-limit-protector-JGXZ-63.webp\" alt=\"Nom d&#039;affichage du protecteur s\u00e9lectif de limite de puissance JGXZ-63\" width=\"669\" height=\"733\" data-srcset=\"https:\/\/bright-china.com\/wp-content\/uploads\/2025\/04\/Display-name-of-selective-power-limit-protector-JGXZ-63.webp 669w, https:\/\/bright-china.com\/wp-content\/uploads\/2025\/04\/Display-name-of-selective-power-limit-protector-JGXZ-63-274x300.webp 274w, https:\/\/bright-china.com\/wp-content\/uploads\/2025\/04\/Display-name-of-selective-power-limit-protector-JGXZ-63-11x12.webp 11w, https:\/\/bright-china.com\/wp-content\/uploads\/2025\/04\/Display-name-of-selective-power-limit-protector-JGXZ-63-600x657.webp 600w\" data-sizes=\"(max-width: 669px) 100vw, 669px\" src=\"data:image\/svg+xml;base64,PHN2ZyB3aWR0aD0iMSIgaGVpZ2h0PSIxIiB4bWxucz0iaHR0cDovL3d3dy53My5vcmcvMjAwMC9zdmciPjwvc3ZnPg==\" style=\"--smush-placeholder-width: 669px; --smush-placeholder-aspect-ratio: 669\/733;\" \/><\/p>\n<h2>6\u3001<strong><a href=\"https:\/\/ua-protector.com\">Protecteur s\u00e9lectif de limite de puissance<\/a> <\/strong>Dimensions<\/h2>\n<hr \/>\n<p><img decoding=\"async\" class=\"alignnone wp-image-5180 size-full lazyload\" data-src=\"https:\/\/bright-china.com\/wp-content\/uploads\/2025\/04\/\u5916\u578b\u5c3a\u5bf8.jpg\" alt=\"Menu d&#039;affichage pour le protecteur s\u00e9lectif de limite de puissance\" width=\"687\" height=\"533\" data-srcset=\"https:\/\/bright-china.com\/wp-content\/uploads\/2025\/04\/\u5916\u578b\u5c3a\u5bf8.jpg 687w, https:\/\/bright-china.com\/wp-content\/uploads\/2025\/04\/\u5916\u578b\u5c3a\u5bf8-300x233.jpg 300w, https:\/\/bright-china.com\/wp-content\/uploads\/2025\/04\/\u5916\u578b\u5c3a\u5bf8-15x12.jpg 15w, https:\/\/bright-china.com\/wp-content\/uploads\/2025\/04\/\u5916\u578b\u5c3a\u5bf8-600x466.jpg 600w\" data-sizes=\"(max-width: 687px) 100vw, 687px\" src=\"data:image\/svg+xml;base64,PHN2ZyB3aWR0aD0iMSIgaGVpZ2h0PSIxIiB4bWxucz0iaHR0cDovL3d3dy53My5vcmcvMjAwMC9zdmciPjwvc3ZnPg==\" style=\"--smush-placeholder-width: 687px; --smush-placeholder-aspect-ratio: 687\/533;\" \/><\/p>\n<p>&nbsp;<\/p>\n<h2>7. il devrait y avoir un plan<\/h2>\n<hr \/>\n<figure id=\"attachment_6111\" aria-describedby=\"caption-attachment-6111\" style=\"width: 600px\" class=\"wp-caption alignnone\"><img decoding=\"async\" class=\"wp-image-6111 size-full lazyload\" data-src=\"https:\/\/bright-china.com\/wp-content\/uploads\/2025\/04\/\u63a5\u7ebf\u56fe-\u8fc7\u6b20\u538b-3.jpg\" alt=\"protecteurs contre la surtension et la soustension\" width=\"600\" height=\"1133\" data-srcset=\"https:\/\/bright-china.com\/wp-content\/uploads\/2025\/04\/\u63a5\u7ebf\u56fe-\u8fc7\u6b20\u538b-3.jpg 600w, https:\/\/bright-china.com\/wp-content\/uploads\/2025\/04\/\u63a5\u7ebf\u56fe-\u8fc7\u6b20\u538b-3-159x300.jpg 159w, https:\/\/bright-china.com\/wp-content\/uploads\/2025\/04\/\u63a5\u7ebf\u56fe-\u8fc7\u6b20\u538b-3-542x1024.jpg 542w, https:\/\/bright-china.com\/wp-content\/uploads\/2025\/04\/\u63a5\u7ebf\u56fe-\u8fc7\u6b20\u538b-3-6x12.jpg 6w\" data-sizes=\"(max-width: 600px) 100vw, 600px\" src=\"data:image\/svg+xml;base64,PHN2ZyB3aWR0aD0iMSIgaGVpZ2h0PSIxIiB4bWxucz0iaHR0cDovL3d3dy53My5vcmcvMjAwMC9zdmciPjwvc3ZnPg==\" style=\"--smush-placeholder-width: 600px; --smush-placeholder-aspect-ratio: 600\/1133;\" \/><figcaption id=\"caption-attachment-6111\" class=\"wp-caption-text\">protecteurs contre la surtension et la soustension<\/figcaption><\/figure>\n<h3 data-slate-node=\"element\"><span style=\"color: #ff0000;\" data-slate-node=\"text\"><span class=\"null hover-sent\" data-slate-leaf=\"true\" data-sent-id=\"ejrkgDPYqe\">Avertissement :<\/span><\/span><\/h3>\n<div data-slate-node=\"element\"><span data-slate-node=\"text\"><span class=\"null hover-sent\" data-slate-leaf=\"true\" data-sent-id=\"ejrkgDPYqe\">Les fils N et L ne doivent pas \u00eatre mal raccord\u00e9s.<\/span><\/span><\/div>\n<div data-slate-node=\"element\" data-slate-fragment=\"JTVCJTdCJTIydHlwZSUyMiUzQSUyMnBhcmFncmFwaCUyMiUyQyUyMmNoaWxkcmVuJTIyJTNBJTVCJTdCJTIyaWQlMjIlM0ElMjJlanJrZ0RQWXFlJTIyJTJDJTIycGFyYUlkeCUyMiUzQTElMkMlMjJzcmMlMjIlM0ElMjJBdHRlbnRpb24lM0ElMjBUaGUlMjBOJTIwYW5kJTIwTCUyMHdpcmVzJTIwbXVzdCUyMG5vdCUyMGJlJTIwY29ubmVjdGVkJTIwaW5jb3JyZWN0bHkuJTIyJTJDJTIyZHN0JTIyJTNBJTIyJUU2JUIzJUE4JUU2JTg0JThGJUVGJUJDJTlBTiVFNSU5MiU4Q0wlRTclQkElQkYlRTQlQjglOEQlRTUlQkUlOTclRTglQkYlOUUlRTYlOEUlQTUlRTklOTQlOTklRTglQUYlQUYlRTMlODAlODIlMjIlMkMlMjJtZXRhZGF0YSUyMiUzQSUyMiUyMiUyQyUyMm1hdGNoZXMlMjIlM0FudWxsJTJDJTIybWV0YURhdGElMjIlM0ElNUIlNUQlMkMlMjJ0ZXh0JTIyJTNBJTIyVGhlJTIwTiUyMGFuZCUyMEwlMjB3aXJlcyUyMG11c3QlMjBub3QlMjBiZSUyMGNvbm5lY3RlZCUyMGluY29ycmVjdGx5LiUyMiU3RCU1RCU3RCUyQyU3QiUyMnR5cGUlMjIlM0ElMjJwYXJhZ3JhcGglMjIlMkMlMjJjaGlsZHJlbiUyMiUzQSU1QiU3QiUyMmlkJTIyJTNBJTIyVk5ETmRqOUFiQiUyMiUyQyUyMnBhcmFJZHglMjIlM0EyJTJDJTIyc3JjJTIyJTNBJTIyQWxsJTIwdGVybWluYWxzJTIwbXVzdCUyMGJlJTIwdGlnaHRlbmVkJTIwdG8lMjBwcmV2ZW50JTIwZmFsc2UlMjBjb25uZWN0aW9ucyUyMHRoYXQlMjBjb3VsZCUyMGJ1cm4lMjBvdXQlMjB0aGUlMjBwcm90ZWN0b3IuJTIyJTJDJTIyZHN0JTIyJTNBJTIyJUU2JTg5JTgwJUU2JTlDJTg5JUU3JUFCJUFGJUU1JUFEJTkwJUU1JUJGJTg1JUU5JUExJUJCJUU2JThCJUE3JUU3JUI0JUE3JUVGJUJDJThDJUU0JUJCJUE1JUU5JTk4JUIyJUU2JUFEJUEyJUU1JThGJUFGJUU4JTgzJUJEJUU3JTgzJUE3JUU1JTlEJThGJUU0JUJGJTlEJUU2JThBJUE0JUU1JTk5JUE4JUU3JTlBJTg0JUU5JTk0JTk5JUU4JUFGJUFGJUU4JUJGJTlFJUU2JThFJUE1JUUzJTgwJTgyJTIyJTJDJTIybWV0YWRhdGElMjIlM0ElMjIlMjIlMkMlMjJtYXRjaGVzJTIyJTNBbnVsbCUyQyUyMm1ldGFEYXRhJTIyJTNBJTVCJTVEJTJDJTIydGV4dCUyMiUzQSUyMkFsbCUyMHRlcm1pbmFscyUyMG11c3QlMjBiZSUyMHRpZ2h0ZW5lZCUyMHRvJTIwcHJldmVudCUyMGZhbHNlJTIwY29ubmVjdGlvbnMlMjB0aGF0JTIwY291bGQlMjBidXJuJTIwb3V0JTIwdGhlJTIwcHJvdGVjdG9yLiUyMiU3RCU1RCU3RCU1RA==\"><span data-slate-node=\"text\"><span class=\"null\" data-slate-leaf=\"true\" data-sent-id=\"VNDNdj9AbB\">Toutes les bornes doivent \u00eatre serr\u00e9es afin d'\u00e9viter les faux raccordements qui pourraient griller le protecteur.<\/span><\/span><\/div>\n<h2 class=\"wp-block-heading\"><\/h2>\n<h2><strong>8. Informations sur le paquet standard<\/strong><\/h2>\n<hr \/>\n<div style=\"overflow-x: auto;\">\n<p><img decoding=\"async\" class=\"alignnone wp-image-8832 size-medium lazyload\" data-src=\"https:\/\/bright-china.com\/wp-content\/uploads\/2025\/04\/Packaging-box-for-protector--300x300.webp\" alt=\"Bo\u00eete d&#039;emballage pour le protecteur\" width=\"300\" height=\"300\" data-srcset=\"https:\/\/bright-china.com\/wp-content\/uploads\/2025\/04\/Packaging-box-for-protector--300x300.webp 300w, https:\/\/bright-china.com\/wp-content\/uploads\/2025\/04\/Packaging-box-for-protector--150x150.webp 150w, https:\/\/bright-china.com\/wp-content\/uploads\/2025\/04\/Packaging-box-for-protector--12x12.webp 12w, https:\/\/bright-china.com\/wp-content\/uploads\/2025\/04\/Packaging-box-for-protector--600x600.webp 600w, https:\/\/bright-china.com\/wp-content\/uploads\/2025\/04\/Packaging-box-for-protector--100x100.webp 100w, https:\/\/bright-china.com\/wp-content\/uploads\/2025\/04\/Packaging-box-for-protector-.webp 750w\" data-sizes=\"(max-width: 300px) 100vw, 300px\" src=\"data:image\/svg+xml;base64,PHN2ZyB3aWR0aD0iMSIgaGVpZ2h0PSIxIiB4bWxucz0iaHR0cDovL3d3dy53My5vcmcvMjAwMC9zdmciPjwvc3ZnPg==\" style=\"--smush-placeholder-width: 300px; --smush-placeholder-aspect-ratio: 300\/300;\" \/><\/p>\n<table style=\"border-color: #969696; width: 100%;\" width=\"100%\">\n<tbody>\n<tr>\n<th style=\"background-color: #110d4d;\"><span style=\"color: #ffffff;\">Dimension du carton (cm)<\/span><\/th>\n<th style=\"background-color: #110d4d;\"><span style=\"color: #ffffff;\">Liste de colisage<\/span><\/th>\n<th style=\"background-color: #110d4d;\"><span style=\"color: #ffffff;\">QT\u00c9<\/span><\/th>\n<th style=\"background-color: #110d4d;\"><span style=\"color: #ffffff;\">Poids brut (kg)<\/span><\/th>\n<\/tr>\n<tr>\n<td>45,5cm \u00d7 23,5cm \u00d7 31,5cm<\/td>\n<td>\u00a0protecteur<\/td>\n<td>120pcs<\/td>\n<td>20 kg<\/td>\n<\/tr>\n<\/tbody>\n<\/table>\n<\/div>\n<p>&nbsp;<\/p>","protected":false},"excerpt":{"rendered":"<p>Le JGXZ-63 est un protecteur s\u00e9lectif de limitation de puissance, principalement utilis\u00e9 pour limiter la consommation d'\u00e9nergie des appareils \u00e9lectriques individuels ayant une puissance excessive, et un protecteur intelligent de limitation de puissance pour le d\u00e9passement de la limite de puissance totale.<br \/>\n<strong>Instructions \uff1a<a href=\"https:\/\/bright-china.com\/wp-content\/uploads\/2025\/04\/JGXZ-63-Manual.pdf\">Protecteur s\u00e9lectif de limite de puissance JGXZ-63-Manuel<\/a><\/strong><\/p>\n<p>&nbsp;<\/p>","protected":false},"featured_media":8703,"template":"","meta":{"_acf_changed":false,"site-sidebar-layout":"default","site-content-layout":"","ast-site-content-layout":"default","site-content-style":"default","site-sidebar-style":"default","ast-global-header-display":"","ast-banner-title-visibility":"","ast-main-header-display":"","ast-hfb-above-header-display":"","ast-hfb-below-header-display":"","ast-hfb-mobile-header-display":"","site-post-title":"","ast-breadcrumbs-content":"","ast-featured-img":"","footer-sml-layout":"","theme-transparent-header-meta":"default","adv-header-id-meta":"","stick-header-meta":"default","header-above-stick-meta":"","header-main-stick-meta":"","header-below-stick-meta":"","astra-migrate-meta-layouts":"set","ast-page-background-enabled":"default","ast-page-background-meta":{"desktop":{"background-color":"","background-image":"","background-repeat":"repeat","background-position":"center center","background-size":"auto","background-attachment":"scroll","background-type":"","background-media":"","overlay-type":"","overlay-color":"","overlay-opacity":"","overlay-gradient":""},"tablet":{"background-color":"","background-image":"","background-repeat":"repeat","background-position":"center center","background-size":"auto","background-attachment":"scroll","background-type":"","background-media":"","overlay-type":"","overlay-color":"","overlay-opacity":"","overlay-gradient":""},"mobile":{"background-color":"","background-image":"","background-repeat":"repeat","background-position":"center center","background-size":"auto","background-attachment":"scroll","background-type":"","background-media":"","overlay-type":"","overlay-color":"","overlay-opacity":"","overlay-gradient":""}},"ast-content-background-meta":{"desktop":{"background-color":"var(--ast-global-color-5)","background-image":"","background-repeat":"repeat","background-position":"center center","background-size":"auto","background-attachment":"scroll","background-type":"","background-media":"","overlay-type":"","overlay-color":"","overlay-opacity":"","overlay-gradient":""},"tablet":{"background-color":"var(--ast-global-color-5)","background-image":"","background-repeat":"repeat","background-position":"center center","background-size":"auto","background-attachment":"scroll","background-type":"","background-media":"","overlay-type":"","overlay-color":"","overlay-opacity":"","overlay-gradient":""},"mobile":{"background-color":"var(--ast-global-color-5)","background-image":"","background-repeat":"repeat","background-position":"center center","background-size":"auto","background-attachment":"scroll","background-type":"","background-media":"","overlay-type":"","overlay-color":"","overlay-opacity":"","overlay-gradient":""}},"_seo_title":"Selective power limit protector JGXZ-63","_seo_keywords":"Selective power limit protector, School dormitory surge protector, voltage protector, adjustable voltage protector","_seo_description":"JGXZ-63 is a selective power limit protector, mainly used to limit the power consumption of individual electrical appliances with excessive power, and an intelligent power limit protector for exceeding the..."},"product_brand":[],"product_cat":[15,65,69,64,57],"product_tag":[91,102,99,118,125,93],"class_list":{"0":"post-4424","1":"product","2":"type-product","3":"status-publish","4":"has-post-thumbnail","6":"product_cat-product","7":"product_cat-current-and-voltage-protector","8":"product_cat-voltmeter-ammeter","9":"product_cat-smart-meter","10":"product_cat-smart-protector","11":"product_tag-adjustable-over-under-voltage-protector","12":"product_tag-automatic-transfer-switch","13":"product_tag-current-limiting-protector","14":"product_tag-digital-display-adjustable-voltage-and-current-protector","15":"product_tag-selective-power-limit-protector","16":"product_tag-voltage-protector","17":"desktop-align-center","18":"tablet-align-left","19":"mobile-align-left","20":"ast-product-gallery-layout-horizontal-slider","22":"first","23":"instock","24":"sale","25":"featured","26":"shipping-taxable","27":"purchasable","28":"product-type-simple"},"acf":[],"seo_title":"Selective power limit protector JGXZ-63","seo_keywords":"Selective power limit protector, School dormitory surge protector, voltage protector, adjustable voltage protector","seo_description":"JGXZ-63 is a selective power limit protector, mainly used to limit the power consumption of individual electrical appliances with excessive power, and an intelligent power limit protector for exceeding the...","seo_score":"85","product_seo_keywords":"","_links":{"self":[{"href":"https:\/\/bright-china.com\/fr\/wp-json\/wp\/v2\/product\/4424","targetHints":{"allow":["GET"]}}],"collection":[{"href":"https:\/\/bright-china.com\/fr\/wp-json\/wp\/v2\/product"}],"about":[{"href":"https:\/\/bright-china.com\/fr\/wp-json\/wp\/v2\/types\/product"}],"wp:featuredmedia":[{"embeddable":true,"href":"https:\/\/bright-china.com\/fr\/wp-json\/wp\/v2\/media\/8703"}],"wp:attachment":[{"href":"https:\/\/bright-china.com\/fr\/wp-json\/wp\/v2\/media?parent=4424"}],"wp:term":[{"taxonomy":"product_brand","embeddable":true,"href":"https:\/\/bright-china.com\/fr\/wp-json\/wp\/v2\/product_brand?post=4424"},{"taxonomy":"product_cat","embeddable":true,"href":"https:\/\/bright-china.com\/fr\/wp-json\/wp\/v2\/product_cat?post=4424"},{"taxonomy":"product_tag","embeddable":true,"href":"https:\/\/bright-china.com\/fr\/wp-json\/wp\/v2\/product_tag?post=4424"}],"curies":[{"name":"wp","href":"https:\/\/api.w.org\/{rel}","templated":true}]}}