{"id":4425,"date":"2025-04-27T02:23:54","date_gmt":"2025-04-27T02:23:54","guid":{"rendered":"https:\/\/bright-china.com\/?post_type=product&#038;p=4425"},"modified":"2025-12-29T20:38:44","modified_gmt":"2025-12-30T03:38:44","slug":"protecteur-de-tension-jgiv-63","status":"publish","type":"product","link":"https:\/\/bright-china.com\/fr\/produit\/protecteur-de-tension-jgiv-63\/","title":{"rendered":"Protecteur de surtension r\u00e9glable Protecteur de tension num\u00e9rique JGIV-63"},"content":{"rendered":"<h2>1\u3001Introduction<\/h2>\n<hr \/>\n<p><a style=\"font-size: 16px; background-color: #ffffff;\" href=\"https:\/\/bright-china.com\/automatic-reconnection-energy-metering-protector-of-test-jgdl-63\/\"><strong>Protecteur de surtension r\u00e9glable Protecteur de tension num\u00e9rique<\/strong> <\/a><span style=\"font-size: 16px;\">La s\u00e9rie JGIV-63 est un protecteur de surtension et de sous-tension de type fuite \u00e0 limitation de courant, qui comprend des protecteurs de surtension, de sous-tension, de court-circuit, de fuite et des protecteurs complets. Le produit pr\u00e9sente les avantages de la modularit\u00e9, de l'intelligence et de la visualisation.<\/span><\/p>\n<p>Tous les param\u00e8tres de protection tels que la surtension, la sous-tension et la protection contre les fuites peuvent \u00eatre r\u00e9gl\u00e9s en fonction de la demande de puissance, ce qui garantit que le protecteur peut instantan\u00e9ment couper l'alimentation en cas de surtension, <a href=\"https:\/\/ua-protector.com\/product\/\">sous-tension<\/a>Il prot\u00e8ge l'\u00e9quipement \u00e9lectrique contre les risques de court-circuit, de fuite et d'autres d\u00e9fauts dans le circuit, et le prot\u00e8ge contre les dommages.<\/p>\n<p>Cette s\u00e9rie de produits pr\u00e9sente une structure compacte, une belle apparence et une installation standard sur rail. Elle convient principalement \u00e0 la distribution d'\u00e9nergie domestique, aux dortoirs d'\u00e9cole, aux maisons de location et \u00e0 d'autres occasions.<\/p>\n<h2>2\u3001Conditions de travail et param\u00e8tres<\/h2>\n<hr \/>\n<p>2.1. Le produit se d\u00e9connecte automatiquement dans un d\u00e9lai d'une seconde en cas de surtension, de sous-tension, de surintensit\u00e9 ou de fuite lors de la premi\u00e8re mise sous tension ;<br \/>\n2.2. Param\u00e8tres de protection du courant :<br \/>\na. \u2265 1,0 fois le courant, plage de r\u00e9glage 1-120 secondes, 10 secondes par d\u00e9faut<br \/>\nb. \u2265 2 fois le courant de court-circuit, 0,1 seconde pour ouvrir le circuit<br \/>\n2.3. La temp\u00e9rature ambiante ne doit pas d\u00e9passer +40 \u2103, ni \u00eatre inf\u00e9rieure \u00e0 -5 \u2103, et la temp\u00e9rature moyenne sur 24 heures ne doit pas d\u00e9passer +35 \u2103 ; \u00e0 +40 \u2103, l'humidit\u00e9 de l'air ambiant ne doit pas d\u00e9passer 50%.<br \/>\n2.4. Le niveau de la mer \u00e0 l'emplacement de l'installation ne doit pas d\u00e9passer 2000 m\u00e8tres.5 Niveau de pollution III.6. L'environnement d'installation ne contient pas de produits dangereux explosifs, de gaz corrosifs ou isolants, ni de poussi\u00e8res conductrices. Il n'y a pas non plus de zones affect\u00e9es par la pluie ou la neige.<\/p>\n<table style=\"border-collapse: collapse; width: 100%; border-color: #969696;\" border=\"0\" width=\"100%\" cellspacing=\"0\" cellpadding=\"0\">\n<tbody>\n<tr style=\"height: 13.50pt;\">\n<td style=\"height: 13px; width: 159.4pt; background-color: #0a165c;\" width=\"212\" height=\"18\"><span style=\"color: #ffffff;\">Type<\/span><\/td>\n<td style=\"width: 89.95pt; height: 13px; background-color: #0a165c;\" width=\"119\"><span style=\"color: #ffffff;\">JGIV-63<\/span><\/td>\n<\/tr>\n<tr style=\"height: 13.50pt;\">\n<td style=\"height: 13px;\" height=\"18\">Plage de r\u00e9glage actuelle<\/td>\n<td style=\"height: 13px;\">63A(2~63A)<\/td>\n<\/tr>\n<tr style=\"height: 13.50pt;\">\n<td style=\"height: 13px; background-color: #e3e3e3;\" height=\"18\">Plage de r\u00e9glage de la surtension<\/td>\n<td style=\"height: 13px; background-color: #e3e3e3;\">AC270V(210~300V)<\/td>\n<\/tr>\n<tr style=\"height: 13.50pt;\">\n<td style=\"height: 13px;\" height=\"18\">Plage de r\u00e9glage de la sous-tension<\/td>\n<td style=\"height: 13px;\">AC170V(80~200V)<\/td>\n<\/tr>\n<tr style=\"height: 13.50pt;\">\n<td style=\"height: 13px; background-color: #e3e3e3;\" height=\"18\">Plage de r\u00e9glage du courant de fuite<\/td>\n<td style=\"height: 13px; background-color: #e3e3e3;\">20mA(5~300mA)<\/td>\n<\/tr>\n<\/tbody>\n<\/table>\n<h2>3\u3001Param\u00e8tres du produit<\/h2>\n<hr \/>\n<p>3.1. Bouton de r\u00e9glage : Appuyez sur la touche de r\u00e9glage pendant 2 secondes pour acc\u00e9der au mode de r\u00e9glage. Apr\u00e8s avoir acc\u00e9d\u00e9 au mode de r\u00e9glage, appuyez une fois sur cette touche pour acc\u00e9der au menu de r\u00e9glage suivant ;<br \/>\n3.2. Touche de d\u00e9calage : En \u00e9tat de r\u00e9glage, il s'agit de la fonction de d\u00e9calage num\u00e9rique ;<br \/>\n3.3. Touche de donn\u00e9es : permet d'interroger les derni\u00e8res informations de d\u00e9faut du produit et de modifier les param\u00e8tres qui doivent \u00eatre r\u00e9gl\u00e9s lors de la d\u00e9finition de l'\u00e9tat ;<br \/>\n3.4. Bouton de r\u00e9initialisation : Lorsque la premi\u00e8re surintensit\u00e9 ou fuite se produit, le produit se ferme automatiquement apr\u00e8s un d\u00e9lai de r\u00e9initialisation sp\u00e9cifi\u00e9. Lorsque la deuxi\u00e8me surintensit\u00e9 ou fuite se produit, il faut confirmer manuellement qu'il n'y a pas de d\u00e9faut dans le circuit. Apr\u00e8s avoir appuy\u00e9 manuellement sur le bouton de r\u00e9initialisation, le produit se ferme. Lorsque l'appareil est r\u00e9gl\u00e9, appuyez sur le bouton de r\u00e9initialisation pendant une seconde pour sauvegarder et quitter l'\u00e9tat r\u00e9gl\u00e9,<br \/>\nAppuyez sur le bouton de r\u00e9initialisation et maintenez-le enfonc\u00e9 pendant l'affichage en temps r\u00e9el pour ouvrir le produit, et appuyez \u00e0 nouveau sur ce bouton pour le fermer.<br \/>\n<img fetchpriority=\"high\" decoding=\"async\" class=\"alignnone wp-image-8720 size-full\" src=\"https:\/\/bright-china.com\/wp-content\/uploads\/2025\/04\/Product-menu-of-digital-display-adjustable-voltage-protector.webp\" alt=\"Menu produit du protecteur de tension r\u00e9glable \u00e0 affichage num\u00e9rique\" width=\"827\" height=\"594\" srcset=\"https:\/\/bright-china.com\/wp-content\/uploads\/2025\/04\/Product-menu-of-digital-display-adjustable-voltage-protector.webp 827w, https:\/\/bright-china.com\/wp-content\/uploads\/2025\/04\/Product-menu-of-digital-display-adjustable-voltage-protector-300x215.webp 300w, https:\/\/bright-china.com\/wp-content\/uploads\/2025\/04\/Product-menu-of-digital-display-adjustable-voltage-protector-768x552.webp 768w, https:\/\/bright-china.com\/wp-content\/uploads\/2025\/04\/Product-menu-of-digital-display-adjustable-voltage-protector-18x12.webp 18w, https:\/\/bright-china.com\/wp-content\/uploads\/2025\/04\/Product-menu-of-digital-display-adjustable-voltage-protector-600x431.webp 600w\" sizes=\"(max-width: 827px) 100vw, 827px\" \/><\/p>\n<h2>5\u3001Dimensions<\/h2>\n<hr \/>\n<p><img decoding=\"async\" class=\"alignnone wp-image-8719 size-full lazyload\" data-src=\"https:\/\/bright-china.com\/wp-content\/uploads\/2025\/04\/Panel-Description-of-Digital-Display-Adjustable-Voltage-Protector.webp\" alt=\"Description du panneau du protecteur de tension r\u00e9glable \u00e0 affichage num\u00e9rique\" width=\"451\" height=\"752\" data-srcset=\"https:\/\/bright-china.com\/wp-content\/uploads\/2025\/04\/Panel-Description-of-Digital-Display-Adjustable-Voltage-Protector.webp 451w, https:\/\/bright-china.com\/wp-content\/uploads\/2025\/04\/Panel-Description-of-Digital-Display-Adjustable-Voltage-Protector-180x300.webp 180w, https:\/\/bright-china.com\/wp-content\/uploads\/2025\/04\/Panel-Description-of-Digital-Display-Adjustable-Voltage-Protector-7x12.webp 7w\" data-sizes=\"(max-width: 451px) 100vw, 451px\" src=\"data:image\/svg+xml;base64,PHN2ZyB3aWR0aD0iMSIgaGVpZ2h0PSIxIiB4bWxucz0iaHR0cDovL3d3dy53My5vcmcvMjAwMC9zdmciPjwvc3ZnPg==\" style=\"--smush-placeholder-width: 451px; --smush-placeholder-aspect-ratio: 451\/752;\" \/><\/p>\n<p>&nbsp;<\/p>\n<h2>Il devrait y avoir un plan<\/h2>\n<hr \/>\n<figure id=\"attachment_6111\" aria-describedby=\"caption-attachment-6111\" style=\"width: 600px\" class=\"wp-caption alignnone\"><img decoding=\"async\" class=\"wp-image-6111 size-full lazyload\" data-src=\"https:\/\/bright-china.com\/wp-content\/uploads\/2025\/04\/\u63a5\u7ebf\u56fe-\u8fc7\u6b20\u538b-3.jpg\" alt=\"protecteurs contre la surtension et la soustension\" width=\"600\" height=\"1133\" data-srcset=\"https:\/\/bright-china.com\/wp-content\/uploads\/2025\/04\/\u63a5\u7ebf\u56fe-\u8fc7\u6b20\u538b-3.jpg 600w, https:\/\/bright-china.com\/wp-content\/uploads\/2025\/04\/\u63a5\u7ebf\u56fe-\u8fc7\u6b20\u538b-3-159x300.jpg 159w, https:\/\/bright-china.com\/wp-content\/uploads\/2025\/04\/\u63a5\u7ebf\u56fe-\u8fc7\u6b20\u538b-3-542x1024.jpg 542w, https:\/\/bright-china.com\/wp-content\/uploads\/2025\/04\/\u63a5\u7ebf\u56fe-\u8fc7\u6b20\u538b-3-6x12.jpg 6w\" data-sizes=\"(max-width: 600px) 100vw, 600px\" src=\"data:image\/svg+xml;base64,PHN2ZyB3aWR0aD0iMSIgaGVpZ2h0PSIxIiB4bWxucz0iaHR0cDovL3d3dy53My5vcmcvMjAwMC9zdmciPjwvc3ZnPg==\" style=\"--smush-placeholder-width: 600px; --smush-placeholder-aspect-ratio: 600\/1133;\" \/><figcaption id=\"caption-attachment-6111\" class=\"wp-caption-text\">protecteurs contre la surtension et la soustension<\/figcaption><\/figure>\n<h3 data-slate-node=\"element\"><span class=\"null hover-sent\" style=\"color: #ff0000;\" data-slate-leaf=\"true\" data-sent-id=\"ejrkgDPYqe\">Avertissement :<\/span><\/h3>\n<div data-slate-node=\"element\"><span data-slate-node=\"text\"><span class=\"null hover-sent\" data-slate-leaf=\"true\" data-sent-id=\"ejrkgDPYqe\">Les fils N et L ne doivent pas \u00eatre mal raccord\u00e9s.<\/span><\/span><\/div>\n<div data-slate-node=\"element\" data-slate-fragment=\"JTVCJTdCJTIydHlwZSUyMiUzQSUyMnBhcmFncmFwaCUyMiUyQyUyMmNoaWxkcmVuJTIyJTNBJTVCJTdCJTIyaWQlMjIlM0ElMjJlanJrZ0RQWXFlJTIyJTJDJTIycGFyYUlkeCUyMiUzQTElMkMlMjJzcmMlMjIlM0ElMjJBdHRlbnRpb24lM0ElMjBUaGUlMjBOJTIwYW5kJTIwTCUyMHdpcmVzJTIwbXVzdCUyMG5vdCUyMGJlJTIwY29ubmVjdGVkJTIwaW5jb3JyZWN0bHkuJTIyJTJDJTIyZHN0JTIyJTNBJTIyJUU2JUIzJUE4JUU2JTg0JThGJUVGJUJDJTlBTiVFNSU5MiU4Q0wlRTclQkElQkYlRTQlQjglOEQlRTUlQkUlOTclRTglQkYlOUUlRTYlOEUlQTUlRTklOTQlOTklRTglQUYlQUYlRTMlODAlODIlMjIlMkMlMjJtZXRhZGF0YSUyMiUzQSUyMiUyMiUyQyUyMm1hdGNoZXMlMjIlM0FudWxsJTJDJTIybWV0YURhdGElMjIlM0ElNUIlNUQlMkMlMjJ0ZXh0JTIyJTNBJTIyVGhlJTIwTiUyMGFuZCUyMEwlMjB3aXJlcyUyMG11c3QlMjBub3QlMjBiZSUyMGNvbm5lY3RlZCUyMGluY29ycmVjdGx5LiUyMiU3RCU1RCU3RCUyQyU3QiUyMnR5cGUlMjIlM0ElMjJwYXJhZ3JhcGglMjIlMkMlMjJjaGlsZHJlbiUyMiUzQSU1QiU3QiUyMmlkJTIyJTNBJTIyVk5ETmRqOUFiQiUyMiUyQyUyMnBhcmFJZHglMjIlM0EyJTJDJTIyc3JjJTIyJTNBJTIyQWxsJTIwdGVybWluYWxzJTIwbXVzdCUyMGJlJTIwdGlnaHRlbmVkJTIwdG8lMjBwcmV2ZW50JTIwZmFsc2UlMjBjb25uZWN0aW9ucyUyMHRoYXQlMjBjb3VsZCUyMGJ1cm4lMjBvdXQlMjB0aGUlMjBwcm90ZWN0b3IuJTIyJTJDJTIyZHN0JTIyJTNBJTIyJUU2JTg5JTgwJUU2JTlDJTg5JUU3JUFCJUFGJUU1JUFEJTkwJUU1JUJGJTg1JUU5JUExJUJCJUU2JThCJUE3JUU3JUI0JUE3JUVGJUJDJThDJUU0JUJCJUE1JUU5JTk4JUIyJUU2JUFEJUEyJUU1JThGJUFGJUU4JTgzJUJEJUU3JTgzJUE3JUU1JTlEJThGJUU0JUJGJTlEJUU2JThBJUE0JUU1JTk5JUE4JUU3JTlBJTg0JUU5JTk0JTk5JUU4JUFGJUFGJUU4JUJGJTlFJUU2JThFJUE1JUUzJTgwJTgyJTIyJTJDJTIybWV0YWRhdGElMjIlM0ElMjIlMjIlMkMlMjJtYXRjaGVzJTIyJTNBbnVsbCUyQyUyMm1ldGFEYXRhJTIyJTNBJTVCJTVEJTJDJTIydGV4dCUyMiUzQSUyMkFsbCUyMHRlcm1pbmFscyUyMG11c3QlMjBiZSUyMHRpZ2h0ZW5lZCUyMHRvJTIwcHJldmVudCUyMGZhbHNlJTIwY29ubmVjdGlvbnMlMjB0aGF0JTIwY291bGQlMjBidXJuJTIwb3V0JTIwdGhlJTIwcHJvdGVjdG9yLiUyMiU3RCU1RCU3RCU1RA==\"><span data-slate-node=\"text\"><span class=\"null\" data-slate-leaf=\"true\" data-sent-id=\"VNDNdj9AbB\">Toutes les bornes doivent \u00eatre serr\u00e9es afin d'\u00e9viter les faux raccordements qui pourraient griller le protecteur.<\/span><\/span><\/div>\n<h2 class=\"wp-block-heading\"><\/h2>\n<h2><strong>Informations sur le paquet standard<\/strong><\/h2>\n<hr \/>\n<p><img decoding=\"async\" class=\"alignnone wp-image-6114 size-medium lazyload\" data-src=\"https:\/\/bright-china.com\/wp-content\/uploads\/2025\/04\/45.5-23.5-31.5-box-300x300.jpg\" alt=\"Bo\u00eete d&#039;emballage pour le protecteur\" width=\"300\" height=\"300\" data-srcset=\"https:\/\/bright-china.com\/wp-content\/uploads\/2025\/04\/45.5-23.5-31.5-box-300x300.jpg 300w, https:\/\/bright-china.com\/wp-content\/uploads\/2025\/04\/45.5-23.5-31.5-box-150x150.jpg 150w, https:\/\/bright-china.com\/wp-content\/uploads\/2025\/04\/45.5-23.5-31.5-box-12x12.jpg 12w, https:\/\/bright-china.com\/wp-content\/uploads\/2025\/04\/45.5-23.5-31.5-box-600x600.jpg 600w, https:\/\/bright-china.com\/wp-content\/uploads\/2025\/04\/45.5-23.5-31.5-box-100x100.jpg 100w, https:\/\/bright-china.com\/wp-content\/uploads\/2025\/04\/45.5-23.5-31.5-box.jpg 750w\" data-sizes=\"(max-width: 300px) 100vw, 300px\" src=\"data:image\/svg+xml;base64,PHN2ZyB3aWR0aD0iMSIgaGVpZ2h0PSIxIiB4bWxucz0iaHR0cDovL3d3dy53My5vcmcvMjAwMC9zdmciPjwvc3ZnPg==\" style=\"--smush-placeholder-width: 300px; --smush-placeholder-aspect-ratio: 300\/300;\" \/><\/p>\n<table style=\"border-collapse: collapse; width: 100%; border-color: #969696;\" border=\"0\" width=\"100%\" cellspacing=\"0\" cellpadding=\"0\">\n<tbody>\n<tr style=\"height: 14.25pt;\">\n<td class=\"et2\" style=\"height: 14.25pt; width: 143.9pt; background-color: #0e157d;\" width=\"191\" height=\"19\"><span style=\"color: #ffffff;\">Dimension du carton (cm)<\/span><\/td>\n<td class=\"et2\" style=\"width: 54pt; background-color: #0e157d;\" width=\"72\"><span style=\"color: #ffffff;\">Liste de colisage<\/span><\/td>\n<td class=\"et2\" style=\"width: 54pt; background-color: #0e157d;\" width=\"72\"><span style=\"color: #ffffff;\">QT\u00c9<\/span><\/td>\n<td class=\"et2\" style=\"width: 92.8pt; background-color: #0e157d;\" width=\"123\"><span style=\"color: #ffffff;\">Poids brut (kg)<\/span><\/td>\n<\/tr>\n<tr style=\"height: 28.50pt;\">\n<td class=\"et2\" style=\"height: 28.50pt; width: 143.90pt;\" width=\"191\" height=\"38\">45,5cm \u00d7 23,5cm \u00d7 31,5cm<\/td>\n<td class=\"et2\" style=\"width: 54.00pt;\" width=\"72\">\u00a0protecteur<\/td>\n<td class=\"et2\" style=\"width: 54.00pt;\" width=\"72\">60pcs<\/td>\n<td class=\"et2\" style=\"width: 92.80pt;\" width=\"123\">20 kg<\/td>\n<\/tr>\n<\/tbody>\n<\/table>\n<p><a href=\"https:\/\/bright-china.com\/product\/intelligent-current-voltage-protector\/\" target=\"_blank\" rel=\"noopener\" ___protected_content_16___>Afficheur num\u00e9rique protecteur de courant et de tension r\u00e9glable<\/a><\/p>","protected":false},"excerpt":{"rendered":"<p><a href=\"https:\/\/bright-china.com\/product\/\">Protecteur de surtension et de sous-tension r\u00e9glable\u00a0<\/a> <span data-slate-fragment=\"JTVCJTdCJTIydHlwZSUyMiUzQSUyMnBhcmFncmFwaCUyMiUyQyUyMmNoaWxkcmVuJTIyJTNBJTVCJTdCJTIyaWQlMjIlM0ElMjJCd2JuWjNERWx6JTIyJTJDJTIycGFyYUlkeCUyMiUzQTAlMkMlMjJzcmMlMjIlM0ElMjJEaWdpdGFsJTIwVm9sdGFnZSUyMFByb3RlY3RvciUyMEFkanVzdGFibGUlMjBPdmVyJTIwVW5kZXIlMjBWb2x0YWdlJTIwUHJvdGVjdG9yJTIyJTJDJTIyZHN0JTIyJTNBJTIyJUU2JTk1JUIwJUU1JUFEJTk3JUU3JTk0JUI1JUU1JThFJThCJUU0JUJGJTlEJUU2JThBJUE0JUU1JTk5JUE4JUU1JThGJUFGJUU4JUIwJTgzJUU4JUJGJTg3JUU2JUFDJUEwJUU1JThFJThCJUU0JUJGJTlEJUU2JThBJUE0JUU1JTk5JUE4JTIyJTJDJTIybWV0YWRhdGElMjIlM0ElMjIlMjIlMkMlMjJtYXRjaGVzJTIyJTNBbnVsbCUyQyUyMm1ldGFEYXRhJTIyJTNBJTVCJTVEJTJDJTIydGV4dCUyMiUzQSUyMkRpZ2l0YWwlMjBWb2x0YWdlJTIwUHJvdGVjdG9yJTIyJTdEJTVEJTdEJTVE\">Protecteur de tension num\u00e9rique <\/span>La s\u00e9rie JGIV-63 est un protecteur de surtension et de sous-tension de type fuite \u00e0 limitation de courant, qui comprend des protecteurs de surtension, de sous-tension, de court-circuit, de fuite et des protecteurs complets. Le produit pr\u00e9sente les avantages de la modularit\u00e9, de l'intelligence et de la visualisation.<\/p>\n<p>Tous les param\u00e8tres de protection tels que la surtension, la sous-tension et la protection contre les fuites peuvent \u00eatre r\u00e9gl\u00e9s en fonction de la demande de puissance, ce qui garantit que le protecteur peut couper instantan\u00e9ment l'alimentation en cas de surtension, de sous-tension, de court-circuit, de fuite et d'autres d\u00e9fauts dans le circuit, prot\u00e9geant ainsi l'\u00e9quipement \u00e9lectrique contre les dommages.<\/p>","protected":false},"featured_media":8711,"template":"","meta":{"_acf_changed":false,"site-sidebar-layout":"default","site-content-layout":"","ast-site-content-layout":"default","site-content-style":"default","site-sidebar-style":"default","ast-global-header-display":"","ast-banner-title-visibility":"","ast-main-header-display":"","ast-hfb-above-header-display":"","ast-hfb-below-header-display":"","ast-hfb-mobile-header-display":"","site-post-title":"","ast-breadcrumbs-content":"","ast-featured-img":"","footer-sml-layout":"","theme-transparent-header-meta":"default","adv-header-id-meta":"","stick-header-meta":"default","header-above-stick-meta":"","header-main-stick-meta":"","header-below-stick-meta":"","astra-migrate-meta-layouts":"set","ast-page-background-enabled":"default","ast-page-background-meta":{"desktop":{"background-color":"","background-image":"","background-repeat":"repeat","background-position":"center center","background-size":"auto","background-attachment":"scroll","background-type":"","background-media":"","overlay-type":"","overlay-color":"","overlay-opacity":"","overlay-gradient":""},"tablet":{"background-color":"","background-image":"","background-repeat":"repeat","background-position":"center center","background-size":"auto","background-attachment":"scroll","background-type":"","background-media":"","overlay-type":"","overlay-color":"","overlay-opacity":"","overlay-gradient":""},"mobile":{"background-color":"","background-image":"","background-repeat":"repeat","background-position":"center center","background-size":"auto","background-attachment":"scroll","background-type":"","background-media":"","overlay-type":"","overlay-color":"","overlay-opacity":"","overlay-gradient":""}},"ast-content-background-meta":{"desktop":{"background-color":"var(--ast-global-color-5)","background-image":"","background-repeat":"repeat","background-position":"center center","background-size":"auto","background-attachment":"scroll","background-type":"","background-media":"","overlay-type":"","overlay-color":"","overlay-opacity":"","overlay-gradient":""},"tablet":{"background-color":"var(--ast-global-color-5)","background-image":"","background-repeat":"repeat","background-position":"center center","background-size":"auto","background-attachment":"scroll","background-type":"","background-media":"","overlay-type":"","overlay-color":"","overlay-opacity":"","overlay-gradient":""},"mobile":{"background-color":"var(--ast-global-color-5)","background-image":"","background-repeat":"repeat","background-position":"center center","background-size":"auto","background-attachment":"scroll","background-type":"","background-media":"","overlay-type":"","overlay-color":"","overlay-opacity":"","overlay-gradient":""}},"_seo_title":"Adjustable Over Under Voltage Protector","_seo_keywords":"Adjustable Over Under Voltage Protector, Digital Voltage Protector, voltage protector, voltage protector for home, voltage protector price in pakistan, voltage protector setting, voltage protector for fridge","_seo_description":"Adjustable Over Under Voltage Protector\u00a0 Digital Voltage Protector JGIV-63 series is a current limiting leakage type overvoltage and undervoltage protector,"},"product_brand":[],"product_cat":[15,65,69,64,57],"product_tag":[91,137,92,93],"class_list":{"0":"post-4425","1":"product","2":"type-product","3":"status-publish","4":"has-post-thumbnail","6":"product_cat-product","7":"product_cat-current-and-voltage-protector","8":"product_cat-voltmeter-ammeter","9":"product_cat-smart-meter","10":"product_cat-smart-protector","11":"product_tag-adjustable-over-under-voltage-protector","12":"product_tag-digital-display-adjustable-current-and-voltage-protector","13":"product_tag-digital-voltage-protector","14":"product_tag-voltage-protector","15":"desktop-align-center","16":"tablet-align-left","17":"mobile-align-left","18":"ast-product-gallery-layout-horizontal-slider","20":"first","21":"instock","22":"sale","23":"featured","24":"shipping-taxable","25":"purchasable","26":"product-type-simple"},"acf":[],"seo_title":"Adjustable Over Under Voltage Protector","seo_keywords":"Adjustable Over Under Voltage Protector, Digital Voltage Protector, voltage protector, voltage protector for home, voltage protector price in pakistan, voltage protector setting, voltage protector for fridge","seo_description":"Adjustable Over Under Voltage Protector\u00a0 Digital Voltage Protector JGIV-63 series is a current limiting leakage type overvoltage and undervoltage protector,","seo_score":"85","product_seo_keywords":"","_links":{"self":[{"href":"https:\/\/bright-china.com\/fr\/wp-json\/wp\/v2\/product\/4425","targetHints":{"allow":["GET"]}}],"collection":[{"href":"https:\/\/bright-china.com\/fr\/wp-json\/wp\/v2\/product"}],"about":[{"href":"https:\/\/bright-china.com\/fr\/wp-json\/wp\/v2\/types\/product"}],"wp:featuredmedia":[{"embeddable":true,"href":"https:\/\/bright-china.com\/fr\/wp-json\/wp\/v2\/media\/8711"}],"wp:attachment":[{"href":"https:\/\/bright-china.com\/fr\/wp-json\/wp\/v2\/media?parent=4425"}],"wp:term":[{"taxonomy":"product_brand","embeddable":true,"href":"https:\/\/bright-china.com\/fr\/wp-json\/wp\/v2\/product_brand?post=4425"},{"taxonomy":"product_cat","embeddable":true,"href":"https:\/\/bright-china.com\/fr\/wp-json\/wp\/v2\/product_cat?post=4425"},{"taxonomy":"product_tag","embeddable":true,"href":"https:\/\/bright-china.com\/fr\/wp-json\/wp\/v2\/product_tag?post=4425"}],"curies":[{"name":"wp","href":"https:\/\/api.w.org\/{rel}","templated":true}]}}