{"id":4426,"date":"2025-04-27T02:23:54","date_gmt":"2025-04-27T02:23:54","guid":{"rendered":"https:\/\/bright-china.com\/?post_type=product&#038;p=4426"},"modified":"2026-01-04T01:32:55","modified_gmt":"2026-01-04T08:32:55","slug":"ats-jgq3-100s","status":"publish","type":"product","link":"https:\/\/bright-china.com\/fr\/produit\/ats-jgq3-100s\/","title":{"rendered":"Commutateur de transfert automatique\uff08ATS\uff09 JGQ3-100S"},"content":{"rendered":"<h2><strong>introduction<\/strong><\/h2>\n<hr \/>\n<p><img fetchpriority=\"high\" decoding=\"async\" class=\"wp-image-8736 size-medium alignleft\" src=\"https:\/\/bright-china.com\/wp-content\/uploads\/2025\/04\/Automatic-Transfer-Switch-JGQ3-100-0-300x300.webp\" alt=\"Commutateur de transfert automatique-JGQ3-100\" width=\"300\" height=\"300\" srcset=\"https:\/\/bright-china.com\/wp-content\/uploads\/2025\/04\/Automatic-Transfer-Switch-JGQ3-100-0-300x300.webp 300w, https:\/\/bright-china.com\/wp-content\/uploads\/2025\/04\/Automatic-Transfer-Switch-JGQ3-100-0-150x150.webp 150w, https:\/\/bright-china.com\/wp-content\/uploads\/2025\/04\/Automatic-Transfer-Switch-JGQ3-100-0-768x768.webp 768w, https:\/\/bright-china.com\/wp-content\/uploads\/2025\/04\/Automatic-Transfer-Switch-JGQ3-100-0-12x12.webp 12w, https:\/\/bright-china.com\/wp-content\/uploads\/2025\/04\/Automatic-Transfer-Switch-JGQ3-100-0-600x600.webp 600w, https:\/\/bright-china.com\/wp-content\/uploads\/2025\/04\/Automatic-Transfer-Switch-JGQ3-100-0-100x100.webp 100w, https:\/\/bright-china.com\/wp-content\/uploads\/2025\/04\/Automatic-Transfer-Switch-JGQ3-100-0.webp 800w\" sizes=\"(max-width: 300px) 100vw, 300px\" \/><\/p>\n<p><a href=\"https:\/\/bright-china.com\/dc-circuit-breakers-2\/\">Commutateur de transfert automatique ATS JGQ3-100S<\/a>\u00a0 (Il convient au courant alternatif 50 Hz, \u00e0 la tension nominale de 440 V, au courant de chauffage convenu de 100 A dans l'\u00e9quipement de distribution d'\u00e9nergie de l'industrie et de l'entreprise. Avec la d\u00e9tection de tension, la d\u00e9tection de fr\u00e9quence, l'interface de communication, le verrouillage \u00e9lectrique et m\u00e9canique et d'autres fonctions, il peut r\u00e9aliser un fonctionnement enti\u00e8rement automatique, une commande \u00e0 distance, un fonctionnement manuel forc\u00e9 \"0\", un fonctionnement manuel d'urgence,<\/p>\n<p>Il est largement utilis\u00e9 dans la conversion automatique du courant principal et du syst\u00e8me d'alimentation de secours ou dans la conversion automatique et l'isolation de s\u00e9curit\u00e9 de deux \u00e9quipements de charge.<\/p>\n<p>L'interrupteur est g\u00e9r\u00e9 par la carte de circuit imprim\u00e9 de contr\u00f4le qui \u00e9met diverses commandes logiques, et le moteur entra\u00eene le m\u00e9canisme de fonctionnement de la partie principale de l'interrupteur, connecte rapidement le circuit de coupure ou convertit l'appareil \u00e9lectrique, et r\u00e9alise l'isolation de s\u00e9curit\u00e9 gr\u00e2ce \u00e0 l'\u00e9tat visible \u00e9vident.<\/p>\n<h2>\u00a0Description structurelle<\/h2>\n<hr \/>\n<p>1. Bouton \u00e9lectrique : contr\u00f4le l'alimentation \u00e9lectrique de la ligne de commande interne de l'interrupteur de commande, et lorsque le bouton \u00e9lectrique est automatique, l'interrupteur peut \u00eatre enti\u00e8rement automatique et op\u00e9rationnel.<\/p>\n<p>Contr\u00f4ler et forcer l'op\u00e9ration \"0\", lorsque le bouton \u00e9lectrique est manuel, l'interrupteur ne peut \u00eatre actionn\u00e9 que manuellement.<\/p>\n<p>2. Actionner la poign\u00e9e : Lors de l'utilisation de la poign\u00e9e de commande manuelle, le bouton \u00e9lectrique doit \u00eatre en position manuelle.<\/p>\n<p>3. Cadenas du m\u00e9canisme : sp\u00e9cial pour la maintenance, c'est-\u00e0-dire qu'il faut d'abord utiliser la poign\u00e9e de man\u0153uvre pour mettre l'interrupteur en position \"0\", puis connecter le m\u00e9canisme du cadenas.<\/p>\n<p>cadenas, peut \u00eatre r\u00e9vis\u00e9 (prendre le cadenas pour couper le pouvoir de contr\u00f4le interne de l'interrupteur, l'interrupteur ne peut pas \u00eatre automatique, et ne peut pas \u00eatre r\u00e9alis\u00e9 \u00e0 la main).<\/p>\n<p>en mouvement).<\/p>\n<p>4. Indicateur : indique la position de l'interrupteur en \u00e9tat de marche (I, O, II)<\/p>\n<h2><span data-slate-fragment=\"JTVCJTdCJTIydHlwZSUyMiUzQSUyMnBhcmFncmFwaCUyMiUyQyUyMmNoaWxkcmVuJTIyJTNBJTVCJTdCJTIyaWQlMjIlM0ElMjJlanI0b3hNalhlJTIyJTJDJTIycGFyYUlkeCUyMiUzQTAlMkMlMjJzcmMlMjIlM0ElMjJEdWFsJTIwcG93ZXIlMjBhdXRvbWF0aWMlMjB0cmFuc2ZlciUyMHN3aXRjaCUyMGlzJTIwdGVjaG5pY2FsJTIyJTJDJTIyZHN0JTIyJTNBJTIyJUU1JThGJThDJUU3JTk0JUI1JUU2JUJBJTkwJUU4JTg3JUFBJUU1JThBJUE4JUU4JUJEJUFDJUU2JThEJUEyJUU1JUJDJTgwJUU1JTg1JUIzJUU2JThBJTgwJUU2JTlDJUFGJTIyJTJDJTIybWV0YWRhdGElMjIlM0ElMjIlMjIlMkMlMjJtYXRjaGVzJTIyJTNBbnVsbCUyQyUyMm1ldGFEYXRhJTIyJTNBJTVCJTVEJTJDJTIydGV4dCUyMiUzQSUyMkR1YWwlMjBwb3dlciUyMGF1dG9tYXRpYyUyMHRyYW5zZmVyJTIwc3dpdGNoJTIwaXMlMjB0ZWNobmljYWwlMjIlN0QlNUQlN0QlNUQ=\">transfert automatique <a href=\"https:\/\/elejg.com\/\">interrupteur<\/a> <a href=\"https:\/\/bright-china.com\/en\/ats\/\" title=\"\u67e5\u770b\u66f4\u591a\u5173\u4e8eATS\u7684\u4fe1\u606f\" class=\"seo-keyword-link\" style=\"font-weight: bold; color: inherit; text-decoration: underline; border-bottom: 1px dotted #667eea;\">ATS<\/a> est technique<\/span><\/h2>\n<hr \/>\n<p>1. Le commutateur est conforme \u00e0 : IEC947-6-1, GB14048.11<\/p>\n<p>2. Tension nominale de fonctionnement (Ue) : AC415V<\/p>\n<p>3. Capacit\u00e9 nominale de mise sous tension (A Rms) : 10Ie<\/p>\n<p>4. Pouvoir de coupure nominal (A eff.) : 8Ie<\/p>\n<p>5. Courant de chauffage nominal : 100A<\/p>\n<p>6. Tension nominale d'isolation : 750V<\/p>\n<p>7. Tension nominale de r\u00e9sistance aux chocs : 8kV<\/p>\n<p>8. Courant de travail nominal : 100A<\/p>\n<p>9. Courant de court-circuit nominal : 7kA<\/p>\n<p>10. Courant limite nominal : 100 kA<\/p>\n<p>11. Temps de conversion : 10S<\/p>\n<h2><span data-slate-fragment=\"JTVCJTdCJTIydHlwZSUyMiUzQSUyMnBhcmFncmFwaCUyMiUyQyUyMmNoaWxkcmVuJTIyJTNBJTVCJTdCJTIyaWQlMjIlM0ElMjJ6Zzk0MWcwd3JlJTIyJTJDJTIycGFyYUlkeCUyMiUzQTAlMkMlMjJzcmMlMjIlM0ElMjJEdWFsJTIwcG93ZXIlMjBhdXRvbWF0aWMlMjB0cmFuc2ZlciUyMHN3aXRjaCUyMGlzJTIwdXNlJTIyJTJDJTIyZHN0JTIyJTNBJTIyJUU0JUJEJUJGJUU3JTk0JUE4JUU1JThGJThDJUU3JTk0JUI1JUU2JUJBJTkwJUU4JTg3JUFBJUU1JThBJUE4JUU4JUJEJUFDJUU2JThEJUEyJUU1JUJDJTgwJUU1JTg1JUIzJTIyJTJDJTIybWV0YWRhdGElMjIlM0ElMjIlMjIlMkMlMjJtYXRjaGVzJTIyJTNBbnVsbCUyQyUyMm1ldGFEYXRhJTIyJTNBJTVCJTVEJTJDJTIydGV4dCUyMiUzQSUyMkR1YWwlMjBwb3dlciUyMGF1dG9tYXRpYyUyMHRyYW5zZmVyJTIwc3dpdGNoJTIwaXMlMjB1c2UlMjIlN0QlNUQlN0QlNUQ=\">\u00a0le commutateur de transfert automatique ATS est utilis\u00e9<\/span><\/h2>\n<hr \/>\n<p>1. Fonction enti\u00e8rement automatique : lorsque l'alimentation couramment utilis\u00e9e est \u00e9teinte, l'interrupteur passe automatiquement \u00e0 l'alimentation de secours ; lorsque l'alimentation de secours est r\u00e9tablie \u00e0 la normale,<\/p>\n<p>Le commutateur revient automatiquement \u00e0 l'alimentation de secours.<\/p>\n<p>2. Fonction \"0\" forc\u00e9e : Lancez le bouton \"0\" forc\u00e9, et l'interrupteur coupera la double alimentation.<\/p>\n<p>3. Fonction de t\u00e9l\u00e9commande : c'est-\u00e0-dire que pour la t\u00e9l\u00e9commande, il faut appuyer sur le bouton \"I\" ; l'alimentation \u00e9lectrique est alors couramment utilis\u00e9e ; il faut appuyer sur la position \"II\".<\/p>\n<p>Appuyez sur la touche \"0\" pour couper l'alimentation double.<\/p>\n<p>4. Veuillez s\u00e9lectionner la fonction de l'interrupteur en fonction de vos besoins et c\u00e2bler selon la fonction correspondante.<\/p>\n<p>5. Lors de la commande, veuillez indiquer le mod\u00e8le de l'interrupteur, la sp\u00e9cification actuelle et la fonction requise.<\/p>","protected":false},"excerpt":{"rendered":"<p>Automatic Transfer Switch JGQ3-100S (<a href=\"https:\/\/bright-china.com\/en\/ats\/\" title=\"\u67e5\u770b\u66f4\u591a\u5173\u4e8eATS\u7684\u4fe1\u606f\" class=\"seo-keyword-link\" style=\"font-weight: bold; color: inherit; text-decoration: underline; border-bottom: 1px dotted #667eea;\">ATS<\/a>), is a set of switch and logic control in one, without the need for external controller, truly realize the mechanical and electrical integration of automatic transfer switch, it is suitable for AC 50Hz, rated voltage to 440V, the agreed heating current of 100A in the industrial and enterprise power distribution equipment,<\/p>","protected":false},"featured_media":8736,"template":"","meta":{"_acf_changed":false,"site-sidebar-layout":"default","site-content-layout":"","ast-site-content-layout":"default","site-content-style":"default","site-sidebar-style":"default","ast-global-header-display":"","ast-banner-title-visibility":"","ast-main-header-display":"","ast-hfb-above-header-display":"","ast-hfb-below-header-display":"","ast-hfb-mobile-header-display":"","site-post-title":"","ast-breadcrumbs-content":"","ast-featured-img":"","footer-sml-layout":"","theme-transparent-header-meta":"default","adv-header-id-meta":"","stick-header-meta":"default","header-above-stick-meta":"","header-main-stick-meta":"","header-below-stick-meta":"","astra-migrate-meta-layouts":"set","ast-page-background-enabled":"default","ast-page-background-meta":{"desktop":{"background-color":"","background-image":"","background-repeat":"repeat","background-position":"center center","background-size":"auto","background-attachment":"scroll","background-type":"","background-media":"","overlay-type":"","overlay-color":"","overlay-opacity":"","overlay-gradient":""},"tablet":{"background-color":"","background-image":"","background-repeat":"repeat","background-position":"center center","background-size":"auto","background-attachment":"scroll","background-type":"","background-media":"","overlay-type":"","overlay-color":"","overlay-opacity":"","overlay-gradient":""},"mobile":{"background-color":"","background-image":"","background-repeat":"repeat","background-position":"center center","background-size":"auto","background-attachment":"scroll","background-type":"","background-media":"","overlay-type":"","overlay-color":"","overlay-opacity":"","overlay-gradient":""}},"ast-content-background-meta":{"desktop":{"background-color":"var(--ast-global-color-5)","background-image":"","background-repeat":"repeat","background-position":"center center","background-size":"auto","background-attachment":"scroll","background-type":"","background-media":"","overlay-type":"","overlay-color":"","overlay-opacity":"","overlay-gradient":""},"tablet":{"background-color":"var(--ast-global-color-5)","background-image":"","background-repeat":"repeat","background-position":"center center","background-size":"auto","background-attachment":"scroll","background-type":"","background-media":"","overlay-type":"","overlay-color":"","overlay-opacity":"","overlay-gradient":""},"mobile":{"background-color":"var(--ast-global-color-5)","background-image":"","background-repeat":"repeat","background-position":"center center","background-size":"auto","background-attachment":"scroll","background-type":"","background-media":"","overlay-type":"","overlay-color":"","overlay-opacity":"","overlay-gradient":""}},"_seo_title":"Automatic Transfer Switch\uff08ATS\uff09","_seo_keywords":"Automatic Transfer Switch(ATS), Automatic Transfer Switch in china, ATS","_seo_description":"Automatic Transfer Switch JGQ3-100S (ATS), is a set of switch and logic control in one, without the need for external controller,"},"product_brand":[],"product_cat":[100],"product_tag":[101,102],"class_list":{"0":"post-4426","1":"product","2":"type-product","3":"status-publish","4":"has-post-thumbnail","6":"product_cat-ats","7":"product_tag-ats","8":"product_tag-automatic-transfer-switch","9":"desktop-align-center","10":"tablet-align-left","11":"mobile-align-left","12":"ast-product-gallery-layout-horizontal-slider","14":"first","15":"instock","16":"sale","17":"featured","18":"downloadable","19":"shipping-taxable","20":"purchasable","21":"product-type-simple"},"acf":[],"seo_title":"Automatic Transfer Switch\uff08ATS\uff09","seo_keywords":"Automatic Transfer Switch(ATS), Automatic Transfer Switch in china, ATS","seo_description":"Automatic Transfer Switch JGQ3-100S (ATS), is a set of switch and logic control in one, without the need for external controller,","seo_score":"85","product_seo_keywords":"","_links":{"self":[{"href":"https:\/\/bright-china.com\/fr\/wp-json\/wp\/v2\/product\/4426","targetHints":{"allow":["GET"]}}],"collection":[{"href":"https:\/\/bright-china.com\/fr\/wp-json\/wp\/v2\/product"}],"about":[{"href":"https:\/\/bright-china.com\/fr\/wp-json\/wp\/v2\/types\/product"}],"wp:featuredmedia":[{"embeddable":true,"href":"https:\/\/bright-china.com\/fr\/wp-json\/wp\/v2\/media\/8736"}],"wp:attachment":[{"href":"https:\/\/bright-china.com\/fr\/wp-json\/wp\/v2\/media?parent=4426"}],"wp:term":[{"taxonomy":"product_brand","embeddable":true,"href":"https:\/\/bright-china.com\/fr\/wp-json\/wp\/v2\/product_brand?post=4426"},{"taxonomy":"product_cat","embeddable":true,"href":"https:\/\/bright-china.com\/fr\/wp-json\/wp\/v2\/product_cat?post=4426"},{"taxonomy":"product_tag","embeddable":true,"href":"https:\/\/bright-china.com\/fr\/wp-json\/wp\/v2\/product_tag?post=4426"}],"curies":[{"name":"wp","href":"https:\/\/api.w.org\/{rel}","templated":true}]}}