{"id":4427,"date":"2025-04-27T02:23:54","date_gmt":"2025-04-27T02:23:54","guid":{"rendered":"https:\/\/bright-china.com\/?post_type=product&#038;p=4427"},"modified":"2026-01-05T00:53:20","modified_gmt":"2026-01-05T07:53:20","slug":"ats-jgq3-100","status":"publish","type":"product","link":"https:\/\/bright-china.com\/fr\/produit\/ats-jgq3-100\/","title":{"rendered":"Commutateur de transfert automatique\uff08ATS\uff09JGQ3-100"},"content":{"rendered":"<h2><strong>Introduction<\/strong><\/h2>\n<hr \/>\n<p><img fetchpriority=\"high\" decoding=\"async\" class=\"wp-image-8744 size-medium alignleft\" src=\"https:\/\/bright-china.com\/wp-content\/uploads\/2025\/04\/Automatic-Transfer-Switch-JGQ3-100S-4-300x300.webp\" alt=\"Commutateur de transfert automatique-JGQ3-100S\" width=\"300\" height=\"300\" srcset=\"https:\/\/bright-china.com\/wp-content\/uploads\/2025\/04\/Automatic-Transfer-Switch-JGQ3-100S-4-300x300.webp 300w, https:\/\/bright-china.com\/wp-content\/uploads\/2025\/04\/Automatic-Transfer-Switch-JGQ3-100S-4-150x150.webp 150w, https:\/\/bright-china.com\/wp-content\/uploads\/2025\/04\/Automatic-Transfer-Switch-JGQ3-100S-4-768x768.webp 768w, https:\/\/bright-china.com\/wp-content\/uploads\/2025\/04\/Automatic-Transfer-Switch-JGQ3-100S-4-12x12.webp 12w, https:\/\/bright-china.com\/wp-content\/uploads\/2025\/04\/Automatic-Transfer-Switch-JGQ3-100S-4-600x600.webp 600w, https:\/\/bright-china.com\/wp-content\/uploads\/2025\/04\/Automatic-Transfer-Switch-JGQ3-100S-4-100x100.webp 100w, https:\/\/bright-china.com\/wp-content\/uploads\/2025\/04\/Automatic-Transfer-Switch-JGQ3-100S-4.webp 800w\" sizes=\"(max-width: 300px) 100vw, 300px\" \/><\/p>\n<p><a href=\"https:\/\/bright-china.com\/product\/ats-jgq3-100\/\">Commutateur de transfert automatique-ATS<\/a> JGQ3-100 (<a href=\"https:\/\/bright-china.com\/en\/ats\/\" title=\"\u67e5\u770b\u66f4\u591a\u5173\u4e8eATS\u7684\u4fe1\u606f\" class=\"seo-keyword-link\" style=\"font-weight: bold; color: inherit; text-decoration: underline; border-bottom: 1px dotted #667eea;\">ATS<\/a>), est un ensemble de commutateur et de contr\u00f4le logique en un seul, sans besoin d'un contr\u00f4leur externe, r\u00e9alisant r\u00e9ellement l'int\u00e9gration m\u00e9canique et \u00e9lectrique du commutateur de transfert automatique, il est adapt\u00e9 pour AC 50Hz, tension nominale jusqu'\u00e0 440V, le courant de chauffage convenu de 100A dans l'\u00e9quipement de distribution d'\u00e9nergie de l'industrie et de l'entreprise, avec la d\u00e9tection de tension, Il est largement utilis\u00e9 dans la conversion automatique du courant principal et du syst\u00e8me d'alimentation de secours ou dans la conversion automatique et l'isolation de s\u00e9curit\u00e9 de deux \u00e9quipements de charge.<\/p>\n<p>Le commutateur de transfert automatique de puissance double-ATS est g\u00e9r\u00e9 par la carte de circuit de commande \u00e9mise par diverses commandes logiques, et le moteur entra\u00eene le m\u00e9canisme de fonctionnement de la partie principale du commutateur de transfert automatique de puissance double-ATS. <a href=\"https:\/\/elejg.com\/\">interrupteur<\/a>Il permet de connecter rapidement le circuit de coupure ou de convertir l'appareil \u00e9lectrique, et d'assurer l'isolation de la s\u00e9curit\u00e9 gr\u00e2ce \u00e0 un \u00e9tat visible \u00e9vident.<\/p>\n<h2>Description de la structure du commutateur<\/h2>\n<hr \/>\n<p>1. Bouton \u00e9lectrique : contr\u00f4le l'alimentation \u00e9lectrique de la ligne de commande interne de l'interrupteur de commande, et lorsque le bouton \u00e9lectrique est automatique, l'interrupteur peut \u00eatre enti\u00e8rement automatique et op\u00e9rationnel.<br \/>\nContr\u00f4ler et forcer l'op\u00e9ration \"0\", lorsque le bouton \u00e9lectrique est manuel, l'interrupteur ne peut \u00eatre actionn\u00e9 que manuellement.<br \/>\n2. Actionner la poign\u00e9e : Lors de l'utilisation de la poign\u00e9e de commande manuelle, le bouton \u00e9lectrique doit \u00eatre en position manuelle.<br \/>\n3. Cadenas du m\u00e9canisme : sp\u00e9cial pour la maintenance, c'est-\u00e0-dire qu'il faut d'abord utiliser la poign\u00e9e de man\u0153uvre pour mettre l'interrupteur en position \"0\", puis connecter le m\u00e9canisme du cadenas.<br \/>\ncadenas, peut \u00eatre r\u00e9vis\u00e9 (prendre le cadenas pour couper le pouvoir de contr\u00f4le interne de l'interrupteur, l'interrupteur ne peut pas \u00eatre automatique, et ne peut pas \u00eatre r\u00e9alis\u00e9 \u00e0 la main).<br \/>\nen mouvement).<br \/>\n4. Indicateur : indique la position de l'interrupteur en \u00e9tat de marche (I, O, II)<\/p>\n<h2>Les principaux param\u00e8tres techniques<\/h2>\n<hr \/>\n<p>1. Le commutateur est conforme \u00e0 : IEC947-6-1, GB14048.11<br \/>\n2. Tension nominale de fonctionnement (Ue) : AC415V<br \/>\n3. Capacit\u00e9 nominale de mise sous tension (A Rms) : 10Ie<br \/>\n4. Pouvoir de coupure nominal (A eff.) : 8Ie<br \/>\n5. Courant de chauffage nominal : 100A<br \/>\n6. Tension nominale d'isolation : 750V<br \/>\n7. Tension nominale de r\u00e9sistance aux chocs : 8kV<br \/>\n8. Courant de travail nominal : 100A<br \/>\n9. Courant de court-circuit nominal : 7kA<br \/>\n10. Courant limite nominal : 100 kA<br \/>\n11. Temps de conversion : 1S<\/p>\n<h2>Comment l'utiliser ?<\/h2>\n<hr \/>\n<p>1. Fonction enti\u00e8rement automatique : lorsque l'alimentation couramment utilis\u00e9e est \u00e9teinte, l'interrupteur passe automatiquement \u00e0 l'alimentation de secours ; lorsque l'alimentation de secours est r\u00e9tablie \u00e0 la normale,<br \/>\nLe commutateur revient automatiquement \u00e0 l'alimentation de secours.<br \/>\n2. Fonction \"0\" forc\u00e9e : Lancez le bouton \"0\" forc\u00e9, et l'interrupteur coupera la double alimentation.<br \/>\n3. Fonction de t\u00e9l\u00e9commande : c'est-\u00e0-dire que pour la t\u00e9l\u00e9commande, il faut appuyer sur le bouton \"I\" ; l'alimentation \u00e9lectrique est alors couramment utilis\u00e9e ; il faut appuyer sur la position \"II\".<br \/>\nAppuyez sur la touche \"0\" pour couper l'alimentation double.<br \/>\n4. Veuillez s\u00e9lectionner la fonction de l'interrupteur en fonction de vos besoins et c\u00e2bler selon la fonction correspondante.<br \/>\n5. Lors de la commande, veuillez indiquer le mod\u00e8le de l'interrupteur, la sp\u00e9cification actuelle et la fonction requise.<\/p>","protected":false},"excerpt":{"rendered":"<p><a href=\"https:\/\/bright-china.com\/dc-circuit-breakers-2\/\">Commutateur de transfert automatique-ATS\u00a0<\/a> JGQ3-100\u00a0 (<a href=\"https:\/\/bright-china.com\/en\/ats\/\" title=\"\u67e5\u770b\u66f4\u591a\u5173\u4e8eATS\u7684\u4fe1\u606f\" class=\"seo-keyword-link\" style=\"font-weight: bold; color: inherit; text-decoration: underline; border-bottom: 1px dotted #667eea;\">ATS<\/a>), is a set of switch and logic control in one, without the need for an external controller, truly realize the mechanical and electrical integration of the automatic transfer switch, it is suitable for AC 50Hz, rated voltage to 440V, the agreed heating current of 100A in the industrial and enterprise power distribution equipment, with voltage detection,<\/p>","protected":false},"featured_media":8744,"template":"","meta":{"_acf_changed":false,"site-sidebar-layout":"default","site-content-layout":"","ast-site-content-layout":"default","site-content-style":"default","site-sidebar-style":"default","ast-global-header-display":"","ast-banner-title-visibility":"","ast-main-header-display":"","ast-hfb-above-header-display":"","ast-hfb-below-header-display":"","ast-hfb-mobile-header-display":"","site-post-title":"","ast-breadcrumbs-content":"","ast-featured-img":"","footer-sml-layout":"","theme-transparent-header-meta":"default","adv-header-id-meta":"","stick-header-meta":"default","header-above-stick-meta":"","header-main-stick-meta":"","header-below-stick-meta":"","astra-migrate-meta-layouts":"set","ast-page-background-enabled":"default","ast-page-background-meta":{"desktop":{"background-color":"","background-image":"","background-repeat":"repeat","background-position":"center center","background-size":"auto","background-attachment":"scroll","background-type":"","background-media":"","overlay-type":"","overlay-color":"","overlay-opacity":"","overlay-gradient":""},"tablet":{"background-color":"","background-image":"","background-repeat":"repeat","background-position":"center center","background-size":"auto","background-attachment":"scroll","background-type":"","background-media":"","overlay-type":"","overlay-color":"","overlay-opacity":"","overlay-gradient":""},"mobile":{"background-color":"","background-image":"","background-repeat":"repeat","background-position":"center center","background-size":"auto","background-attachment":"scroll","background-type":"","background-media":"","overlay-type":"","overlay-color":"","overlay-opacity":"","overlay-gradient":""}},"ast-content-background-meta":{"desktop":{"background-color":"var(--ast-global-color-5)","background-image":"","background-repeat":"repeat","background-position":"center center","background-size":"auto","background-attachment":"scroll","background-type":"","background-media":"","overlay-type":"","overlay-color":"","overlay-opacity":"","overlay-gradient":""},"tablet":{"background-color":"var(--ast-global-color-5)","background-image":"","background-repeat":"repeat","background-position":"center center","background-size":"auto","background-attachment":"scroll","background-type":"","background-media":"","overlay-type":"","overlay-color":"","overlay-opacity":"","overlay-gradient":""},"mobile":{"background-color":"var(--ast-global-color-5)","background-image":"","background-repeat":"repeat","background-position":"center center","background-size":"auto","background-attachment":"scroll","background-type":"","background-media":"","overlay-type":"","overlay-color":"","overlay-opacity":"","overlay-gradient":""}},"_seo_title":"Automatic transfer switch\uff08ATS\uff09JGQ3-100","_seo_keywords":"Automatic transfer switch-ATS\u00a0, Automatic transfer switching equipment, Automatic transfer switch of in china","_seo_description":"Automatic transfer switch-ATS\u00a0 JGQ3-100\u00a0 (ATS), is a set of switch and logic control in one, without the need for an external controller,"},"product_brand":[],"product_cat":[15,100],"product_tag":[101,102,103],"class_list":{"0":"post-4427","1":"product","2":"type-product","3":"status-publish","4":"has-post-thumbnail","6":"product_cat-product","7":"product_cat-ats","8":"product_tag-ats","9":"product_tag-automatic-transfer-switch","10":"product_tag-dual-power-automatic-transfer-switch","11":"desktop-align-center","12":"tablet-align-left","13":"mobile-align-left","14":"ast-product-gallery-layout-horizontal-slider","16":"first","17":"instock","18":"featured","19":"shipping-taxable","20":"purchasable","21":"product-type-simple"},"acf":[],"seo_title":"Automatic transfer switch\uff08ATS\uff09JGQ3-100","seo_keywords":"Automatic transfer switch-ATS\u00a0, Automatic transfer switching equipment, Automatic transfer switch of in china","seo_description":"Automatic transfer switch-ATS\u00a0 JGQ3-100\u00a0 (ATS), is a set of switch and logic control in one, without the need for an external controller,","seo_score":"85","product_seo_keywords":"","_links":{"self":[{"href":"https:\/\/bright-china.com\/fr\/wp-json\/wp\/v2\/product\/4427","targetHints":{"allow":["GET"]}}],"collection":[{"href":"https:\/\/bright-china.com\/fr\/wp-json\/wp\/v2\/product"}],"about":[{"href":"https:\/\/bright-china.com\/fr\/wp-json\/wp\/v2\/types\/product"}],"wp:featuredmedia":[{"embeddable":true,"href":"https:\/\/bright-china.com\/fr\/wp-json\/wp\/v2\/media\/8744"}],"wp:attachment":[{"href":"https:\/\/bright-china.com\/fr\/wp-json\/wp\/v2\/media?parent=4427"}],"wp:term":[{"taxonomy":"product_brand","embeddable":true,"href":"https:\/\/bright-china.com\/fr\/wp-json\/wp\/v2\/product_brand?post=4427"},{"taxonomy":"product_cat","embeddable":true,"href":"https:\/\/bright-china.com\/fr\/wp-json\/wp\/v2\/product_cat?post=4427"},{"taxonomy":"product_tag","embeddable":true,"href":"https:\/\/bright-china.com\/fr\/wp-json\/wp\/v2\/product_tag?post=4427"}],"curies":[{"name":"wp","href":"https:\/\/api.w.org\/{rel}","templated":true}]}}