{"id":4428,"date":"2025-04-27T02:23:54","date_gmt":"2025-04-27T02:23:54","guid":{"rendered":"https:\/\/bright-china.com\/?post_type=product&#038;p=4428"},"modified":"2026-01-01T17:34:45","modified_gmt":"2026-01-02T00:34:45","slug":"ats-jgq1-63","status":"publish","type":"product","link":"https:\/\/bright-china.com\/fr\/produit\/ats-jgq1-63\/","title":{"rendered":"Commutateur de transfert automatique \u00e0 double puissance JGQ1-63"},"content":{"rendered":"<h2><strong>introduction<\/strong><\/h2>\n<hr \/>\n<p><img fetchpriority=\"high\" decoding=\"async\" class=\"alignleft wp-image-8747 size-medium\" src=\"https:\/\/bright-china.com\/wp-content\/uploads\/2025\/04\/Automatic-Transfer-Switch-JGQ1-63-2-300x300.webp\" alt=\"Commutateur de transfert automatique-JGQ1-63\" width=\"300\" height=\"300\" srcset=\"https:\/\/bright-china.com\/wp-content\/uploads\/2025\/04\/Automatic-Transfer-Switch-JGQ1-63-2-300x300.webp 300w, https:\/\/bright-china.com\/wp-content\/uploads\/2025\/04\/Automatic-Transfer-Switch-JGQ1-63-2-150x150.webp 150w, https:\/\/bright-china.com\/wp-content\/uploads\/2025\/04\/Automatic-Transfer-Switch-JGQ1-63-2-768x768.webp 768w, https:\/\/bright-china.com\/wp-content\/uploads\/2025\/04\/Automatic-Transfer-Switch-JGQ1-63-2-12x12.webp 12w, https:\/\/bright-china.com\/wp-content\/uploads\/2025\/04\/Automatic-Transfer-Switch-JGQ1-63-2-600x600.webp 600w, https:\/\/bright-china.com\/wp-content\/uploads\/2025\/04\/Automatic-Transfer-Switch-JGQ1-63-2-100x100.webp 100w, https:\/\/bright-china.com\/wp-content\/uploads\/2025\/04\/Automatic-Transfer-Switch-JGQ1-63-2.webp 800w\" sizes=\"(max-width: 300px) 100vw, 300px\" \/><\/p>\n<p>S\u00e9rie JGQ1 <a href=\"https:\/\/bright-china.com\/dc-circuit-breakers-2\/\">Commutateur de transfert automatique \u00e0 double puissance<\/a> (ci-apr\u00e8s d\u00e9nomm\u00e9 le commutateur de transfert) est adapt\u00e9 au courant alternatif 50Hz ou 60Hz, \u00e0 une tension de travail nominale de 400V, sous le syst\u00e8me d'alimentation \u00e0 double circuit. La conversion s\u00e9lective entre les deux alimentations peut \u00eatre effectu\u00e9e selon les besoins. Le produit a des fonctions de court-circuit, de surcharge, de sous-tension et de perte de tension, ainsi que des fonctions d'incendie. <a href=\"https:\/\/elejg.com\/\">protection<\/a>Double division et sortie d'un signal de fermeture.<br \/>\nIl est particuli\u00e8rement adapt\u00e9 \u00e0 l'installation et \u00e0 l'utilisation de lignes d'\u00e9clairage dans les immeubles de bureaux, les centres commerciaux, les banques, les gares, les h\u00f4pitaux et les immeubles de grande hauteur qui doivent r\u00e9pondre \u00e0 des exigences de protection contre l'incendie.<br \/>\nLe produit est conforme aux normes GB\/T14048, 11.<\/p>\n<h2>Conditions de travail normales<\/h2>\n<hr \/>\n<p>3.1 La limite sup\u00e9rieure de la temp\u00e9rature de l'air ambiant ne doit pas d\u00e9passer +40\u00b0C, et la limite inf\u00e9rieure ne doit pas d\u00e9passer \u00b0C.<\/p>\n<p>La valeur moyenne sur 24 heures ne d\u00e9passe pas +35\u00b0C.<\/p>\n<p>3.2 L'altitude du site d'installation ne doit pas d\u00e9passer 2000 m\u00e8tres.<\/p>\n<p>3.3 L'humidit\u00e9 relative de l'atmosph\u00e8re ne d\u00e9passe pas 50% \u00e0 la temp\u00e9rature de l'air ambiant de +40\u00b0C, et \u00e0 des temp\u00e9ratures inf\u00e9rieures, l'humidit\u00e9 peut \u00eatre plus \u00e9lev\u00e9e ; lorsque la temp\u00e9rature minimale mensuelle moyenne du mois le plus humide est de +25\u00b0C, l'humidit\u00e9 relative maximale moyenne est de 90%, en tenant compte des facteurs suivants<\/p>\n<p>Des changements d'humidit\u00e9 se produisent \u00e0 la surface du produit et de la condensation, des mesures sp\u00e9ciales doivent \u00eatre prises.<\/p>\n<p>3.4 Le niveau de pollution est de classe III.<\/p>\n<p>3.5 Il n'y a pas de fortes vibrations ni d'impact sur le site d'exploitation, pas de corrosion ni de dommages aux gaz nocifs de l'isolation, pas de poussi\u00e8re importante, pas de particules conductrices ni de substances dangereuses explosives,<\/p>\n<p>Pas de fortes interf\u00e9rences \u00e9lectromagn\u00e9tiques\u3002<\/p>\n<h2>Caract\u00e9ristiques du commutateur de transfert automatique Dual Power<\/h2>\n<hr \/>\n<p>4.1 La structure du commutateur de transfert automatique \u00e0 double alimentation est raisonnable, la taille est minimale, l'apparence est belle, il est \u00e9quip\u00e9 d'un couvercle de protection et l'alimentation \u00e9lectrique est plus s\u00fbre et plus fiable.<\/p>\n<p>4.2 La fonction d'expansion est compl\u00e8te, avec protection contre les courts-circuits, les surcharges, les pertes de phase, les sous-tensions et autres.<\/p>\n<p>4.3 Avec l'interface d'alimentation EPS, DC12~24V peut \u00eatre fiable et double division \u00e0 longue distance.<\/p>\n<p>4.4 Fonctionnement silencieux, \u00e9conomie d'\u00e9nergie et r\u00e9duction de la consommation, installation facile, fonctionnement simple, performances fiables et stables.<\/p>\n<h2>Performances du commutateur de transfert automatique \u00e0 double puissance<\/h2>\n<hr \/>\n<p>5.1 Le commutateur de transfert est compos\u00e9 de deux disjoncteurs miniatures, de moteurs et de dispositifs de rotation m\u00e9canique combin\u00e9s en un seul et d\u00e9tecte les deux sources d'alimentation par l'interm\u00e9diaire du contr\u00f4leur. Lorsque le circuit est anormal, le contr\u00f4leur \u00e9met un jugement logique sur les r\u00e9sultats de la d\u00e9tection, en fonction des instructions du contr\u00f4leur.<\/p>\n<p>Actionner le m\u00e9canisme de fonctionnement pour l'ouvrir ou le fermer, afin d'assurer une alimentation \u00e9lectrique s\u00fbre et fiable de la charge.<\/p>\n<p>5.2 Possibilit\u00e9s de commutation et de d\u00e9connexion<\/p>\n<p>5.3 Pouvoir de coupure nominale en cas de court-circuit : 3kA<\/p>\n<p>5.4 Capacit\u00e9 nominale d'enclenchement en cas de court-circuit : 3kA<\/p>\n<p>5.5 Temps de conversion : \u22643s<\/p>\n<p>5.6 La tension de commande du commutateur de transfert est de 230 V CA.<\/p>\n<p>5.7 La dur\u00e9e de vie m\u00e9canique du commutateur de transfert (conversion commune et de secours) est de 3000 fois,<\/p>\n<p>La dur\u00e9e de vie \u00e9lectrique est de 1500 fois<\/p>\n<p>5.8 Tension nominale d'isolation : U=500V<\/p>\n<p>5.9 Courant de travail nominal : 10A, 16A, 20A, 25A, 32A, 40A, 63A.<\/p>\n<p>5.10 En g\u00e9n\u00e9ral, le commutateur de transfert a la fonction d'auto-d\u00e9clenchement et d'auto-r\u00e9cup\u00e9ration, et le principe de priorit\u00e9 de l'alimentation commune. Si une occasion sp\u00e9ciale n\u00e9cessite un commutateur de transfert \u00e0 d\u00e9clenchement automatique et sans reprise, l'utilisateur n\u00e9gocie avec le fabricant pour le personnaliser.<\/p>\n<h2>Fonctionnement et installation<\/h2>\n<hr \/>\n<p>6.1 Si le disjoncteur est \u00e0 3 p\u00f4les, le fil neutre doit \u00eatre raccord\u00e9 \u00e0 la borne neutre du commutateur de transfert (le fil neutre couramment utilis\u00e9 et le fil neutre de r\u00e9serve dans la Figure<\/p>\n<p>6.2 sont connect\u00e9s aux bornes 2# et 4# respectivement).<\/p>\n<p>6.1 Sch\u00e9ma de c\u00e2blage du circuit principal<\/p>\n<p>6.2 Indication de fermeture de l'alimentation externe et sch\u00e9ma de c\u00e2blage de l'alimentation incendie<\/p>\n<p>6.3 Lorsque le commutateur de transfert doit \u00eatre actionn\u00e9 manuellement, s'il s'agit du type JGQ1-63, le bouton doit d'abord \u00eatre en position manuelle, puis la poign\u00e9e peut \u00eatre tourn\u00e9e pour la conversion commune ou de secours, s'il s'agit du type JGQ1-63, appuyez sur le bouton manuel\/automatique, et lorsque le voyant manuel est allum\u00e9, la conversion commune ou de secours peut \u00eatre effectu\u00e9e. Placez le mode de contr\u00f4le en position automatique, et le commutateur de transfert entrera dans l'\u00e9tat de fonctionnement automatique ; et l'alimentation commune est prioritaire.<\/p>\n<p>6.4 Lorsque le commutateur de transfert est connect\u00e9 \u00e0 la ligne conform\u00e9ment au sch\u00e9ma de c\u00e2blage, apr\u00e8s la mise sous tension normale, si l'alimentation commune et l'alimentation de secours sont toutes normales, le voyant (rouge) de l'alimentation commune ou de l'alimentation de secours s'allume, et le commutateur de transfert fonctionne normalement.<\/p>","protected":false},"excerpt":{"rendered":"<p>S\u00e9rie JGQ1 <a href=\"https:\/\/bright-china.com\/dc-circuit-breakers-2\/\">Commutateur de transfert automatique \u00e0 double puissance<\/a> (ci-apr\u00e8s d\u00e9nomm\u00e9 le commutateur de transfert) est adapt\u00e9 au courant alternatif 50Hz ou 60Hz, \u00e0 une tension de travail nominale de 400V, sous le syst\u00e8me d'alimentation \u00e0 double circuit. La conversion s\u00e9lective entre les deux alimentations peut \u00eatre effectu\u00e9e selon les besoins. Le produit poss\u00e8de les fonctions de court-circuit, de surcharge, de sous-tension et de perte de tension, ainsi que les fonctions de protection contre l'incendie, de double division et de signal de fermeture de sortie.<\/p>\n<p>Il est particuli\u00e8rement adapt\u00e9 \u00e0 l'installation et \u00e0 l'utilisation de lignes d'\u00e9clairage dans les immeubles de bureaux, les centres commerciaux, les banques, les gares, les h\u00f4pitaux et les immeubles de grande hauteur qui doivent r\u00e9pondre \u00e0 des exigences de protection contre l'incendie.<\/p>","protected":false},"featured_media":8747,"template":"","meta":{"_acf_changed":false,"site-sidebar-layout":"default","site-content-layout":"","ast-site-content-layout":"default","site-content-style":"default","site-sidebar-style":"default","ast-global-header-display":"","ast-banner-title-visibility":"","ast-main-header-display":"","ast-hfb-above-header-display":"","ast-hfb-below-header-display":"","ast-hfb-mobile-header-display":"","site-post-title":"","ast-breadcrumbs-content":"","ast-featured-img":"","footer-sml-layout":"","theme-transparent-header-meta":"default","adv-header-id-meta":"","stick-header-meta":"default","header-above-stick-meta":"","header-main-stick-meta":"","header-below-stick-meta":"","astra-migrate-meta-layouts":"set","ast-page-background-enabled":"default","ast-page-background-meta":{"desktop":{"background-color":"","background-image":"","background-repeat":"repeat","background-position":"center center","background-size":"auto","background-attachment":"scroll","background-type":"","background-media":"","overlay-type":"","overlay-color":"","overlay-opacity":"","overlay-gradient":""},"tablet":{"background-color":"","background-image":"","background-repeat":"repeat","background-position":"center center","background-size":"auto","background-attachment":"scroll","background-type":"","background-media":"","overlay-type":"","overlay-color":"","overlay-opacity":"","overlay-gradient":""},"mobile":{"background-color":"","background-image":"","background-repeat":"repeat","background-position":"center center","background-size":"auto","background-attachment":"scroll","background-type":"","background-media":"","overlay-type":"","overlay-color":"","overlay-opacity":"","overlay-gradient":""}},"ast-content-background-meta":{"desktop":{"background-color":"var(--ast-global-color-5)","background-image":"","background-repeat":"repeat","background-position":"center center","background-size":"auto","background-attachment":"scroll","background-type":"","background-media":"","overlay-type":"","overlay-color":"","overlay-opacity":"","overlay-gradient":""},"tablet":{"background-color":"var(--ast-global-color-5)","background-image":"","background-repeat":"repeat","background-position":"center center","background-size":"auto","background-attachment":"scroll","background-type":"","background-media":"","overlay-type":"","overlay-color":"","overlay-opacity":"","overlay-gradient":""},"mobile":{"background-color":"var(--ast-global-color-5)","background-image":"","background-repeat":"repeat","background-position":"center center","background-size":"auto","background-attachment":"scroll","background-type":"","background-media":"","overlay-type":"","overlay-color":"","overlay-opacity":"","overlay-gradient":""}},"_seo_title":"Dual Power Automatic Transfer Switch JGQ1-63","_seo_keywords":"Dual Power Automatic Transfer Switch, Automatic Transfer Switch, ATS","_seo_description":"JGQ1 series Dual Power Automatic Transfer Switch (hereinafter referred to as the transfer switch) is suitable for AC 50Hz or 60Hz, rated working voltage 400V, below the double circuit power..."},"product_brand":[],"product_cat":[15,100],"product_tag":[101,102,103],"class_list":{"0":"post-4428","1":"product","2":"type-product","3":"status-publish","4":"has-post-thumbnail","6":"product_cat-product","7":"product_cat-ats","8":"product_tag-ats","9":"product_tag-automatic-transfer-switch","10":"product_tag-dual-power-automatic-transfer-switch","11":"desktop-align-center","12":"tablet-align-left","13":"mobile-align-left","14":"ast-product-gallery-layout-horizontal-slider","16":"first","17":"instock","18":"sale","19":"featured","20":"shipping-taxable","21":"purchasable","22":"product-type-simple"},"acf":[],"seo_title":"Dual Power Automatic Transfer Switch JGQ1-63","seo_keywords":"Dual Power Automatic Transfer Switch, Automatic Transfer Switch, ATS","seo_description":"JGQ1 series Dual Power Automatic Transfer Switch (hereinafter referred to as the transfer switch) is suitable for AC 50Hz or 60Hz, rated working voltage 400V, below the double circuit power...","seo_score":"85","product_seo_keywords":"","_links":{"self":[{"href":"https:\/\/bright-china.com\/fr\/wp-json\/wp\/v2\/product\/4428","targetHints":{"allow":["GET"]}}],"collection":[{"href":"https:\/\/bright-china.com\/fr\/wp-json\/wp\/v2\/product"}],"about":[{"href":"https:\/\/bright-china.com\/fr\/wp-json\/wp\/v2\/types\/product"}],"wp:featuredmedia":[{"embeddable":true,"href":"https:\/\/bright-china.com\/fr\/wp-json\/wp\/v2\/media\/8747"}],"wp:attachment":[{"href":"https:\/\/bright-china.com\/fr\/wp-json\/wp\/v2\/media?parent=4428"}],"wp:term":[{"taxonomy":"product_brand","embeddable":true,"href":"https:\/\/bright-china.com\/fr\/wp-json\/wp\/v2\/product_brand?post=4428"},{"taxonomy":"product_cat","embeddable":true,"href":"https:\/\/bright-china.com\/fr\/wp-json\/wp\/v2\/product_cat?post=4428"},{"taxonomy":"product_tag","embeddable":true,"href":"https:\/\/bright-china.com\/fr\/wp-json\/wp\/v2\/product_tag?post=4428"}],"curies":[{"name":"wp","href":"https:\/\/api.w.org\/{rel}","templated":true}]}}