{"id":4430,"date":"2025-04-27T02:23:54","date_gmt":"2025-04-27T02:23:54","guid":{"rendered":"https:\/\/bright-china.com\/?post_type=product&#038;p=4430"},"modified":"2025-12-31T03:45:54","modified_gmt":"2025-12-31T10:45:54","slug":"jgkb-45","status":"publish","type":"product","link":"https:\/\/bright-china.com\/fr\/produit\/jgkb-45\/","title":{"rendered":"Commutation de commande et de protection JGKB-45"},"content":{"rendered":"<h2><strong>Introduction<\/strong><\/h2>\n<hr \/>\n<p><span style=\"font-size: 16px;\">\u00a0 \u00a0 Le <\/span><a style=\"font-size: 16px; background-color: #ffffff;\" href=\"https:\/\/bright-china.com\/motor-protector\/\">Commutation de contr\u00f4le et de protection, Protecteur de moteur <\/a><span style=\"font-size: 16px;\">Le produit poss\u00e8de des fonctions telles que la surtension, la sous-tension, la surcharge, le court-circuit, le rotor bloqu\u00e9, le d\u00e9s\u00e9quilibre triphas\u00e9, la surchauffe, les fuites, la communication, etc. La conception du logiciel est conviviale, avec un affichage direct sur trois lignes, et les fonctions du produit sont faciles \u00e0 \u00e9tendre. Actuellement, il s'agit de l'interrupteur de contr\u00f4le et de protection le plus complet dans la fonction de protection des \u00e9quipements \u00e9lectriques. <\/span><a style=\"font-size: 16px; background-color: #ffffff;\" href=\"https:\/\/elejg.com\/\">protecteurs<\/a><span style=\"font-size: 16px;\">.<\/span><\/p>\n<h2><strong>\u00a0Caract\u00e9ristiques du produit<\/strong><\/h2>\n<hr \/>\n<p>1. Extension des fonctions : Protection contre la temp\u00e9rature et les fuites, tant que des accessoires externes sont connect\u00e9s, les fonctions de protection requises peuvent \u00eatre ajout\u00e9es.<\/p>\n<p>2. Affichage num\u00e9rique \u00e0 trois rang\u00e9es de tubes, affichage intuitif en temps r\u00e9el des param\u00e8tres de tension, de courant, de fuite et de temp\u00e9rature.<\/p>\n<p>3. Large plage de r\u00e9glage du courant de protection :<\/p>\n<table style=\"height: 371px; width: 100%; border-color: #969696;\" width=\"100%\">\n<tbody>\n<tr style=\"height: 53px;\">\n<td style=\"height: 53px; background-color: #060a30;\" width=\"212\"><span style=\"color: #ffffff;\">Type<\/span><\/td>\n<td style=\"height: 53px; background-color: #060a30;\" width=\"119\"><span style=\"color: #ffffff;\">JGKB-45<\/span><\/td>\n<\/tr>\n<tr style=\"height: 53px;\">\n<td style=\"height: 53px;\">Plage de r\u00e9glage actuelle<\/td>\n<td style=\"height: 53px;\">1~10A\uff0c2~45A<\/td>\n<\/tr>\n<tr style=\"height: 53px;\">\n<td style=\"height: 53px; background-color: #dedede;\">Plage de r\u00e9glage de la surtension<\/td>\n<td style=\"height: 53px; background-color: #dedede;\">AC265V(210~300V)<\/td>\n<\/tr>\n<tr style=\"height: 53px;\">\n<td style=\"height: 53px;\">Plage de r\u00e9glage de la sous-tension<\/td>\n<td style=\"height: 53px;\">AC170V(80~200V)<\/td>\n<\/tr>\n<tr style=\"height: 53px;\">\n<td style=\"height: 53px; background-color: #dedede;\">Plage de r\u00e9glage du courant de fuite<\/td>\n<td style=\"height: 53px; background-color: #dedede;\">20mA(5~300mA)<\/td>\n<\/tr>\n<tr style=\"height: 53px;\">\n<td style=\"height: 53px;\">Plage de r\u00e9glage de la temp\u00e9rature<\/td>\n<td style=\"height: 53px;\">70\u2103\uff081-150\u2103\uff09<\/td>\n<\/tr>\n<tr style=\"height: 53px;\">\n<td style=\"height: 53px; background-color: #dedede;\">Conformit\u00e9 avec<\/td>\n<td style=\"height: 53px; background-color: #dedede;\">IEC 60947-6-2<\/td>\n<\/tr>\n<\/tbody>\n<\/table>\n<p>4. Fonction de communication 485 personnalisable<\/p>\n<p>5. Fonction de mot de passe pour \u00e9viter un service apr\u00e8s-vente inutile caus\u00e9 par un personnel non autoris\u00e9 qui r\u00e8gle le produit de mani\u00e8re incorrecte sur le site.<\/p>\n<p>6. Ajout d'une fonction de r\u00e9cup\u00e9ration d'usine, qui permet de r\u00e9tablir en un seul clic l'\u00e9tat d'origine du programme en cas d'erreur de r\u00e9glage sur place.<\/p>\n<p>3\u3001 Param\u00e8tres techniques<\/p>\n<p>1. Plage de d\u00e9tection de la tension : AC100~300V, niveau de pr\u00e9cision : 1,0 niveau.<\/p>\n<p>2. Plage de d\u00e9tection du courant : 45 type, 1-45A, niveau de pr\u00e9cision : 1,0 niveau.<\/p>\n<p>Type 125, 32-125A, niveau de pr\u00e9cision : 1,0<\/p>\n<p>3. Plage de d\u00e9tection du courant de fuite : 5-300mA, niveau de pr\u00e9cision : 2,5.<\/p>\n<p>4. Plage de d\u00e9tection de la temp\u00e9rature : -50~160 \u2103, niveau de pr\u00e9cision : 2,0.<\/p>\n<p>3. Consommation \u00e9lectrique du produit : \u2264 6W.<\/p>\n<p>4. Capacit\u00e9 de rupture ultime : 7000A.<\/p>\n<p>5. Dur\u00e9e de vie m\u00e9canique \u2265 1 million de fois, dur\u00e9e de vie \u00e9lectrique 200000 fois.<\/p>\n<p>6. Le protocole de communication RS485 est d\u00e9taill\u00e9 dans le manuel de communication RS485 V2.0 pour les instruments de puissance et les protecteurs.<\/p>","protected":false},"excerpt":{"rendered":"<p>Le <a href=\"https:\/\/bright-china.com\/motor-protector\/\">Commutation de contr\u00f4le et de protection, Protecteur de moteur<\/a> Le produit poss\u00e8de des fonctions telles que la surtension, la sous-tension, la surcharge, le court-circuit, le rotor bloqu\u00e9, le d\u00e9s\u00e9quilibre triphas\u00e9, la surchauffe, les fuites, la communication, etc. La conception du logiciel est conviviale, avec un affichage direct sur trois lignes, et les fonctions du produit sont faciles \u00e0 \u00e9tendre. Actuellement,<\/p>","protected":false},"featured_media":8773,"template":"","meta":{"_acf_changed":false,"site-sidebar-layout":"default","site-content-layout":"","ast-site-content-layout":"default","site-content-style":"default","site-sidebar-style":"default","ast-global-header-display":"","ast-banner-title-visibility":"","ast-main-header-display":"","ast-hfb-above-header-display":"","ast-hfb-below-header-display":"","ast-hfb-mobile-header-display":"","site-post-title":"","ast-breadcrumbs-content":"","ast-featured-img":"","footer-sml-layout":"","theme-transparent-header-meta":"default","adv-header-id-meta":"","stick-header-meta":"default","header-above-stick-meta":"","header-main-stick-meta":"","header-below-stick-meta":"","astra-migrate-meta-layouts":"set","ast-page-background-enabled":"default","ast-page-background-meta":{"desktop":{"background-color":"","background-image":"","background-repeat":"repeat","background-position":"center center","background-size":"auto","background-attachment":"scroll","background-type":"","background-media":"","overlay-type":"","overlay-color":"","overlay-opacity":"","overlay-gradient":""},"tablet":{"background-color":"","background-image":"","background-repeat":"repeat","background-position":"center center","background-size":"auto","background-attachment":"scroll","background-type":"","background-media":"","overlay-type":"","overlay-color":"","overlay-opacity":"","overlay-gradient":""},"mobile":{"background-color":"","background-image":"","background-repeat":"repeat","background-position":"center center","background-size":"auto","background-attachment":"scroll","background-type":"","background-media":"","overlay-type":"","overlay-color":"","overlay-opacity":"","overlay-gradient":""}},"ast-content-background-meta":{"desktop":{"background-color":"var(--ast-global-color-5)","background-image":"","background-repeat":"repeat","background-position":"center center","background-size":"auto","background-attachment":"scroll","background-type":"","background-media":"","overlay-type":"","overlay-color":"","overlay-opacity":"","overlay-gradient":""},"tablet":{"background-color":"var(--ast-global-color-5)","background-image":"","background-repeat":"repeat","background-position":"center center","background-size":"auto","background-attachment":"scroll","background-type":"","background-media":"","overlay-type":"","overlay-color":"","overlay-opacity":"","overlay-gradient":""},"mobile":{"background-color":"var(--ast-global-color-5)","background-image":"","background-repeat":"repeat","background-position":"center center","background-size":"auto","background-attachment":"scroll","background-type":"","background-media":"","overlay-type":"","overlay-color":"","overlay-opacity":"","overlay-gradient":""}},"_seo_title":"Control and protective switching\u3000JGKB-45","_seo_keywords":"Control and protective switching, motor protector circuit breaker, Motor Protector, Motor Protect Circuit Breaker","_seo_description":"The Control and protective switching,Motor Protector has a beautiful appearance design, and the product has functions such as overvoltage, undervoltage, overload, short circuit, locked rotor, three-phase imbalance, over temperature, leakage,..."},"product_brand":[],"product_cat":[15,63,57],"product_tag":[138,139,109,110,111],"class_list":{"0":"post-4430","1":"product","2":"type-product","3":"status-publish","4":"has-post-thumbnail","6":"product_cat-product","7":"product_cat-motor-protector","8":"product_cat-smart-protector","9":"product_tag-control-and-protective-switching","10":"product_tag-cps","11":"product_tag-motor-protector","12":"product_tag-motor-protector-switch","13":"product_tag-thermal-protector-for-motor","14":"desktop-align-center","15":"tablet-align-left","16":"mobile-align-left","17":"ast-product-gallery-layout-horizontal-slider","19":"first","20":"instock","21":"sale","22":"featured","23":"shipping-taxable","24":"purchasable","25":"product-type-simple"},"acf":[],"seo_title":"Control and protective switching\u3000JGKB-45","seo_keywords":"Control and protective switching, motor protector circuit breaker, Motor Protector, Motor Protect Circuit Breaker","seo_description":"The Control and protective switching,Motor Protector has a beautiful appearance design, and the product has functions such as overvoltage, undervoltage, overload, short circuit, locked rotor, three-phase imbalance, over temperature, leakage,...","seo_score":"85","product_seo_keywords":"","_links":{"self":[{"href":"https:\/\/bright-china.com\/fr\/wp-json\/wp\/v2\/product\/4430","targetHints":{"allow":["GET"]}}],"collection":[{"href":"https:\/\/bright-china.com\/fr\/wp-json\/wp\/v2\/product"}],"about":[{"href":"https:\/\/bright-china.com\/fr\/wp-json\/wp\/v2\/types\/product"}],"wp:featuredmedia":[{"embeddable":true,"href":"https:\/\/bright-china.com\/fr\/wp-json\/wp\/v2\/media\/8773"}],"wp:attachment":[{"href":"https:\/\/bright-china.com\/fr\/wp-json\/wp\/v2\/media?parent=4430"}],"wp:term":[{"taxonomy":"product_brand","embeddable":true,"href":"https:\/\/bright-china.com\/fr\/wp-json\/wp\/v2\/product_brand?post=4430"},{"taxonomy":"product_cat","embeddable":true,"href":"https:\/\/bright-china.com\/fr\/wp-json\/wp\/v2\/product_cat?post=4430"},{"taxonomy":"product_tag","embeddable":true,"href":"https:\/\/bright-china.com\/fr\/wp-json\/wp\/v2\/product_tag?post=4430"}],"curies":[{"name":"wp","href":"https:\/\/api.w.org\/{rel}","templated":true}]}}