{"id":4431,"date":"2025-04-27T02:23:54","date_gmt":"2025-04-27T02:23:54","guid":{"rendered":"https:\/\/bright-china.com\/?post_type=product&#038;p=4431"},"modified":"2026-01-05T06:07:59","modified_gmt":"2026-01-05T13:07:59","slug":"protecteur-de-tension-jgxl-63s","status":"publish","type":"product","link":"https:\/\/bright-china.com\/fr\/produit\/protecteur-de-tension-jgxl-63s\/","title":{"rendered":"Protecteur de courant et de tension triphas\u00e9 \u00e0 quatre fils JGXL-63S-3P+N"},"content":{"rendered":"<h2><strong>Br\u00e8ve introduction<\/strong><\/h2>\n<hr \/>\n<p><a style=\"font-size: 16px; background-color: #ffffff;\" href=\"https:\/\/bright-china.com\/\">\u00a0 Protecteur de courant et de tension triphas\u00e9 \u00e0 quatre fils<\/a><span style=\"font-size: 16px;\">\u00a0 Le JGXL-63S est principalement utilis\u00e9 pour le courant alternatif 50Hz (60Hz), la tension de travail nominale 220\/380V, le courant nominal principal de 2A \u00e0 63A, le courant de travail r\u00e9glable du contr\u00f4leur intelligent de 2A \u00e0 63A, la puissance de contr\u00f4le de 0,5KW \u00e0 20KW dans le syst\u00e8me d'alimentation mis en marche, transportant et coupant le courant ou la tension dans des conditions normales (y compris les conditions de surcharge sp\u00e9cifi\u00e9es), et peut \u00e9galement \u00eatre mis en marche, transport\u00e9 et transport\u00e9 pendant un certain temps et dans les conditions anormales sp\u00e9cifi\u00e9es (telles qu'un court-circuit). , <\/span><a style=\"font-size: 16px; background-color: #ffffff;\" href=\"https:\/\/elejg.com\/\">sous-tension<\/a><span style=\"font-size: 16px;\">etc.)<\/span><\/p>\n<p>Le protecteur de surtension et de sous-tension triphas\u00e9 \u00e0 quatre fils limitant le courant adopte un type de structure de produit modulaire, qui pr\u00e9sente les avantages d'une petite taille, d'une grande fiabilit\u00e9 et d'une utilisation pratique. Les principales fonctions du produit sont les suivantes : surtension, sous-tension, d\u00e9faillance de phase, ligne z\u00e9ro et ligne z\u00e9ro, surintensit\u00e9, court-circuit instantan\u00e9, d\u00e9s\u00e9quilibre triphas\u00e9, sous-intensit\u00e9, s\u00e9quence de phase, communication RS485, r\u00e9initialisation d'usine \u00e0 cl\u00e9 unique et autres fonctions, qui sont largement utilis\u00e9es dans les t\u00e9l\u00e9communications, la m\u00e9tallurgie, les mines de charbon, l'acier, la p\u00e9trochimie, les ports, les navires, les chemins de fer, les h\u00f4pitaux, les b\u00e2timents intelligents et d'autres domaines de la distribution d'\u00e9nergie et des syst\u00e8mes de contr\u00f4le de la protection des moteurs.<\/p>\n<h2><span data-slate-fragment=\"JTVCJTdCJTIydHlwZSUyMiUzQSUyMnBhcmFncmFwaCUyMiUyQyUyMmNoaWxkcmVuJTIyJTNBJTVCJTdCJTIyaWQlMjIlM0ElMjJCNEE1Z2tKUjdlJTIyJTJDJTIycGFyYUlkeCUyMiUzQTAlMkMlMjJzcmMlMjIlM0ElMjIzcGhhc2UlMjA0d2lyZSUyMGN1cnJlbnQlMjBhbmQlMjB2b2x0YWdlJTIwcHJvdGVjdG9yJTIwaXMlMjBNYWluJTIwdGVjaG5pY2FsJTIwcGFyYW1ldGVycyUyMiUyQyUyMmRzdCUyMiUzQSUyMiVFNCVCOCU4OSVFNyU5QiVCOCVFNSU5QiU5QiVFNyVCQSVCRiVFNyU5NCVCNSVFNiVCNSU4MSVFNyU5NCVCNSVFNSU4RSU4QiVFNCVCRiU5RCVFNiU4QSVBNCVFNSU5OSVBOCVFNCVCOCVCQiVFOCVBNiU4MSVFNiU4QSU4MCVFNiU5QyVBRiVFNSU4RiU4MiVFNiU5NSVCMCUyMiUyQyUyMm1ldGFkYXRhJTIyJTNBJTIyJTIyJTJDJTIybWF0Y2hlcyUyMiUzQW51bGwlMkMlMjJtZXRhRGF0YSUyMiUzQSU1QiU1RCUyQyUyMnRleHQlMjIlM0ElMjIzcGhhc2UlMjA0d2lyZSUyMGN1cnJlbnQlMjBhbmQlMjB2b2x0YWdlJTIwcHJvdGVjdG9yJTIwaXMlMjBNYWluJTIwdGVjaG5pY2FsJTIwcGFyYW1ldGVycyUyMiU3RCU1RCU3RCU1RA==\">Le protecteur de courant et de tension triphas\u00e9 \u00e0 quatre fils est Principaux param\u00e8tres techniques<\/span><\/h2>\n<hr \/>\n<table style=\"border-color: #969696; width: 100%; height: 264px;\" width=\"100%\">\n<tbody>\n<tr style=\"height: 52px;\">\n<td style=\"background-color: #060a30; width: 54.236%; height: 52px;\" width=\"212\"><span style=\"color: #ffffff;\">Type<\/span><\/td>\n<td style=\"background-color: #060a30; width: 45.6884%; height: 52px;\" width=\"119\"><span style=\"color: #ffffff;\">JGXL-63S\/3P+N<\/span><\/td>\n<\/tr>\n<tr style=\"height: 53px;\">\n<td style=\"width: 54.236%; height: 53px;\">Sp\u00e9cifications actuelles<\/td>\n<td style=\"width: 45.6884%; height: 53px;\">63A(1~63A)<\/td>\n<\/tr>\n<tr style=\"height: 53px;\">\n<td style=\"width: 54.236%; background-color: #dedede; height: 53px;\">Plage de r\u00e9glage de la surtension<\/td>\n<td style=\"width: 45.6884%; background-color: #dedede; height: 53px;\">AC270V(210~300V)<\/td>\n<\/tr>\n<tr style=\"height: 53px;\">\n<td style=\"width: 54.236%; height: 53px;\">Plage de r\u00e9glage de la sous-tension<\/td>\n<td style=\"width: 45.6884%; height: 53px;\">AC170V(80~200V)<\/td>\n<\/tr>\n<tr style=\"height: 53px;\">\n<td style=\"width: 54.236%; background-color: #dedede; height: 53px;\">Tension de fonctionnement<\/td>\n<td style=\"width: 45.6884%; background-color: #dedede; height: 53px;\">AC230V\/400V<\/td>\n<\/tr>\n<\/tbody>\n<\/table>\n<p>1. Plage de d\u00e9tection de la tension : AC80~450V, niveau de pr\u00e9cision : 1,0.<\/p>\n<p>2. Plage de d\u00e9tection du courant : 1~63A, niveau de pr\u00e9cision : 1,0.<\/p>\n<p>3. Consommation \u00e9lectrique du produit lui-m\u00eame : \u22642W.<\/p>\n<p>4. Courant de court-circuit r\u00e9sistant : 2000A.<\/p>\n<p>5. La dur\u00e9e de vie m\u00e9canique est \u2265 100 000 fois et la dur\u00e9e de vie \u00e9lectrique est de 5 000 fois.<\/p>\n<p>6. M\u00e9thode de c\u00e2blage du produit : vers le bas et vers la sortie de la ligne, vers le haut dans et hors de la ligne. La m\u00e9thode de c\u00e2blage par d\u00e9faut est la ligne inf\u00e9rieure et la ligne sortante.<\/p>\n<p>7. La capacit\u00e9 de c\u00e2blage est de 16 m\u00e8tres carr\u00e9s.<\/p>\n<p>8. Pour plus de d\u00e9tails sur le protocole de communication RS485, veuillez vous r\u00e9f\u00e9rer au \"Manuel de communication RS485 V2.0 pour Power <a href=\"https:\/\/bright-china.com\/automatic-reconnection-energy-metering-protector-of-test-jgdl-63\/\" target=\"_blank\" rel=\"noopener\" ___protected_content_1___>Compteurs et protecteurs\"<\/a>.<\/p>\n<h2><span data-slate-fragment=\"JTVCJTdCJTIydHlwZSUyMiUzQSUyMnBhcmFncmFwaCUyMiUyQyUyMmNoaWxkcmVuJTIyJTNBJTVCJTdCJTIyaWQlMjIlM0ElMjJCNEE1Z2tKUjdlJTIyJTJDJTIycGFyYUlkeCUyMiUzQTAlMkMlMjJzcmMlMjIlM0ElMjIzcGhhc2UlMjA0d2lyZSUyMGN1cnJlbnQlMjBhbmQlMjB2b2x0YWdlJTIwcHJvdGVjdG9yJTIwaXMlMjBNYWluJTIwdGVjaG5pY2FsJTIwcGFyYW1ldGVycyUyMiUyQyUyMmRzdCUyMiUzQSUyMiVFNCVCOCU4OSVFNyU5QiVCOCVFNSU5QiU5QiVFNyVCQSVCRiVFNyU5NCVCNSVFNiVCNSU4MSVFNyU5NCVCNSVFNSU4RSU4QiVFNCVCRiU5RCVFNiU4QSVBNCVFNSU5OSVBOCVFNCVCOCVCQiVFOCVBNiU4MSVFNiU4QSU4MCVFNiU5QyVBRiVFNSU4RiU4MiVFNiU5NSVCMCUyMiUyQyUyMm1ldGFkYXRhJTIyJTNBJTIyJTIyJTJDJTIybWF0Y2hlcyUyMiUzQW51bGwlMkMlMjJtZXRhRGF0YSUyMiUzQSU1QiU1RCUyQyUyMnRleHQlMjIlM0ElMjIzcGhhc2UlMjA0d2lyZSUyMGN1cnJlbnQlMjBhbmQlMjB2b2x0YWdlJTIwcHJvdGVjdG9yJTIwaXMlMjBNYWluJTIwdGVjaG5pY2FsJTIwcGFyYW1ldGVycyUyMiU3RCU1RCU3RCU1RA==\">Protecteur de courant et de tension triphas\u00e9 \u00e0 quatre fils de <\/span>taille<\/h2>\n<hr \/>\n<h1><\/h1>\n<p><strong><img fetchpriority=\"high\" decoding=\"async\" class=\"alignnone wp-image-5612 size-full\" src=\"https:\/\/bright-china.com\/wp-content\/uploads\/2025\/04\/\u5916\u578b\u5c3a\u5bf8-2.jpg\" alt=\"Dimensions ext\u00e9rieures du protecteur de courant et de tension triphas\u00e9 \u00e0 4 fils JGXL-63S\" width=\"777\" height=\"419\" srcset=\"https:\/\/bright-china.com\/wp-content\/uploads\/2025\/04\/\u5916\u578b\u5c3a\u5bf8-2.jpg 777w, https:\/\/bright-china.com\/wp-content\/uploads\/2025\/04\/\u5916\u578b\u5c3a\u5bf8-2-300x162.jpg 300w, https:\/\/bright-china.com\/wp-content\/uploads\/2025\/04\/\u5916\u578b\u5c3a\u5bf8-2-768x414.jpg 768w, https:\/\/bright-china.com\/wp-content\/uploads\/2025\/04\/\u5916\u578b\u5c3a\u5bf8-2-18x10.jpg 18w, https:\/\/bright-china.com\/wp-content\/uploads\/2025\/04\/\u5916\u578b\u5c3a\u5bf8-2-600x324.jpg 600w\" sizes=\"(max-width: 777px) 100vw, 777px\" \/><\/strong><\/p>\n<p>&nbsp;<\/p>\n<p>&nbsp;<\/p>\n<h2><strong>Informations sur le paquet standard<\/strong><\/h2>\n<hr \/>\n<p><img decoding=\"async\" class=\"alignnone wp-image-8832 size-medium lazyload\" data-src=\"https:\/\/bright-china.com\/wp-content\/uploads\/2025\/04\/Packaging-box-for-protector--300x300.webp\" alt=\"Bo\u00eete d&#039;emballage pour le protecteur\" width=\"300\" height=\"300\" data-srcset=\"https:\/\/bright-china.com\/wp-content\/uploads\/2025\/04\/Packaging-box-for-protector--300x300.webp 300w, https:\/\/bright-china.com\/wp-content\/uploads\/2025\/04\/Packaging-box-for-protector--150x150.webp 150w, https:\/\/bright-china.com\/wp-content\/uploads\/2025\/04\/Packaging-box-for-protector--12x12.webp 12w, https:\/\/bright-china.com\/wp-content\/uploads\/2025\/04\/Packaging-box-for-protector--600x600.webp 600w, https:\/\/bright-china.com\/wp-content\/uploads\/2025\/04\/Packaging-box-for-protector--100x100.webp 100w, https:\/\/bright-china.com\/wp-content\/uploads\/2025\/04\/Packaging-box-for-protector-.webp 750w\" data-sizes=\"(max-width: 300px) 100vw, 300px\" src=\"data:image\/svg+xml;base64,PHN2ZyB3aWR0aD0iMSIgaGVpZ2h0PSIxIiB4bWxucz0iaHR0cDovL3d3dy53My5vcmcvMjAwMC9zdmciPjwvc3ZnPg==\" style=\"--smush-placeholder-width: 300px; --smush-placeholder-aspect-ratio: 300\/300;\" \/><\/p>\n<div style=\"overflow-x: auto;\">\n<table>\n<tbody>\n<tr>\n<th style=\"background-color: #060a30;\"><span style=\"color: #ffffff;\">Dimension du carton (cm)<\/span><\/th>\n<th style=\"background-color: #060a30;\"><span style=\"color: #ffffff;\">Liste de colisage<\/span><\/th>\n<th style=\"background-color: #060a30;\"><span style=\"color: #ffffff;\">QT\u00c9<\/span><\/th>\n<th style=\"background-color: #060a30;\"><span style=\"color: #ffffff;\">Poids brut (kg)<\/span><\/th>\n<\/tr>\n<tr>\n<td style=\"text-align: center;\">45,5cm \u00d7 23,5cm \u00d7 31,5cm<\/td>\n<td style=\"text-align: center;\">\u00a0protecteur<\/td>\n<td style=\"text-align: center;\">60pcs<\/td>\n<td style=\"text-align: center;\">20 kg<\/td>\n<\/tr>\n<\/tbody>\n<\/table>\n<\/div>\n<p><a href=\"https:\/\/elejg.com\/\">Protecteur de courant et de tension triphas\u00e9 \u00e0 4 fils<\/a>Protecteur de courant et de tension triphas\u00e9 \u00e0 quatre fils <span data-slate-fragment=\"JTVCJTdCJTIydHlwZSUyMiUzQSUyMnBhcmFncmFwaCUyMiUyQyUyMmNoaWxkcmVuJTIyJTNBJTVCJTdCJTIyaWQlMjIlM0ElMjJWMFFZMGs0cjJ6JTIyJTJDJTIycGFyYUlkeCUyMiUzQTAlMkMlMjJzcmMlMjIlM0ElMjJUaHJlZS1QaGFzZSUyMEZvdXItV2lyZSUyMFNlbGYtQ29tcG91bmQlMjBPdmVyLVVuZGVyLVZvbHRhZ2UlMjBDdXJyZW50JTIwTGltaXRpbmclMjBQcm90ZWN0b3IlMjA2M0ElMjBQaGFzZSUyMFNlcXVlbmNlJTIwTWlzc2luZyUyMFBoYXNlJTIwTWlzc2luZyUyMFplcm8lMjBvZmYlMjBQcm90ZWN0aW9uJTIwU3dpdGNoJTIyJTJDJTIyZHN0JTIyJTNBJTIyJUU0JUI4JTg5JUU3JTlCJUI4JUU1JTlCJTlCJUU3JUJBJUJGJUU4JTg3JUFBJUU1JUE0JThEJUU1JTkwJTg4JUU4JUJGJTg3JUU2JUFDJUEwJUU1JThFJThCJUU5JTk5JTkwJUU2JUI1JTgxJUU0JUJGJTlEJUU2JThBJUE0JUU1JTk5JUE4NjNBJUU3JTlCJUI4JUU1JUJBJThGJUU3JUJDJUJBJUU3JTlCJUI4JUU1JUE0JUIxJUU5JTlCJUI2JUU0JUJGJTlEJUU2JThBJUE0JUU1JUJDJTgwJUU1JTg1JUIzJTIyJTJDJTIybWV0YWRhdGElMjIlM0ElMjIlMjIlMkMlMjJtYXRjaGVzJTIyJTNBbnVsbCUyQyUyMm1ldGFEYXRhJTIyJTNBJTVCJTVEJTJDJTIydGV4dCUyMiUzQSUyMlRocmVlLVBoYXNlJTIwRm91ci1XaXJlJTIwU2VsZi1Db21wb3VuZCUyME92ZXItVW5kZXItVm9sdGFnZSUyMEN1cnJlbnQlMjBMaW1pdGluZyUyMFByb3RlY3RvciUyMDYzQSUyMFBoYXNlJTIwU2VxdWVuY2UlMjBNaXNzaW5nJTIwUGhhc2UlMjBNaXNzaW5nJTIwWmVybyUyMG9mZiUyMFByb3RlY3Rpb24lMjBTd2l0Y2glMjIlN0QlNUQlN0QlNUQ=\">63A S\u00e9quence de phases manquante Phase manquante Z\u00e9ro d\u00e9sactiv\u00e9 Interrupteur de protection<a href=\"https:\/\/bright-china.com\/product\/current-limiting-fire-alarm-protector\/\">Protecteur de courant et de tension triphas\u00e9 \u00e0 4 fils JGXL-63S-3P+N<\/a>,<\/span>Protecteur triphas\u00e9 \u00e0 quatre filsProtecteur de surtension\/sous-tension autor\u00e9armable, protecteur de limitation de courant triphas\u00e9 \u00e0 quatre fils,protecteur de s\u00e9quence de phase\uff0cProtecteur de perte de phase\uff0cProtecteur z\u00e9ro manquant\uff0cProtecteur de limitation de courant Manque de phase, s\u00e9quence de phase z\u00e9ro, surcharge, court-circuit, d\u00e9s\u00e9quilibre triphas\u00e9, sous-courant, protecteur de surtension et de sous-tension triphas\u00e9 \u00e0 quatre fils limitant le courant.<\/p>\n<div id=\"product_tag\" class=\"tagsdiv\">\n<p><a href=\"https:\/\/bright-china.com\/digital-display-current-and-voltage-protector\/\">Afficheur num\u00e9rique protecteur de courant et de tension r\u00e9glable<\/a><\/p>\n<\/div>","protected":false},"excerpt":{"rendered":"<p>Le protecteur de courant et de tension triphas\u00e9 \u00e0 quatre fils est principalement utilis\u00e9 dans les syst\u00e8mes d'alimentation en courant alternatif 50Hz (60Hz), tension de travail nominale 220\/380V, courant nominal du corps principal compris entre 2A et 63A, courant de travail r\u00e9glable par le contr\u00f4leur intelligent compris entre 2A et 63A, et puissance de contr\u00f4le comprise entre 5KW et 20KW. La puissance de commande varie de 5KW \u00e0 20KW pour connecter, transporter et d\u00e9connecter le courant ou la tension dans des conditions normales (y compris les conditions de surcharge sp\u00e9cifi\u00e9es), et peut \u00e9galement \u00eatre connect\u00e9e pour transporter le courant ou la tension dans des conditions anormales (telles qu'un court-circuit, une sous-tension, etc.) pendant une certaine p\u00e9riode de temps et en violation des r\u00e9glementations.<\/p>","protected":false},"featured_media":8726,"template":"","meta":{"_acf_changed":false,"site-sidebar-layout":"default","site-content-layout":"","ast-site-content-layout":"default","site-content-style":"default","site-sidebar-style":"default","ast-global-header-display":"","ast-banner-title-visibility":"","ast-main-header-display":"","ast-hfb-above-header-display":"","ast-hfb-below-header-display":"","ast-hfb-mobile-header-display":"","site-post-title":"","ast-breadcrumbs-content":"","ast-featured-img":"","footer-sml-layout":"","theme-transparent-header-meta":"default","adv-header-id-meta":"","stick-header-meta":"default","header-above-stick-meta":"","header-main-stick-meta":"","header-below-stick-meta":"","astra-migrate-meta-layouts":"set","ast-page-background-enabled":"default","ast-page-background-meta":{"desktop":{"background-color":"","background-image":"","background-repeat":"repeat","background-position":"center center","background-size":"auto","background-attachment":"scroll","background-type":"","background-media":"","overlay-type":"","overlay-color":"","overlay-opacity":"","overlay-gradient":""},"tablet":{"background-color":"","background-image":"","background-repeat":"repeat","background-position":"center center","background-size":"auto","background-attachment":"scroll","background-type":"","background-media":"","overlay-type":"","overlay-color":"","overlay-opacity":"","overlay-gradient":""},"mobile":{"background-color":"","background-image":"","background-repeat":"repeat","background-position":"center center","background-size":"auto","background-attachment":"scroll","background-type":"","background-media":"","overlay-type":"","overlay-color":"","overlay-opacity":"","overlay-gradient":""}},"ast-content-background-meta":{"desktop":{"background-color":"var(--ast-global-color-5)","background-image":"","background-repeat":"repeat","background-position":"center center","background-size":"auto","background-attachment":"scroll","background-type":"","background-media":"","overlay-type":"","overlay-color":"","overlay-opacity":"","overlay-gradient":""},"tablet":{"background-color":"var(--ast-global-color-5)","background-image":"","background-repeat":"repeat","background-position":"center center","background-size":"auto","background-attachment":"scroll","background-type":"","background-media":"","overlay-type":"","overlay-color":"","overlay-opacity":"","overlay-gradient":""},"mobile":{"background-color":"var(--ast-global-color-5)","background-image":"","background-repeat":"repeat","background-position":"center center","background-size":"auto","background-attachment":"scroll","background-type":"","background-media":"","overlay-type":"","overlay-color":"","overlay-opacity":"","overlay-gradient":""}},"_seo_title":"Three phase Four wire current and voltage protector","_seo_keywords":"Adjustable over and under voltage protector, Digital Voltage Protector, 3 phase voltage protector","_seo_description":"The Three phase Four wire current and voltage protector\u00a0is mainly used in power systems with AC 50Hz (60Hz), rated working voltage 220\/380V,"},"product_brand":[],"product_cat":[15,65,63,69,64,57],"product_tag":[94,91,137,95,93],"class_list":{"0":"post-4431","1":"product","2":"type-product","3":"status-publish","4":"has-post-thumbnail","6":"product_cat-product","7":"product_cat-current-and-voltage-protector","8":"product_cat-motor-protector","9":"product_cat-voltmeter-ammeter","10":"product_cat-smart-meter","11":"product_cat-smart-protector","12":"product_tag-3phase-4-wire-current-and-voltage-protector","13":"product_tag-adjustable-over-under-voltage-protector","14":"product_tag-digital-display-adjustable-current-and-voltage-protector","15":"product_tag-three-phase-four-wire-current-and-voltage-protector","16":"product_tag-voltage-protector","17":"desktop-align-center","18":"tablet-align-left","19":"mobile-align-left","20":"ast-product-gallery-layout-horizontal-slider","22":"first","23":"instock","24":"featured","25":"shipping-taxable","26":"product-type-simple"},"acf":[],"seo_title":"Three phase Four wire current and voltage protector","seo_keywords":"Adjustable over and under voltage protector, Digital Voltage Protector, 3 phase voltage protector","seo_description":"The Three phase Four wire current and voltage protector\u00a0is mainly used in power systems with AC 50Hz (60Hz), rated working voltage 220\/380V,","seo_score":"85","product_seo_keywords":"","_links":{"self":[{"href":"https:\/\/bright-china.com\/fr\/wp-json\/wp\/v2\/product\/4431","targetHints":{"allow":["GET"]}}],"collection":[{"href":"https:\/\/bright-china.com\/fr\/wp-json\/wp\/v2\/product"}],"about":[{"href":"https:\/\/bright-china.com\/fr\/wp-json\/wp\/v2\/types\/product"}],"wp:featuredmedia":[{"embeddable":true,"href":"https:\/\/bright-china.com\/fr\/wp-json\/wp\/v2\/media\/8726"}],"wp:attachment":[{"href":"https:\/\/bright-china.com\/fr\/wp-json\/wp\/v2\/media?parent=4431"}],"wp:term":[{"taxonomy":"product_brand","embeddable":true,"href":"https:\/\/bright-china.com\/fr\/wp-json\/wp\/v2\/product_brand?post=4431"},{"taxonomy":"product_cat","embeddable":true,"href":"https:\/\/bright-china.com\/fr\/wp-json\/wp\/v2\/product_cat?post=4431"},{"taxonomy":"product_tag","embeddable":true,"href":"https:\/\/bright-china.com\/fr\/wp-json\/wp\/v2\/product_tag?post=4431"}],"curies":[{"name":"wp","href":"https:\/\/api.w.org\/{rel}","templated":true}]}}