{"id":4432,"date":"2025-04-27T02:23:54","date_gmt":"2025-04-27T02:23:54","guid":{"rendered":"https:\/\/bright-china.com\/?post_type=product&#038;p=4432"},"modified":"2026-03-10T23:31:35","modified_gmt":"2026-03-11T06:31:35","slug":"protecteur-fhxl-63","status":"publish","type":"product","link":"https:\/\/bright-china.com\/fr\/produit\/protecteur-fhxl-63\/","title":{"rendered":"Protecteur d'alarme incendie \u00e0 limitation de courant FHXL-63"},"content":{"rendered":"<h2><strong>\u00a0Introduction<\/strong><\/h2>\n<hr \/>\n<p><img fetchpriority=\"high\" decoding=\"async\" class=\"alignleft wp-image-8662 size-medium\" src=\"https:\/\/bright-china.com\/wp-content\/uploads\/2025\/04\/Current-Limiting-Fire-Alarm-Protector-FHXL-63-1-300x300.webp\" alt=\"protecteur d&#039;alarme incendie a limitation de courant\" width=\"300\" height=\"300\" srcset=\"https:\/\/bright-china.com\/wp-content\/uploads\/2025\/04\/Current-Limiting-Fire-Alarm-Protector-FHXL-63-1-300x300.webp 300w, https:\/\/bright-china.com\/wp-content\/uploads\/2025\/04\/Current-Limiting-Fire-Alarm-Protector-FHXL-63-1-150x150.webp 150w, https:\/\/bright-china.com\/wp-content\/uploads\/2025\/04\/Current-Limiting-Fire-Alarm-Protector-FHXL-63-1-768x768.webp 768w, https:\/\/bright-china.com\/wp-content\/uploads\/2025\/04\/Current-Limiting-Fire-Alarm-Protector-FHXL-63-1-12x12.webp 12w, https:\/\/bright-china.com\/wp-content\/uploads\/2025\/04\/Current-Limiting-Fire-Alarm-Protector-FHXL-63-1-600x600.webp 600w, https:\/\/bright-china.com\/wp-content\/uploads\/2025\/04\/Current-Limiting-Fire-Alarm-Protector-FHXL-63-1-100x100.webp 100w, https:\/\/bright-china.com\/wp-content\/uploads\/2025\/04\/Current-Limiting-Fire-Alarm-Protector-FHXL-63-1.webp 800w\" sizes=\"(max-width: 300px) 100vw, 300px\" \/><\/p>\n<p>La s\u00e9rie FHXL-63 est la <a href=\"https:\/\/bright-china.com\/product-category\/product\/protector\/fireproof-current-limiting-protector\/\">protecteur d'alarme incendie a limitation de courant<\/a>\uff08<span data-slate-fragment=\"JTVCJTdCJTIydHlwZSUyMiUzQSUyMnBhcmFncmFwaCUyMiUyQyUyMmNoaWxkcmVuJTIyJTNBJTVCJTdCJTIyaWQlMjIlM0ElMjJWa0RLV2puUFd6JTIyJTJDJTIycGFyYUlkeCUyMiUzQTAlMkMlMjJzcmMlMjIlM0ElMjJjdXJyZW50JTIwbGltaXRpbmclMjBwcm90ZWN0b3IlMjIlMkMlMjJkc3QlMjIlM0ElMjIlRTklOTklOTAlRTYlQjUlODElRTQlQkYlOUQlRTYlOEElQTQlRTUlOTklQTglMjIlMkMlMjJtZXRhZGF0YSUyMiUzQSUyMiUyMiUyQyUyMm1hdGNoZXMlMjIlM0FudWxsJTJDJTIybWV0YURhdGElMjIlM0ElNUIlNUQlMkMlMjJ0ZXh0JTIyJTNBJTIyY3VycmVudCUyMGxpbWl0aW5nJTIwcHJvdGVjdG9yJTIyJTdEJTVEJTdEJTVE\">protecteur limiteur de courant\uff09<\/span>Il s'agit d'un protecteur complet dot\u00e9 de multiples fonctions de protection contre les surtensions, les sous-tensions, les surintensit\u00e9s, les fuites, la temp\u00e9rature et la d\u00e9tection de fum\u00e9e. Le produit pr\u00e9sente les avantages de la modularisation, de l'intelligence, de la visualisation, etc. En m\u00eame temps, il prend en charge la communication standard Modbus485.<\/p>\n<p>protocole. Tous les param\u00e8tres de protection, tels que la protection contre les surtensions, les sous-tensions et les surintensit\u00e9s, peuvent \u00eatre r\u00e9gl\u00e9s en fonction de la demande de puissance, de mani\u00e8re \u00e0 garantir que le protecteur puisse couper instantan\u00e9ment l'alimentation en cas de surtension.<a href=\"https:\/\/elejg.com\/\"> surtension<\/a>Il est possible de prot\u00e9ger l'\u00e9quipement \u00e9lectrique contre les dommages en cas de sous-tension, de surintensit\u00e9 ou d'autres d\u00e9fauts survenant sur la ligne.<\/p>\n<p>Le produit a une structure compacte, une belle apparence et un rail de guidage standard pour l'installation.<\/p>\n<h2><strong>Conditions de travail et param\u00e8tres de protection du courant<\/strong><\/h2>\n<hr \/>\n<table style=\"border-collapse: collapse; width: 100%; border-color: #ababab;\" border=\"0\" width=\"100%\" cellspacing=\"0\" cellpadding=\"0\">\n<tbody>\n<tr style=\"height: 13.50pt;\">\n<td class=\"et2\" style=\"height: 13px; width: 54.3984%; background-color: #0e2469;\" width=\"212\" height=\"18\"><span style=\"color: #ffffff;\">Type<\/span><\/td>\n<td class=\"et3\" style=\"width: 45.6016%; background-color: #0e2469; height: 13px;\" width=\"119\"><span style=\"color: #ffffff;\">FHXL-63<\/span><\/td>\n<\/tr>\n<tr style=\"height: 13.50pt;\">\n<td class=\"et4\" style=\"height: 13px; width: 54.3984%;\" height=\"18\"><span style=\"font-family: arial, helvetica, sans-serif;\">Plage de r\u00e9glage actuelle<\/span><\/td>\n<td class=\"et4\" style=\"height: 13px; width: 45.6016%;\"><span style=\"font-family: arial, helvetica, sans-serif;\"><span class=\"font2\">40A(2<\/span><span class=\"font3\">~<\/span><span class=\"font2\">63A)<\/span><\/span><\/td>\n<\/tr>\n<tr style=\"height: 13.50pt;\">\n<td class=\"et4\" style=\"height: 13px; background-color: #c4c4c4; width: 54.3984%;\" height=\"18\"><span style=\"font-family: arial, helvetica, sans-serif;\">Plage de r\u00e9glage de la surtension<\/span><\/td>\n<td class=\"et4\" style=\"height: 13px; background-color: #c4c4c4; width: 45.6016%;\"><span style=\"font-family: arial, helvetica, sans-serif;\"><span class=\"font2\">AC270V(210<\/span><span class=\"font3\">~<\/span><span class=\"font2\">300V)<\/span><\/span><\/td>\n<\/tr>\n<tr style=\"height: 13.50pt;\">\n<td class=\"et4\" style=\"height: 13px; width: 54.3984%;\" height=\"18\"><span style=\"font-family: arial, helvetica, sans-serif;\">Plage de r\u00e9glage de la sous-tension<\/span><\/td>\n<td class=\"et4\" style=\"height: 13px; width: 45.6016%;\"><span style=\"font-family: arial, helvetica, sans-serif;\"><span class=\"font2\">AC170V(80<\/span><span class=\"font3\">~<\/span><span class=\"font2\">200V)<\/span><\/span><\/td>\n<\/tr>\n<tr style=\"height: 13.50pt;\">\n<td class=\"et4\" style=\"height: 13px; background-color: #c4c4c4; width: 54.3984%;\" height=\"18\"><span style=\"font-family: arial, helvetica, sans-serif;\">Plage de r\u00e9glage du courant de fuite<\/span><\/td>\n<td class=\"et4\" style=\"height: 13px; background-color: #c4c4c4; width: 45.6016%;\"><span style=\"font-family: arial, helvetica, sans-serif;\"><span class=\"font2\">20mA(5<\/span><span class=\"font3\">~<\/span><span class=\"font2\">300mA)<\/span><\/span><\/td>\n<\/tr>\n<tr style=\"height: 13.50pt;\">\n<td class=\"et4\" style=\"height: 13px; width: 54.3984%;\" height=\"18\"><span style=\"font-family: arial, helvetica, sans-serif;\">Plage de r\u00e9glage de la temp\u00e9rature<\/span><\/td>\n<td class=\"et4\" style=\"height: 13px; width: 45.6016%;\"><span style=\"font-family: arial, helvetica, sans-serif;\">70\u2103\uff081-150\u2103\uff09<\/span><\/td>\n<\/tr>\n<tr>\n<td style=\"width: 54.3984%;\"><span style=\"font-family: arial, helvetica, sans-serif;\">Fr\u00e9quence d'alimentation<\/span><\/td>\n<td style=\"width: 45.6016%;\"><span style=\"font-family: arial, helvetica, sans-serif;\">40~65Hz<\/span><\/td>\n<\/tr>\n<\/tbody>\n<\/table>\n<p>&nbsp;<\/p>\n<p>1. Lors de la premi\u00e8re mise sous tension normale, l'appareil se ferme automatiquement apr\u00e8s un d\u00e9lai d'une seconde ; et lors de la premi\u00e8re mise sous tension, en cas de surtension, de sous-tension, de surintensit\u00e9 et de fuite, l'appareil s'ouvre automatiquement dans les 3 secondes ;<\/p>\n<p>2. Lors de la premi\u00e8re mise sous tension, le capteur de fum\u00e9e doit \u00eatre chauff\u00e9 pendant 60 secondes, puis le produit entre en \u00e9tat de protection. Une fois que l'alarme de fum\u00e9e s'est d\u00e9clench\u00e9e et que le d\u00e9faut a \u00e9t\u00e9 \u00e9limin\u00e9, il est n\u00e9cessaire d'appuyer manuellement sur la touche de r\u00e9initialisation pendant 2 secondes, puis l'alarme de fum\u00e9e peut \u00eatre d\u00e9sactiv\u00e9e.<\/p>\n<p>3. Param\u00e8tres de protection du courant :<\/p>\n<p>a. \u2265 1,05 fois le courant, &lt; 3 minutes d&#039;ouverture.<\/p>\n<p>b. \u2265 1,2 fois le courant, plage de r\u00e9glage de 1 \u00e0 120 secondes, 10 secondes par d\u00e9faut<\/p>\n<p>c. \u2265 2 fois le courant, \u22640,2 seconde d'ouverture.<\/p>\n<p>4. La temp\u00e9rature ambiante ne doit pas d\u00e9passer + 40\u00b0C, elle ne doit pas \u00eatre inf\u00e9rieure \u00e0 5\u00b0C ; la temp\u00e9rature moyenne sur 24 heures ne doit pas d\u00e9passer + 35\u00b0C ; \u00e0 + 40\u00b0C, l'humidit\u00e9 de l'air ambiant ne doit pas d\u00e9passer 50%.<\/p>\n<p>5. L'altitude du site d'installation ne doit pas d\u00e9passer 2000 m\u00e8tres.<\/p>\n<p>6. Niveau de pollution : III.<\/p>\n<p>7. Dans l'environnement d'installation, il ne doit pas y avoir de milieu explosif dangereux, de gaz corrosif et destructeur et de poussi\u00e8re conductrice, ni d'invasion de pluie ou de neige.<\/p>\n<h2><strong> le protecteur d'alarme incendie \u00e0 limitation de courant est Fonctions des cl\u00e9s<\/strong><\/h2>\n<hr \/>\n<p>1. Touche de r\u00e9glage : Appuyez sur la touche de r\u00e9glage et maintenez-la enfonc\u00e9e pendant 2 secondes pour passer \u00e0 l'\u00e9tat de r\u00e9glage. Une fois le r\u00e9glage effectu\u00e9, chaque fois que vous appuyez sur la touche, le syst\u00e8me passe au menu de r\u00e9glage suivant ;<\/p>\n<p>2. Touche Shift : permet d'interroger les param\u00e8tres de fonctionnement en temps r\u00e9el du produit. En mode r\u00e9glage, elle a la fonction de d\u00e9calage des chiffres ;<\/p>\n<p>3. Touche de donn\u00e9es : permet d'interroger les derni\u00e8res informations de d\u00e9faut du produit et de modifier les param\u00e8tres \u00e0 r\u00e9gler en fonction de l'\u00e9tat de r\u00e9glage ;<\/p>\n<p>4. Touche de r\u00e9initialisation : Lorsque la premi\u00e8re surintensit\u00e9 ou fuite se produit, le produit s'allume automatiquement apr\u00e8s le d\u00e9lai de r\u00e9initialisation sp\u00e9cifi\u00e9. Lorsque la deuxi\u00e8me surintensit\u00e9, fuite ou alarme incendie se produit, il faut s'assurer qu'il n'y a pas de d\u00e9faut dans le circuit, puis appuyer manuellement sur la touche de r\u00e9initialisation pour mettre le produit en marche, et appuyer sur la touche de r\u00e9initialisation pendant 2 secondes pour sauvegarder et quitter l'\u00e9tat de r\u00e9glage.<\/p>\n<h2><strong>Informations sur le paquet standard<\/strong><\/h2>\n<hr \/>\n<h3><img decoding=\"async\" class=\"alignnone wp-image-6114 size-medium lazyload\" data-src=\"https:\/\/bright-china.com\/wp-content\/uploads\/2025\/04\/45.5-23.5-31.5-box-300x300.jpg\" alt=\"Bo\u00eete d&#039;emballage pour le protecteur\" width=\"300\" height=\"300\" data-srcset=\"https:\/\/bright-china.com\/wp-content\/uploads\/2025\/04\/45.5-23.5-31.5-box-300x300.jpg 300w, https:\/\/bright-china.com\/wp-content\/uploads\/2025\/04\/45.5-23.5-31.5-box-150x150.jpg 150w, https:\/\/bright-china.com\/wp-content\/uploads\/2025\/04\/45.5-23.5-31.5-box-12x12.jpg 12w, https:\/\/bright-china.com\/wp-content\/uploads\/2025\/04\/45.5-23.5-31.5-box-600x600.jpg 600w, https:\/\/bright-china.com\/wp-content\/uploads\/2025\/04\/45.5-23.5-31.5-box-100x100.jpg 100w, https:\/\/bright-china.com\/wp-content\/uploads\/2025\/04\/45.5-23.5-31.5-box.jpg 750w\" data-sizes=\"(max-width: 300px) 100vw, 300px\" src=\"data:image\/svg+xml;base64,PHN2ZyB3aWR0aD0iMSIgaGVpZ2h0PSIxIiB4bWxucz0iaHR0cDovL3d3dy53My5vcmcvMjAwMC9zdmciPjwvc3ZnPg==\" style=\"--smush-placeholder-width: 300px; --smush-placeholder-aspect-ratio: 300\/300;\" \/><\/h3>\n<div style=\"overflow-x: auto;\">\n<table style=\"width: 100%;\">\n<tbody>\n<tr>\n<th style=\"background-color: #131c5e;\"><span style=\"color: #ffffff;\">Dimension du carton (cm)<\/span><\/th>\n<th style=\"background-color: #131c5e;\"><span style=\"color: #ffffff;\">Liste de colisage<\/span><\/th>\n<th style=\"background-color: #131c5e;\"><span style=\"color: #ffffff;\">QT\u00c9<\/span><\/th>\n<th style=\"background-color: #131c5e;\"><span style=\"color: #ffffff;\">Poids brut (kg)<\/span><\/th>\n<\/tr>\n<tr>\n<td>45,5cm \u00d7 23,5cm \u00d7 31,5cm<\/td>\n<td>\u00a0protecteur<\/td>\n<td>60pcs<\/td>\n<td>20 kg<\/td>\n<\/tr>\n<\/tbody>\n<\/table>\n<\/div>\n<h3><\/h3>\n<h2><a href=\"https:\/\/bright-china.com\/product\/\">Protecteur d'alarme incendie \u00e0 limitation de courant<\/a> Dimensions<\/h2>\n<hr \/>\n<p>&nbsp;<\/p>\n<p><img decoding=\"async\" class=\"alignnone wp-image-8696 size-full lazyload\" data-src=\"https:\/\/bright-china.com\/wp-content\/uploads\/2025\/04\/Current-Limiting-Fire-Alarm-Protector-is-Overall-dimensionsFHXL-63.webp\" alt=\"Le protecteur d&#039;alarme incendie \u00e0 limitation de courant est Dimensions g\u00e9n\u00e9ralesFHXL-63\" width=\"750\" height=\"422\" data-srcset=\"https:\/\/bright-china.com\/wp-content\/uploads\/2025\/04\/Current-Limiting-Fire-Alarm-Protector-is-Overall-dimensionsFHXL-63.webp 750w, https:\/\/bright-china.com\/wp-content\/uploads\/2025\/04\/Current-Limiting-Fire-Alarm-Protector-is-Overall-dimensionsFHXL-63-300x169.webp 300w, https:\/\/bright-china.com\/wp-content\/uploads\/2025\/04\/Current-Limiting-Fire-Alarm-Protector-is-Overall-dimensionsFHXL-63-18x10.webp 18w, https:\/\/bright-china.com\/wp-content\/uploads\/2025\/04\/Current-Limiting-Fire-Alarm-Protector-is-Overall-dimensionsFHXL-63-600x338.webp 600w\" data-sizes=\"(max-width: 750px) 100vw, 750px\" src=\"data:image\/svg+xml;base64,PHN2ZyB3aWR0aD0iMSIgaGVpZ2h0PSIxIiB4bWxucz0iaHR0cDovL3d3dy53My5vcmcvMjAwMC9zdmciPjwvc3ZnPg==\" style=\"--smush-placeholder-width: 750px; --smush-placeholder-aspect-ratio: 750\/422;\" \/><\/p>\n<p><a href=\"https:\/\/bright-china.com\/digital-display-current-and-voltage-protector\/\">Afficheur num\u00e9rique protecteur de courant et de tension r\u00e9glable<\/a><\/p>","protected":false},"excerpt":{"rendered":"<p>La s\u00e9rie FHXL-63 est la<a href=\"https:\/\/bright-china.com\/product\/current-limiting-fire-alarm-protector\/\"><strong> protecteur d'alarme incendie a limitation de courant<\/strong><\/a>\uff08 current limiting protector\uff09, et c'est un protecteur complet avec des fonctions de protection multiples pour la surtension, la sous-tension, la surintensit\u00e9, la fuite, la temp\u00e9rature et la d\u00e9tection de fum\u00e9e. Le produit pr\u00e9sente les avantages de la modularisation, de l'intelligence, de la visualisation, etc. En m\u00eame temps, il prend en charge le protocole de communication standard Modbus485.<\/p>","protected":false},"featured_media":8662,"template":"","meta":{"_acf_changed":false,"site-sidebar-layout":"default","site-content-layout":"","ast-site-content-layout":"default","site-content-style":"default","site-sidebar-style":"default","ast-global-header-display":"","ast-banner-title-visibility":"","ast-main-header-display":"","ast-hfb-above-header-display":"","ast-hfb-below-header-display":"","ast-hfb-mobile-header-display":"","site-post-title":"","ast-breadcrumbs-content":"","ast-featured-img":"","footer-sml-layout":"","theme-transparent-header-meta":"default","adv-header-id-meta":"","stick-header-meta":"default","header-above-stick-meta":"","header-main-stick-meta":"","header-below-stick-meta":"","astra-migrate-meta-layouts":"set","ast-page-background-enabled":"default","ast-page-background-meta":{"desktop":{"background-color":"","background-image":"","background-repeat":"repeat","background-position":"center center","background-size":"auto","background-attachment":"scroll","background-type":"","background-media":"","overlay-type":"","overlay-color":"","overlay-opacity":"","overlay-gradient":""},"tablet":{"background-color":"","background-image":"","background-repeat":"repeat","background-position":"center center","background-size":"auto","background-attachment":"scroll","background-type":"","background-media":"","overlay-type":"","overlay-color":"","overlay-opacity":"","overlay-gradient":""},"mobile":{"background-color":"","background-image":"","background-repeat":"repeat","background-position":"center center","background-size":"auto","background-attachment":"scroll","background-type":"","background-media":"","overlay-type":"","overlay-color":"","overlay-opacity":"","overlay-gradient":""}},"ast-content-background-meta":{"desktop":{"background-color":"var(--ast-global-color-5)","background-image":"","background-repeat":"repeat","background-position":"center center","background-size":"auto","background-attachment":"scroll","background-type":"","background-media":"","overlay-type":"","overlay-color":"","overlay-opacity":"","overlay-gradient":""},"tablet":{"background-color":"var(--ast-global-color-5)","background-image":"","background-repeat":"repeat","background-position":"center center","background-size":"auto","background-attachment":"scroll","background-type":"","background-media":"","overlay-type":"","overlay-color":"","overlay-opacity":"","overlay-gradient":""},"mobile":{"background-color":"var(--ast-global-color-5)","background-image":"","background-repeat":"repeat","background-position":"center center","background-size":"auto","background-attachment":"scroll","background-type":"","background-media":"","overlay-type":"","overlay-color":"","overlay-opacity":"","overlay-gradient":""}},"_seo_title":"Current Limiting Fire Alarm Protector FHXL-63","_seo_keywords":"Current Limiting Fire Alarm Protector, Current Limiting Protector, voltage protector for home","_seo_description":"FHXL-63 series is the current limiting fire alarm protector\uff08\u00a0 current limiting protector\uff09, and it is a comprehensive protector with multiple protection functions for overvoltage,"},"product_brand":[],"product_cat":[15,65,69,64,57],"product_tag":[98,127],"class_list":{"0":"post-4432","1":"product","2":"type-product","3":"status-publish","4":"has-post-thumbnail","6":"product_cat-product","7":"product_cat-current-and-voltage-protector","8":"product_cat-voltmeter-ammeter","9":"product_cat-smart-meter","10":"product_cat-smart-protector","11":"product_tag-current-limiting-fire-alarm-protector","12":"product_tag-fire-alarm-protector","13":"desktop-align-center","14":"tablet-align-left","15":"mobile-align-left","16":"ast-product-gallery-layout-horizontal-slider","18":"first","19":"instock","20":"featured","21":"shipping-taxable","22":"product-type-simple"},"acf":[],"seo_title":"Current Limiting Fire Alarm Protector FHXL-63","seo_keywords":"Current Limiting Fire Alarm Protector, Current Limiting Protector, voltage protector for home","seo_description":"FHXL-63 series is the current limiting fire alarm protector\uff08\u00a0 current limiting protector\uff09, and it is a comprehensive protector with multiple protection functions for overvoltage,","seo_score":"85","product_seo_keywords":"","_links":{"self":[{"href":"https:\/\/bright-china.com\/fr\/wp-json\/wp\/v2\/product\/4432","targetHints":{"allow":["GET"]}}],"collection":[{"href":"https:\/\/bright-china.com\/fr\/wp-json\/wp\/v2\/product"}],"about":[{"href":"https:\/\/bright-china.com\/fr\/wp-json\/wp\/v2\/types\/product"}],"wp:featuredmedia":[{"embeddable":true,"href":"https:\/\/bright-china.com\/fr\/wp-json\/wp\/v2\/media\/8662"}],"wp:attachment":[{"href":"https:\/\/bright-china.com\/fr\/wp-json\/wp\/v2\/media?parent=4432"}],"wp:term":[{"taxonomy":"product_brand","embeddable":true,"href":"https:\/\/bright-china.com\/fr\/wp-json\/wp\/v2\/product_brand?post=4432"},{"taxonomy":"product_cat","embeddable":true,"href":"https:\/\/bright-china.com\/fr\/wp-json\/wp\/v2\/product_cat?post=4432"},{"taxonomy":"product_tag","embeddable":true,"href":"https:\/\/bright-china.com\/fr\/wp-json\/wp\/v2\/product_tag?post=4432"}],"curies":[{"name":"wp","href":"https:\/\/api.w.org\/{rel}","templated":true}]}}