{"id":4433,"date":"2025-04-27T02:23:54","date_gmt":"2025-04-27T02:23:54","guid":{"rendered":"https:\/\/bright-china.com\/?post_type=product&#038;p=4433"},"modified":"2026-02-28T23:11:05","modified_gmt":"2026-03-01T06:11:05","slug":"protecteur-jgfh-125js","status":"publish","type":"product","link":"https:\/\/bright-china.com\/fr\/produit\/protecteur-jgfh-125js\/","title":{"rendered":"Protecteur limiteur de courant triphas\u00e9 4 fils JGFH-125JS\u00a0"},"content":{"rendered":"<h2>Pr\u00e9sentation du produit<\/h2>\n<hr \/>\n<p><img fetchpriority=\"high\" decoding=\"async\" class=\"alignleft wp-image-8792 size-medium\" src=\"https:\/\/bright-china.com\/wp-content\/uploads\/2025\/04\/JGFH-250JS-1-300x300.webp\" alt=\"Protecteur limiteur de courant triphas\u00e9 4 fils JGFH-125JS\" width=\"300\" height=\"300\" srcset=\"https:\/\/bright-china.com\/wp-content\/uploads\/2025\/04\/JGFH-250JS-1-300x300.webp 300w, https:\/\/bright-china.com\/wp-content\/uploads\/2025\/04\/JGFH-250JS-1-150x150.webp 150w, https:\/\/bright-china.com\/wp-content\/uploads\/2025\/04\/JGFH-250JS-1-768x768.webp 768w, https:\/\/bright-china.com\/wp-content\/uploads\/2025\/04\/JGFH-250JS-1-12x12.webp 12w, https:\/\/bright-china.com\/wp-content\/uploads\/2025\/04\/JGFH-250JS-1-600x600.webp 600w, https:\/\/bright-china.com\/wp-content\/uploads\/2025\/04\/JGFH-250JS-1-100x100.webp 100w, https:\/\/bright-china.com\/wp-content\/uploads\/2025\/04\/JGFH-250JS-1.webp 800w\" sizes=\"(max-width: 300px) 100vw, 300px\" \/><\/p>\n<p><a href=\"https:\/\/bright-china.com\/protectors\/\">Protecteur limiteur de courant triphas\u00e9 4 fils JGFH-125JS<\/a>\u00a0 est un protecteur complet dot\u00e9 de diverses fonctions de protection telles que surtension, sous-tension, surintensit\u00e9, fuite, perte de phase et absence de z\u00e9ro. Le produit est modulaire, intelligent, visualis\u00e9, etc. et prend en charge le protocole de communication standard Modbus485, et tous les param\u00e8tres de protection tels que <a href=\"https:\/\/jiangguang.net\/\">surtension<\/a>, La protection contre les surtensions, les sous-tensions et les surintensit\u00e9s peut \u00eatre r\u00e9gl\u00e9e en fonction de la demande de puissance, de mani\u00e8re \u00e0 garantir que les surtensions, les sous-tensions, les surintensit\u00e9s, les courants de fuite, les courts-circuits, les pertes de phase, etc. ne se produisent pas sur la ligne. En cas de d\u00e9faillance, telle que l'absence de z\u00e9ro, le protecteur peut couper instantan\u00e9ment l'alimentation \u00e9lectrique afin de prot\u00e9ger l'\u00e9quipement \u00e9lectrique contre les dommages.<\/p>\n<h2>Conditions de travail<\/h2>\n<hr \/>\n<p>1. Le premier d\u00e9lai normal de mise sous tension est de 20 secondes et se ferme automatiquement ; en cas de surtension, de sous-tension, de surintensit\u00e9 et de fuite lors de la premi\u00e8re mise sous tension, le produit sera automatiquement d\u00e9connect\u00e9 dans les 3 secondes ;<\/p>\n<p>2. La temp\u00e9rature ambiante ne d\u00e9passe pas +40 \u00b0C, n'est pas inf\u00e9rieure \u00e0 -5 \u00b0C et la temp\u00e9rature moyenne sur 24 heures ne d\u00e9passe pas +35 \u00b0C ; \u00e0 +40 \u00b0C, l'humidit\u00e9 de l'air ambiant ne d\u00e9passe pas 50%.<\/p>\n<p>3. La hauteur du cadran de la mer sur le site de l'installation ne doit pas d\u00e9passer 2000 m\u00e8tres.<\/p>\n<p>4. Niveau de pollution III.<\/p>\n<p>5. Dans l'environnement d'installation, il n'y a pas de risque d'explosion, pas de gaz corrosif et isolant ni de poussi\u00e8re conductrice, et pas d'invasion de pluie ou de neige.<\/p>\n<h1><span data-slate-fragment=\"JTVCJTdCJTIydHlwZSUyMiUzQSUyMnBhcmFncmFwaCUyMiUyQyUyMmNoaWxkcmVuJTIyJTNBJTVCJTdCJTIyaWQlMjIlM0ElMjJCNEE1NjMyMWplJTIyJTJDJTIycGFyYUlkeCUyMiUzQTAlMkMlMjJzcmMlMjIlM0ElMjIzcGhhc2UlMjA0d2lyZSUyMGN1cnJlbnQlMjBsaW1pdGluZyUyMHByb3RlY3RvciUyMEpHRkgtMTI1SlMlQzIlQTBvZiUyMGFyYW1ldGVycyUyMiUyQyUyMmRzdCUyMiUzQSUyMiVFNCVCOCU4OSVFNyU5QiVCOCVFNSU5QiU5QiVFNyVCQSVCRiVFOSU5OSU5MCVFNiVCNSU4MSVFNCVCRiU5RCVFNiU4QSVBNCVFNSU5OSVBOEpHRkgtMTI1SlMlRTUlOEYlODIlRTYlOTUlQjAlMjIlMkMlMjJtZXRhZGF0YSUyMiUzQSUyMiUyMiUyQyUyMm1hdGNoZXMlMjIlM0FudWxsJTJDJTIybWV0YURhdGElMjIlM0ElNUIlNUQlMkMlMjJ0ZXh0JTIyJTNBJTIyM3BoYXNlJTIwNHdpcmUlMjBjdXJyZW50JTIwbGltaXRpbmclMjBwcm90ZWN0b3IlMjBKR0ZILTEyNUpTJUMyJUEwb2YlMjBhcmFtZXRlcnMlMjIlN0QlNUQlN0QlNUQ=\">Protecteur limiteur de courant triphas\u00e9 4 fils JGFH-125JS de aram\u00e8tres<\/span><\/h1>\n<hr \/>\n<table width=\"332\">\n<tbody>\n<tr>\n<td style=\"background-color: #060a30; border-color: #969696;\" width=\"212\"><span style=\"color: #ffffff;\">Type<\/span><\/td>\n<td style=\"background-color: #060a30; border-color: #969696;\" width=\"119\"><span style=\"color: #ffffff;\">JGFH-125JS<\/span><\/td>\n<\/tr>\n<tr>\n<td>Plage de r\u00e9glage actuelle<\/td>\n<td>25~125A<\/td>\n<\/tr>\n<tr>\n<td style=\"background-color: #dedede;\">Surtension<\/td>\n<td style=\"background-color: #dedede;\">AC265V<\/td>\n<\/tr>\n<tr>\n<td>Sous tension<\/td>\n<td>AC180V<\/td>\n<\/tr>\n<tr>\n<td style=\"background-color: #dedede;\">Plage de r\u00e9glage du courant de fuite<\/td>\n<td style=\"background-color: #dedede;\">75mA(5~300mA)<\/td>\n<\/tr>\n<tr>\n<td>Conformit\u00e9 avec<\/td>\n<td>IEC60947-2<\/td>\n<\/tr>\n<\/tbody>\n<\/table>\n<p>a. 1 fois le temps d'action peut \u00eatre r\u00e9gl\u00e9 de 1 \u00e0 120 secondes, la valeur par d\u00e9faut \u00e9tant de 5 secondes ;<\/p>\n<p>b. 1,1 fois le temps d'action est inf\u00e9rieur \u00e0 0,1 seconde ;<\/p>\n<p>c. La valeur de protection contre les surtensions AC265V est r\u00e9gl\u00e9e dans la plage 210-300V,<\/p>\n<p>Le temps d'action est de 0,1 seconde, et la plage de r\u00e9glage : 0,1-10 secondes ;<\/p>\n<p>d. La valeur de protection contre les sous-tensions AC170V est r\u00e9gl\u00e9e sur 120-200V,<\/p>\n<p>Le temps d'action est de 0,1 seconde, et la plage de r\u00e9glage : 0,1-10 secondes ;<\/p>\n<p>e. La valeur par d\u00e9faut du d\u00e9s\u00e9quilibre triphas\u00e9 est P000, c'est-\u00e0-dire l'\u00e9tat ferm\u00e9 ;<\/p>\n<p>f. Plage de r\u00e9glage de la surintensit\u00e9<\/p>\n<p>Type JGFH-125JS\/125 : 25 \u00e0 125A<\/p>\n<p>Mod\u00e8le JGFH-250JS\/250 : 100 \u00e0 250A<\/p>\n<p>Mod\u00e8le JGFH-400JS\/400 : 160 \u00e0 400A<\/p>\n<p>g. Plage de r\u00e9glage de la valeur de protection contre le courant r\u00e9siduel : 1 \u00e0 1000mA, la valeur par d\u00e9faut est de 75mA, et le temps d'action est inf\u00e9rieur \u00e0 0,1 seconde.<\/p>\n<h2>sch\u00e9ma de c\u00e2blage auxiliaire et dimensions externes<\/h2>\n<hr \/>\n<p><img decoding=\"async\" class=\"alignnone wp-image-8791 size-full lazyload\" data-src=\"https:\/\/bright-china.com\/wp-content\/uploads\/2025\/04\/Dimensions-of-JGFH-125JS.webp\" alt=\"Dimensions du protecteur limiteur de courant triphas\u00e9 \u00e0 4 fils JGFH-125JS\" width=\"800\" height=\"1147\" data-srcset=\"https:\/\/bright-china.com\/wp-content\/uploads\/2025\/04\/Dimensions-of-JGFH-125JS.webp 800w, https:\/\/bright-china.com\/wp-content\/uploads\/2025\/04\/Dimensions-of-JGFH-125JS-209x300.webp 209w, https:\/\/bright-china.com\/wp-content\/uploads\/2025\/04\/Dimensions-of-JGFH-125JS-714x1024.webp 714w, https:\/\/bright-china.com\/wp-content\/uploads\/2025\/04\/Dimensions-of-JGFH-125JS-768x1101.webp 768w, https:\/\/bright-china.com\/wp-content\/uploads\/2025\/04\/Dimensions-of-JGFH-125JS-8x12.webp 8w, https:\/\/bright-china.com\/wp-content\/uploads\/2025\/04\/Dimensions-of-JGFH-125JS-600x860.webp 600w\" data-sizes=\"(max-width: 800px) 100vw, 800px\" src=\"data:image\/svg+xml;base64,PHN2ZyB3aWR0aD0iMSIgaGVpZ2h0PSIxIiB4bWxucz0iaHR0cDovL3d3dy53My5vcmcvMjAwMC9zdmciPjwvc3ZnPg==\" style=\"--smush-placeholder-width: 800px; --smush-placeholder-aspect-ratio: 800\/1147;\" \/><\/p>\n<p>&nbsp;<\/p>","protected":false},"excerpt":{"rendered":"<p>Le protecteur limiteur de courant triphas\u00e9 \u00e0 4 fils JGFH-125JS est un protecteur complet dot\u00e9 de diverses fonctions de protection telles que la surtension, la sous-tension, la surintensit\u00e9, la fuite, la perte de phase et l'absence de z\u00e9ro, ainsi que des avantages de la modularisation du produit, de l'intelligence, de la visualisation, etc., tout en prenant en charge le protocole de communication standard Modbus485, tous les param\u00e8tres de protection tels que la surtension, la sous-tension et la protection contre la surintensit\u00e9 peuvent \u00eatre r\u00e9gl\u00e9s en fonction de la demande de puissance afin de garantir que la surtension, la sous-tension et la surintensit\u00e9 se produisent dans la ligne.<\/p>","protected":false},"featured_media":8792,"template":"","meta":{"_acf_changed":false,"site-sidebar-layout":"default","site-content-layout":"","ast-site-content-layout":"default","site-content-style":"default","site-sidebar-style":"default","ast-global-header-display":"","ast-banner-title-visibility":"","ast-main-header-display":"","ast-hfb-above-header-display":"","ast-hfb-below-header-display":"","ast-hfb-mobile-header-display":"","site-post-title":"","ast-breadcrumbs-content":"","ast-featured-img":"","footer-sml-layout":"","theme-transparent-header-meta":"default","adv-header-id-meta":"","stick-header-meta":"default","header-above-stick-meta":"","header-main-stick-meta":"","header-below-stick-meta":"","astra-migrate-meta-layouts":"set","ast-page-background-enabled":"default","ast-page-background-meta":{"desktop":{"background-color":"","background-image":"","background-repeat":"repeat","background-position":"center center","background-size":"auto","background-attachment":"scroll","background-type":"","background-media":"","overlay-type":"","overlay-color":"","overlay-opacity":"","overlay-gradient":""},"tablet":{"background-color":"","background-image":"","background-repeat":"repeat","background-position":"center center","background-size":"auto","background-attachment":"scroll","background-type":"","background-media":"","overlay-type":"","overlay-color":"","overlay-opacity":"","overlay-gradient":""},"mobile":{"background-color":"","background-image":"","background-repeat":"repeat","background-position":"center center","background-size":"auto","background-attachment":"scroll","background-type":"","background-media":"","overlay-type":"","overlay-color":"","overlay-opacity":"","overlay-gradient":""}},"ast-content-background-meta":{"desktop":{"background-color":"var(--ast-global-color-5)","background-image":"","background-repeat":"repeat","background-position":"center center","background-size":"auto","background-attachment":"scroll","background-type":"","background-media":"","overlay-type":"","overlay-color":"","overlay-opacity":"","overlay-gradient":""},"tablet":{"background-color":"var(--ast-global-color-5)","background-image":"","background-repeat":"repeat","background-position":"center center","background-size":"auto","background-attachment":"scroll","background-type":"","background-media":"","overlay-type":"","overlay-color":"","overlay-opacity":"","overlay-gradient":""},"mobile":{"background-color":"var(--ast-global-color-5)","background-image":"","background-repeat":"repeat","background-position":"center center","background-size":"auto","background-attachment":"scroll","background-type":"","background-media":"","overlay-type":"","overlay-color":"","overlay-opacity":"","overlay-gradient":""}},"_seo_title":"3phase 4wire current limiting protector JGFH-125JS\u00a0","_seo_keywords":"3phase 4wire current limiting protector, 3 phase voltage protector, over current, phase loss","_seo_description":"3phase 4wire current limiting protector JGFH-125JS\u00a0 is a comprehensive protector with a variety of protection functions such as overvoltage, undervoltage,"},"product_brand":[],"product_cat":[15,65,69,64,57],"product_tag":[114,99],"class_list":{"0":"post-4433","1":"product","2":"type-product","3":"status-publish","4":"has-post-thumbnail","6":"product_cat-product","7":"product_cat-current-and-voltage-protector","8":"product_cat-voltmeter-ammeter","9":"product_cat-smart-meter","10":"product_cat-smart-protector","11":"product_tag-3phase-4wire-current-limiting-protector","12":"product_tag-current-limiting-protector","13":"desktop-align-center","14":"tablet-align-left","15":"mobile-align-left","16":"ast-product-gallery-layout-horizontal-slider","18":"first","19":"instock","20":"featured","21":"shipping-taxable","22":"product-type-simple"},"acf":[],"seo_title":"3phase 4wire current limiting protector JGFH-125JS\u00a0","seo_keywords":"3phase 4wire current limiting protector, 3 phase voltage protector, over current, phase loss","seo_description":"3phase 4wire current limiting protector JGFH-125JS\u00a0 is a comprehensive protector with a variety of protection functions such as overvoltage, undervoltage,","seo_score":"95","product_seo_keywords":"","_links":{"self":[{"href":"https:\/\/bright-china.com\/fr\/wp-json\/wp\/v2\/product\/4433","targetHints":{"allow":["GET"]}}],"collection":[{"href":"https:\/\/bright-china.com\/fr\/wp-json\/wp\/v2\/product"}],"about":[{"href":"https:\/\/bright-china.com\/fr\/wp-json\/wp\/v2\/types\/product"}],"wp:featuredmedia":[{"embeddable":true,"href":"https:\/\/bright-china.com\/fr\/wp-json\/wp\/v2\/media\/8792"}],"wp:attachment":[{"href":"https:\/\/bright-china.com\/fr\/wp-json\/wp\/v2\/media?parent=4433"}],"wp:term":[{"taxonomy":"product_brand","embeddable":true,"href":"https:\/\/bright-china.com\/fr\/wp-json\/wp\/v2\/product_brand?post=4433"},{"taxonomy":"product_cat","embeddable":true,"href":"https:\/\/bright-china.com\/fr\/wp-json\/wp\/v2\/product_cat?post=4433"},{"taxonomy":"product_tag","embeddable":true,"href":"https:\/\/bright-china.com\/fr\/wp-json\/wp\/v2\/product_tag?post=4433"}],"curies":[{"name":"wp","href":"https:\/\/api.w.org\/{rel}","templated":true}]}}