{"id":4436,"date":"2025-04-27T02:23:54","date_gmt":"2025-04-27T02:23:54","guid":{"rendered":"https:\/\/bright-china.com\/?post_type=product&#038;p=4436"},"modified":"2025-12-31T04:15:06","modified_gmt":"2025-12-31T11:15:06","slug":"protecteur-de-tension-jggq-80","status":"publish","type":"product","link":"https:\/\/bright-china.com\/fr\/produit\/protecteur-de-tension-jggq-80\/","title":{"rendered":"Protecteur de surtension et de sous-tension triphas\u00e9 \u00e0 quatre fils JGGQ-80"},"content":{"rendered":"<h2><strong>Introduction<\/strong><\/h2>\n<hr \/>\n<p><a style=\"font-size: 16px; background-color: #ffffff;\" href=\"https:\/\/bright-china.com\/current-voltage-protector\/\">Surtension et sous-tension triphas\u00e9es \u00e0 quatre fils <\/a><span style=\"font-size: 16px;\">protecteur JGGQ-80S\/3P+N Il s'agit d'une am\u00e9lioration du type de produit ordinaire, les caract\u00e9ristiques techniques du produit : faible consommation d'\u00e9nergie, longue dur\u00e9e de vie, contr\u00f4le pr\u00e9cis, absence de protection de phase, absence de protection de ligne z\u00e9ro, courant limite de court-circuit maximum de 3000A, contr\u00f4le logiciel de l'humanisation, et indication claire avec la lumi\u00e8re Led, le produit est mis sous tension pour la premi\u00e8re fois dans des conditions normales de temps de fermeture de l'alimentation de 5 secondes, lorsque la ligne se produit sous-tension, manque de phase et autres d\u00e9fauts, lorsque l'alimentation devient normale, le temps de fermeture est de 20 secondes, cette conception permet d'\u00e9conomiser trop de temps \u00e0 attendre lorsque le r\u00e9seau \u00e9lectrique est hors de tension.<\/span><\/p>\n<p>Le protecteur de surtension et de sous-tension triphas\u00e9 \u00e0 quatre fils auto-r\u00e9initialisable a les fonctions de perte de phase et de perte nulle,<a href=\"https:\/\/elejg.com\/?product\/\"> surtension<\/a> Il est souvent utilis\u00e9 dans les lignes de distribution triphas\u00e9es \u00e0 quatre fils et dans les bo\u00eetes de raccordement pour la production d'\u00e9nergie photovolta\u00efque.<\/p>\n<h2><strong><a href=\"https:\/\/bright-china.com\/product\/current-limiting-fire-alarm-protector\/\">Protecteur de surtension et de sous-tension triphas\u00e9 \u00e0 quatre fils <\/a> des param\u00e8tres<\/strong><\/h2>\n<hr \/>\n<p>1. Courant nominal : 32A, 40A, 50A, 63A, 80A<\/p>\n<p>2. Tension de fonctionnement : AC230V, 50Hz (mode de fonctionnement de la ligne de phase \u00e0 la ligne neutre)<\/p>\n<p>3. Valeur de protection contre les surtensions : AC270V \u00b15V (phase \u00e0 z\u00e9ro)<\/p>\n<p>4. Valeur de protection contre les sous-tensions : AC170V \u00b15V (phase \u00e0 z\u00e9ro)<\/p>\n<p>5. Temps de fermeture \u00e0 la premi\u00e8re mise sous tension : 5 secondes<\/p>\n<p>6. Temps de r\u00e9initialisation apr\u00e8s une d\u00e9faillance : 20 secondes<\/p>\n<p>7. Temps d'action : 0,1 seconde<\/p>\n<p>8. La plus \u00e9lev\u00e9e est possible pour supporter une surtension de 450 V CA (phase \u00e0 z\u00e9ro)\u3002<\/p>\n<h2><strong>Normes de mise en \u0153uvre<\/strong><\/h2>\n<hr \/>\n<p>JGJ242-2011 Code pour la conception \u00e9lectrique des b\u00e2timents r\u00e9sidentiels<\/p>\n<p>JGJ\/T16-2008<\/p>\n<p>GJBT-672 Atlas normalis\u00e9 de la conception et de la construction \u00e9lectrique des b\u00e2timents r\u00e9sidentiels<\/p>\n<p>GB\/T68895.10-2001<\/p>\n<p>Conforme aux normes de s\u00e9curit\u00e9 pour les appareils \u00e9lectriques de classe III<\/p>\n<p>JB\/T12762-2015 \u300a<a href=\"https:\/\/bright-china.com\/current-voltage-protector\/\"><strong>3phase 4 fils sur et <\/strong><\/a><strong>sous <\/strong><a href=\"https:\/\/bright-china.com\/current-voltage-protector\/\"><strong>protecteur de tension<\/strong><\/a>\uff08<strong>OUPA<\/strong>)\u300b<\/p>\n<h2><strong>Protecteur de surtension et de sous-tension triphas\u00e9 \u00e0 quatre fils <\/strong><strong>de la taille<\/strong><\/h2>\n<hr \/>\n<p><strong><img fetchpriority=\"high\" decoding=\"async\" class=\"alignnone wp-image-5588 size-full\" src=\"https:\/\/bright-china.com\/wp-content\/uploads\/2025\/04\/\u5916\u5f62\u5c3a\u5bf8.jpg\" alt=\"Dimensions du protecteur de surtension et de sous-tension triphas\u00e9 \u00e0 quatre fils JGGQ-80S\" width=\"1141\" height=\"617\" srcset=\"https:\/\/bright-china.com\/wp-content\/uploads\/2025\/04\/\u5916\u5f62\u5c3a\u5bf8.jpg 1141w, https:\/\/bright-china.com\/wp-content\/uploads\/2025\/04\/\u5916\u5f62\u5c3a\u5bf8-300x162.jpg 300w, https:\/\/bright-china.com\/wp-content\/uploads\/2025\/04\/\u5916\u5f62\u5c3a\u5bf8-1024x554.jpg 1024w, https:\/\/bright-china.com\/wp-content\/uploads\/2025\/04\/\u5916\u5f62\u5c3a\u5bf8-768x415.jpg 768w, https:\/\/bright-china.com\/wp-content\/uploads\/2025\/04\/\u5916\u5f62\u5c3a\u5bf8-18x10.jpg 18w, https:\/\/bright-china.com\/wp-content\/uploads\/2025\/04\/\u5916\u5f62\u5c3a\u5bf8-600x324.jpg 600w\" sizes=\"(max-width: 1141px) 100vw, 1141px\" \/><\/strong><\/p>\n<p>&nbsp;<\/p>\n<h3 data-slate-node=\"element\"><span data-slate-node=\"text\"><span class=\"null hover-sent\" data-slate-leaf=\"true\" data-sent-id=\"ejrkgDPYqe\">Avertissement :<\/span><\/span><\/h3>\n<div data-slate-node=\"element\"><span data-slate-node=\"text\"><span class=\"null hover-sent\" data-slate-leaf=\"true\" data-sent-id=\"ejrkgDPYqe\">Les fils N et L ne doivent pas \u00eatre mal raccord\u00e9s.<\/span><\/span><\/div>\n<div data-slate-node=\"element\" data-slate-fragment=\"JTVCJTdCJTIydHlwZSUyMiUzQSUyMnBhcmFncmFwaCUyMiUyQyUyMmNoaWxkcmVuJTIyJTNBJTVCJTdCJTIyaWQlMjIlM0ElMjJlanJrZ0RQWXFlJTIyJTJDJTIycGFyYUlkeCUyMiUzQTElMkMlMjJzcmMlMjIlM0ElMjJBdHRlbnRpb24lM0ElMjBUaGUlMjBOJTIwYW5kJTIwTCUyMHdpcmVzJTIwbXVzdCUyMG5vdCUyMGJlJTIwY29ubmVjdGVkJTIwaW5jb3JyZWN0bHkuJTIyJTJDJTIyZHN0JTIyJTNBJTIyJUU2JUIzJUE4JUU2JTg0JThGJUVGJUJDJTlBTiVFNSU5MiU4Q0wlRTclQkElQkYlRTQlQjglOEQlRTUlQkUlOTclRTglQkYlOUUlRTYlOEUlQTUlRTklOTQlOTklRTglQUYlQUYlRTMlODAlODIlMjIlMkMlMjJtZXRhZGF0YSUyMiUzQSUyMiUyMiUyQyUyMm1hdGNoZXMlMjIlM0FudWxsJTJDJTIybWV0YURhdGElMjIlM0ElNUIlNUQlMkMlMjJ0ZXh0JTIyJTNBJTIyVGhlJTIwTiUyMGFuZCUyMEwlMjB3aXJlcyUyMG11c3QlMjBub3QlMjBiZSUyMGNvbm5lY3RlZCUyMGluY29ycmVjdGx5LiUyMiU3RCU1RCU3RCUyQyU3QiUyMnR5cGUlMjIlM0ElMjJwYXJhZ3JhcGglMjIlMkMlMjJjaGlsZHJlbiUyMiUzQSU1QiU3QiUyMmlkJTIyJTNBJTIyVk5ETmRqOUFiQiUyMiUyQyUyMnBhcmFJZHglMjIlM0EyJTJDJTIyc3JjJTIyJTNBJTIyQWxsJTIwdGVybWluYWxzJTIwbXVzdCUyMGJlJTIwdGlnaHRlbmVkJTIwdG8lMjBwcmV2ZW50JTIwZmFsc2UlMjBjb25uZWN0aW9ucyUyMHRoYXQlMjBjb3VsZCUyMGJ1cm4lMjBvdXQlMjB0aGUlMjBwcm90ZWN0b3IuJTIyJTJDJTIyZHN0JTIyJTNBJTIyJUU2JTg5JTgwJUU2JTlDJTg5JUU3JUFCJUFGJUU1JUFEJTkwJUU1JUJGJTg1JUU5JUExJUJCJUU2JThCJUE3JUU3JUI0JUE3JUVGJUJDJThDJUU0JUJCJUE1JUU5JTk4JUIyJUU2JUFEJUEyJUU1JThGJUFGJUU4JTgzJUJEJUU3JTgzJUE3JUU1JTlEJThGJUU0JUJGJTlEJUU2JThBJUE0JUU1JTk5JUE4JUU3JTlBJTg0JUU5JTk0JTk5JUU4JUFGJUFGJUU4JUJGJTlFJUU2JThFJUE1JUUzJTgwJTgyJTIyJTJDJTIybWV0YWRhdGElMjIlM0ElMjIlMjIlMkMlMjJtYXRjaGVzJTIyJTNBbnVsbCUyQyUyMm1ldGFEYXRhJTIyJTNBJTVCJTVEJTJDJTIydGV4dCUyMiUzQSUyMkFsbCUyMHRlcm1pbmFscyUyMG11c3QlMjBiZSUyMHRpZ2h0ZW5lZCUyMHRvJTIwcHJldmVudCUyMGZhbHNlJTIwY29ubmVjdGlvbnMlMjB0aGF0JTIwY291bGQlMjBidXJuJTIwb3V0JTIwdGhlJTIwcHJvdGVjdG9yLiUyMiU3RCU1RCU3RCU1RA==\"><span data-slate-node=\"text\"><span class=\"null\" data-slate-leaf=\"true\" data-sent-id=\"VNDNdj9AbB\">Toutes les bornes doivent \u00eatre serr\u00e9es afin d'\u00e9viter les faux raccordements qui pourraient griller le protecteur.<\/span><\/span><\/div>\n<p>&nbsp;<\/p>\n<h2><strong>Informations sur le paquet standard<\/strong><\/h2>\n<hr \/>\n<div style=\"overflow-x: auto;\">\n<p><img decoding=\"async\" class=\"alignnone wp-image-8832 size-medium lazyload\" data-src=\"https:\/\/bright-china.com\/wp-content\/uploads\/2025\/04\/Packaging-box-for-protector--300x300.webp\" alt=\"Bo\u00eete d&#039;emballage pour le protecteur\" width=\"300\" height=\"300\" data-srcset=\"https:\/\/bright-china.com\/wp-content\/uploads\/2025\/04\/Packaging-box-for-protector--300x300.webp 300w, https:\/\/bright-china.com\/wp-content\/uploads\/2025\/04\/Packaging-box-for-protector--150x150.webp 150w, https:\/\/bright-china.com\/wp-content\/uploads\/2025\/04\/Packaging-box-for-protector--12x12.webp 12w, https:\/\/bright-china.com\/wp-content\/uploads\/2025\/04\/Packaging-box-for-protector--600x600.webp 600w, https:\/\/bright-china.com\/wp-content\/uploads\/2025\/04\/Packaging-box-for-protector--100x100.webp 100w, https:\/\/bright-china.com\/wp-content\/uploads\/2025\/04\/Packaging-box-for-protector-.webp 750w\" data-sizes=\"(max-width: 300px) 100vw, 300px\" src=\"data:image\/svg+xml;base64,PHN2ZyB3aWR0aD0iMSIgaGVpZ2h0PSIxIiB4bWxucz0iaHR0cDovL3d3dy53My5vcmcvMjAwMC9zdmciPjwvc3ZnPg==\" style=\"--smush-placeholder-width: 300px; --smush-placeholder-aspect-ratio: 300\/300;\" \/><\/p>\n<table style=\"width: 100%; border-color: #969696;\">\n<tbody>\n<tr>\n<th style=\"background-color: #060a30;\"><span style=\"color: #ffffff;\">Dimension du carton (cm)<\/span><\/th>\n<th style=\"background-color: #060a30;\"><span style=\"color: #ffffff;\">Liste de colisage<\/span><\/th>\n<th style=\"background-color: #060a30;\"><span style=\"color: #ffffff;\">QT\u00c9<\/span><\/th>\n<th style=\"background-color: #060a30;\"><span style=\"color: #ffffff;\">Poids brut (kg)<\/span><\/th>\n<\/tr>\n<tr>\n<td>45,5cm \u00d7 23,5cm \u00d7 31,5cm<\/td>\n<td>\u00a0protecteur<\/td>\n<td>60pcs<\/td>\n<td>20 kg<\/td>\n<\/tr>\n<\/tbody>\n<\/table>\n<\/div>\n<p><a href=\"https:\/\/bright-china.com\/digital-display-current-and-voltage-protector\/\">Afficheur num\u00e9rique protecteur de courant et de tension r\u00e9glable<\/a><\/p>","protected":false},"excerpt":{"rendered":"<p><strong>Protecteur de surtension et de sous-tension triphas\u00e9 \u00e0 quatre fils<\/strong> Les caract\u00e9ristiques du produit sont les suivantes : faible consommation d'\u00e9nergie, longue dur\u00e9e de vie, contr\u00f4le pr\u00e9cis, protection contre les pertes de phase, protection contre l'absence de ligne z\u00e9ro, courant maximal de limitation des courts-circuits de 3 000 A, contr\u00f4le logiciel humanis\u00e9 et indication claire par lumi\u00e8re LED, le produit est mis sous tension pour la premi\u00e8re fois dans des conditions normales, le temps de fermeture de l'alimentation est de 6 secondes, lorsque la ligne pr\u00e9sente une surtension, une absence de phase et d'autres d\u00e9fauts, lorsque l'alimentation devient normale, le temps de fermeture est de 40 secondes, cette conception permet d'\u00e9conomiser trop de temps d'attente lorsque le r\u00e9seau \u00e9lectrique est en panne de courant.<\/p>","protected":false},"featured_media":8794,"template":"","meta":{"_acf_changed":false,"site-sidebar-layout":"default","site-content-layout":"","ast-site-content-layout":"default","site-content-style":"default","site-sidebar-style":"default","ast-global-header-display":"","ast-banner-title-visibility":"","ast-main-header-display":"","ast-hfb-above-header-display":"","ast-hfb-below-header-display":"","ast-hfb-mobile-header-display":"","site-post-title":"","ast-breadcrumbs-content":"","ast-featured-img":"","footer-sml-layout":"","theme-transparent-header-meta":"default","adv-header-id-meta":"","stick-header-meta":"default","header-above-stick-meta":"","header-main-stick-meta":"","header-below-stick-meta":"","astra-migrate-meta-layouts":"set","ast-page-background-enabled":"default","ast-page-background-meta":{"desktop":{"background-color":"","background-image":"","background-repeat":"repeat","background-position":"center center","background-size":"auto","background-attachment":"scroll","background-type":"","background-media":"","overlay-type":"","overlay-color":"","overlay-opacity":"","overlay-gradient":""},"tablet":{"background-color":"","background-image":"","background-repeat":"repeat","background-position":"center center","background-size":"auto","background-attachment":"scroll","background-type":"","background-media":"","overlay-type":"","overlay-color":"","overlay-opacity":"","overlay-gradient":""},"mobile":{"background-color":"","background-image":"","background-repeat":"repeat","background-position":"center center","background-size":"auto","background-attachment":"scroll","background-type":"","background-media":"","overlay-type":"","overlay-color":"","overlay-opacity":"","overlay-gradient":""}},"ast-content-background-meta":{"desktop":{"background-color":"var(--ast-global-color-5)","background-image":"","background-repeat":"repeat","background-position":"center center","background-size":"auto","background-attachment":"scroll","background-type":"","background-media":"","overlay-type":"","overlay-color":"","overlay-opacity":"","overlay-gradient":""},"tablet":{"background-color":"var(--ast-global-color-5)","background-image":"","background-repeat":"repeat","background-position":"center center","background-size":"auto","background-attachment":"scroll","background-type":"","background-media":"","overlay-type":"","overlay-color":"","overlay-opacity":"","overlay-gradient":""},"mobile":{"background-color":"var(--ast-global-color-5)","background-image":"","background-repeat":"repeat","background-position":"center center","background-size":"auto","background-attachment":"scroll","background-type":"","background-media":"","overlay-type":"","overlay-color":"","overlay-opacity":"","overlay-gradient":""}},"_seo_title":"Three phase four wire over and under voltage protector","_seo_keywords":"Three phase four wire over and under voltage protector, Auto Reconnect Adjustabie Current voltage Protector, voltage protector for home","_seo_description":"Three phase four wire over and under voltage protector is an upgrade from the ordinary type of product, product features: low power consumption, long life, precise control, phase loss protection,..."},"product_brand":[],"product_cat":[15,65,57],"product_tag":[117,116,118,93],"class_list":{"0":"post-4436","1":"product","2":"type-product","3":"status-publish","4":"has-post-thumbnail","6":"product_cat-product","7":"product_cat-current-and-voltage-protector","8":"product_cat-smart-protector","9":"product_tag-automatic-reset-over-and-under-voltage-protector","10":"product_tag-current-and-voltage-protector","11":"product_tag-digital-display-adjustable-voltage-and-current-protector","12":"product_tag-voltage-protector","13":"desktop-align-center","14":"tablet-align-left","15":"mobile-align-left","16":"ast-product-gallery-layout-horizontal-slider","18":"first","19":"instock","20":"sale","21":"shipping-taxable","22":"purchasable","23":"product-type-simple"},"acf":[],"seo_title":"Three phase four wire over and under voltage protector","seo_keywords":"Three phase four wire over and under voltage protector, Auto Reconnect Adjustabie Current voltage Protector, voltage protector for home","seo_description":"Three phase four wire over and under voltage protector is an upgrade from the ordinary type of product, product features: low power consumption, long life, precise control, phase loss protection,...","seo_score":"75","product_seo_keywords":"","_links":{"self":[{"href":"https:\/\/bright-china.com\/fr\/wp-json\/wp\/v2\/product\/4436","targetHints":{"allow":["GET"]}}],"collection":[{"href":"https:\/\/bright-china.com\/fr\/wp-json\/wp\/v2\/product"}],"about":[{"href":"https:\/\/bright-china.com\/fr\/wp-json\/wp\/v2\/types\/product"}],"wp:featuredmedia":[{"embeddable":true,"href":"https:\/\/bright-china.com\/fr\/wp-json\/wp\/v2\/media\/8794"}],"wp:attachment":[{"href":"https:\/\/bright-china.com\/fr\/wp-json\/wp\/v2\/media?parent=4436"}],"wp:term":[{"taxonomy":"product_brand","embeddable":true,"href":"https:\/\/bright-china.com\/fr\/wp-json\/wp\/v2\/product_brand?post=4436"},{"taxonomy":"product_cat","embeddable":true,"href":"https:\/\/bright-china.com\/fr\/wp-json\/wp\/v2\/product_cat?post=4436"},{"taxonomy":"product_tag","embeddable":true,"href":"https:\/\/bright-china.com\/fr\/wp-json\/wp\/v2\/product_tag?post=4436"}],"curies":[{"name":"wp","href":"https:\/\/api.w.org\/{rel}","templated":true}]}}