{"id":4441,"date":"2025-04-27T02:23:54","date_gmt":"2025-04-27T02:23:54","guid":{"rendered":"https:\/\/bright-china.com\/?post_type=product&#038;p=4441"},"modified":"2026-02-28T23:05:30","modified_gmt":"2026-03-01T06:05:30","slug":"protecteur-jgdl-63","status":"publish","type":"product","link":"https:\/\/bright-china.com\/fr\/produit\/protecteur-jgdl-63\/","title":{"rendered":"Protecteur de comptage d'\u00e9nergie \u00e0 reconnexion automatique JGDL-63"},"content":{"rendered":"<h2>Introduction<\/h2>\n<hr \/>\n<h1><a style=\"font-size: 16px; background-color: #ffffff;\" href=\"https:\/\/bright-china.com\/product\/selective-power-limit-protector\/\"><strong>Protecteur de comptage d'\u00e9nergie \u00e0 reconnexion automatique<\/strong><\/a><span style=\"font-size: 16px;\"> JGDL-63 est un protecteur limiteur de courant de type compteur d'\u00e9nergie, qui offre de multiples fonctions de protection contre les surtensions, les sous-tensions, les surintensit\u00e9s, les fuites, la temp\u00e9rature, la fr\u00e9quence et les compteurs d'\u00e9nergie. Le protecteur complet de Neng peut r\u00e9gler tous les param\u00e8tres de protection en fonction de la demande d'\u00e9lectricit\u00e9, en veillant \u00e0 ce que les surtensions, les sous-tensions, les surintensit\u00e9s, les courts-circuits, les fuites, etc. se produisent dans le circuit. En cas de d\u00e9faillance, le protecteur peut instantan\u00e9ment couper l'alimentation \u00e9lectrique et prot\u00e9ger l'\u00e9quipement \u00e9lectrique contre les dommages.<\/span><\/h1>\n<p>Cette s\u00e9rie de produits pr\u00e9sente une structure compacte, une belle apparence et une installation standard sur rail. Elle convient principalement \u00e0 la distribution d'\u00e9nergie domestique, aux dortoirs, aux chambres de location et \u00e0 d'autres occasions.<\/p>\n<h2>Conditions et param\u00e8tres de travail<\/h2>\n<hr \/>\n<div style=\"overflow-x: auto;\"><\/div>\n<p>2.1. Le produit se d\u00e9connecte automatiquement dans un d\u00e9lai d'une seconde en cas de surtension, de sous-tension, de surintensit\u00e9 ou de fuite lors de la premi\u00e8re mise sous tension ;<\/p>\n<p>2.2. Param\u00e8tres de protection du courant :<\/p>\n<p>a. \u2265 1,0 fois le courant, plage de r\u00e9glage 1-120 secondes, 10 secondes par d\u00e9faut<\/p>\n<p>b. \u2265 1,2 fois le courant de court-circuit, 0,1 seconde pour ouvrir le circuit<\/p>\n<p>2.3. La temp\u00e9rature ambiante ne doit pas d\u00e9passer +40 \u2103, ni \u00eatre inf\u00e9rieure \u00e0 -5 \u2103, et la temp\u00e9rature moyenne sur 24 heures ne doit pas d\u00e9passer +35 \u2103 ; \u00e0 +40 \u2103, l'humidit\u00e9 de l'air ambiant ne doit pas d\u00e9passer 50%.<\/p>\n<p>2.4. Le niveau de la mer \u00e0 l'emplacement de l'installation ne doit pas d\u00e9passer 2000 m\u00e8tres.5 Niveau de pollution III.6. L'environnement d'installation ne contient pas de produits dangereux explosifs, de gaz corrosifs ou isolants, ni de poussi\u00e8res conductrices. Il n'y a pas non plus de zones affect\u00e9es par la pluie ou la neige.<\/p>\n<p><strong>Documents techniques\uff1a<\/strong>protecteur limiteur de courant de type compteur d'energie<\/p>\n<h2>3\u3001Energy metering protector settings<\/h2>\n<hr \/>\n<table style=\"border-collapse: collapse; width: 100%; border-color: #969696; height: 65px;\" border=\"0\" width=\"100%\" cellspacing=\"0\" cellpadding=\"0\">\n<tbody>\n<tr style=\"height: 13.50pt;\">\n<td class=\"et2\" style=\"height: 13px; width: 159.4pt; background-color: #060a30; text-align: center;\" width=\"212\" height=\"18\"><span style=\"color: #ffffff;\">Type<\/span><\/td>\n<td class=\"et3\" style=\"width: 89.95pt; background-color: #060a30; text-align: center; height: 13px;\" width=\"119\"><span style=\"color: #ffffff;\">JGDL-63<\/span><\/td>\n<\/tr>\n<tr style=\"height: 13.50pt;\">\n<td class=\"et4\" style=\"height: 13px;\" height=\"18\">Plage de r\u00e9glage actuelle<\/td>\n<td class=\"et4\" style=\"height: 13px;\"><span class=\"font2\">63A(2<\/span><span class=\"font3\">~<\/span><span class=\"font2\">63A)<\/span><\/td>\n<\/tr>\n<tr style=\"height: 13.50pt;\">\n<td class=\"et4\" style=\"height: 13px; background-color: #dedede;\" height=\"18\">Plage de r\u00e9glage de la surtension<\/td>\n<td class=\"et4\" style=\"height: 13px; background-color: #dedede;\"><span class=\"font2\">AC270V(210<\/span><span class=\"font3\">~<\/span><span class=\"font2\">300V)<\/span><\/td>\n<\/tr>\n<tr style=\"height: 13.50pt;\">\n<td class=\"et4\" style=\"height: 13px;\" height=\"18\">Plage de r\u00e9glage de la sous-tension<\/td>\n<td class=\"et4\" style=\"height: 13px;\"><span class=\"font2\">AC170V(80<\/span><span class=\"font3\">~<\/span><span class=\"font2\">200V)<\/span><\/td>\n<\/tr>\n<tr style=\"height: 13.50pt;\">\n<td class=\"et4\" style=\"height: 13px; background-color: #dedede;\" height=\"18\">Plage de r\u00e9glage du courant de fuite<\/td>\n<td class=\"et4\" style=\"height: 13px; background-color: #dedede;\"><span class=\"font2\">20mA(5<\/span><span class=\"font3\">~<\/span><span class=\"font2\">300mA)<\/span><\/td>\n<\/tr>\n<\/tbody>\n<\/table>\n<p>3.1. Bouton de r\u00e9glage : Appuyez sur la touche de r\u00e9glage pendant 2 secondes pour acc\u00e9der au mode de r\u00e9glage. Apr\u00e8s avoir acc\u00e9d\u00e9 au mode de r\u00e9glage, appuyez une fois sur cette touche pour acc\u00e9der au menu de r\u00e9glage suivant ;<\/p>\n<p>3.2. Touche de d\u00e9calage : En \u00e9tat de r\u00e9glage, il s'agit de la fonction de d\u00e9calage num\u00e9rique ;<\/p>\n<p>3.3. Touche de donn\u00e9es : permet d'interroger les derni\u00e8res informations de d\u00e9faut du produit et de modifier les param\u00e8tres qui doivent \u00eatre r\u00e9gl\u00e9s lors de la d\u00e9finition de l'\u00e9tat ;<\/p>\n<p>3.4. Bouton de r\u00e9initialisation : Lorsque la premi\u00e8re surintensit\u00e9 ou fuite se produit, le produit se ferme automatiquement apr\u00e8s un d\u00e9lai de r\u00e9initialisation sp\u00e9cifi\u00e9. Lorsque la deuxi\u00e8me surintensit\u00e9 ou fuite se produit, il faut confirmer manuellement qu'il n'y a pas de d\u00e9faut dans le circuit. Apr\u00e8s avoir appuy\u00e9 manuellement sur le bouton de r\u00e9initialisation, le produit se ferme. Lorsque l'appareil est r\u00e9gl\u00e9, appuyez sur le bouton de r\u00e9initialisation pendant une seconde pour sauvegarder et quitter l'\u00e9tat r\u00e9gl\u00e9,<\/p>\n<p>Appuyez sur le bouton de r\u00e9initialisation et maintenez-le enfonc\u00e9 pendant l'affichage en temps r\u00e9el pour ouvrir le produit, et appuyez \u00e0 nouveau sur ce bouton pour le fermer.<\/p>\n<h2>4\u3001Energy metering protector Description du panneau<\/h2>\n<hr \/>\n<p><img fetchpriority=\"high\" decoding=\"async\" class=\"alignnone\" src=\"https:\/\/bright-china.com\/wp-content\/uploads\/2025\/04\/\u83dc\u5355\u8bf4\u660e-\u82f1\u6587\u7248.jpg\" alt=\"menu de r\u00e9glage du protecteur de comptage d&#039;energie\" width=\"828\" height=\"653\" \/><\/p>\n<h2>5.Dimensions<\/h2>\n<hr \/>\n<p><img decoding=\"async\" class=\"alignnone size-full wp-image-8880 lazyload\" data-src=\"https:\/\/bright-china.com\/wp-content\/uploads\/2025\/04\/Display-menu-for-selective-power-limit-protector.webp\" alt=\"Menu d&#039;affichage pour le protecteur s\u00e9lectif de limite de puissance\" width=\"687\" height=\"533\" data-srcset=\"https:\/\/bright-china.com\/wp-content\/uploads\/2025\/04\/Display-menu-for-selective-power-limit-protector.webp 687w, https:\/\/bright-china.com\/wp-content\/uploads\/2025\/04\/Display-menu-for-selective-power-limit-protector-300x233.webp 300w, https:\/\/bright-china.com\/wp-content\/uploads\/2025\/04\/Display-menu-for-selective-power-limit-protector-15x12.webp 15w, https:\/\/bright-china.com\/wp-content\/uploads\/2025\/04\/Display-menu-for-selective-power-limit-protector-600x466.webp 600w\" data-sizes=\"(max-width: 687px) 100vw, 687px\" src=\"data:image\/svg+xml;base64,PHN2ZyB3aWR0aD0iMSIgaGVpZ2h0PSIxIiB4bWxucz0iaHR0cDovL3d3dy53My5vcmcvMjAwMC9zdmciPjwvc3ZnPg==\" style=\"--smush-placeholder-width: 687px; --smush-placeholder-aspect-ratio: 687\/533;\" \/><\/p>\n<h2><a href=\"https:\/\/www.elejg.com\/?product\/\"><strong>Protecteur de comptage d'\u00e9nergie \u00e0 reconnexion automatique<\/strong> <\/a>Il devrait y avoir un plan<\/h2>\n<hr \/>\n<figure id=\"attachment_6111\" class=\"wp-caption alignleft\" aria-describedby=\"caption-attachment-6111\"><img decoding=\"async\" class=\"alignleft wp-image-6111 size-full lazyload\" data-src=\"https:\/\/bright-china.com\/wp-content\/uploads\/2025\/04\/\u63a5\u7ebf\u56fe-\u8fc7\u6b20\u538b-3.jpg\" data-sizes=\"(max-width: 600px) 100vw, 600px\" data-srcset=\"https:\/\/bright-china.com\/wp-content\/uploads\/2025\/04\/\u63a5\u7ebf\u56fe-\u8fc7\u6b20\u538b-3.jpg 600w, https:\/\/bright-china.com\/wp-content\/uploads\/2025\/04\/\u63a5\u7ebf\u56fe-\u8fc7\u6b20\u538b-3-159x300.jpg 159w, https:\/\/bright-china.com\/wp-content\/uploads\/2025\/04\/\u63a5\u7ebf\u56fe-\u8fc7\u6b20\u538b-3-542x1024.jpg 542w, https:\/\/bright-china.com\/wp-content\/uploads\/2025\/04\/\u63a5\u7ebf\u56fe-\u8fc7\u6b20\u538b-3-6x12.jpg 6w\" alt=\"protecteurs contre la surtension et la soustension\" width=\"600\" height=\"1133\" src=\"data:image\/svg+xml;base64,PHN2ZyB3aWR0aD0iMSIgaGVpZ2h0PSIxIiB4bWxucz0iaHR0cDovL3d3dy53My5vcmcvMjAwMC9zdmciPjwvc3ZnPg==\" style=\"--smush-placeholder-width: 600px; --smush-placeholder-aspect-ratio: 600\/1133;\" \/><figcaption id=\"caption-attachment-6111\" class=\"wp-caption-text\">protecteurs contre la surtension et la soustension<\/figcaption><\/figure>\n<h3 data-slate-node=\"element\"><span class=\"null hover-sent\" style=\"color: #ff0000;\" data-slate-leaf=\"true\" data-sent-id=\"ejrkgDPYqe\">Avertissement :<\/span><\/h3>\n<div data-slate-node=\"element\"><span data-slate-node=\"text\"><span class=\"null hover-sent\" data-slate-leaf=\"true\" data-sent-id=\"ejrkgDPYqe\">Les fils N et L ne doivent pas \u00eatre mal raccord\u00e9s.<\/span><\/span><\/div>\n<div data-slate-node=\"element\" data-slate-fragment=\"JTVCJTdCJTIydHlwZSUyMiUzQSUyMnBhcmFncmFwaCUyMiUyQyUyMmNoaWxkcmVuJTIyJTNBJTVCJTdCJTIyaWQlMjIlM0ElMjJlanJrZ0RQWXFlJTIyJTJDJTIycGFyYUlkeCUyMiUzQTElMkMlMjJzcmMlMjIlM0ElMjJBdHRlbnRpb24lM0ElMjBUaGUlMjBOJTIwYW5kJTIwTCUyMHdpcmVzJTIwbXVzdCUyMG5vdCUyMGJlJTIwY29ubmVjdGVkJTIwaW5jb3JyZWN0bHkuJTIyJTJDJTIyZHN0JTIyJTNBJTIyJUU2JUIzJUE4JUU2JTg0JThGJUVGJUJDJTlBTiVFNSU5MiU4Q0wlRTclQkElQkYlRTQlQjglOEQlRTUlQkUlOTclRTglQkYlOUUlRTYlOEUlQTUlRTklOTQlOTklRTglQUYlQUYlRTMlODAlODIlMjIlMkMlMjJtZXRhZGF0YSUyMiUzQSUyMiUyMiUyQyUyMm1hdGNoZXMlMjIlM0FudWxsJTJDJTIybWV0YURhdGElMjIlM0ElNUIlNUQlMkMlMjJ0ZXh0JTIyJTNBJTIyVGhlJTIwTiUyMGFuZCUyMEwlMjB3aXJlcyUyMG11c3QlMjBub3QlMjBiZSUyMGNvbm5lY3RlZCUyMGluY29ycmVjdGx5LiUyMiU3RCU1RCU3RCUyQyU3QiUyMnR5cGUlMjIlM0ElMjJwYXJhZ3JhcGglMjIlMkMlMjJjaGlsZHJlbiUyMiUzQSU1QiU3QiUyMmlkJTIyJTNBJTIyVk5ETmRqOUFiQiUyMiUyQyUyMnBhcmFJZHglMjIlM0EyJTJDJTIyc3JjJTIyJTNBJTIyQWxsJTIwdGVybWluYWxzJTIwbXVzdCUyMGJlJTIwdGlnaHRlbmVkJTIwdG8lMjBwcmV2ZW50JTIwZmFsc2UlMjBjb25uZWN0aW9ucyUyMHRoYXQlMjBjb3VsZCUyMGJ1cm4lMjBvdXQlMjB0aGUlMjBwcm90ZWN0b3IuJTIyJTJDJTIyZHN0JTIyJTNBJTIyJUU2JTg5JTgwJUU2JTlDJTg5JUU3JUFCJUFGJUU1JUFEJTkwJUU1JUJGJTg1JUU5JUExJUJCJUU2JThCJUE3JUU3JUI0JUE3JUVGJUJDJThDJUU0JUJCJUE1JUU5JTk4JUIyJUU2JUFEJUEyJUU1JThGJUFGJUU4JTgzJUJEJUU3JTgzJUE3JUU1JTlEJThGJUU0JUJGJTlEJUU2JThBJUE0JUU1JTk5JUE4JUU3JTlBJTg0JUU5JTk0JTk5JUU4JUFGJUFGJUU4JUJGJTlFJUU2JThFJUE1JUUzJTgwJTgyJTIyJTJDJTIybWV0YWRhdGElMjIlM0ElMjIlMjIlMkMlMjJtYXRjaGVzJTIyJTNBbnVsbCUyQyUyMm1ldGFEYXRhJTIyJTNBJTVCJTVEJTJDJTIydGV4dCUyMiUzQSUyMkFsbCUyMHRlcm1pbmFscyUyMG11c3QlMjBiZSUyMHRpZ2h0ZW5lZCUyMHRvJTIwcHJldmVudCUyMGZhbHNlJTIwY29ubmVjdGlvbnMlMjB0aGF0JTIwY291bGQlMjBidXJuJTIwb3V0JTIwdGhlJTIwcHJvdGVjdG9yLiUyMiU3RCU1RCU3RCU1RA==\"><span data-slate-node=\"text\"><span class=\"null\" data-slate-leaf=\"true\" data-sent-id=\"VNDNdj9AbB\">Toutes les bornes doivent \u00eatre serr\u00e9es afin d'\u00e9viter les faux raccordements qui pourraient griller le protecteur.<\/span><\/span><\/div>\n<h2 class=\"wp-block-heading\"><\/h2>\n<h2><strong>Informations sur le paquet standard<\/strong><\/h2>\n<hr \/>\n<div style=\"overflow-x: auto; margin: 1em 0; border-radius: 4px; box-shadow: 0 2px 5px rgba(0,0,0,0.1);\">\n<p><img decoding=\"async\" class=\"alignnone wp-image-8832 size-medium lazyload\" data-src=\"https:\/\/bright-china.com\/wp-content\/uploads\/2025\/04\/Packaging-box-for-protector--300x300.webp\" alt=\"Bo\u00eete d&#039;emballage pour le protecteur\" width=\"300\" height=\"300\" data-srcset=\"https:\/\/bright-china.com\/wp-content\/uploads\/2025\/04\/Packaging-box-for-protector--300x300.webp 300w, https:\/\/bright-china.com\/wp-content\/uploads\/2025\/04\/Packaging-box-for-protector--150x150.webp 150w, https:\/\/bright-china.com\/wp-content\/uploads\/2025\/04\/Packaging-box-for-protector--12x12.webp 12w, https:\/\/bright-china.com\/wp-content\/uploads\/2025\/04\/Packaging-box-for-protector--600x600.webp 600w, https:\/\/bright-china.com\/wp-content\/uploads\/2025\/04\/Packaging-box-for-protector--100x100.webp 100w, https:\/\/bright-china.com\/wp-content\/uploads\/2025\/04\/Packaging-box-for-protector-.webp 750w\" data-sizes=\"(max-width: 300px) 100vw, 300px\" src=\"data:image\/svg+xml;base64,PHN2ZyB3aWR0aD0iMSIgaGVpZ2h0PSIxIiB4bWxucz0iaHR0cDovL3d3dy53My5vcmcvMjAwMC9zdmciPjwvc3ZnPg==\" style=\"--smush-placeholder-width: 300px; --smush-placeholder-aspect-ratio: 300\/300;\" \/><\/p>\n<table style=\"min-width: 580px; border-collapse: collapse; font-family: sans-serif;\">\n<thead>\n<tr style=\"background: #f8f9fa;\">\n<th style=\"padding: 12px 15px; border: 1px solid #dfe2e5; text-align: left;\">Dimension du carton (cm)<\/th>\n<th style=\"padding: 12px 15px; border: 1px solid #dfe2e5; text-align: left;\">Liste de colisage<\/th>\n<th style=\"padding: 12px 15px; border: 1px solid #dfe2e5; text-align: center;\">QT\u00c9<\/th>\n<th style=\"padding: 12px 15px; border: 1px solid #dfe2e5; text-align: center;\">Poids brut (kg)<\/th>\n<\/tr>\n<\/thead>\n<tbody>\n<tr>\n<td style=\"padding: 12px 15px; border: 1px solid #dfe2e5;\">45,5cm \u00d7 23,5cm \u00d7 31,5cm<\/td>\n<td style=\"padding: 12px 15px; border: 1px solid #dfe2e5;\">protecteur<\/td>\n<td style=\"padding: 12px 15px; border: 1px solid #dfe2e5; text-align: center;\">120pcs<\/td>\n<td style=\"padding: 12px 15px; border: 1px solid #dfe2e5; text-align: center;\">20 kg<\/td>\n<\/tr>\n<\/tbody>\n<\/table>\n<\/div>\n<p><a href=\"https:\/\/bright-china.com\/digital-display-current-and-voltage-protector\/\">Afficheur num\u00e9rique protecteur de courant et de tension r\u00e9glable<\/a><\/p>","protected":false},"excerpt":{"rendered":"<p><span data-slate-fragment=\"JTVCJTdCJTIydHlwZSUyMiUzQSUyMnBhcmFncmFwaCUyMiUyQyUyMmNoaWxkcmVuJTIyJTNBJTVCJTdCJTIyaWQlMjIlM0ElMjJWQWJRSkp4MVB6JTIyJTJDJTIycGFyYUlkeCUyMiUzQTAlMkMlMjJzcmMlMjIlM0ElMjJBdXRvbWF0aWMlMjByZWNvbm5lY3Rpb24lMjAlMjBlbmVyZ3klMjBtZXRlcmluZyUyMHByb3RlY3RvciUyMCUyMiUyQyUyMmRzdCUyMiUzQSUyMiVFOCU4NyVBQSVFNSU4QSVBOCVFOSU4NyU4RCVFNiU5NiVCMCVFOCVCRiU5RSVFNiU4RSVBNSVFNyU5NCVCNSVFOCU4MyVCRCVFOCVBRSVBMSVFOSU4NyU4RiVFNCVCRiU5RCVFNiU4QSVBNCVFNSU5OSVBOCUyMiUyQyUyMm1ldGFkYXRhJTIyJTNBJTIyJTIyJTJDJTIybWF0Y2hlcyUyMiUzQW51bGwlMkMlMjJtZXRhRGF0YSUyMiUzQSU1QiU1RCUyQyUyMnRleHQlMjIlM0ElMjJBdXRvbWF0aWMlMjByZWNvbm5lY3Rpb24lMjAlMjBlbmVyZ3klMjBtZXRlcmluZyUyMHByb3RlY3RvciUyMCUyMiU3RCU1RCU3RCU1RA==\">\u00a0 Reconnexion automatique compteur d'\u00e9nergie <a href=\"https:\/\/bright-china.com\/product\/current-limiting-fire-alarm-protector\/\">protecteur<\/a>\u00a0 <\/span>JGDL-63 est un protecteur limiteur de courant de type compteur d'\u00e9nergie, qui offre de multiples fonctions de protection contre les surtensions, les sous-tensions, les surintensit\u00e9s, les fuites, la temp\u00e9rature, la fr\u00e9quence et le comptage d'\u00e9nergie.<\/p>","protected":false},"featured_media":8754,"template":"","meta":{"_acf_changed":false,"site-sidebar-layout":"default","site-content-layout":"","ast-site-content-layout":"default","site-content-style":"default","site-sidebar-style":"default","ast-global-header-display":"","ast-banner-title-visibility":"","ast-main-header-display":"","ast-hfb-above-header-display":"","ast-hfb-below-header-display":"","ast-hfb-mobile-header-display":"","site-post-title":"","ast-breadcrumbs-content":"","ast-featured-img":"","footer-sml-layout":"","theme-transparent-header-meta":"default","adv-header-id-meta":"","stick-header-meta":"default","header-above-stick-meta":"","header-main-stick-meta":"","header-below-stick-meta":"","astra-migrate-meta-layouts":"set","ast-page-background-enabled":"default","ast-page-background-meta":{"desktop":{"background-color":"","background-image":"","background-repeat":"repeat","background-position":"center center","background-size":"auto","background-attachment":"scroll","background-type":"","background-media":"","overlay-type":"","overlay-color":"","overlay-opacity":"","overlay-gradient":""},"tablet":{"background-color":"","background-image":"","background-repeat":"repeat","background-position":"center center","background-size":"auto","background-attachment":"scroll","background-type":"","background-media":"","overlay-type":"","overlay-color":"","overlay-opacity":"","overlay-gradient":""},"mobile":{"background-color":"","background-image":"","background-repeat":"repeat","background-position":"center center","background-size":"auto","background-attachment":"scroll","background-type":"","background-media":"","overlay-type":"","overlay-color":"","overlay-opacity":"","overlay-gradient":""}},"ast-content-background-meta":{"desktop":{"background-color":"var(--ast-global-color-5)","background-image":"","background-repeat":"repeat","background-position":"center center","background-size":"auto","background-attachment":"scroll","background-type":"","background-media":"","overlay-type":"","overlay-color":"","overlay-opacity":"","overlay-gradient":""},"tablet":{"background-color":"var(--ast-global-color-5)","background-image":"","background-repeat":"repeat","background-position":"center center","background-size":"auto","background-attachment":"scroll","background-type":"","background-media":"","overlay-type":"","overlay-color":"","overlay-opacity":"","overlay-gradient":""},"mobile":{"background-color":"var(--ast-global-color-5)","background-image":"","background-repeat":"repeat","background-position":"center center","background-size":"auto","background-attachment":"scroll","background-type":"","background-media":"","overlay-type":"","overlay-color":"","overlay-opacity":"","overlay-gradient":""}},"_seo_title":"Automatic reconnection energy metering protector JGDL-63","_seo_keywords":"Automatic reconnection energy metering protector, under voltage protectors, adjustable voltage protector","_seo_description":"\u00a0 Automatic reconnection energy metering protector\u00a0 JGDL-63 is an energy metering type current limiting protector, which provides multiple protection"},"product_brand":[],"product_cat":[15,70,65,69,64,57],"product_tag":[91,117,99,118,93],"class_list":{"0":"post-4441","1":"product","2":"type-product","3":"status-publish","4":"has-post-thumbnail","6":"product_cat-product","7":"product_cat-small-ammeter","8":"product_cat-current-and-voltage-protector","9":"product_cat-voltmeter-ammeter","10":"product_cat-smart-meter","11":"product_cat-smart-protector","12":"product_tag-adjustable-over-under-voltage-protector","13":"product_tag-automatic-reset-over-and-under-voltage-protector","14":"product_tag-current-limiting-protector","15":"product_tag-digital-display-adjustable-voltage-and-current-protector","16":"product_tag-voltage-protector","17":"desktop-align-center","18":"tablet-align-left","19":"mobile-align-left","20":"ast-product-gallery-layout-horizontal-slider","22":"first","23":"instock","24":"sale","25":"featured","26":"shipping-taxable","27":"purchasable","28":"product-type-simple"},"acf":[],"seo_title":"Automatic reconnection energy metering protector JGDL-63","seo_keywords":"Automatic reconnection energy metering protector, under voltage protectors, adjustable voltage protector","seo_description":"\u00a0 Automatic reconnection energy metering protector\u00a0 JGDL-63 is an energy metering type current limiting protector, which provides multiple protection","seo_score":"95","product_seo_keywords":"","_links":{"self":[{"href":"https:\/\/bright-china.com\/fr\/wp-json\/wp\/v2\/product\/4441","targetHints":{"allow":["GET"]}}],"collection":[{"href":"https:\/\/bright-china.com\/fr\/wp-json\/wp\/v2\/product"}],"about":[{"href":"https:\/\/bright-china.com\/fr\/wp-json\/wp\/v2\/types\/product"}],"wp:featuredmedia":[{"embeddable":true,"href":"https:\/\/bright-china.com\/fr\/wp-json\/wp\/v2\/media\/8754"}],"wp:attachment":[{"href":"https:\/\/bright-china.com\/fr\/wp-json\/wp\/v2\/media?parent=4441"}],"wp:term":[{"taxonomy":"product_brand","embeddable":true,"href":"https:\/\/bright-china.com\/fr\/wp-json\/wp\/v2\/product_brand?post=4441"},{"taxonomy":"product_cat","embeddable":true,"href":"https:\/\/bright-china.com\/fr\/wp-json\/wp\/v2\/product_cat?post=4441"},{"taxonomy":"product_tag","embeddable":true,"href":"https:\/\/bright-china.com\/fr\/wp-json\/wp\/v2\/product_tag?post=4441"}],"curies":[{"name":"wp","href":"https:\/\/api.w.org\/{rel}","templated":true}]}}