{"id":7409,"date":"2025-10-14T05:26:47","date_gmt":"2025-10-14T12:26:47","guid":{"rendered":"https:\/\/bright-china.com\/?post_type=product&#038;p=7409"},"modified":"2026-01-22T05:52:25","modified_gmt":"2026-01-22T12:52:25","slug":"ats-jgat3-1","status":"publish","type":"product","link":"https:\/\/bright-china.com\/fr\/produit\/ats-jgat3-1\/","title":{"rendered":"Commutateur de transfert automatique intelligent\uff08ATS) JGAT3-1"},"content":{"rendered":"<h2>Introduction \u00e0 l'ATS<\/h2>\n<hr \/>\n<p><span style=\"font-size: 16px;\">\u00a0 \u00a0 \u00a0Intelligent <\/span><a style=\"font-size: 16px; background-color: #ffffff;\" href=\"https:\/\/bright-china.com\/power-switch\/\">commutateur de transfert automatique<\/a><span style=\"font-size: 16px;\">\uff08<\/span><a style=\"font-size: 16px; background-color: #ffffff;\" href=\"https:\/\/elejg.com\">ATS<\/a><span style=\"font-size: 16px;\">) est la gestion de sources d'\u00e9nergie multiples : Ce commutateur de transfert automatique \u00e0 trois voies dispose de trois interfaces d'entr\u00e9e d'alimentation, y compris l'\u00e9lectricit\u00e9 principale (source d'alimentation primaire), un g\u00e9n\u00e9rateur et un onduleur. En cas de panne de l'alimentation principale, d'instabilit\u00e9 de la tension ou d'autres probl\u00e8mes, ce commutateur peut d\u00e9tecter automatiquement la prochaine source d'alimentation disponible et la faire basculer pour assurer une alimentation ininterrompue.<\/span><\/p>\n<p>R\u00e9glage flexible des param\u00e8tres : Vous pouvez r\u00e9gler la plage de tension et de fr\u00e9quence en fonction de vos besoins pour d\u00e9clencher la commutation automatique. Livr\u00e9 avec des instructions pour d\u00e9boguer votre commutateur de transfert conform\u00e9ment aux instructions. Y compris le d\u00e9lai de mise sous tension, le d\u00e9lai de r\u00e9tablissement de la protection, la valeur de protection contre les surtensions, la valeur de protection contre les sous-tensions, la protection contre les surintensit\u00e9s, la phase de priorit\u00e9, le temps d'action de la protection contre les surintensit\u00e9s, la fr\u00e9quence de protection contre les surintensit\u00e9s en continu.<\/p>\n<p>Contr\u00f4le en temps r\u00e9el : Avec 5 \u00e9crans d'affichage LED et 4 voyants lumineux, il est facile de savoir clairement quel circuit est actuellement responsable de l'alimentation \u00e9lectrique ou s'il y a une erreur. Il fournit en temps r\u00e9el l'\u00e9tat de la tension d'entr\u00e9e et du courant de sortie, surveille les performances de l'\u00e9quipement d'alimentation et effectue les r\u00e9glages n\u00e9cessaires pour vous aider \u00e0 prendre des d\u00e9cisions en mati\u00e8re de commutation de l'alimentation, comme le passage \u00e0 un g\u00e9n\u00e9rateur ou \u00e0 un onduleur lorsque l'alimentation secteur est instable.<\/p>\n<p>Protection compl\u00e8te de la s\u00e9curit\u00e9 : Il est dot\u00e9 de multiples fonctions de protection, notamment la protection contre la basse tension, la protection contre la surtension, la protection contre la surintensit\u00e9, etc. Ces fonctions am\u00e9liorent non seulement la stabilit\u00e9 et la fiabilit\u00e9 de l'alimentation, mais prot\u00e8gent \u00e9galement les appareils connect\u00e9s contre les probl\u00e8mes li\u00e9s \u00e0 l'alimentation, r\u00e9duisant ainsi les risques potentiels associ\u00e9s aux probl\u00e8mes d'alimentation.<\/p>\n<p>Large application : Avec des interfaces de source d'alimentation de secours \u00e0 deux voies, il est compatible avec la plupart des g\u00e9n\u00e9rateurs, des panneaux solaires et d'autres dispositifs d'alimentation \u00e9lectrique avec une tension de sortie . Il convient \u00e0 divers sc\u00e9narios d'application, y compris les syst\u00e8mes d'alimentation de secours domestiques, les b\u00e2timents commerciaux, les \u00e9quipements industriels, etc., fournissant une solution de commutation d'alimentation fiable dans diff\u00e9rents domaines<\/p>\n<h2>Description du produit<\/h2>\n<hr \/>\n<p>1\u3001Commutateur de transfert automatique : avec \u00e9tage \"prioritaire<\/p>\n<p>2\u3001Sur la base d'un microcontr\u00f4leur<\/p>\n<p>3\u3001S\u00e9lectionner les param\u00e8tres \u00e0 l'aide des boutons<\/p>\n<p>4\u3001<a href=\"https:\/\/elejg.com\/\">Survoltage<\/a> et protection contre la soustension<\/p>\n<p>5\u3001Protection contre les surintensit\u00e9s<\/p>\n<p>6\u3001LED indication de la tension de fonctionnement<\/p>\n<p>7\u3001Rail installation<\/p>\n<p><img fetchpriority=\"high\" decoding=\"async\" class=\"alignnone wp-image-8675 size-full\" src=\"https:\/\/bright-china.com\/wp-content\/uploads\/2025\/10\/automatic-transfer-switch-ATS-63Parameter-settings.webp\" alt=\"commutateur de transfert automatique-ATS-63Param\u00e8tres\" width=\"800\" height=\"1397\" srcset=\"https:\/\/bright-china.com\/wp-content\/uploads\/2025\/10\/automatic-transfer-switch-ATS-63Parameter-settings.webp 800w, https:\/\/bright-china.com\/wp-content\/uploads\/2025\/10\/automatic-transfer-switch-ATS-63Parameter-settings-172x300.webp 172w, https:\/\/bright-china.com\/wp-content\/uploads\/2025\/10\/automatic-transfer-switch-ATS-63Parameter-settings-586x1024.webp 586w, https:\/\/bright-china.com\/wp-content\/uploads\/2025\/10\/automatic-transfer-switch-ATS-63Parameter-settings-768x1341.webp 768w, https:\/\/bright-china.com\/wp-content\/uploads\/2025\/10\/automatic-transfer-switch-ATS-63Parameter-settings-7x12.webp 7w, https:\/\/bright-china.com\/wp-content\/uploads\/2025\/10\/automatic-transfer-switch-ATS-63Parameter-settings-600x1048.webp 600w\" sizes=\"(max-width: 800px) 100vw, 800px\" \/><\/p>\n<h2>Donn\u00e9es techniques<\/h2>\n<hr \/>\n<p><img decoding=\"async\" class=\"alignnone wp-image-8671 size-full lazyload\" data-src=\"https:\/\/bright-china.com\/wp-content\/uploads\/2025\/10\/automatic-transfer-switch-ATS-63-\u6280\u672f\u53c2\u6570.webp\" alt=\"commutateur de transfert automatique-ATS-63-Sp\u00e9cifications techniques\" width=\"800\" height=\"769\" data-srcset=\"https:\/\/bright-china.com\/wp-content\/uploads\/2025\/10\/automatic-transfer-switch-ATS-63-\u6280\u672f\u53c2\u6570.webp 800w, https:\/\/bright-china.com\/wp-content\/uploads\/2025\/10\/automatic-transfer-switch-ATS-63-\u6280\u672f\u53c2\u6570-300x288.webp 300w, https:\/\/bright-china.com\/wp-content\/uploads\/2025\/10\/automatic-transfer-switch-ATS-63-\u6280\u672f\u53c2\u6570-768x738.webp 768w, https:\/\/bright-china.com\/wp-content\/uploads\/2025\/10\/automatic-transfer-switch-ATS-63-\u6280\u672f\u53c2\u6570-12x12.webp 12w, https:\/\/bright-china.com\/wp-content\/uploads\/2025\/10\/automatic-transfer-switch-ATS-63-\u6280\u672f\u53c2\u6570-600x577.webp 600w\" data-sizes=\"(max-width: 800px) 100vw, 800px\" src=\"data:image\/svg+xml;base64,PHN2ZyB3aWR0aD0iMSIgaGVpZ2h0PSIxIiB4bWxucz0iaHR0cDovL3d3dy53My5vcmcvMjAwMC9zdmciPjwvc3ZnPg==\" style=\"--smush-placeholder-width: 800px; --smush-placeholder-aspect-ratio: 800\/769;\" \/><\/p>\n<h2>Panneau frontal<\/h2>\n<hr \/>\n<p>&nbsp;<\/p>\n<p><img decoding=\"async\" class=\"alignnone wp-image-8668 size-full lazyload\" data-src=\"https:\/\/bright-china.com\/wp-content\/uploads\/2025\/10\/automatic-transfer-switch-ATS-63-\u9762\u677f\u8bf4\u660e-\u62f7\u8d1d.webp\" alt=\"commutateur de transfert automatique-ATS-63-Description du panneau\" width=\"800\" height=\"364\" data-srcset=\"https:\/\/bright-china.com\/wp-content\/uploads\/2025\/10\/automatic-transfer-switch-ATS-63-\u9762\u677f\u8bf4\u660e-\u62f7\u8d1d.webp 800w, https:\/\/bright-china.com\/wp-content\/uploads\/2025\/10\/automatic-transfer-switch-ATS-63-\u9762\u677f\u8bf4\u660e-\u62f7\u8d1d-300x137.webp 300w, https:\/\/bright-china.com\/wp-content\/uploads\/2025\/10\/automatic-transfer-switch-ATS-63-\u9762\u677f\u8bf4\u660e-\u62f7\u8d1d-768x349.webp 768w, https:\/\/bright-china.com\/wp-content\/uploads\/2025\/10\/automatic-transfer-switch-ATS-63-\u9762\u677f\u8bf4\u660e-\u62f7\u8d1d-18x8.webp 18w, https:\/\/bright-china.com\/wp-content\/uploads\/2025\/10\/automatic-transfer-switch-ATS-63-\u9762\u677f\u8bf4\u660e-\u62f7\u8d1d-600x273.webp 600w\" data-sizes=\"(max-width: 800px) 100vw, 800px\" src=\"data:image\/svg+xml;base64,PHN2ZyB3aWR0aD0iMSIgaGVpZ2h0PSIxIiB4bWxucz0iaHR0cDovL3d3dy53My5vcmcvMjAwMC9zdmciPjwvc3ZnPg==\" style=\"--smush-placeholder-width: 800px; --smush-placeholder-aspect-ratio: 800\/364;\" \/><\/p>\n<p>&nbsp;<\/p>\n<h2>Sch\u00e9ma de c\u00e2blage\/dessin dimensionnel<\/h2>\n<hr \/>\n<p><img decoding=\"async\" class=\"alignnone wp-image-8672 size-full lazyload\" data-src=\"https:\/\/bright-china.com\/wp-content\/uploads\/2025\/10\/automatic-transfer-switch-ATS-63-\u63a5\u7ebf\u56fe.webp\" alt=\"commutateur de transfert automatique-ATS-63-Instructions de c\u00e2blage\" width=\"800\" height=\"733\" data-srcset=\"https:\/\/bright-china.com\/wp-content\/uploads\/2025\/10\/automatic-transfer-switch-ATS-63-\u63a5\u7ebf\u56fe.webp 800w, https:\/\/bright-china.com\/wp-content\/uploads\/2025\/10\/automatic-transfer-switch-ATS-63-\u63a5\u7ebf\u56fe-300x275.webp 300w, https:\/\/bright-china.com\/wp-content\/uploads\/2025\/10\/automatic-transfer-switch-ATS-63-\u63a5\u7ebf\u56fe-768x704.webp 768w, https:\/\/bright-china.com\/wp-content\/uploads\/2025\/10\/automatic-transfer-switch-ATS-63-\u63a5\u7ebf\u56fe-13x12.webp 13w, https:\/\/bright-china.com\/wp-content\/uploads\/2025\/10\/automatic-transfer-switch-ATS-63-\u63a5\u7ebf\u56fe-600x550.webp 600w\" data-sizes=\"(max-width: 800px) 100vw, 800px\" src=\"data:image\/svg+xml;base64,PHN2ZyB3aWR0aD0iMSIgaGVpZ2h0PSIxIiB4bWxucz0iaHR0cDovL3d3dy53My5vcmcvMjAwMC9zdmciPjwvc3ZnPg==\" style=\"--smush-placeholder-width: 800px; --smush-placeholder-aspect-ratio: 800\/733;\" \/> <img decoding=\"async\" class=\"alignnone wp-image-8673 size-full lazyload\" data-src=\"https:\/\/bright-china.com\/wp-content\/uploads\/2025\/10\/automatic-transfer-switch-ATS-63-\u5916\u5f62\u5c3a\u5bf8-\u62f7\u8d1d.webp\" alt=\"commutateur de transfert automatique-ATS-63-Dimensions totales\" width=\"800\" height=\"369\" data-srcset=\"https:\/\/bright-china.com\/wp-content\/uploads\/2025\/10\/automatic-transfer-switch-ATS-63-\u5916\u5f62\u5c3a\u5bf8-\u62f7\u8d1d.webp 800w, https:\/\/bright-china.com\/wp-content\/uploads\/2025\/10\/automatic-transfer-switch-ATS-63-\u5916\u5f62\u5c3a\u5bf8-\u62f7\u8d1d-300x138.webp 300w, https:\/\/bright-china.com\/wp-content\/uploads\/2025\/10\/automatic-transfer-switch-ATS-63-\u5916\u5f62\u5c3a\u5bf8-\u62f7\u8d1d-768x354.webp 768w, https:\/\/bright-china.com\/wp-content\/uploads\/2025\/10\/automatic-transfer-switch-ATS-63-\u5916\u5f62\u5c3a\u5bf8-\u62f7\u8d1d-18x8.webp 18w, https:\/\/bright-china.com\/wp-content\/uploads\/2025\/10\/automatic-transfer-switch-ATS-63-\u5916\u5f62\u5c3a\u5bf8-\u62f7\u8d1d-600x277.webp 600w\" data-sizes=\"(max-width: 800px) 100vw, 800px\" src=\"data:image\/svg+xml;base64,PHN2ZyB3aWR0aD0iMSIgaGVpZ2h0PSIxIiB4bWxucz0iaHR0cDovL3d3dy53My5vcmcvMjAwMC9zdmciPjwvc3ZnPg==\" style=\"--smush-placeholder-width: 800px; --smush-placeholder-aspect-ratio: 800\/369;\" \/><\/p>\n<p><span style=\"font-size: 16px;\">\u00a0Commutateur de transfert automatique intelligent\uff08<a href=\"https:\/\/bright-china.com\/en\/ats\/\" title=\"\u67e5\u770b\u66f4\u591a\u5173\u4e8eATS\u7684\u4fe1\u606f\" class=\"seo-keyword-link\" style=\"font-weight: bold; color: inherit; text-decoration: underline; border-bottom: 1px dotted #667eea;\">ATS<\/a>)<\/span><\/p>","protected":false},"excerpt":{"rendered":"<p><a href=\"https:\/\/bright-china.com\/product\/arc-fault-circuit-interrupters-afci-jgafci-63\/\">Commutateur de transfert automatique intelligent\uff08ATS)<\/a> est la gestion de sources d'\u00e9nergie multiples : Ce commutateur de transfert automatique \u00e0 trois voies dispose de trois interfaces d'entr\u00e9e d'alimentation, y compris l'\u00e9lectricit\u00e9 principale (source d'alimentation primaire), le g\u00e9n\u00e9rateur et l'onduleur. En cas de panne de l'alimentation principale, d'instabilit\u00e9 de la tension ou d'autres probl\u00e8mes, ce commutateur peut d\u00e9tecter automatiquement la prochaine source d'alimentation disponible et la faire basculer pour garantir une alimentation ininterrompue.<\/p>\n<p>&nbsp;<\/p>","protected":false},"featured_media":8669,"template":"","meta":{"_acf_changed":false,"site-sidebar-layout":"default","site-content-layout":"","ast-site-content-layout":"default","site-content-style":"default","site-sidebar-style":"default","ast-global-header-display":"","ast-banner-title-visibility":"","ast-main-header-display":"","ast-hfb-above-header-display":"","ast-hfb-below-header-display":"","ast-hfb-mobile-header-display":"","site-post-title":"","ast-breadcrumbs-content":"","ast-featured-img":"","footer-sml-layout":"","theme-transparent-header-meta":"default","adv-header-id-meta":"","stick-header-meta":"default","header-above-stick-meta":"","header-main-stick-meta":"","header-below-stick-meta":"","astra-migrate-meta-layouts":"set","ast-page-background-enabled":"default","ast-page-background-meta":{"desktop":{"background-color":"","background-image":"","background-repeat":"repeat","background-position":"center center","background-size":"auto","background-attachment":"scroll","background-type":"","background-media":"","overlay-type":"","overlay-color":"","overlay-opacity":"","overlay-gradient":""},"tablet":{"background-color":"","background-image":"","background-repeat":"repeat","background-position":"center center","background-size":"auto","background-attachment":"scroll","background-type":"","background-media":"","overlay-type":"","overlay-color":"","overlay-opacity":"","overlay-gradient":""},"mobile":{"background-color":"","background-image":"","background-repeat":"repeat","background-position":"center center","background-size":"auto","background-attachment":"scroll","background-type":"","background-media":"","overlay-type":"","overlay-color":"","overlay-opacity":"","overlay-gradient":""}},"ast-content-background-meta":{"desktop":{"background-color":"var(--ast-global-color-5)","background-image":"","background-repeat":"repeat","background-position":"center center","background-size":"auto","background-attachment":"scroll","background-type":"","background-media":"","overlay-type":"","overlay-color":"","overlay-opacity":"","overlay-gradient":""},"tablet":{"background-color":"var(--ast-global-color-5)","background-image":"","background-repeat":"repeat","background-position":"center center","background-size":"auto","background-attachment":"scroll","background-type":"","background-media":"","overlay-type":"","overlay-color":"","overlay-opacity":"","overlay-gradient":""},"mobile":{"background-color":"var(--ast-global-color-5)","background-image":"","background-repeat":"repeat","background-position":"center center","background-size":"auto","background-attachment":"scroll","background-type":"","background-media":"","overlay-type":"","overlay-color":"","overlay-opacity":"","overlay-gradient":""}},"_seo_title":"Intelligent automatic transfer switch\uff08ATS) JGAT3-1","_seo_keywords":"Automatic Transfer Switch ATS, ats, Automatic Transfer Switch mode in china","_seo_description":"Intelligent automatic transfer switch\uff08ATS) is Multiple Power Source Management: This 3-way automatic transfer switch has 3pcs power input interfaces,"},"product_brand":[],"product_cat":[15,100,65,57],"product_tag":[101,102,128,129],"class_list":{"0":"post-7409","1":"product","2":"type-product","3":"status-publish","4":"has-post-thumbnail","6":"product_cat-product","7":"product_cat-ats","8":"product_cat-current-and-voltage-protector","9":"product_cat-smart-protector","10":"product_tag-ats","11":"product_tag-automatic-transfer-switch","12":"product_tag-intelligent-automatic-transfer-switch","13":"product_tag-intelligent-automatic-transfer-switchats","14":"desktop-align-center","15":"tablet-align-left","16":"mobile-align-left","17":"ast-product-gallery-layout-horizontal-slider","19":"first","20":"instock","21":"featured","22":"downloadable","23":"shipping-taxable","24":"purchasable","25":"product-type-simple"},"acf":[],"seo_title":"Intelligent automatic transfer switch\uff08ATS) JGAT3-1","seo_keywords":"Automatic Transfer Switch ATS, ats, Automatic Transfer Switch mode in china","seo_description":"Intelligent automatic transfer switch\uff08ATS) is Multiple Power Source Management: This 3-way automatic transfer switch has 3pcs power input interfaces,","seo_score":"85","product_seo_keywords":"","_links":{"self":[{"href":"https:\/\/bright-china.com\/fr\/wp-json\/wp\/v2\/product\/7409","targetHints":{"allow":["GET"]}}],"collection":[{"href":"https:\/\/bright-china.com\/fr\/wp-json\/wp\/v2\/product"}],"about":[{"href":"https:\/\/bright-china.com\/fr\/wp-json\/wp\/v2\/types\/product"}],"wp:featuredmedia":[{"embeddable":true,"href":"https:\/\/bright-china.com\/fr\/wp-json\/wp\/v2\/media\/8669"}],"wp:attachment":[{"href":"https:\/\/bright-china.com\/fr\/wp-json\/wp\/v2\/media?parent=7409"}],"wp:term":[{"taxonomy":"product_brand","embeddable":true,"href":"https:\/\/bright-china.com\/fr\/wp-json\/wp\/v2\/product_brand?post=7409"},{"taxonomy":"product_cat","embeddable":true,"href":"https:\/\/bright-china.com\/fr\/wp-json\/wp\/v2\/product_cat?post=7409"},{"taxonomy":"product_tag","embeddable":true,"href":"https:\/\/bright-china.com\/fr\/wp-json\/wp\/v2\/product_tag?post=7409"}],"curies":[{"name":"wp","href":"https:\/\/api.w.org\/{rel}","templated":true}]}}