{"id":4427,"date":"2025-04-27T02:23:54","date_gmt":"2025-04-27T02:23:54","guid":{"rendered":"https:\/\/bright-china.com\/?post_type=product&#038;p=4427"},"modified":"2026-01-05T00:53:20","modified_gmt":"2026-01-05T07:53:20","slug":"ats-jgq3-100","status":"publish","type":"product","link":"https:\/\/bright-china.com\/it\/product\/ats-jgq3-100\/","title":{"rendered":"Interruttore di trasferimento automatico (ATS\uff09JGQ3-100)"},"content":{"rendered":"<h2><strong>Introduzione<\/strong><\/h2>\n<hr \/>\n<p><img fetchpriority=\"high\" decoding=\"async\" class=\"wp-image-8744 size-medium alignleft\" src=\"https:\/\/bright-china.com\/wp-content\/uploads\/2025\/04\/Automatic-Transfer-Switch-JGQ3-100S-4-300x300.webp\" alt=\"Interruttore automatico di trasferimento-JGQ3-100S\" width=\"300\" height=\"300\" srcset=\"https:\/\/bright-china.com\/wp-content\/uploads\/2025\/04\/Automatic-Transfer-Switch-JGQ3-100S-4-300x300.webp 300w, https:\/\/bright-china.com\/wp-content\/uploads\/2025\/04\/Automatic-Transfer-Switch-JGQ3-100S-4-150x150.webp 150w, https:\/\/bright-china.com\/wp-content\/uploads\/2025\/04\/Automatic-Transfer-Switch-JGQ3-100S-4-768x768.webp 768w, https:\/\/bright-china.com\/wp-content\/uploads\/2025\/04\/Automatic-Transfer-Switch-JGQ3-100S-4-12x12.webp 12w, https:\/\/bright-china.com\/wp-content\/uploads\/2025\/04\/Automatic-Transfer-Switch-JGQ3-100S-4-600x600.webp 600w, https:\/\/bright-china.com\/wp-content\/uploads\/2025\/04\/Automatic-Transfer-Switch-JGQ3-100S-4-100x100.webp 100w, https:\/\/bright-china.com\/wp-content\/uploads\/2025\/04\/Automatic-Transfer-Switch-JGQ3-100S-4.webp 800w\" sizes=\"(max-width: 300px) 100vw, 300px\" \/><\/p>\n<p><a href=\"https:\/\/bright-china.com\/product\/ats-jgq3-100\/\">Interruttore di trasferimento automatico-ATS<\/a> JGQ3-100 (<a href=\"https:\/\/bright-china.com\/en\/ats\/\" title=\"\u67e5\u770b\u66f4\u591a\u5173\u4e8eATS\u7684\u4fe1\u606f\" class=\"seo-keyword-link\" style=\"font-weight: bold; color: inherit; text-decoration: underline; border-bottom: 1px dotted #667eea;\">ATS<\/a>), \u00e8 un insieme di interruttore e controllo logico in uno, senza la necessit\u00e0 di un controller esterno, veramente realizzare l'integrazione meccanica ed elettrica del commutatore automatico, \u00e8 adatto per AC 50Hz, tensione nominale a 440V, la corrente di riscaldamento concordato di 100A nelle apparecchiature di distribuzione di energia industriale e aziendale, con il rilevamento della tensione, con rilevamento della tensione, rilevamento della frequenza, interfaccia di comunicazione, interblocco elettrico e meccanico e altre funzioni, pu\u00f2 raggiungere il funzionamento completamente automatico, il controllo remoto, lo \u201c0\u201d forzato, il funzionamento manuale di emergenza, \u00e8 ampiamente utilizzato nella conversione automatica della corrente principale e nel sistema di alimentazione di standby o nella conversione automatica e nell'isolamento di sicurezza di due apparecchiature di carico.<\/p>\n<p>Il commutatore automatico di trasferimento Dual Power-ATS \u00e8 gestito dalla scheda di controllo emessa da vari comandi logici e il motore aziona il meccanismo di funzionamento della parte principale del sistema. <a href=\"https:\/\/elejg.com\/\">interruttore<\/a>, collega rapidamente il circuito di interruzione o converte l'apparecchio elettrico e realizza l'isolamento di sicurezza attraverso un evidente stato di visibilit\u00e0.<\/p>\n<h2>Descrizione della struttura dell'interruttore<\/h2>\n<hr \/>\n<p>1. Pulsante elettrico: controlla l'alimentazione della linea di controllo interna dell'interruttore, e quando il pulsante elettrico \u00e8 automatico, l'interruttore pu\u00f2 essere completamente automatico e operativo.<br \/>\nControllo e forzatura del funzionamento \u201c0\u201d, quando il pulsante elettrico \u00e8 manuale, l'interruttore pu\u00f2 essere azionato solo manualmente.<br \/>\n2. Azionare la maniglia: Quando si utilizza la maniglia per l'azionamento manuale, il pulsante elettrico deve essere in stato manuale.<br \/>\n3. Meccanismo a lucchetto: speciale per la manutenzione, cio\u00e8, prima utilizzare la maniglia di comando per rendere l'interruttore in posizione \u201c0\u201d, quindi collegare il meccanismo a lucchetto.<br \/>\nlucchetto, pu\u00f2 essere revisionato (prendere il lucchetto per tagliare il potere di controllo interno dell'interruttore, l'interruttore non pu\u00f2 essere automatico, e non pu\u00f2 essere realizzato a mano).<br \/>\nin movimento).<br \/>\n4. Indicatore: indica la posizione di lavoro dell'interruttore (I, O, II).<\/p>\n<h2>I principali parametri tecnici<\/h2>\n<hr \/>\n<p>1. L'interruttore \u00e8 conforme a: IEC947-6-1, GB14048.11<br \/>\n2. Tensione nominale di esercizio (Ue): AC415V<br \/>\n3. Capacit\u00e0 nominale di accensione (A Rms): 10Ie<br \/>\n4. Potere di interruzione nominale (A rms): 8Ie<br \/>\n5. Corrente nominale di riscaldamento: 100A<br \/>\n6. Tensione nominale di isolamento: 750 V<br \/>\n7. Tensione nominale di resistenza agli impulsi: 8kV<br \/>\n8. Corrente di lavoro nominale: 100A<br \/>\n9. Corrente nominale di cortocircuito: 7kA<br \/>\n10. Corrente nominale di limitazione: 100kA<br \/>\n11. Tempo di conversione: 1S<\/p>\n<h2>Come si usa<\/h2>\n<hr \/>\n<p>1. Funzione completamente automatica: quando l'alimentatore comunemente utilizzato viene spento, l'interruttore passa automaticamente all'alimentazione di standby; quando l'alimentazione di standby viene ripristinata, il funzionamento \u00e8 normale,<br \/>\nL'interruttore torna automaticamente all'alimentazione di riserva.<br \/>\n2. Funzione \u201c0\u201d forzato: Avviando il pulsante \u201c0\u201d forzato, l'interruttore interromper\u00e0 l'alimentazione doppia.<br \/>\n3. Funzione di controllo remoto: cio\u00e8, telecomando, premere il pulsante \u201cI\u201d; poi l'alimentazione \u00e8 comunemente usato; Premere la posizione \u201cII\u201d.<br \/>\nPremere il pulsante \u201c0\u201d per interrompere l'alimentazione doppia.<br \/>\n4. Selezionare la funzione di commutazione in base alle proprie esigenze e cablare secondo la funzione corrispondente.<br \/>\n5. Al momento dell'ordine, indicare il modello di interruttore, le specifiche attuali e la funzione richiesta.<\/p>","protected":false},"excerpt":{"rendered":"<p><a href=\"https:\/\/bright-china.com\/dc-circuit-breakers-2\/\">Interruttore di trasferimento automatico-ATS\u00a0<\/a> JGQ3-100\u00a0 (<a href=\"https:\/\/bright-china.com\/en\/ats\/\" title=\"\u67e5\u770b\u66f4\u591a\u5173\u4e8eATS\u7684\u4fe1\u606f\" class=\"seo-keyword-link\" style=\"font-weight: bold; color: inherit; text-decoration: underline; border-bottom: 1px dotted #667eea;\">ATS<\/a>), is a set of switch and logic control in one, without the need for an external controller, truly realize the mechanical and electrical integration of the automatic transfer switch, it is suitable for AC 50Hz, rated voltage to 440V, the agreed heating current of 100A in the industrial and enterprise power distribution equipment, with voltage detection,<\/p>","protected":false},"featured_media":8744,"template":"","meta":{"_acf_changed":false,"site-sidebar-layout":"default","site-content-layout":"","ast-site-content-layout":"default","site-content-style":"default","site-sidebar-style":"default","ast-global-header-display":"","ast-banner-title-visibility":"","ast-main-header-display":"","ast-hfb-above-header-display":"","ast-hfb-below-header-display":"","ast-hfb-mobile-header-display":"","site-post-title":"","ast-breadcrumbs-content":"","ast-featured-img":"","footer-sml-layout":"","theme-transparent-header-meta":"default","adv-header-id-meta":"","stick-header-meta":"default","header-above-stick-meta":"","header-main-stick-meta":"","header-below-stick-meta":"","astra-migrate-meta-layouts":"set","ast-page-background-enabled":"default","ast-page-background-meta":{"desktop":{"background-color":"","background-image":"","background-repeat":"repeat","background-position":"center center","background-size":"auto","background-attachment":"scroll","background-type":"","background-media":"","overlay-type":"","overlay-color":"","overlay-opacity":"","overlay-gradient":""},"tablet":{"background-color":"","background-image":"","background-repeat":"repeat","background-position":"center center","background-size":"auto","background-attachment":"scroll","background-type":"","background-media":"","overlay-type":"","overlay-color":"","overlay-opacity":"","overlay-gradient":""},"mobile":{"background-color":"","background-image":"","background-repeat":"repeat","background-position":"center center","background-size":"auto","background-attachment":"scroll","background-type":"","background-media":"","overlay-type":"","overlay-color":"","overlay-opacity":"","overlay-gradient":""}},"ast-content-background-meta":{"desktop":{"background-color":"var(--ast-global-color-5)","background-image":"","background-repeat":"repeat","background-position":"center center","background-size":"auto","background-attachment":"scroll","background-type":"","background-media":"","overlay-type":"","overlay-color":"","overlay-opacity":"","overlay-gradient":""},"tablet":{"background-color":"var(--ast-global-color-5)","background-image":"","background-repeat":"repeat","background-position":"center center","background-size":"auto","background-attachment":"scroll","background-type":"","background-media":"","overlay-type":"","overlay-color":"","overlay-opacity":"","overlay-gradient":""},"mobile":{"background-color":"var(--ast-global-color-5)","background-image":"","background-repeat":"repeat","background-position":"center center","background-size":"auto","background-attachment":"scroll","background-type":"","background-media":"","overlay-type":"","overlay-color":"","overlay-opacity":"","overlay-gradient":""}},"_seo_title":"Automatic transfer switch\uff08ATS\uff09JGQ3-100","_seo_keywords":"Automatic transfer switch-ATS\u00a0, Automatic transfer switching equipment, Automatic transfer switch of in china","_seo_description":"Automatic transfer switch-ATS\u00a0 JGQ3-100\u00a0 (ATS), is a set of switch and logic control in one, without the need for an external controller,"},"product_brand":[],"product_cat":[15,100],"product_tag":[101,102,103],"class_list":{"0":"post-4427","1":"product","2":"type-product","3":"status-publish","4":"has-post-thumbnail","6":"product_cat-product","7":"product_cat-ats","8":"product_tag-ats","9":"product_tag-automatic-transfer-switch","10":"product_tag-dual-power-automatic-transfer-switch","11":"desktop-align-center","12":"tablet-align-left","13":"mobile-align-left","14":"ast-product-gallery-layout-horizontal-slider","16":"first","17":"instock","18":"featured","19":"shipping-taxable","20":"purchasable","21":"product-type-simple"},"acf":[],"seo_title":"Automatic transfer switch\uff08ATS\uff09JGQ3-100","seo_keywords":"Automatic transfer switch-ATS\u00a0, Automatic transfer switching equipment, Automatic transfer switch of in china","seo_description":"Automatic transfer switch-ATS\u00a0 JGQ3-100\u00a0 (ATS), is a set of switch and logic control in one, without the need for an external controller,","seo_score":"85","product_seo_keywords":"","_links":{"self":[{"href":"https:\/\/bright-china.com\/it\/wp-json\/wp\/v2\/product\/4427","targetHints":{"allow":["GET"]}}],"collection":[{"href":"https:\/\/bright-china.com\/it\/wp-json\/wp\/v2\/product"}],"about":[{"href":"https:\/\/bright-china.com\/it\/wp-json\/wp\/v2\/types\/product"}],"wp:featuredmedia":[{"embeddable":true,"href":"https:\/\/bright-china.com\/it\/wp-json\/wp\/v2\/media\/8744"}],"wp:attachment":[{"href":"https:\/\/bright-china.com\/it\/wp-json\/wp\/v2\/media?parent=4427"}],"wp:term":[{"taxonomy":"product_brand","embeddable":true,"href":"https:\/\/bright-china.com\/it\/wp-json\/wp\/v2\/product_brand?post=4427"},{"taxonomy":"product_cat","embeddable":true,"href":"https:\/\/bright-china.com\/it\/wp-json\/wp\/v2\/product_cat?post=4427"},{"taxonomy":"product_tag","embeddable":true,"href":"https:\/\/bright-china.com\/it\/wp-json\/wp\/v2\/product_tag?post=4427"}],"curies":[{"name":"wp","href":"https:\/\/api.w.org\/{rel}","templated":true}]}}