{"id":4428,"date":"2025-04-27T02:23:54","date_gmt":"2025-04-27T02:23:54","guid":{"rendered":"https:\/\/bright-china.com\/?post_type=product&#038;p=4428"},"modified":"2026-01-01T17:34:45","modified_gmt":"2026-01-02T00:34:45","slug":"ats-jgq1-63","status":"publish","type":"product","link":"https:\/\/bright-china.com\/it\/product\/ats-jgq1-63\/","title":{"rendered":"Interruttore di trasferimento automatico a doppia potenza JGQ1-63"},"content":{"rendered":"<h2><strong>introduzione<\/strong><\/h2>\n<hr \/>\n<p><img fetchpriority=\"high\" decoding=\"async\" class=\"alignleft wp-image-8747 size-medium\" src=\"https:\/\/bright-china.com\/wp-content\/uploads\/2025\/04\/Automatic-Transfer-Switch-JGQ1-63-2-300x300.webp\" alt=\"Interruttore automatico di trasferimento - JGQ1-63\" width=\"300\" height=\"300\" srcset=\"https:\/\/bright-china.com\/wp-content\/uploads\/2025\/04\/Automatic-Transfer-Switch-JGQ1-63-2-300x300.webp 300w, https:\/\/bright-china.com\/wp-content\/uploads\/2025\/04\/Automatic-Transfer-Switch-JGQ1-63-2-150x150.webp 150w, https:\/\/bright-china.com\/wp-content\/uploads\/2025\/04\/Automatic-Transfer-Switch-JGQ1-63-2-768x768.webp 768w, https:\/\/bright-china.com\/wp-content\/uploads\/2025\/04\/Automatic-Transfer-Switch-JGQ1-63-2-12x12.webp 12w, https:\/\/bright-china.com\/wp-content\/uploads\/2025\/04\/Automatic-Transfer-Switch-JGQ1-63-2-600x600.webp 600w, https:\/\/bright-china.com\/wp-content\/uploads\/2025\/04\/Automatic-Transfer-Switch-JGQ1-63-2-100x100.webp 100w, https:\/\/bright-china.com\/wp-content\/uploads\/2025\/04\/Automatic-Transfer-Switch-JGQ1-63-2.webp 800w\" sizes=\"(max-width: 300px) 100vw, 300px\" \/><\/p>\n<p>Serie JGQ1 <a href=\"https:\/\/bright-china.com\/dc-circuit-breakers-2\/\">Interruttore di trasferimento automatico a doppia potenza<\/a> (di seguito denominato interruttore di trasferimento) \u00e8 adatto per la corrente alternata a 50 Hz o 60 Hz, tensione nominale di esercizio 400 V, sotto il sistema di alimentazione a doppio circuito. La conversione selettiva tra le due alimentazioni pu\u00f2 essere effettuata in base alle esigenze. Il prodotto ha le funzioni di cortocircuito, sovraccarico, sottotensione e perdita di tensione, oltre a possedere le funzioni di antincendio e di sicurezza. <a href=\"https:\/\/elejg.com\/\">protezione<\/a>, doppia divisione e segnale di chiusura in uscita.<br \/>\n\u00c8 particolarmente adatto per l'installazione e l'utilizzo di linee di illuminazione in edifici per uffici, centri commerciali, banche, stazioni, ospedali e grattacieli che richiedono requisiti di protezione antincendio.<br \/>\nIl prodotto \u00e8 conforme agli standard GB\/T14048, 11.<\/p>\n<h2>Condizioni di lavoro normali<\/h2>\n<hr \/>\n<p>3.1 Il limite superiore della temperatura dell'aria ambiente non deve superare i +40\u00b0C, mentre il limite inferiore non deve superare i \u00b0C.<\/p>\n<p>Il valore medio delle 24 ore non supera i +35\u00b0C.<\/p>\n<p>3.2 L'altitudine del sito di installazione non deve superare i 2000 metri.<\/p>\n<p>3.3 L'umidit\u00e0 relativa dell'atmosfera non supera i 50% alla temperatura dell'aria ambiente di +40\u00b0C, mentre a temperature pi\u00f9 basse pu\u00f2 esserci un'umidit\u00e0 maggiore; quando la temperatura media mensile minima del mese pi\u00f9 umido \u00e8 di +25\u00b0C, l'umidit\u00e0 relativa media massima \u00e8 di 90%, tenendo conto dei fattori<\/p>\n<p>Se si verificano variazioni di umidit\u00e0 sulla superficie del prodotto per la formazione di condensa, \u00e8 necessario adottare misure speciali.<\/p>\n<p>3.4 Il livello di inquinamento \u00e8 di Classe III.<\/p>\n<p>3.5 Non ci sono forti vibrazioni e impatti nel sito di funzionamento, non c'\u00e8 corrosione e non si danneggiano i gas nocivi dell'isolamento, non c'\u00e8 polvere grave, non ci sono particelle conduttive e sostanze pericolose esplosive,<\/p>\n<p>Nessuna forte interferenza elettromagnetica\u3002<\/p>\n<h2>Caratteristiche dell'interruttore automatico di trasferimento a doppia potenza<\/h2>\n<hr \/>\n<p>4.1 La struttura del commutatore automatico di doppia potenza \u00e8 ragionevole, le dimensioni sono minime, l'aspetto \u00e8 bello, dotato di una copertura protettiva, e l'alimentazione \u00e8 pi\u00f9 sicura e affidabile.<\/p>\n<p>4.2 La funzione di espansione \u00e8 completa, con protezione da cortocircuito, sovraccarico, perdita di fase, sottotensione e altro.<\/p>\n<p>4.3 Con l'interfaccia di alimentazione del fuoco EPS, DC12~24V pu\u00f2 essere affidabile e a lunga distanza a doppia divisione.<\/p>\n<p>4.4 Funzionamento silenzioso, risparmio energetico e riduzione dei consumi, facile installazione, funzionamento semplice, prestazioni affidabili e stabili.<\/p>\n<h2>Prestazioni dell'interruttore automatico di trasferimento a doppia potenza<\/h2>\n<hr \/>\n<p>5.1 L'interruttore di trasferimento \u00e8 composto da due interruttori miniaturizzati e da motori e dispositivi meccanici di rotazione combinati in uno e rileva le due alimentazioni attraverso il controllore; quando il circuito \u00e8 anomalo, il controllore esprime un giudizio logico sui risultati del rilevamento, in base alle istruzioni del controllore.<\/p>\n<p>Azionare il meccanismo di funzionamento per aprire o chiudere, in modo da garantire un'alimentazione sicura e affidabile al carico.<\/p>\n<p>5.2 Capacit\u00e0 di commutazione e disconnessione<\/p>\n<p>5.3 Capacit\u00e0 nominale di interruzione del cortocircuito: 3kA<\/p>\n<p>5.4 Capacit\u00e0 nominale di accensione per cortocircuito: 3kA<\/p>\n<p>5,5 Tempo di conversione: \u22643s<\/p>\n<p>5.6 La tensione di controllo dell'interruttore di trasferimento \u00e8 di 230 V CA.<\/p>\n<p>5.7 La durata meccanica dell'interruttore di trasferimento (conversione comune e standby) \u00e8 di 3000 volte,<\/p>\n<p>La durata elettrica \u00e8 di 1500 volte<\/p>\n<p>5.8 Tensione nominale di isolamento: U=500V<\/p>\n<p>5,9 Corrente di lavoro nominale: 10A, 16A, 20A, 25A, 32A, 40A, 63A.<\/p>\n<p>5.10 In generale, l'interruttore di trasferimento ha la funzione di lancio e recupero automatico e il principio di priorit\u00e0 dell'alimentazione comune. Se in un'occasione speciale \u00e8 necessario un interruttore di trasferimento autoavviante e non ripristinabile, l'utente deve negoziare con il produttore la sua personalizzazione.<\/p>\n<h2>Funzionamento e installazione<\/h2>\n<hr \/>\n<p>6.1 Se l'interruttore \u00e8 a 3 poli, il filo di neutro deve essere collegato al terminale di neutro dell'interruttore di trasferimento (il filo di neutro comunemente usato e il filo di neutro di scorta nella Figura<\/p>\n<p>6,2 sono collegati rispettivamente ai morsetti 2# e 4#).<\/p>\n<p>6.1 Schema di cablaggio del circuito principale<\/p>\n<p>6.2 Indicazione di chiusura dell'alimentazione esterna e schema di cablaggio dell'alimentazione antincendio<\/p>\n<p>6.3 Quando l'interruttore di trasferimento deve essere azionato manualmente, se \u00e8 di tipo JGQ1-63, l'interruttore a pulsante deve essere prima in posizione manuale e poi la maniglia pu\u00f2 essere ruotata per la conversione comune o standby, se \u00e8 di tipo JGQ1-63, premere il pulsante manuale\/automatico e quando la spia manuale \u00e8 accesa, \u00e8 possibile effettuare la conversione comune o standby. Se si mette la modalit\u00e0 di controllo in posizione automatica, l'interruttore di trasferimento entrer\u00e0 nello stato di lavoro automatico e l'alimentazione comune avr\u00e0 la precedenza.<\/p>\n<p>6.4 Quando l'interruttore di trasferimento \u00e8 collegato alla linea secondo lo schema di cablaggio, dopo l'accensione normale, se l'alimentazione comune e l'alimentazione di riserva sono tutte normali, la spia (rossa) dell'alimentazione comune o dell'alimentazione di riserva \u00e8 accesa e l'interruttore di trasferimento funziona normalmente.<\/p>","protected":false},"excerpt":{"rendered":"<p>Serie JGQ1 <a href=\"https:\/\/bright-china.com\/dc-circuit-breakers-2\/\">Interruttore di trasferimento automatico a doppia potenza<\/a> (di seguito denominato interruttore di trasferimento) \u00e8 adatto per la corrente alternata a 50 Hz o 60 Hz, tensione nominale di esercizio 400 V, sotto il sistema di alimentazione a doppio circuito. La conversione selettiva tra le due alimentazioni pu\u00f2 essere effettuata in base alle esigenze. Il prodotto ha le funzioni di cortocircuito, sovraccarico, sottotensione e perdita di tensione, nonch\u00e9 le funzioni di protezione antincendio, doppia divisione e segnale di chiusura in uscita.<\/p>\n<p>\u00c8 particolarmente adatto per l'installazione e l'utilizzo di linee di illuminazione in edifici per uffici, centri commerciali, banche, stazioni, ospedali e grattacieli che richiedono requisiti di protezione antincendio.Il prodotto \u00e8 conforme alle norme GB\/T14048, 11.<\/p>","protected":false},"featured_media":8747,"template":"","meta":{"_acf_changed":false,"site-sidebar-layout":"default","site-content-layout":"","ast-site-content-layout":"default","site-content-style":"default","site-sidebar-style":"default","ast-global-header-display":"","ast-banner-title-visibility":"","ast-main-header-display":"","ast-hfb-above-header-display":"","ast-hfb-below-header-display":"","ast-hfb-mobile-header-display":"","site-post-title":"","ast-breadcrumbs-content":"","ast-featured-img":"","footer-sml-layout":"","theme-transparent-header-meta":"default","adv-header-id-meta":"","stick-header-meta":"default","header-above-stick-meta":"","header-main-stick-meta":"","header-below-stick-meta":"","astra-migrate-meta-layouts":"set","ast-page-background-enabled":"default","ast-page-background-meta":{"desktop":{"background-color":"","background-image":"","background-repeat":"repeat","background-position":"center center","background-size":"auto","background-attachment":"scroll","background-type":"","background-media":"","overlay-type":"","overlay-color":"","overlay-opacity":"","overlay-gradient":""},"tablet":{"background-color":"","background-image":"","background-repeat":"repeat","background-position":"center center","background-size":"auto","background-attachment":"scroll","background-type":"","background-media":"","overlay-type":"","overlay-color":"","overlay-opacity":"","overlay-gradient":""},"mobile":{"background-color":"","background-image":"","background-repeat":"repeat","background-position":"center center","background-size":"auto","background-attachment":"scroll","background-type":"","background-media":"","overlay-type":"","overlay-color":"","overlay-opacity":"","overlay-gradient":""}},"ast-content-background-meta":{"desktop":{"background-color":"var(--ast-global-color-5)","background-image":"","background-repeat":"repeat","background-position":"center center","background-size":"auto","background-attachment":"scroll","background-type":"","background-media":"","overlay-type":"","overlay-color":"","overlay-opacity":"","overlay-gradient":""},"tablet":{"background-color":"var(--ast-global-color-5)","background-image":"","background-repeat":"repeat","background-position":"center center","background-size":"auto","background-attachment":"scroll","background-type":"","background-media":"","overlay-type":"","overlay-color":"","overlay-opacity":"","overlay-gradient":""},"mobile":{"background-color":"var(--ast-global-color-5)","background-image":"","background-repeat":"repeat","background-position":"center center","background-size":"auto","background-attachment":"scroll","background-type":"","background-media":"","overlay-type":"","overlay-color":"","overlay-opacity":"","overlay-gradient":""}},"_seo_title":"Dual Power Automatic Transfer Switch JGQ1-63","_seo_keywords":"Dual Power Automatic Transfer Switch, Automatic Transfer Switch, ATS","_seo_description":"JGQ1 series Dual Power Automatic Transfer Switch (hereinafter referred to as the transfer switch) is suitable for AC 50Hz or 60Hz, rated working voltage 400V, below the double circuit power..."},"product_brand":[],"product_cat":[15,100],"product_tag":[101,102,103],"class_list":{"0":"post-4428","1":"product","2":"type-product","3":"status-publish","4":"has-post-thumbnail","6":"product_cat-product","7":"product_cat-ats","8":"product_tag-ats","9":"product_tag-automatic-transfer-switch","10":"product_tag-dual-power-automatic-transfer-switch","11":"desktop-align-center","12":"tablet-align-left","13":"mobile-align-left","14":"ast-product-gallery-layout-horizontal-slider","16":"first","17":"instock","18":"sale","19":"featured","20":"shipping-taxable","21":"purchasable","22":"product-type-simple"},"acf":[],"seo_title":"Dual Power Automatic Transfer Switch JGQ1-63","seo_keywords":"Dual Power Automatic Transfer Switch, Automatic Transfer Switch, ATS","seo_description":"JGQ1 series Dual Power Automatic Transfer Switch (hereinafter referred to as the transfer switch) is suitable for AC 50Hz or 60Hz, rated working voltage 400V, below the double circuit power...","seo_score":"85","product_seo_keywords":"","_links":{"self":[{"href":"https:\/\/bright-china.com\/it\/wp-json\/wp\/v2\/product\/4428","targetHints":{"allow":["GET"]}}],"collection":[{"href":"https:\/\/bright-china.com\/it\/wp-json\/wp\/v2\/product"}],"about":[{"href":"https:\/\/bright-china.com\/it\/wp-json\/wp\/v2\/types\/product"}],"wp:featuredmedia":[{"embeddable":true,"href":"https:\/\/bright-china.com\/it\/wp-json\/wp\/v2\/media\/8747"}],"wp:attachment":[{"href":"https:\/\/bright-china.com\/it\/wp-json\/wp\/v2\/media?parent=4428"}],"wp:term":[{"taxonomy":"product_brand","embeddable":true,"href":"https:\/\/bright-china.com\/it\/wp-json\/wp\/v2\/product_brand?post=4428"},{"taxonomy":"product_cat","embeddable":true,"href":"https:\/\/bright-china.com\/it\/wp-json\/wp\/v2\/product_cat?post=4428"},{"taxonomy":"product_tag","embeddable":true,"href":"https:\/\/bright-china.com\/it\/wp-json\/wp\/v2\/product_tag?post=4428"}],"curies":[{"name":"wp","href":"https:\/\/api.w.org\/{rel}","templated":true}]}}