{"id":4430,"date":"2025-04-27T02:23:54","date_gmt":"2025-04-27T02:23:54","guid":{"rendered":"https:\/\/bright-china.com\/?post_type=product&#038;p=4430"},"modified":"2025-12-31T03:45:54","modified_gmt":"2025-12-31T10:45:54","slug":"jgkb-45","status":"publish","type":"product","link":"https:\/\/bright-china.com\/it\/product\/jgkb-45\/","title":{"rendered":"Commutazione di controllo e protezione JGKB-45"},"content":{"rendered":"<h2><strong>Introduzione<\/strong><\/h2>\n<hr \/>\n<p><span style=\"font-size: 16px;\">\u00a0 \u00a0 Il <\/span><a style=\"font-size: 16px; background-color: #ffffff;\" href=\"https:\/\/bright-china.com\/motor-protector\/\">Commutazione di controllo e protezione, protettore del motore <\/a><span style=\"font-size: 16px;\">ha un design dall'aspetto gradevole e dispone di funzioni quali sovratensione, sottotensione, sovraccarico, cortocircuito, rotore bloccato, squilibrio trifase, sovratemperatura, perdite, comunicazione, ecc. Il design del software \u00e8 facile da usare, con display diretto a tre righe, e le funzioni del prodotto sono facili da espandere. Attualmente, \u00e8 l'interruttore di controllo e protezione pi\u00f9 completo nella funzione di protezione delle apparecchiature elettriche. <\/span><a style=\"font-size: 16px; background-color: #ffffff;\" href=\"https:\/\/elejg.com\/\">protettori<\/a><span style=\"font-size: 16px;\">.<\/span><\/p>\n<h2><strong>\u00a0Caratteristiche del prodotto<\/strong><\/h2>\n<hr \/>\n<p>1. Estensione delle funzioni: Protezione dalla temperatura e dalle perdite, con il collegamento di accessori esterni \u00e8 possibile aggiungere le funzioni di protezione richieste.<\/p>\n<p>2. Display digitale a tre file di tubi, visualizzazione intuitiva dei parametri di tensione, corrente, perdita e temperatura in tempo reale.<\/p>\n<p>3. Ampio intervallo regolabile di corrente di protezione:<\/p>\n<table style=\"height: 371px; width: 100%; border-color: #969696;\" width=\"100%\">\n<tbody>\n<tr style=\"height: 53px;\">\n<td style=\"height: 53px; background-color: #060a30;\" width=\"212\"><span style=\"color: #ffffff;\">Tipo<\/span><\/td>\n<td style=\"height: 53px; background-color: #060a30;\" width=\"119\"><span style=\"color: #ffffff;\">JGKB-45<\/span><\/td>\n<\/tr>\n<tr style=\"height: 53px;\">\n<td style=\"height: 53px;\">Campo di impostazione della corrente<\/td>\n<td style=\"height: 53px;\">1~10A\uff0c2~45A<\/td>\n<\/tr>\n<tr style=\"height: 53px;\">\n<td style=\"height: 53px; background-color: #dedede;\">Campo di impostazione della sovratensione<\/td>\n<td style=\"height: 53px; background-color: #dedede;\">AC265V (210~300V)<\/td>\n<\/tr>\n<tr style=\"height: 53px;\">\n<td style=\"height: 53px;\">Campo di impostazione della sottotensione<\/td>\n<td style=\"height: 53px;\">AC170V (80~200V)<\/td>\n<\/tr>\n<tr style=\"height: 53px;\">\n<td style=\"height: 53px; background-color: #dedede;\">Campo di impostazione della corrente di dispersione<\/td>\n<td style=\"height: 53px; background-color: #dedede;\">20mA (5~300mA)<\/td>\n<\/tr>\n<tr style=\"height: 53px;\">\n<td style=\"height: 53px;\">Campo di impostazione della temperatura<\/td>\n<td style=\"height: 53px;\">70\u2103\uff081-150\u2103\uff09<\/td>\n<\/tr>\n<tr style=\"height: 53px;\">\n<td style=\"height: 53px; background-color: #dedede;\">Conformit\u00e0 con<\/td>\n<td style=\"height: 53px; background-color: #dedede;\">IEC 60947-6-2<\/td>\n<\/tr>\n<\/tbody>\n<\/table>\n<p>4. Funzione di comunicazione 485 personalizzabile<\/p>\n<p>5. Funzione password per evitare inutili interventi di assistenza post-vendita causati da personale non autorizzato che imposta il prodotto in modo errato in loco.<\/p>\n<p>6. Aggiunta della funzione di ripristino in fabbrica, che consente di ripristinare con un clic lo stato originale del programma in caso di errori di impostazione in loco.<\/p>\n<p>3. Parametri tecnici<\/p>\n<p>1. Gamma di rilevamento della tensione: AC100~300V, livello di precisione: 1,0 livello.<\/p>\n<p>2. Gamma di rilevamento della corrente: 45 tipo, 1-45A, livello di precisione: 1,0 livello.<\/p>\n<p>Tipo 125, 32-125A, livello di precisione: 1,0<\/p>\n<p>3. Campo di rilevamento della corrente di dispersione: 5-300mA, livello di precisione: 2,5.<\/p>\n<p>4. Intervallo di rilevamento della temperatura: -50~160 \u2103, livello di precisione: 2.0.<\/p>\n<p>3. Consumo di energia del prodotto: \u2264 6W.<\/p>\n<p>4. Potere di rottura finale: 7000A.<\/p>\n<p>5. Vita meccanica \u2265 1 milione di volte, vita elettrica 200000 volte.<\/p>\n<p>6. Il protocollo di comunicazione RS485 \u00e8 descritto in dettaglio nel Manuale di comunicazione RS485 V2.0 per gli strumenti e i protettori di potenza.<\/p>","protected":false},"excerpt":{"rendered":"<p>Il <a href=\"https:\/\/bright-china.com\/motor-protector\/\">Commutazione di controllo e protezione, protettore del motore<\/a> ha un design dall'aspetto gradevole e dispone di funzioni quali sovratensione, sottotensione, sovraccarico, cortocircuito, rotore bloccato, squilibrio trifase, sovratemperatura, perdite, comunicazione, ecc. Il design del software \u00e8 facile da usare, con display diretto a tre righe, e le funzioni del prodotto sono facili da espandere. Attualmente,<\/p>","protected":false},"featured_media":8773,"template":"","meta":{"_acf_changed":false,"site-sidebar-layout":"default","site-content-layout":"","ast-site-content-layout":"default","site-content-style":"default","site-sidebar-style":"default","ast-global-header-display":"","ast-banner-title-visibility":"","ast-main-header-display":"","ast-hfb-above-header-display":"","ast-hfb-below-header-display":"","ast-hfb-mobile-header-display":"","site-post-title":"","ast-breadcrumbs-content":"","ast-featured-img":"","footer-sml-layout":"","theme-transparent-header-meta":"default","adv-header-id-meta":"","stick-header-meta":"default","header-above-stick-meta":"","header-main-stick-meta":"","header-below-stick-meta":"","astra-migrate-meta-layouts":"set","ast-page-background-enabled":"default","ast-page-background-meta":{"desktop":{"background-color":"","background-image":"","background-repeat":"repeat","background-position":"center center","background-size":"auto","background-attachment":"scroll","background-type":"","background-media":"","overlay-type":"","overlay-color":"","overlay-opacity":"","overlay-gradient":""},"tablet":{"background-color":"","background-image":"","background-repeat":"repeat","background-position":"center center","background-size":"auto","background-attachment":"scroll","background-type":"","background-media":"","overlay-type":"","overlay-color":"","overlay-opacity":"","overlay-gradient":""},"mobile":{"background-color":"","background-image":"","background-repeat":"repeat","background-position":"center center","background-size":"auto","background-attachment":"scroll","background-type":"","background-media":"","overlay-type":"","overlay-color":"","overlay-opacity":"","overlay-gradient":""}},"ast-content-background-meta":{"desktop":{"background-color":"var(--ast-global-color-5)","background-image":"","background-repeat":"repeat","background-position":"center center","background-size":"auto","background-attachment":"scroll","background-type":"","background-media":"","overlay-type":"","overlay-color":"","overlay-opacity":"","overlay-gradient":""},"tablet":{"background-color":"var(--ast-global-color-5)","background-image":"","background-repeat":"repeat","background-position":"center center","background-size":"auto","background-attachment":"scroll","background-type":"","background-media":"","overlay-type":"","overlay-color":"","overlay-opacity":"","overlay-gradient":""},"mobile":{"background-color":"var(--ast-global-color-5)","background-image":"","background-repeat":"repeat","background-position":"center center","background-size":"auto","background-attachment":"scroll","background-type":"","background-media":"","overlay-type":"","overlay-color":"","overlay-opacity":"","overlay-gradient":""}},"_seo_title":"Control and protective switching\u3000JGKB-45","_seo_keywords":"Control and protective switching, motor protector circuit breaker, Motor Protector, Motor Protect Circuit Breaker","_seo_description":"The Control and protective switching,Motor Protector has a beautiful appearance design, and the product has functions such as overvoltage, undervoltage, overload, short circuit, locked rotor, three-phase imbalance, over temperature, leakage,..."},"product_brand":[],"product_cat":[15,63,57],"product_tag":[138,139,109,110,111],"class_list":{"0":"post-4430","1":"product","2":"type-product","3":"status-publish","4":"has-post-thumbnail","6":"product_cat-product","7":"product_cat-motor-protector","8":"product_cat-smart-protector","9":"product_tag-control-and-protective-switching","10":"product_tag-cps","11":"product_tag-motor-protector","12":"product_tag-motor-protector-switch","13":"product_tag-thermal-protector-for-motor","14":"desktop-align-center","15":"tablet-align-left","16":"mobile-align-left","17":"ast-product-gallery-layout-horizontal-slider","19":"first","20":"instock","21":"sale","22":"featured","23":"shipping-taxable","24":"purchasable","25":"product-type-simple"},"acf":[],"seo_title":"Control and protective switching\u3000JGKB-45","seo_keywords":"Control and protective switching, motor protector circuit breaker, Motor Protector, Motor Protect Circuit Breaker","seo_description":"The Control and protective switching,Motor Protector has a beautiful appearance design, and the product has functions such as overvoltage, undervoltage, overload, short circuit, locked rotor, three-phase imbalance, over temperature, leakage,...","seo_score":"85","product_seo_keywords":"","_links":{"self":[{"href":"https:\/\/bright-china.com\/it\/wp-json\/wp\/v2\/product\/4430","targetHints":{"allow":["GET"]}}],"collection":[{"href":"https:\/\/bright-china.com\/it\/wp-json\/wp\/v2\/product"}],"about":[{"href":"https:\/\/bright-china.com\/it\/wp-json\/wp\/v2\/types\/product"}],"wp:featuredmedia":[{"embeddable":true,"href":"https:\/\/bright-china.com\/it\/wp-json\/wp\/v2\/media\/8773"}],"wp:attachment":[{"href":"https:\/\/bright-china.com\/it\/wp-json\/wp\/v2\/media?parent=4430"}],"wp:term":[{"taxonomy":"product_brand","embeddable":true,"href":"https:\/\/bright-china.com\/it\/wp-json\/wp\/v2\/product_brand?post=4430"},{"taxonomy":"product_cat","embeddable":true,"href":"https:\/\/bright-china.com\/it\/wp-json\/wp\/v2\/product_cat?post=4430"},{"taxonomy":"product_tag","embeddable":true,"href":"https:\/\/bright-china.com\/it\/wp-json\/wp\/v2\/product_tag?post=4430"}],"curies":[{"name":"wp","href":"https:\/\/api.w.org\/{rel}","templated":true}]}}