{"id":4432,"date":"2025-04-27T02:23:54","date_gmt":"2025-04-27T02:23:54","guid":{"rendered":"https:\/\/bright-china.com\/?post_type=product&#038;p=4432"},"modified":"2026-03-10T23:31:35","modified_gmt":"2026-03-11T06:31:35","slug":"protettore-fhxl-63","status":"publish","type":"product","link":"https:\/\/bright-china.com\/it\/product\/protettore-fhxl-63\/","title":{"rendered":"Protettore di allarme antincendio a limitazione di corrente FHXL-63"},"content":{"rendered":"<h2><strong>\u00a0Introduzione<\/strong><\/h2>\n<hr \/>\n<p><img fetchpriority=\"high\" decoding=\"async\" class=\"alignleft wp-image-8662 size-medium\" src=\"https:\/\/bright-china.com\/wp-content\/uploads\/2025\/04\/Current-Limiting-Fire-Alarm-Protector-FHXL-63-1-300x300.webp\" alt=\"Protettore di allarme antincendio con limitazione di corrente\" width=\"300\" height=\"300\" srcset=\"https:\/\/bright-china.com\/wp-content\/uploads\/2025\/04\/Current-Limiting-Fire-Alarm-Protector-FHXL-63-1-300x300.webp 300w, https:\/\/bright-china.com\/wp-content\/uploads\/2025\/04\/Current-Limiting-Fire-Alarm-Protector-FHXL-63-1-150x150.webp 150w, https:\/\/bright-china.com\/wp-content\/uploads\/2025\/04\/Current-Limiting-Fire-Alarm-Protector-FHXL-63-1-768x768.webp 768w, https:\/\/bright-china.com\/wp-content\/uploads\/2025\/04\/Current-Limiting-Fire-Alarm-Protector-FHXL-63-1-12x12.webp 12w, https:\/\/bright-china.com\/wp-content\/uploads\/2025\/04\/Current-Limiting-Fire-Alarm-Protector-FHXL-63-1-600x600.webp 600w, https:\/\/bright-china.com\/wp-content\/uploads\/2025\/04\/Current-Limiting-Fire-Alarm-Protector-FHXL-63-1-100x100.webp 100w, https:\/\/bright-china.com\/wp-content\/uploads\/2025\/04\/Current-Limiting-Fire-Alarm-Protector-FHXL-63-1.webp 800w\" sizes=\"(max-width: 300px) 100vw, 300px\" \/><\/p>\n<p>La serie FHXL-63 \u00e8 il <a href=\"https:\/\/bright-china.com\/product-category\/product\/protector\/fireproof-current-limiting-protector\/\">Protettore di allarme antincendio con limitazione di corrente<\/a>\uff08<span data-slate-fragment=\"JTVCJTdCJTIydHlwZSUyMiUzQSUyMnBhcmFncmFwaCUyMiUyQyUyMmNoaWxkcmVuJTIyJTNBJTVCJTdCJTIyaWQlMjIlM0ElMjJWa0RLV2puUFd6JTIyJTJDJTIycGFyYUlkeCUyMiUzQTAlMkMlMjJzcmMlMjIlM0ElMjJjdXJyZW50JTIwbGltaXRpbmclMjBwcm90ZWN0b3IlMjIlMkMlMjJkc3QlMjIlM0ElMjIlRTklOTklOTAlRTYlQjUlODElRTQlQkYlOUQlRTYlOEElQTQlRTUlOTklQTglMjIlMkMlMjJtZXRhZGF0YSUyMiUzQSUyMiUyMiUyQyUyMm1hdGNoZXMlMjIlM0FudWxsJTJDJTIybWV0YURhdGElMjIlM0ElNUIlNUQlMkMlMjJ0ZXh0JTIyJTNBJTIyY3VycmVudCUyMGxpbWl0aW5nJTIwcHJvdGVjdG9yJTIyJTdEJTVEJTdEJTVE\">limitatore di corrente\uff09<\/span>, Si tratta di un protettore completo con molteplici funzioni di protezione per sovratensione, sottotensione, sovracorrente, dispersione, temperatura e rilevamento del fumo. Il prodotto presenta i vantaggi della modularizzazione, dell'intelligenza, della visualizzazione e cos\u00ec via. Allo stesso tempo, supporta la comunicazione standard Modbus485.<\/p>\n<p>protocollo. Tutti i parametri di protezione, come la protezione da sovratensione, sottotensione e sovracorrente, possono essere impostati in base alla richiesta di potenza, in modo da garantire che il protettore possa interrompere istantaneamente l'alimentazione quando<a href=\"https:\/\/elejg.com\/\"> sovratensione<\/a>, In questo modo \u00e8 possibile evitare che sulla linea si verifichino sottotensioni, sovracorrenti e altri guasti e proteggere le apparecchiature elettriche da eventuali danni.<\/p>\n<p>Il prodotto ha una struttura compatta, un bell'aspetto e una guida standard per l'installazione.<\/p>\n<h2><strong>Condizioni di lavoro e parametri di protezione della corrente<\/strong><\/h2>\n<hr \/>\n<table style=\"border-collapse: collapse; width: 100%; border-color: #ababab;\" border=\"0\" width=\"100%\" cellspacing=\"0\" cellpadding=\"0\">\n<tbody>\n<tr style=\"height: 13.50pt;\">\n<td class=\"et2\" style=\"height: 13px; width: 54.3984%; background-color: #0e2469;\" width=\"212\" height=\"18\"><span style=\"color: #ffffff;\">Tipo<\/span><\/td>\n<td class=\"et3\" style=\"width: 45.6016%; background-color: #0e2469; height: 13px;\" width=\"119\"><span style=\"color: #ffffff;\">FHXL-63<\/span><\/td>\n<\/tr>\n<tr style=\"height: 13.50pt;\">\n<td class=\"et4\" style=\"height: 13px; width: 54.3984%;\" height=\"18\"><span style=\"font-family: arial, helvetica, sans-serif;\">Campo di impostazione della corrente<\/span><\/td>\n<td class=\"et4\" style=\"height: 13px; width: 45.6016%;\"><span style=\"font-family: arial, helvetica, sans-serif;\"><span class=\"font2\">40A(2<\/span><span class=\"font3\">~<\/span><span class=\"font2\">63A)<\/span><\/span><\/td>\n<\/tr>\n<tr style=\"height: 13.50pt;\">\n<td class=\"et4\" style=\"height: 13px; background-color: #c4c4c4; width: 54.3984%;\" height=\"18\"><span style=\"font-family: arial, helvetica, sans-serif;\">Campo di impostazione della sovratensione<\/span><\/td>\n<td class=\"et4\" style=\"height: 13px; background-color: #c4c4c4; width: 45.6016%;\"><span style=\"font-family: arial, helvetica, sans-serif;\"><span class=\"font2\">AC270V(210<\/span><span class=\"font3\">~<\/span><span class=\"font2\">300V)<\/span><\/span><\/td>\n<\/tr>\n<tr style=\"height: 13.50pt;\">\n<td class=\"et4\" style=\"height: 13px; width: 54.3984%;\" height=\"18\"><span style=\"font-family: arial, helvetica, sans-serif;\">Campo di impostazione della sottotensione<\/span><\/td>\n<td class=\"et4\" style=\"height: 13px; width: 45.6016%;\"><span style=\"font-family: arial, helvetica, sans-serif;\"><span class=\"font2\">AC170V(80<\/span><span class=\"font3\">~<\/span><span class=\"font2\">200V)<\/span><\/span><\/td>\n<\/tr>\n<tr style=\"height: 13.50pt;\">\n<td class=\"et4\" style=\"height: 13px; background-color: #c4c4c4; width: 54.3984%;\" height=\"18\"><span style=\"font-family: arial, helvetica, sans-serif;\">Campo di impostazione della corrente di dispersione<\/span><\/td>\n<td class=\"et4\" style=\"height: 13px; background-color: #c4c4c4; width: 45.6016%;\"><span style=\"font-family: arial, helvetica, sans-serif;\"><span class=\"font2\">20mA(5<\/span><span class=\"font3\">~<\/span><span class=\"font2\">300mA)<\/span><\/span><\/td>\n<\/tr>\n<tr style=\"height: 13.50pt;\">\n<td class=\"et4\" style=\"height: 13px; width: 54.3984%;\" height=\"18\"><span style=\"font-family: arial, helvetica, sans-serif;\">Campo di impostazione della temperatura<\/span><\/td>\n<td class=\"et4\" style=\"height: 13px; width: 45.6016%;\"><span style=\"font-family: arial, helvetica, sans-serif;\">70\u2103\uff081-150\u2103\uff09<\/span><\/td>\n<\/tr>\n<tr>\n<td style=\"width: 54.3984%;\"><span style=\"font-family: arial, helvetica, sans-serif;\">Frequenza di alimentazione<\/span><\/td>\n<td style=\"width: 45.6016%;\"><span style=\"font-family: arial, helvetica, sans-serif;\">40~65Hz<\/span><\/td>\n<\/tr>\n<\/tbody>\n<\/table>\n<p>&nbsp;<\/p>\n<p>1. In caso di prima accensione normale, il dispositivo si chiude automaticamente dopo un ritardo di 1s; alla prima accensione, in condizioni di sovratensione, sottotensione, sovracorrente e dispersione, il dispositivo si apre automaticamente entro 3 secondi;<\/p>\n<p>2. Alla prima accensione, il sensore di fumo deve essere riscaldato per 60 secondi, quindi il prodotto entra nello stato di protezione. Dopo che l'allarme fumo si \u00e8 verificato e il guasto \u00e8 stato rimosso, \u00e8 necessario premere manualmente il tasto Reset per 2 secondi, quindi l'allarme fumo pu\u00f2 essere rilasciato.<\/p>\n<p>3. Parametri di protezione attuali:<\/p>\n<p>a. \u2265 1,05 volte la corrente, &lt; 3 minuti di apertura.<\/p>\n<p>b. \u2265 1,2 volte la corrente, intervallo di impostazione da 1 a 120 secondi, 10 secondi per impostazione predefinita<\/p>\n<p>c. \u2265 2 volte la corrente, \u22640,2 secondi di apertura.<\/p>\n<p>4. La temperatura ambiente non deve superare i + 40\u00b0C, non deve essere inferiore a 5\u00b0C; la temperatura media nelle 24 ore non deve superare i + 35\u00b0C; a + 40\u00b0C, l'umidit\u00e0 dell'aria ambiente non deve superare i 50%.<\/p>\n<p>5. L'altitudine del sito di installazione non deve superare i 2000 metri.<\/p>\n<p>6. Livello di inquinamento: III.<\/p>\n<p>7. Nell'ambiente di installazione non devono essere presenti sostanze pericolose esplosive, gas corrosivi e distruttivi e polvere conduttiva, n\u00e9 invasione di pioggia e neve.<\/p>\n<h2><strong> Il protettore di allarme antincendio con limitazione di corrente \u00e8 una funzione fondamentale.<\/strong><\/h2>\n<hr \/>\n<p>1. Tasto di impostazione: Tenendo premuto il tasto di impostazione per 2 secondi, si entra nello stato di impostazione. Dopo l'ingresso nello stato di impostazione, ogni volta che si preme il tasto, il sistema accede al menu di impostazione successivo;<\/p>\n<p>2. Tasto Shift: interroga i parametri di funzionamento in tempo reale del prodotto. Nello stato di impostazione, ha la funzione di spostamento delle cifre;<\/p>\n<p>3. Tasto dati: consente di interrogare le ultime informazioni sui guasti del prodotto e di modificare i parametri da impostare nello stato di regolazione;<\/p>\n<p>4. Tasto di reset: Quando si verifica la prima sovracorrente o perdita, il prodotto si accende automaticamente dopo aver ritardato il tempo di ripristino specificato. Quando si verifica la seconda sovracorrente, perdita o allarme antincendio, \u00e8 necessario verificare che non vi sia alcun guasto nel circuito, quindi \u00e8 necessario premere manualmente il tasto Reset per far accendere il prodotto e premere il tasto Reset per 2 secondi per salvare e uscire dallo stato di impostazione.<\/p>\n<h2><strong>Informazioni sul pacchetto standard<\/strong><\/h2>\n<hr \/>\n<h3><img decoding=\"async\" class=\"alignnone wp-image-6114 size-medium lazyload\" data-src=\"https:\/\/bright-china.com\/wp-content\/uploads\/2025\/04\/45.5-23.5-31.5-box-300x300.jpg\" alt=\"Scatola di imballaggio per il protettore\" width=\"300\" height=\"300\" data-srcset=\"https:\/\/bright-china.com\/wp-content\/uploads\/2025\/04\/45.5-23.5-31.5-box-300x300.jpg 300w, https:\/\/bright-china.com\/wp-content\/uploads\/2025\/04\/45.5-23.5-31.5-box-150x150.jpg 150w, https:\/\/bright-china.com\/wp-content\/uploads\/2025\/04\/45.5-23.5-31.5-box-12x12.jpg 12w, https:\/\/bright-china.com\/wp-content\/uploads\/2025\/04\/45.5-23.5-31.5-box-600x600.jpg 600w, https:\/\/bright-china.com\/wp-content\/uploads\/2025\/04\/45.5-23.5-31.5-box-100x100.jpg 100w, https:\/\/bright-china.com\/wp-content\/uploads\/2025\/04\/45.5-23.5-31.5-box.jpg 750w\" data-sizes=\"(max-width: 300px) 100vw, 300px\" src=\"data:image\/svg+xml;base64,PHN2ZyB3aWR0aD0iMSIgaGVpZ2h0PSIxIiB4bWxucz0iaHR0cDovL3d3dy53My5vcmcvMjAwMC9zdmciPjwvc3ZnPg==\" style=\"--smush-placeholder-width: 300px; --smush-placeholder-aspect-ratio: 300\/300;\" \/><\/h3>\n<div style=\"overflow-x: auto;\">\n<table style=\"width: 100%;\">\n<tbody>\n<tr>\n<th style=\"background-color: #131c5e;\"><span style=\"color: #ffffff;\">Dimensione del cartone (cm)<\/span><\/th>\n<th style=\"background-color: #131c5e;\"><span style=\"color: #ffffff;\">Elenco delle confezioni<\/span><\/th>\n<th style=\"background-color: #131c5e;\"><span style=\"color: #ffffff;\">QT\u00c0<\/span><\/th>\n<th style=\"background-color: #131c5e;\"><span style=\"color: #ffffff;\">Peso lordo (kg)<\/span><\/th>\n<\/tr>\n<tr>\n<td>45,5 cm \u00d7 23,5 cm \u00d7 31,5 cm<\/td>\n<td>\u00a0protettore<\/td>\n<td>60 pezzi<\/td>\n<td>20 kg<\/td>\n<\/tr>\n<\/tbody>\n<\/table>\n<\/div>\n<h3><\/h3>\n<h2><a href=\"https:\/\/bright-china.com\/product\/\">Protettore di allarme antincendio con limitazione di corrente<\/a> Dimensioni<\/h2>\n<hr \/>\n<p>&nbsp;<\/p>\n<p><img decoding=\"async\" class=\"alignnone wp-image-8696 size-full lazyload\" data-src=\"https:\/\/bright-china.com\/wp-content\/uploads\/2025\/04\/Current-Limiting-Fire-Alarm-Protector-is-Overall-dimensionsFHXL-63.webp\" alt=\"Il protettore di allarme antincendio a limitazione di corrente \u00e8 Dimensioni complessiveFHXL-63\" width=\"750\" height=\"422\" data-srcset=\"https:\/\/bright-china.com\/wp-content\/uploads\/2025\/04\/Current-Limiting-Fire-Alarm-Protector-is-Overall-dimensionsFHXL-63.webp 750w, https:\/\/bright-china.com\/wp-content\/uploads\/2025\/04\/Current-Limiting-Fire-Alarm-Protector-is-Overall-dimensionsFHXL-63-300x169.webp 300w, https:\/\/bright-china.com\/wp-content\/uploads\/2025\/04\/Current-Limiting-Fire-Alarm-Protector-is-Overall-dimensionsFHXL-63-18x10.webp 18w, https:\/\/bright-china.com\/wp-content\/uploads\/2025\/04\/Current-Limiting-Fire-Alarm-Protector-is-Overall-dimensionsFHXL-63-600x338.webp 600w\" data-sizes=\"(max-width: 750px) 100vw, 750px\" src=\"data:image\/svg+xml;base64,PHN2ZyB3aWR0aD0iMSIgaGVpZ2h0PSIxIiB4bWxucz0iaHR0cDovL3d3dy53My5vcmcvMjAwMC9zdmciPjwvc3ZnPg==\" style=\"--smush-placeholder-width: 750px; --smush-placeholder-aspect-ratio: 750\/422;\" \/><\/p>\n<p><a href=\"https:\/\/bright-china.com\/digital-display-current-and-voltage-protector\/\">Display digitale con protezione di corrente e tensione regolabile<\/a><\/p>","protected":false},"excerpt":{"rendered":"<p>La serie FHXL-63 \u00e8 il<a href=\"https:\/\/bright-china.com\/product\/current-limiting-fire-alarm-protector\/\"><strong> Protettore di allarme antincendio con limitazione di corrente<\/strong><\/a>(protettore limitatore di corrente), \u00e8 un protettore completo con molteplici funzioni di protezione per sovratensione, sottotensione, sovracorrente, perdita, temperatura e rilevamento del fumo. Il prodotto presenta i vantaggi della modularizzazione, dell'intelligenza, della visualizzazione e cos\u00ec via. Allo stesso tempo, supporta il protocollo di comunicazione standard Modbus485.<\/p>","protected":false},"featured_media":8662,"template":"","meta":{"_acf_changed":false,"site-sidebar-layout":"default","site-content-layout":"","ast-site-content-layout":"default","site-content-style":"default","site-sidebar-style":"default","ast-global-header-display":"","ast-banner-title-visibility":"","ast-main-header-display":"","ast-hfb-above-header-display":"","ast-hfb-below-header-display":"","ast-hfb-mobile-header-display":"","site-post-title":"","ast-breadcrumbs-content":"","ast-featured-img":"","footer-sml-layout":"","theme-transparent-header-meta":"default","adv-header-id-meta":"","stick-header-meta":"default","header-above-stick-meta":"","header-main-stick-meta":"","header-below-stick-meta":"","astra-migrate-meta-layouts":"set","ast-page-background-enabled":"default","ast-page-background-meta":{"desktop":{"background-color":"","background-image":"","background-repeat":"repeat","background-position":"center center","background-size":"auto","background-attachment":"scroll","background-type":"","background-media":"","overlay-type":"","overlay-color":"","overlay-opacity":"","overlay-gradient":""},"tablet":{"background-color":"","background-image":"","background-repeat":"repeat","background-position":"center center","background-size":"auto","background-attachment":"scroll","background-type":"","background-media":"","overlay-type":"","overlay-color":"","overlay-opacity":"","overlay-gradient":""},"mobile":{"background-color":"","background-image":"","background-repeat":"repeat","background-position":"center center","background-size":"auto","background-attachment":"scroll","background-type":"","background-media":"","overlay-type":"","overlay-color":"","overlay-opacity":"","overlay-gradient":""}},"ast-content-background-meta":{"desktop":{"background-color":"var(--ast-global-color-5)","background-image":"","background-repeat":"repeat","background-position":"center center","background-size":"auto","background-attachment":"scroll","background-type":"","background-media":"","overlay-type":"","overlay-color":"","overlay-opacity":"","overlay-gradient":""},"tablet":{"background-color":"var(--ast-global-color-5)","background-image":"","background-repeat":"repeat","background-position":"center center","background-size":"auto","background-attachment":"scroll","background-type":"","background-media":"","overlay-type":"","overlay-color":"","overlay-opacity":"","overlay-gradient":""},"mobile":{"background-color":"var(--ast-global-color-5)","background-image":"","background-repeat":"repeat","background-position":"center center","background-size":"auto","background-attachment":"scroll","background-type":"","background-media":"","overlay-type":"","overlay-color":"","overlay-opacity":"","overlay-gradient":""}},"_seo_title":"Current Limiting Fire Alarm Protector FHXL-63","_seo_keywords":"Current Limiting Fire Alarm Protector, Current Limiting Protector, voltage protector for home","_seo_description":"FHXL-63 series is the current limiting fire alarm protector\uff08\u00a0 current limiting protector\uff09, and it is a comprehensive protector with multiple protection functions for overvoltage,"},"product_brand":[],"product_cat":[15,65,69,64,57],"product_tag":[98,127],"class_list":{"0":"post-4432","1":"product","2":"type-product","3":"status-publish","4":"has-post-thumbnail","6":"product_cat-product","7":"product_cat-current-and-voltage-protector","8":"product_cat-voltmeter-ammeter","9":"product_cat-smart-meter","10":"product_cat-smart-protector","11":"product_tag-current-limiting-fire-alarm-protector","12":"product_tag-fire-alarm-protector","13":"desktop-align-center","14":"tablet-align-left","15":"mobile-align-left","16":"ast-product-gallery-layout-horizontal-slider","18":"first","19":"instock","20":"featured","21":"shipping-taxable","22":"product-type-simple"},"acf":[],"seo_title":"Current Limiting Fire Alarm Protector FHXL-63","seo_keywords":"Current Limiting Fire Alarm Protector, Current Limiting Protector, voltage protector for home","seo_description":"FHXL-63 series is the current limiting fire alarm protector\uff08\u00a0 current limiting protector\uff09, and it is a comprehensive protector with multiple protection functions for overvoltage,","seo_score":"85","product_seo_keywords":"","_links":{"self":[{"href":"https:\/\/bright-china.com\/it\/wp-json\/wp\/v2\/product\/4432","targetHints":{"allow":["GET"]}}],"collection":[{"href":"https:\/\/bright-china.com\/it\/wp-json\/wp\/v2\/product"}],"about":[{"href":"https:\/\/bright-china.com\/it\/wp-json\/wp\/v2\/types\/product"}],"wp:featuredmedia":[{"embeddable":true,"href":"https:\/\/bright-china.com\/it\/wp-json\/wp\/v2\/media\/8662"}],"wp:attachment":[{"href":"https:\/\/bright-china.com\/it\/wp-json\/wp\/v2\/media?parent=4432"}],"wp:term":[{"taxonomy":"product_brand","embeddable":true,"href":"https:\/\/bright-china.com\/it\/wp-json\/wp\/v2\/product_brand?post=4432"},{"taxonomy":"product_cat","embeddable":true,"href":"https:\/\/bright-china.com\/it\/wp-json\/wp\/v2\/product_cat?post=4432"},{"taxonomy":"product_tag","embeddable":true,"href":"https:\/\/bright-china.com\/it\/wp-json\/wp\/v2\/product_tag?post=4432"}],"curies":[{"name":"wp","href":"https:\/\/api.w.org\/{rel}","templated":true}]}}