{"id":4435,"date":"2025-04-27T02:23:54","date_gmt":"2025-04-27T02:23:54","guid":{"rendered":"https:\/\/bright-china.com\/?post_type=product&#038;p=4435"},"modified":"2025-12-31T04:02:30","modified_gmt":"2025-12-31T11:02:30","slug":"protettore-di-tensione-jgiv-63s","status":"publish","type":"product","link":"https:\/\/bright-china.com\/it\/product\/protettore-di-tensione-jgiv-63s\/","title":{"rendered":"Protettore intelligente di corrente e tensione regolabile JGIV-63S"},"content":{"rendered":"<h3><strong>Introduzione al prodotto<\/strong><\/h3>\n<hr \/>\n<p><img fetchpriority=\"high\" decoding=\"async\" class=\"alignleft wp-image-8731 size-medium\" src=\"https:\/\/bright-china.com\/wp-content\/uploads\/2025\/04\/Intelligent-adjustable-Voltage-current-Protector-JGIV-63S-1-300x300.webp\" alt=\"Protettore intelligente regolabile della corrente di tensione JGIV-63S-1\" width=\"300\" height=\"300\" srcset=\"https:\/\/bright-china.com\/wp-content\/uploads\/2025\/04\/Intelligent-adjustable-Voltage-current-Protector-JGIV-63S-1-300x300.webp 300w, https:\/\/bright-china.com\/wp-content\/uploads\/2025\/04\/Intelligent-adjustable-Voltage-current-Protector-JGIV-63S-1-150x150.webp 150w, https:\/\/bright-china.com\/wp-content\/uploads\/2025\/04\/Intelligent-adjustable-Voltage-current-Protector-JGIV-63S-1-768x768.webp 768w, https:\/\/bright-china.com\/wp-content\/uploads\/2025\/04\/Intelligent-adjustable-Voltage-current-Protector-JGIV-63S-1-12x12.webp 12w, https:\/\/bright-china.com\/wp-content\/uploads\/2025\/04\/Intelligent-adjustable-Voltage-current-Protector-JGIV-63S-1-600x600.webp 600w, https:\/\/bright-china.com\/wp-content\/uploads\/2025\/04\/Intelligent-adjustable-Voltage-current-Protector-JGIV-63S-1-100x100.webp 100w, https:\/\/bright-china.com\/wp-content\/uploads\/2025\/04\/Intelligent-adjustable-Voltage-current-Protector-JGIV-63S-1.webp 800w\" sizes=\"(max-width: 300px) 100vw, 300px\" \/><\/p>\n<p><a href=\"https:\/\/bright-china.com\/product-category\/product\/\"> Protettore intelligente regolabile della corrente di tensione<\/a>\u00a0\u00e8 il protettore intelligente di limitazione della corrente di tipo sovratensione \u00e8 un insieme di: sovratensione, sottotensione, sovracorrente funzioni di protezione di un protettore completo, prodotto modulare, intelligente, visualizzato, prodotto sovratensione, sottotensione, protezione da sovracorrente, tutti i parametri di protezione pu\u00f2 essere impostato, quando la linea <a href=\"https:\/\/elejg.com\/\">sovratensione<\/a>, In caso di sottotensione, sovracorrente e altri guasti, il protettore \u00e8 in grado di interrompere istantaneamente l'alimentazione, proteggendo le apparecchiature elettriche intatte e non danneggiate.<\/p>\n<p>Questa serie di prodotti ha una struttura compatta e un bell'aspetto e si installa su guide standard.<\/p>\n<h3><strong>\u00a0Protettore di tensione di Condizioni di lavoro<\/strong><\/h3>\n<hr \/>\n<table style=\"border-collapse: collapse; width: 100%; border-color: #969696;\" width=\"100%\">\n<tbody>\n<tr style=\"height: 13.50pt;\">\n<td class=\"et2\" style=\"height: 13px; width: 159.4pt; background-color: #060a30;\" width=\"212\" height=\"18\"><span style=\"color: #ffffff;\">Tipo<\/span><\/td>\n<td class=\"et3\" style=\"width: 89.95pt; background-color: #060a30; height: 13px;\" width=\"119\"><span style=\"color: #ffffff;\">JGIV-63S<\/span><\/td>\n<\/tr>\n<tr style=\"height: 13.50pt;\">\n<td class=\"et4\" style=\"height: 13px;\" height=\"18\">Campo di impostazione della corrente<\/td>\n<td class=\"et4\" style=\"height: 13px;\">63A(1<span class=\"font3\">~<\/span><span class=\"font2\">63A)<\/span><\/td>\n<\/tr>\n<tr style=\"height: 13.50pt;\">\n<td class=\"et4\" style=\"height: 13px; background-color: #dedede;\" height=\"18\">Campo di impostazione della sovratensione<\/td>\n<td class=\"et4\" style=\"background-color: #dedede; height: 13px;\"><span class=\"font2\">AC270V(210<\/span><span class=\"font3\">~<\/span><span class=\"font2\">300V)<\/span><\/td>\n<\/tr>\n<tr style=\"height: 13.50pt;\">\n<td class=\"et4\" style=\"height: 13px;\" height=\"18\">Campo di impostazione della sottotensione<\/td>\n<td class=\"et4\" style=\"height: 13px;\"><span class=\"font2\">AC170V(80<\/span><span class=\"font3\">~<\/span><span class=\"font2\">200V)<\/span><\/td>\n<\/tr>\n<\/tbody>\n<\/table>\n<p><span style=\"font-size: 16px;\">1. La temperatura ambiente non supera i +40 \u00b0C, non meno di -5 \u00b0C, e la temperatura media delle 24 ore non supera i +35 \u00b0C; a +40 \u00b0C, l'umidit\u00e0 dell'aria circostante non supera i 50%;<\/span><\/p>\n<p>2. L'altezza del quadrante del mare nel sito di installazione non deve superare i 2000 metri.<\/p>\n<p>3. Livello di inquinamento 3<\/p>\n<p>4. Nell'ambiente di installazione non ci sono mezzi a rischio di esplosione, gas e polveri conduttive che corrodono e distruggono l'isolamento, n\u00e9 luoghi invasi da pioggia e neve.<\/p>\n<h2><strong>I principali parametri tecnici<\/strong><\/h2>\n<hr \/>\n<p>1. Tensione di lavoro: AC230V, 50Hz;<\/p>\n<p>2. Corrente nominale: 40A Campo di impostazione da 1 a 40A;<\/p>\n<p>L'impostazione 80A varia da 1 a 80A;<\/p>\n<p>3. Valore di protezione da sovratensione: AC270V intervallo impostato da 220 a 300V;<\/p>\n<p>4. Valore di protezione da sovratensione: AC170V intervallo impostato da 140 a 200V;<\/p>\n<p>5. Chiusura automatica con un ritardo di 1 secondo alla prima accensione normale;<\/p>\n<p>6. In caso di sovratensione, sottotensione e sovracorrente alla prima accensione, il prodotto si scollega automaticamente entro 3 secondi;<\/p>\n<p>7. Tempo di ripristino dopo il guasto: 20 secondi;<\/p>\n<p>8. La durata meccanica \u00e8 \u2265 100.000 volte;<\/p>\n<p>9. Metodo di cablaggio del prodotto: in basso e in uscita dalla linea, in alto e in uscita dalla linea, il collegamento predefinito<\/p>\n<p>La modalit\u00e0 di linea \u00e8 inattiva e la linea \u00e8 fuori uso;<\/p>\n<p>10. Consumo di energia del prodotto stesso: \u22642W<\/p>\n<p>11. La capacit\u00e0 di cablaggio \u00e8 di 16 metri quadrati<\/p>\n<h2><strong>Quarto, la funzione chiave<\/strong><\/h2>\n<hr \/>\n<p>1. Pulsante di impostazione: Tenere premuto il pulsante di impostazione per 2 secondi per accedere allo stato di impostazione; dopo l'ingresso nello stato di impostazione, premerlo ogni volta per accedere al menu di impostazione successivo;<\/p>\n<p>2. Tasto su: Interrogazione dei parametri di impostazione del funzionamento attuale del prodotto e aumento dei parametri del valore di impostazione nello stato di impostazione;<\/p>\n<p>3. Pulsante Gi\u00f9: interroga le informazioni sull'ultimo guasto del prodotto e riduce il parametro del valore impostato nello stato di regolazione;<\/p>\n<p>4. Pulsante di reset: quando viene generata la prima sovracorrente, il prodotto si chiude automaticamente dopo il tempo di reset specificato nel ritardo, e quando la seconda sovracorrente deve essere determinata che il carico non \u00e8 sovraccarico, premere manualmente il pulsante di reset per chiudere il prodotto, e premere il pulsante di reset per salvare e uscire dallo stato di impostazione quando si imposta lo stato.<\/p>\n<h2><strong>Protezione di tensione delle impostazioni del prodotto<\/strong><\/h2>\n<hr \/>\n<p>1. Tenere premuto il pulsante di impostazione per 2 secondi per entrare nello stato di impostazione e visualizzare il valore di impostazione della sovratensione UH270; l'intervallo di impostazione \u00e8 200-300 e il valore di protezione predefinito della sovratensione \u00e8 AC270V;<\/p>\n<p>2. Premere il pulsante su o gi\u00f9 per modificare il valore di protezione richiesto per la sovratensione;<\/p>\n<p>3. Premere il pulsante di impostazione per accedere al menu successivo; il valore di impostazione della sottotensione \u00e8 UL170 e l'intervallo di impostazione \u00e8 140-200; valore di protezione predefinito della sottotensione AC170V;<\/p>\n<p>4. Premere il pulsante su o gi\u00f9 per modificare il valore di protezione richiesto per la sottotensione;<\/p>\n<p>5. Premere il pulsante di impostazione per accedere al menu successivo; il valore di impostazione della protezione da sottotensione \u00e8 Ut1, l'intervallo di impostazione \u00e8 1-120 secondi e il valore predefinito \u00e8 1 secondo;<\/p>\n<p>6. Premere il pulsante su o gi\u00f9 per modificare il valore di protezione richiesto per la sovratensione;<\/p>\n<p>7. Premere il pulsante di impostazione per accedere al menu successivo; il valore di impostazione della corrente nominale di protezione \u00e8 In63, l'intervallo di impostazione \u00e8 1-80A e il valore predefinito \u00e8 40A o 63A;<\/p>\n<p>9. Premere il pulsante su o gi\u00f9 per modificare il valore di protezione richiesto per la sovracorrente;<\/p>\n<p>10. Premere il pulsante di impostazione per accedere al menu successivo, impostare il tempo di protezione da sovracorrente Int20, con un intervallo compreso tra 1 e 120 secondi; il valore predefinito \u00e8 20 secondi;<\/p>\n<p>11. Premere il pulsante su o gi\u00f9 per modificare il tempo di protezione richiesto per la sovracorrente;<\/p>\n<p>12. Premere il pulsante di impostazione per accedere al menu successivo e al tempo di ripristino automatico Adt20 dopo il guasto; l'intervallo di impostazione \u00e8 1-120 secondi e il valore predefinito \u00e8 20 secondi;<\/p>\n<p>13. Premere il pulsante verso l'alto o verso il basso per modificare il tempo di ripristino automatico;<\/p>\n<p>14. Al termine dell'impostazione, premere il pulsante di reset per salvare e tornare alla visualizzazione della corrente e della tensione effettive.<\/p>\n<h2><strong>Descrizione del pannello<\/strong><\/h2>\n<hr \/>\n<p><img decoding=\"async\" class=\"alignnone wp-image-5539 size-full lazyload\" data-src=\"https:\/\/bright-china.com\/wp-content\/uploads\/2025\/04\/\u9762\u677f\u8bf4\u660e-\u82f1\u6587.jpg\" alt=\"Descrizione del pannello del protettore regolabile intelligente della corrente di tensione JGIV-63S\" width=\"1343\" height=\"969\" data-srcset=\"https:\/\/bright-china.com\/wp-content\/uploads\/2025\/04\/\u9762\u677f\u8bf4\u660e-\u82f1\u6587.jpg 1343w, https:\/\/bright-china.com\/wp-content\/uploads\/2025\/04\/\u9762\u677f\u8bf4\u660e-\u82f1\u6587-300x216.jpg 300w, https:\/\/bright-china.com\/wp-content\/uploads\/2025\/04\/\u9762\u677f\u8bf4\u660e-\u82f1\u6587-1024x739.jpg 1024w, https:\/\/bright-china.com\/wp-content\/uploads\/2025\/04\/\u9762\u677f\u8bf4\u660e-\u82f1\u6587-768x554.jpg 768w, https:\/\/bright-china.com\/wp-content\/uploads\/2025\/04\/\u9762\u677f\u8bf4\u660e-\u82f1\u6587-18x12.jpg 18w, https:\/\/bright-china.com\/wp-content\/uploads\/2025\/04\/\u9762\u677f\u8bf4\u660e-\u82f1\u6587-600x433.jpg 600w\" data-sizes=\"(max-width: 1343px) 100vw, 1343px\" src=\"data:image\/svg+xml;base64,PHN2ZyB3aWR0aD0iMSIgaGVpZ2h0PSIxIiB4bWxucz0iaHR0cDovL3d3dy53My5vcmcvMjAwMC9zdmciPjwvc3ZnPg==\" style=\"--smush-placeholder-width: 1343px; --smush-placeholder-aspect-ratio: 1343\/969;\" \/><\/p>\n<p>&nbsp;<\/p>\n<p><img decoding=\"async\" class=\"alignnone wp-image-5538 size-full lazyload\" data-src=\"https:\/\/bright-china.com\/wp-content\/uploads\/2025\/04\/\u4ea7\u54c1\u5c3a\u5bf8.jpg\" alt=\"Dimensioni esterne del protettore intelligente regolabile di corrente di tensione JGIV-63S\" width=\"700\" height=\"437\" data-srcset=\"https:\/\/bright-china.com\/wp-content\/uploads\/2025\/04\/\u4ea7\u54c1\u5c3a\u5bf8.jpg 700w, https:\/\/bright-china.com\/wp-content\/uploads\/2025\/04\/\u4ea7\u54c1\u5c3a\u5bf8-300x187.jpg 300w, https:\/\/bright-china.com\/wp-content\/uploads\/2025\/04\/\u4ea7\u54c1\u5c3a\u5bf8-18x12.jpg 18w, https:\/\/bright-china.com\/wp-content\/uploads\/2025\/04\/\u4ea7\u54c1\u5c3a\u5bf8-600x375.jpg 600w\" data-sizes=\"(max-width: 700px) 100vw, 700px\" src=\"data:image\/svg+xml;base64,PHN2ZyB3aWR0aD0iMSIgaGVpZ2h0PSIxIiB4bWxucz0iaHR0cDovL3d3dy53My5vcmcvMjAwMC9zdmciPjwvc3ZnPg==\" style=\"--smush-placeholder-width: 700px; --smush-placeholder-aspect-ratio: 700\/437;\" \/><\/p>\n<h2>Dovrebbe essere un piano<\/h2>\n<hr \/>\n<figure id=\"attachment_6111\" class=\"wp-caption alignleft\" aria-describedby=\"caption-attachment-6111\">\n<p><figure id=\"attachment_6111\" aria-describedby=\"caption-attachment-6111\" style=\"width: 600px\" class=\"wp-caption alignnone\"><img decoding=\"async\" class=\"wp-image-6111 size-full lazyload\" data-src=\"https:\/\/bright-china.com\/wp-content\/uploads\/2025\/04\/\u63a5\u7ebf\u56fe-\u8fc7\u6b20\u538b-3.jpg\" data-sizes=\"(max-width: 600px) 100vw, 600px\" data-srcset=\"https:\/\/bright-china.com\/wp-content\/uploads\/2025\/04\/\u63a5\u7ebf\u56fe-\u8fc7\u6b20\u538b-3.jpg 600w, https:\/\/bright-china.com\/wp-content\/uploads\/2025\/04\/\u63a5\u7ebf\u56fe-\u8fc7\u6b20\u538b-3-159x300.jpg 159w, https:\/\/bright-china.com\/wp-content\/uploads\/2025\/04\/\u63a5\u7ebf\u56fe-\u8fc7\u6b20\u538b-3-542x1024.jpg 542w, https:\/\/bright-china.com\/wp-content\/uploads\/2025\/04\/\u63a5\u7ebf\u56fe-\u8fc7\u6b20\u538b-3-6x12.jpg 6w\" alt=\"Protettori di sovratensione e sottotensione\" width=\"600\" height=\"1133\" src=\"data:image\/svg+xml;base64,PHN2ZyB3aWR0aD0iMSIgaGVpZ2h0PSIxIiB4bWxucz0iaHR0cDovL3d3dy53My5vcmcvMjAwMC9zdmciPjwvc3ZnPg==\" style=\"--smush-placeholder-width: 600px; --smush-placeholder-aspect-ratio: 600\/1133;\" \/><figcaption id=\"caption-attachment-6111\" class=\"wp-caption-text\">Protettori di sovratensione e sottotensione<\/figcaption><\/figure><figcaption id=\"caption-attachment-6111\" class=\"wp-caption-text\">Protettori di sovratensione e sottotensione<\/figcaption><\/figure>\n<h3 data-slate-node=\"element\"><span class=\"null hover-sent\" style=\"color: #ff0000;\" data-slate-leaf=\"true\" data-sent-id=\"ejrkgDPYqe\">Attenzione:<\/span><\/h3>\n<div data-slate-node=\"element\"><span data-slate-node=\"text\"><span class=\"null hover-sent\" data-slate-leaf=\"true\" data-sent-id=\"ejrkgDPYqe\">I fili N e L non devono essere collegati in modo errato.<\/span><\/span><\/div>\n<div data-slate-node=\"element\" data-slate-fragment=\"JTVCJTdCJTIydHlwZSUyMiUzQSUyMnBhcmFncmFwaCUyMiUyQyUyMmNoaWxkcmVuJTIyJTNBJTVCJTdCJTIyaWQlMjIlM0ElMjJlanJrZ0RQWXFlJTIyJTJDJTIycGFyYUlkeCUyMiUzQTElMkMlMjJzcmMlMjIlM0ElMjJBdHRlbnRpb24lM0ElMjBUaGUlMjBOJTIwYW5kJTIwTCUyMHdpcmVzJTIwbXVzdCUyMG5vdCUyMGJlJTIwY29ubmVjdGVkJTIwaW5jb3JyZWN0bHkuJTIyJTJDJTIyZHN0JTIyJTNBJTIyJUU2JUIzJUE4JUU2JTg0JThGJUVGJUJDJTlBTiVFNSU5MiU4Q0wlRTclQkElQkYlRTQlQjglOEQlRTUlQkUlOTclRTglQkYlOUUlRTYlOEUlQTUlRTklOTQlOTklRTglQUYlQUYlRTMlODAlODIlMjIlMkMlMjJtZXRhZGF0YSUyMiUzQSUyMiUyMiUyQyUyMm1hdGNoZXMlMjIlM0FudWxsJTJDJTIybWV0YURhdGElMjIlM0ElNUIlNUQlMkMlMjJ0ZXh0JTIyJTNBJTIyVGhlJTIwTiUyMGFuZCUyMEwlMjB3aXJlcyUyMG11c3QlMjBub3QlMjBiZSUyMGNvbm5lY3RlZCUyMGluY29ycmVjdGx5LiUyMiU3RCU1RCU3RCUyQyU3QiUyMnR5cGUlMjIlM0ElMjJwYXJhZ3JhcGglMjIlMkMlMjJjaGlsZHJlbiUyMiUzQSU1QiU3QiUyMmlkJTIyJTNBJTIyVk5ETmRqOUFiQiUyMiUyQyUyMnBhcmFJZHglMjIlM0EyJTJDJTIyc3JjJTIyJTNBJTIyQWxsJTIwdGVybWluYWxzJTIwbXVzdCUyMGJlJTIwdGlnaHRlbmVkJTIwdG8lMjBwcmV2ZW50JTIwZmFsc2UlMjBjb25uZWN0aW9ucyUyMHRoYXQlMjBjb3VsZCUyMGJ1cm4lMjBvdXQlMjB0aGUlMjBwcm90ZWN0b3IuJTIyJTJDJTIyZHN0JTIyJTNBJTIyJUU2JTg5JTgwJUU2JTlDJTg5JUU3JUFCJUFGJUU1JUFEJTkwJUU1JUJGJTg1JUU5JUExJUJCJUU2JThCJUE3JUU3JUI0JUE3JUVGJUJDJThDJUU0JUJCJUE1JUU5JTk4JUIyJUU2JUFEJUEyJUU1JThGJUFGJUU4JTgzJUJEJUU3JTgzJUE3JUU1JTlEJThGJUU0JUJGJTlEJUU2JThBJUE0JUU1JTk5JUE4JUU3JTlBJTg0JUU5JTk0JTk5JUU4JUFGJUFGJUU4JUJGJTlFJUU2JThFJUE1JUUzJTgwJTgyJTIyJTJDJTIybWV0YWRhdGElMjIlM0ElMjIlMjIlMkMlMjJtYXRjaGVzJTIyJTNBbnVsbCUyQyUyMm1ldGFEYXRhJTIyJTNBJTVCJTVEJTJDJTIydGV4dCUyMiUzQSUyMkFsbCUyMHRlcm1pbmFscyUyMG11c3QlMjBiZSUyMHRpZ2h0ZW5lZCUyMHRvJTIwcHJldmVudCUyMGZhbHNlJTIwY29ubmVjdGlvbnMlMjB0aGF0JTIwY291bGQlMjBidXJuJTIwb3V0JTIwdGhlJTIwcHJvdGVjdG9yLiUyMiU3RCU1RCU3RCU1RA==\"><span data-slate-node=\"text\"><span class=\"null\" data-slate-leaf=\"true\" data-sent-id=\"VNDNdj9AbB\">Tutti i terminali devono essere serrati per evitare falsi collegamenti che potrebbero bruciare il protettore.<\/span><\/span><\/div>\n<h2><strong>Informazioni sul pacchetto standard<\/strong><\/h2>\n<hr \/>\n<div style=\"overflow-x: auto;\">\n<p><img decoding=\"async\" class=\"alignnone wp-image-6114 size-medium lazyload\" data-src=\"https:\/\/bright-china.com\/wp-content\/uploads\/2025\/04\/45.5-23.5-31.5-box-300x300.jpg\" alt=\"Scatola di imballaggio per il protettore\" width=\"300\" height=\"300\" data-srcset=\"https:\/\/bright-china.com\/wp-content\/uploads\/2025\/04\/45.5-23.5-31.5-box-300x300.jpg 300w, https:\/\/bright-china.com\/wp-content\/uploads\/2025\/04\/45.5-23.5-31.5-box-150x150.jpg 150w, https:\/\/bright-china.com\/wp-content\/uploads\/2025\/04\/45.5-23.5-31.5-box-12x12.jpg 12w, https:\/\/bright-china.com\/wp-content\/uploads\/2025\/04\/45.5-23.5-31.5-box-600x600.jpg 600w, https:\/\/bright-china.com\/wp-content\/uploads\/2025\/04\/45.5-23.5-31.5-box-100x100.jpg 100w, https:\/\/bright-china.com\/wp-content\/uploads\/2025\/04\/45.5-23.5-31.5-box.jpg 750w\" data-sizes=\"(max-width: 300px) 100vw, 300px\" src=\"data:image\/svg+xml;base64,PHN2ZyB3aWR0aD0iMSIgaGVpZ2h0PSIxIiB4bWxucz0iaHR0cDovL3d3dy53My5vcmcvMjAwMC9zdmciPjwvc3ZnPg==\" style=\"--smush-placeholder-width: 300px; --smush-placeholder-aspect-ratio: 300\/300;\" \/><\/p>\n<table style=\"width: 100%; border-color: #969696;\">\n<tbody>\n<tr>\n<th style=\"background-color: #060a30; width: 38.4266%;\"><span style=\"color: #ffffff;\">Dimensione del cartone (cm)<\/span><\/th>\n<th style=\"background-color: #060a30; width: 17.6248%;\"><span style=\"color: #ffffff;\">Elenco delle confezioni<\/span><\/th>\n<th style=\"background-color: #060a30; width: 14.0696%;\"><span style=\"color: #ffffff;\">QT\u00c0<\/span><\/th>\n<th style=\"background-color: #060a30; width: 29.8033%;\"><span style=\"color: #ffffff;\">Peso lordo (kg)<\/span><\/th>\n<\/tr>\n<tr>\n<td style=\"width: 38.4266%;\">45,5 cm \u00d7 23,5 cm \u00d7 31,5 cm<\/td>\n<td style=\"width: 17.6248%;\">\u00a0protettore<\/td>\n<td style=\"width: 14.0696%;\">120 pezzi<\/td>\n<td style=\"width: 29.8033%;\">20 kg<\/td>\n<\/tr>\n<\/tbody>\n<\/table>\n<p><a href=\"https:\/\/bright-china.com\/digital-display-current-and-voltage-protector\/\">Display digitale con protezione di corrente e tensione regolabile<\/a><\/p>\n<\/div>","protected":false},"excerpt":{"rendered":"<p><a href=\"https:\/\/bright-china.com\/product-category\/product\/\">Protettore intelligente regolabile della corrente di tensione<\/a>\u00a0is Intelligent current limiting type over-under-voltage protector is a set of: over-voltage, under-voltage, over-current protection functions of a comprehensive protector, product modular, intelligent, visualized, <a href=\"https:\/\/bright-china.com\/en\/current-and-voltage-protector\/\" title=\"\u67e5\u770b\u66f4\u591a\u5173\u4e8eproduct over-voltage\u7684\u4fe1\u606f\" class=\"seo-keyword-link\" style=\"font-weight: bold; color: inherit; text-decoration: underline; border-bottom: 1px dotted #667eea;\">product over-voltage<\/a>, under-voltage, over-current protection, all protection parameters can be set, when the line over-voltage, under-voltage, over-current and other faults occur the protector can instantly cut off the power supply, protect the electrical equipment intact and not damaged.<br \/>\n<strong>Istruzioni \uff1aIstruzioni<\/strong><a href=\"https:\/\/bright-china.com\/wp-content\/uploads\/2025\/04\/JGIV-63Svoltage-protector-1PN.pdf\"> protettore di tensione JGIV-63Smanuale<\/a><\/p>","protected":false},"featured_media":8734,"template":"","meta":{"_acf_changed":false,"site-sidebar-layout":"default","site-content-layout":"","ast-site-content-layout":"default","site-content-style":"default","site-sidebar-style":"default","ast-global-header-display":"","ast-banner-title-visibility":"","ast-main-header-display":"","ast-hfb-above-header-display":"","ast-hfb-below-header-display":"","ast-hfb-mobile-header-display":"","site-post-title":"","ast-breadcrumbs-content":"","ast-featured-img":"","footer-sml-layout":"","theme-transparent-header-meta":"default","adv-header-id-meta":"","stick-header-meta":"default","header-above-stick-meta":"","header-main-stick-meta":"","header-below-stick-meta":"","astra-migrate-meta-layouts":"set","ast-page-background-enabled":"default","ast-page-background-meta":{"desktop":{"background-color":"","background-image":"","background-repeat":"repeat","background-position":"center center","background-size":"auto","background-attachment":"scroll","background-type":"","background-media":"","overlay-type":"","overlay-color":"","overlay-opacity":"","overlay-gradient":""},"tablet":{"background-color":"","background-image":"","background-repeat":"repeat","background-position":"center center","background-size":"auto","background-attachment":"scroll","background-type":"","background-media":"","overlay-type":"","overlay-color":"","overlay-opacity":"","overlay-gradient":""},"mobile":{"background-color":"","background-image":"","background-repeat":"repeat","background-position":"center center","background-size":"auto","background-attachment":"scroll","background-type":"","background-media":"","overlay-type":"","overlay-color":"","overlay-opacity":"","overlay-gradient":""}},"ast-content-background-meta":{"desktop":{"background-color":"var(--ast-global-color-5)","background-image":"","background-repeat":"repeat","background-position":"center center","background-size":"auto","background-attachment":"scroll","background-type":"","background-media":"","overlay-type":"","overlay-color":"","overlay-opacity":"","overlay-gradient":""},"tablet":{"background-color":"var(--ast-global-color-5)","background-image":"","background-repeat":"repeat","background-position":"center center","background-size":"auto","background-attachment":"scroll","background-type":"","background-media":"","overlay-type":"","overlay-color":"","overlay-opacity":"","overlay-gradient":""},"mobile":{"background-color":"var(--ast-global-color-5)","background-image":"","background-repeat":"repeat","background-position":"center center","background-size":"auto","background-attachment":"scroll","background-type":"","background-media":"","overlay-type":"","overlay-color":"","overlay-opacity":"","overlay-gradient":""}},"_seo_title":"Intelligent adjustable current and Voltage Protector","_seo_keywords":"voltage protector for fridge, voltage protector, voltage protector 220v, Adjustable over and under voltage protector","_seo_description":"Intelligent adjustable Voltage current Protector\u00a0is Intelligent current limiting type over-under-voltage protector is a set of: over-voltage, under-voltage,"},"product_brand":[],"product_cat":[15,70,65,69,64,57],"product_tag":[115,137,140,93],"class_list":{"0":"post-4435","1":"product","2":"type-product","3":"status-publish","4":"has-post-thumbnail","6":"product_cat-product","7":"product_cat-small-ammeter","8":"product_cat-current-and-voltage-protector","9":"product_cat-voltmeter-ammeter","10":"product_cat-smart-meter","11":"product_cat-smart-protector","12":"product_tag-current-voltage-protector","13":"product_tag-digital-display-adjustable-current-and-voltage-protector","14":"product_tag-intelligent-adjustable-voltage-current-protector","15":"product_tag-voltage-protector","16":"desktop-align-center","17":"tablet-align-left","18":"mobile-align-left","19":"ast-product-gallery-layout-horizontal-slider","21":"first","22":"instock","23":"featured","24":"shipping-taxable","25":"product-type-simple"},"acf":[],"seo_title":"Intelligent adjustable current and Voltage Protector","seo_keywords":"voltage protector for fridge, voltage protector, voltage protector 220v, Adjustable over and under voltage protector","seo_description":"Intelligent adjustable Voltage current Protector\u00a0is Intelligent current limiting type over-under-voltage protector is a set of: over-voltage, under-voltage,","seo_score":"85","product_seo_keywords":"","_links":{"self":[{"href":"https:\/\/bright-china.com\/it\/wp-json\/wp\/v2\/product\/4435","targetHints":{"allow":["GET"]}}],"collection":[{"href":"https:\/\/bright-china.com\/it\/wp-json\/wp\/v2\/product"}],"about":[{"href":"https:\/\/bright-china.com\/it\/wp-json\/wp\/v2\/types\/product"}],"wp:featuredmedia":[{"embeddable":true,"href":"https:\/\/bright-china.com\/it\/wp-json\/wp\/v2\/media\/8734"}],"wp:attachment":[{"href":"https:\/\/bright-china.com\/it\/wp-json\/wp\/v2\/media?parent=4435"}],"wp:term":[{"taxonomy":"product_brand","embeddable":true,"href":"https:\/\/bright-china.com\/it\/wp-json\/wp\/v2\/product_brand?post=4435"},{"taxonomy":"product_cat","embeddable":true,"href":"https:\/\/bright-china.com\/it\/wp-json\/wp\/v2\/product_cat?post=4435"},{"taxonomy":"product_tag","embeddable":true,"href":"https:\/\/bright-china.com\/it\/wp-json\/wp\/v2\/product_tag?post=4435"}],"curies":[{"name":"wp","href":"https:\/\/api.w.org\/{rel}","templated":true}]}}