{"id":4439,"date":"2025-04-27T02:23:54","date_gmt":"2025-04-27T02:23:54","guid":{"rendered":"https:\/\/bright-china.com\/?post_type=product&#038;p=4439"},"modified":"2026-02-28T23:14:29","modified_gmt":"2026-03-01T06:14:29","slug":"metro-jgyb-96","status":"publish","type":"product","link":"https:\/\/bright-china.com\/it\/product\/metro-jgyb-96\/","title":{"rendered":"Misuratore digitale multifunzione JGYB-96"},"content":{"rendered":"<h2>Introduzione<\/h2>\n<hr \/>\n<p><img fetchpriority=\"high\" decoding=\"async\" class=\"alignleft wp-image-8809 size-medium\" title=\"Misuratore di potenza digitale multifunzione\" src=\"https:\/\/bright-china.com\/wp-content\/uploads\/2025\/04\/Digital-Multifunction-Meter-JGYB-96-1-300x300.webp\" alt=\"Misuratore digitale multifunzione JGYB-96-0\" width=\"300\" height=\"300\" srcset=\"https:\/\/bright-china.com\/wp-content\/uploads\/2025\/04\/Digital-Multifunction-Meter-JGYB-96-1-300x300.webp 300w, https:\/\/bright-china.com\/wp-content\/uploads\/2025\/04\/Digital-Multifunction-Meter-JGYB-96-1-150x150.webp 150w, https:\/\/bright-china.com\/wp-content\/uploads\/2025\/04\/Digital-Multifunction-Meter-JGYB-96-1-768x768.webp 768w, https:\/\/bright-china.com\/wp-content\/uploads\/2025\/04\/Digital-Multifunction-Meter-JGYB-96-1-12x12.webp 12w, https:\/\/bright-china.com\/wp-content\/uploads\/2025\/04\/Digital-Multifunction-Meter-JGYB-96-1-600x600.webp 600w, https:\/\/bright-china.com\/wp-content\/uploads\/2025\/04\/Digital-Multifunction-Meter-JGYB-96-1-100x100.webp 100w, https:\/\/bright-china.com\/wp-content\/uploads\/2025\/04\/Digital-Multifunction-Meter-JGYB-96-1.webp 800w\" sizes=\"(max-width: 300px) 100vw, 300px\" \/><\/p>\n<p><strong>\u00a0 <\/strong><\/p>\n<p><strong><a href=\"https:\/\/bright-china.com\/current-voltage-protector\/\">\u00a0 \u00a0Misuratore di potenza digitale multifunzione <\/a><\/strong>\u00c8 progettato per le esigenze di monitoraggio dell'energia dei sistemi di alimentazione, delle imprese industriali e minerarie, delle strutture pubbliche e degli edifici intelligenti. Pu\u00f2 misurare tutti i parametri di potenza pi\u00f9 comuni, come corrente trifase, tensione, potenza attiva e reattiva, elettricit\u00e0, armoniche, ecc. Poich\u00e9 il<a href=\"https:\/\/www.elejg.com\/?product\/\"> misuratore di potenza <\/a>ha anche una funzione di rete di comunicazione completa, per cui lo chiamiamo misuratore di potenza di rete. \u00c8 ideale per i sistemi di monitoraggio dell'energia in tempo reale.<\/p>\n<p>&nbsp;<\/p>\n<p>Il misuratore ha un elevato rapporto prestazioni\/prezzo e pu\u00f2 sostituire direttamente i trasmettitori di potenza e gli strumenti di misura convenzionali. Come elemento di acquisizione front-end intelligente e digitale avanzato, questa serie di strumenti di rete \u00e8 stata ampiamente utilizzata in vari sistemi di controllo, sistemi SCADA e sistemi di gestione dell'energia.<\/p>\n<h1><\/h1>\n<h2><strong>Standard di prodotto<\/strong><\/h2>\n<hr \/>\n<p>GB\/T 22264.1-2008 Strumenti di misura elettrici a display digitale montati - Parte 1: Definizioni e requisiti generali<\/p>\n<p>GB\/T 22264.7-2008 Strumenti di misura elettrici a display digitale montati - Parte 7: Requisiti speciali per strumenti multifunzionali<\/p>\n<p>GB\/T 22264.8-2008 Strumenti di misura elettrici a display digitale montati - Parte 8: Metodi di verifica raccomandati<\/p>\n<p>GB\/T 17215.322-2008 Apparecchi di misura della corrente alternata - Requisiti speciali - Parte 22: Contatori statici di energia attiva (0,2S e 0,5S)<\/p>\n<p>GB\/T 17215.323-2008 Apparecchi di misura della corrente alternata - Requisiti speciali - Parte 23: Contatori stazionari di energia reattiva (Classe 2 e 3)<\/p>\n<p>DL\/T 614-2007 Contatore di energia multifunzionale<\/p>\n<p>GB14287-2005 Sistema di monitoraggio degli incendi elettrici<\/p>\n<p>GB50045-95 Codice per la progettazione della protezione antincendio di edifici civili di grandi dimensioni<\/p>\n<p>GB50054-95 Codice di progettazione per la distribuzione di energia a bassa tensione<\/p>\n<p>GB50096 Codici di progettazione residenziale<\/p>\n<p>GB13955-2005 Installazione e funzionamento del dispositivo di protezione contro le azioni delle correnti di guasto<\/p>\n<p>GB50016-2006 Codice per la progettazione antincendio degli edifici<\/p>\n<h2><strong>Nomenclatura del modello<\/strong><\/h2>\n<hr \/>\n<p><strong>Caratteristiche delle prestazioni:<\/strong><\/p>\n<p>Misura ad alta precisione di tensione trifase, corrente trifase, potenza attiva e potenza reattiva, <a href=\"https:\/\/bright-china.com\/en\/voltmeter-ammeter\/\" title=\"\u67e5\u770b\u66f4\u591a\u5173\u4e8epotere apparente\u7684\u4fe1\u606f\" class=\"seo-keyword-link\" style=\"font-weight: bold; color: inherit; text-decoration: underline; border-bottom: 1px dotted #667eea;\">potenza apparente<\/a>, fattore di potenza, frequenza e altri parametri elettrici<\/p>\n<p>Misurazione dell'energia attiva\/reattiva in avanti e all'indietro<\/p>\n<p>Misurazione dell'energia elettrica in base al tempo di utilizzo, lettura temporizzata dell'energia elettrica in base al tempo di utilizzo<\/p>\n<p>Misurare il tasso di distorsione armonica totale (THD) della tensione trifase e della corrente trifase e la componente armonica dispari da 2 a 31.<\/p>\n<p>Fornisce un display digitale a tubo o LCD, per l'interrogazione locale dei dati.<\/p>\n<p>I menu sono intuitivi e i tasti sono facili da usare.<\/p>\n<p>Il rapporto di conversione della corrente e della tensione \u00e8 programmabile<\/p>\n<p>Fornisce il monitoraggio della corrente di dispersione a pi\u00f9 loop<\/p>\n<p>Fornisce un nodo di controllo multi-loop, che pu\u00f2 essere utilizzato per allarmi, interventi e altri controlli.<\/p>\n<p>Supportare il collegamento antincendio e interrompere a distanza il circuito di guasto<\/p>\n<p>Supporto della comunicazione RS-485, protocollo Modbus-RTU<\/p>\n<p>Supporta ingresso di commutazione, uscita di commutazione, uscita di trasmissione analogica e uscita a impulsi di potenza.<\/p>\n<p>\u00c8 facile da installare, semplice da cablare e di dimensioni ridotte.<\/p>\n<p>Alimentatore universale AC\/DC ad ampio raggio: AC\/DC 80V~270V<\/p>\n<p>Pu\u00f2 completare il collegamento in rete di una serie di software di comunicazione SCADA e PLC.<\/p>\n<h2><strong>Indicatori tecnici<\/strong><\/h2>\n<hr \/>\n<p><strong>Accuratezza della misurazione<\/strong><\/p>\n<p>Tensione 0,5 classe<\/p>\n<p>Attuale classe 0,5<\/p>\n<p><a href=\"https:\/\/bright-china.com\/en\/voltmeter-ammeter\/\" title=\"\u67e5\u770b\u66f4\u591a\u5173\u4e8epotenza attiva\u7684\u4fe1\u606f\" class=\"seo-keyword-link\" style=\"font-weight: bold; color: inherit; text-decoration: underline; border-bottom: 1px dotted #667eea;\">Potenza attiva<\/a> 0,5 classe<\/p>\n<p>Potenza reattiva 0,5 classe<\/p>\n<p>Fattore di potenza 0,5<\/p>\n<p>Frequenza \u00b10,02Hz<\/p>\n<p>Energia attiva 0,5S o 0,2S<\/p>\n<p>Livello di energia reattiva 1 o 2<\/p>\n<h2><strong>Ingresso segnale<\/strong><\/h2>\n<hr \/>\n<p>Metodo di cablaggio: trifase a quattro fili, trifase a tre fili<\/p>\n<p>Tensione nominale: AC 57,7V, AC 100V, AC 220V, AC 380V<\/p>\n<p>Corrente nominale: AC 1A, AC 5A<\/p>\n<p>Tensione di sovraccarico: 1,2 volte (continua), 2 volte\/1 sec (istantanea)<\/p>\n<p>Corrente: 1,2x (continua), 10x\/5 sec (istantanea)<\/p>\n<p>Consumo di energia Tensione: &lt;1VA\/fase, corrente: &lt;0,4VA\/fase<\/p>\n<p>Impedenza di tensione: &gt;300k\u03a9, Corrente: &lt;20m\u03a9<\/p>\n<p>Frequenza: 45~65Hz<\/p>\n<p><strong>Alimentazione ausiliaria<\/strong><\/p>\n<p>Campo di lavoro AC\/DC: 80V~270V<\/p>\n<p>Consumo di energia &lt;4VA<\/p>\n<h2><strong>Moduli funzionali<\/strong><\/h2>\n<hr \/>\n<p>Interfaccia di comunicazione: Supporto 1 canale di comunicazione RS-485, protocollo Modbus-RTU<\/p>\n<p>Velocit\u00e0 di trasmissione: 1200~9600bps, predefinito 2400 bps<\/p>\n<p>Gli ingressi di commutazione supportano 4 ingressi a giunzione secca<\/p>\n<p>Uscita di commutazione Supporto di 3 uscite a rel\u00e8, capacit\u00e0: AC 250V\/5A, DC 30V\/5A<\/p>\n<p>Uscita trasduttore Supporta 1 uscita analogica: 0\/4~20mA o 0~5\/10V<\/p>\n<p>Uscita a impulsi di potenza Supporto di 2 uscite a impulsi di potenza, costante: 8000imp\/KWh(Kvarh)<\/p>\n<h2><strong>ambiente<\/strong><\/h2>\n<hr \/>\n<p>Temperatura di esercizio: -10\u00b0C~+55\u00b0C<\/p>\n<p>Temperatura di stoccaggio: -25\u00b0C~+70\u00b0C<\/p>\n<p>Umidit\u00e0 relativa \u226493%, assenza di gas corrosivi<\/p>\n<p>\u2264 2500 m sul livello del mare<\/p>\n<h2><strong>sicuro<\/strong><\/h2>\n<hr \/>\n<p>Resistenza di isolamento &gt;100M\u03a9<\/p>\n<p>Tensione di resistenza CA 2KV<\/p>\n<p><strong>Prestazioni di compatibilit\u00e0 elettromagnetica<\/strong><\/p>\n<p>Livello di scarica elettrostatica 4<\/p>\n<p>Burst elettrico transitorio veloce classe 4<\/p>\n<p>Impennata (Shock) Livello 4<\/p>\n<h2><strong>Dimensioni<\/strong><\/h2>\n<hr \/>\n<p>Dimensioni telaio (mm) 120\u00d7120; 96\u00d796; 80\u00d780\uff1b72\u00d772<\/p>\n<p>Dimensioni del taglio (mm) 111\u00d7111; 92\u00d792; 76\u00d776\uff1b68\u00d768<\/p>","protected":false},"excerpt":{"rendered":"<p><a href=\"https:\/\/bright-china.com\/automatic-reconnection-energy-metering-protector-of-test-jgdl-63\/\">\u00a0Misuratore di potenza digitale multifunzione <\/a>\u00e8 progettato per le esigenze di monitoraggio dell'energia dei sistemi di alimentazione, delle imprese industriali e minerarie, delle strutture pubbliche e degli edifici intelligenti. Pu\u00f2 misurare tutti i parametri di potenza pi\u00f9 comuni, come corrente trifase, tensione, potenza attiva e reattiva, elettricit\u00e0, armoniche, ecc. Poich\u00e9 il misuratore di potenza ha anche una funzione di rete di comunicazione completa, lo chiamiamo misuratore di potenza di rete. \u00c8 ideale per i sistemi di monitoraggio dell'energia in tempo reale. Il misuratore ha un elevato rapporto prestazioni\/prezzo e pu\u00f2 sostituire direttamente i trasmettitori di potenza e gli strumenti di misura tradizionali. Come elemento di acquisizione front-end intelligente e digitale avanzato, questa serie di strumenti di rete \u00e8 stata ampiamente utilizzata in vari sistemi di controllo, sistemi SCADA e sistemi di gestione dell'energia.<\/p>","protected":false},"featured_media":8811,"template":"","meta":{"_acf_changed":false,"site-sidebar-layout":"default","site-content-layout":"","ast-site-content-layout":"default","site-content-style":"default","site-sidebar-style":"default","ast-global-header-display":"","ast-banner-title-visibility":"","ast-main-header-display":"","ast-hfb-above-header-display":"","ast-hfb-below-header-display":"","ast-hfb-mobile-header-display":"","site-post-title":"","ast-breadcrumbs-content":"","ast-featured-img":"","footer-sml-layout":"","theme-transparent-header-meta":"default","adv-header-id-meta":"","stick-header-meta":"default","header-above-stick-meta":"","header-main-stick-meta":"","header-below-stick-meta":"","astra-migrate-meta-layouts":"set","ast-page-background-enabled":"default","ast-page-background-meta":{"desktop":{"background-color":"","background-image":"","background-repeat":"repeat","background-position":"center center","background-size":"auto","background-attachment":"scroll","background-type":"","background-media":"","overlay-type":"","overlay-color":"","overlay-opacity":"","overlay-gradient":""},"tablet":{"background-color":"","background-image":"","background-repeat":"repeat","background-position":"center center","background-size":"auto","background-attachment":"scroll","background-type":"","background-media":"","overlay-type":"","overlay-color":"","overlay-opacity":"","overlay-gradient":""},"mobile":{"background-color":"","background-image":"","background-repeat":"repeat","background-position":"center center","background-size":"auto","background-attachment":"scroll","background-type":"","background-media":"","overlay-type":"","overlay-color":"","overlay-opacity":"","overlay-gradient":""}},"ast-content-background-meta":{"desktop":{"background-color":"var(--ast-global-color-5)","background-image":"","background-repeat":"repeat","background-position":"center center","background-size":"auto","background-attachment":"scroll","background-type":"","background-media":"","overlay-type":"","overlay-color":"","overlay-opacity":"","overlay-gradient":""},"tablet":{"background-color":"var(--ast-global-color-5)","background-image":"","background-repeat":"repeat","background-position":"center center","background-size":"auto","background-attachment":"scroll","background-type":"","background-media":"","overlay-type":"","overlay-color":"","overlay-opacity":"","overlay-gradient":""},"mobile":{"background-color":"var(--ast-global-color-5)","background-image":"","background-repeat":"repeat","background-position":"center center","background-size":"auto","background-attachment":"scroll","background-type":"","background-media":"","overlay-type":"","overlay-color":"","overlay-opacity":"","overlay-gradient":""}},"_seo_title":"Digital Multi function Meter JGYB-96","_seo_keywords":"power meter, meter, High-precision measurement of three-phase voltage, three-phase current, active power, reactive power, apparent power, power factor","_seo_description":"\u00a0Digital multi function power meter is designed for the power monitoring needs of power systems, industrial and mining enterprises, public facilities,"},"product_brand":[],"product_cat":[15,70,69,64],"product_tag":[85,86,120,121],"class_list":{"0":"post-4439","1":"product","2":"type-product","3":"status-publish","4":"has-post-thumbnail","6":"product_cat-product","7":"product_cat-small-ammeter","8":"product_cat-voltmeter-ammeter","9":"product_cat-smart-meter","10":"product_tag-d85-20-voltmeter-black","11":"product_tag-d85-20-voltmeter-white","12":"product_tag-digital-multi-function-power-meter","13":"product_tag-power-meter","14":"desktop-align-center","15":"tablet-align-left","16":"mobile-align-left","17":"ast-product-gallery-layout-horizontal-slider","19":"first","20":"instock","21":"sale","22":"downloadable","23":"shipping-taxable","24":"purchasable","25":"product-type-simple"},"acf":[],"seo_title":"Digital Multi function Meter JGYB-96","seo_keywords":"power meter, meter, High-precision measurement of three-phase voltage, three-phase current, active power, reactive power, apparent power, power factor","seo_description":"\u00a0Digital multi function power meter is designed for the power monitoring needs of power systems, industrial and mining enterprises, public facilities,","seo_score":"95","product_seo_keywords":"","_links":{"self":[{"href":"https:\/\/bright-china.com\/it\/wp-json\/wp\/v2\/product\/4439","targetHints":{"allow":["GET"]}}],"collection":[{"href":"https:\/\/bright-china.com\/it\/wp-json\/wp\/v2\/product"}],"about":[{"href":"https:\/\/bright-china.com\/it\/wp-json\/wp\/v2\/types\/product"}],"wp:featuredmedia":[{"embeddable":true,"href":"https:\/\/bright-china.com\/it\/wp-json\/wp\/v2\/media\/8811"}],"wp:attachment":[{"href":"https:\/\/bright-china.com\/it\/wp-json\/wp\/v2\/media?parent=4439"}],"wp:term":[{"taxonomy":"product_brand","embeddable":true,"href":"https:\/\/bright-china.com\/it\/wp-json\/wp\/v2\/product_brand?post=4439"},{"taxonomy":"product_cat","embeddable":true,"href":"https:\/\/bright-china.com\/it\/wp-json\/wp\/v2\/product_cat?post=4439"},{"taxonomy":"product_tag","embeddable":true,"href":"https:\/\/bright-china.com\/it\/wp-json\/wp\/v2\/product_tag?post=4439"}],"curies":[{"name":"wp","href":"https:\/\/api.w.org\/{rel}","templated":true}]}}