{"id":4440,"date":"2025-04-27T02:23:54","date_gmt":"2025-04-27T02:23:54","guid":{"rendered":"https:\/\/bright-china.com\/?post_type=product&#038;p=4440"},"modified":"2025-12-29T20:33:37","modified_gmt":"2025-12-30T03:33:37","slug":"misuratore-dts3805","status":"publish","type":"product","link":"https:\/\/bright-china.com\/it\/product\/misuratore-dts3805\/","title":{"rendered":"Misuratore di energia su guida DIN DTS3805"},"content":{"rendered":"<h2><strong>Ambito di applicazione<\/strong><\/h2>\n<hr \/>\n<p><a href=\"https:\/\/bright-china.com\/product\/digital-multi-function-power-meter\/\">\u00a0 Il contatore di energia su guida Din \u00e8<\/a> Elettrica a 4 fili trifase e a 3 fili elettronica su rotaia <a href=\"https:\/\/www.elejg.com\/?product\/\">contatore di energia <\/a>(di seguito denominato \u201cstrumento\u201d) \u00e8 l'uso di circuiti integrati su larga scala, l'applicazione della tecnologia di campionamento digitale, \u00e8 progettato per il sistema di alimentazione, l'industria delle comunicazioni, l'industria delle costruzioni e altre esigenze di monitoraggio dell'energia e di misurazione dell'energia, principalmente per il circuito elettrico nella tensione trifase, corrente trifase, potenza attiva, potenza reattiva, frequenza, energia elettrica in avanti e inversa, energia elettrica a quattro quadranti e altri parametri per la misurazione e la visualizzazione in tempo reale, utilizzando il montaggio su guida DIN35mm Din standard; Come terminale di monitoraggio del sistema di gestione dell'energia, pu\u00f2 essere ampiamente utilizzato nella valutazione e nel monitoraggio dell'energia interna di imprese industriali e minerarie, hotel, scuole e grandi edifici pubblici.<\/p>\n<p>Gli indicatori di prestazione del contatore di energia elettrica sono conformi alle seguenti norme tecniche pertinenti:<\/p>\n<p>GB\/T 17215.211-2021<\/p>\n<p>GB\/T 17215.321-2021 Prescrizioni speciali per gli apparecchi di misura elettrici (CA) - Parte 21: Contatori statici di energia attiva (Classe A, Classe B, Classe C)<\/p>\n<p>GB\/T 17215.323-2008 Requisiti speciali per gli strumenti di misura della corrente alternata - Parte 23: Contatori di energia reattiva statica (livelli 2 e 3)<\/p>\n<p>DL\/T 645-2007 \u201cProtocollo di comunicazione per contatori di energia multifunzionali\u201d Protocollo standard MODUS-RTU<\/p>\n<h2><strong>Caratteristiche del prodotto<\/strong><\/h2>\n<hr \/>\n<p>Le funzioni principali del prodotto sono: tensione trifase, corrente trifase, potenza attiva, potenza reattiva, potenza, fattore di potenza, frequenza, misurazione dell'energia attiva, misurazione dell'energia reattiva, tasso statistico complesso della domanda (opzionale), analisi armonica (opzionale).<\/p>\n<p>Dispone di una porta di comunicazione RS485 e supporta il protocollo ModBus standard o il protocollo DL\/T 645-2007.<\/p>\n<p>Pu\u00f2 supportare la funzione di controllo esterno e supporta fino a 2 uscite a rel\u00e8.<\/p>\n<p>Montaggio su guida standard DIN35 mm, struttura modulare, dimensioni ridotte, facile da installare;<\/p>\n<h2><strong>Misuratore di energia su guida DIN Descrizione del modello<\/strong><\/h2>\n<hr \/>\n<p><img decoding=\"async\" data-src=\"https:\/\/elejg.com\/static\/upload\/image\/20241219\/1734595606168089.jpg\" alt=\"Manuale di istruzioni del contatore di energia elettrica trifase Rail (4P) - descrizione del modello .jpg\" src=\"data:image\/svg+xml;base64,PHN2ZyB3aWR0aD0iMSIgaGVpZ2h0PSIxIiB4bWxucz0iaHR0cDovL3d3dy53My5vcmcvMjAwMC9zdmciPjwvc3ZnPg==\" class=\"lazyload\" \/><\/p>\n<h2><strong>Tipo di guida Din energia mete di dimensioni\u00a0<\/strong><\/h2>\n<hr \/>\n<p><img fetchpriority=\"high\" decoding=\"async\" class=\"alignnone size-full wp-image-8820\" src=\"https:\/\/bright-china.com\/wp-content\/uploads\/2025\/04\/Dimensions-of-Din-Rail-Energy-Meter-DTS805.jpg\" alt=\"\" width=\"689\" height=\"408\" srcset=\"https:\/\/bright-china.com\/wp-content\/uploads\/2025\/04\/Dimensions-of-Din-Rail-Energy-Meter-DTS805.jpg 689w, https:\/\/bright-china.com\/wp-content\/uploads\/2025\/04\/Dimensions-of-Din-Rail-Energy-Meter-DTS805-300x178.jpg 300w, https:\/\/bright-china.com\/wp-content\/uploads\/2025\/04\/Dimensions-of-Din-Rail-Energy-Meter-DTS805-18x12.jpg 18w, https:\/\/bright-china.com\/wp-content\/uploads\/2025\/04\/Dimensions-of-Din-Rail-Energy-Meter-DTS805-600x355.jpg 600w\" sizes=\"(max-width: 689px) 100vw, 689px\" \/><\/p>","protected":false},"excerpt":{"rendered":"<p>Il contatore di energia su rotaia Din \u00e8 trifase 4 fili e adotta la struttura di installazione su rotaia DIN35mm, di piccole dimensioni, pu\u00f2 misurare l'energia elettrica e altri parametri elettrici, pu\u00f2 impostare parametri come l'orologio, il periodo del tasso, ecc. con alta precisione, buona affidabilit\u00e0 e indicatori di prestazione in linea con lo standard nazionale GB\/T17215-2002, GB\/T17883-1999 e lo standard dell'industria energetica DL\/T614-2007 per i requisiti tecnici del contatore di energia elettrica e ha la funzione di uscita di impulsi di energia elettrica; l'interfaccia di comunicazione RS485 pu\u00f2 essere utilizzata per realizzare lo scambio di dati con il computer host.<\/p>","protected":false},"featured_media":8814,"template":"","meta":{"_acf_changed":false,"site-sidebar-layout":"default","site-content-layout":"","ast-site-content-layout":"default","site-content-style":"default","site-sidebar-style":"default","ast-global-header-display":"","ast-banner-title-visibility":"","ast-main-header-display":"","ast-hfb-above-header-display":"","ast-hfb-below-header-display":"","ast-hfb-mobile-header-display":"","site-post-title":"","ast-breadcrumbs-content":"","ast-featured-img":"","footer-sml-layout":"","theme-transparent-header-meta":"default","adv-header-id-meta":"","stick-header-meta":"default","header-above-stick-meta":"","header-main-stick-meta":"","header-below-stick-meta":"","astra-migrate-meta-layouts":"set","ast-page-background-enabled":"default","ast-page-background-meta":{"desktop":{"background-color":"","background-image":"","background-repeat":"repeat","background-position":"center center","background-size":"auto","background-attachment":"scroll","background-type":"","background-media":"","overlay-type":"","overlay-color":"","overlay-opacity":"","overlay-gradient":""},"tablet":{"background-color":"","background-image":"","background-repeat":"repeat","background-position":"center center","background-size":"auto","background-attachment":"scroll","background-type":"","background-media":"","overlay-type":"","overlay-color":"","overlay-opacity":"","overlay-gradient":""},"mobile":{"background-color":"","background-image":"","background-repeat":"repeat","background-position":"center center","background-size":"auto","background-attachment":"scroll","background-type":"","background-media":"","overlay-type":"","overlay-color":"","overlay-opacity":"","overlay-gradient":""}},"ast-content-background-meta":{"desktop":{"background-color":"var(--ast-global-color-5)","background-image":"","background-repeat":"repeat","background-position":"center center","background-size":"auto","background-attachment":"scroll","background-type":"","background-media":"","overlay-type":"","overlay-color":"","overlay-opacity":"","overlay-gradient":""},"tablet":{"background-color":"var(--ast-global-color-5)","background-image":"","background-repeat":"repeat","background-position":"center center","background-size":"auto","background-attachment":"scroll","background-type":"","background-media":"","overlay-type":"","overlay-color":"","overlay-opacity":"","overlay-gradient":""},"mobile":{"background-color":"var(--ast-global-color-5)","background-image":"","background-repeat":"repeat","background-position":"center center","background-size":"auto","background-attachment":"scroll","background-type":"","background-media":"","overlay-type":"","overlay-color":"","overlay-opacity":"","overlay-gradient":""}},"_seo_title":"","_seo_keywords":"","_seo_description":""},"product_brand":[],"product_cat":[15,70,69,64],"product_tag":[123,122,121],"class_list":{"0":"post-4440","1":"product","2":"type-product","3":"status-publish","4":"has-post-thumbnail","6":"product_cat-product","7":"product_cat-small-ammeter","8":"product_cat-voltmeter-ammeter","9":"product_cat-smart-meter","10":"product_tag-din-rail-type-energy-meter","11":"product_tag-energy-meter","12":"product_tag-power-meter","13":"desktop-align-center","14":"tablet-align-left","15":"mobile-align-left","16":"ast-product-gallery-layout-horizontal-slider","18":"first","19":"instock","20":"sale","21":"featured","22":"shipping-taxable","23":"purchasable","24":"product-type-simple"},"acf":[],"seo_title":"","seo_keywords":"","seo_description":"","seo_score":0,"product_seo_keywords":"","_links":{"self":[{"href":"https:\/\/bright-china.com\/it\/wp-json\/wp\/v2\/product\/4440","targetHints":{"allow":["GET"]}}],"collection":[{"href":"https:\/\/bright-china.com\/it\/wp-json\/wp\/v2\/product"}],"about":[{"href":"https:\/\/bright-china.com\/it\/wp-json\/wp\/v2\/types\/product"}],"wp:featuredmedia":[{"embeddable":true,"href":"https:\/\/bright-china.com\/it\/wp-json\/wp\/v2\/media\/8814"}],"wp:attachment":[{"href":"https:\/\/bright-china.com\/it\/wp-json\/wp\/v2\/media?parent=4440"}],"wp:term":[{"taxonomy":"product_brand","embeddable":true,"href":"https:\/\/bright-china.com\/it\/wp-json\/wp\/v2\/product_brand?post=4440"},{"taxonomy":"product_cat","embeddable":true,"href":"https:\/\/bright-china.com\/it\/wp-json\/wp\/v2\/product_cat?post=4440"},{"taxonomy":"product_tag","embeddable":true,"href":"https:\/\/bright-china.com\/it\/wp-json\/wp\/v2\/product_tag?post=4440"}],"curies":[{"name":"wp","href":"https:\/\/api.w.org\/{rel}","templated":true}]}}