{"id":4442,"date":"2025-04-27T02:23:54","date_gmt":"2025-04-27T02:23:54","guid":{"rendered":"https:\/\/bright-china.com\/?post_type=product&#038;p=4442"},"modified":"2026-01-01T17:35:44","modified_gmt":"2026-01-02T00:35:44","slug":"jgafdd-63","status":"publish","type":"product","link":"https:\/\/bright-china.com\/it\/product\/jgafdd-63\/","title":{"rendered":"Dispositivi di rilevamento dei guasti da arco elettrico JGAFDD-63"},"content":{"rendered":"<h2><strong>Introduzione<\/strong><\/h2>\n<hr \/>\n<p><strong>\u00a0 \u00a0<\/strong><a href=\"https:\/\/bright-china.com\/digital-display-current-and-voltage-protector\/\">Dispositivi di rilevamento dei guasti da arco (AFDD)<\/a>\u00e8 costituito da un interruttore automatico in miniatura e da un modulo di protezione contro i guasti d'arco, con funzioni di protezione quali sovraccarico, cortocircuito e guasto d'arco.<\/p>\n<p>AFDD Adatto per comunicazioni a 50Hz, tensione nominale 230V, corrente nominale a 63ANelle linee seguenti, viene utilizzato per proteggere il<a href=\"https:\/\/elejg.com\/\"> sovracorrente<\/a> delle linee degli edifici e per scopi analoghi; allo stesso tempo, \u00e8 in grado di rilevare in anticipo molti rischi di incendio causati dalla rottura di dispositivi elettrici o dall'invecchiamento dei fili e di proteggere dai guasti ad arco di terra, dai guasti ad arco paralleli e dai guasti ad arco in serie. In una certa misura, il verificarsi di incidenti di sicurezza antincendio \u00e8 stato ridotto e la sicurezza della vita e della propriet\u00e0 delle persone \u00e8 stata efficacemente protetta.<\/p>\n<h2><strong>Caratteristiche del prodotto AFDD<\/strong><\/h2>\n<hr \/>\n<table style=\"border-collapse: collapse; width: 100%; border-color: #969696;\" border=\"0\" width=\"100%\" cellspacing=\"0\" cellpadding=\"0\">\n<tbody>\n<tr style=\"height: 13.50pt;\">\n<td class=\"et2\" style=\"height: 13.5pt; width: 40.2421%; background-color: #060a30;\" width=\"212\" height=\"18\"><span style=\"color: #ffffff;\">Tipo<\/span><\/td>\n<td class=\"et3\" style=\"width: 59.6823%; background-color: #060a30;\" width=\"119\"><span style=\"color: #ffffff;\">JGAFDD-63<\/span><\/td>\n<\/tr>\n<tr style=\"height: 36.00pt;\">\n<td class=\"et4\" style=\"height: 36pt; width: 40.2421%;\" height=\"48\">Specifiche attuali<\/td>\n<td class=\"et5\" style=\"width: 59.6823%;\" width=\"119\">6A,10A,16A,20A,25A,32A,40A,50A,63A<\/td>\n<\/tr>\n<tr style=\"height: 13.50pt;\">\n<td class=\"et4\" style=\"height: 13.5pt; background-color: #dedede; width: 40.2421%;\" height=\"18\">Pali<\/td>\n<td class=\"et4\" style=\"background-color: #dedede; width: 59.6823%;\">2P\uff0c4P<\/td>\n<\/tr>\n<tr style=\"height: 13.50pt;\">\n<td class=\"et4\" style=\"height: 13.5pt; width: 40.2421%;\" height=\"18\">Tensione di lavoro<\/td>\n<td class=\"et4\" style=\"width: 59.6823%;\">AC230V<\/td>\n<\/tr>\n<tr>\n<td style=\"width: 40.2421%; background-color: #dedede;\">Conformit\u00e0 con<\/td>\n<td style=\"width: 59.6823%; background-color: #dedede;\">GB\/T 31143-2025<\/td>\n<\/tr>\n<\/tbody>\n<\/table>\n<p>Protezione da sovraccarico e da ritardi prolungati;<\/p>\n<p>b\uff09Protezione da sovraccarico e cortocircuito;<\/p>\n<p>c\uff09Protezione da sgancio istantaneo;<\/p>\n<p>d\uff09Protezione contro i guasti d'arco in serie;<\/p>\n<p>e\uff09Protezione contro i guasti d'arco in parallelo;<\/p>\n<p>FGProtezione contro i guasti d'arco;<\/p>\n<p>g\uff09Specifiche di corrente multiple.<\/p>\n<p>&nbsp;<\/p>\n<h2><strong>\u00a0Condizioni di lavoro e di installazione AFDD<\/strong><\/h2>\n<hr \/>\n<p>aTemperatura dell'aria ambiente<\/p>\n<p>La temperatura dell'aria ambiente non \u00e8 superiore a 70\u2103, non meno di 35\u2103, 24 La media delle ore non supera i 35\u2103.<\/p>\n<p>Nota: La temperatura dell'aria ambiente \u00e8 superiore a +70\u2103 o inferiore a-35\u2103condizioni d'uso AFDD La protezione contro i guasti dell'arco \u00e8 disattivata Il roader deve essere negoziato con il produttore;<\/p>\n<p>bAltitudine<\/p>\n<p>L'altitudine del sito di installazione non supera i 2000 m\uff1b.<\/p>\n<p>cCondizioni atmosferiche<\/p>\n<p>L'umidit\u00e0 relativa dell'atmosfera \u00e8 alla sua temperatura pi\u00f9 alta nell'ambiente circostante+60\u2103time non superato 50%, che pu\u00f2 avere una fase pi\u00f9 elevata a temperature pi\u00f9 basse per l'umidit\u00e0, ad esempio 20\u2103time 90%, per la condensazione occasionale a causa di sbalzi di temperatura, misure di protezione devono essere adottate;<\/p>\n<p>dCondizioni di installazione<\/p>\n<p>Il campo magnetico esterno in prossimit\u00e0 del sito di installazione non deve superare il campo geomagnetico in qualsiasi direzione5Fold; la posizione di installazione deve essere verticale e l'inclinazione in tutte le direzioni non deve superare i 10\u00b0\uff1b Installato in un luogo in cui non ci sono vibrazioni da urto e non c'\u00e8 pioggia o neve Square; Adottare gli standard TH35-7.5 sezione di installazione in acciaio ferroviario;<\/p>\n<p>Livello di inquinamento: livello 2<\/p>\n<p>fCategoria di installazione:\u2162Tipo;<\/p>\n<p>Protezione gIngress: IP20 (installata in una scatola di distribuzione, in un armadio di distribuzione o in un box) IP40\uff09\uff1b<\/p>\n<p>hCon esso N Durante il cablaggio, il filo del neutro deve essere collegato al segno N Identificazione dei poli.<\/p>\n<h2><strong>Dimensioni dei dispositivi di rilevamento dei guasti da arco elettrico<\/strong><\/h2>\n<hr \/>\n<p><img fetchpriority=\"high\" decoding=\"async\" class=\"alignnone wp-image-8772 size-full\" src=\"https:\/\/bright-china.com\/wp-content\/uploads\/2025\/04\/External-dimensions-of-arc-fault-detection-device-JGAFDD-63.webp\" alt=\"dispositivo di rilevamento del guasto ad arco JGAFDD-63\" width=\"800\" height=\"458\" srcset=\"https:\/\/bright-china.com\/wp-content\/uploads\/2025\/04\/External-dimensions-of-arc-fault-detection-device-JGAFDD-63.webp 800w, https:\/\/bright-china.com\/wp-content\/uploads\/2025\/04\/External-dimensions-of-arc-fault-detection-device-JGAFDD-63-300x172.webp 300w, https:\/\/bright-china.com\/wp-content\/uploads\/2025\/04\/External-dimensions-of-arc-fault-detection-device-JGAFDD-63-768x440.webp 768w, https:\/\/bright-china.com\/wp-content\/uploads\/2025\/04\/External-dimensions-of-arc-fault-detection-device-JGAFDD-63-18x10.webp 18w, https:\/\/bright-china.com\/wp-content\/uploads\/2025\/04\/External-dimensions-of-arc-fault-detection-device-JGAFDD-63-600x344.webp 600w\" sizes=\"(max-width: 800px) 100vw, 800px\" \/><\/p>","protected":false},"excerpt":{"rendered":"<p>Arc Fault Detection Devices (<a href=\"https:\/\/bright-china.com\/en\/afci-afdd\/\" title=\"\u67e5\u770b\u66f4\u591a\u5173\u4e8eAFDD\u7684\u4fe1\u606f\" class=\"seo-keyword-link\" style=\"font-weight: bold; color: inherit; text-decoration: underline; border-bottom: 1px dotted #667eea;\">AFDD<\/a> ): hereinafter referred to as the protector, effectively detects the fault arc in the access line, including the fault parallel arc and the fault series arc, and when the fault arc that causes fire is detected in the line, the power off function can be carried out to achieve the purpose of early warning of fire. The fault arc protector is suitable for electrical circuits of 10KW and below in industrial and civil buildings<\/p>","protected":false},"featured_media":8767,"template":"","meta":{"_acf_changed":false,"site-sidebar-layout":"default","site-content-layout":"","ast-site-content-layout":"default","site-content-style":"default","site-sidebar-style":"default","ast-global-header-display":"","ast-banner-title-visibility":"","ast-main-header-display":"","ast-hfb-above-header-display":"","ast-hfb-below-header-display":"","ast-hfb-mobile-header-display":"","site-post-title":"","ast-breadcrumbs-content":"","ast-featured-img":"","footer-sml-layout":"","theme-transparent-header-meta":"default","adv-header-id-meta":"","stick-header-meta":"default","header-above-stick-meta":"","header-main-stick-meta":"","header-below-stick-meta":"","astra-migrate-meta-layouts":"set","ast-page-background-enabled":"default","ast-page-background-meta":{"desktop":{"background-color":"","background-image":"","background-repeat":"repeat","background-position":"center center","background-size":"auto","background-attachment":"scroll","background-type":"","background-media":"","overlay-type":"","overlay-color":"","overlay-opacity":"","overlay-gradient":""},"tablet":{"background-color":"","background-image":"","background-repeat":"repeat","background-position":"center center","background-size":"auto","background-attachment":"scroll","background-type":"","background-media":"","overlay-type":"","overlay-color":"","overlay-opacity":"","overlay-gradient":""},"mobile":{"background-color":"","background-image":"","background-repeat":"repeat","background-position":"center center","background-size":"auto","background-attachment":"scroll","background-type":"","background-media":"","overlay-type":"","overlay-color":"","overlay-opacity":"","overlay-gradient":""}},"ast-content-background-meta":{"desktop":{"background-color":"var(--ast-global-color-5)","background-image":"","background-repeat":"repeat","background-position":"center center","background-size":"auto","background-attachment":"scroll","background-type":"","background-media":"","overlay-type":"","overlay-color":"","overlay-opacity":"","overlay-gradient":""},"tablet":{"background-color":"var(--ast-global-color-5)","background-image":"","background-repeat":"repeat","background-position":"center center","background-size":"auto","background-attachment":"scroll","background-type":"","background-media":"","overlay-type":"","overlay-color":"","overlay-opacity":"","overlay-gradient":""},"mobile":{"background-color":"var(--ast-global-color-5)","background-image":"","background-repeat":"repeat","background-position":"center center","background-size":"auto","background-attachment":"scroll","background-type":"","background-media":"","overlay-type":"","overlay-color":"","overlay-opacity":"","overlay-gradient":""}},"_seo_title":"","_seo_keywords":"","_seo_description":""},"product_brand":[],"product_cat":[131],"product_tag":[],"class_list":{"0":"post-4442","1":"product","2":"type-product","3":"status-publish","4":"has-post-thumbnail","6":"product_cat-afci-afdd","7":"desktop-align-center","8":"tablet-align-left","9":"mobile-align-left","10":"ast-product-gallery-layout-horizontal-slider","12":"first","13":"instock","14":"sale","15":"featured","16":"shipping-taxable","17":"purchasable","18":"product-type-simple"},"acf":[],"seo_title":"","seo_keywords":"","seo_description":"","seo_score":0,"product_seo_keywords":"","_links":{"self":[{"href":"https:\/\/bright-china.com\/it\/wp-json\/wp\/v2\/product\/4442","targetHints":{"allow":["GET"]}}],"collection":[{"href":"https:\/\/bright-china.com\/it\/wp-json\/wp\/v2\/product"}],"about":[{"href":"https:\/\/bright-china.com\/it\/wp-json\/wp\/v2\/types\/product"}],"wp:featuredmedia":[{"embeddable":true,"href":"https:\/\/bright-china.com\/it\/wp-json\/wp\/v2\/media\/8767"}],"wp:attachment":[{"href":"https:\/\/bright-china.com\/it\/wp-json\/wp\/v2\/media?parent=4442"}],"wp:term":[{"taxonomy":"product_brand","embeddable":true,"href":"https:\/\/bright-china.com\/it\/wp-json\/wp\/v2\/product_brand?post=4442"},{"taxonomy":"product_cat","embeddable":true,"href":"https:\/\/bright-china.com\/it\/wp-json\/wp\/v2\/product_cat?post=4442"},{"taxonomy":"product_tag","embeddable":true,"href":"https:\/\/bright-china.com\/it\/wp-json\/wp\/v2\/product_tag?post=4442"}],"curies":[{"name":"wp","href":"https:\/\/api.w.org\/{rel}","templated":true}]}}