{"id":7409,"date":"2025-10-14T05:26:47","date_gmt":"2025-10-14T12:26:47","guid":{"rendered":"https:\/\/bright-china.com\/?post_type=product&#038;p=7409"},"modified":"2026-01-22T05:52:25","modified_gmt":"2026-01-22T12:52:25","slug":"ats-jgat3-1","status":"publish","type":"product","link":"https:\/\/bright-china.com\/it\/product\/ats-jgat3-1\/","title":{"rendered":"Interruttore di trasferimento automatico intelligente (ATS) JGAT3-1"},"content":{"rendered":"<h2>Introduzione all'ATS<\/h2>\n<hr \/>\n<p><span style=\"font-size: 16px;\">\u00a0 \u00a0 \u00a0Intelligente <\/span><a style=\"font-size: 16px; background-color: #ffffff;\" href=\"https:\/\/bright-china.com\/power-switch\/\">interruttore di trasferimento automatico<\/a><span style=\"font-size: 16px;\">\uff08<\/span><a style=\"font-size: 16px; background-color: #ffffff;\" href=\"https:\/\/elejg.com\">ATS<\/a><span style=\"font-size: 16px;\">) \u00e8 la gestione di pi\u00f9 fonti di alimentazione: Questo interruttore di trasferimento automatico a 3 vie dispone di 3 interfacce di ingresso di alimentazione, tra cui la rete elettrica (fonte di alimentazione primaria), il generatore e un inverter. In caso di guasto dell'alimentazione principale, instabilit\u00e0 della tensione o altri problemi, questo interruttore \u00e8 in grado di rilevare e passare automaticamente alla successiva fonte di alimentazione disponibile per garantire un'alimentazione ininterrotta.<\/span><\/p>\n<p>Regolazione flessibile dei parametri: \u00c8 possibile impostare l'intervallo di tensione e frequenza in base alle proprie esigenze per attivare la commutazione automatica. Viene fornito con le istruzioni per eseguire il debug dell'interruttore di trasferimento in base alle istruzioni. Compreso il ritardo di accensione, il ritardo di recupero della protezione, il valore di protezione da sovratensione, il valore di protezione da sottotensione, la protezione da sovracorrente, la fase di piorit\u00e0, il tempo di azione della protezione da sovracorrente, la frequenza di protezione da sovracorrente continua.<\/p>\n<p>Monitoraggio in tempo reale: Con 5 schermi a LED e 4 spie luminose, \u00e8 facile sapere chiaramente quale circuito \u00e8 attualmente responsabile dell'alimentazione o se c'\u00e8 un errore. Fornisce in tempo reale lo stato della tensione d'ingresso e della corrente d'uscita, monitora le prestazioni dell'apparecchiatura di alimentazione ed esegue le regolazioni necessarie per aiutarvi a prendere decisioni sulla commutazione dell'alimentazione, come il passaggio a un generatore o a un inverter quando la rete elettrica \u00e8 instabile.<\/p>\n<p>Protezione di sicurezza completa: Dispone di molteplici funzioni di protezione di sicurezza, tra cui protezione da bassa tensione, protezione da sovratensione, protezione da sovracorrente, ecc. Queste funzioni non solo migliorano la stabilit\u00e0 e l'affidabilit\u00e0 dell'alimentazione, ma proteggono anche i dispositivi collegati da problemi legati all'alimentazione, riducendo i potenziali rischi associati ai problemi di alimentazione.<\/p>\n<p>Ampia applicabilit\u00e0: Grazie alle interfacce a 2 vie per le fonti di alimentazione di backup, \u00e8 compatibile con la maggior parte dei generatori, dei pannelli solari e di altri dispositivi di alimentazione con una tensione di uscita. Adatto a vari scenari applicativi, tra cui sistemi di alimentazione di backup per la casa, edifici commerciali, apparecchiature industriali, ecc.<\/p>\n<h2>Descrizione del prodotto<\/h2>\n<hr \/>\n<p>1, Interruttore automatico di trasferimento: con stadio \u201cprioritario\u201d.<\/p>\n<p>2, basato su microcontrollore<\/p>\n<p>3. Impostare i parametri attraverso i pulsanti<\/p>\n<p>4\u3001<a href=\"https:\/\/elejg.com\/\">Sovratensione<\/a> e protezione da sottotensione<\/p>\n<p>5, Protezione da sovracorrente<\/p>\n<p>6, indicazione della tensione di lavoro a LED<\/p>\n<p>7. Installazione delle rotaie<\/p>\n<p><img fetchpriority=\"high\" decoding=\"async\" class=\"alignnone wp-image-8675 size-full\" src=\"https:\/\/bright-china.com\/wp-content\/uploads\/2025\/10\/automatic-transfer-switch-ATS-63Parameter-settings.webp\" alt=\"interruttore automatico di trasferimento-ATS-63Impostazioni dei parametri\" width=\"800\" height=\"1397\" srcset=\"https:\/\/bright-china.com\/wp-content\/uploads\/2025\/10\/automatic-transfer-switch-ATS-63Parameter-settings.webp 800w, https:\/\/bright-china.com\/wp-content\/uploads\/2025\/10\/automatic-transfer-switch-ATS-63Parameter-settings-172x300.webp 172w, https:\/\/bright-china.com\/wp-content\/uploads\/2025\/10\/automatic-transfer-switch-ATS-63Parameter-settings-586x1024.webp 586w, https:\/\/bright-china.com\/wp-content\/uploads\/2025\/10\/automatic-transfer-switch-ATS-63Parameter-settings-768x1341.webp 768w, https:\/\/bright-china.com\/wp-content\/uploads\/2025\/10\/automatic-transfer-switch-ATS-63Parameter-settings-7x12.webp 7w, https:\/\/bright-china.com\/wp-content\/uploads\/2025\/10\/automatic-transfer-switch-ATS-63Parameter-settings-600x1048.webp 600w\" sizes=\"(max-width: 800px) 100vw, 800px\" \/><\/p>\n<h2>Dati tecnici<\/h2>\n<hr \/>\n<p><img decoding=\"async\" class=\"alignnone wp-image-8671 size-full lazyload\" data-src=\"https:\/\/bright-china.com\/wp-content\/uploads\/2025\/10\/automatic-transfer-switch-ATS-63-\u6280\u672f\u53c2\u6570.webp\" alt=\"Interruttore di trasferimento automatico-ATS-63-Specifiche tecniche\" width=\"800\" height=\"769\" data-srcset=\"https:\/\/bright-china.com\/wp-content\/uploads\/2025\/10\/automatic-transfer-switch-ATS-63-\u6280\u672f\u53c2\u6570.webp 800w, https:\/\/bright-china.com\/wp-content\/uploads\/2025\/10\/automatic-transfer-switch-ATS-63-\u6280\u672f\u53c2\u6570-300x288.webp 300w, https:\/\/bright-china.com\/wp-content\/uploads\/2025\/10\/automatic-transfer-switch-ATS-63-\u6280\u672f\u53c2\u6570-768x738.webp 768w, https:\/\/bright-china.com\/wp-content\/uploads\/2025\/10\/automatic-transfer-switch-ATS-63-\u6280\u672f\u53c2\u6570-12x12.webp 12w, https:\/\/bright-china.com\/wp-content\/uploads\/2025\/10\/automatic-transfer-switch-ATS-63-\u6280\u672f\u53c2\u6570-600x577.webp 600w\" data-sizes=\"(max-width: 800px) 100vw, 800px\" src=\"data:image\/svg+xml;base64,PHN2ZyB3aWR0aD0iMSIgaGVpZ2h0PSIxIiB4bWxucz0iaHR0cDovL3d3dy53My5vcmcvMjAwMC9zdmciPjwvc3ZnPg==\" style=\"--smush-placeholder-width: 800px; --smush-placeholder-aspect-ratio: 800\/769;\" \/><\/p>\n<h2>Pannello frontale<\/h2>\n<hr \/>\n<p>&nbsp;<\/p>\n<p><img decoding=\"async\" class=\"alignnone wp-image-8668 size-full lazyload\" data-src=\"https:\/\/bright-china.com\/wp-content\/uploads\/2025\/10\/automatic-transfer-switch-ATS-63-\u9762\u677f\u8bf4\u660e-\u62f7\u8d1d.webp\" alt=\"interruttore automatico di trasferimento-ATS-63-Pannello Descrizione\" width=\"800\" height=\"364\" data-srcset=\"https:\/\/bright-china.com\/wp-content\/uploads\/2025\/10\/automatic-transfer-switch-ATS-63-\u9762\u677f\u8bf4\u660e-\u62f7\u8d1d.webp 800w, https:\/\/bright-china.com\/wp-content\/uploads\/2025\/10\/automatic-transfer-switch-ATS-63-\u9762\u677f\u8bf4\u660e-\u62f7\u8d1d-300x137.webp 300w, https:\/\/bright-china.com\/wp-content\/uploads\/2025\/10\/automatic-transfer-switch-ATS-63-\u9762\u677f\u8bf4\u660e-\u62f7\u8d1d-768x349.webp 768w, https:\/\/bright-china.com\/wp-content\/uploads\/2025\/10\/automatic-transfer-switch-ATS-63-\u9762\u677f\u8bf4\u660e-\u62f7\u8d1d-18x8.webp 18w, https:\/\/bright-china.com\/wp-content\/uploads\/2025\/10\/automatic-transfer-switch-ATS-63-\u9762\u677f\u8bf4\u660e-\u62f7\u8d1d-600x273.webp 600w\" data-sizes=\"(max-width: 800px) 100vw, 800px\" src=\"data:image\/svg+xml;base64,PHN2ZyB3aWR0aD0iMSIgaGVpZ2h0PSIxIiB4bWxucz0iaHR0cDovL3d3dy53My5vcmcvMjAwMC9zdmciPjwvc3ZnPg==\" style=\"--smush-placeholder-width: 800px; --smush-placeholder-aspect-ratio: 800\/364;\" \/><\/p>\n<p>&nbsp;<\/p>\n<h2>Schema elettrico\/Disegno dimensionale<\/h2>\n<hr \/>\n<p><img decoding=\"async\" class=\"alignnone wp-image-8672 size-full lazyload\" data-src=\"https:\/\/bright-china.com\/wp-content\/uploads\/2025\/10\/automatic-transfer-switch-ATS-63-\u63a5\u7ebf\u56fe.webp\" alt=\"interruttore automatico di trasferimento-ATS-63-Istruzioni per il cablaggio\" width=\"800\" height=\"733\" data-srcset=\"https:\/\/bright-china.com\/wp-content\/uploads\/2025\/10\/automatic-transfer-switch-ATS-63-\u63a5\u7ebf\u56fe.webp 800w, https:\/\/bright-china.com\/wp-content\/uploads\/2025\/10\/automatic-transfer-switch-ATS-63-\u63a5\u7ebf\u56fe-300x275.webp 300w, https:\/\/bright-china.com\/wp-content\/uploads\/2025\/10\/automatic-transfer-switch-ATS-63-\u63a5\u7ebf\u56fe-768x704.webp 768w, https:\/\/bright-china.com\/wp-content\/uploads\/2025\/10\/automatic-transfer-switch-ATS-63-\u63a5\u7ebf\u56fe-13x12.webp 13w, https:\/\/bright-china.com\/wp-content\/uploads\/2025\/10\/automatic-transfer-switch-ATS-63-\u63a5\u7ebf\u56fe-600x550.webp 600w\" data-sizes=\"(max-width: 800px) 100vw, 800px\" src=\"data:image\/svg+xml;base64,PHN2ZyB3aWR0aD0iMSIgaGVpZ2h0PSIxIiB4bWxucz0iaHR0cDovL3d3dy53My5vcmcvMjAwMC9zdmciPjwvc3ZnPg==\" style=\"--smush-placeholder-width: 800px; --smush-placeholder-aspect-ratio: 800\/733;\" \/> <img decoding=\"async\" class=\"alignnone wp-image-8673 size-full lazyload\" data-src=\"https:\/\/bright-china.com\/wp-content\/uploads\/2025\/10\/automatic-transfer-switch-ATS-63-\u5916\u5f62\u5c3a\u5bf8-\u62f7\u8d1d.webp\" alt=\"interruttore automatico di trasferimento-ATS-63-dimensioni complessive\" width=\"800\" height=\"369\" data-srcset=\"https:\/\/bright-china.com\/wp-content\/uploads\/2025\/10\/automatic-transfer-switch-ATS-63-\u5916\u5f62\u5c3a\u5bf8-\u62f7\u8d1d.webp 800w, https:\/\/bright-china.com\/wp-content\/uploads\/2025\/10\/automatic-transfer-switch-ATS-63-\u5916\u5f62\u5c3a\u5bf8-\u62f7\u8d1d-300x138.webp 300w, https:\/\/bright-china.com\/wp-content\/uploads\/2025\/10\/automatic-transfer-switch-ATS-63-\u5916\u5f62\u5c3a\u5bf8-\u62f7\u8d1d-768x354.webp 768w, https:\/\/bright-china.com\/wp-content\/uploads\/2025\/10\/automatic-transfer-switch-ATS-63-\u5916\u5f62\u5c3a\u5bf8-\u62f7\u8d1d-18x8.webp 18w, https:\/\/bright-china.com\/wp-content\/uploads\/2025\/10\/automatic-transfer-switch-ATS-63-\u5916\u5f62\u5c3a\u5bf8-\u62f7\u8d1d-600x277.webp 600w\" data-sizes=\"(max-width: 800px) 100vw, 800px\" src=\"data:image\/svg+xml;base64,PHN2ZyB3aWR0aD0iMSIgaGVpZ2h0PSIxIiB4bWxucz0iaHR0cDovL3d3dy53My5vcmcvMjAwMC9zdmciPjwvc3ZnPg==\" style=\"--smush-placeholder-width: 800px; --smush-placeholder-aspect-ratio: 800\/369;\" \/><\/p>\n<p><span style=\"font-size: 16px;\">\u00a0Interruttore di trasferimento automatico intelligente (interruttore)<a href=\"https:\/\/bright-china.com\/en\/ats\/\" title=\"\u67e5\u770b\u66f4\u591a\u5173\u4e8eATS\u7684\u4fe1\u606f\" class=\"seo-keyword-link\" style=\"font-weight: bold; color: inherit; text-decoration: underline; border-bottom: 1px dotted #667eea;\">ATS<\/a>)<\/span><\/p>","protected":false},"excerpt":{"rendered":"<p><a href=\"https:\/\/bright-china.com\/product\/arc-fault-circuit-interrupters-afci-jgafci-63\/\">Interruttore di trasferimento automatico intelligente (ATS)<\/a> \u00e8 la gestione di pi\u00f9 fonti di alimentazione: Questo interruttore di trasferimento automatico a 3 vie dispone di 3 interfacce di ingresso di alimentazione, tra cui la rete elettrica (fonte di alimentazione primaria), il generatore e un inverter. In caso di guasto dell'alimentazione principale, instabilit\u00e0 della tensione o altri problemi, questo interruttore \u00e8 in grado di rilevare e passare automaticamente alla successiva fonte di alimentazione disponibile per garantire un'alimentazione ininterrotta.<\/p>\n<p>&nbsp;<\/p>","protected":false},"featured_media":8669,"template":"","meta":{"_acf_changed":false,"site-sidebar-layout":"default","site-content-layout":"","ast-site-content-layout":"default","site-content-style":"default","site-sidebar-style":"default","ast-global-header-display":"","ast-banner-title-visibility":"","ast-main-header-display":"","ast-hfb-above-header-display":"","ast-hfb-below-header-display":"","ast-hfb-mobile-header-display":"","site-post-title":"","ast-breadcrumbs-content":"","ast-featured-img":"","footer-sml-layout":"","theme-transparent-header-meta":"default","adv-header-id-meta":"","stick-header-meta":"default","header-above-stick-meta":"","header-main-stick-meta":"","header-below-stick-meta":"","astra-migrate-meta-layouts":"set","ast-page-background-enabled":"default","ast-page-background-meta":{"desktop":{"background-color":"","background-image":"","background-repeat":"repeat","background-position":"center center","background-size":"auto","background-attachment":"scroll","background-type":"","background-media":"","overlay-type":"","overlay-color":"","overlay-opacity":"","overlay-gradient":""},"tablet":{"background-color":"","background-image":"","background-repeat":"repeat","background-position":"center center","background-size":"auto","background-attachment":"scroll","background-type":"","background-media":"","overlay-type":"","overlay-color":"","overlay-opacity":"","overlay-gradient":""},"mobile":{"background-color":"","background-image":"","background-repeat":"repeat","background-position":"center center","background-size":"auto","background-attachment":"scroll","background-type":"","background-media":"","overlay-type":"","overlay-color":"","overlay-opacity":"","overlay-gradient":""}},"ast-content-background-meta":{"desktop":{"background-color":"var(--ast-global-color-5)","background-image":"","background-repeat":"repeat","background-position":"center center","background-size":"auto","background-attachment":"scroll","background-type":"","background-media":"","overlay-type":"","overlay-color":"","overlay-opacity":"","overlay-gradient":""},"tablet":{"background-color":"var(--ast-global-color-5)","background-image":"","background-repeat":"repeat","background-position":"center center","background-size":"auto","background-attachment":"scroll","background-type":"","background-media":"","overlay-type":"","overlay-color":"","overlay-opacity":"","overlay-gradient":""},"mobile":{"background-color":"var(--ast-global-color-5)","background-image":"","background-repeat":"repeat","background-position":"center center","background-size":"auto","background-attachment":"scroll","background-type":"","background-media":"","overlay-type":"","overlay-color":"","overlay-opacity":"","overlay-gradient":""}},"_seo_title":"Intelligent automatic transfer switch\uff08ATS) JGAT3-1","_seo_keywords":"Automatic Transfer Switch ATS, ats, Automatic Transfer Switch mode in china","_seo_description":"Intelligent automatic transfer switch\uff08ATS) is Multiple Power Source Management: This 3-way automatic transfer switch has 3pcs power input interfaces,"},"product_brand":[],"product_cat":[15,100,65,57],"product_tag":[101,102,128,129],"class_list":{"0":"post-7409","1":"product","2":"type-product","3":"status-publish","4":"has-post-thumbnail","6":"product_cat-product","7":"product_cat-ats","8":"product_cat-current-and-voltage-protector","9":"product_cat-smart-protector","10":"product_tag-ats","11":"product_tag-automatic-transfer-switch","12":"product_tag-intelligent-automatic-transfer-switch","13":"product_tag-intelligent-automatic-transfer-switchats","14":"desktop-align-center","15":"tablet-align-left","16":"mobile-align-left","17":"ast-product-gallery-layout-horizontal-slider","19":"first","20":"instock","21":"featured","22":"downloadable","23":"shipping-taxable","24":"purchasable","25":"product-type-simple"},"acf":[],"seo_title":"Intelligent automatic transfer switch\uff08ATS) JGAT3-1","seo_keywords":"Automatic Transfer Switch ATS, ats, Automatic Transfer Switch mode in china","seo_description":"Intelligent automatic transfer switch\uff08ATS) is Multiple Power Source Management: This 3-way automatic transfer switch has 3pcs power input interfaces,","seo_score":"85","product_seo_keywords":"","_links":{"self":[{"href":"https:\/\/bright-china.com\/it\/wp-json\/wp\/v2\/product\/7409","targetHints":{"allow":["GET"]}}],"collection":[{"href":"https:\/\/bright-china.com\/it\/wp-json\/wp\/v2\/product"}],"about":[{"href":"https:\/\/bright-china.com\/it\/wp-json\/wp\/v2\/types\/product"}],"wp:featuredmedia":[{"embeddable":true,"href":"https:\/\/bright-china.com\/it\/wp-json\/wp\/v2\/media\/8669"}],"wp:attachment":[{"href":"https:\/\/bright-china.com\/it\/wp-json\/wp\/v2\/media?parent=7409"}],"wp:term":[{"taxonomy":"product_brand","embeddable":true,"href":"https:\/\/bright-china.com\/it\/wp-json\/wp\/v2\/product_brand?post=7409"},{"taxonomy":"product_cat","embeddable":true,"href":"https:\/\/bright-china.com\/it\/wp-json\/wp\/v2\/product_cat?post=7409"},{"taxonomy":"product_tag","embeddable":true,"href":"https:\/\/bright-china.com\/it\/wp-json\/wp\/v2\/product_tag?post=7409"}],"curies":[{"name":"wp","href":"https:\/\/api.w.org\/{rel}","templated":true}]}}