{"id":4439,"date":"2025-04-27T02:23:54","date_gmt":"2025-04-27T02:23:54","guid":{"rendered":"https:\/\/bright-china.com\/?post_type=product&#038;p=4439"},"modified":"2026-02-28T23:14:29","modified_gmt":"2026-03-01T06:14:29","slug":"meter-jgyb-96","status":"publish","type":"product","link":"https:\/\/bright-china.com\/ja\/product\/meter-jgyb-96\/","title":{"rendered":"\u30c7\u30b8\u30bf\u30eb\u30de\u30eb\u30c1\u30d5\u30a1\u30f3\u30af\u30b7\u30e7\u30f3\u30e1\u30fc\u30bf\u30fc JGYB-96"},"content":{"rendered":"<h2>\u306f\u3058\u3081\u306b<\/h2>\n<hr \/>\n<p><img fetchpriority=\"high\" decoding=\"async\" class=\"alignleft wp-image-8809 size-medium\" title=\"\u30c7\u30b8\u30bf\u30eb\u591a\u6a5f\u80fd\u30d1\u30ef\u30fc\u30e1\u30fc\u30bf\u30fc\" src=\"https:\/\/bright-china.com\/wp-content\/uploads\/2025\/04\/Digital-Multifunction-Meter-JGYB-96-1-300x300.webp\" alt=\"Digital Multi function Meter JGYB-96-0\" width=\"300\" height=\"300\" srcset=\"https:\/\/bright-china.com\/wp-content\/uploads\/2025\/04\/Digital-Multifunction-Meter-JGYB-96-1-300x300.webp 300w, https:\/\/bright-china.com\/wp-content\/uploads\/2025\/04\/Digital-Multifunction-Meter-JGYB-96-1-150x150.webp 150w, https:\/\/bright-china.com\/wp-content\/uploads\/2025\/04\/Digital-Multifunction-Meter-JGYB-96-1-768x768.webp 768w, https:\/\/bright-china.com\/wp-content\/uploads\/2025\/04\/Digital-Multifunction-Meter-JGYB-96-1-12x12.webp 12w, https:\/\/bright-china.com\/wp-content\/uploads\/2025\/04\/Digital-Multifunction-Meter-JGYB-96-1-600x600.webp 600w, https:\/\/bright-china.com\/wp-content\/uploads\/2025\/04\/Digital-Multifunction-Meter-JGYB-96-1-100x100.webp 100w, https:\/\/bright-china.com\/wp-content\/uploads\/2025\/04\/Digital-Multifunction-Meter-JGYB-96-1.webp 800w\" sizes=\"(max-width: 300px) 100vw, 300px\" \/><\/p>\n<p><strong>\u00a0 <\/strong><\/p>\n<p><strong><a href=\"https:\/\/bright-china.com\/current-voltage-protector\/\">\u00a0 \u00a0Digital multi function power meter <\/a><\/strong>\u96fb\u529b\u30b7\u30b9\u30c6\u30e0\u3001\u5de5\u696d\u30fb\u9271\u696d\u4f01\u696d\u3001\u516c\u5171\u65bd\u8a2d\u3001\u30a4\u30f3\u30c6\u30ea\u30b8\u30a7\u30f3\u30c8\u30d3\u30eb\u306a\u3069\u306e\u96fb\u529b\u76e3\u8996\u30cb\u30fc\u30ba\u306b\u5bfe\u5fdc\u3002\u4e09\u76f8\u96fb\u6d41\u3001\u96fb\u5727\u3001\u6709\u52b9\u96fb\u529b\u3001\u7121\u52b9\u96fb\u529b\u3001\u96fb\u529b\u3001\u9ad8\u8abf\u6ce2\u306a\u3069\u3001\u4e00\u822c\u7684\u306a\u96fb\u529b\u30d1\u30e9\u30e1\u30fc\u30bf\u3092\u3059\u3079\u3066\u6e2c\u5b9a\u3067\u304d\u307e\u3059\u3002\u306a\u305c\u306a\u3089<a href=\"https:\/\/www.elejg.com\/?product\/\"> \u30d1\u30ef\u30fc\u30e1\u30fc\u30bf\u30fc <\/a>\u307e\u305f\u3001\u5b8c\u5168\u306a\u901a\u4fe1\u30cd\u30c3\u30c8\u30ef\u30fc\u30af\u6a5f\u80fd\u3092\u5099\u3048\u3066\u3044\u308b\u305f\u3081\u3001\u79c1\u305f\u3061\u306f\u3053\u308c\u3092\u30cd\u30c3\u30c8\u30ef\u30fc\u30af\u96fb\u529b\u8a08\u3068\u547c\u3093\u3067\u3044\u307e\u3059\u3002\u30ea\u30a2\u30eb\u30bf\u30a4\u30e0\u96fb\u529b\u76e3\u8996\u30b7\u30b9\u30c6\u30e0\u306b\u6700\u9069\u3067\u3059\u3002.<\/p>\n<p>&nbsp;<\/p>\n<p>\u3053\u306e\u30e1\u30fc\u30bf\u30fc\u306f\u9ad8\u3044\u6027\u80fd\u5bfe\u4fa1\u683c\u6bd4\u3092\u6301\u3061\u3001\u5f93\u6765\u306e\u30d1\u30ef\u30fc\u30c8\u30e9\u30f3\u30b9\u30df\u30c3\u30bf\u30fc\u3084\u6e2c\u5b9a\u5668\u3092\u76f4\u63a5\u7f6e\u304d\u63db\u3048\u308b\u3053\u3068\u304c\u3067\u304d\u307e\u3059\u3002\u5148\u9032\u7684\u306a\u30a4\u30f3\u30c6\u30ea\u30b8\u30a7\u30f3\u30c8\u30fb\u30c7\u30b8\u30bf\u30eb\u30fb\u30d5\u30ed\u30f3\u30c8\u30a8\u30f3\u30c9\u53ce\u96c6\u7d20\u5b50\u3068\u3057\u3066\u3001\u3053\u306e\u30cd\u30c3\u30c8\u30ef\u30fc\u30af\u8a08\u5668\u30b7\u30ea\u30fc\u30ba\u306f\u3001\u69d8\u3005\u306a\u5236\u5fa1\u30b7\u30b9\u30c6\u30e0\u3001SCADA\u30b7\u30b9\u30c6\u30e0\u3001\u30a8\u30cd\u30eb\u30ae\u30fc\u7ba1\u7406\u30b7\u30b9\u30c6\u30e0\u306b\u5e83\u304f\u4f7f\u7528\u3055\u308c\u3066\u3044\u307e\u3059\u3002.<\/p>\n<h1><\/h1>\n<h2><strong>\u88fd\u54c1\u898f\u683c<\/strong><\/h2>\n<hr \/>\n<p>GB\/T 22264.1-2008 \u53d6\u4ed8\u578b\u30c7\u30b8\u30bf\u30eb\u8868\u793a\u96fb\u6c17\u6e2c\u5b9a\u5668 - \u7b2c 1 \u90e8\uff1a\u5b9a\u7fa9\u53ca\u3073\u4e00\u822c\u8981\u4ef6<\/p>\n<p>GB\/T 22264.7-2008 \u53d6\u4ed8\u578b\u30c7\u30b8\u30bf\u30eb\u8868\u793a\u96fb\u6c17\u6e2c\u5b9a\u5668-\u7b2c 7 \u90e8\uff1a\u591a\u6a5f\u80fd\u6e2c\u5b9a\u5668\u306e\u7279\u5225\u8981\u4ef6<\/p>\n<p>GB\/T 22264.8-2008 \u53d6\u4ed8\u578b\u30c7\u30b8\u30bf\u30eb\u8868\u793a\u96fb\u6c17\u6e2c\u5b9a\u5668 - \u7b2c 8 \u90e8\uff1a\u63a8\u5968\u691c\u8a3c\u65b9\u6cd5<\/p>\n<p>GB\/T 17215.322-2008 \u4ea4\u6d41\u6e2c\u5b9a\u5668-\u7279\u5225\u8981\u4ef6-\u7b2c 22 \u90e8\uff1a\u9759\u7684\u30a2\u30af\u30c6\u30a3\u30d6\u30a8\u30cd\u30eb\u30ae\u30fc\u8a08\uff080.2S \u53ca\u3073 0.5S\uff09<\/p>\n<p>GB\/T 17215.323-2008 \u4ea4\u6d41\u6e2c\u5b9a\u5668-\u7279\u5225\u8981\u6c42\u4e8b\u9805-\u7b2c 23 \u90e8: \u5b9a\u7f6e\u7121\u52b9\u30a8\u30cd\u30eb\u30ae\u30fc\u8a08\uff08\u30af\u30e9\u30b9 2 \u304a\u3088\u3073 3\uff09<\/p>\n<p>DL\/T 614-2007 \u591a\u6a5f\u80fd\u30a8\u30cd\u30eb\u30ae\u30fc\u30e1\u30fc\u30bf<\/p>\n<p>GB14287-2005 \u96fb\u6c17\u706b\u707d\u76e3\u8996\u30b7\u30b9\u30c6\u30e0<\/p>\n<p>GB50045-95 \u9ad8\u5c64\u571f\u6728\u5efa\u7bc9\u7269\u306e\u9632\u706b\u8a2d\u8a08\u306b\u95a2\u3059\u308b\u898f\u5b9a<\/p>\n<p>GB50054-95 \u4f4e\u96fb\u5727\u914d\u96fb\u8a2d\u8a08\u30b3\u30fc\u30c9<\/p>\n<p>GB50096 \u4f4f\u5b85\u30c7\u30b6\u30a4\u30f3\u30fb\u30b3\u30fc\u30c9<\/p>\n<p>GB13955-2005 \u6b8b\u7559\u96fb\u6d41\u4fdd\u8b77\u88c5\u7f6e\u306e\u8a2d\u7f6e\u304a\u3088\u3073\u64cd\u4f5c<\/p>\n<p>GB50016-2006 \u5efa\u7bc9\u7269\u9632\u706b\u8a2d\u8a08\u898f\u7bc4<\/p>\n<h2><strong>\u30e2\u30c7\u30eb\u547d\u540d\u6cd5<\/strong><\/h2>\n<hr \/>\n<p><strong>\u30d1\u30d5\u30a9\u30fc\u30de\u30f3\u30b9\u7279\u6027\uff1a<\/strong><\/p>\n<p>High-precision measurement of three-phase voltage, three-phase current, active power, reactive power, <a href=\"https:\/\/bright-china.com\/en\/voltmeter-ammeter\/\" title=\"\u67e5\u770b\u66f4\u591a\u5173\u4e8eapparent power\u7684\u4fe1\u606f\" class=\"seo-keyword-link\" style=\"font-weight: bold; color: inherit; text-decoration: underline; border-bottom: 1px dotted #667eea;\">apparent power<\/a>, power factor, frequency and other electrical parameters<\/p>\n<p>\u9806\u65b9\u5411\u304a\u3088\u3073\u9006\u65b9\u5411\u306e\u6709\u52b9\/\u7121\u52b9\u30a8\u30cd\u30eb\u30ae\u30fc\u8a08\u6e2c<\/p>\n<p>\u4f7f\u7528\u6642\u9593\u5e2f\u5225\u96fb\u6c17\u30a8\u30cd\u30eb\u30ae\u30fc\u8a08\u6e2c\u3001\u4f7f\u7528\u6642\u9593\u5e2f\u5225\u96fb\u6c17\u30a8\u30cd\u30eb\u30ae\u30fc\u8a08\u6642\u691c\u91dd<\/p>\n<p>\u4e09\u76f8\u96fb\u5727\u3068\u4e09\u76f8\u96fb\u6d41\u306e\u5168\u9ad8\u8abf\u6ce2\u6b6a\u7387\uff08THD\uff09\u3001\u304a\u3088\u30732\uff5e31\u306e\u5947\u6570\u9ad8\u8abf\u6ce2\u6210\u5206\u3092\u6e2c\u5b9a\u3059\u308b\u3002<\/p>\n<p>\u30c7\u30b8\u30bf\u30eb\u30c1\u30e5\u30fc\u30d6\u307e\u305f\u306fLCD\u30c7\u30a3\u30b9\u30d7\u30ec\u30a4\u3001\u30ed\u30fc\u30ab\u30eb\u30c7\u30fc\u30bf\u30af\u30a8\u30ea\u30fc<\/p>\n<p>\u30e1\u30cb\u30e5\u30fc\u306f\u76f4\u611f\u7684\u3067\u3001\u30ad\u30fc\u3082\u4f7f\u3044\u3084\u3059\u3044<\/p>\n<p>\u96fb\u6d41\u3068\u96fb\u5727\u306e\u5909\u63db\u6bd4\u306f\u30d7\u30ed\u30b0\u30e9\u30e0\u53ef\u80fd<\/p>\n<p>\u30de\u30eb\u30c1\u30fb\u30eb\u30fc\u30d7\u30fb\u30ea\u30fc\u30af\u96fb\u6d41\u30e2\u30cb\u30bf\u30fc\u3092\u63d0\u4f9b<\/p>\n<p>\u8b66\u5831\u3001\u65c5\u884c\u304a\u3088\u3073\u4ed6\u306e\u5236\u5fa1\u306b\u4f7f\u7528\u3059\u308b\u3053\u3068\u304c\u3067\u304d\u308b\u591a\u30eb\u30fc\u30d7\u5236\u5fa1\u30ce\u30fc\u30c9\u3092\u63d0\u4f9b\u3057\u3066\u4e0b\u3055\u3044<\/p>\n<p>\u6d88\u706b\u6d3b\u52d5\u3092\u30b5\u30dd\u30fc\u30c8\u3057\u3001\u9060\u9694\u64cd\u4f5c\u3067\u969c\u5bb3\u30eb\u30fc\u30d7\u3092\u906e\u65ad\u3059\u308b\u3002<\/p>\n<p>RS-485\u901a\u4fe1\u3001Modbus-RTU\u30d7\u30ed\u30c8\u30b3\u30eb\u3092\u30b5\u30dd\u30fc\u30c8<\/p>\n<p>\u30b9\u30a4\u30c3\u30c1\u30f3\u30b0\u5165\u529b\u3001\u30b9\u30a4\u30c3\u30c1\u30f3\u30b0\u51fa\u529b\u3001\u30a2\u30ca\u30ed\u30b0\u4f1d\u9001\u51fa\u529b\u3001\u30d1\u30ef\u30fc\u30d1\u30eb\u30b9\u51fa\u529b\u306b\u5bfe\u5fdc<\/p>\n<p>\u53d6\u308a\u4ed8\u3051\u304c\u7c21\u5358\u3067\u3001\u914d\u7dda\u3082\u7c21\u5358\u3001\u5de5\u5b66\u7684\u306b\u3082\u5c0f\u3055\u3044\u3002<\/p>\n<p>\u30ef\u30a4\u30c9\u30ec\u30f3\u30b8AC\/DC\u30e6\u30cb\u30d0\u30fc\u30b5\u30eb\u96fb\u6e90\uff1aAC\/DC 80V~270V<\/p>\n<p>SCADA\u3068PLC\u306e\u69d8\u3005\u306a\u901a\u4fe1\u30bd\u30d5\u30c8\u30a6\u30a7\u30a2\u306e\u30cd\u30c3\u30c8\u30ef\u30fc\u30ad\u30f3\u30b0\u3092\u5b8c\u4e86\u3059\u308b\u3053\u3068\u304c\u3067\u304d\u307e\u3059\u3002<\/p>\n<h2><strong>\u30c6\u30af\u30cb\u30ab\u30eb\u6307\u6a19<\/strong><\/h2>\n<hr \/>\n<p><strong>\u6e2c\u5b9a\u7cbe\u5ea6<\/strong><\/p>\n<p>\u96fb\u5727 0.5\u30af\u30e9\u30b9<\/p>\n<p>\u73fe\u5728\u306e0.5\u30af\u30e9\u30b9<\/p>\n<p><a href=\"https:\/\/bright-china.com\/en\/voltmeter-ammeter\/\" title=\"\u67e5\u770b\u66f4\u591a\u5173\u4e8eactive power\u7684\u4fe1\u606f\" class=\"seo-keyword-link\" style=\"font-weight: bold; color: inherit; text-decoration: underline; border-bottom: 1px dotted #667eea;\">Active power<\/a> 0.5 class<\/p>\n<p>\u7121\u52b9\u96fb\u529b 0.5\u30af\u30e9\u30b9<\/p>\n<p>\u529b\u73870.5\u30ec\u30d9\u30eb<\/p>\n<p>\u5468\u6ce2\u6570 \u00b10.02Hz<\/p>\n<p>\u30a2\u30af\u30c6\u30a3\u30d6\u30a8\u30cd\u30eb\u30ae\u30fc 0.5S \u307e\u305f\u306f 0.2S<\/p>\n<p>\u53cd\u5fdc\u30a8\u30cd\u30eb\u30ae\u30fc\u30fb\u30ec\u30d9\u30eb1\u307e\u305f\u306f2<\/p>\n<h2><strong>\u4fe1\u53f7\u5165\u529b<\/strong><\/h2>\n<hr \/>\n<p>\u914d\u7dda\u65b9\u5f0f\uff1a\u4e09\u76f84\u7dda\u5f0f\u3001\u4e09\u76f83\u7dda\u5f0f<\/p>\n<p>\u5b9a\u683c\u96fb\u5727AC 57.7V\u3001AC 100V\u3001AC 220V\u3001AC 380V<\/p>\n<p>\u5b9a\u683c\u96fb\u6d41AC 1A\u3001AC 5A<\/p>\n<p>\u904e\u8ca0\u8377\u96fb\u5727\uff1a1.2\u56de\uff08\u9023\u7d9a\uff09\u30012\u56de\/1\u79d2\uff08\u77ac\u6642\uff09<\/p>\n<p>\u96fb\u6d41\uff1a1.2\u500d\uff08\u9023\u7d9a\uff09\u300110\u500d\/5\u79d2\uff08\u77ac\u9593\uff09<\/p>\n<p>\u6d88\u8cbb\u96fb\u529b \u96fb\u5727&lt;1VA\/\u76f8\u3001\u96fb\u6d41&lt;0.4VA\/\u76f8<\/p>\n<p>\u30a4\u30f3\u30d4\u30fc\u30c0\u30f3\u30b9\u96fb\u5727\uff1a&gt;300k\u03a9\u4ee5\u4e0a\u3001\u96fb\u6d41&lt;20m\u03a9<\/p>\n<p>\u5468\u6ce2\u6570: 45~65Hz<\/p>\n<p><strong>\u88dc\u52a9\u96fb\u6e90<\/strong><\/p>\n<p>\u4f5c\u52d5\u7bc4\u56f2 AC\/DC: 80V~270V<\/p>\n<p>\u6d88\u8cbb\u96fb\u529b &lt;4VA<\/p>\n<h2><strong>\u6a5f\u80fd\u30e2\u30b8\u30e5\u30fc\u30eb<\/strong><\/h2>\n<hr \/>\n<p>\u901a\u4fe1\u30a4\u30f3\u30bf\u30fc\u30d5\u30a7\u30fc\u30b9\u30b5\u30dd\u30fc\u30c8 1 \u30c1\u30e3\u30cd\u30eb RS-485 \u30b3\u30df\u30e5\u30cb\u30b1\u30fc\u30b7\u30e7\u30f3\u3001Modbus-RTU \u306e\u8b70\u5b9a\u66f8<\/p>\n<p>\u30dc\u30fc\u30ec\u30fc\u30c81200~9600bps\u3001\u30c7\u30d5\u30a9\u30eb\u30c82400bps<\/p>\n<p>\u30b9\u30a4\u30c3\u30c1\u30f3\u30b0\u5165\u529b\u306f4\u3064\u306e\u30c9\u30e9\u30a4\u30b8\u30e3\u30f3\u30af\u30b7\u30e7\u30f3\u5165\u529b\u3092\u30b5\u30dd\u30fc\u30c8<\/p>\n<p>\u30b9\u30a4\u30c3\u30c1\u30f3\u30b0\u51fa\u529b 3\u3064\u306e\u30ea\u30ec\u30fc\u51fa\u529b\u3092\u30b5\u30dd\u30fc\u30c8\u3001\u5bb9\u91cf\uff1aAC 250V\/5A\u3001DC 30V\/5A<\/p>\n<p>\u5909\u63db\u5668\u51fa\u529b 1\u30a2\u30ca\u30ed\u30b0\u51fa\u529b\u3092\u30b5\u30dd\u30fc\u30c8\u3057\u307e\u3059\uff1a0\/4~20mA \u307e\u305f\u306f 0~5\/10V<\/p>\n<p>\u529b\u306e\u8108\u62cd\u306e\u51fa\u529b \u30b5\u30dd\u30fc\u30c8 2 \u529b\u306e\u8108\u62cd\u306e\u51fa\u529b\u3001\u4e00\u5b9a\u3057\u305f: 8000imp\/KWh \uff08Kvarh\uff09<\/p>\n<h2><strong>\u74b0\u5883<\/strong><\/h2>\n<hr \/>\n<p>\u5b9f\u7528\u6e29\u5ea6: -10\u00b0C~+55\u00b0C<\/p>\n<p>\u4fdd\u7ba1\u6e29\u5ea6: -25\u00b0C~+70\u00b0C<\/p>\n<p>\u76f8\u5bfe\u6e7f\u5ea6\u226493%\u3001\u8150\u98df\u6027\u30ac\u30b9\u306e\u306a\u3044\u5834\u6240<\/p>\n<p>\u2264 \u6d77\u629c2500m<\/p>\n<h2><strong>\u30bb\u30fc\u30d5<\/strong><\/h2>\n<hr \/>\n<p>\u7d76\u7e01\u62b5\u6297 &gt;100M\u03a9<\/p>\n<p>AC\u8010\u96fb\u5727 AC 2KV<\/p>\n<p><strong>\u96fb\u78c1\u4e21\u7acb\u6027\u6027\u80fd<\/strong><\/p>\n<p>\u9759\u96fb\u6c17\u653e\u96fb\u30ec\u30d9\u30eb4<\/p>\n<p>\u96fb\u6c17\u7684\u9ad8\u901f\u904e\u6e21\u30d0\u30fc\u30b9\u30c8\u30af\u30e9\u30b94<\/p>\n<p>\u30b5\u30fc\u30b8\uff08\u30b7\u30e7\u30c3\u30af\uff09\u30ec\u30d9\u30eb4<\/p>\n<h2><strong>\u5bf8\u6cd5<\/strong><\/h2>\n<hr \/>\n<p>\u30d5\u30ec\u30fc\u30e0\u306e\u30b5\u30a4\u30ba\uff08mm\uff09 120\u00d7120; 96\u00d796; 80\u00d780; 72\u00d772<\/p>\n<p>\u5207\u308a\u51fa\u3057\u30b5\u30a4\u30ba(mm) 111\u00d7111\uff1b92\u00d792\uff1b76\u00d776\uff1b68\u00d768<\/p>","protected":false},"excerpt":{"rendered":"<p><a href=\"https:\/\/bright-china.com\/automatic-reconnection-energy-metering-protector-of-test-jgdl-63\/\">\u00a0Digital multi function power meter <\/a>\u306f\u3001\u96fb\u529b\u30b7\u30b9\u30c6\u30e0\u3001\u5de5\u696d\u30fb\u9271\u696d\u4f01\u696d\u3001\u516c\u5171\u65bd\u8a2d\u3001\u30a4\u30f3\u30c6\u30ea\u30b8\u30a7\u30f3\u30c8\u30d3\u30eb\u306a\u3069\u306e\u96fb\u529b\u76e3\u8996\u306e\u30cb\u30fc\u30ba\u306b\u5408\u308f\u305b\u3066\u8a2d\u8a08\u3055\u308c\u3066\u3044\u307e\u3059\u3002\u4e09\u76f8\u96fb\u6d41\u3001\u96fb\u5727\u3001\u6709\u52b9\u96fb\u529b\u3001\u7121\u52b9\u96fb\u529b\u3001\u96fb\u529b\u3001\u9ad8\u8abf\u6ce2\u306a\u3069\u3001\u4e00\u822c\u7684\u306a\u96fb\u529b\u30d1\u30e9\u30e1\u30fc\u30bf\u3092\u3059\u3079\u3066\u6e2c\u5b9a\u3067\u304d\u307e\u3059\u3002\u3053\u306e\u96fb\u529b\u8a08\u306f\u5b8c\u5168\u306a\u901a\u4fe1\u30cd\u30c3\u30c8\u30ef\u30fc\u30af\u6a5f\u80fd\u3082\u5099\u3048\u3066\u3044\u308b\u305f\u3081\u3001\u30cd\u30c3\u30c8\u30ef\u30fc\u30af\u96fb\u529b\u8a08\u3068\u547c\u3093\u3067\u3044\u307e\u3059\u3002\u30ea\u30a2\u30eb\u30bf\u30a4\u30e0\u96fb\u529b\u76e3\u8996\u30b7\u30b9\u30c6\u30e0\u306b\u6700\u9069\u3067\u3059\u3002\u3053\u306e\u30e1\u30fc\u30bf\u30fc\u306f\u9ad8\u3044\u6027\u80fd\u5bfe\u4fa1\u683c\u6bd4\u3092\u6301\u3061\u3001\u5f93\u6765\u306e\u30d1\u30ef\u30fc\u30c8\u30e9\u30f3\u30b9\u30df\u30c3\u30bf\u30fc\u3084\u6e2c\u5b9a\u5668\u3092\u76f4\u63a5\u7f6e\u304d\u63db\u3048\u308b\u3053\u3068\u304c\u3067\u304d\u307e\u3059\u3002\u9ad8\u5ea6\u306a\u30a4\u30f3\u30c6\u30ea\u30b8\u30a7\u30f3\u30c8\u30fb\u30c7\u30b8\u30bf\u30eb\u30fb\u30d5\u30ed\u30f3\u30c8\u30a8\u30f3\u30c9\u53ce\u96c6\u7d20\u5b50\u3068\u3057\u3066\u3001\u3053\u306e\u4e00\u9023\u306e\u30cd\u30c3\u30c8\u30ef\u30fc\u30af\u8a08\u5668\u306f\u3001\u3055\u307e\u3056\u307e\u306a\u5236\u5fa1\u30b7\u30b9\u30c6\u30e0\u3001SCADA\u30b7\u30b9\u30c6\u30e0\u3001\u30a8\u30cd\u30eb\u30ae\u30fc\u7ba1\u7406\u30b7\u30b9\u30c6\u30e0\u3067\u5e83\u304f\u4f7f\u7528\u3055\u308c\u3066\u3044\u307e\u3059\u3002<\/p>","protected":false},"featured_media":8811,"template":"","meta":{"_acf_changed":false,"site-sidebar-layout":"default","site-content-layout":"","ast-site-content-layout":"default","site-content-style":"default","site-sidebar-style":"default","ast-global-header-display":"","ast-banner-title-visibility":"","ast-main-header-display":"","ast-hfb-above-header-display":"","ast-hfb-below-header-display":"","ast-hfb-mobile-header-display":"","site-post-title":"","ast-breadcrumbs-content":"","ast-featured-img":"","footer-sml-layout":"","theme-transparent-header-meta":"default","adv-header-id-meta":"","stick-header-meta":"default","header-above-stick-meta":"","header-main-stick-meta":"","header-below-stick-meta":"","astra-migrate-meta-layouts":"set","ast-page-background-enabled":"default","ast-page-background-meta":{"desktop":{"background-color":"","background-image":"","background-repeat":"repeat","background-position":"center center","background-size":"auto","background-attachment":"scroll","background-type":"","background-media":"","overlay-type":"","overlay-color":"","overlay-opacity":"","overlay-gradient":""},"tablet":{"background-color":"","background-image":"","background-repeat":"repeat","background-position":"center center","background-size":"auto","background-attachment":"scroll","background-type":"","background-media":"","overlay-type":"","overlay-color":"","overlay-opacity":"","overlay-gradient":""},"mobile":{"background-color":"","background-image":"","background-repeat":"repeat","background-position":"center center","background-size":"auto","background-attachment":"scroll","background-type":"","background-media":"","overlay-type":"","overlay-color":"","overlay-opacity":"","overlay-gradient":""}},"ast-content-background-meta":{"desktop":{"background-color":"var(--ast-global-color-5)","background-image":"","background-repeat":"repeat","background-position":"center center","background-size":"auto","background-attachment":"scroll","background-type":"","background-media":"","overlay-type":"","overlay-color":"","overlay-opacity":"","overlay-gradient":""},"tablet":{"background-color":"var(--ast-global-color-5)","background-image":"","background-repeat":"repeat","background-position":"center center","background-size":"auto","background-attachment":"scroll","background-type":"","background-media":"","overlay-type":"","overlay-color":"","overlay-opacity":"","overlay-gradient":""},"mobile":{"background-color":"var(--ast-global-color-5)","background-image":"","background-repeat":"repeat","background-position":"center center","background-size":"auto","background-attachment":"scroll","background-type":"","background-media":"","overlay-type":"","overlay-color":"","overlay-opacity":"","overlay-gradient":""}},"_seo_title":"Digital Multi function Meter JGYB-96","_seo_keywords":"power meter, meter, High-precision measurement of three-phase voltage, three-phase current, active power, reactive power, apparent power, power factor","_seo_description":"\u00a0Digital multi function power meter is designed for the power monitoring needs of power systems, industrial and mining enterprises, public facilities,"},"product_brand":[],"product_cat":[15,70,69,64],"product_tag":[85,86,120,121],"class_list":{"0":"post-4439","1":"product","2":"type-product","3":"status-publish","4":"has-post-thumbnail","6":"product_cat-product","7":"product_cat-small-ammeter","8":"product_cat-voltmeter-ammeter","9":"product_cat-smart-meter","10":"product_tag-d85-20-voltmeter-black","11":"product_tag-d85-20-voltmeter-white","12":"product_tag-digital-multi-function-power-meter","13":"product_tag-power-meter","14":"desktop-align-center","15":"tablet-align-left","16":"mobile-align-left","17":"ast-product-gallery-layout-horizontal-slider","19":"first","20":"instock","21":"sale","22":"downloadable","23":"shipping-taxable","24":"purchasable","25":"product-type-simple"},"acf":[],"seo_title":"Digital Multi function Meter JGYB-96","seo_keywords":"power meter, meter, High-precision measurement of three-phase voltage, three-phase current, active power, reactive power, apparent power, power factor","seo_description":"\u00a0Digital multi function power meter is designed for the power monitoring needs of power systems, industrial and mining enterprises, public facilities,","seo_score":"95","product_seo_keywords":"","_links":{"self":[{"href":"https:\/\/bright-china.com\/ja\/wp-json\/wp\/v2\/product\/4439","targetHints":{"allow":["GET"]}}],"collection":[{"href":"https:\/\/bright-china.com\/ja\/wp-json\/wp\/v2\/product"}],"about":[{"href":"https:\/\/bright-china.com\/ja\/wp-json\/wp\/v2\/types\/product"}],"wp:featuredmedia":[{"embeddable":true,"href":"https:\/\/bright-china.com\/ja\/wp-json\/wp\/v2\/media\/8811"}],"wp:attachment":[{"href":"https:\/\/bright-china.com\/ja\/wp-json\/wp\/v2\/media?parent=4439"}],"wp:term":[{"taxonomy":"product_brand","embeddable":true,"href":"https:\/\/bright-china.com\/ja\/wp-json\/wp\/v2\/product_brand?post=4439"},{"taxonomy":"product_cat","embeddable":true,"href":"https:\/\/bright-china.com\/ja\/wp-json\/wp\/v2\/product_cat?post=4439"},{"taxonomy":"product_tag","embeddable":true,"href":"https:\/\/bright-china.com\/ja\/wp-json\/wp\/v2\/product_tag?post=4439"}],"curies":[{"name":"wp","href":"https:\/\/api.w.org\/{rel}","templated":true}]}}