{"id":4439,"date":"2025-04-27T02:23:54","date_gmt":"2025-04-27T02:23:54","guid":{"rendered":"https:\/\/bright-china.com\/?post_type=product&#038;p=4439"},"modified":"2026-02-28T23:14:29","modified_gmt":"2026-03-01T06:14:29","slug":"meter-jgyb-96","status":"publish","type":"product","link":"https:\/\/bright-china.com\/ms\/product\/meter-jgyb-96\/","title":{"rendered":"Meter Pelbagai Fungsi Digital JGYB-96"},"content":{"rendered":"<h2>Pendahuluan<\/h2>\n<hr \/>\n<p><img fetchpriority=\"high\" decoding=\"async\" class=\"alignleft wp-image-8809 size-medium\" title=\"Pengukur kuasa digital pelbagai fungsi\" src=\"https:\/\/bright-china.com\/wp-content\/uploads\/2025\/04\/Digital-Multifunction-Meter-JGYB-96-1-300x300.webp\" alt=\"Pengukur Serbaguna Digital JGYB-96-0\" width=\"300\" height=\"300\" srcset=\"https:\/\/bright-china.com\/wp-content\/uploads\/2025\/04\/Digital-Multifunction-Meter-JGYB-96-1-300x300.webp 300w, https:\/\/bright-china.com\/wp-content\/uploads\/2025\/04\/Digital-Multifunction-Meter-JGYB-96-1-150x150.webp 150w, https:\/\/bright-china.com\/wp-content\/uploads\/2025\/04\/Digital-Multifunction-Meter-JGYB-96-1-768x768.webp 768w, https:\/\/bright-china.com\/wp-content\/uploads\/2025\/04\/Digital-Multifunction-Meter-JGYB-96-1-12x12.webp 12w, https:\/\/bright-china.com\/wp-content\/uploads\/2025\/04\/Digital-Multifunction-Meter-JGYB-96-1-600x600.webp 600w, https:\/\/bright-china.com\/wp-content\/uploads\/2025\/04\/Digital-Multifunction-Meter-JGYB-96-1-100x100.webp 100w, https:\/\/bright-china.com\/wp-content\/uploads\/2025\/04\/Digital-Multifunction-Meter-JGYB-96-1.webp 800w\" sizes=\"(max-width: 300px) 100vw, 300px\" \/><\/p>\n<p><strong>\u00a0 <\/strong><\/p>\n<p><strong><a href=\"https:\/\/bright-china.com\/current-voltage-protector\/\">\u00a0 \u00a0Pengukur kuasa digital pelbagai fungsi <\/a><\/strong>Ia direka untuk keperluan pemantauan kuasa sistem kuasa, perusahaan perindustrian dan perlombongan, kemudahan awam, dan bangunan pintar. Ia boleh mengukur semua parameter kuasa biasa, seperti arus tiga fasa, voltan, kuasa aktif dan reaktif, elektrik, harmonik, dan lain-lain. Kerana<a href=\"https:\/\/www.elejg.com\/?product\/\"> pengukur kuasa <\/a>juga mempunyai fungsi rangkaian komunikasi yang lengkap, kami menamakannya meter kuasa rangkaian. Ia sesuai untuk sistem pemantauan kuasa masa nyata.<\/p>\n<p>&nbsp;<\/p>\n<p>Meter ini mempunyai nisbah prestasi-ke-harga yang tinggi dan boleh menggantikan terus pemancar kuasa konvensional serta instrumen pengukur. Sebagai elemen pemerolehan hujung hadapan digital, pintar dan canggih, siri instrumen rangkaian ini telah digunakan secara meluas dalam pelbagai sistem kawalan, sistem SCADA dan sistem pengurusan tenaga.<\/p>\n<h1><\/h1>\n<h2><strong>Standard produk<\/strong><\/h2>\n<hr \/>\n<p>GB\/T 22264.1-2008 Alat pengukur elektrik paparan digital yang dipasang \u2013 Bahagian 1: Takrif dan keperluan umum<\/p>\n<p>GB\/T 22264.7-2008 Alat pengukur elektrik paparan digital yang dipasang \u2013 Bahagian 7: Keperluan khas untuk alat pelbagai fungsi<\/p>\n<p>GB\/T 22264.8-2008 Alat pengukur elektrik paparan digital yang dipasang \u2013 Bahagian 8: Kaedah pengesahan yang disyorkan<\/p>\n<p>GB\/T 17215.322-2008 Peralatan pengukuran arus ulang-alik\u2014Keperluan khas\u2014Bahagian 22: Meter tenaga aktif statik (0.2S dan 0.5S)<\/p>\n<p>GB\/T 17215.323-2008 Peralatan pengukuran arus ulang-alik\u2014Keperluan khas\u2014Bahagian 23: Meter tenaga reaktif pegun (Kelas 2 dan 3)<\/p>\n<p>DL\/T 614-2007 Meter tenaga pelbagai fungsi<\/p>\n<p>GB14287-2005 Sistem pemantauan kebakaran elektrik<\/p>\n<p>Kod GB50045-95 untuk reka bentuk perlindungan kebakaran bangunan awam bertingkat tinggi<\/p>\n<p>GB50054-95 Kod Reka Bentuk untuk Pengagihan Kuasa Tegangan Rendah<\/p>\n<p>GB50096 Kod Reka Bentuk Kediaman<\/p>\n<p>GB13955-2005 Pemasangan dan pengoperasian peranti perlindungan tindakan arus sisa<\/p>\n<p>GB50016-2006 Kod Reka Bentuk Perlindungan Kebakaran Bangunan<\/p>\n<h2><strong>Nomenklatur model<\/strong><\/h2>\n<hr \/>\n<p><strong>Ciri-ciri prestasi:<\/strong><\/p>\n<p>Pengukuran berketepatan tinggi voltan tiga fasa, arus tiga fasa, kuasa aktif, kuasa reaktif, <a href=\"https:\/\/bright-china.com\/en\/voltmeter-ammeter\/\" title=\"Lihat maklumat lanjut mengenai kuasa nyata\" class=\"seo-keyword-link\" style=\"font-weight: bold; color: inherit; text-decoration: underline; border-bottom: 1px dotted #667eea;\">kuasa nyata<\/a>, faktor kuasa, frekuensi dan parameter elektrik lain<\/p>\n<p>Pengukuran tenaga aktif dan reaktif hadapan dan balik<\/p>\n<p>Pengukuran tenaga elektrik mengikut waktu penggunaan, bacaan meter penentu waktu tenaga elektrik mengikut waktu penggunaan<\/p>\n<p>Ukur kadar distorsi harmonik total (THD) voltan tiga fasa dan arus tiga fasa, serta komponen harmonik ganjil dari 2 hingga 31.<\/p>\n<p>Sediakan paparan tiub digital atau LCD, pertanyaan data tempatan<\/p>\n<p>Menu-menunya intuitif dan kekuncinya mudah digunakan.<\/p>\n<p>Perbandingan penukaran arus dan voltan boleh diprogramkan.<\/p>\n<p>Memberi pemantauan arus kebocoran berbilang gelung<\/p>\n<p>Sediakan nod kawalan multi-gelung yang boleh digunakan untuk penggera, pemutus dan kawalan lain.<\/p>\n<p>Sokong pautan pemadaman kebakaran dan putuskan gelung ralat secara jauh<\/p>\n<p>Menyokong komunikasi RS-485, protokol Modbus-RTU<\/p>\n<p>Ia menyokong suis input, suis output, output penghantaran analog, dan output denyut kuasa.<\/p>\n<p>Ia mudah dipasang, mudah disambung wayar, dan kecil dari segi kejuruteraan.<\/p>\n<p>Bekalan kuasa sejagat AC\/DC julat luas: AC\/DC 80V~270V<\/p>\n<p>Ia boleh menyempurnakan rangkaian pelbagai perisian komunikasi dalam SCADA dan PLC.<\/p>\n<h2><strong>Petunjuk Teknikal<\/strong><\/h2>\n<hr \/>\n<p><strong>Ketepatan pengukuran<\/strong><\/p>\n<p>Kelas 0.5 volt<\/p>\n<p>Kelas 0.5 semasa<\/p>\n<p><a href=\"https:\/\/bright-china.com\/en\/voltmeter-ammeter\/\" title=\"Lihat maklumat lanjut mengenai kuasa aktif\" class=\"seo-keyword-link\" style=\"font-weight: bold; color: inherit; text-decoration: underline; border-bottom: 1px dotted #667eea;\">Kuasa aktif<\/a> 0.5 kelas<\/p>\n<p>Kuasa reaktif kelas 0.5<\/p>\n<p>Faktor kuasa tahap 0.5<\/p>\n<p>Frekuensi \u00b10.02Hz<\/p>\n<p>Tenaga aktif 0.5S atau 0.2S<\/p>\n<p>Tahap tenaga reaktif 1 atau 2<\/p>\n<h2><strong>Input isyarat<\/strong><\/h2>\n<hr \/>\n<p>Kaedah pendawaian: tiga fasa empat wayar, tiga fasa tiga wayar<\/p>\n<p>Voltan dinilai: AC 57.7V, AC 100V, AC 220V, AC 380V<\/p>\n<p>Arus dinilai: AC 1A, AC 5A<\/p>\n<p>Voltan beban berlebihan: 1.2 kali (berterusan), 2 kali\/1 saat (seketika)<\/p>\n<p>Semasa: 1.2x (berterusan), 10x\/5 saat (seketika)<\/p>\n<p>Penggunaan kuasa Voltan: &lt;1VA\/fasa, Arus: &lt;0.4VA\/fasa<\/p>\n<p>Voltan rintangan: &gt;300 k\u03a9, Arus: &lt;20 m\u03a9<\/p>\n<p>Frekuensi: 45~65Hz<\/p>\n<p><strong>Bekalan kuasa tambahan<\/strong><\/p>\n<p>Julat kerja AC\/DC: 80V~270V<\/p>\n<p>Penggunaan kuasa &lt;4VA<\/p>\n<h2><strong>Modul fungsional<\/strong><\/h2>\n<hr \/>\n<p>Antara muka komunikasi: Menyokong komunikasi RS-485 satu saluran, protokol Modbus-RTU<\/p>\n<p>Kadar Baud: 1200~9600bps, lalai 2400 bps<\/p>\n<p>Input bertukar menyokong 4 input sambungan kering<\/p>\n<p>Sokongan keluaran suis 3 output relay, kapasiti: AC 250V\/5A, DC 30V\/5A<\/p>\n<p>Keluaran transduser menyokong 1 keluaran analog: 0\/4~20mA atau 0~5\/10V<\/p>\n<p>Keluaran denyut kuasa menyokong 2 keluaran denyut kuasa, tetap: 8000imp\/KWh(Kvarh)<\/p>\n<h2><strong>persekitaran<\/strong><\/h2>\n<hr \/>\n<p>Suhu operasi: -10\u00b0C~+55\u00b0C<\/p>\n<p>Suhu penyimpanan: -25\u00b0C~+70\u00b0C<\/p>\n<p>Kelembapan relatif \u226493%, tiada lokasi gas korosif<\/p>\n<p>\u2264 2500m di atas paras laut<\/p>\n<h2><strong>selamat<\/strong><\/h2>\n<hr \/>\n<p>Rintangan penebat &gt;100M\u03a9<\/p>\n<p>Voltan tahan AC 2KV<\/p>\n<p><strong>Prestasi keserasian elektromagnet<\/strong><\/p>\n<p>Peringkat pelepasan elektrostatik 4<\/p>\n<p>Letupan transient elektrik kelas 4<\/p>\n<p>Gelombang (Shock) Tahap 4<\/p>\n<h2><strong>Dimensi<\/strong><\/h2>\n<hr \/>\n<p>Saiz bingkai (mm) 120\u00d7120;96\u00d796; 80\u00d780;72\u00d772<\/p>\n<p>Saiz potongan (mm) 111\u00d7111;92\u00d792; 76\u00d776;68\u00d768<\/p>","protected":false},"excerpt":{"rendered":"<p><a href=\"https:\/\/bright-china.com\/automatic-reconnection-energy-metering-protector-of-test-jgdl-63\/\">\u00a0Pengukur kuasa digital pelbagai fungsi <\/a>direka untuk keperluan pemantauan kuasa sistem kuasa, perusahaan perindustrian dan perlombongan, kemudahan awam, dan bangunan pintar. Ia boleh mengukur semua parameter kuasa biasa, seperti arus tiga fasa, voltan, kuasa aktif dan reaktif, elektrik, harmonik, dan lain-lain. Kerana meter kuasa ini juga mempunyai fungsi rangkaian komunikasi yang lengkap, kami menamakannya meter kuasa rangkaian. Ia sesuai untuk sistem pemantauan kuasa masa nyata. Pengukur ini mempunyai nisbah prestasi-ke-harga yang tinggi dan boleh menggantikan secara langsung pemancar kuasa konvensional dan instrumen pengukuran. Sebagai elemen pemerolehan hujung hadapan pintar dan digital yang canggih, siri instrumen rangkaian ini telah digunakan secara meluas dalam pelbagai sistem kawalan, sistem SCADA dan sistem pengurusan tenaga.<\/p>","protected":false},"featured_media":8811,"template":"","meta":{"_acf_changed":false,"site-sidebar-layout":"default","site-content-layout":"","ast-site-content-layout":"default","site-content-style":"default","site-sidebar-style":"default","ast-global-header-display":"","ast-banner-title-visibility":"","ast-main-header-display":"","ast-hfb-above-header-display":"","ast-hfb-below-header-display":"","ast-hfb-mobile-header-display":"","site-post-title":"","ast-breadcrumbs-content":"","ast-featured-img":"","footer-sml-layout":"","theme-transparent-header-meta":"default","adv-header-id-meta":"","stick-header-meta":"default","header-above-stick-meta":"","header-main-stick-meta":"","header-below-stick-meta":"","astra-migrate-meta-layouts":"set","ast-page-background-enabled":"default","ast-page-background-meta":{"desktop":{"background-color":"","background-image":"","background-repeat":"repeat","background-position":"center center","background-size":"auto","background-attachment":"scroll","background-type":"","background-media":"","overlay-type":"","overlay-color":"","overlay-opacity":"","overlay-gradient":""},"tablet":{"background-color":"","background-image":"","background-repeat":"repeat","background-position":"center center","background-size":"auto","background-attachment":"scroll","background-type":"","background-media":"","overlay-type":"","overlay-color":"","overlay-opacity":"","overlay-gradient":""},"mobile":{"background-color":"","background-image":"","background-repeat":"repeat","background-position":"center center","background-size":"auto","background-attachment":"scroll","background-type":"","background-media":"","overlay-type":"","overlay-color":"","overlay-opacity":"","overlay-gradient":""}},"ast-content-background-meta":{"desktop":{"background-color":"var(--ast-global-color-5)","background-image":"","background-repeat":"repeat","background-position":"center center","background-size":"auto","background-attachment":"scroll","background-type":"","background-media":"","overlay-type":"","overlay-color":"","overlay-opacity":"","overlay-gradient":""},"tablet":{"background-color":"var(--ast-global-color-5)","background-image":"","background-repeat":"repeat","background-position":"center center","background-size":"auto","background-attachment":"scroll","background-type":"","background-media":"","overlay-type":"","overlay-color":"","overlay-opacity":"","overlay-gradient":""},"mobile":{"background-color":"var(--ast-global-color-5)","background-image":"","background-repeat":"repeat","background-position":"center center","background-size":"auto","background-attachment":"scroll","background-type":"","background-media":"","overlay-type":"","overlay-color":"","overlay-opacity":"","overlay-gradient":""}},"_seo_title":"Digital Multi function Meter JGYB-96","_seo_keywords":"power meter, meter, High-precision measurement of three-phase voltage, three-phase current, active power, reactive power, apparent power, power factor","_seo_description":"\u00a0Digital multi function power meter is designed for the power monitoring needs of power systems, industrial and mining enterprises, public facilities,"},"product_brand":[],"product_cat":[15,70,69,64],"product_tag":[85,86,120,121],"class_list":{"0":"post-4439","1":"product","2":"type-product","3":"status-publish","4":"has-post-thumbnail","6":"product_cat-product","7":"product_cat-small-ammeter","8":"product_cat-voltmeter-ammeter","9":"product_cat-smart-meter","10":"product_tag-d85-20-voltmeter-black","11":"product_tag-d85-20-voltmeter-white","12":"product_tag-digital-multi-function-power-meter","13":"product_tag-power-meter","14":"desktop-align-center","15":"tablet-align-left","16":"mobile-align-left","17":"ast-product-gallery-layout-horizontal-slider","19":"first","20":"instock","21":"sale","22":"downloadable","23":"shipping-taxable","24":"purchasable","25":"product-type-simple"},"acf":[],"seo_title":"Digital Multi function Meter JGYB-96","seo_keywords":"power meter, meter, High-precision measurement of three-phase voltage, three-phase current, active power, reactive power, apparent power, power factor","seo_description":"\u00a0Digital multi function power meter is designed for the power monitoring needs of power systems, industrial and mining enterprises, public facilities,","seo_score":"95","product_seo_keywords":"","_links":{"self":[{"href":"https:\/\/bright-china.com\/ms\/wp-json\/wp\/v2\/product\/4439","targetHints":{"allow":["GET"]}}],"collection":[{"href":"https:\/\/bright-china.com\/ms\/wp-json\/wp\/v2\/product"}],"about":[{"href":"https:\/\/bright-china.com\/ms\/wp-json\/wp\/v2\/types\/product"}],"wp:featuredmedia":[{"embeddable":true,"href":"https:\/\/bright-china.com\/ms\/wp-json\/wp\/v2\/media\/8811"}],"wp:attachment":[{"href":"https:\/\/bright-china.com\/ms\/wp-json\/wp\/v2\/media?parent=4439"}],"wp:term":[{"taxonomy":"product_brand","embeddable":true,"href":"https:\/\/bright-china.com\/ms\/wp-json\/wp\/v2\/product_brand?post=4439"},{"taxonomy":"product_cat","embeddable":true,"href":"https:\/\/bright-china.com\/ms\/wp-json\/wp\/v2\/product_cat?post=4439"},{"taxonomy":"product_tag","embeddable":true,"href":"https:\/\/bright-china.com\/ms\/wp-json\/wp\/v2\/product_tag?post=4439"}],"curies":[{"name":"wp","href":"https:\/\/api.w.org\/{rel}","templated":true}]}}