{"id":4424,"date":"2025-04-27T02:23:54","date_gmt":"2025-04-27T02:23:54","guid":{"rendered":"https:\/\/bright-china.com\/?post_type=product&#038;p=4424"},"modified":"2025-12-29T18:42:53","modified_gmt":"2025-12-30T01:42:53","slug":"protetor-jgxz-63","status":"publish","type":"product","link":"https:\/\/bright-china.com\/pt\/produto\/protetor-jgxz-63\/","title":{"rendered":"Protetor seletivo de limite de pot\u00eancia JGXZ-63"},"content":{"rendered":"<h2>1\u3001Introdu\u00e7\u00e3o<\/h2>\n<hr \/>\n<p><strong style=\"font-size: 16px;\"><a href=\"https:\/\/bright-china.com\">\u00a0 \u00a0 \u00a0Protetor de limite de pot\u00eancia seletivo<\/a> <\/strong><span style=\"font-size: 16px;\">O JGXZ-63 \u00e9 um protetor de limite de pot\u00eancia seletivo, utilizado principalmente para limitar o consumo de energia de aparelhos el\u00e9ctricos individuais com pot\u00eancia excessiva, e um protetor de limite de pot\u00eancia inteligente para exceder o limite de pot\u00eancia total. Ao mesmo tempo, o produto tem m\u00faltiplas fun\u00e7\u00f5es de prote\u00e7\u00e3o, tais como sobretens\u00e3o, subtens\u00e3o, curto-circuito, fuga, temperatura, frequ\u00eancia e medi\u00e7\u00e3o de eletricidade. O produto tem as vantagens de modularidade, intelig\u00eancia, visualiza\u00e7\u00e3o e suporta o protocolo de comunica\u00e7\u00e3o Modbus 485 padr\u00e3o.<\/span><\/p>\n<p>Todos os par\u00e2metros de prote\u00e7\u00e3o, tais como sobretens\u00e3o, subtens\u00e3o, limite de pot\u00eancia, prote\u00e7\u00e3o contra fugas, etc., podem ser definidos de acordo com a procura de energia para garantir que o protetor pode cortar instantaneamente a alimenta\u00e7\u00e3o el\u00e9ctrica em caso de sobretens\u00e3o, subtens\u00e3o, curto-circuito, fugas e outras falhas na linha, protegendo o equipamento el\u00e9trico de danos.<\/p>\n<p>Esta s\u00e9rie de produtos tem uma estrutura compacta, uma apar\u00eancia bonita e uma instala\u00e7\u00e3o de carris de guia padr\u00e3o. \u00c9 principalmente adequada para dormit\u00f3rios escolares, casas de aluguer e outras ocasi\u00f5es.<\/p>\n<h2>2\u3001Princ\u00edpio de funcionamento do produto<\/h2>\n<hr \/>\n<p>Exemplo: Par\u00e2metros predefinidos do produto: A pot\u00eancia individual \u00e9 de 0,2kw, limitada a 3 vezes, a pot\u00eancia total \u00e9 de 2,0kw<\/p>\n<p>a\u3001 Ligue 10 aparelhos com uma pot\u00eancia inferior a 0,2kw separadamente, e neste momento, a pot\u00eancia individual n\u00e3o excede 0,2kw, e a pot\u00eancia total n\u00e3o excede 2,0kw. O protetor est\u00e1 a funcionar normalmente. Se a pot\u00eancia individual dos aparelhos el\u00e9ctricos ligados n\u00e3o exceder, mas a pot\u00eancia total exceder 2,0kw devido a demasiadas liga\u00e7\u00f5es, o protetor desligar-se-\u00e1 dentro do tempo especificado, sendo necess\u00e1ria uma reposi\u00e7\u00e3o manual nesse momento.<\/p>\n<p>b\u3001 Quando um \u00fanico aparelho el\u00e9trico \u00e9 ligado com uma pot\u00eancia superior a 0,2kw, a luz vermelha P do produto pisca, indicando que foi ligado um aparelho com pot\u00eancia excessiva. Se a fonte de alimenta\u00e7\u00e3o da carga n\u00e3o for desligada e cortada atempadamente dentro do tempo especificado, o produto entrar\u00e1 numa contagem decrescente. Quando a contagem decrescente termina, o produto fecha-se automaticamente. Se, ap\u00f3s o fecho, ainda existirem aparelhos acima do limite, o produto desliga-se automaticamente. Depois de exceder o limite por mais de 3 vezes, o bot\u00e3o de reposi\u00e7\u00e3o deve ser premido manualmente para fechar o circuito.<\/p>\n<p>c\u3001 Se a pot\u00eancia de um \u00fanico aparelho n\u00e3o exceder o limite, mas exceder a pot\u00eancia total, o produto deve ser reiniciado manualmente para fechar ap\u00f3s a prote\u00e7\u00e3o.<\/p>\n<p>Quando for necess\u00e1rio premir manualmente o bot\u00e3o de reinicializa\u00e7\u00e3o, todos os aparelhos el\u00e9ctricos com limite superior t\u00eam de ser removidos<\/p>\n<h2>3\u3001Condi\u00e7\u00f5es e par\u00e2metros de trabalho<\/h2>\n<hr \/>\n<div style=\"overflow-x: auto;\">\n<table style=\"width: 100%; border-collapse: collapse; border-color: #8b8e8f;\">\n<tbody>\n<tr>\n<td style=\"width: 50%; background-color: #0b1061; text-align: center;\"><span style=\"color: #ffffff;\">Tipo<\/span><\/td>\n<td style=\"width: 50%; background-color: #0b1061; text-align: center;\"><span style=\"color: #ffffff;\">JGXZ-63<\/span><\/td>\n<\/tr>\n<tr>\n<td style=\"width: 50%;\">Regula\u00e7\u00e3o de pot\u00eancia \u00fanica<\/td>\n<td style=\"width: 50%;\">0,01~9,9kw<\/td>\n<\/tr>\n<tr>\n<td style=\"width: 50%; background-color: #e3e5e6;\">Regula\u00e7\u00e3o da pot\u00eancia total<\/td>\n<td style=\"width: 50%; background-color: #e3e5e6;\">0,5~13,2kw<\/td>\n<\/tr>\n<tr>\n<td style=\"width: 50%;\">Defini\u00e7\u00e3o de sobretens\u00e3o<\/td>\n<td style=\"width: 50%;\">AC270V(210~300V)<\/td>\n<\/tr>\n<tr>\n<td style=\"width: 50%; background-color: #e3e5e6;\">regula\u00e7\u00e3o da subtens\u00e3o<\/td>\n<td style=\"width: 50%; background-color: #e3e5e6;\">AC170V(80~200V)<\/td>\n<\/tr>\n<tr>\n<td style=\"width: 50%;\">Defini\u00e7\u00e3o da corrente de fuga<\/td>\n<td style=\"width: 50%;\">20mA(5~300mA)<\/td>\n<\/tr>\n<tr>\n<td style=\"width: 50%; background-color: #e3e5e6;\">Medi\u00e7\u00e3o de eletricidade<\/td>\n<td style=\"width: 50%; background-color: #e3e5e6;\">0,1-99999,9kwh<\/td>\n<\/tr>\n<\/tbody>\n<\/table>\n<\/div>\n<p>3.1. O produto desliga-se automaticamente no espa\u00e7o de 1 segundo em caso de sobretens\u00e3o, subtens\u00e3o, sobrecorrente ou fuga durante a primeira liga\u00e7\u00e3o;<\/p>\n<p>3.2. Par\u00e2metros de prote\u00e7\u00e3o actuais:<\/p>\n<p>a. \u2265 1,0 vezes a corrente, intervalo de defini\u00e7\u00e3o 1-120 segundos, predefini\u00e7\u00e3o 10 segundos<\/p>\n<p>b. \u2265 1,2 vezes a corrente de curto-circuito, 0,1 segundos para abrir o circuito<\/p>\n<p>3.3. A temperatura ambiente n\u00e3o deve exceder+40 \u2103, n\u00e3o deve ser inferior a -5 \u2103, e a temperatura m\u00e9dia durante 24 horas n\u00e3o deve exceder+35 \u2103; A+40 \u2103, a humidade do ar circundante n\u00e3o deve exceder 50%.<\/p>\n<p>3.4. O n\u00edvel do mar no local da instala\u00e7\u00e3o n\u00e3o deve exceder 2000 metros.5. N\u00edvel de polui\u00e7\u00e3o III.6. N\u00e3o existem meios explosivos perigosos, nem gases corrosivos ou isolantes, nem poeiras condutoras no ambiente da instala\u00e7\u00e3o. Tamb\u00e9m n\u00e3o existem \u00e1reas afectadas pela chuva ou neve.<\/p>\n<h3>4\u3001Menu e m\u00e9todos de defini\u00e7\u00e3o<\/h3>\n<hr \/>\n<p><img fetchpriority=\"high\" decoding=\"async\" class=\"alignnone wp-image-8709 size-full\" src=\"https:\/\/bright-china.com\/wp-content\/uploads\/2025\/04\/Display-menu-for-selective-power-limit-protector-JGXZ-63.webp\" alt=\"Menu de visualiza\u00e7\u00e3o do protetor seletivo de limite de pot\u00eancia JGXZ-63\" width=\"827\" height=\"874\" srcset=\"https:\/\/bright-china.com\/wp-content\/uploads\/2025\/04\/Display-menu-for-selective-power-limit-protector-JGXZ-63.webp 827w, https:\/\/bright-china.com\/wp-content\/uploads\/2025\/04\/Display-menu-for-selective-power-limit-protector-JGXZ-63-284x300.webp 284w, https:\/\/bright-china.com\/wp-content\/uploads\/2025\/04\/Display-menu-for-selective-power-limit-protector-JGXZ-63-768x812.webp 768w, https:\/\/bright-china.com\/wp-content\/uploads\/2025\/04\/Display-menu-for-selective-power-limit-protector-JGXZ-63-11x12.webp 11w, https:\/\/bright-china.com\/wp-content\/uploads\/2025\/04\/Display-menu-for-selective-power-limit-protector-JGXZ-63-600x634.webp 600w\" sizes=\"(max-width: 827px) 100vw, 827px\" \/><\/p>\n<p>&nbsp;<\/p>\n<p><img decoding=\"async\" class=\"alignnone wp-image-8710 size-full lazyload\" data-src=\"https:\/\/bright-china.com\/wp-content\/uploads\/2025\/04\/Product-Setting-Instructions-for-Selective-Power-Limiting-Protector-JGXZ-63.webp\" alt=\"Instru\u00e7\u00f5es de configura\u00e7\u00e3o do produto para o protetor de limita\u00e7\u00e3o selectiva de pot\u00eancia JGXZ-63\" width=\"958\" height=\"1350\" data-srcset=\"https:\/\/bright-china.com\/wp-content\/uploads\/2025\/04\/Product-Setting-Instructions-for-Selective-Power-Limiting-Protector-JGXZ-63.webp 958w, https:\/\/bright-china.com\/wp-content\/uploads\/2025\/04\/Product-Setting-Instructions-for-Selective-Power-Limiting-Protector-JGXZ-63-213x300.webp 213w, https:\/\/bright-china.com\/wp-content\/uploads\/2025\/04\/Product-Setting-Instructions-for-Selective-Power-Limiting-Protector-JGXZ-63-727x1024.webp 727w, https:\/\/bright-china.com\/wp-content\/uploads\/2025\/04\/Product-Setting-Instructions-for-Selective-Power-Limiting-Protector-JGXZ-63-768x1082.webp 768w, https:\/\/bright-china.com\/wp-content\/uploads\/2025\/04\/Product-Setting-Instructions-for-Selective-Power-Limiting-Protector-JGXZ-63-9x12.webp 9w, https:\/\/bright-china.com\/wp-content\/uploads\/2025\/04\/Product-Setting-Instructions-for-Selective-Power-Limiting-Protector-JGXZ-63-600x846.webp 600w\" data-sizes=\"(max-width: 958px) 100vw, 958px\" src=\"data:image\/svg+xml;base64,PHN2ZyB3aWR0aD0iMSIgaGVpZ2h0PSIxIiB4bWxucz0iaHR0cDovL3d3dy53My5vcmcvMjAwMC9zdmciPjwvc3ZnPg==\" style=\"--smush-placeholder-width: 958px; --smush-placeholder-aspect-ratio: 958\/1350;\" \/><\/p>\n<h2>5\u3001Descri\u00e7\u00e3o do painel<\/h2>\n<hr \/>\n<p><img decoding=\"async\" class=\"alignnone wp-image-8708 size-full lazyload\" data-src=\"https:\/\/bright-china.com\/wp-content\/uploads\/2025\/04\/Display-name-of-selective-power-limit-protector-JGXZ-63.webp\" alt=\"Nome de exibi\u00e7\u00e3o do protetor seletivo de limite de pot\u00eancia JGXZ-63\" width=\"669\" height=\"733\" data-srcset=\"https:\/\/bright-china.com\/wp-content\/uploads\/2025\/04\/Display-name-of-selective-power-limit-protector-JGXZ-63.webp 669w, https:\/\/bright-china.com\/wp-content\/uploads\/2025\/04\/Display-name-of-selective-power-limit-protector-JGXZ-63-274x300.webp 274w, https:\/\/bright-china.com\/wp-content\/uploads\/2025\/04\/Display-name-of-selective-power-limit-protector-JGXZ-63-11x12.webp 11w, https:\/\/bright-china.com\/wp-content\/uploads\/2025\/04\/Display-name-of-selective-power-limit-protector-JGXZ-63-600x657.webp 600w\" data-sizes=\"(max-width: 669px) 100vw, 669px\" src=\"data:image\/svg+xml;base64,PHN2ZyB3aWR0aD0iMSIgaGVpZ2h0PSIxIiB4bWxucz0iaHR0cDovL3d3dy53My5vcmcvMjAwMC9zdmciPjwvc3ZnPg==\" style=\"--smush-placeholder-width: 669px; --smush-placeholder-aspect-ratio: 669\/733;\" \/><\/p>\n<h2>6\u3001<strong><a href=\"https:\/\/ua-protector.com\">Protetor de limite de pot\u00eancia seletivo<\/a> <\/strong>Dimens\u00f5es<\/h2>\n<hr \/>\n<p><img decoding=\"async\" class=\"alignnone wp-image-5180 size-full lazyload\" data-src=\"https:\/\/bright-china.com\/wp-content\/uploads\/2025\/04\/\u5916\u578b\u5c3a\u5bf8.jpg\" alt=\"Menu de visualiza\u00e7\u00e3o do protetor seletivo de limita\u00e7\u00e3o de pot\u00eancia\" width=\"687\" height=\"533\" data-srcset=\"https:\/\/bright-china.com\/wp-content\/uploads\/2025\/04\/\u5916\u578b\u5c3a\u5bf8.jpg 687w, https:\/\/bright-china.com\/wp-content\/uploads\/2025\/04\/\u5916\u578b\u5c3a\u5bf8-300x233.jpg 300w, https:\/\/bright-china.com\/wp-content\/uploads\/2025\/04\/\u5916\u578b\u5c3a\u5bf8-15x12.jpg 15w, https:\/\/bright-china.com\/wp-content\/uploads\/2025\/04\/\u5916\u578b\u5c3a\u5bf8-600x466.jpg 600w\" data-sizes=\"(max-width: 687px) 100vw, 687px\" src=\"data:image\/svg+xml;base64,PHN2ZyB3aWR0aD0iMSIgaGVpZ2h0PSIxIiB4bWxucz0iaHR0cDovL3d3dy53My5vcmcvMjAwMC9zdmciPjwvc3ZnPg==\" style=\"--smush-placeholder-width: 687px; --smush-placeholder-aspect-ratio: 687\/533;\" \/><\/p>\n<p>&nbsp;<\/p>\n<h2>7. deveria ser um plano<\/h2>\n<hr \/>\n<figure id=\"attachment_6111\" aria-describedby=\"caption-attachment-6111\" style=\"width: 600px\" class=\"wp-caption alignnone\"><img decoding=\"async\" class=\"wp-image-6111 size-full lazyload\" data-src=\"https:\/\/bright-china.com\/wp-content\/uploads\/2025\/04\/\u63a5\u7ebf\u56fe-\u8fc7\u6b20\u538b-3.jpg\" alt=\"protectores contra sobretens\u00e3o e subtens\u00e3o\" width=\"600\" height=\"1133\" data-srcset=\"https:\/\/bright-china.com\/wp-content\/uploads\/2025\/04\/\u63a5\u7ebf\u56fe-\u8fc7\u6b20\u538b-3.jpg 600w, https:\/\/bright-china.com\/wp-content\/uploads\/2025\/04\/\u63a5\u7ebf\u56fe-\u8fc7\u6b20\u538b-3-159x300.jpg 159w, https:\/\/bright-china.com\/wp-content\/uploads\/2025\/04\/\u63a5\u7ebf\u56fe-\u8fc7\u6b20\u538b-3-542x1024.jpg 542w, https:\/\/bright-china.com\/wp-content\/uploads\/2025\/04\/\u63a5\u7ebf\u56fe-\u8fc7\u6b20\u538b-3-6x12.jpg 6w\" data-sizes=\"(max-width: 600px) 100vw, 600px\" src=\"data:image\/svg+xml;base64,PHN2ZyB3aWR0aD0iMSIgaGVpZ2h0PSIxIiB4bWxucz0iaHR0cDovL3d3dy53My5vcmcvMjAwMC9zdmciPjwvc3ZnPg==\" style=\"--smush-placeholder-width: 600px; --smush-placeholder-aspect-ratio: 600\/1133;\" \/><figcaption id=\"caption-attachment-6111\" class=\"wp-caption-text\">protectores contra sobretens\u00e3o e subtens\u00e3o<\/figcaption><\/figure>\n<h3 data-slate-node=\"element\"><span style=\"color: #ff0000;\" data-slate-node=\"text\"><span class=\"null hover-sent\" data-slate-leaf=\"true\" data-sent-id=\"ejrkgDPYqe\">Aviso:<\/span><\/span><\/h3>\n<div data-slate-node=\"element\"><span data-slate-node=\"text\"><span class=\"null hover-sent\" data-slate-leaf=\"true\" data-sent-id=\"ejrkgDPYqe\">Os fios N e L n\u00e3o devem ser ligados de forma incorrecta.<\/span><\/span><\/div>\n<div data-slate-node=\"element\" data-slate-fragment=\"JTVCJTdCJTIydHlwZSUyMiUzQSUyMnBhcmFncmFwaCUyMiUyQyUyMmNoaWxkcmVuJTIyJTNBJTVCJTdCJTIyaWQlMjIlM0ElMjJlanJrZ0RQWXFlJTIyJTJDJTIycGFyYUlkeCUyMiUzQTElMkMlMjJzcmMlMjIlM0ElMjJBdHRlbnRpb24lM0ElMjBUaGUlMjBOJTIwYW5kJTIwTCUyMHdpcmVzJTIwbXVzdCUyMG5vdCUyMGJlJTIwY29ubmVjdGVkJTIwaW5jb3JyZWN0bHkuJTIyJTJDJTIyZHN0JTIyJTNBJTIyJUU2JUIzJUE4JUU2JTg0JThGJUVGJUJDJTlBTiVFNSU5MiU4Q0wlRTclQkElQkYlRTQlQjglOEQlRTUlQkUlOTclRTglQkYlOUUlRTYlOEUlQTUlRTklOTQlOTklRTglQUYlQUYlRTMlODAlODIlMjIlMkMlMjJtZXRhZGF0YSUyMiUzQSUyMiUyMiUyQyUyMm1hdGNoZXMlMjIlM0FudWxsJTJDJTIybWV0YURhdGElMjIlM0ElNUIlNUQlMkMlMjJ0ZXh0JTIyJTNBJTIyVGhlJTIwTiUyMGFuZCUyMEwlMjB3aXJlcyUyMG11c3QlMjBub3QlMjBiZSUyMGNvbm5lY3RlZCUyMGluY29ycmVjdGx5LiUyMiU3RCU1RCU3RCUyQyU3QiUyMnR5cGUlMjIlM0ElMjJwYXJhZ3JhcGglMjIlMkMlMjJjaGlsZHJlbiUyMiUzQSU1QiU3QiUyMmlkJTIyJTNBJTIyVk5ETmRqOUFiQiUyMiUyQyUyMnBhcmFJZHglMjIlM0EyJTJDJTIyc3JjJTIyJTNBJTIyQWxsJTIwdGVybWluYWxzJTIwbXVzdCUyMGJlJTIwdGlnaHRlbmVkJTIwdG8lMjBwcmV2ZW50JTIwZmFsc2UlMjBjb25uZWN0aW9ucyUyMHRoYXQlMjBjb3VsZCUyMGJ1cm4lMjBvdXQlMjB0aGUlMjBwcm90ZWN0b3IuJTIyJTJDJTIyZHN0JTIyJTNBJTIyJUU2JTg5JTgwJUU2JTlDJTg5JUU3JUFCJUFGJUU1JUFEJTkwJUU1JUJGJTg1JUU5JUExJUJCJUU2JThCJUE3JUU3JUI0JUE3JUVGJUJDJThDJUU0JUJCJUE1JUU5JTk4JUIyJUU2JUFEJUEyJUU1JThGJUFGJUU4JTgzJUJEJUU3JTgzJUE3JUU1JTlEJThGJUU0JUJGJTlEJUU2JThBJUE0JUU1JTk5JUE4JUU3JTlBJTg0JUU5JTk0JTk5JUU4JUFGJUFGJUU4JUJGJTlFJUU2JThFJUE1JUUzJTgwJTgyJTIyJTJDJTIybWV0YWRhdGElMjIlM0ElMjIlMjIlMkMlMjJtYXRjaGVzJTIyJTNBbnVsbCUyQyUyMm1ldGFEYXRhJTIyJTNBJTVCJTVEJTJDJTIydGV4dCUyMiUzQSUyMkFsbCUyMHRlcm1pbmFscyUyMG11c3QlMjBiZSUyMHRpZ2h0ZW5lZCUyMHRvJTIwcHJldmVudCUyMGZhbHNlJTIwY29ubmVjdGlvbnMlMjB0aGF0JTIwY291bGQlMjBidXJuJTIwb3V0JTIwdGhlJTIwcHJvdGVjdG9yLiUyMiU3RCU1RCU3RCU1RA==\"><span data-slate-node=\"text\"><span class=\"null\" data-slate-leaf=\"true\" data-sent-id=\"VNDNdj9AbB\">Todos os terminais devem ser apertados para evitar liga\u00e7\u00f5es falsas que possam queimar o protetor.<\/span><\/span><\/div>\n<h2 class=\"wp-block-heading\"><\/h2>\n<h2><strong>8. informa\u00e7\u00f5es sobre o pacote padr\u00e3o<\/strong><\/h2>\n<hr \/>\n<div style=\"overflow-x: auto;\">\n<p><img decoding=\"async\" class=\"alignnone wp-image-8832 size-medium lazyload\" data-src=\"https:\/\/bright-china.com\/wp-content\/uploads\/2025\/04\/Packaging-box-for-protector--300x300.webp\" alt=\"Caixa de embalagem para o protetor\" width=\"300\" height=\"300\" data-srcset=\"https:\/\/bright-china.com\/wp-content\/uploads\/2025\/04\/Packaging-box-for-protector--300x300.webp 300w, https:\/\/bright-china.com\/wp-content\/uploads\/2025\/04\/Packaging-box-for-protector--150x150.webp 150w, https:\/\/bright-china.com\/wp-content\/uploads\/2025\/04\/Packaging-box-for-protector--12x12.webp 12w, https:\/\/bright-china.com\/wp-content\/uploads\/2025\/04\/Packaging-box-for-protector--600x600.webp 600w, https:\/\/bright-china.com\/wp-content\/uploads\/2025\/04\/Packaging-box-for-protector--100x100.webp 100w, https:\/\/bright-china.com\/wp-content\/uploads\/2025\/04\/Packaging-box-for-protector-.webp 750w\" data-sizes=\"(max-width: 300px) 100vw, 300px\" src=\"data:image\/svg+xml;base64,PHN2ZyB3aWR0aD0iMSIgaGVpZ2h0PSIxIiB4bWxucz0iaHR0cDovL3d3dy53My5vcmcvMjAwMC9zdmciPjwvc3ZnPg==\" style=\"--smush-placeholder-width: 300px; --smush-placeholder-aspect-ratio: 300\/300;\" \/><\/p>\n<table style=\"border-color: #969696; width: 100%;\" width=\"100%\">\n<tbody>\n<tr>\n<th style=\"background-color: #110d4d;\"><span style=\"color: #ffffff;\">Dimens\u00e3o da caixa de cart\u00e3o (cm)<\/span><\/th>\n<th style=\"background-color: #110d4d;\"><span style=\"color: #ffffff;\">Lista de embalagem<\/span><\/th>\n<th style=\"background-color: #110d4d;\"><span style=\"color: #ffffff;\">QUANTIDADE<\/span><\/th>\n<th style=\"background-color: #110d4d;\"><span style=\"color: #ffffff;\">Peso bruto (kg)<\/span><\/th>\n<\/tr>\n<tr>\n<td>45,5 cm \u00d7 23,5 cm \u00d7 31,5 cm<\/td>\n<td>\u00a0protetor<\/td>\n<td>120 unidades<\/td>\n<td>20 kg<\/td>\n<\/tr>\n<\/tbody>\n<\/table>\n<\/div>\n<p>&nbsp;<\/p>","protected":false},"excerpt":{"rendered":"<p>O JGXZ-63 \u00e9 um protetor de limite de pot\u00eancia seletivo, utilizado principalmente para limitar o consumo de energia de aparelhos el\u00e9ctricos individuais com pot\u00eancia excessiva, e um protetor de limite de pot\u00eancia inteligente para exceder o limite de pot\u00eancia total.<br \/>\n<strong>Instru\u00e7\u00f5es \uff1a<a href=\"https:\/\/bright-china.com\/wp-content\/uploads\/2025\/04\/JGXZ-63-Manual.pdf\">Protetor de limite de pot\u00eancia selectiva JGXZ-63-Manual<\/a><\/strong><\/p>\n<p>&nbsp;<\/p>","protected":false},"featured_media":8703,"template":"","meta":{"_acf_changed":false,"site-sidebar-layout":"default","site-content-layout":"","ast-site-content-layout":"default","site-content-style":"default","site-sidebar-style":"default","ast-global-header-display":"","ast-banner-title-visibility":"","ast-main-header-display":"","ast-hfb-above-header-display":"","ast-hfb-below-header-display":"","ast-hfb-mobile-header-display":"","site-post-title":"","ast-breadcrumbs-content":"","ast-featured-img":"","footer-sml-layout":"","theme-transparent-header-meta":"default","adv-header-id-meta":"","stick-header-meta":"default","header-above-stick-meta":"","header-main-stick-meta":"","header-below-stick-meta":"","astra-migrate-meta-layouts":"set","ast-page-background-enabled":"default","ast-page-background-meta":{"desktop":{"background-color":"","background-image":"","background-repeat":"repeat","background-position":"center center","background-size":"auto","background-attachment":"scroll","background-type":"","background-media":"","overlay-type":"","overlay-color":"","overlay-opacity":"","overlay-gradient":""},"tablet":{"background-color":"","background-image":"","background-repeat":"repeat","background-position":"center center","background-size":"auto","background-attachment":"scroll","background-type":"","background-media":"","overlay-type":"","overlay-color":"","overlay-opacity":"","overlay-gradient":""},"mobile":{"background-color":"","background-image":"","background-repeat":"repeat","background-position":"center center","background-size":"auto","background-attachment":"scroll","background-type":"","background-media":"","overlay-type":"","overlay-color":"","overlay-opacity":"","overlay-gradient":""}},"ast-content-background-meta":{"desktop":{"background-color":"var(--ast-global-color-5)","background-image":"","background-repeat":"repeat","background-position":"center center","background-size":"auto","background-attachment":"scroll","background-type":"","background-media":"","overlay-type":"","overlay-color":"","overlay-opacity":"","overlay-gradient":""},"tablet":{"background-color":"var(--ast-global-color-5)","background-image":"","background-repeat":"repeat","background-position":"center center","background-size":"auto","background-attachment":"scroll","background-type":"","background-media":"","overlay-type":"","overlay-color":"","overlay-opacity":"","overlay-gradient":""},"mobile":{"background-color":"var(--ast-global-color-5)","background-image":"","background-repeat":"repeat","background-position":"center center","background-size":"auto","background-attachment":"scroll","background-type":"","background-media":"","overlay-type":"","overlay-color":"","overlay-opacity":"","overlay-gradient":""}},"_seo_title":"Selective power limit protector JGXZ-63","_seo_keywords":"Selective power limit protector, School dormitory surge protector, voltage protector, adjustable voltage protector","_seo_description":"JGXZ-63 is a selective power limit protector, mainly used to limit the power consumption of individual electrical appliances with excessive power, and an intelligent power limit protector for exceeding the..."},"product_brand":[],"product_cat":[15,65,69,64,57],"product_tag":[91,102,99,118,125,93],"class_list":{"0":"post-4424","1":"product","2":"type-product","3":"status-publish","4":"has-post-thumbnail","6":"product_cat-product","7":"product_cat-current-and-voltage-protector","8":"product_cat-voltmeter-ammeter","9":"product_cat-smart-meter","10":"product_cat-smart-protector","11":"product_tag-adjustable-over-under-voltage-protector","12":"product_tag-automatic-transfer-switch","13":"product_tag-current-limiting-protector","14":"product_tag-digital-display-adjustable-voltage-and-current-protector","15":"product_tag-selective-power-limit-protector","16":"product_tag-voltage-protector","17":"desktop-align-center","18":"tablet-align-left","19":"mobile-align-left","20":"ast-product-gallery-layout-horizontal-slider","22":"first","23":"instock","24":"sale","25":"featured","26":"shipping-taxable","27":"purchasable","28":"product-type-simple"},"acf":[],"seo_title":"Selective power limit protector JGXZ-63","seo_keywords":"Selective power limit protector, School dormitory surge protector, voltage protector, adjustable voltage protector","seo_description":"JGXZ-63 is a selective power limit protector, mainly used to limit the power consumption of individual electrical appliances with excessive power, and an intelligent power limit protector for exceeding the...","seo_score":"85","product_seo_keywords":"","_links":{"self":[{"href":"https:\/\/bright-china.com\/pt\/wp-json\/wp\/v2\/product\/4424","targetHints":{"allow":["GET"]}}],"collection":[{"href":"https:\/\/bright-china.com\/pt\/wp-json\/wp\/v2\/product"}],"about":[{"href":"https:\/\/bright-china.com\/pt\/wp-json\/wp\/v2\/types\/product"}],"wp:featuredmedia":[{"embeddable":true,"href":"https:\/\/bright-china.com\/pt\/wp-json\/wp\/v2\/media\/8703"}],"wp:attachment":[{"href":"https:\/\/bright-china.com\/pt\/wp-json\/wp\/v2\/media?parent=4424"}],"wp:term":[{"taxonomy":"product_brand","embeddable":true,"href":"https:\/\/bright-china.com\/pt\/wp-json\/wp\/v2\/product_brand?post=4424"},{"taxonomy":"product_cat","embeddable":true,"href":"https:\/\/bright-china.com\/pt\/wp-json\/wp\/v2\/product_cat?post=4424"},{"taxonomy":"product_tag","embeddable":true,"href":"https:\/\/bright-china.com\/pt\/wp-json\/wp\/v2\/product_tag?post=4424"}],"curies":[{"name":"wp","href":"https:\/\/api.w.org\/{rel}","templated":true}]}}