{"id":4425,"date":"2025-04-27T02:23:54","date_gmt":"2025-04-27T02:23:54","guid":{"rendered":"https:\/\/bright-china.com\/?post_type=product&#038;p=4425"},"modified":"2025-12-29T20:38:44","modified_gmt":"2025-12-30T03:38:44","slug":"protetor-de-tensao-jgiv-63","status":"publish","type":"product","link":"https:\/\/bright-china.com\/pt\/produto\/protetor-de-tensao-jgiv-63\/","title":{"rendered":"Protetor de sobretens\u00e3o ajust\u00e1vel Protetor de tens\u00e3o digital JGIV-63"},"content":{"rendered":"<h2>1\u3001Introdu\u00e7\u00e3o<\/h2>\n<hr \/>\n<p><a style=\"font-size: 16px; background-color: #ffffff;\" href=\"https:\/\/bright-china.com\/automatic-reconnection-energy-metering-protector-of-test-jgdl-63\/\"><strong>Protetor de sobretens\u00e3o ajust\u00e1vel Protetor de tens\u00e3o digital<\/strong> <\/a><span style=\"font-size: 16px;\">A s\u00e9rie JGIV-63 \u00e9 um protetor de sobretens\u00e3o e subtens\u00e3o do tipo limitador de corrente de fuga, que inclui protectores de sobretens\u00e3o, subtens\u00e3o, curto-circuito, fuga e abrangentes. O produto tem as vantagens da modularidade, intelig\u00eancia e visualiza\u00e7\u00e3o.<\/span><\/p>\n<p>Todos os par\u00e2metros de prote\u00e7\u00e3o, tais como sobretens\u00e3o, subtens\u00e3o e prote\u00e7\u00e3o contra fugas, podem ser definidos de acordo com as necessidades de energia, garantindo que o protetor pode cortar instantaneamente a alimenta\u00e7\u00e3o el\u00e9ctrica em caso de sobretens\u00e3o, <a href=\"https:\/\/ua-protector.com\/product\/\">subtens\u00e3o<\/a>A fun\u00e7\u00e3o de prote\u00e7\u00e3o do equipamento el\u00e9trico \u00e9 a de proteger o equipamento el\u00e9trico contra danos, curto-circuitos, fugas e outras falhas no circuito.<\/p>\n<p>Esta s\u00e9rie de produtos tem uma estrutura compacta, apar\u00eancia bonita e instala\u00e7\u00e3o de carril padr\u00e3o. \u00c9 principalmente adequado para a distribui\u00e7\u00e3o de energia dom\u00e9stica, dormit\u00f3rios escolares, casas de aluguer e outras ocasi\u00f5es.<\/p>\n<h2>2\u3001Condi\u00e7\u00f5es e par\u00e2metros de trabalho<\/h2>\n<hr \/>\n<p>2.1. O produto desliga-se automaticamente no espa\u00e7o de 1 segundo em caso de sobretens\u00e3o, subtens\u00e3o, sobrecorrente ou fuga durante a primeira liga\u00e7\u00e3o;<br \/>\n2.2. Par\u00e2metros de prote\u00e7\u00e3o actuais:<br \/>\na. \u2265 1,0 vezes a corrente, intervalo de defini\u00e7\u00e3o 1-120 segundos, predefini\u00e7\u00e3o 10 segundos<br \/>\nb. \u2265 2 vezes a corrente de curto-circuito, 0,1 segundos para abrir o circuito<br \/>\n2.3. A temperatura ambiente n\u00e3o deve exceder+40 \u2103, n\u00e3o deve ser inferior a -5 \u2103, e a temperatura m\u00e9dia durante 24 horas n\u00e3o deve exceder+35 \u2103; A+40 \u2103, a humidade do ar circundante n\u00e3o deve exceder 50%.<br \/>\n2.4. O n\u00edvel do mar no local da instala\u00e7\u00e3o n\u00e3o deve exceder 2000 metros.5. N\u00edvel de polui\u00e7\u00e3o III.6. N\u00e3o existem meios explosivos perigosos, nem gases corrosivos ou isolantes, nem poeiras condutoras no ambiente da instala\u00e7\u00e3o. Tamb\u00e9m n\u00e3o existem \u00e1reas afectadas pela chuva ou neve.<\/p>\n<table style=\"border-collapse: collapse; width: 100%; border-color: #969696;\" border=\"0\" width=\"100%\" cellspacing=\"0\" cellpadding=\"0\">\n<tbody>\n<tr style=\"height: 13.50pt;\">\n<td style=\"height: 13px; width: 159.4pt; background-color: #0a165c;\" width=\"212\" height=\"18\"><span style=\"color: #ffffff;\">Tipo<\/span><\/td>\n<td style=\"width: 89.95pt; height: 13px; background-color: #0a165c;\" width=\"119\"><span style=\"color: #ffffff;\">JGIV-63<\/span><\/td>\n<\/tr>\n<tr style=\"height: 13.50pt;\">\n<td style=\"height: 13px;\" height=\"18\">Intervalo de regula\u00e7\u00e3o atual<\/td>\n<td style=\"height: 13px;\">63A(2~63A)<\/td>\n<\/tr>\n<tr style=\"height: 13.50pt;\">\n<td style=\"height: 13px; background-color: #e3e3e3;\" height=\"18\">Intervalo de regula\u00e7\u00e3o da sobretens\u00e3o<\/td>\n<td style=\"height: 13px; background-color: #e3e3e3;\">AC270V(210~300V)<\/td>\n<\/tr>\n<tr style=\"height: 13.50pt;\">\n<td style=\"height: 13px;\" height=\"18\">Gama de regula\u00e7\u00e3o da subtens\u00e3o<\/td>\n<td style=\"height: 13px;\">AC170V(80~200V)<\/td>\n<\/tr>\n<tr style=\"height: 13.50pt;\">\n<td style=\"height: 13px; background-color: #e3e3e3;\" height=\"18\">Intervalo de regula\u00e7\u00e3o da corrente de fuga<\/td>\n<td style=\"height: 13px; background-color: #e3e3e3;\">20mA(5~300mA)<\/td>\n<\/tr>\n<\/tbody>\n<\/table>\n<h2>3\u3001Configura\u00e7\u00f5es do produto<\/h2>\n<hr \/>\n<p>3.1. Bot\u00e3o de defini\u00e7\u00f5es: Premir e manter premido o bot\u00e3o de defini\u00e7\u00f5es durante 2 segundos para entrar no modo de defini\u00e7\u00f5es. Depois de entrar no modo de defini\u00e7\u00f5es, prima-o uma vez para aceder ao menu de defini\u00e7\u00f5es seguinte;<br \/>\n3.2. Tecla Shift: No estado de defini\u00e7\u00e3o, \u00e9 a fun\u00e7\u00e3o de desloca\u00e7\u00e3o digital;<br \/>\n3.3. Chave de dados: consulta a \u00faltima informa\u00e7\u00e3o de falha do produto e altera os par\u00e2metros que t\u00eam de ser definidos aquando da defini\u00e7\u00e3o do estado;<br \/>\n3.4. Bot\u00e3o de rearme: Quando ocorre a primeira sobrecorrente ou fuga, o produto fecha-se automaticamente ap\u00f3s um per\u00edodo de tempo de reinicializa\u00e7\u00e3o especificado. Quando ocorre a segunda sobreintensidade ou fuga, \u00e9 necess\u00e1rio confirmar manualmente que n\u00e3o existe qualquer falha no circuito. Depois de premir manualmente o bot\u00e3o de reposi\u00e7\u00e3o, o produto fecha-se. Quando estiver no estado definido, prima o bot\u00e3o de reposi\u00e7\u00e3o durante 1 segundo para guardar e sair do estado definido,<br \/>\nPrima e mantenha premido o bot\u00e3o de reposi\u00e7\u00e3o durante a visualiza\u00e7\u00e3o em tempo real para abrir o produto e prima-o novamente para o fechar.<br \/>\n<img fetchpriority=\"high\" decoding=\"async\" class=\"alignnone wp-image-8720 size-full\" src=\"https:\/\/bright-china.com\/wp-content\/uploads\/2025\/04\/Product-menu-of-digital-display-adjustable-voltage-protector.webp\" alt=\"Menu de produtos do protetor de tens\u00e3o ajust\u00e1vel com ecr\u00e3 digital\" width=\"827\" height=\"594\" srcset=\"https:\/\/bright-china.com\/wp-content\/uploads\/2025\/04\/Product-menu-of-digital-display-adjustable-voltage-protector.webp 827w, https:\/\/bright-china.com\/wp-content\/uploads\/2025\/04\/Product-menu-of-digital-display-adjustable-voltage-protector-300x215.webp 300w, https:\/\/bright-china.com\/wp-content\/uploads\/2025\/04\/Product-menu-of-digital-display-adjustable-voltage-protector-768x552.webp 768w, https:\/\/bright-china.com\/wp-content\/uploads\/2025\/04\/Product-menu-of-digital-display-adjustable-voltage-protector-18x12.webp 18w, https:\/\/bright-china.com\/wp-content\/uploads\/2025\/04\/Product-menu-of-digital-display-adjustable-voltage-protector-600x431.webp 600w\" sizes=\"(max-width: 827px) 100vw, 827px\" \/><\/p>\n<h2>5\u3001Dimens\u00f5es<\/h2>\n<hr \/>\n<p><img decoding=\"async\" class=\"alignnone wp-image-8719 size-full lazyload\" data-src=\"https:\/\/bright-china.com\/wp-content\/uploads\/2025\/04\/Panel-Description-of-Digital-Display-Adjustable-Voltage-Protector.webp\" alt=\"Descri\u00e7\u00e3o do painel do protetor de tens\u00e3o ajust\u00e1vel de ecr\u00e3 digital\" width=\"451\" height=\"752\" data-srcset=\"https:\/\/bright-china.com\/wp-content\/uploads\/2025\/04\/Panel-Description-of-Digital-Display-Adjustable-Voltage-Protector.webp 451w, https:\/\/bright-china.com\/wp-content\/uploads\/2025\/04\/Panel-Description-of-Digital-Display-Adjustable-Voltage-Protector-180x300.webp 180w, https:\/\/bright-china.com\/wp-content\/uploads\/2025\/04\/Panel-Description-of-Digital-Display-Adjustable-Voltage-Protector-7x12.webp 7w\" data-sizes=\"(max-width: 451px) 100vw, 451px\" src=\"data:image\/svg+xml;base64,PHN2ZyB3aWR0aD0iMSIgaGVpZ2h0PSIxIiB4bWxucz0iaHR0cDovL3d3dy53My5vcmcvMjAwMC9zdmciPjwvc3ZnPg==\" style=\"--smush-placeholder-width: 451px; --smush-placeholder-aspect-ratio: 451\/752;\" \/><\/p>\n<p>&nbsp;<\/p>\n<h2>Deveria ser um plano<\/h2>\n<hr \/>\n<figure id=\"attachment_6111\" aria-describedby=\"caption-attachment-6111\" style=\"width: 600px\" class=\"wp-caption alignnone\"><img decoding=\"async\" class=\"wp-image-6111 size-full lazyload\" data-src=\"https:\/\/bright-china.com\/wp-content\/uploads\/2025\/04\/\u63a5\u7ebf\u56fe-\u8fc7\u6b20\u538b-3.jpg\" alt=\"protectores contra sobretens\u00e3o e subtens\u00e3o\" width=\"600\" height=\"1133\" data-srcset=\"https:\/\/bright-china.com\/wp-content\/uploads\/2025\/04\/\u63a5\u7ebf\u56fe-\u8fc7\u6b20\u538b-3.jpg 600w, https:\/\/bright-china.com\/wp-content\/uploads\/2025\/04\/\u63a5\u7ebf\u56fe-\u8fc7\u6b20\u538b-3-159x300.jpg 159w, https:\/\/bright-china.com\/wp-content\/uploads\/2025\/04\/\u63a5\u7ebf\u56fe-\u8fc7\u6b20\u538b-3-542x1024.jpg 542w, https:\/\/bright-china.com\/wp-content\/uploads\/2025\/04\/\u63a5\u7ebf\u56fe-\u8fc7\u6b20\u538b-3-6x12.jpg 6w\" data-sizes=\"(max-width: 600px) 100vw, 600px\" src=\"data:image\/svg+xml;base64,PHN2ZyB3aWR0aD0iMSIgaGVpZ2h0PSIxIiB4bWxucz0iaHR0cDovL3d3dy53My5vcmcvMjAwMC9zdmciPjwvc3ZnPg==\" style=\"--smush-placeholder-width: 600px; --smush-placeholder-aspect-ratio: 600\/1133;\" \/><figcaption id=\"caption-attachment-6111\" class=\"wp-caption-text\">protectores contra sobretens\u00e3o e subtens\u00e3o<\/figcaption><\/figure>\n<h3 data-slate-node=\"element\"><span class=\"null hover-sent\" style=\"color: #ff0000;\" data-slate-leaf=\"true\" data-sent-id=\"ejrkgDPYqe\">Aviso:<\/span><\/h3>\n<div data-slate-node=\"element\"><span data-slate-node=\"text\"><span class=\"null hover-sent\" data-slate-leaf=\"true\" data-sent-id=\"ejrkgDPYqe\">Os fios N e L n\u00e3o devem ser ligados de forma incorrecta.<\/span><\/span><\/div>\n<div data-slate-node=\"element\" data-slate-fragment=\"JTVCJTdCJTIydHlwZSUyMiUzQSUyMnBhcmFncmFwaCUyMiUyQyUyMmNoaWxkcmVuJTIyJTNBJTVCJTdCJTIyaWQlMjIlM0ElMjJlanJrZ0RQWXFlJTIyJTJDJTIycGFyYUlkeCUyMiUzQTElMkMlMjJzcmMlMjIlM0ElMjJBdHRlbnRpb24lM0ElMjBUaGUlMjBOJTIwYW5kJTIwTCUyMHdpcmVzJTIwbXVzdCUyMG5vdCUyMGJlJTIwY29ubmVjdGVkJTIwaW5jb3JyZWN0bHkuJTIyJTJDJTIyZHN0JTIyJTNBJTIyJUU2JUIzJUE4JUU2JTg0JThGJUVGJUJDJTlBTiVFNSU5MiU4Q0wlRTclQkElQkYlRTQlQjglOEQlRTUlQkUlOTclRTglQkYlOUUlRTYlOEUlQTUlRTklOTQlOTklRTglQUYlQUYlRTMlODAlODIlMjIlMkMlMjJtZXRhZGF0YSUyMiUzQSUyMiUyMiUyQyUyMm1hdGNoZXMlMjIlM0FudWxsJTJDJTIybWV0YURhdGElMjIlM0ElNUIlNUQlMkMlMjJ0ZXh0JTIyJTNBJTIyVGhlJTIwTiUyMGFuZCUyMEwlMjB3aXJlcyUyMG11c3QlMjBub3QlMjBiZSUyMGNvbm5lY3RlZCUyMGluY29ycmVjdGx5LiUyMiU3RCU1RCU3RCUyQyU3QiUyMnR5cGUlMjIlM0ElMjJwYXJhZ3JhcGglMjIlMkMlMjJjaGlsZHJlbiUyMiUzQSU1QiU3QiUyMmlkJTIyJTNBJTIyVk5ETmRqOUFiQiUyMiUyQyUyMnBhcmFJZHglMjIlM0EyJTJDJTIyc3JjJTIyJTNBJTIyQWxsJTIwdGVybWluYWxzJTIwbXVzdCUyMGJlJTIwdGlnaHRlbmVkJTIwdG8lMjBwcmV2ZW50JTIwZmFsc2UlMjBjb25uZWN0aW9ucyUyMHRoYXQlMjBjb3VsZCUyMGJ1cm4lMjBvdXQlMjB0aGUlMjBwcm90ZWN0b3IuJTIyJTJDJTIyZHN0JTIyJTNBJTIyJUU2JTg5JTgwJUU2JTlDJTg5JUU3JUFCJUFGJUU1JUFEJTkwJUU1JUJGJTg1JUU5JUExJUJCJUU2JThCJUE3JUU3JUI0JUE3JUVGJUJDJThDJUU0JUJCJUE1JUU5JTk4JUIyJUU2JUFEJUEyJUU1JThGJUFGJUU4JTgzJUJEJUU3JTgzJUE3JUU1JTlEJThGJUU0JUJGJTlEJUU2JThBJUE0JUU1JTk5JUE4JUU3JTlBJTg0JUU5JTk0JTk5JUU4JUFGJUFGJUU4JUJGJTlFJUU2JThFJUE1JUUzJTgwJTgyJTIyJTJDJTIybWV0YWRhdGElMjIlM0ElMjIlMjIlMkMlMjJtYXRjaGVzJTIyJTNBbnVsbCUyQyUyMm1ldGFEYXRhJTIyJTNBJTVCJTVEJTJDJTIydGV4dCUyMiUzQSUyMkFsbCUyMHRlcm1pbmFscyUyMG11c3QlMjBiZSUyMHRpZ2h0ZW5lZCUyMHRvJTIwcHJldmVudCUyMGZhbHNlJTIwY29ubmVjdGlvbnMlMjB0aGF0JTIwY291bGQlMjBidXJuJTIwb3V0JTIwdGhlJTIwcHJvdGVjdG9yLiUyMiU3RCU1RCU3RCU1RA==\"><span data-slate-node=\"text\"><span class=\"null\" data-slate-leaf=\"true\" data-sent-id=\"VNDNdj9AbB\">Todos os terminais devem ser apertados para evitar liga\u00e7\u00f5es falsas que possam queimar o protetor.<\/span><\/span><\/div>\n<h2 class=\"wp-block-heading\"><\/h2>\n<h2><strong>Informa\u00e7\u00f5es sobre o pacote padr\u00e3o<\/strong><\/h2>\n<hr \/>\n<p><img decoding=\"async\" class=\"alignnone wp-image-6114 size-medium lazyload\" data-src=\"https:\/\/bright-china.com\/wp-content\/uploads\/2025\/04\/45.5-23.5-31.5-box-300x300.jpg\" alt=\"Caixa de embalagem para o protetor\" width=\"300\" height=\"300\" data-srcset=\"https:\/\/bright-china.com\/wp-content\/uploads\/2025\/04\/45.5-23.5-31.5-box-300x300.jpg 300w, https:\/\/bright-china.com\/wp-content\/uploads\/2025\/04\/45.5-23.5-31.5-box-150x150.jpg 150w, https:\/\/bright-china.com\/wp-content\/uploads\/2025\/04\/45.5-23.5-31.5-box-12x12.jpg 12w, https:\/\/bright-china.com\/wp-content\/uploads\/2025\/04\/45.5-23.5-31.5-box-600x600.jpg 600w, https:\/\/bright-china.com\/wp-content\/uploads\/2025\/04\/45.5-23.5-31.5-box-100x100.jpg 100w, https:\/\/bright-china.com\/wp-content\/uploads\/2025\/04\/45.5-23.5-31.5-box.jpg 750w\" data-sizes=\"(max-width: 300px) 100vw, 300px\" src=\"data:image\/svg+xml;base64,PHN2ZyB3aWR0aD0iMSIgaGVpZ2h0PSIxIiB4bWxucz0iaHR0cDovL3d3dy53My5vcmcvMjAwMC9zdmciPjwvc3ZnPg==\" style=\"--smush-placeholder-width: 300px; --smush-placeholder-aspect-ratio: 300\/300;\" \/><\/p>\n<table style=\"border-collapse: collapse; width: 100%; border-color: #969696;\" border=\"0\" width=\"100%\" cellspacing=\"0\" cellpadding=\"0\">\n<tbody>\n<tr style=\"height: 14.25pt;\">\n<td class=\"et2\" style=\"height: 14.25pt; width: 143.9pt; background-color: #0e157d;\" width=\"191\" height=\"19\"><span style=\"color: #ffffff;\">Dimens\u00e3o da caixa de cart\u00e3o (cm)<\/span><\/td>\n<td class=\"et2\" style=\"width: 54pt; background-color: #0e157d;\" width=\"72\"><span style=\"color: #ffffff;\">Lista de embalagem<\/span><\/td>\n<td class=\"et2\" style=\"width: 54pt; background-color: #0e157d;\" width=\"72\"><span style=\"color: #ffffff;\">QUANTIDADE<\/span><\/td>\n<td class=\"et2\" style=\"width: 92.8pt; background-color: #0e157d;\" width=\"123\"><span style=\"color: #ffffff;\">Peso bruto (kg)<\/span><\/td>\n<\/tr>\n<tr style=\"height: 28.50pt;\">\n<td class=\"et2\" style=\"height: 28.50pt; width: 143.90pt;\" width=\"191\" height=\"38\">45,5 cm \u00d7 23,5 cm \u00d7 31,5 cm<\/td>\n<td class=\"et2\" style=\"width: 54.00pt;\" width=\"72\">\u00a0protetor<\/td>\n<td class=\"et2\" style=\"width: 54.00pt;\" width=\"72\">60 unidades<\/td>\n<td class=\"et2\" style=\"width: 92.80pt;\" width=\"123\">20 kg<\/td>\n<\/tr>\n<\/tbody>\n<\/table>\n<p><a href=\"https:\/\/bright-china.com\/product\/intelligent-current-voltage-protector\/\" target=\"_blank\" rel=\"noopener\" ___protected_content_16___>Protetor de corrente e tens\u00e3o ajust\u00e1vel com ecr\u00e3 digital<\/a><\/p>","protected":false},"excerpt":{"rendered":"<p><a href=\"https:\/\/bright-china.com\/product\/\">Protetor ajust\u00e1vel contra sobretens\u00e3o e subtens\u00e3o\u00a0<\/a> <span data-slate-fragment=\"JTVCJTdCJTIydHlwZSUyMiUzQSUyMnBhcmFncmFwaCUyMiUyQyUyMmNoaWxkcmVuJTIyJTNBJTVCJTdCJTIyaWQlMjIlM0ElMjJCd2JuWjNERWx6JTIyJTJDJTIycGFyYUlkeCUyMiUzQTAlMkMlMjJzcmMlMjIlM0ElMjJEaWdpdGFsJTIwVm9sdGFnZSUyMFByb3RlY3RvciUyMEFkanVzdGFibGUlMjBPdmVyJTIwVW5kZXIlMjBWb2x0YWdlJTIwUHJvdGVjdG9yJTIyJTJDJTIyZHN0JTIyJTNBJTIyJUU2JTk1JUIwJUU1JUFEJTk3JUU3JTk0JUI1JUU1JThFJThCJUU0JUJGJTlEJUU2JThBJUE0JUU1JTk5JUE4JUU1JThGJUFGJUU4JUIwJTgzJUU4JUJGJTg3JUU2JUFDJUEwJUU1JThFJThCJUU0JUJGJTlEJUU2JThBJUE0JUU1JTk5JUE4JTIyJTJDJTIybWV0YWRhdGElMjIlM0ElMjIlMjIlMkMlMjJtYXRjaGVzJTIyJTNBbnVsbCUyQyUyMm1ldGFEYXRhJTIyJTNBJTVCJTVEJTJDJTIydGV4dCUyMiUzQSUyMkRpZ2l0YWwlMjBWb2x0YWdlJTIwUHJvdGVjdG9yJTIyJTdEJTVEJTdEJTVE\">Protetor de tens\u00e3o digital <\/span>A s\u00e9rie JGIV-63 \u00e9 um protetor de sobretens\u00e3o e subtens\u00e3o do tipo limitador de corrente de fuga, que inclui protectores de sobretens\u00e3o, subtens\u00e3o, curto-circuito, fuga e abrangentes. O produto tem as vantagens da modularidade, intelig\u00eancia e visualiza\u00e7\u00e3o.<\/p>\n<p>Todos os par\u00e2metros de prote\u00e7\u00e3o, tais como sobretens\u00e3o, subtens\u00e3o e prote\u00e7\u00e3o contra fugas, podem ser definidos de acordo com a procura de energia, assegurando que o protetor pode cortar instantaneamente a alimenta\u00e7\u00e3o el\u00e9ctrica em caso de sobretens\u00e3o, subtens\u00e3o, curto-circuito, fugas e outras falhas no circuito, protegendo o equipamento el\u00e9trico de danos.<\/p>","protected":false},"featured_media":8711,"template":"","meta":{"_acf_changed":false,"site-sidebar-layout":"default","site-content-layout":"","ast-site-content-layout":"default","site-content-style":"default","site-sidebar-style":"default","ast-global-header-display":"","ast-banner-title-visibility":"","ast-main-header-display":"","ast-hfb-above-header-display":"","ast-hfb-below-header-display":"","ast-hfb-mobile-header-display":"","site-post-title":"","ast-breadcrumbs-content":"","ast-featured-img":"","footer-sml-layout":"","theme-transparent-header-meta":"default","adv-header-id-meta":"","stick-header-meta":"default","header-above-stick-meta":"","header-main-stick-meta":"","header-below-stick-meta":"","astra-migrate-meta-layouts":"set","ast-page-background-enabled":"default","ast-page-background-meta":{"desktop":{"background-color":"","background-image":"","background-repeat":"repeat","background-position":"center center","background-size":"auto","background-attachment":"scroll","background-type":"","background-media":"","overlay-type":"","overlay-color":"","overlay-opacity":"","overlay-gradient":""},"tablet":{"background-color":"","background-image":"","background-repeat":"repeat","background-position":"center center","background-size":"auto","background-attachment":"scroll","background-type":"","background-media":"","overlay-type":"","overlay-color":"","overlay-opacity":"","overlay-gradient":""},"mobile":{"background-color":"","background-image":"","background-repeat":"repeat","background-position":"center center","background-size":"auto","background-attachment":"scroll","background-type":"","background-media":"","overlay-type":"","overlay-color":"","overlay-opacity":"","overlay-gradient":""}},"ast-content-background-meta":{"desktop":{"background-color":"var(--ast-global-color-5)","background-image":"","background-repeat":"repeat","background-position":"center center","background-size":"auto","background-attachment":"scroll","background-type":"","background-media":"","overlay-type":"","overlay-color":"","overlay-opacity":"","overlay-gradient":""},"tablet":{"background-color":"var(--ast-global-color-5)","background-image":"","background-repeat":"repeat","background-position":"center center","background-size":"auto","background-attachment":"scroll","background-type":"","background-media":"","overlay-type":"","overlay-color":"","overlay-opacity":"","overlay-gradient":""},"mobile":{"background-color":"var(--ast-global-color-5)","background-image":"","background-repeat":"repeat","background-position":"center center","background-size":"auto","background-attachment":"scroll","background-type":"","background-media":"","overlay-type":"","overlay-color":"","overlay-opacity":"","overlay-gradient":""}},"_seo_title":"Adjustable Over Under Voltage Protector","_seo_keywords":"Adjustable Over Under Voltage Protector, Digital Voltage Protector, voltage protector, voltage protector for home, voltage protector price in pakistan, voltage protector setting, voltage protector for fridge","_seo_description":"Adjustable Over Under Voltage Protector\u00a0 Digital Voltage Protector JGIV-63 series is a current limiting leakage type overvoltage and undervoltage protector,"},"product_brand":[],"product_cat":[15,65,69,64,57],"product_tag":[91,137,92,93],"class_list":{"0":"post-4425","1":"product","2":"type-product","3":"status-publish","4":"has-post-thumbnail","6":"product_cat-product","7":"product_cat-current-and-voltage-protector","8":"product_cat-voltmeter-ammeter","9":"product_cat-smart-meter","10":"product_cat-smart-protector","11":"product_tag-adjustable-over-under-voltage-protector","12":"product_tag-digital-display-adjustable-current-and-voltage-protector","13":"product_tag-digital-voltage-protector","14":"product_tag-voltage-protector","15":"desktop-align-center","16":"tablet-align-left","17":"mobile-align-left","18":"ast-product-gallery-layout-horizontal-slider","20":"first","21":"instock","22":"sale","23":"featured","24":"shipping-taxable","25":"purchasable","26":"product-type-simple"},"acf":[],"seo_title":"Adjustable Over Under Voltage Protector","seo_keywords":"Adjustable Over Under Voltage Protector, Digital Voltage Protector, voltage protector, voltage protector for home, voltage protector price in pakistan, voltage protector setting, voltage protector for fridge","seo_description":"Adjustable Over Under Voltage Protector\u00a0 Digital Voltage Protector JGIV-63 series is a current limiting leakage type overvoltage and undervoltage protector,","seo_score":"85","product_seo_keywords":"","_links":{"self":[{"href":"https:\/\/bright-china.com\/pt\/wp-json\/wp\/v2\/product\/4425","targetHints":{"allow":["GET"]}}],"collection":[{"href":"https:\/\/bright-china.com\/pt\/wp-json\/wp\/v2\/product"}],"about":[{"href":"https:\/\/bright-china.com\/pt\/wp-json\/wp\/v2\/types\/product"}],"wp:featuredmedia":[{"embeddable":true,"href":"https:\/\/bright-china.com\/pt\/wp-json\/wp\/v2\/media\/8711"}],"wp:attachment":[{"href":"https:\/\/bright-china.com\/pt\/wp-json\/wp\/v2\/media?parent=4425"}],"wp:term":[{"taxonomy":"product_brand","embeddable":true,"href":"https:\/\/bright-china.com\/pt\/wp-json\/wp\/v2\/product_brand?post=4425"},{"taxonomy":"product_cat","embeddable":true,"href":"https:\/\/bright-china.com\/pt\/wp-json\/wp\/v2\/product_cat?post=4425"},{"taxonomy":"product_tag","embeddable":true,"href":"https:\/\/bright-china.com\/pt\/wp-json\/wp\/v2\/product_tag?post=4425"}],"curies":[{"name":"wp","href":"https:\/\/api.w.org\/{rel}","templated":true}]}}