{"id":4427,"date":"2025-04-27T02:23:54","date_gmt":"2025-04-27T02:23:54","guid":{"rendered":"https:\/\/bright-china.com\/?post_type=product&#038;p=4427"},"modified":"2026-01-05T00:53:20","modified_gmt":"2026-01-05T07:53:20","slug":"ats-jgq3-100","status":"publish","type":"product","link":"https:\/\/bright-china.com\/pt\/produto\/ats-jgq3-100\/","title":{"rendered":"Interruptor de transfer\u00eancia autom\u00e1tica\uff08ATS\uff09JGQ3-100"},"content":{"rendered":"<h2><strong>Introdu\u00e7\u00e3o<\/strong><\/h2>\n<hr \/>\n<p><img fetchpriority=\"high\" decoding=\"async\" class=\"wp-image-8744 size-medium alignleft\" src=\"https:\/\/bright-china.com\/wp-content\/uploads\/2025\/04\/Automatic-Transfer-Switch-JGQ3-100S-4-300x300.webp\" alt=\"Interruptor de transfer\u00eancia autom\u00e1tica-JGQ3-100S\" width=\"300\" height=\"300\" srcset=\"https:\/\/bright-china.com\/wp-content\/uploads\/2025\/04\/Automatic-Transfer-Switch-JGQ3-100S-4-300x300.webp 300w, https:\/\/bright-china.com\/wp-content\/uploads\/2025\/04\/Automatic-Transfer-Switch-JGQ3-100S-4-150x150.webp 150w, https:\/\/bright-china.com\/wp-content\/uploads\/2025\/04\/Automatic-Transfer-Switch-JGQ3-100S-4-768x768.webp 768w, https:\/\/bright-china.com\/wp-content\/uploads\/2025\/04\/Automatic-Transfer-Switch-JGQ3-100S-4-12x12.webp 12w, https:\/\/bright-china.com\/wp-content\/uploads\/2025\/04\/Automatic-Transfer-Switch-JGQ3-100S-4-600x600.webp 600w, https:\/\/bright-china.com\/wp-content\/uploads\/2025\/04\/Automatic-Transfer-Switch-JGQ3-100S-4-100x100.webp 100w, https:\/\/bright-china.com\/wp-content\/uploads\/2025\/04\/Automatic-Transfer-Switch-JGQ3-100S-4.webp 800w\" sizes=\"(max-width: 300px) 100vw, 300px\" \/><\/p>\n<p><a href=\"https:\/\/bright-china.com\/product\/ats-jgq3-100\/\">Comutador autom\u00e1tico de transfer\u00eancia - AATS<\/a> JGQ3-100 (<a href=\"https:\/\/bright-china.com\/en\/ats\/\" title=\"\u67e5\u770b\u66f4\u591a\u5173\u4e8eATS\u7684\u4fe1\u606f\" class=\"seo-keyword-link\" style=\"font-weight: bold; color: inherit; text-decoration: underline; border-bottom: 1px dotted #667eea;\">ATS<\/a>), \u00e9 um conjunto de interrutor e controlo l\u00f3gico num s\u00f3, sem a necessidade de um controlador externo, realiza verdadeiramente a integra\u00e7\u00e3o mec\u00e2nica e el\u00e9ctrica do interrutor de transfer\u00eancia autom\u00e1tica, \u00e9 adequado para AC 50Hz, tens\u00e3o nominal at\u00e9 440V, a corrente de aquecimento acordada de 100A no equipamento de distribui\u00e7\u00e3o de energia industrial e empresarial, com dete\u00e7\u00e3o de tens\u00e3o, dete\u00e7\u00e3o de tens\u00e3o, dete\u00e7\u00e3o de frequ\u00eancia, interface de comunica\u00e7\u00e3o, interbloqueio el\u00e9trico e mec\u00e2nico e outras fun\u00e7\u00f5es, pode alcan\u00e7ar totalmente autom\u00e1tico, controlo remoto, for\u00e7ado \u201c0\u201d, opera\u00e7\u00e3o manual de emerg\u00eancia, \u00e9 amplamente utilizado na convers\u00e3o autom\u00e1tica da corrente principal e do sistema de alimenta\u00e7\u00e3o em espera ou a convers\u00e3o autom\u00e1tica e isolamento de seguran\u00e7a de dois equipamentos de carga.<\/p>\n<p>O interrutor de transfer\u00eancia autom\u00e1tica de pot\u00eancia dupla-ATS \u00e9 gerido pela placa de circuito de controlo emitida por v\u00e1rios comandos l\u00f3gicos, e o motor acciona o mecanismo de funcionamento da parte principal do <a href=\"https:\/\/elejg.com\/\">interrutor<\/a>O sistema de seguran\u00e7a da rede el\u00e9ctrica, que liga rapidamente o circuito de interrup\u00e7\u00e3o ou converte o aparelho el\u00e9trico, permite o isolamento de seguran\u00e7a atrav\u00e9s de um estado vis\u00edvel \u00f3bvio.<\/p>\n<h2>Descri\u00e7\u00e3o da estrutura do comutador<\/h2>\n<hr \/>\n<p>1. Bot\u00e3o el\u00e9trico: controla a fonte de alimenta\u00e7\u00e3o da linha de controlo interno do interrutor de controlo e, quando o bot\u00e3o el\u00e9trico \u00e9 autom\u00e1tico, o interrutor pode ser totalmente autom\u00e1tico e operacional<br \/>\nControlar e for\u00e7ar o funcionamento \"0\", quando o bot\u00e3o el\u00e9trico \u00e9 manual, o interrutor s\u00f3 pode ser acionado manualmente.<br \/>\n2. Acionar o man\u00edpulo: Quando utilizar o man\u00edpulo de opera\u00e7\u00e3o para operar manualmente, o bot\u00e3o el\u00e9trico deve estar no estado manual.<br \/>\n3. Mecanismo de cadeado: especial para manuten\u00e7\u00e3o, ou seja, primeiro utilizar o man\u00edpulo de funcionamento para colocar o interrutor na posi\u00e7\u00e3o \"0\" e, em seguida, ligar o mecanismo de cadeado<br \/>\ncadeado, pode ser revisto (pegar no cadeado para cortar o poder de controlo interno do interrutor, o interrutor n\u00e3o pode ser autom\u00e1tico e n\u00e3o pode ser realizado \u00e0 m\u00e3o).<br \/>\nem movimento).<br \/>\n4. Indicador: indica a posi\u00e7\u00e3o do estado de funcionamento do interrutor (I, O, II)<\/p>\n<h2>Os principais par\u00e2metros t\u00e9cnicos<\/h2>\n<hr \/>\n<p>1. O interrutor est\u00e1 em conformidade com: IEC947-6-1, GB14048.11<br \/>\n2. Tens\u00e3o nominal de funcionamento (Ue): AC415V<br \/>\n3. Capacidade nominal de arranque (A Rms): 10Ie<br \/>\n4. Capacidade nominal de rutura (A rms): 8Ie<br \/>\n5. Corrente nominal de aquecimento: 100A<br \/>\n6. Tens\u00e3o nominal de isolamento: 750V<br \/>\n7. Tens\u00e3o nominal de resist\u00eancia ao impulso: 8kV<br \/>\n8. Corrente nominal de trabalho: 100A<br \/>\n9. Corrente nominal de curto-circuito: 7kA<br \/>\n10. Corrente limite nominal: 100kA<br \/>\n11. Tempo de convers\u00e3o: 1S<\/p>\n<h2>Como utilizar<\/h2>\n<hr \/>\n<p>1. Fun\u00e7\u00e3o totalmente autom\u00e1tica: quando a fonte de alimenta\u00e7\u00e3o normalmente utilizada \u00e9 desligada, o interrutor muda automaticamente para a fonte de alimenta\u00e7\u00e3o em espera; Quando a energia em espera \u00e9 restaurada ao normal,<br \/>\nO interrutor regressa automaticamente \u00e0 alimenta\u00e7\u00e3o de reserva.<br \/>\n2. Fun\u00e7\u00e3o \"0\" for\u00e7ada: Inicie o bot\u00e3o \"0\" for\u00e7ado e o interrutor cortar\u00e1 a fonte de alimenta\u00e7\u00e3o dupla.<br \/>\n3. Fun\u00e7\u00e3o de controlo remoto: ou seja, controlo remoto, premir o bot\u00e3o \"I\"; em seguida, a fonte de alimenta\u00e7\u00e3o \u00e9 normalmente utilizada; premir a posi\u00e7\u00e3o \"II<br \/>\nPrima o bot\u00e3o \"0\" para desligar a fonte de alimenta\u00e7\u00e3o dupla.<br \/>\n4. Selecione a fun\u00e7\u00e3o do interrutor de acordo com as suas necessidades e ligue-o de acordo com a fun\u00e7\u00e3o correspondente.<br \/>\n5. Aquando da encomenda, indicar o modelo do interrutor, a especifica\u00e7\u00e3o atual e a fun\u00e7\u00e3o pretendida.<\/p>","protected":false},"excerpt":{"rendered":"<p><a href=\"https:\/\/bright-china.com\/dc-circuit-breakers-2\/\">Interruptor de transfer\u00eancia autom\u00e1tica-ATS\u00a0<\/a> JGQ3-100\u00a0 (<a href=\"https:\/\/bright-china.com\/en\/ats\/\" title=\"\u67e5\u770b\u66f4\u591a\u5173\u4e8eATS\u7684\u4fe1\u606f\" class=\"seo-keyword-link\" style=\"font-weight: bold; color: inherit; text-decoration: underline; border-bottom: 1px dotted #667eea;\">ATS<\/a>), is a set of switch and logic control in one, without the need for an external controller, truly realize the mechanical and electrical integration of the automatic transfer switch, it is suitable for AC 50Hz, rated voltage to 440V, the agreed heating current of 100A in the industrial and enterprise power distribution equipment, with voltage detection,<\/p>","protected":false},"featured_media":8744,"template":"","meta":{"_acf_changed":false,"site-sidebar-layout":"default","site-content-layout":"","ast-site-content-layout":"default","site-content-style":"default","site-sidebar-style":"default","ast-global-header-display":"","ast-banner-title-visibility":"","ast-main-header-display":"","ast-hfb-above-header-display":"","ast-hfb-below-header-display":"","ast-hfb-mobile-header-display":"","site-post-title":"","ast-breadcrumbs-content":"","ast-featured-img":"","footer-sml-layout":"","theme-transparent-header-meta":"default","adv-header-id-meta":"","stick-header-meta":"default","header-above-stick-meta":"","header-main-stick-meta":"","header-below-stick-meta":"","astra-migrate-meta-layouts":"set","ast-page-background-enabled":"default","ast-page-background-meta":{"desktop":{"background-color":"","background-image":"","background-repeat":"repeat","background-position":"center center","background-size":"auto","background-attachment":"scroll","background-type":"","background-media":"","overlay-type":"","overlay-color":"","overlay-opacity":"","overlay-gradient":""},"tablet":{"background-color":"","background-image":"","background-repeat":"repeat","background-position":"center center","background-size":"auto","background-attachment":"scroll","background-type":"","background-media":"","overlay-type":"","overlay-color":"","overlay-opacity":"","overlay-gradient":""},"mobile":{"background-color":"","background-image":"","background-repeat":"repeat","background-position":"center center","background-size":"auto","background-attachment":"scroll","background-type":"","background-media":"","overlay-type":"","overlay-color":"","overlay-opacity":"","overlay-gradient":""}},"ast-content-background-meta":{"desktop":{"background-color":"var(--ast-global-color-5)","background-image":"","background-repeat":"repeat","background-position":"center center","background-size":"auto","background-attachment":"scroll","background-type":"","background-media":"","overlay-type":"","overlay-color":"","overlay-opacity":"","overlay-gradient":""},"tablet":{"background-color":"var(--ast-global-color-5)","background-image":"","background-repeat":"repeat","background-position":"center center","background-size":"auto","background-attachment":"scroll","background-type":"","background-media":"","overlay-type":"","overlay-color":"","overlay-opacity":"","overlay-gradient":""},"mobile":{"background-color":"var(--ast-global-color-5)","background-image":"","background-repeat":"repeat","background-position":"center center","background-size":"auto","background-attachment":"scroll","background-type":"","background-media":"","overlay-type":"","overlay-color":"","overlay-opacity":"","overlay-gradient":""}},"_seo_title":"Automatic transfer switch\uff08ATS\uff09JGQ3-100","_seo_keywords":"Automatic transfer switch-ATS\u00a0, Automatic transfer switching equipment, Automatic transfer switch of in china","_seo_description":"Automatic transfer switch-ATS\u00a0 JGQ3-100\u00a0 (ATS), is a set of switch and logic control in one, without the need for an external controller,"},"product_brand":[],"product_cat":[15,100],"product_tag":[101,102,103],"class_list":{"0":"post-4427","1":"product","2":"type-product","3":"status-publish","4":"has-post-thumbnail","6":"product_cat-product","7":"product_cat-ats","8":"product_tag-ats","9":"product_tag-automatic-transfer-switch","10":"product_tag-dual-power-automatic-transfer-switch","11":"desktop-align-center","12":"tablet-align-left","13":"mobile-align-left","14":"ast-product-gallery-layout-horizontal-slider","16":"first","17":"instock","18":"featured","19":"shipping-taxable","20":"purchasable","21":"product-type-simple"},"acf":[],"seo_title":"Automatic transfer switch\uff08ATS\uff09JGQ3-100","seo_keywords":"Automatic transfer switch-ATS\u00a0, Automatic transfer switching equipment, Automatic transfer switch of in china","seo_description":"Automatic transfer switch-ATS\u00a0 JGQ3-100\u00a0 (ATS), is a set of switch and logic control in one, without the need for an external controller,","seo_score":"85","product_seo_keywords":"","_links":{"self":[{"href":"https:\/\/bright-china.com\/pt\/wp-json\/wp\/v2\/product\/4427","targetHints":{"allow":["GET"]}}],"collection":[{"href":"https:\/\/bright-china.com\/pt\/wp-json\/wp\/v2\/product"}],"about":[{"href":"https:\/\/bright-china.com\/pt\/wp-json\/wp\/v2\/types\/product"}],"wp:featuredmedia":[{"embeddable":true,"href":"https:\/\/bright-china.com\/pt\/wp-json\/wp\/v2\/media\/8744"}],"wp:attachment":[{"href":"https:\/\/bright-china.com\/pt\/wp-json\/wp\/v2\/media?parent=4427"}],"wp:term":[{"taxonomy":"product_brand","embeddable":true,"href":"https:\/\/bright-china.com\/pt\/wp-json\/wp\/v2\/product_brand?post=4427"},{"taxonomy":"product_cat","embeddable":true,"href":"https:\/\/bright-china.com\/pt\/wp-json\/wp\/v2\/product_cat?post=4427"},{"taxonomy":"product_tag","embeddable":true,"href":"https:\/\/bright-china.com\/pt\/wp-json\/wp\/v2\/product_tag?post=4427"}],"curies":[{"name":"wp","href":"https:\/\/api.w.org\/{rel}","templated":true}]}}