{"id":4429,"date":"2025-04-27T02:23:54","date_gmt":"2025-04-27T02:23:54","guid":{"rendered":"https:\/\/bright-china.com\/?post_type=product&#038;p=4429"},"modified":"2026-01-04T03:41:32","modified_gmt":"2026-01-04T10:41:32","slug":"protetor-de-tensao-jggq-100s","status":"publish","type":"product","link":"https:\/\/bright-china.com\/pt\/produto\/protetor-de-tensao-jggq-100s\/","title":{"rendered":"Protetor de sobretens\u00e3o e subtens\u00e3o trif\u00e1sico de 4 fios auto-rearm\u00e1vel JGGQ-100S"},"content":{"rendered":"<h2><strong>Introdu\u00e7\u00e3o<\/strong><\/h2>\n<hr \/>\n<p><a style=\"font-size: 16px; background-color: #ffffff;\" href=\"https:\/\/bright-china.com\"><strong>Protetor de sobretens\u00e3o e subtens\u00e3o trif\u00e1sico de 4 fios auto-rearm\u00e1vel\u00a0 \u00a0<\/strong><\/a><span style=\"font-size: 16px;\">Quando a linha de alimenta\u00e7\u00e3o el\u00e9ctrica tem sobretens\u00e3o e subtens\u00e3o, o protetor pode cortar o circuito de forma r\u00e1pida e segura sob o impacto cont\u00ednuo de alta tens\u00e3o para evitar a ocorr\u00eancia de acidentes causados por tens\u00e3o anormal enviada para os aparelhos el\u00e9ctricos terminais e, quando a tens\u00e3o regressa aos valores normais, o protetor liga automaticamente o circuito dentro do tempo especificado para garantir o funcionamento normal dos aparelhos el\u00e9ctricos terminais na situa\u00e7\u00e3o de aus\u00eancia de vigil\u00e2ncia.<\/span><\/p>\n<h2><strong>Em segundo lugar, os principais par\u00e2metros t\u00e9cnicos<\/strong><\/h2>\n<hr \/>\n<p>1. Corrente nominal: 32A, 40A, 50A, 63A, 80A, 100A<\/p>\n<p>2. Tens\u00e3o de funcionamento: AC230V (modo de funcionamento da linha de fase para a linha neutra)<\/p>\n<p>3. Valor de prote\u00e7\u00e3o contra sobretens\u00e3o: AC270V \u00b15V<\/p>\n<p>4. Valor de prote\u00e7\u00e3o contra subtens\u00e3o: AC170V \u00b15V<\/p>\n<p>5. Tempo de reinicializa\u00e7\u00e3o ap\u00f3s falha: 40 segundos \u00b15 segundos<\/p>\n<p>6. Tempo de a\u00e7\u00e3o: 0,1 segundos<\/p>\n<p>7. Os produtos t\u00eam principalmente as fun\u00e7\u00f5es de prote\u00e7\u00e3o contra perdas de fase, falta de prote\u00e7\u00e3o de linha zero, <a href=\"https:\/\/elejg.com\/?product\/\">sobretens\u00e3o<\/a> prote\u00e7\u00e3o, prote\u00e7\u00e3o contra subtens\u00e3o, etc.<\/p>\n<h2><strong>A aplica\u00e7\u00e3o das normas<\/strong><\/h2>\n<hr \/>\n<p>JGJ242-2011 C\u00f3digo para o projeto el\u00e9trico de edif\u00edcios residenciais<\/p>\n<p>JGJ\/T16-2008<\/p>\n<p>GJBT-672 Atlas normalizado de projeto el\u00e9trico e constru\u00e7\u00e3o de edif\u00edcios residenciais<\/p>\n<p>GB\/T68895.10-2001<\/p>\n<p>Cumpre as normas de seguran\u00e7a para aparelhos el\u00e9ctricos de classe III<\/p>\n<p>JB\/T12762-2015 \u300a<strong>Protetor de sobretens\u00e3o\/subtens\u00e3o auto-repar\u00e1vel<\/strong>\uff08<strong>OUPA<\/strong>)\u300b<\/p>\n<h2><strong>As dimens\u00f5es globais<\/strong><\/h2>\n<hr \/>\n<p><img fetchpriority=\"high\" decoding=\"async\" class=\"alignnone size-full wp-image-8881\" src=\"https:\/\/bright-china.com\/wp-content\/uploads\/2025\/04\/3-phase-4-wire-self-resettable-over-and-undervoltage-protector-JGGQ-100S-5.webp\" alt=\"Protetor de sobretens\u00e3o e subtens\u00e3o trif\u00e1sico de 4 fios auto-rearm\u00e1vel JGGQ-100S-5\" width=\"1200\" height=\"519\" srcset=\"https:\/\/bright-china.com\/wp-content\/uploads\/2025\/04\/3-phase-4-wire-self-resettable-over-and-undervoltage-protector-JGGQ-100S-5.webp 1200w, https:\/\/bright-china.com\/wp-content\/uploads\/2025\/04\/3-phase-4-wire-self-resettable-over-and-undervoltage-protector-JGGQ-100S-5-300x130.webp 300w, https:\/\/bright-china.com\/wp-content\/uploads\/2025\/04\/3-phase-4-wire-self-resettable-over-and-undervoltage-protector-JGGQ-100S-5-1024x443.webp 1024w, https:\/\/bright-china.com\/wp-content\/uploads\/2025\/04\/3-phase-4-wire-self-resettable-over-and-undervoltage-protector-JGGQ-100S-5-768x332.webp 768w, https:\/\/bright-china.com\/wp-content\/uploads\/2025\/04\/3-phase-4-wire-self-resettable-over-and-undervoltage-protector-JGGQ-100S-5-18x8.webp 18w, https:\/\/bright-china.com\/wp-content\/uploads\/2025\/04\/3-phase-4-wire-self-resettable-over-and-undervoltage-protector-JGGQ-100S-5-600x260.webp 600w\" sizes=\"(max-width: 1200px) 100vw, 1200px\" \/><\/p>","protected":false},"excerpt":{"rendered":"<p><a href=\"https:\/\/bright-china.com\"><strong>Protetor de sobretens\u00e3o e subtens\u00e3o trif\u00e1sico de 4 fios auto-rearm\u00e1vel\u00a0 <\/strong><\/a>adopta o processador de micro-baixa pot\u00eancia de alta velocidade como n\u00facleo do circuito de controlo, o rel\u00e9 de bloqueio magn\u00e9tico como circuito principal e o design padr\u00e3o modularizado, quando a linha de alimenta\u00e7\u00e3o tem sobretens\u00e3o e subtens\u00e3o, o protetor pode cortar o circuito de forma r\u00e1pida e segura sob o impacto cont\u00ednuo de alta tens\u00e3o, de modo a evitar a ocorr\u00eancia de acidentes causados por tens\u00e3o anormal enviada para os aparelhos el\u00e9ctricos terminais, e quando a tens\u00e3o volta aos valores normais, o protetor liga automaticamente o circuito dentro do tempo especificado para garantir o funcionamento normal dos aparelhos el\u00e9ctricos terminais no caso de n\u00e3o ser assistido.<\/p>","protected":false},"featured_media":8783,"template":"","meta":{"_acf_changed":false,"site-sidebar-layout":"default","site-content-layout":"","ast-site-content-layout":"default","site-content-style":"default","site-sidebar-style":"default","ast-global-header-display":"","ast-banner-title-visibility":"","ast-main-header-display":"","ast-hfb-above-header-display":"","ast-hfb-below-header-display":"","ast-hfb-mobile-header-display":"","site-post-title":"","ast-breadcrumbs-content":"","ast-featured-img":"","footer-sml-layout":"","theme-transparent-header-meta":"default","adv-header-id-meta":"","stick-header-meta":"default","header-above-stick-meta":"","header-main-stick-meta":"","header-below-stick-meta":"","astra-migrate-meta-layouts":"set","ast-page-background-enabled":"default","ast-page-background-meta":{"desktop":{"background-color":"","background-image":"","background-repeat":"repeat","background-position":"center center","background-size":"auto","background-attachment":"scroll","background-type":"","background-media":"","overlay-type":"","overlay-color":"","overlay-opacity":"","overlay-gradient":""},"tablet":{"background-color":"","background-image":"","background-repeat":"repeat","background-position":"center center","background-size":"auto","background-attachment":"scroll","background-type":"","background-media":"","overlay-type":"","overlay-color":"","overlay-opacity":"","overlay-gradient":""},"mobile":{"background-color":"","background-image":"","background-repeat":"repeat","background-position":"center center","background-size":"auto","background-attachment":"scroll","background-type":"","background-media":"","overlay-type":"","overlay-color":"","overlay-opacity":"","overlay-gradient":""}},"ast-content-background-meta":{"desktop":{"background-color":"var(--ast-global-color-5)","background-image":"","background-repeat":"repeat","background-position":"center center","background-size":"auto","background-attachment":"scroll","background-type":"","background-media":"","overlay-type":"","overlay-color":"","overlay-opacity":"","overlay-gradient":""},"tablet":{"background-color":"var(--ast-global-color-5)","background-image":"","background-repeat":"repeat","background-position":"center center","background-size":"auto","background-attachment":"scroll","background-type":"","background-media":"","overlay-type":"","overlay-color":"","overlay-opacity":"","overlay-gradient":""},"mobile":{"background-color":"var(--ast-global-color-5)","background-image":"","background-repeat":"repeat","background-position":"center center","background-size":"auto","background-attachment":"scroll","background-type":"","background-media":"","overlay-type":"","overlay-color":"","overlay-opacity":"","overlay-gradient":""}},"_seo_title":"3 phase 4 wire self resettable over\/under voltage protector","_seo_keywords":"3 phase 4 wire self resettable over\/under voltage protector, 3 phase voltage protector, voltage protector setting","_seo_description":"3 phase 4 wire self resettable over and under voltage protector\u00a0 adopts high-speed micro-low-power processor as the core of the control circuit, magnetic latching relay as the main circuit, and..."},"product_brand":[],"product_cat":[15,65],"product_tag":[112,113,93],"class_list":{"0":"post-4429","1":"product","2":"type-product","3":"status-publish","4":"has-post-thumbnail","6":"product_cat-product","7":"product_cat-current-and-voltage-protector","8":"product_tag-over-undervoltage-protector","9":"product_tag-three-phase-four-wire-self-resettable-over-undervoltage-protector","10":"product_tag-voltage-protector","11":"desktop-align-center","12":"tablet-align-left","13":"mobile-align-left","14":"ast-product-gallery-layout-horizontal-slider","16":"first","17":"instock","18":"featured","19":"shipping-taxable","20":"product-type-simple"},"acf":[],"seo_title":"3 phase 4 wire self resettable over\/under voltage protector","seo_keywords":"3 phase 4 wire self resettable over\/under voltage protector, 3 phase voltage protector, voltage protector setting","seo_description":"3 phase 4 wire self resettable over and under voltage protector\u00a0 adopts high-speed micro-low-power processor as the core of the control circuit, magnetic latching relay as the main circuit, and...","seo_score":"75","product_seo_keywords":"","_links":{"self":[{"href":"https:\/\/bright-china.com\/pt\/wp-json\/wp\/v2\/product\/4429","targetHints":{"allow":["GET"]}}],"collection":[{"href":"https:\/\/bright-china.com\/pt\/wp-json\/wp\/v2\/product"}],"about":[{"href":"https:\/\/bright-china.com\/pt\/wp-json\/wp\/v2\/types\/product"}],"wp:featuredmedia":[{"embeddable":true,"href":"https:\/\/bright-china.com\/pt\/wp-json\/wp\/v2\/media\/8783"}],"wp:attachment":[{"href":"https:\/\/bright-china.com\/pt\/wp-json\/wp\/v2\/media?parent=4429"}],"wp:term":[{"taxonomy":"product_brand","embeddable":true,"href":"https:\/\/bright-china.com\/pt\/wp-json\/wp\/v2\/product_brand?post=4429"},{"taxonomy":"product_cat","embeddable":true,"href":"https:\/\/bright-china.com\/pt\/wp-json\/wp\/v2\/product_cat?post=4429"},{"taxonomy":"product_tag","embeddable":true,"href":"https:\/\/bright-china.com\/pt\/wp-json\/wp\/v2\/product_tag?post=4429"}],"curies":[{"name":"wp","href":"https:\/\/api.w.org\/{rel}","templated":true}]}}