{"id":4431,"date":"2025-04-27T02:23:54","date_gmt":"2025-04-27T02:23:54","guid":{"rendered":"https:\/\/bright-china.com\/?post_type=product&#038;p=4431"},"modified":"2026-01-05T06:07:59","modified_gmt":"2026-01-05T13:07:59","slug":"protetor-de-tensao-jgxl-63s","status":"publish","type":"product","link":"https:\/\/bright-china.com\/pt\/produto\/protetor-de-tensao-jgxl-63s\/","title":{"rendered":"Protetor de corrente e tens\u00e3o trif\u00e1sico de quatro fios JGXL-63S-3P+N"},"content":{"rendered":"<h2><strong>Breve introdu\u00e7\u00e3o<\/strong><\/h2>\n<hr \/>\n<p><a style=\"font-size: 16px; background-color: #ffffff;\" href=\"https:\/\/bright-china.com\/\">\u00a0 Protetor de corrente e tens\u00e3o trif\u00e1sico a quatro fios<\/a><span style=\"font-size: 16px;\">\u00a0 O JGXL-63S \u00e9 utilizado principalmente para AC 50Hz (60Hz), tens\u00e3o nominal de trabalho 220\/380V, corrente nominal principal de 2A a 63A, corrente de trabalho ajust\u00e1vel do controlador inteligente de 2A a 63A, pot\u00eancia de controlo de .5KW a 20KW no sistema de energia ligado, transportando e quebrando a corrente ou tens\u00e3o em condi\u00e7\u00f5es normais (incluindo as condi\u00e7\u00f5es de sobrecarga especificadas), e tamb\u00e9m pode ser ligado, transportado e transportado durante um certo tempo e sob as condi\u00e7\u00f5es anormais especificadas (como curto-circuito). , <\/span><a style=\"font-size: 16px; background-color: #ffffff;\" href=\"https:\/\/elejg.com\/\">subtens\u00e3o<\/a><span style=\"font-size: 16px;\">, etc.).<\/span><\/p>\n<p>O protetor de sobretens\u00e3o e subtens\u00e3o trif\u00e1sico de quatro fios que limita a corrente adopta um tipo de estrutura de produto modular, que tem as vantagens de tamanho pequeno, alta fiabilidade e opera\u00e7\u00e3o conveniente. As principais fun\u00e7\u00f5es do produto s\u00e3o: sobretens\u00e3o, subtens\u00e3o, falha de fase, linha zero e linha zero, sobrecorrente, curto-circuito instant\u00e2neo, desequil\u00edbrio trif\u00e1sico, subcorrente, sequ\u00eancia de fases, comunica\u00e7\u00e3o RS485, reinicializa\u00e7\u00e3o de f\u00e1brica com uma tecla e outras fun\u00e7\u00f5es, que s\u00e3o amplamente utilizadas em: telecomunica\u00e7\u00f5es, metalurgia, minas de carv\u00e3o, a\u00e7o, petroqu\u00edmica, portos, navios, caminhos-de-ferro, hospitais, edif\u00edcios inteligentes e outros campos de distribui\u00e7\u00e3o de energia e sistemas de controlo de prote\u00e7\u00e3o do motor.<\/p>\n<h2><span data-slate-fragment=\"JTVCJTdCJTIydHlwZSUyMiUzQSUyMnBhcmFncmFwaCUyMiUyQyUyMmNoaWxkcmVuJTIyJTNBJTVCJTdCJTIyaWQlMjIlM0ElMjJCNEE1Z2tKUjdlJTIyJTJDJTIycGFyYUlkeCUyMiUzQTAlMkMlMjJzcmMlMjIlM0ElMjIzcGhhc2UlMjA0d2lyZSUyMGN1cnJlbnQlMjBhbmQlMjB2b2x0YWdlJTIwcHJvdGVjdG9yJTIwaXMlMjBNYWluJTIwdGVjaG5pY2FsJTIwcGFyYW1ldGVycyUyMiUyQyUyMmRzdCUyMiUzQSUyMiVFNCVCOCU4OSVFNyU5QiVCOCVFNSU5QiU5QiVFNyVCQSVCRiVFNyU5NCVCNSVFNiVCNSU4MSVFNyU5NCVCNSVFNSU4RSU4QiVFNCVCRiU5RCVFNiU4QSVBNCVFNSU5OSVBOCVFNCVCOCVCQiVFOCVBNiU4MSVFNiU4QSU4MCVFNiU5QyVBRiVFNSU4RiU4MiVFNiU5NSVCMCUyMiUyQyUyMm1ldGFkYXRhJTIyJTNBJTIyJTIyJTJDJTIybWF0Y2hlcyUyMiUzQW51bGwlMkMlMjJtZXRhRGF0YSUyMiUzQSU1QiU1RCUyQyUyMnRleHQlMjIlM0ElMjIzcGhhc2UlMjA0d2lyZSUyMGN1cnJlbnQlMjBhbmQlMjB2b2x0YWdlJTIwcHJvdGVjdG9yJTIwaXMlMjBNYWluJTIwdGVjaG5pY2FsJTIwcGFyYW1ldGVycyUyMiU3RCU1RCU3RCU1RA==\">O protetor de corrente e tens\u00e3o trif\u00e1sico de quatro fios \u00e9 Par\u00e2metros t\u00e9cnicos principais<\/span><\/h2>\n<hr \/>\n<table style=\"border-color: #969696; width: 100%; height: 264px;\" width=\"100%\">\n<tbody>\n<tr style=\"height: 52px;\">\n<td style=\"background-color: #060a30; width: 54.236%; height: 52px;\" width=\"212\"><span style=\"color: #ffffff;\">Tipo<\/span><\/td>\n<td style=\"background-color: #060a30; width: 45.6884%; height: 52px;\" width=\"119\"><span style=\"color: #ffffff;\">JGXL-63S\/3P+N<\/span><\/td>\n<\/tr>\n<tr style=\"height: 53px;\">\n<td style=\"width: 54.236%; height: 53px;\">Especifica\u00e7\u00f5es actuais<\/td>\n<td style=\"width: 45.6884%; height: 53px;\">63A(1~63A)<\/td>\n<\/tr>\n<tr style=\"height: 53px;\">\n<td style=\"width: 54.236%; background-color: #dedede; height: 53px;\">Intervalo de regula\u00e7\u00e3o da sobretens\u00e3o<\/td>\n<td style=\"width: 45.6884%; background-color: #dedede; height: 53px;\">AC270V(210~300V)<\/td>\n<\/tr>\n<tr style=\"height: 53px;\">\n<td style=\"width: 54.236%; height: 53px;\">Gama de regula\u00e7\u00e3o da subtens\u00e3o<\/td>\n<td style=\"width: 45.6884%; height: 53px;\">AC170V(80~200V)<\/td>\n<\/tr>\n<tr style=\"height: 53px;\">\n<td style=\"width: 54.236%; background-color: #dedede; height: 53px;\">Tens\u00e3o de funcionamento<\/td>\n<td style=\"width: 45.6884%; background-color: #dedede; height: 53px;\">AC230V\/400V<\/td>\n<\/tr>\n<\/tbody>\n<\/table>\n<p>1. Gama de dete\u00e7\u00e3o de tens\u00e3o: AC80~450V, n\u00edvel de precis\u00e3o: 1.0.<\/p>\n<p>2. Gama de dete\u00e7\u00e3o de corrente: 1~63A, n\u00edvel de precis\u00e3o: 1.0.<\/p>\n<p>3. O consumo de energia do pr\u00f3prio produto: \u22642W.<\/p>\n<p>4. Corrente de curto-circuito suport\u00e1vel: 2000A.<\/p>\n<p>5. A vida mec\u00e2nica \u2265 100.000 vezes e a vida el\u00e9ctrica \u00e9 de 5.000 vezes.<\/p>\n<p>6. M\u00e9todo de cablagem do produto: para baixo e para baixo na sa\u00edda da linha, para cima e para fora da linha. O m\u00e9todo de cablagem predefinido \u00e9 a linha inferior e a linha de sa\u00edda.<\/p>\n<p>7. A capacidade de cablagem \u00e9 de 16 metros quadrados.<\/p>\n<p>8. Para obter detalhes sobre o protocolo de comunica\u00e7\u00e3o RS485, consulte o \"Manual de comunica\u00e7\u00e3o RS485 V2.0 para Power <a href=\"https:\/\/bright-china.com\/automatic-reconnection-energy-metering-protector-of-test-jgdl-63\/\" target=\"_blank\" rel=\"noopener\" ___protected_content_1___>Contadores e protectores\"<\/a>.<\/p>\n<h2><span data-slate-fragment=\"JTVCJTdCJTIydHlwZSUyMiUzQSUyMnBhcmFncmFwaCUyMiUyQyUyMmNoaWxkcmVuJTIyJTNBJTVCJTdCJTIyaWQlMjIlM0ElMjJCNEE1Z2tKUjdlJTIyJTJDJTIycGFyYUlkeCUyMiUzQTAlMkMlMjJzcmMlMjIlM0ElMjIzcGhhc2UlMjA0d2lyZSUyMGN1cnJlbnQlMjBhbmQlMjB2b2x0YWdlJTIwcHJvdGVjdG9yJTIwaXMlMjBNYWluJTIwdGVjaG5pY2FsJTIwcGFyYW1ldGVycyUyMiUyQyUyMmRzdCUyMiUzQSUyMiVFNCVCOCU4OSVFNyU5QiVCOCVFNSU5QiU5QiVFNyVCQSVCRiVFNyU5NCVCNSVFNiVCNSU4MSVFNyU5NCVCNSVFNSU4RSU4QiVFNCVCRiU5RCVFNiU4QSVBNCVFNSU5OSVBOCVFNCVCOCVCQiVFOCVBNiU4MSVFNiU4QSU4MCVFNiU5QyVBRiVFNSU4RiU4MiVFNiU5NSVCMCUyMiUyQyUyMm1ldGFkYXRhJTIyJTNBJTIyJTIyJTJDJTIybWF0Y2hlcyUyMiUzQW51bGwlMkMlMjJtZXRhRGF0YSUyMiUzQSU1QiU1RCUyQyUyMnRleHQlMjIlM0ElMjIzcGhhc2UlMjA0d2lyZSUyMGN1cnJlbnQlMjBhbmQlMjB2b2x0YWdlJTIwcHJvdGVjdG9yJTIwaXMlMjBNYWluJTIwdGVjaG5pY2FsJTIwcGFyYW1ldGVycyUyMiU3RCU1RCU3RCU1RA==\">Protetor de corrente e tens\u00e3o trif\u00e1sico de quatro fios de <\/span>tamanho<\/h2>\n<hr \/>\n<h1><\/h1>\n<p><strong><img fetchpriority=\"high\" decoding=\"async\" class=\"alignnone wp-image-5612 size-full\" src=\"https:\/\/bright-china.com\/wp-content\/uploads\/2025\/04\/\u5916\u578b\u5c3a\u5bf8-2.jpg\" alt=\"Dimens\u00f5es externas do protetor de corrente e tens\u00e3o trif\u00e1sico de 4 fios JGXL-63S\" width=\"777\" height=\"419\" srcset=\"https:\/\/bright-china.com\/wp-content\/uploads\/2025\/04\/\u5916\u578b\u5c3a\u5bf8-2.jpg 777w, https:\/\/bright-china.com\/wp-content\/uploads\/2025\/04\/\u5916\u578b\u5c3a\u5bf8-2-300x162.jpg 300w, https:\/\/bright-china.com\/wp-content\/uploads\/2025\/04\/\u5916\u578b\u5c3a\u5bf8-2-768x414.jpg 768w, https:\/\/bright-china.com\/wp-content\/uploads\/2025\/04\/\u5916\u578b\u5c3a\u5bf8-2-18x10.jpg 18w, https:\/\/bright-china.com\/wp-content\/uploads\/2025\/04\/\u5916\u578b\u5c3a\u5bf8-2-600x324.jpg 600w\" sizes=\"(max-width: 777px) 100vw, 777px\" \/><\/strong><\/p>\n<p>&nbsp;<\/p>\n<p>&nbsp;<\/p>\n<h2><strong>Informa\u00e7\u00f5es sobre o pacote padr\u00e3o<\/strong><\/h2>\n<hr \/>\n<p><img decoding=\"async\" class=\"alignnone wp-image-8832 size-medium lazyload\" data-src=\"https:\/\/bright-china.com\/wp-content\/uploads\/2025\/04\/Packaging-box-for-protector--300x300.webp\" alt=\"Caixa de embalagem para o protetor\" width=\"300\" height=\"300\" data-srcset=\"https:\/\/bright-china.com\/wp-content\/uploads\/2025\/04\/Packaging-box-for-protector--300x300.webp 300w, https:\/\/bright-china.com\/wp-content\/uploads\/2025\/04\/Packaging-box-for-protector--150x150.webp 150w, https:\/\/bright-china.com\/wp-content\/uploads\/2025\/04\/Packaging-box-for-protector--12x12.webp 12w, https:\/\/bright-china.com\/wp-content\/uploads\/2025\/04\/Packaging-box-for-protector--600x600.webp 600w, https:\/\/bright-china.com\/wp-content\/uploads\/2025\/04\/Packaging-box-for-protector--100x100.webp 100w, https:\/\/bright-china.com\/wp-content\/uploads\/2025\/04\/Packaging-box-for-protector-.webp 750w\" data-sizes=\"(max-width: 300px) 100vw, 300px\" src=\"data:image\/svg+xml;base64,PHN2ZyB3aWR0aD0iMSIgaGVpZ2h0PSIxIiB4bWxucz0iaHR0cDovL3d3dy53My5vcmcvMjAwMC9zdmciPjwvc3ZnPg==\" style=\"--smush-placeholder-width: 300px; --smush-placeholder-aspect-ratio: 300\/300;\" \/><\/p>\n<div style=\"overflow-x: auto;\">\n<table>\n<tbody>\n<tr>\n<th style=\"background-color: #060a30;\"><span style=\"color: #ffffff;\">Dimens\u00e3o da caixa de cart\u00e3o (cm)<\/span><\/th>\n<th style=\"background-color: #060a30;\"><span style=\"color: #ffffff;\">Lista de embalagem<\/span><\/th>\n<th style=\"background-color: #060a30;\"><span style=\"color: #ffffff;\">QUANTIDADE<\/span><\/th>\n<th style=\"background-color: #060a30;\"><span style=\"color: #ffffff;\">Peso bruto (kg)<\/span><\/th>\n<\/tr>\n<tr>\n<td style=\"text-align: center;\">45,5 cm \u00d7 23,5 cm \u00d7 31,5 cm<\/td>\n<td style=\"text-align: center;\">\u00a0protetor<\/td>\n<td style=\"text-align: center;\">60 unidades<\/td>\n<td style=\"text-align: center;\">20 kg<\/td>\n<\/tr>\n<\/tbody>\n<\/table>\n<\/div>\n<p><a href=\"https:\/\/elejg.com\/\">Protetor de corrente e tens\u00e3o trif\u00e1sico a 4 fios<\/a>Protetor de corrente e tens\u00e3o trif\u00e1sico a quatro fios <span data-slate-fragment=\"JTVCJTdCJTIydHlwZSUyMiUzQSUyMnBhcmFncmFwaCUyMiUyQyUyMmNoaWxkcmVuJTIyJTNBJTVCJTdCJTIyaWQlMjIlM0ElMjJWMFFZMGs0cjJ6JTIyJTJDJTIycGFyYUlkeCUyMiUzQTAlMkMlMjJzcmMlMjIlM0ElMjJUaHJlZS1QaGFzZSUyMEZvdXItV2lyZSUyMFNlbGYtQ29tcG91bmQlMjBPdmVyLVVuZGVyLVZvbHRhZ2UlMjBDdXJyZW50JTIwTGltaXRpbmclMjBQcm90ZWN0b3IlMjA2M0ElMjBQaGFzZSUyMFNlcXVlbmNlJTIwTWlzc2luZyUyMFBoYXNlJTIwTWlzc2luZyUyMFplcm8lMjBvZmYlMjBQcm90ZWN0aW9uJTIwU3dpdGNoJTIyJTJDJTIyZHN0JTIyJTNBJTIyJUU0JUI4JTg5JUU3JTlCJUI4JUU1JTlCJTlCJUU3JUJBJUJGJUU4JTg3JUFBJUU1JUE0JThEJUU1JTkwJTg4JUU4JUJGJTg3JUU2JUFDJUEwJUU1JThFJThCJUU5JTk5JTkwJUU2JUI1JTgxJUU0JUJGJTlEJUU2JThBJUE0JUU1JTk5JUE4NjNBJUU3JTlCJUI4JUU1JUJBJThGJUU3JUJDJUJBJUU3JTlCJUI4JUU1JUE0JUIxJUU5JTlCJUI2JUU0JUJGJTlEJUU2JThBJUE0JUU1JUJDJTgwJUU1JTg1JUIzJTIyJTJDJTIybWV0YWRhdGElMjIlM0ElMjIlMjIlMkMlMjJtYXRjaGVzJTIyJTNBbnVsbCUyQyUyMm1ldGFEYXRhJTIyJTNBJTVCJTVEJTJDJTIydGV4dCUyMiUzQSUyMlRocmVlLVBoYXNlJTIwRm91ci1XaXJlJTIwU2VsZi1Db21wb3VuZCUyME92ZXItVW5kZXItVm9sdGFnZSUyMEN1cnJlbnQlMjBMaW1pdGluZyUyMFByb3RlY3RvciUyMDYzQSUyMFBoYXNlJTIwU2VxdWVuY2UlMjBNaXNzaW5nJTIwUGhhc2UlMjBNaXNzaW5nJTIwWmVybyUyMG9mZiUyMFByb3RlY3Rpb24lMjBTd2l0Y2glMjIlN0QlNUQlN0QlNUQ=\">63A Sequ\u00eancia de fases em falta Fase em falta Zero desligado Interruptor de prote\u00e7\u00e3o<a href=\"https:\/\/bright-china.com\/product\/current-limiting-fire-alarm-protector\/\">Protetor de corrente e tens\u00e3o trif\u00e1sico a 4 fios JGXL-63S-3P+N<\/a>,<\/span>Protetor de sobre\/subtens\u00e3o trif\u00e1sico de quatro fios, protetor limitador de corrente trif\u00e1sico de quatro fios, protetor de sequ\u00eancia de fase, protetor de perda de fase, falta de protetor zero, protetor limitador de corrente Falta de fase, sequ\u00eancia de fase zero, curto-circuito de sobrecarga, desequil\u00edbrio trif\u00e1sico, subcorrente, protetor de sobretens\u00e3o e subtens\u00e3o limitador de corrente trif\u00e1sico de quatro fios.<\/p>\n<div id=\"product_tag\" class=\"tagsdiv\">\n<p><a href=\"https:\/\/bright-china.com\/digital-display-current-and-voltage-protector\/\">Protetor de corrente e tens\u00e3o ajust\u00e1vel com ecr\u00e3 digital<\/a><\/p>\n<\/div>","protected":false},"excerpt":{"rendered":"<p>O protetor de corrente e tens\u00e3o trif\u00e1sico de quatro fios \u00e9 utilizado principalmente em sistemas de energia com AC 50Hz (60Hz), tens\u00e3o nominal de trabalho 220\/380V, corrente nominal do corpo principal entre 2A e 63A, corrente de trabalho ajust\u00e1vel do controlador inteligente entre 2A e 63A e pot\u00eancia de controlo entre 5KW e 20KW para ligar, transportar e desligar a corrente ou a tens\u00e3o em condi\u00e7\u00f5es normais (incluindo condi\u00e7\u00f5es de sobrecarga especificadas) e tamb\u00e9m pode ser ligado. 5KW a 20KW para ligar, transportar e desligar a corrente ou a tens\u00e3o em condi\u00e7\u00f5es normais (incluindo condi\u00e7\u00f5es de sobrecarga especificadas), e pode tamb\u00e9m ser ligado Transportando a corrente ou a tens\u00e3o em condi\u00e7\u00f5es anormais (tais como curto-circuito, subtens\u00e3o, etc.) durante um determinado per\u00edodo de tempo e infringindo os regulamentos.<\/p>","protected":false},"featured_media":8726,"template":"","meta":{"_acf_changed":false,"site-sidebar-layout":"default","site-content-layout":"","ast-site-content-layout":"default","site-content-style":"default","site-sidebar-style":"default","ast-global-header-display":"","ast-banner-title-visibility":"","ast-main-header-display":"","ast-hfb-above-header-display":"","ast-hfb-below-header-display":"","ast-hfb-mobile-header-display":"","site-post-title":"","ast-breadcrumbs-content":"","ast-featured-img":"","footer-sml-layout":"","theme-transparent-header-meta":"default","adv-header-id-meta":"","stick-header-meta":"default","header-above-stick-meta":"","header-main-stick-meta":"","header-below-stick-meta":"","astra-migrate-meta-layouts":"set","ast-page-background-enabled":"default","ast-page-background-meta":{"desktop":{"background-color":"","background-image":"","background-repeat":"repeat","background-position":"center center","background-size":"auto","background-attachment":"scroll","background-type":"","background-media":"","overlay-type":"","overlay-color":"","overlay-opacity":"","overlay-gradient":""},"tablet":{"background-color":"","background-image":"","background-repeat":"repeat","background-position":"center center","background-size":"auto","background-attachment":"scroll","background-type":"","background-media":"","overlay-type":"","overlay-color":"","overlay-opacity":"","overlay-gradient":""},"mobile":{"background-color":"","background-image":"","background-repeat":"repeat","background-position":"center center","background-size":"auto","background-attachment":"scroll","background-type":"","background-media":"","overlay-type":"","overlay-color":"","overlay-opacity":"","overlay-gradient":""}},"ast-content-background-meta":{"desktop":{"background-color":"var(--ast-global-color-5)","background-image":"","background-repeat":"repeat","background-position":"center center","background-size":"auto","background-attachment":"scroll","background-type":"","background-media":"","overlay-type":"","overlay-color":"","overlay-opacity":"","overlay-gradient":""},"tablet":{"background-color":"var(--ast-global-color-5)","background-image":"","background-repeat":"repeat","background-position":"center center","background-size":"auto","background-attachment":"scroll","background-type":"","background-media":"","overlay-type":"","overlay-color":"","overlay-opacity":"","overlay-gradient":""},"mobile":{"background-color":"var(--ast-global-color-5)","background-image":"","background-repeat":"repeat","background-position":"center center","background-size":"auto","background-attachment":"scroll","background-type":"","background-media":"","overlay-type":"","overlay-color":"","overlay-opacity":"","overlay-gradient":""}},"_seo_title":"Three phase Four wire current and voltage protector","_seo_keywords":"Adjustable over and under voltage protector, Digital Voltage Protector, 3 phase voltage protector","_seo_description":"The Three phase Four wire current and voltage protector\u00a0is mainly used in power systems with AC 50Hz (60Hz), rated working voltage 220\/380V,"},"product_brand":[],"product_cat":[15,65,63,69,64,57],"product_tag":[94,91,137,95,93],"class_list":{"0":"post-4431","1":"product","2":"type-product","3":"status-publish","4":"has-post-thumbnail","6":"product_cat-product","7":"product_cat-current-and-voltage-protector","8":"product_cat-motor-protector","9":"product_cat-voltmeter-ammeter","10":"product_cat-smart-meter","11":"product_cat-smart-protector","12":"product_tag-3phase-4-wire-current-and-voltage-protector","13":"product_tag-adjustable-over-under-voltage-protector","14":"product_tag-digital-display-adjustable-current-and-voltage-protector","15":"product_tag-three-phase-four-wire-current-and-voltage-protector","16":"product_tag-voltage-protector","17":"desktop-align-center","18":"tablet-align-left","19":"mobile-align-left","20":"ast-product-gallery-layout-horizontal-slider","22":"first","23":"instock","24":"featured","25":"shipping-taxable","26":"product-type-simple"},"acf":[],"seo_title":"Three phase Four wire current and voltage protector","seo_keywords":"Adjustable over and under voltage protector, Digital Voltage Protector, 3 phase voltage protector","seo_description":"The Three phase Four wire current and voltage protector\u00a0is mainly used in power systems with AC 50Hz (60Hz), rated working voltage 220\/380V,","seo_score":"85","product_seo_keywords":"","_links":{"self":[{"href":"https:\/\/bright-china.com\/pt\/wp-json\/wp\/v2\/product\/4431","targetHints":{"allow":["GET"]}}],"collection":[{"href":"https:\/\/bright-china.com\/pt\/wp-json\/wp\/v2\/product"}],"about":[{"href":"https:\/\/bright-china.com\/pt\/wp-json\/wp\/v2\/types\/product"}],"wp:featuredmedia":[{"embeddable":true,"href":"https:\/\/bright-china.com\/pt\/wp-json\/wp\/v2\/media\/8726"}],"wp:attachment":[{"href":"https:\/\/bright-china.com\/pt\/wp-json\/wp\/v2\/media?parent=4431"}],"wp:term":[{"taxonomy":"product_brand","embeddable":true,"href":"https:\/\/bright-china.com\/pt\/wp-json\/wp\/v2\/product_brand?post=4431"},{"taxonomy":"product_cat","embeddable":true,"href":"https:\/\/bright-china.com\/pt\/wp-json\/wp\/v2\/product_cat?post=4431"},{"taxonomy":"product_tag","embeddable":true,"href":"https:\/\/bright-china.com\/pt\/wp-json\/wp\/v2\/product_tag?post=4431"}],"curies":[{"name":"wp","href":"https:\/\/api.w.org\/{rel}","templated":true}]}}