{"id":4432,"date":"2025-04-27T02:23:54","date_gmt":"2025-04-27T02:23:54","guid":{"rendered":"https:\/\/bright-china.com\/?post_type=product&#038;p=4432"},"modified":"2026-03-10T23:31:35","modified_gmt":"2026-03-11T06:31:35","slug":"protetor-fhxl-63","status":"publish","type":"product","link":"https:\/\/bright-china.com\/pt\/produto\/protetor-fhxl-63\/","title":{"rendered":"Protetor de alarme de inc\u00eandio com limita\u00e7\u00e3o de corrente FHXL-63"},"content":{"rendered":"<h2><strong>\u00a0Introdu\u00e7\u00e3o<\/strong><\/h2>\n<hr \/>\n<p><img fetchpriority=\"high\" decoding=\"async\" class=\"alignleft wp-image-8662 size-medium\" src=\"https:\/\/bright-china.com\/wp-content\/uploads\/2025\/04\/Current-Limiting-Fire-Alarm-Protector-FHXL-63-1-300x300.webp\" alt=\"protetor de alarme de inc\u00eandio limitador de corrente\" width=\"300\" height=\"300\" srcset=\"https:\/\/bright-china.com\/wp-content\/uploads\/2025\/04\/Current-Limiting-Fire-Alarm-Protector-FHXL-63-1-300x300.webp 300w, https:\/\/bright-china.com\/wp-content\/uploads\/2025\/04\/Current-Limiting-Fire-Alarm-Protector-FHXL-63-1-150x150.webp 150w, https:\/\/bright-china.com\/wp-content\/uploads\/2025\/04\/Current-Limiting-Fire-Alarm-Protector-FHXL-63-1-768x768.webp 768w, https:\/\/bright-china.com\/wp-content\/uploads\/2025\/04\/Current-Limiting-Fire-Alarm-Protector-FHXL-63-1-12x12.webp 12w, https:\/\/bright-china.com\/wp-content\/uploads\/2025\/04\/Current-Limiting-Fire-Alarm-Protector-FHXL-63-1-600x600.webp 600w, https:\/\/bright-china.com\/wp-content\/uploads\/2025\/04\/Current-Limiting-Fire-Alarm-Protector-FHXL-63-1-100x100.webp 100w, https:\/\/bright-china.com\/wp-content\/uploads\/2025\/04\/Current-Limiting-Fire-Alarm-Protector-FHXL-63-1.webp 800w\" sizes=\"(max-width: 300px) 100vw, 300px\" \/><\/p>\n<p>A s\u00e9rie FHXL-63 \u00e9 a <a href=\"https:\/\/bright-china.com\/product-category\/product\/protector\/fireproof-current-limiting-protector\/\">protetor de alarme de inc\u00eandio limitador de corrente<\/a>\uff08<span data-slate-fragment=\"JTVCJTdCJTIydHlwZSUyMiUzQSUyMnBhcmFncmFwaCUyMiUyQyUyMmNoaWxkcmVuJTIyJTNBJTVCJTdCJTIyaWQlMjIlM0ElMjJWa0RLV2puUFd6JTIyJTJDJTIycGFyYUlkeCUyMiUzQTAlMkMlMjJzcmMlMjIlM0ElMjJjdXJyZW50JTIwbGltaXRpbmclMjBwcm90ZWN0b3IlMjIlMkMlMjJkc3QlMjIlM0ElMjIlRTklOTklOTAlRTYlQjUlODElRTQlQkYlOUQlRTYlOEElQTQlRTUlOTklQTglMjIlMkMlMjJtZXRhZGF0YSUyMiUzQSUyMiUyMiUyQyUyMm1hdGNoZXMlMjIlM0FudWxsJTJDJTIybWV0YURhdGElMjIlM0ElNUIlNUQlMkMlMjJ0ZXh0JTIyJTNBJTIyY3VycmVudCUyMGxpbWl0aW5nJTIwcHJvdGVjdG9yJTIyJTdEJTVEJTdEJTVE\">protetor limitador de corrente\uff09<\/span>e \u00e9 um protetor abrangente com m\u00faltiplas fun\u00e7\u00f5es de prote\u00e7\u00e3o para sobretens\u00e3o, subtens\u00e3o, sobrecorrente, fuga, temperatura e dete\u00e7\u00e3o de fumo. O produto tem as vantagens de modulariza\u00e7\u00e3o, intelig\u00eancia, visualiza\u00e7\u00e3o e assim por diante. Ao mesmo tempo, suporta a comunica\u00e7\u00e3o padr\u00e3o Modbus485<\/p>\n<p>Protocolo. Todos os par\u00e2metros de prote\u00e7\u00e3o, como a prote\u00e7\u00e3o contra sobretens\u00e3o, subtens\u00e3o e sobrecorrente, podem ser definidos de acordo com a necessidade de energia, de modo a garantir que o protetor possa cortar instantaneamente a alimenta\u00e7\u00e3o quando<a href=\"https:\/\/elejg.com\/\"> sobretens\u00e3o<\/a>A linha pode ser protegida contra danos, subtens\u00e3o, sobrecorrente e outras falhas, e o equipamento el\u00e9trico pode ser protegido contra danos.<\/p>\n<p>O produto tem uma estrutura compacta, uma apar\u00eancia bonita, e existe uma calha de guia padr\u00e3o para a instala\u00e7\u00e3o.<\/p>\n<h2><strong>Condi\u00e7\u00f5es de trabalho e par\u00e2metros de prote\u00e7\u00e3o da corrente<\/strong><\/h2>\n<hr \/>\n<table style=\"border-collapse: collapse; width: 100%; border-color: #ababab;\" border=\"0\" width=\"100%\" cellspacing=\"0\" cellpadding=\"0\">\n<tbody>\n<tr style=\"height: 13.50pt;\">\n<td class=\"et2\" style=\"height: 13px; width: 54.3984%; background-color: #0e2469;\" width=\"212\" height=\"18\"><span style=\"color: #ffffff;\">Tipo<\/span><\/td>\n<td class=\"et3\" style=\"width: 45.6016%; background-color: #0e2469; height: 13px;\" width=\"119\"><span style=\"color: #ffffff;\">FHXL-63<\/span><\/td>\n<\/tr>\n<tr style=\"height: 13.50pt;\">\n<td class=\"et4\" style=\"height: 13px; width: 54.3984%;\" height=\"18\"><span style=\"font-family: arial, helvetica, sans-serif;\">Intervalo de regula\u00e7\u00e3o atual<\/span><\/td>\n<td class=\"et4\" style=\"height: 13px; width: 45.6016%;\"><span style=\"font-family: arial, helvetica, sans-serif;\"><span class=\"font2\">40A(2<\/span><span class=\"font3\">~<\/span><span class=\"font2\">63A)<\/span><\/span><\/td>\n<\/tr>\n<tr style=\"height: 13.50pt;\">\n<td class=\"et4\" style=\"height: 13px; background-color: #c4c4c4; width: 54.3984%;\" height=\"18\"><span style=\"font-family: arial, helvetica, sans-serif;\">Intervalo de regula\u00e7\u00e3o da sobretens\u00e3o<\/span><\/td>\n<td class=\"et4\" style=\"height: 13px; background-color: #c4c4c4; width: 45.6016%;\"><span style=\"font-family: arial, helvetica, sans-serif;\"><span class=\"font2\">AC270V(210<\/span><span class=\"font3\">~<\/span><span class=\"font2\">300V)<\/span><\/span><\/td>\n<\/tr>\n<tr style=\"height: 13.50pt;\">\n<td class=\"et4\" style=\"height: 13px; width: 54.3984%;\" height=\"18\"><span style=\"font-family: arial, helvetica, sans-serif;\">Gama de regula\u00e7\u00e3o da subtens\u00e3o<\/span><\/td>\n<td class=\"et4\" style=\"height: 13px; width: 45.6016%;\"><span style=\"font-family: arial, helvetica, sans-serif;\"><span class=\"font2\">AC170V(80<\/span><span class=\"font3\">~<\/span><span class=\"font2\">200V)<\/span><\/span><\/td>\n<\/tr>\n<tr style=\"height: 13.50pt;\">\n<td class=\"et4\" style=\"height: 13px; background-color: #c4c4c4; width: 54.3984%;\" height=\"18\"><span style=\"font-family: arial, helvetica, sans-serif;\">Intervalo de regula\u00e7\u00e3o da corrente de fuga<\/span><\/td>\n<td class=\"et4\" style=\"height: 13px; background-color: #c4c4c4; width: 45.6016%;\"><span style=\"font-family: arial, helvetica, sans-serif;\"><span class=\"font2\">20mA(5<\/span><span class=\"font3\">~<\/span><span class=\"font2\">300mA)<\/span><\/span><\/td>\n<\/tr>\n<tr style=\"height: 13.50pt;\">\n<td class=\"et4\" style=\"height: 13px; width: 54.3984%;\" height=\"18\"><span style=\"font-family: arial, helvetica, sans-serif;\">Gama de regula\u00e7\u00e3o da temperatura<\/span><\/td>\n<td class=\"et4\" style=\"height: 13px; width: 45.6016%;\"><span style=\"font-family: arial, helvetica, sans-serif;\">70\u2103\uff081-150\u2103\uff09<\/span><\/td>\n<\/tr>\n<tr>\n<td style=\"width: 54.3984%;\"><span style=\"font-family: arial, helvetica, sans-serif;\">Frequ\u00eancia de pot\u00eancia<\/span><\/td>\n<td style=\"width: 45.6016%;\"><span style=\"font-family: arial, helvetica, sans-serif;\">40~65Hz<\/span><\/td>\n<\/tr>\n<\/tbody>\n<\/table>\n<p>&nbsp;<\/p>\n<p>1. No caso da primeira liga\u00e7\u00e3o normal, o dispositivo fecha-se automaticamente ap\u00f3s um atraso de 1s; e quando ligado pela primeira vez, nas condi\u00e7\u00f5es de sobretens\u00e3o, subtens\u00e3o, sobrecorrente e fuga, o dispositivo abre-se automaticamente no espa\u00e7o de 3 segundos;<\/p>\n<p>2. Quando ligado pela primeira vez, o sensor de fumo tem de ser aquecido durante 60 segundos e, em seguida, o produto entra no estado de prote\u00e7\u00e3o. Ap\u00f3s a ocorr\u00eancia do alarme de fumo e a elimina\u00e7\u00e3o da avaria, \u00e9 necess\u00e1rio premir manualmente a tecla Reset durante 2 segundos e, em seguida, o alarme de fumo pode ser desativado.<\/p>\n<p>3. Par\u00e2metros de prote\u00e7\u00e3o actuais:<\/p>\n<p>a. \u2265 1,05 vezes a corrente, &lt; 3 minutos de abertura.<\/p>\n<p>b. \u2265 1,2 vezes a corrente, intervalo de defini\u00e7\u00e3o de 1 a 120 segundos, 10 segundos por predefini\u00e7\u00e3o<\/p>\n<p>c. \u2265 2 vezes a corrente, \u22640,2 segundos de abertura.<\/p>\n<p>4. A temperatura ambiente n\u00e3o deve exceder + 40\u00b0C, n\u00e3o deve ser inferior a -5\u00b0C; e a temperatura m\u00e9dia em 24 horas n\u00e3o deve exceder + 35\u00b0C; a + 40\u00b0C, a humidade do ar ambiente n\u00e3o deve exceder 50%.<\/p>\n<p>5. A altitude do local de instala\u00e7\u00e3o n\u00e3o deve ser superior a 2000 metros.<\/p>\n<p>6. N\u00edvel de polui\u00e7\u00e3o: III.<\/p>\n<p>7. No ambiente de instala\u00e7\u00e3o, n\u00e3o deve existir nenhum meio explosivo perigoso, nenhum g\u00e1s corrosivo e destrutivo e poeira condutora, nem invas\u00e3o de chuva e neve.<\/p>\n<h2><strong> o protetor de alarme de inc\u00eandio com limita\u00e7\u00e3o de corrente \u00e9 Fun\u00e7\u00f5es das chaves<\/strong><\/h2>\n<hr \/>\n<p>1. Tecla de defini\u00e7\u00e3o: Premir e manter premida a tecla de defini\u00e7\u00e3o durante 2 segundos, entra no estado de defini\u00e7\u00e3o. Depois de entrar no estado de defini\u00e7\u00e3o, sempre que premir a tecla, o sistema entra no menu de defini\u00e7\u00e3o seguinte;<\/p>\n<p>2. Tecla Shift: consulta os par\u00e2metros de funcionamento actuais do produto em tempo real. No estado de defini\u00e7\u00e3o, tem a fun\u00e7\u00e3o de desloca\u00e7\u00e3o de d\u00edgitos;<\/p>\n<p>3. Tecla de dados: consulta a \u00faltima informa\u00e7\u00e3o de falha do produto e altera os par\u00e2metros a definir no estado de defini\u00e7\u00e3o;<\/p>\n<p>4. Tecla de reinicializa\u00e7\u00e3o: Quando ocorre a primeira sobreintensidade ou fuga, o produto liga-se automaticamente ap\u00f3s um atraso no tempo de reinicializa\u00e7\u00e3o especificado. Quando ocorre a segunda sobreintensidade, fuga ou alarme de inc\u00eandio, \u00e9 necess\u00e1rio confirmar que n\u00e3o existe qualquer falha no circuito e, em seguida, \u00e9 necess\u00e1rio premir manualmente a tecla Reset para ligar o produto e premir a tecla Reset durante 2 segundos para guardar e sair do estado de defini\u00e7\u00e3o.<\/p>\n<h2><strong>Informa\u00e7\u00f5es sobre o pacote padr\u00e3o<\/strong><\/h2>\n<hr \/>\n<h3><img decoding=\"async\" class=\"alignnone wp-image-6114 size-medium lazyload\" data-src=\"https:\/\/bright-china.com\/wp-content\/uploads\/2025\/04\/45.5-23.5-31.5-box-300x300.jpg\" alt=\"Caixa de embalagem para o protetor\" width=\"300\" height=\"300\" data-srcset=\"https:\/\/bright-china.com\/wp-content\/uploads\/2025\/04\/45.5-23.5-31.5-box-300x300.jpg 300w, https:\/\/bright-china.com\/wp-content\/uploads\/2025\/04\/45.5-23.5-31.5-box-150x150.jpg 150w, https:\/\/bright-china.com\/wp-content\/uploads\/2025\/04\/45.5-23.5-31.5-box-12x12.jpg 12w, https:\/\/bright-china.com\/wp-content\/uploads\/2025\/04\/45.5-23.5-31.5-box-600x600.jpg 600w, https:\/\/bright-china.com\/wp-content\/uploads\/2025\/04\/45.5-23.5-31.5-box-100x100.jpg 100w, https:\/\/bright-china.com\/wp-content\/uploads\/2025\/04\/45.5-23.5-31.5-box.jpg 750w\" data-sizes=\"(max-width: 300px) 100vw, 300px\" src=\"data:image\/svg+xml;base64,PHN2ZyB3aWR0aD0iMSIgaGVpZ2h0PSIxIiB4bWxucz0iaHR0cDovL3d3dy53My5vcmcvMjAwMC9zdmciPjwvc3ZnPg==\" style=\"--smush-placeholder-width: 300px; --smush-placeholder-aspect-ratio: 300\/300;\" \/><\/h3>\n<div style=\"overflow-x: auto;\">\n<table style=\"width: 100%;\">\n<tbody>\n<tr>\n<th style=\"background-color: #131c5e;\"><span style=\"color: #ffffff;\">Dimens\u00e3o da caixa de cart\u00e3o (cm)<\/span><\/th>\n<th style=\"background-color: #131c5e;\"><span style=\"color: #ffffff;\">Lista de embalagem<\/span><\/th>\n<th style=\"background-color: #131c5e;\"><span style=\"color: #ffffff;\">QUANTIDADE<\/span><\/th>\n<th style=\"background-color: #131c5e;\"><span style=\"color: #ffffff;\">Peso bruto (kg)<\/span><\/th>\n<\/tr>\n<tr>\n<td>45,5 cm \u00d7 23,5 cm \u00d7 31,5 cm<\/td>\n<td>\u00a0protetor<\/td>\n<td>60 unidades<\/td>\n<td>20 kg<\/td>\n<\/tr>\n<\/tbody>\n<\/table>\n<\/div>\n<h3><\/h3>\n<h2><a href=\"https:\/\/bright-china.com\/product\/\">Protetor de alarme de inc\u00eandio com limita\u00e7\u00e3o de corrente<\/a> Dimens\u00f5es<\/h2>\n<hr \/>\n<p>&nbsp;<\/p>\n<p><img decoding=\"async\" class=\"alignnone wp-image-8696 size-full lazyload\" data-src=\"https:\/\/bright-china.com\/wp-content\/uploads\/2025\/04\/Current-Limiting-Fire-Alarm-Protector-is-Overall-dimensionsFHXL-63.webp\" alt=\"O protetor de alarme de inc\u00eandio com limita\u00e7\u00e3o de corrente \u00e9 Dimens\u00f5es geraisFHXL-63\" width=\"750\" height=\"422\" data-srcset=\"https:\/\/bright-china.com\/wp-content\/uploads\/2025\/04\/Current-Limiting-Fire-Alarm-Protector-is-Overall-dimensionsFHXL-63.webp 750w, https:\/\/bright-china.com\/wp-content\/uploads\/2025\/04\/Current-Limiting-Fire-Alarm-Protector-is-Overall-dimensionsFHXL-63-300x169.webp 300w, https:\/\/bright-china.com\/wp-content\/uploads\/2025\/04\/Current-Limiting-Fire-Alarm-Protector-is-Overall-dimensionsFHXL-63-18x10.webp 18w, https:\/\/bright-china.com\/wp-content\/uploads\/2025\/04\/Current-Limiting-Fire-Alarm-Protector-is-Overall-dimensionsFHXL-63-600x338.webp 600w\" data-sizes=\"(max-width: 750px) 100vw, 750px\" src=\"data:image\/svg+xml;base64,PHN2ZyB3aWR0aD0iMSIgaGVpZ2h0PSIxIiB4bWxucz0iaHR0cDovL3d3dy53My5vcmcvMjAwMC9zdmciPjwvc3ZnPg==\" style=\"--smush-placeholder-width: 750px; --smush-placeholder-aspect-ratio: 750\/422;\" \/><\/p>\n<p><a href=\"https:\/\/bright-china.com\/digital-display-current-and-voltage-protector\/\">Protetor de corrente e tens\u00e3o ajust\u00e1vel com ecr\u00e3 digital<\/a><\/p>","protected":false},"excerpt":{"rendered":"<p>A s\u00e9rie FHXL-63 \u00e9 a<a href=\"https:\/\/bright-china.com\/product\/current-limiting-fire-alarm-protector\/\"><strong> protetor de alarme de inc\u00eandio limitador de corrente<\/strong><\/a>\uff08protetor limitador de corrente\uff09, e \u00e9 um protetor abrangente com m\u00faltiplas fun\u00e7\u00f5es de prote\u00e7\u00e3o para sobretens\u00e3o, subtens\u00e3o, sobrecorrente, vazamento, temperatura e dete\u00e7\u00e3o de fuma\u00e7a. O produto tem as vantagens de modulariza\u00e7\u00e3o, intelig\u00eancia, visualiza\u00e7\u00e3o e assim por diante. Ao mesmo tempo, suporta o protocolo de comunica\u00e7\u00e3o Modbus485 padr\u00e3o.<\/p>","protected":false},"featured_media":8662,"template":"","meta":{"_acf_changed":false,"site-sidebar-layout":"default","site-content-layout":"","ast-site-content-layout":"default","site-content-style":"default","site-sidebar-style":"default","ast-global-header-display":"","ast-banner-title-visibility":"","ast-main-header-display":"","ast-hfb-above-header-display":"","ast-hfb-below-header-display":"","ast-hfb-mobile-header-display":"","site-post-title":"","ast-breadcrumbs-content":"","ast-featured-img":"","footer-sml-layout":"","theme-transparent-header-meta":"default","adv-header-id-meta":"","stick-header-meta":"default","header-above-stick-meta":"","header-main-stick-meta":"","header-below-stick-meta":"","astra-migrate-meta-layouts":"set","ast-page-background-enabled":"default","ast-page-background-meta":{"desktop":{"background-color":"","background-image":"","background-repeat":"repeat","background-position":"center center","background-size":"auto","background-attachment":"scroll","background-type":"","background-media":"","overlay-type":"","overlay-color":"","overlay-opacity":"","overlay-gradient":""},"tablet":{"background-color":"","background-image":"","background-repeat":"repeat","background-position":"center center","background-size":"auto","background-attachment":"scroll","background-type":"","background-media":"","overlay-type":"","overlay-color":"","overlay-opacity":"","overlay-gradient":""},"mobile":{"background-color":"","background-image":"","background-repeat":"repeat","background-position":"center center","background-size":"auto","background-attachment":"scroll","background-type":"","background-media":"","overlay-type":"","overlay-color":"","overlay-opacity":"","overlay-gradient":""}},"ast-content-background-meta":{"desktop":{"background-color":"var(--ast-global-color-5)","background-image":"","background-repeat":"repeat","background-position":"center center","background-size":"auto","background-attachment":"scroll","background-type":"","background-media":"","overlay-type":"","overlay-color":"","overlay-opacity":"","overlay-gradient":""},"tablet":{"background-color":"var(--ast-global-color-5)","background-image":"","background-repeat":"repeat","background-position":"center center","background-size":"auto","background-attachment":"scroll","background-type":"","background-media":"","overlay-type":"","overlay-color":"","overlay-opacity":"","overlay-gradient":""},"mobile":{"background-color":"var(--ast-global-color-5)","background-image":"","background-repeat":"repeat","background-position":"center center","background-size":"auto","background-attachment":"scroll","background-type":"","background-media":"","overlay-type":"","overlay-color":"","overlay-opacity":"","overlay-gradient":""}},"_seo_title":"Current Limiting Fire Alarm Protector FHXL-63","_seo_keywords":"Current Limiting Fire Alarm Protector, Current Limiting Protector, voltage protector for home","_seo_description":"FHXL-63 series is the current limiting fire alarm protector\uff08\u00a0 current limiting protector\uff09, and it is a comprehensive protector with multiple protection functions for overvoltage,"},"product_brand":[],"product_cat":[15,65,69,64,57],"product_tag":[98,127],"class_list":{"0":"post-4432","1":"product","2":"type-product","3":"status-publish","4":"has-post-thumbnail","6":"product_cat-product","7":"product_cat-current-and-voltage-protector","8":"product_cat-voltmeter-ammeter","9":"product_cat-smart-meter","10":"product_cat-smart-protector","11":"product_tag-current-limiting-fire-alarm-protector","12":"product_tag-fire-alarm-protector","13":"desktop-align-center","14":"tablet-align-left","15":"mobile-align-left","16":"ast-product-gallery-layout-horizontal-slider","18":"first","19":"instock","20":"featured","21":"shipping-taxable","22":"product-type-simple"},"acf":[],"seo_title":"Current Limiting Fire Alarm Protector FHXL-63","seo_keywords":"Current Limiting Fire Alarm Protector, Current Limiting Protector, voltage protector for home","seo_description":"FHXL-63 series is the current limiting fire alarm protector\uff08\u00a0 current limiting protector\uff09, and it is a comprehensive protector with multiple protection functions for overvoltage,","seo_score":"85","product_seo_keywords":"","_links":{"self":[{"href":"https:\/\/bright-china.com\/pt\/wp-json\/wp\/v2\/product\/4432","targetHints":{"allow":["GET"]}}],"collection":[{"href":"https:\/\/bright-china.com\/pt\/wp-json\/wp\/v2\/product"}],"about":[{"href":"https:\/\/bright-china.com\/pt\/wp-json\/wp\/v2\/types\/product"}],"wp:featuredmedia":[{"embeddable":true,"href":"https:\/\/bright-china.com\/pt\/wp-json\/wp\/v2\/media\/8662"}],"wp:attachment":[{"href":"https:\/\/bright-china.com\/pt\/wp-json\/wp\/v2\/media?parent=4432"}],"wp:term":[{"taxonomy":"product_brand","embeddable":true,"href":"https:\/\/bright-china.com\/pt\/wp-json\/wp\/v2\/product_brand?post=4432"},{"taxonomy":"product_cat","embeddable":true,"href":"https:\/\/bright-china.com\/pt\/wp-json\/wp\/v2\/product_cat?post=4432"},{"taxonomy":"product_tag","embeddable":true,"href":"https:\/\/bright-china.com\/pt\/wp-json\/wp\/v2\/product_tag?post=4432"}],"curies":[{"name":"wp","href":"https:\/\/api.w.org\/{rel}","templated":true}]}}