{"id":4439,"date":"2025-04-27T02:23:54","date_gmt":"2025-04-27T02:23:54","guid":{"rendered":"https:\/\/bright-china.com\/?post_type=product&#038;p=4439"},"modified":"2026-02-28T23:14:29","modified_gmt":"2026-03-01T06:14:29","slug":"contador-jgyb-96","status":"publish","type":"product","link":"https:\/\/bright-china.com\/pt\/produto\/contador-jgyb-96\/","title":{"rendered":"Medidor digital multifun\u00e7\u00f5es JGYB-96"},"content":{"rendered":"<h2>Introdu\u00e7\u00e3o<\/h2>\n<hr \/>\n<p><img fetchpriority=\"high\" decoding=\"async\" class=\"alignleft wp-image-8809 size-medium\" title=\"Medidor de pot\u00eancia digital multi-fun\u00e7\u00f5es\" src=\"https:\/\/bright-china.com\/wp-content\/uploads\/2025\/04\/Digital-Multifunction-Meter-JGYB-96-1-300x300.webp\" alt=\"Medidor digital multifun\u00e7\u00f5es JGYB-96-0\" width=\"300\" height=\"300\" srcset=\"https:\/\/bright-china.com\/wp-content\/uploads\/2025\/04\/Digital-Multifunction-Meter-JGYB-96-1-300x300.webp 300w, https:\/\/bright-china.com\/wp-content\/uploads\/2025\/04\/Digital-Multifunction-Meter-JGYB-96-1-150x150.webp 150w, https:\/\/bright-china.com\/wp-content\/uploads\/2025\/04\/Digital-Multifunction-Meter-JGYB-96-1-768x768.webp 768w, https:\/\/bright-china.com\/wp-content\/uploads\/2025\/04\/Digital-Multifunction-Meter-JGYB-96-1-12x12.webp 12w, https:\/\/bright-china.com\/wp-content\/uploads\/2025\/04\/Digital-Multifunction-Meter-JGYB-96-1-600x600.webp 600w, https:\/\/bright-china.com\/wp-content\/uploads\/2025\/04\/Digital-Multifunction-Meter-JGYB-96-1-100x100.webp 100w, https:\/\/bright-china.com\/wp-content\/uploads\/2025\/04\/Digital-Multifunction-Meter-JGYB-96-1.webp 800w\" sizes=\"(max-width: 300px) 100vw, 300px\" \/><\/p>\n<p><strong>\u00a0 <\/strong><\/p>\n<p><strong><a href=\"https:\/\/bright-china.com\/current-voltage-protector\/\">\u00a0 \u00a0Medidor de pot\u00eancia digital multifun\u00e7\u00f5es <\/a><\/strong>Foi concebido para as necessidades de monitoriza\u00e7\u00e3o de energia de sistemas de energia, empresas industriais e mineiras, instala\u00e7\u00f5es p\u00fablicas e edif\u00edcios inteligentes. Pode medir todos os par\u00e2metros de pot\u00eancia comuns, como a corrente trif\u00e1sica, a tens\u00e3o, a pot\u00eancia ativa e reactiva, a eletricidade, os harm\u00f3nicos, etc. Porque o<a href=\"https:\/\/www.elejg.com\/?product\/\"> medidor de pot\u00eancia <\/a>tamb\u00e9m tem uma fun\u00e7\u00e3o de rede de comunica\u00e7\u00e3o completa, chamamos-lhe um medidor de energia de rede. \u00c9 ideal para sistemas de monitoriza\u00e7\u00e3o de energia em tempo real.<\/p>\n<p>&nbsp;<\/p>\n<p>O medidor tem uma elevada rela\u00e7\u00e3o desempenho\/pre\u00e7o e pode substituir diretamente os transmissores de energia e os instrumentos de medi\u00e7\u00e3o convencionais. Como elemento avan\u00e7ado de aquisi\u00e7\u00e3o front-end inteligente e digital, esta s\u00e9rie de instrumentos de rede tem sido amplamente utilizada em v\u00e1rios sistemas de controlo, sistemas SCADA e sistemas de gest\u00e3o de energia.<\/p>\n<h1><\/h1>\n<h2><strong>Normas do produto<\/strong><\/h2>\n<hr \/>\n<p>GB\/T 22264.1-2008 Aparelhos de medi\u00e7\u00e3o el\u00e9ctricos com ecr\u00e3 digital montado - Parte 1: Defini\u00e7\u00f5es e requisitos gerais<\/p>\n<p>GB\/T 22264.7-2008 Aparelhos de medi\u00e7\u00e3o el\u00e9ctricos com ecr\u00e3 digital montado - Parte 7: Requisitos especiais para aparelhos multifuncionais<\/p>\n<p>GB\/T 22264.8-2008 Aparelhos de medi\u00e7\u00e3o el\u00e9ctricos com ecr\u00e3 digital montado - Parte 8: M\u00e9todos de verifica\u00e7\u00e3o recomendados<\/p>\n<p>GB\/T 17215.322-2008 Equipamento de medi\u00e7\u00e3o de corrente alternada - Requisitos especiais - Parte 22: Contadores de energia ativa est\u00e1tica (0,2S e 0,5S)<\/p>\n<p>GB\/T 17215.323-2008 Equipamento de medi\u00e7\u00e3o de corrente alternada - Requisitos especiais - Parte 23: Contadores de energia reactiva estacion\u00e1rios (Classes 2 e 3)<\/p>\n<p>DL\/T 614-2007 Contador de energia multifuncional<\/p>\n<p>GB14287-2005 Sistema de monitoriza\u00e7\u00e3o de inc\u00eandios el\u00e9ctricos<\/p>\n<p>GB50045-95 C\u00f3digo para o projeto de prote\u00e7\u00e3o contra inc\u00eandios de edif\u00edcios civis de grande altura<\/p>\n<p>GB50054-95 C\u00f3digo de Projeto para Distribui\u00e7\u00e3o de Energia de Baixa Tens\u00e3o<\/p>\n<p>GB50096 C\u00f3digos de projeto residencial<\/p>\n<p>GB13955-2005 Instala\u00e7\u00e3o e funcionamento do dispositivo de prote\u00e7\u00e3o contra a a\u00e7\u00e3o de corrente residual<\/p>\n<p>GB50016-2006 C\u00f3digo para o projeto de prote\u00e7\u00e3o contra inc\u00eandios de edif\u00edcios<\/p>\n<h2><strong>Nomenclatura do modelo<\/strong><\/h2>\n<hr \/>\n<p><strong>Carater\u00edsticas de desempenho:<\/strong><\/p>\n<p>Medi\u00e7\u00e3o de alta precis\u00e3o da tens\u00e3o trif\u00e1sica, corrente trif\u00e1sica, pot\u00eancia ativa e pot\u00eancia reactiva, <a href=\"https:\/\/bright-china.com\/en\/voltmeter-ammeter\/\" title=\"Poder aparente\" class=\"seo-keyword-link\" style=\"font-weight: bold; color: inherit; text-decoration: underline; border-bottom: 1px dotted #667eea;\">pot\u00eancia aparente<\/a>, fator de pot\u00eancia, frequ\u00eancia e outros par\u00e2metros el\u00e9ctricos<\/p>\n<p>Medi\u00e7\u00e3o de energia ativa\/reactiva para a frente e para tr\u00e1s<\/p>\n<p>Medi\u00e7\u00e3o de energia el\u00e9ctrica ao tempo de utiliza\u00e7\u00e3o, leitura de contadores de energia el\u00e9ctrica ao tempo de utiliza\u00e7\u00e3o<\/p>\n<p>Medir a taxa de distor\u00e7\u00e3o harm\u00f3nica total (THD) da tens\u00e3o trif\u00e1sica e da corrente trif\u00e1sica, e a componente harm\u00f3nica \u00edmpar de 2 a 31<\/p>\n<p>Fornecimento de um ecr\u00e3 de tubo digital ou LCD, consulta local de dados<\/p>\n<p>Os menus s\u00e3o intuitivos e as teclas s\u00e3o f\u00e1ceis de utilizar<\/p>\n<p>O r\u00e1cio de convers\u00e3o de corrente e tens\u00e3o \u00e9 program\u00e1vel<\/p>\n<p>Permite a monitoriza\u00e7\u00e3o da corrente de fuga em v\u00e1rios circuitos<\/p>\n<p>Fornecer n\u00f3 de controlo multi-loop, que pode ser utilizado para alarme, disparo e outro controlo<\/p>\n<p>Apoiar a liga\u00e7\u00e3o de combate a inc\u00eandios e cortar remotamente o circuito de avarias<\/p>\n<p>Suporta comunica\u00e7\u00e3o RS-485, protocolo Modbus-RTU<\/p>\n<p>Suporta entrada de comuta\u00e7\u00e3o, sa\u00edda de comuta\u00e7\u00e3o, sa\u00edda de transmiss\u00e3o anal\u00f3gica e sa\u00edda de impulsos de pot\u00eancia<\/p>\n<p>\u00c9 f\u00e1cil de instalar, simples de ligar e pequeno em termos de engenharia<\/p>\n<p>Fonte de alimenta\u00e7\u00e3o universal AC\/DC de grande alcance: AC\/DC 80V~270V<\/p>\n<p>Pode completar a liga\u00e7\u00e3o em rede de uma variedade de software de comunica\u00e7\u00e3o em SCADA e PLC<\/p>\n<h2><strong>Indicadores t\u00e9cnicos<\/strong><\/h2>\n<hr \/>\n<p><strong>Exatid\u00e3o da medi\u00e7\u00e3o<\/strong><\/p>\n<p>Tens\u00e3o 0,5 classe<\/p>\n<p>Classe 0,5 atual<\/p>\n<p><a href=\"https:\/\/bright-china.com\/en\/voltmeter-ammeter\/\" title=\"Energia ativa\" class=\"seo-keyword-link\" style=\"font-weight: bold; color: inherit; text-decoration: underline; border-bottom: 1px dotted #667eea;\">Pot\u00eancia ativa<\/a> 0,5 classe<\/p>\n<p>Pot\u00eancia reactiva 0,5 classe<\/p>\n<p>Fator de pot\u00eancia 0,5 n\u00edvel<\/p>\n<p>Frequ\u00eancia \u00b10,02Hz<\/p>\n<p>Energia ativa 0,5S ou 0,2S<\/p>\n<p>N\u00edvel de energia reactiva 1 ou 2<\/p>\n<h2><strong>Entrada de sinal<\/strong><\/h2>\n<hr \/>\n<p>M\u00e9todo de liga\u00e7\u00e3o: trif\u00e1sico a quatro fios, trif\u00e1sico a tr\u00eas fios<\/p>\n<p>Tens\u00e3o nominal: AC 57,7V, AC 100V, AC 220V, AC 380V<\/p>\n<p>Corrente nominal: AC 1A, AC 5A<\/p>\n<p>Tens\u00e3o de sobrecarga: 1,2 vezes (cont\u00ednua), 2 vezes\/1 segundo (instant\u00e2nea)<\/p>\n<p>Corrente: 1,2x (cont\u00ednua), 10x\/5 seg. (instant\u00e2nea)<\/p>\n<p>Consumo de energia Tens\u00e3o: &lt;1VA\/fase, Corrente: &lt;0,4VA\/fase<\/p>\n<p>Imped\u00e2ncia de tens\u00e3o: &gt;300k\u03a9, Corrente: &lt;20m\u03a9<\/p>\n<p>Frequ\u00eancia: 45~65Hz<\/p>\n<p><strong>Fonte de alimenta\u00e7\u00e3o auxiliar<\/strong><\/p>\n<p>Gama de funcionamento AC\/DC: 80V~270V<\/p>\n<p>Consumo de energia &lt;4VA<\/p>\n<h2><strong>M\u00f3dulos funcionais<\/strong><\/h2>\n<hr \/>\n<p>Interface de comunica\u00e7\u00e3o: Suporta comunica\u00e7\u00e3o RS-485 de 1 canal, protocolo Modbus-RTU<\/p>\n<p>Taxa de transmiss\u00e3o: 1200~9600bps, predefini\u00e7\u00e3o 2400 bps<\/p>\n<p>As entradas de comuta\u00e7\u00e3o suportam 4 entradas de jun\u00e7\u00e3o seca<\/p>\n<p>Sa\u00edda de comuta\u00e7\u00e3o Suporta 3 sa\u00eddas de rel\u00e9, capacidade: AC 250V\/5A, DC 30V\/5A<\/p>\n<p>Sa\u00edda do transdutor Suporta 1 sa\u00edda anal\u00f3gica: 0\/4~20mA ou 0~5\/10V<\/p>\n<p>Sa\u00edda de impulsos de pot\u00eancia Suporta 2 sa\u00eddas de impulsos de pot\u00eancia, constante: 8000imp\/KWh(Kvarh)<\/p>\n<h2><strong>ambiente<\/strong><\/h2>\n<hr \/>\n<p>Temperatura de funcionamento: -10\u00b0C~+55\u00b0C<\/p>\n<p>Temperatura de armazenamento: -25\u00b0C~+70\u00b0C<\/p>\n<p>Humidade relativa \u226493%, sem localiza\u00e7\u00e3o de g\u00e1s corrosivo<\/p>\n<p>\u2264 2500m acima do n\u00edvel do mar<\/p>\n<h2><strong>seguro<\/strong><\/h2>\n<hr \/>\n<p>Resist\u00eancia de isolamento &gt;100M\u03a9<\/p>\n<p>Tens\u00e3o suport\u00e1vel AC 2KV<\/p>\n<p><strong>Desempenho em termos de compatibilidade electromagn\u00e9tica<\/strong><\/p>\n<p>N\u00edvel de descarga eletrost\u00e1tica 4<\/p>\n<p>Explos\u00e3o el\u00e9ctrica transit\u00f3ria r\u00e1pida classe 4<\/p>\n<p>Surto (Choque) N\u00edvel 4<\/p>\n<h2><strong>Dimens\u00f5es<\/strong><\/h2>\n<hr \/>\n<p>Tamanho da moldura (mm) 120\u00d7120; 96\u00d796; 80\u00d780; 72\u00d772<\/p>\n<p>Tamanho do corte (mm) 111\u00d7111; 92\u00d792; 76\u00d776; 68\u00d768<\/p>","protected":false},"excerpt":{"rendered":"<p><a href=\"https:\/\/bright-china.com\/automatic-reconnection-energy-metering-protector-of-test-jgdl-63\/\">\u00a0Medidor de pot\u00eancia digital multifun\u00e7\u00f5es <\/a>foi concebido para as necessidades de monitoriza\u00e7\u00e3o de energia de sistemas de energia, empresas industriais e mineiras, instala\u00e7\u00f5es p\u00fablicas e edif\u00edcios inteligentes. Pode medir todos os par\u00e2metros de pot\u00eancia comuns, tais como corrente trif\u00e1sica, tens\u00e3o, pot\u00eancia ativa e reactiva, eletricidade, harm\u00f3nicos, etc. Como o medidor de energia tamb\u00e9m tem uma fun\u00e7\u00e3o de rede de comunica\u00e7\u00e3o completa, chamamos-lhe um medidor de energia de rede. \u00c9 ideal para sistemas de monitoriza\u00e7\u00e3o de energia em tempo real. O medidor tem uma elevada rela\u00e7\u00e3o desempenho\/pre\u00e7o e pode substituir diretamente os transmissores de energia e os instrumentos de medi\u00e7\u00e3o convencionais. Como elemento avan\u00e7ado de aquisi\u00e7\u00e3o front-end inteligente e digital, esta s\u00e9rie de instrumentos de rede tem sido amplamente utilizada em v\u00e1rios sistemas de controlo, sistemas SCADA e sistemas de gest\u00e3o de energia<\/p>","protected":false},"featured_media":8811,"template":"","meta":{"_acf_changed":false,"site-sidebar-layout":"default","site-content-layout":"","ast-site-content-layout":"default","site-content-style":"default","site-sidebar-style":"default","ast-global-header-display":"","ast-banner-title-visibility":"","ast-main-header-display":"","ast-hfb-above-header-display":"","ast-hfb-below-header-display":"","ast-hfb-mobile-header-display":"","site-post-title":"","ast-breadcrumbs-content":"","ast-featured-img":"","footer-sml-layout":"","theme-transparent-header-meta":"default","adv-header-id-meta":"","stick-header-meta":"default","header-above-stick-meta":"","header-main-stick-meta":"","header-below-stick-meta":"","astra-migrate-meta-layouts":"set","ast-page-background-enabled":"default","ast-page-background-meta":{"desktop":{"background-color":"","background-image":"","background-repeat":"repeat","background-position":"center center","background-size":"auto","background-attachment":"scroll","background-type":"","background-media":"","overlay-type":"","overlay-color":"","overlay-opacity":"","overlay-gradient":""},"tablet":{"background-color":"","background-image":"","background-repeat":"repeat","background-position":"center center","background-size":"auto","background-attachment":"scroll","background-type":"","background-media":"","overlay-type":"","overlay-color":"","overlay-opacity":"","overlay-gradient":""},"mobile":{"background-color":"","background-image":"","background-repeat":"repeat","background-position":"center center","background-size":"auto","background-attachment":"scroll","background-type":"","background-media":"","overlay-type":"","overlay-color":"","overlay-opacity":"","overlay-gradient":""}},"ast-content-background-meta":{"desktop":{"background-color":"var(--ast-global-color-5)","background-image":"","background-repeat":"repeat","background-position":"center center","background-size":"auto","background-attachment":"scroll","background-type":"","background-media":"","overlay-type":"","overlay-color":"","overlay-opacity":"","overlay-gradient":""},"tablet":{"background-color":"var(--ast-global-color-5)","background-image":"","background-repeat":"repeat","background-position":"center center","background-size":"auto","background-attachment":"scroll","background-type":"","background-media":"","overlay-type":"","overlay-color":"","overlay-opacity":"","overlay-gradient":""},"mobile":{"background-color":"var(--ast-global-color-5)","background-image":"","background-repeat":"repeat","background-position":"center center","background-size":"auto","background-attachment":"scroll","background-type":"","background-media":"","overlay-type":"","overlay-color":"","overlay-opacity":"","overlay-gradient":""}},"_seo_title":"Digital Multi function Meter JGYB-96","_seo_keywords":"power meter, meter, High-precision measurement of three-phase voltage, three-phase current, active power, reactive power, apparent power, power factor","_seo_description":"\u00a0Digital multi function power meter is designed for the power monitoring needs of power systems, industrial and mining enterprises, public facilities,"},"product_brand":[],"product_cat":[15,70,69,64],"product_tag":[85,86,120,121],"class_list":{"0":"post-4439","1":"product","2":"type-product","3":"status-publish","4":"has-post-thumbnail","6":"product_cat-product","7":"product_cat-small-ammeter","8":"product_cat-voltmeter-ammeter","9":"product_cat-smart-meter","10":"product_tag-d85-20-voltmeter-black","11":"product_tag-d85-20-voltmeter-white","12":"product_tag-digital-multi-function-power-meter","13":"product_tag-power-meter","14":"desktop-align-center","15":"tablet-align-left","16":"mobile-align-left","17":"ast-product-gallery-layout-horizontal-slider","19":"first","20":"instock","21":"sale","22":"downloadable","23":"shipping-taxable","24":"purchasable","25":"product-type-simple"},"acf":[],"seo_title":"Digital Multi function Meter JGYB-96","seo_keywords":"power meter, meter, High-precision measurement of three-phase voltage, three-phase current, active power, reactive power, apparent power, power factor","seo_description":"\u00a0Digital multi function power meter is designed for the power monitoring needs of power systems, industrial and mining enterprises, public facilities,","seo_score":"95","product_seo_keywords":"","_links":{"self":[{"href":"https:\/\/bright-china.com\/pt\/wp-json\/wp\/v2\/product\/4439","targetHints":{"allow":["GET"]}}],"collection":[{"href":"https:\/\/bright-china.com\/pt\/wp-json\/wp\/v2\/product"}],"about":[{"href":"https:\/\/bright-china.com\/pt\/wp-json\/wp\/v2\/types\/product"}],"wp:featuredmedia":[{"embeddable":true,"href":"https:\/\/bright-china.com\/pt\/wp-json\/wp\/v2\/media\/8811"}],"wp:attachment":[{"href":"https:\/\/bright-china.com\/pt\/wp-json\/wp\/v2\/media?parent=4439"}],"wp:term":[{"taxonomy":"product_brand","embeddable":true,"href":"https:\/\/bright-china.com\/pt\/wp-json\/wp\/v2\/product_brand?post=4439"},{"taxonomy":"product_cat","embeddable":true,"href":"https:\/\/bright-china.com\/pt\/wp-json\/wp\/v2\/product_cat?post=4439"},{"taxonomy":"product_tag","embeddable":true,"href":"https:\/\/bright-china.com\/pt\/wp-json\/wp\/v2\/product_tag?post=4439"}],"curies":[{"name":"wp","href":"https:\/\/api.w.org\/{rel}","templated":true}]}}