{"id":4440,"date":"2025-04-27T02:23:54","date_gmt":"2025-04-27T02:23:54","guid":{"rendered":"https:\/\/bright-china.com\/?post_type=product&#038;p=4440"},"modified":"2025-12-29T20:33:37","modified_gmt":"2025-12-30T03:33:37","slug":"medidor-dts3805","status":"publish","type":"product","link":"https:\/\/bright-china.com\/pt\/produto\/medidor-dts3805\/","title":{"rendered":"Medidor de energia em trilho DIN DTS3805"},"content":{"rendered":"<h2><strong>\u00c2mbito de aplica\u00e7\u00e3o<\/strong><\/h2>\n<hr \/>\n<p><a href=\"https:\/\/bright-china.com\/product\/digital-multi-function-power-meter\/\">\u00a0 O contador de energia para carris din \u00e9<\/a> Eletr\u00f3nica trif\u00e1sica de 4 fios e trif\u00e1sica de 3 fios para carris el\u00e9ctricos <a href=\"https:\/\/www.elejg.com\/?product\/\">contador de energia <\/a>(a seguir designado por \"instrumento\") \u00e9 a utiliza\u00e7\u00e3o de circuitos integrados de grande escala, a aplica\u00e7\u00e3o de tecnologia de amostragem digital, \u00e9 concebido para o sistema de energia, a ind\u00fastria das comunica\u00e7\u00f5es, a ind\u00fastria da constru\u00e7\u00e3o e outras necessidades de monitoriza\u00e7\u00e3o e medi\u00e7\u00e3o de energia, principalmente para o circuito el\u00e9trico na tens\u00e3o trif\u00e1sica, corrente trif\u00e1sica, pot\u00eancia ativa, pot\u00eancia reactiva, frequ\u00eancia, energia el\u00e9ctrica direta e inversa, energia el\u00e9ctrica de quatro quadrantes e outros par\u00e2metros para medi\u00e7\u00e3o e visualiza\u00e7\u00e3o em tempo real, utilizando a montagem em calha DIN35mm; Como produto terminal de monitoriza\u00e7\u00e3o do sistema de gest\u00e3o de energia, pode ser amplamente utilizado na avalia\u00e7\u00e3o e monitoriza\u00e7\u00e3o da energia interna de empresas industriais e mineiras, hot\u00e9is, escolas e grandes edif\u00edcios p\u00fablicos.<\/p>\n<p>Os indicadores de desempenho do contador de energia el\u00e9ctrica cumprem as seguintes normas t\u00e9cnicas relevantes:<\/p>\n<p>GB\/T 17215.211-2021<\/p>\n<p>GB\/T 17215.321-2021 Regras particulares para aparelhos de medi\u00e7\u00e3o el\u00e9ctrica (AC) - Parte 21: Contadores de energia ativa est\u00e1tica (Classe A, Classe B, Classe C)<\/p>\n<p>GB\/T 17215.323-2008 Requisitos especiais para equipamento de medi\u00e7\u00e3o de corrente alternada - Parte 23: Contadores de energia reactiva est\u00e1tica (N\u00edveis 2 e 3)<\/p>\n<p>DL\/T 645-2007 \"Multifunctional Energy Meter Communication Protocol\" Protocolo padr\u00e3o MODUS-RTU<\/p>\n<h2><strong>Carater\u00edsticas do produto<\/strong><\/h2>\n<hr \/>\n<p>As principais fun\u00e7\u00f5es do produto s\u00e3o: tens\u00e3o trif\u00e1sica, corrente trif\u00e1sica, pot\u00eancia ativa, pot\u00eancia reactiva, pot\u00eancia, fator de pot\u00eancia, frequ\u00eancia, medi\u00e7\u00e3o de energia ativa, medi\u00e7\u00e3o de energia reactiva, taxa complexa estat\u00edstica de procura (opcional), an\u00e1lise de harm\u00f3nicas (opcional)<\/p>\n<p>Tem uma porta de comunica\u00e7\u00e3o RS485 e suporta o protocolo ModBus standard ou o protocolo DL\/T 645-2007.<\/p>\n<p>Pode suportar a fun\u00e7\u00e3o de controlo externo e suporta at\u00e9 2 sa\u00eddas de rel\u00e9<\/p>\n<p>Montagem em carril padr\u00e3o DIN35mm, design de estrutura modular, tamanho pequeno, f\u00e1cil de instalar;<\/p>\n<h2><strong>Contador de energia em calha Din Descri\u00e7\u00e3o do modelo<\/strong><\/h2>\n<hr \/>\n<p><img decoding=\"async\" data-src=\"https:\/\/elejg.com\/static\/upload\/image\/20241219\/1734595606168089.jpg\" alt=\"Manual de instru\u00e7\u00f5es do contador de energia el\u00e9ctrica trif\u00e1sico Rail (4P) - descri\u00e7\u00e3o do modelo .jpg\" src=\"data:image\/svg+xml;base64,PHN2ZyB3aWR0aD0iMSIgaGVpZ2h0PSIxIiB4bWxucz0iaHR0cDovL3d3dy53My5vcmcvMjAwMC9zdmciPjwvc3ZnPg==\" class=\"lazyload\" \/><\/p>\n<h2><strong>Medidor de energia do tipo carril Din de tamanho\u00a0<\/strong><\/h2>\n<hr \/>\n<p><img fetchpriority=\"high\" decoding=\"async\" class=\"alignnone size-full wp-image-8820\" src=\"https:\/\/bright-china.com\/wp-content\/uploads\/2025\/04\/Dimensions-of-Din-Rail-Energy-Meter-DTS805.jpg\" alt=\"\" width=\"689\" height=\"408\" srcset=\"https:\/\/bright-china.com\/wp-content\/uploads\/2025\/04\/Dimensions-of-Din-Rail-Energy-Meter-DTS805.jpg 689w, https:\/\/bright-china.com\/wp-content\/uploads\/2025\/04\/Dimensions-of-Din-Rail-Energy-Meter-DTS805-300x178.jpg 300w, https:\/\/bright-china.com\/wp-content\/uploads\/2025\/04\/Dimensions-of-Din-Rail-Energy-Meter-DTS805-18x12.jpg 18w, https:\/\/bright-china.com\/wp-content\/uploads\/2025\/04\/Dimensions-of-Din-Rail-Energy-Meter-DTS805-600x355.jpg 600w\" sizes=\"(max-width: 689px) 100vw, 689px\" \/><\/p>","protected":false},"excerpt":{"rendered":"<p>O contador de energia em carril Din \u00e9 trif\u00e1sico de 4 fios e adopta uma estrutura de instala\u00e7\u00e3o em carril DIN35mm, de pequenas dimens\u00f5es, pode medir a energia el\u00e9ctrica e outros par\u00e2metros el\u00e9ctricos, pode definir par\u00e2metros como o rel\u00f3gio, o per\u00edodo de taxa, etc., com alta precis\u00e3o, boa fiabilidade e indicadores de desempenho em conformidade com a norma nacional GB\/T17215-2002, GB\/T17883-1999 e a norma da ind\u00fastria de energia DL\/T614-2007 para os requisitos t\u00e9cnicos do contador de energia el\u00e9ctrica, e tem a fun\u00e7\u00e3o de sa\u00edda de impulsos de energia el\u00e9ctrica; a interface de comunica\u00e7\u00e3o RS485 pode ser utilizada para realizar a troca de dados com o computador anfitri\u00e3o.<\/p>","protected":false},"featured_media":8814,"template":"","meta":{"_acf_changed":false,"site-sidebar-layout":"default","site-content-layout":"","ast-site-content-layout":"default","site-content-style":"default","site-sidebar-style":"default","ast-global-header-display":"","ast-banner-title-visibility":"","ast-main-header-display":"","ast-hfb-above-header-display":"","ast-hfb-below-header-display":"","ast-hfb-mobile-header-display":"","site-post-title":"","ast-breadcrumbs-content":"","ast-featured-img":"","footer-sml-layout":"","theme-transparent-header-meta":"default","adv-header-id-meta":"","stick-header-meta":"default","header-above-stick-meta":"","header-main-stick-meta":"","header-below-stick-meta":"","astra-migrate-meta-layouts":"set","ast-page-background-enabled":"default","ast-page-background-meta":{"desktop":{"background-color":"","background-image":"","background-repeat":"repeat","background-position":"center center","background-size":"auto","background-attachment":"scroll","background-type":"","background-media":"","overlay-type":"","overlay-color":"","overlay-opacity":"","overlay-gradient":""},"tablet":{"background-color":"","background-image":"","background-repeat":"repeat","background-position":"center center","background-size":"auto","background-attachment":"scroll","background-type":"","background-media":"","overlay-type":"","overlay-color":"","overlay-opacity":"","overlay-gradient":""},"mobile":{"background-color":"","background-image":"","background-repeat":"repeat","background-position":"center center","background-size":"auto","background-attachment":"scroll","background-type":"","background-media":"","overlay-type":"","overlay-color":"","overlay-opacity":"","overlay-gradient":""}},"ast-content-background-meta":{"desktop":{"background-color":"var(--ast-global-color-5)","background-image":"","background-repeat":"repeat","background-position":"center center","background-size":"auto","background-attachment":"scroll","background-type":"","background-media":"","overlay-type":"","overlay-color":"","overlay-opacity":"","overlay-gradient":""},"tablet":{"background-color":"var(--ast-global-color-5)","background-image":"","background-repeat":"repeat","background-position":"center center","background-size":"auto","background-attachment":"scroll","background-type":"","background-media":"","overlay-type":"","overlay-color":"","overlay-opacity":"","overlay-gradient":""},"mobile":{"background-color":"var(--ast-global-color-5)","background-image":"","background-repeat":"repeat","background-position":"center center","background-size":"auto","background-attachment":"scroll","background-type":"","background-media":"","overlay-type":"","overlay-color":"","overlay-opacity":"","overlay-gradient":""}},"_seo_title":"","_seo_keywords":"","_seo_description":""},"product_brand":[],"product_cat":[15,70,69,64],"product_tag":[123,122,121],"class_list":{"0":"post-4440","1":"product","2":"type-product","3":"status-publish","4":"has-post-thumbnail","6":"product_cat-product","7":"product_cat-small-ammeter","8":"product_cat-voltmeter-ammeter","9":"product_cat-smart-meter","10":"product_tag-din-rail-type-energy-meter","11":"product_tag-energy-meter","12":"product_tag-power-meter","13":"desktop-align-center","14":"tablet-align-left","15":"mobile-align-left","16":"ast-product-gallery-layout-horizontal-slider","18":"first","19":"instock","20":"sale","21":"featured","22":"shipping-taxable","23":"purchasable","24":"product-type-simple"},"acf":[],"seo_title":"","seo_keywords":"","seo_description":"","seo_score":0,"product_seo_keywords":"","_links":{"self":[{"href":"https:\/\/bright-china.com\/pt\/wp-json\/wp\/v2\/product\/4440","targetHints":{"allow":["GET"]}}],"collection":[{"href":"https:\/\/bright-china.com\/pt\/wp-json\/wp\/v2\/product"}],"about":[{"href":"https:\/\/bright-china.com\/pt\/wp-json\/wp\/v2\/types\/product"}],"wp:featuredmedia":[{"embeddable":true,"href":"https:\/\/bright-china.com\/pt\/wp-json\/wp\/v2\/media\/8814"}],"wp:attachment":[{"href":"https:\/\/bright-china.com\/pt\/wp-json\/wp\/v2\/media?parent=4440"}],"wp:term":[{"taxonomy":"product_brand","embeddable":true,"href":"https:\/\/bright-china.com\/pt\/wp-json\/wp\/v2\/product_brand?post=4440"},{"taxonomy":"product_cat","embeddable":true,"href":"https:\/\/bright-china.com\/pt\/wp-json\/wp\/v2\/product_cat?post=4440"},{"taxonomy":"product_tag","embeddable":true,"href":"https:\/\/bright-china.com\/pt\/wp-json\/wp\/v2\/product_tag?post=4440"}],"curies":[{"name":"wp","href":"https:\/\/api.w.org\/{rel}","templated":true}]}}