{"id":4441,"date":"2025-04-27T02:23:54","date_gmt":"2025-04-27T02:23:54","guid":{"rendered":"https:\/\/bright-china.com\/?post_type=product&#038;p=4441"},"modified":"2026-02-28T23:05:30","modified_gmt":"2026-03-01T06:05:30","slug":"protetor-jgdl-63","status":"publish","type":"product","link":"https:\/\/bright-china.com\/pt\/produto\/protetor-jgdl-63\/","title":{"rendered":"Protetor de contador de energia de reconex\u00e3o autom\u00e1tica JGDL-63"},"content":{"rendered":"<h2>Introdu\u00e7\u00e3o<\/h2>\n<hr \/>\n<h1><a style=\"font-size: 16px; background-color: #ffffff;\" href=\"https:\/\/bright-china.com\/product\/selective-power-limit-protector\/\"><strong>Protetor de contagem de energia de reconex\u00e3o autom\u00e1tica<\/strong><\/a><span style=\"font-size: 16px;\"> O JGDL-63 \u00e9 um protetor limitador de corrente do tipo medi\u00e7\u00e3o de energia, que fornece m\u00faltiplas fun\u00e7\u00f5es de prote\u00e7\u00e3o para sobretens\u00e3o, subtens\u00e3o, sobrecorrente, fuga, temperatura, frequ\u00eancia e medi\u00e7\u00e3o de energia. O protetor abrangente da Neng pode definir todos os par\u00e2metros de prote\u00e7\u00e3o de acordo com a procura de eletricidade, assegurando que a sobretens\u00e3o, subtens\u00e3o, sobrecorrente, curto-circuito, fuga, etc. ocorrem no circuito. Em caso de falha, o protetor pode cortar instantaneamente o fornecimento de energia e proteger o equipamento el\u00e9trico contra danos.<\/span><\/h1>\n<p>Esta s\u00e9rie de produtos tem uma estrutura compacta, uma apar\u00eancia bonita e uma instala\u00e7\u00e3o de carril padr\u00e3o. \u00c9 principalmente adequado para a distribui\u00e7\u00e3o de energia dom\u00e9stica, dormit\u00f3rios, quartos de aluguer e outras ocasi\u00f5es.<\/p>\n<h2>Condi\u00e7\u00f5es e par\u00e2metros de trabalho<\/h2>\n<hr \/>\n<div style=\"overflow-x: auto;\"><\/div>\n<p>2.1. O produto desliga-se automaticamente no espa\u00e7o de 1 segundo em caso de sobretens\u00e3o, subtens\u00e3o, sobrecorrente ou fuga durante a primeira liga\u00e7\u00e3o;<\/p>\n<p>2.2. Par\u00e2metros de prote\u00e7\u00e3o actuais:<\/p>\n<p>a. \u2265 1,0 vezes a corrente, intervalo de defini\u00e7\u00e3o 1-120 segundos, predefini\u00e7\u00e3o 10 segundos<\/p>\n<p>b. \u2265 1,2 vezes a corrente de curto-circuito, 0,1 segundos para abrir o circuito<\/p>\n<p>2.3. A temperatura ambiente n\u00e3o deve exceder+40 \u2103, n\u00e3o deve ser inferior a -5 \u2103, e a temperatura m\u00e9dia durante 24 horas n\u00e3o deve exceder+35 \u2103; A+40 \u2103, a humidade do ar circundante n\u00e3o deve exceder 50%.<\/p>\n<p>2.4. O n\u00edvel do mar no local da instala\u00e7\u00e3o n\u00e3o deve exceder 2000 metros.5. N\u00edvel de polui\u00e7\u00e3o III.6. N\u00e3o existem meios explosivos perigosos, nem gases corrosivos ou isolantes, nem poeiras condutoras no ambiente da instala\u00e7\u00e3o. Tamb\u00e9m n\u00e3o existem \u00e1reas afectadas pela chuva ou neve.<\/p>\n<p><strong>Documentos t\u00e9cnicos\uff1a<\/strong>protetor limitador de corrente do tipo contador de energia<\/p>\n<h2>3\u3001Configura\u00e7\u00f5es do protetor de medi\u00e7\u00e3o de energia<\/h2>\n<hr \/>\n<table style=\"border-collapse: collapse; width: 100%; border-color: #969696; height: 65px;\" border=\"0\" width=\"100%\" cellspacing=\"0\" cellpadding=\"0\">\n<tbody>\n<tr style=\"height: 13.50pt;\">\n<td class=\"et2\" style=\"height: 13px; width: 159.4pt; background-color: #060a30; text-align: center;\" width=\"212\" height=\"18\"><span style=\"color: #ffffff;\">Tipo<\/span><\/td>\n<td class=\"et3\" style=\"width: 89.95pt; background-color: #060a30; text-align: center; height: 13px;\" width=\"119\"><span style=\"color: #ffffff;\">JGDL-63<\/span><\/td>\n<\/tr>\n<tr style=\"height: 13.50pt;\">\n<td class=\"et4\" style=\"height: 13px;\" height=\"18\">Intervalo de regula\u00e7\u00e3o atual<\/td>\n<td class=\"et4\" style=\"height: 13px;\"><span class=\"font2\">63A(2<\/span><span class=\"font3\">~<\/span><span class=\"font2\">63A)<\/span><\/td>\n<\/tr>\n<tr style=\"height: 13.50pt;\">\n<td class=\"et4\" style=\"height: 13px; background-color: #dedede;\" height=\"18\">Intervalo de regula\u00e7\u00e3o da sobretens\u00e3o<\/td>\n<td class=\"et4\" style=\"height: 13px; background-color: #dedede;\"><span class=\"font2\">AC270V(210<\/span><span class=\"font3\">~<\/span><span class=\"font2\">300V)<\/span><\/td>\n<\/tr>\n<tr style=\"height: 13.50pt;\">\n<td class=\"et4\" style=\"height: 13px;\" height=\"18\">Gama de regula\u00e7\u00e3o da subtens\u00e3o<\/td>\n<td class=\"et4\" style=\"height: 13px;\"><span class=\"font2\">AC170V(80<\/span><span class=\"font3\">~<\/span><span class=\"font2\">200V)<\/span><\/td>\n<\/tr>\n<tr style=\"height: 13.50pt;\">\n<td class=\"et4\" style=\"height: 13px; background-color: #dedede;\" height=\"18\">Intervalo de regula\u00e7\u00e3o da corrente de fuga<\/td>\n<td class=\"et4\" style=\"height: 13px; background-color: #dedede;\"><span class=\"font2\">20mA(5<\/span><span class=\"font3\">~<\/span><span class=\"font2\">300mA)<\/span><\/td>\n<\/tr>\n<\/tbody>\n<\/table>\n<p>3.1. Bot\u00e3o de defini\u00e7\u00f5es: Premir e manter premido o bot\u00e3o de defini\u00e7\u00f5es durante 2 segundos para entrar no modo de defini\u00e7\u00f5es. Depois de entrar no modo de defini\u00e7\u00f5es, prima-o uma vez para aceder ao menu de defini\u00e7\u00f5es seguinte;<\/p>\n<p>3.2. Tecla Shift: No estado de defini\u00e7\u00e3o, \u00e9 a fun\u00e7\u00e3o de desloca\u00e7\u00e3o digital;<\/p>\n<p>3.3. Chave de dados: consulta a \u00faltima informa\u00e7\u00e3o de falha do produto e altera os par\u00e2metros que t\u00eam de ser definidos aquando da defini\u00e7\u00e3o do estado;<\/p>\n<p>3.4. Bot\u00e3o de rearme: Quando ocorre a primeira sobrecorrente ou fuga, o produto fecha-se automaticamente ap\u00f3s um per\u00edodo de tempo de reinicializa\u00e7\u00e3o especificado. Quando ocorre a segunda sobreintensidade ou fuga, \u00e9 necess\u00e1rio confirmar manualmente que n\u00e3o existe qualquer falha no circuito. Depois de premir manualmente o bot\u00e3o de reposi\u00e7\u00e3o, o produto fecha-se. Quando estiver no estado definido, prima o bot\u00e3o de reposi\u00e7\u00e3o durante 1 segundo para guardar e sair do estado definido,<\/p>\n<p>Prima e mantenha premido o bot\u00e3o de reposi\u00e7\u00e3o durante a visualiza\u00e7\u00e3o em tempo real para abrir o produto e prima-o novamente para o fechar.<\/p>\n<h2>4\u3001Protetor de medi\u00e7\u00e3o de energia Descri\u00e7\u00e3o do painel<\/h2>\n<hr \/>\n<p><img fetchpriority=\"high\" decoding=\"async\" class=\"alignnone\" src=\"https:\/\/bright-china.com\/wp-content\/uploads\/2025\/04\/\u83dc\u5355\u8bf4\u660e-\u82f1\u6587\u7248.jpg\" alt=\"menu de configura\u00e7\u00e3o do protetor de medi\u00e7\u00e3o de energia\" width=\"828\" height=\"653\" \/><\/p>\n<h2>5.Dimens\u00f5es<\/h2>\n<hr \/>\n<p><img decoding=\"async\" class=\"alignnone size-full wp-image-8880 lazyload\" data-src=\"https:\/\/bright-china.com\/wp-content\/uploads\/2025\/04\/Display-menu-for-selective-power-limit-protector.webp\" alt=\"Menu de visualiza\u00e7\u00e3o do protetor seletivo de limita\u00e7\u00e3o de pot\u00eancia\" width=\"687\" height=\"533\" data-srcset=\"https:\/\/bright-china.com\/wp-content\/uploads\/2025\/04\/Display-menu-for-selective-power-limit-protector.webp 687w, https:\/\/bright-china.com\/wp-content\/uploads\/2025\/04\/Display-menu-for-selective-power-limit-protector-300x233.webp 300w, https:\/\/bright-china.com\/wp-content\/uploads\/2025\/04\/Display-menu-for-selective-power-limit-protector-15x12.webp 15w, https:\/\/bright-china.com\/wp-content\/uploads\/2025\/04\/Display-menu-for-selective-power-limit-protector-600x466.webp 600w\" data-sizes=\"(max-width: 687px) 100vw, 687px\" src=\"data:image\/svg+xml;base64,PHN2ZyB3aWR0aD0iMSIgaGVpZ2h0PSIxIiB4bWxucz0iaHR0cDovL3d3dy53My5vcmcvMjAwMC9zdmciPjwvc3ZnPg==\" style=\"--smush-placeholder-width: 687px; --smush-placeholder-aspect-ratio: 687\/533;\" \/><\/p>\n<h2><a href=\"https:\/\/www.elejg.com\/?product\/\"><strong>Protetor de contagem de energia de reconex\u00e3o autom\u00e1tica<\/strong> <\/a>Deveria ser um plano<\/h2>\n<hr \/>\n<figure id=\"attachment_6111\" class=\"wp-caption alignleft\" aria-describedby=\"caption-attachment-6111\"><img decoding=\"async\" class=\"alignleft wp-image-6111 size-full lazyload\" data-src=\"https:\/\/bright-china.com\/wp-content\/uploads\/2025\/04\/\u63a5\u7ebf\u56fe-\u8fc7\u6b20\u538b-3.jpg\" data-sizes=\"(max-width: 600px) 100vw, 600px\" data-srcset=\"https:\/\/bright-china.com\/wp-content\/uploads\/2025\/04\/\u63a5\u7ebf\u56fe-\u8fc7\u6b20\u538b-3.jpg 600w, https:\/\/bright-china.com\/wp-content\/uploads\/2025\/04\/\u63a5\u7ebf\u56fe-\u8fc7\u6b20\u538b-3-159x300.jpg 159w, https:\/\/bright-china.com\/wp-content\/uploads\/2025\/04\/\u63a5\u7ebf\u56fe-\u8fc7\u6b20\u538b-3-542x1024.jpg 542w, https:\/\/bright-china.com\/wp-content\/uploads\/2025\/04\/\u63a5\u7ebf\u56fe-\u8fc7\u6b20\u538b-3-6x12.jpg 6w\" alt=\"protectores contra sobretens\u00e3o e subtens\u00e3o\" width=\"600\" height=\"1133\" src=\"data:image\/svg+xml;base64,PHN2ZyB3aWR0aD0iMSIgaGVpZ2h0PSIxIiB4bWxucz0iaHR0cDovL3d3dy53My5vcmcvMjAwMC9zdmciPjwvc3ZnPg==\" style=\"--smush-placeholder-width: 600px; --smush-placeholder-aspect-ratio: 600\/1133;\" \/><figcaption id=\"caption-attachment-6111\" class=\"wp-caption-text\">protectores contra sobretens\u00e3o e subtens\u00e3o<\/figcaption><\/figure>\n<h3 data-slate-node=\"element\"><span class=\"null hover-sent\" style=\"color: #ff0000;\" data-slate-leaf=\"true\" data-sent-id=\"ejrkgDPYqe\">Aviso:<\/span><\/h3>\n<div data-slate-node=\"element\"><span data-slate-node=\"text\"><span class=\"null hover-sent\" data-slate-leaf=\"true\" data-sent-id=\"ejrkgDPYqe\">Os fios N e L n\u00e3o devem ser ligados de forma incorrecta.<\/span><\/span><\/div>\n<div data-slate-node=\"element\" data-slate-fragment=\"JTVCJTdCJTIydHlwZSUyMiUzQSUyMnBhcmFncmFwaCUyMiUyQyUyMmNoaWxkcmVuJTIyJTNBJTVCJTdCJTIyaWQlMjIlM0ElMjJlanJrZ0RQWXFlJTIyJTJDJTIycGFyYUlkeCUyMiUzQTElMkMlMjJzcmMlMjIlM0ElMjJBdHRlbnRpb24lM0ElMjBUaGUlMjBOJTIwYW5kJTIwTCUyMHdpcmVzJTIwbXVzdCUyMG5vdCUyMGJlJTIwY29ubmVjdGVkJTIwaW5jb3JyZWN0bHkuJTIyJTJDJTIyZHN0JTIyJTNBJTIyJUU2JUIzJUE4JUU2JTg0JThGJUVGJUJDJTlBTiVFNSU5MiU4Q0wlRTclQkElQkYlRTQlQjglOEQlRTUlQkUlOTclRTglQkYlOUUlRTYlOEUlQTUlRTklOTQlOTklRTglQUYlQUYlRTMlODAlODIlMjIlMkMlMjJtZXRhZGF0YSUyMiUzQSUyMiUyMiUyQyUyMm1hdGNoZXMlMjIlM0FudWxsJTJDJTIybWV0YURhdGElMjIlM0ElNUIlNUQlMkMlMjJ0ZXh0JTIyJTNBJTIyVGhlJTIwTiUyMGFuZCUyMEwlMjB3aXJlcyUyMG11c3QlMjBub3QlMjBiZSUyMGNvbm5lY3RlZCUyMGluY29ycmVjdGx5LiUyMiU3RCU1RCU3RCUyQyU3QiUyMnR5cGUlMjIlM0ElMjJwYXJhZ3JhcGglMjIlMkMlMjJjaGlsZHJlbiUyMiUzQSU1QiU3QiUyMmlkJTIyJTNBJTIyVk5ETmRqOUFiQiUyMiUyQyUyMnBhcmFJZHglMjIlM0EyJTJDJTIyc3JjJTIyJTNBJTIyQWxsJTIwdGVybWluYWxzJTIwbXVzdCUyMGJlJTIwdGlnaHRlbmVkJTIwdG8lMjBwcmV2ZW50JTIwZmFsc2UlMjBjb25uZWN0aW9ucyUyMHRoYXQlMjBjb3VsZCUyMGJ1cm4lMjBvdXQlMjB0aGUlMjBwcm90ZWN0b3IuJTIyJTJDJTIyZHN0JTIyJTNBJTIyJUU2JTg5JTgwJUU2JTlDJTg5JUU3JUFCJUFGJUU1JUFEJTkwJUU1JUJGJTg1JUU5JUExJUJCJUU2JThCJUE3JUU3JUI0JUE3JUVGJUJDJThDJUU0JUJCJUE1JUU5JTk4JUIyJUU2JUFEJUEyJUU1JThGJUFGJUU4JTgzJUJEJUU3JTgzJUE3JUU1JTlEJThGJUU0JUJGJTlEJUU2JThBJUE0JUU1JTk5JUE4JUU3JTlBJTg0JUU5JTk0JTk5JUU4JUFGJUFGJUU4JUJGJTlFJUU2JThFJUE1JUUzJTgwJTgyJTIyJTJDJTIybWV0YWRhdGElMjIlM0ElMjIlMjIlMkMlMjJtYXRjaGVzJTIyJTNBbnVsbCUyQyUyMm1ldGFEYXRhJTIyJTNBJTVCJTVEJTJDJTIydGV4dCUyMiUzQSUyMkFsbCUyMHRlcm1pbmFscyUyMG11c3QlMjBiZSUyMHRpZ2h0ZW5lZCUyMHRvJTIwcHJldmVudCUyMGZhbHNlJTIwY29ubmVjdGlvbnMlMjB0aGF0JTIwY291bGQlMjBidXJuJTIwb3V0JTIwdGhlJTIwcHJvdGVjdG9yLiUyMiU3RCU1RCU3RCU1RA==\"><span data-slate-node=\"text\"><span class=\"null\" data-slate-leaf=\"true\" data-sent-id=\"VNDNdj9AbB\">Todos os terminais devem ser apertados para evitar liga\u00e7\u00f5es falsas que possam queimar o protetor.<\/span><\/span><\/div>\n<h2 class=\"wp-block-heading\"><\/h2>\n<h2><strong>Informa\u00e7\u00f5es sobre o pacote padr\u00e3o<\/strong><\/h2>\n<hr \/>\n<div style=\"overflow-x: auto; margin: 1em 0; border-radius: 4px; box-shadow: 0 2px 5px rgba(0,0,0,0.1);\">\n<p><img decoding=\"async\" class=\"alignnone wp-image-8832 size-medium lazyload\" data-src=\"https:\/\/bright-china.com\/wp-content\/uploads\/2025\/04\/Packaging-box-for-protector--300x300.webp\" alt=\"Caixa de embalagem para o protetor\" width=\"300\" height=\"300\" data-srcset=\"https:\/\/bright-china.com\/wp-content\/uploads\/2025\/04\/Packaging-box-for-protector--300x300.webp 300w, https:\/\/bright-china.com\/wp-content\/uploads\/2025\/04\/Packaging-box-for-protector--150x150.webp 150w, https:\/\/bright-china.com\/wp-content\/uploads\/2025\/04\/Packaging-box-for-protector--12x12.webp 12w, https:\/\/bright-china.com\/wp-content\/uploads\/2025\/04\/Packaging-box-for-protector--600x600.webp 600w, https:\/\/bright-china.com\/wp-content\/uploads\/2025\/04\/Packaging-box-for-protector--100x100.webp 100w, https:\/\/bright-china.com\/wp-content\/uploads\/2025\/04\/Packaging-box-for-protector-.webp 750w\" data-sizes=\"(max-width: 300px) 100vw, 300px\" src=\"data:image\/svg+xml;base64,PHN2ZyB3aWR0aD0iMSIgaGVpZ2h0PSIxIiB4bWxucz0iaHR0cDovL3d3dy53My5vcmcvMjAwMC9zdmciPjwvc3ZnPg==\" style=\"--smush-placeholder-width: 300px; --smush-placeholder-aspect-ratio: 300\/300;\" \/><\/p>\n<table style=\"min-width: 580px; border-collapse: collapse; font-family: sans-serif;\">\n<thead>\n<tr style=\"background: #f8f9fa;\">\n<th style=\"padding: 12px 15px; border: 1px solid #dfe2e5; text-align: left;\">Dimens\u00e3o da caixa de cart\u00e3o (cm)<\/th>\n<th style=\"padding: 12px 15px; border: 1px solid #dfe2e5; text-align: left;\">Lista de embalagem<\/th>\n<th style=\"padding: 12px 15px; border: 1px solid #dfe2e5; text-align: center;\">QUANTIDADE<\/th>\n<th style=\"padding: 12px 15px; border: 1px solid #dfe2e5; text-align: center;\">Peso bruto (kg)<\/th>\n<\/tr>\n<\/thead>\n<tbody>\n<tr>\n<td style=\"padding: 12px 15px; border: 1px solid #dfe2e5;\">45,5 cm \u00d7 23,5 cm \u00d7 31,5 cm<\/td>\n<td style=\"padding: 12px 15px; border: 1px solid #dfe2e5;\">protetor<\/td>\n<td style=\"padding: 12px 15px; border: 1px solid #dfe2e5; text-align: center;\">120 unidades<\/td>\n<td style=\"padding: 12px 15px; border: 1px solid #dfe2e5; text-align: center;\">20 kg<\/td>\n<\/tr>\n<\/tbody>\n<\/table>\n<\/div>\n<p><a href=\"https:\/\/bright-china.com\/digital-display-current-and-voltage-protector\/\">Protetor de corrente e tens\u00e3o ajust\u00e1vel com ecr\u00e3 digital<\/a><\/p>","protected":false},"excerpt":{"rendered":"<p><span data-slate-fragment=\"JTVCJTdCJTIydHlwZSUyMiUzQSUyMnBhcmFncmFwaCUyMiUyQyUyMmNoaWxkcmVuJTIyJTNBJTVCJTdCJTIyaWQlMjIlM0ElMjJWQWJRSkp4MVB6JTIyJTJDJTIycGFyYUlkeCUyMiUzQTAlMkMlMjJzcmMlMjIlM0ElMjJBdXRvbWF0aWMlMjByZWNvbm5lY3Rpb24lMjAlMjBlbmVyZ3klMjBtZXRlcmluZyUyMHByb3RlY3RvciUyMCUyMiUyQyUyMmRzdCUyMiUzQSUyMiVFOCU4NyVBQSVFNSU4QSVBOCVFOSU4NyU4RCVFNiU5NiVCMCVFOCVCRiU5RSVFNiU4RSVBNSVFNyU5NCVCNSVFOCU4MyVCRCVFOCVBRSVBMSVFOSU4NyU4RiVFNCVCRiU5RCVFNiU4QSVBNCVFNSU5OSVBOCUyMiUyQyUyMm1ldGFkYXRhJTIyJTNBJTIyJTIyJTJDJTIybWF0Y2hlcyUyMiUzQW51bGwlMkMlMjJtZXRhRGF0YSUyMiUzQSU1QiU1RCUyQyUyMnRleHQlMjIlM0ElMjJBdXRvbWF0aWMlMjByZWNvbm5lY3Rpb24lMjAlMjBlbmVyZ3klMjBtZXRlcmluZyUyMHByb3RlY3RvciUyMCUyMiU3RCU1RCU3RCU1RA==\">\u00a0 Reconex\u00e3o autom\u00e1tica de contadores de energia <a href=\"https:\/\/bright-china.com\/product\/current-limiting-fire-alarm-protector\/\">protetor<\/a>\u00a0 <\/span>O JGDL-63 \u00e9 um protetor limitador de corrente do tipo medi\u00e7\u00e3o de energia, que fornece m\u00faltiplas fun\u00e7\u00f5es de prote\u00e7\u00e3o para sobretens\u00e3o, subtens\u00e3o, sobrecorrente, fuga, temperatura, frequ\u00eancia e medi\u00e7\u00e3o de energia.<\/p>","protected":false},"featured_media":8754,"template":"","meta":{"_acf_changed":false,"site-sidebar-layout":"default","site-content-layout":"","ast-site-content-layout":"default","site-content-style":"default","site-sidebar-style":"default","ast-global-header-display":"","ast-banner-title-visibility":"","ast-main-header-display":"","ast-hfb-above-header-display":"","ast-hfb-below-header-display":"","ast-hfb-mobile-header-display":"","site-post-title":"","ast-breadcrumbs-content":"","ast-featured-img":"","footer-sml-layout":"","theme-transparent-header-meta":"default","adv-header-id-meta":"","stick-header-meta":"default","header-above-stick-meta":"","header-main-stick-meta":"","header-below-stick-meta":"","astra-migrate-meta-layouts":"set","ast-page-background-enabled":"default","ast-page-background-meta":{"desktop":{"background-color":"","background-image":"","background-repeat":"repeat","background-position":"center center","background-size":"auto","background-attachment":"scroll","background-type":"","background-media":"","overlay-type":"","overlay-color":"","overlay-opacity":"","overlay-gradient":""},"tablet":{"background-color":"","background-image":"","background-repeat":"repeat","background-position":"center center","background-size":"auto","background-attachment":"scroll","background-type":"","background-media":"","overlay-type":"","overlay-color":"","overlay-opacity":"","overlay-gradient":""},"mobile":{"background-color":"","background-image":"","background-repeat":"repeat","background-position":"center center","background-size":"auto","background-attachment":"scroll","background-type":"","background-media":"","overlay-type":"","overlay-color":"","overlay-opacity":"","overlay-gradient":""}},"ast-content-background-meta":{"desktop":{"background-color":"var(--ast-global-color-5)","background-image":"","background-repeat":"repeat","background-position":"center center","background-size":"auto","background-attachment":"scroll","background-type":"","background-media":"","overlay-type":"","overlay-color":"","overlay-opacity":"","overlay-gradient":""},"tablet":{"background-color":"var(--ast-global-color-5)","background-image":"","background-repeat":"repeat","background-position":"center center","background-size":"auto","background-attachment":"scroll","background-type":"","background-media":"","overlay-type":"","overlay-color":"","overlay-opacity":"","overlay-gradient":""},"mobile":{"background-color":"var(--ast-global-color-5)","background-image":"","background-repeat":"repeat","background-position":"center center","background-size":"auto","background-attachment":"scroll","background-type":"","background-media":"","overlay-type":"","overlay-color":"","overlay-opacity":"","overlay-gradient":""}},"_seo_title":"Automatic reconnection energy metering protector JGDL-63","_seo_keywords":"Automatic reconnection energy metering protector, under voltage protectors, adjustable voltage protector","_seo_description":"\u00a0 Automatic reconnection energy metering protector\u00a0 JGDL-63 is an energy metering type current limiting protector, which provides multiple protection"},"product_brand":[],"product_cat":[15,70,65,69,64,57],"product_tag":[91,117,99,118,93],"class_list":{"0":"post-4441","1":"product","2":"type-product","3":"status-publish","4":"has-post-thumbnail","6":"product_cat-product","7":"product_cat-small-ammeter","8":"product_cat-current-and-voltage-protector","9":"product_cat-voltmeter-ammeter","10":"product_cat-smart-meter","11":"product_cat-smart-protector","12":"product_tag-adjustable-over-under-voltage-protector","13":"product_tag-automatic-reset-over-and-under-voltage-protector","14":"product_tag-current-limiting-protector","15":"product_tag-digital-display-adjustable-voltage-and-current-protector","16":"product_tag-voltage-protector","17":"desktop-align-center","18":"tablet-align-left","19":"mobile-align-left","20":"ast-product-gallery-layout-horizontal-slider","22":"first","23":"instock","24":"sale","25":"featured","26":"shipping-taxable","27":"purchasable","28":"product-type-simple"},"acf":[],"seo_title":"Automatic reconnection energy metering protector JGDL-63","seo_keywords":"Automatic reconnection energy metering protector, under voltage protectors, adjustable voltage protector","seo_description":"\u00a0 Automatic reconnection energy metering protector\u00a0 JGDL-63 is an energy metering type current limiting protector, which provides multiple protection","seo_score":"95","product_seo_keywords":"","_links":{"self":[{"href":"https:\/\/bright-china.com\/pt\/wp-json\/wp\/v2\/product\/4441","targetHints":{"allow":["GET"]}}],"collection":[{"href":"https:\/\/bright-china.com\/pt\/wp-json\/wp\/v2\/product"}],"about":[{"href":"https:\/\/bright-china.com\/pt\/wp-json\/wp\/v2\/types\/product"}],"wp:featuredmedia":[{"embeddable":true,"href":"https:\/\/bright-china.com\/pt\/wp-json\/wp\/v2\/media\/8754"}],"wp:attachment":[{"href":"https:\/\/bright-china.com\/pt\/wp-json\/wp\/v2\/media?parent=4441"}],"wp:term":[{"taxonomy":"product_brand","embeddable":true,"href":"https:\/\/bright-china.com\/pt\/wp-json\/wp\/v2\/product_brand?post=4441"},{"taxonomy":"product_cat","embeddable":true,"href":"https:\/\/bright-china.com\/pt\/wp-json\/wp\/v2\/product_cat?post=4441"},{"taxonomy":"product_tag","embeddable":true,"href":"https:\/\/bright-china.com\/pt\/wp-json\/wp\/v2\/product_tag?post=4441"}],"curies":[{"name":"wp","href":"https:\/\/api.w.org\/{rel}","templated":true}]}}