{"id":4442,"date":"2025-04-27T02:23:54","date_gmt":"2025-04-27T02:23:54","guid":{"rendered":"https:\/\/bright-china.com\/?post_type=product&#038;p=4442"},"modified":"2026-01-01T17:35:44","modified_gmt":"2026-01-02T00:35:44","slug":"jgafdd-63","status":"publish","type":"product","link":"https:\/\/bright-china.com\/pt\/produto\/jgafdd-63\/","title":{"rendered":"Dispositivos de dete\u00e7\u00e3o de falha de arco JGAFDD-63"},"content":{"rendered":"<h2><strong>Introdu\u00e7\u00e3o<\/strong><\/h2>\n<hr \/>\n<p><strong>\u00a0 \u00a0<\/strong><a href=\"https:\/\/bright-china.com\/digital-display-current-and-voltage-protector\/\">Dispositivos de dete\u00e7\u00e3o de falha de arco (AFDD)<\/a>\u00c9 constitu\u00eddo por um disjuntor miniatura e um m\u00f3dulo de prote\u00e7\u00e3o contra falhas de arco, e tem fun\u00e7\u00f5es de prote\u00e7\u00e3o como sobrecarga, curto-circuito e prote\u00e7\u00e3o contra falhas de arco.<\/p>\n<p>AFDD Adequado para comunica\u00e7\u00e3o 50Hz, tens\u00e3o nominal 230V, corrente nominal at\u00e9 63A Nas linhas seguintes, \u00e9 utilizado para proteger o<a href=\"https:\/\/elejg.com\/\"> sobre corrente<\/a> das linhas de edif\u00edcios e fins semelhantes e, ao mesmo tempo, pode detetar antecipadamente muitos riscos de inc\u00eandio causados pela rutura de dispositivos el\u00e9ctricos ou pelo envelhecimento dos fios, e proteger contra falhas de arco de liga\u00e7\u00e3o \u00e0 terra, falhas de arco paralelo e falhas de arco em s\u00e9rie. Em certa medida, a ocorr\u00eancia de acidentes de seguran\u00e7a contra inc\u00eandios foi reduzida e a seguran\u00e7a da vida e dos bens das pessoas foi efetivamente protegida.<\/p>\n<h2><strong>Carater\u00edsticas do produto AFDD<\/strong><\/h2>\n<hr \/>\n<table style=\"border-collapse: collapse; width: 100%; border-color: #969696;\" border=\"0\" width=\"100%\" cellspacing=\"0\" cellpadding=\"0\">\n<tbody>\n<tr style=\"height: 13.50pt;\">\n<td class=\"et2\" style=\"height: 13.5pt; width: 40.2421%; background-color: #060a30;\" width=\"212\" height=\"18\"><span style=\"color: #ffffff;\">Tipo<\/span><\/td>\n<td class=\"et3\" style=\"width: 59.6823%; background-color: #060a30;\" width=\"119\"><span style=\"color: #ffffff;\">JGAFDD-63<\/span><\/td>\n<\/tr>\n<tr style=\"height: 36.00pt;\">\n<td class=\"et4\" style=\"height: 36pt; width: 40.2421%;\" height=\"48\">Especifica\u00e7\u00f5es actuais<\/td>\n<td class=\"et5\" style=\"width: 59.6823%;\" width=\"119\">6A,10A,16A,20A,25A,32A,40A,50A,63A<\/td>\n<\/tr>\n<tr style=\"height: 13.50pt;\">\n<td class=\"et4\" style=\"height: 13.5pt; background-color: #dedede; width: 40.2421%;\" height=\"18\">Postes<\/td>\n<td class=\"et4\" style=\"background-color: #dedede; width: 59.6823%;\">2P\uff0c4P<\/td>\n<\/tr>\n<tr style=\"height: 13.50pt;\">\n<td class=\"et4\" style=\"height: 13.5pt; width: 40.2421%;\" height=\"18\">Tens\u00e3o de funcionamento<\/td>\n<td class=\"et4\" style=\"width: 59.6823%;\">AC230V<\/td>\n<\/tr>\n<tr>\n<td style=\"width: 40.2421%; background-color: #dedede;\">Conformidade com<\/td>\n<td style=\"width: 59.6823%; background-color: #dedede;\">GB\/T 31143-2025<\/td>\n<\/tr>\n<\/tbody>\n<\/table>\n<p>a\uff09Prote\u00e7\u00e3o contra sobrecarga e atrasos longos;<\/p>\n<p>b\uff09Prote\u00e7\u00e3o contra sobrecarga e curto-atraso;<\/p>\n<p>c\uff09Prote\u00e7\u00e3o de disparo instant\u00e2neo;<\/p>\n<p>d\uff09Prote\u00e7\u00e3o contra arco el\u00e9trico em s\u00e9rie;<\/p>\n<p>e\uff09Prote\u00e7\u00e3o contra falhas de arco em paralelo;<\/p>\n<p>FGprotec\u00e7\u00e3o contra arco voltaico;<\/p>\n<p>g\uff09M\u00faltiplas especifica\u00e7\u00f5es de corrente.<\/p>\n<p>&nbsp;<\/p>\n<h2><strong>\u00a0Condi\u00e7\u00f5es de trabalho e de instala\u00e7\u00e3o do AFDD<\/strong><\/h2>\n<hr \/>\n<p>aTemperatura ambiente do ar<\/p>\n<p>A temperatura do ar ambiente n\u00e3o \u00e9 maior+70\u2103,N\u00e3o menos que-35\u2103\uff0c24A m\u00e9dia das horas n\u00e3o excede+35\u2103\uff1b<\/p>\n<p>Nota: A temperatura do ar ambiente \u00e9 superior+70\u2103ou inferior-35\u2103condi\u00e7\u00f5es de utiliza\u00e7\u00e3o AFDD A prote\u00e7\u00e3o contra falhas de arco est\u00e1 desligada O roader deve ser negociado com o fabricante;<\/p>\n<p>bAltitude<\/p>\n<p>A altitude do local de instala\u00e7\u00e3o n\u00e3o excede 2000m\uff1b<\/p>\n<p>cCondi\u00e7\u00f5es atmosf\u00e9ricas<\/p>\n<p>A umidade relativa da atmosfera est\u00e1 em sua temperatura mais alta nos arredores+60\u2103tempo n\u00e3o excedido 50%, que pode ter uma fase mais alta em temperaturas mais baixas para umidade, por exemplo, 20\u2103tempo 90%, para condensa\u00e7\u00e3o ocasional devido a mudan\u00e7as de temperatura, medidas de prote\u00e7\u00e3o devem ser tomadas;<\/p>\n<p>dCondi\u00e7\u00f5es de instala\u00e7\u00e3o<\/p>\n<p>Protetor de falha de arcoO campo magn\u00e9tico externo pr\u00f3ximo ao local de instala\u00e7\u00e3o n\u00e3o deve exceder o campo geomagn\u00e9tico em qualquer dire\u00e7\u00e3o5Fold; A posi\u00e7\u00e3o de instala\u00e7\u00e3o deve ser vertical e a inclina\u00e7\u00e3o em todas as dire\u00e7\u00f5es n\u00e3o deve exceder 10 \u00b0; Instalado em um local onde n\u00e3o h\u00e1 vibra\u00e7\u00e3o de choque e sem chuva ou neve Quadrado; Adote os padr\u00f5es TH35-7.5 instala\u00e7\u00e3o de trilho de instala\u00e7\u00e3o de a\u00e7o de se\u00e7\u00e3o;<\/p>\n<p>ePolui\u00e7\u00e3o N\u00edvel:2 n\u00edvel<\/p>\n<p>fCategoria de instala\u00e7\u00e3o:\u2162Tipo;<\/p>\n<p>gProtec\u00e7\u00e3o de entrada:IP20(Instalado numa caixa de distribui\u00e7\u00e3o, arm\u00e1rio de distribui\u00e7\u00e3o ou caixa.) IP40\uff09\uff1b<\/p>\n<p>hCom ele N Aquando da cablagem, o fio neutro deve ser ligado \u00e0 marca N Identifica\u00e7\u00e3o dos p\u00f3los.<\/p>\n<h2><strong>Dimens\u00e3o dos dispositivos de dete\u00e7\u00e3o de falha de arco<\/strong><\/h2>\n<hr \/>\n<p><img fetchpriority=\"high\" decoding=\"async\" class=\"alignnone wp-image-8772 size-full\" src=\"https:\/\/bright-china.com\/wp-content\/uploads\/2025\/04\/External-dimensions-of-arc-fault-detection-device-JGAFDD-63.webp\" alt=\"dispositivo de dete\u00e7\u00e3o de defeitos de arco JGAFDD-63\" width=\"800\" height=\"458\" srcset=\"https:\/\/bright-china.com\/wp-content\/uploads\/2025\/04\/External-dimensions-of-arc-fault-detection-device-JGAFDD-63.webp 800w, https:\/\/bright-china.com\/wp-content\/uploads\/2025\/04\/External-dimensions-of-arc-fault-detection-device-JGAFDD-63-300x172.webp 300w, https:\/\/bright-china.com\/wp-content\/uploads\/2025\/04\/External-dimensions-of-arc-fault-detection-device-JGAFDD-63-768x440.webp 768w, https:\/\/bright-china.com\/wp-content\/uploads\/2025\/04\/External-dimensions-of-arc-fault-detection-device-JGAFDD-63-18x10.webp 18w, https:\/\/bright-china.com\/wp-content\/uploads\/2025\/04\/External-dimensions-of-arc-fault-detection-device-JGAFDD-63-600x344.webp 600w\" sizes=\"(max-width: 800px) 100vw, 800px\" \/><\/p>","protected":false},"excerpt":{"rendered":"<p>Dispositivos de dete\u00e7\u00e3o de falha de arco (<a href=\"https:\/\/bright-china.com\/en\/afci-afdd\/\" title=\"\u67e5\u770b\u66f4\u591a\u5173\u4e8eAFDD\u7684\u4fe1\u606f\" class=\"seo-keyword-link\" style=\"font-weight: bold; color: inherit; text-decoration: underline; border-bottom: 1px dotted #667eea;\">AFDD<\/a> ): hereinafter referred to as the protector, effectively detects the fault arc in the access line, including the fault parallel arc and the fault series arc, and when the fault arc that causes fire is detected in the line, the power off function can be carried out to achieve the purpose of early warning of fire. The fault arc protector is suitable for electrical circuits of 10KW and below in industrial and civil buildings<\/p>","protected":false},"featured_media":8767,"template":"","meta":{"_acf_changed":false,"site-sidebar-layout":"default","site-content-layout":"","ast-site-content-layout":"default","site-content-style":"default","site-sidebar-style":"default","ast-global-header-display":"","ast-banner-title-visibility":"","ast-main-header-display":"","ast-hfb-above-header-display":"","ast-hfb-below-header-display":"","ast-hfb-mobile-header-display":"","site-post-title":"","ast-breadcrumbs-content":"","ast-featured-img":"","footer-sml-layout":"","theme-transparent-header-meta":"default","adv-header-id-meta":"","stick-header-meta":"default","header-above-stick-meta":"","header-main-stick-meta":"","header-below-stick-meta":"","astra-migrate-meta-layouts":"set","ast-page-background-enabled":"default","ast-page-background-meta":{"desktop":{"background-color":"","background-image":"","background-repeat":"repeat","background-position":"center center","background-size":"auto","background-attachment":"scroll","background-type":"","background-media":"","overlay-type":"","overlay-color":"","overlay-opacity":"","overlay-gradient":""},"tablet":{"background-color":"","background-image":"","background-repeat":"repeat","background-position":"center center","background-size":"auto","background-attachment":"scroll","background-type":"","background-media":"","overlay-type":"","overlay-color":"","overlay-opacity":"","overlay-gradient":""},"mobile":{"background-color":"","background-image":"","background-repeat":"repeat","background-position":"center center","background-size":"auto","background-attachment":"scroll","background-type":"","background-media":"","overlay-type":"","overlay-color":"","overlay-opacity":"","overlay-gradient":""}},"ast-content-background-meta":{"desktop":{"background-color":"var(--ast-global-color-5)","background-image":"","background-repeat":"repeat","background-position":"center center","background-size":"auto","background-attachment":"scroll","background-type":"","background-media":"","overlay-type":"","overlay-color":"","overlay-opacity":"","overlay-gradient":""},"tablet":{"background-color":"var(--ast-global-color-5)","background-image":"","background-repeat":"repeat","background-position":"center center","background-size":"auto","background-attachment":"scroll","background-type":"","background-media":"","overlay-type":"","overlay-color":"","overlay-opacity":"","overlay-gradient":""},"mobile":{"background-color":"var(--ast-global-color-5)","background-image":"","background-repeat":"repeat","background-position":"center center","background-size":"auto","background-attachment":"scroll","background-type":"","background-media":"","overlay-type":"","overlay-color":"","overlay-opacity":"","overlay-gradient":""}},"_seo_title":"","_seo_keywords":"","_seo_description":""},"product_brand":[],"product_cat":[131],"product_tag":[],"class_list":{"0":"post-4442","1":"product","2":"type-product","3":"status-publish","4":"has-post-thumbnail","6":"product_cat-afci-afdd","7":"desktop-align-center","8":"tablet-align-left","9":"mobile-align-left","10":"ast-product-gallery-layout-horizontal-slider","12":"first","13":"instock","14":"sale","15":"featured","16":"shipping-taxable","17":"purchasable","18":"product-type-simple"},"acf":[],"seo_title":"","seo_keywords":"","seo_description":"","seo_score":0,"product_seo_keywords":"","_links":{"self":[{"href":"https:\/\/bright-china.com\/pt\/wp-json\/wp\/v2\/product\/4442","targetHints":{"allow":["GET"]}}],"collection":[{"href":"https:\/\/bright-china.com\/pt\/wp-json\/wp\/v2\/product"}],"about":[{"href":"https:\/\/bright-china.com\/pt\/wp-json\/wp\/v2\/types\/product"}],"wp:featuredmedia":[{"embeddable":true,"href":"https:\/\/bright-china.com\/pt\/wp-json\/wp\/v2\/media\/8767"}],"wp:attachment":[{"href":"https:\/\/bright-china.com\/pt\/wp-json\/wp\/v2\/media?parent=4442"}],"wp:term":[{"taxonomy":"product_brand","embeddable":true,"href":"https:\/\/bright-china.com\/pt\/wp-json\/wp\/v2\/product_brand?post=4442"},{"taxonomy":"product_cat","embeddable":true,"href":"https:\/\/bright-china.com\/pt\/wp-json\/wp\/v2\/product_cat?post=4442"},{"taxonomy":"product_tag","embeddable":true,"href":"https:\/\/bright-china.com\/pt\/wp-json\/wp\/v2\/product_tag?post=4442"}],"curies":[{"name":"wp","href":"https:\/\/api.w.org\/{rel}","templated":true}]}}