{"id":7409,"date":"2025-10-14T05:26:47","date_gmt":"2025-10-14T12:26:47","guid":{"rendered":"https:\/\/bright-china.com\/?post_type=product&#038;p=7409"},"modified":"2026-01-22T05:52:25","modified_gmt":"2026-01-22T12:52:25","slug":"ats-jgat3-1","status":"publish","type":"product","link":"https:\/\/bright-china.com\/pt\/produto\/ats-jgat3-1\/","title":{"rendered":"Interruptor de transfer\u00eancia autom\u00e1tica inteligente (ATS) JGAT3-1"},"content":{"rendered":"<h2>Introdu\u00e7\u00e3o ao ATS<\/h2>\n<hr \/>\n<p><span style=\"font-size: 16px;\">\u00a0 \u00a0 \u00a0Inteligente <\/span><a style=\"font-size: 16px; background-color: #ffffff;\" href=\"https:\/\/bright-china.com\/power-switch\/\">interrutor de transfer\u00eancia autom\u00e1tica<\/a><span style=\"font-size: 16px;\">\uff08<\/span><a style=\"font-size: 16px; background-color: #ffffff;\" href=\"https:\/\/elejg.com\">ATS<\/a><span style=\"font-size: 16px;\">) \u00e9 a gest\u00e3o de fontes de energia m\u00faltiplas: Este interrutor de transfer\u00eancia autom\u00e1tica de 3 vias tem 3 interfaces de entrada de energia, incluindo eletricidade da rede (fonte de energia prim\u00e1ria), gerador e um inversor. Quando a fonte de alimenta\u00e7\u00e3o principal falha, a instabilidade da tens\u00e3o ou outros problemas, este interrutor pode detetar e mudar automaticamente para a pr\u00f3xima fonte de alimenta\u00e7\u00e3o dispon\u00edvel para garantir uma fonte de alimenta\u00e7\u00e3o ininterrupta.<\/span><\/p>\n<p>Ajuste flex\u00edvel dos par\u00e2metros: Pode definir a gama de tens\u00e3o e frequ\u00eancia de acordo com as suas necessidades para acionar a comuta\u00e7\u00e3o autom\u00e1tica. Vem com instru\u00e7\u00f5es para depurar o seu interrutor de transfer\u00eancia de acordo com as instru\u00e7\u00f5es. Incluindo tempo de atraso na liga\u00e7\u00e3o, tempo de atraso na recupera\u00e7\u00e3o da prote\u00e7\u00e3o, valor da prote\u00e7\u00e3o contra sobretens\u00e3o, valor da prote\u00e7\u00e3o contra subtens\u00e3o, prote\u00e7\u00e3o contra sobreintensidade, fase de prioridade, tempo de a\u00e7\u00e3o da prote\u00e7\u00e3o contra sobreintensidade, frequ\u00eancia da prote\u00e7\u00e3o contra sobreintensidade cont\u00ednua<\/p>\n<p>Monitoriza\u00e7\u00e3o em tempo real: Com 5 ecr\u00e3s de LED e 4 luzes indicadoras, \u00e9 f\u00e1cil saber claramente qual \u00e9 o circuito respons\u00e1vel pela alimenta\u00e7\u00e3o el\u00e9ctrica ou se existe um erro. Fornece o estado da tens\u00e3o de entrada e da corrente de sa\u00edda em tempo real, monitoriza o desempenho do equipamento de alimenta\u00e7\u00e3o el\u00e9ctrica e efectua os ajustes necess\u00e1rios para o ajudar a tomar decis\u00f5es de comuta\u00e7\u00e3o de energia, como a comuta\u00e7\u00e3o para um gerador ou inversor quando a alimenta\u00e7\u00e3o el\u00e9ctrica \u00e9 inst\u00e1vel<\/p>\n<p>Prote\u00e7\u00e3o de seguran\u00e7a abrangente: Possui m\u00faltiplas carater\u00edsticas de prote\u00e7\u00e3o de seguran\u00e7a, incluindo prote\u00e7\u00e3o contra baixa tens\u00e3o, prote\u00e7\u00e3o contra sobretens\u00e3o, prote\u00e7\u00e3o contra sobrecorrente, etc. Estas carater\u00edsticas n\u00e3o s\u00f3 aumentam a estabilidade e a fiabilidade da energia, como tamb\u00e9m protegem os dispositivos ligados de problemas relacionados com a energia, reduzindo os potenciais riscos associados a problemas de energia<\/p>\n<p>Ampla aplicabilidade: Com interfaces de fonte de energia de reserva de 2 vias, \u00e9 compat\u00edvel com a maioria dos geradores, pain\u00e9is solares e outros dispositivos de alimenta\u00e7\u00e3o el\u00e9ctrica com uma tens\u00e3o de sa\u00edda . Adequado para v\u00e1rios cen\u00e1rios de aplica\u00e7\u00e3o, incluindo sistemas de energia de reserva em casa, edif\u00edcios comerciais, equipamento industrial, etc., proporcionando uma solu\u00e7\u00e3o fi\u00e1vel de comuta\u00e7\u00e3o de energia em diferentes dom\u00ednios<\/p>\n<h2>Descri\u00e7\u00e3o do produto<\/h2>\n<hr \/>\n<p>1\u3001Interruptor de transfer\u00eancia autom\u00e1tica: com fase de \"prioridade\"<\/p>\n<p>2\u3001Baseado em microcontrolador<\/p>\n<p>3\u3001Definir par\u00e2metros atrav\u00e9s dos bot\u00f5es<\/p>\n<p>4\u3001<a href=\"https:\/\/elejg.com\/\">Sobretens\u00e3o<\/a> e prote\u00e7\u00e3o contra subtens\u00e3o<\/p>\n<p>5\u3001Prote\u00e7\u00e3o contra sobrecorrente<\/p>\n<p>6\u3001LED indica\u00e7\u00e3o da tens\u00e3o de funcionamento<\/p>\n<p>7\u3001Instala\u00e7\u00e3o de carris<\/p>\n<p><img fetchpriority=\"high\" decoding=\"async\" class=\"alignnone wp-image-8675 size-full\" src=\"https:\/\/bright-china.com\/wp-content\/uploads\/2025\/10\/automatic-transfer-switch-ATS-63Parameter-settings.webp\" alt=\"interrutor de transfer\u00eancia autom\u00e1tica-ATS-63Configura\u00e7\u00f5es dos par\u00e2metros\" width=\"800\" height=\"1397\" srcset=\"https:\/\/bright-china.com\/wp-content\/uploads\/2025\/10\/automatic-transfer-switch-ATS-63Parameter-settings.webp 800w, https:\/\/bright-china.com\/wp-content\/uploads\/2025\/10\/automatic-transfer-switch-ATS-63Parameter-settings-172x300.webp 172w, https:\/\/bright-china.com\/wp-content\/uploads\/2025\/10\/automatic-transfer-switch-ATS-63Parameter-settings-586x1024.webp 586w, https:\/\/bright-china.com\/wp-content\/uploads\/2025\/10\/automatic-transfer-switch-ATS-63Parameter-settings-768x1341.webp 768w, https:\/\/bright-china.com\/wp-content\/uploads\/2025\/10\/automatic-transfer-switch-ATS-63Parameter-settings-7x12.webp 7w, https:\/\/bright-china.com\/wp-content\/uploads\/2025\/10\/automatic-transfer-switch-ATS-63Parameter-settings-600x1048.webp 600w\" sizes=\"(max-width: 800px) 100vw, 800px\" \/><\/p>\n<h2>Dados t\u00e9cnicos<\/h2>\n<hr \/>\n<p><img decoding=\"async\" class=\"alignnone wp-image-8671 size-full lazyload\" data-src=\"https:\/\/bright-china.com\/wp-content\/uploads\/2025\/10\/automatic-transfer-switch-ATS-63-\u6280\u672f\u53c2\u6570.webp\" alt=\"interrutor de transfer\u00eancia autom\u00e1tica-ATS-63-Especifica\u00e7\u00f5es t\u00e9cnicas\" width=\"800\" height=\"769\" data-srcset=\"https:\/\/bright-china.com\/wp-content\/uploads\/2025\/10\/automatic-transfer-switch-ATS-63-\u6280\u672f\u53c2\u6570.webp 800w, https:\/\/bright-china.com\/wp-content\/uploads\/2025\/10\/automatic-transfer-switch-ATS-63-\u6280\u672f\u53c2\u6570-300x288.webp 300w, https:\/\/bright-china.com\/wp-content\/uploads\/2025\/10\/automatic-transfer-switch-ATS-63-\u6280\u672f\u53c2\u6570-768x738.webp 768w, https:\/\/bright-china.com\/wp-content\/uploads\/2025\/10\/automatic-transfer-switch-ATS-63-\u6280\u672f\u53c2\u6570-12x12.webp 12w, https:\/\/bright-china.com\/wp-content\/uploads\/2025\/10\/automatic-transfer-switch-ATS-63-\u6280\u672f\u53c2\u6570-600x577.webp 600w\" data-sizes=\"(max-width: 800px) 100vw, 800px\" src=\"data:image\/svg+xml;base64,PHN2ZyB3aWR0aD0iMSIgaGVpZ2h0PSIxIiB4bWxucz0iaHR0cDovL3d3dy53My5vcmcvMjAwMC9zdmciPjwvc3ZnPg==\" style=\"--smush-placeholder-width: 800px; --smush-placeholder-aspect-ratio: 800\/769;\" \/><\/p>\n<h2>Painel frontal<\/h2>\n<hr \/>\n<p>&nbsp;<\/p>\n<p><img decoding=\"async\" class=\"alignnone wp-image-8668 size-full lazyload\" data-src=\"https:\/\/bright-china.com\/wp-content\/uploads\/2025\/10\/automatic-transfer-switch-ATS-63-\u9762\u677f\u8bf4\u660e-\u62f7\u8d1d.webp\" alt=\"interrutor de transfer\u00eancia autom\u00e1tica-ATS-63-Painel Descri\u00e7\u00e3o\" width=\"800\" height=\"364\" data-srcset=\"https:\/\/bright-china.com\/wp-content\/uploads\/2025\/10\/automatic-transfer-switch-ATS-63-\u9762\u677f\u8bf4\u660e-\u62f7\u8d1d.webp 800w, https:\/\/bright-china.com\/wp-content\/uploads\/2025\/10\/automatic-transfer-switch-ATS-63-\u9762\u677f\u8bf4\u660e-\u62f7\u8d1d-300x137.webp 300w, https:\/\/bright-china.com\/wp-content\/uploads\/2025\/10\/automatic-transfer-switch-ATS-63-\u9762\u677f\u8bf4\u660e-\u62f7\u8d1d-768x349.webp 768w, https:\/\/bright-china.com\/wp-content\/uploads\/2025\/10\/automatic-transfer-switch-ATS-63-\u9762\u677f\u8bf4\u660e-\u62f7\u8d1d-18x8.webp 18w, https:\/\/bright-china.com\/wp-content\/uploads\/2025\/10\/automatic-transfer-switch-ATS-63-\u9762\u677f\u8bf4\u660e-\u62f7\u8d1d-600x273.webp 600w\" data-sizes=\"(max-width: 800px) 100vw, 800px\" src=\"data:image\/svg+xml;base64,PHN2ZyB3aWR0aD0iMSIgaGVpZ2h0PSIxIiB4bWxucz0iaHR0cDovL3d3dy53My5vcmcvMjAwMC9zdmciPjwvc3ZnPg==\" style=\"--smush-placeholder-width: 800px; --smush-placeholder-aspect-ratio: 800\/364;\" \/><\/p>\n<p>&nbsp;<\/p>\n<h2>Esquema de liga\u00e7\u00e3o\/desenho dimensional<\/h2>\n<hr \/>\n<p><img decoding=\"async\" class=\"alignnone wp-image-8672 size-full lazyload\" data-src=\"https:\/\/bright-china.com\/wp-content\/uploads\/2025\/10\/automatic-transfer-switch-ATS-63-\u63a5\u7ebf\u56fe.webp\" alt=\"Instru\u00e7\u00f5es de liga\u00e7\u00e3o do interrutor de transfer\u00eancia autom\u00e1tica-ATS-63\" width=\"800\" height=\"733\" data-srcset=\"https:\/\/bright-china.com\/wp-content\/uploads\/2025\/10\/automatic-transfer-switch-ATS-63-\u63a5\u7ebf\u56fe.webp 800w, https:\/\/bright-china.com\/wp-content\/uploads\/2025\/10\/automatic-transfer-switch-ATS-63-\u63a5\u7ebf\u56fe-300x275.webp 300w, https:\/\/bright-china.com\/wp-content\/uploads\/2025\/10\/automatic-transfer-switch-ATS-63-\u63a5\u7ebf\u56fe-768x704.webp 768w, https:\/\/bright-china.com\/wp-content\/uploads\/2025\/10\/automatic-transfer-switch-ATS-63-\u63a5\u7ebf\u56fe-13x12.webp 13w, https:\/\/bright-china.com\/wp-content\/uploads\/2025\/10\/automatic-transfer-switch-ATS-63-\u63a5\u7ebf\u56fe-600x550.webp 600w\" data-sizes=\"(max-width: 800px) 100vw, 800px\" src=\"data:image\/svg+xml;base64,PHN2ZyB3aWR0aD0iMSIgaGVpZ2h0PSIxIiB4bWxucz0iaHR0cDovL3d3dy53My5vcmcvMjAwMC9zdmciPjwvc3ZnPg==\" style=\"--smush-placeholder-width: 800px; --smush-placeholder-aspect-ratio: 800\/733;\" \/> <img decoding=\"async\" class=\"alignnone wp-image-8673 size-full lazyload\" data-src=\"https:\/\/bright-china.com\/wp-content\/uploads\/2025\/10\/automatic-transfer-switch-ATS-63-\u5916\u5f62\u5c3a\u5bf8-\u62f7\u8d1d.webp\" alt=\"interrutor de transfer\u00eancia autom\u00e1tica-ATS-63-Dimens\u00f5es totais\" width=\"800\" height=\"369\" data-srcset=\"https:\/\/bright-china.com\/wp-content\/uploads\/2025\/10\/automatic-transfer-switch-ATS-63-\u5916\u5f62\u5c3a\u5bf8-\u62f7\u8d1d.webp 800w, https:\/\/bright-china.com\/wp-content\/uploads\/2025\/10\/automatic-transfer-switch-ATS-63-\u5916\u5f62\u5c3a\u5bf8-\u62f7\u8d1d-300x138.webp 300w, https:\/\/bright-china.com\/wp-content\/uploads\/2025\/10\/automatic-transfer-switch-ATS-63-\u5916\u5f62\u5c3a\u5bf8-\u62f7\u8d1d-768x354.webp 768w, https:\/\/bright-china.com\/wp-content\/uploads\/2025\/10\/automatic-transfer-switch-ATS-63-\u5916\u5f62\u5c3a\u5bf8-\u62f7\u8d1d-18x8.webp 18w, https:\/\/bright-china.com\/wp-content\/uploads\/2025\/10\/automatic-transfer-switch-ATS-63-\u5916\u5f62\u5c3a\u5bf8-\u62f7\u8d1d-600x277.webp 600w\" data-sizes=\"(max-width: 800px) 100vw, 800px\" src=\"data:image\/svg+xml;base64,PHN2ZyB3aWR0aD0iMSIgaGVpZ2h0PSIxIiB4bWxucz0iaHR0cDovL3d3dy53My5vcmcvMjAwMC9zdmciPjwvc3ZnPg==\" style=\"--smush-placeholder-width: 800px; --smush-placeholder-aspect-ratio: 800\/369;\" \/><\/p>\n<p><span style=\"font-size: 16px;\">\u00a0Interruptor de transfer\u00eancia autom\u00e1tica inteligente\uff08<a href=\"https:\/\/bright-china.com\/en\/ats\/\" title=\"\u67e5\u770b\u66f4\u591a\u5173\u4e8eATS\u7684\u4fe1\u606f\" class=\"seo-keyword-link\" style=\"font-weight: bold; color: inherit; text-decoration: underline; border-bottom: 1px dotted #667eea;\">ATS<\/a>)<\/span><\/p>","protected":false},"excerpt":{"rendered":"<p><a href=\"https:\/\/bright-china.com\/product\/arc-fault-circuit-interrupters-afci-jgafci-63\/\">Interruptor de transfer\u00eancia autom\u00e1tica inteligente (ATS)<\/a> \u00e9 a gest\u00e3o de fontes de energia m\u00faltiplas: Este interrutor de transfer\u00eancia autom\u00e1tica de 3 vias tem 3 interfaces de entrada de energia, incluindo eletricidade da rede (fonte de energia prim\u00e1ria), gerador e um inversor. Quando a fonte de alimenta\u00e7\u00e3o principal falha, a instabilidade da tens\u00e3o ou outros problemas, este interrutor pode detetar e mudar automaticamente para a pr\u00f3xima fonte de alimenta\u00e7\u00e3o dispon\u00edvel para garantir uma fonte de alimenta\u00e7\u00e3o ininterrupta.<\/p>\n<p>&nbsp;<\/p>","protected":false},"featured_media":8669,"template":"","meta":{"_acf_changed":false,"site-sidebar-layout":"default","site-content-layout":"","ast-site-content-layout":"default","site-content-style":"default","site-sidebar-style":"default","ast-global-header-display":"","ast-banner-title-visibility":"","ast-main-header-display":"","ast-hfb-above-header-display":"","ast-hfb-below-header-display":"","ast-hfb-mobile-header-display":"","site-post-title":"","ast-breadcrumbs-content":"","ast-featured-img":"","footer-sml-layout":"","theme-transparent-header-meta":"default","adv-header-id-meta":"","stick-header-meta":"default","header-above-stick-meta":"","header-main-stick-meta":"","header-below-stick-meta":"","astra-migrate-meta-layouts":"set","ast-page-background-enabled":"default","ast-page-background-meta":{"desktop":{"background-color":"","background-image":"","background-repeat":"repeat","background-position":"center center","background-size":"auto","background-attachment":"scroll","background-type":"","background-media":"","overlay-type":"","overlay-color":"","overlay-opacity":"","overlay-gradient":""},"tablet":{"background-color":"","background-image":"","background-repeat":"repeat","background-position":"center center","background-size":"auto","background-attachment":"scroll","background-type":"","background-media":"","overlay-type":"","overlay-color":"","overlay-opacity":"","overlay-gradient":""},"mobile":{"background-color":"","background-image":"","background-repeat":"repeat","background-position":"center center","background-size":"auto","background-attachment":"scroll","background-type":"","background-media":"","overlay-type":"","overlay-color":"","overlay-opacity":"","overlay-gradient":""}},"ast-content-background-meta":{"desktop":{"background-color":"var(--ast-global-color-5)","background-image":"","background-repeat":"repeat","background-position":"center center","background-size":"auto","background-attachment":"scroll","background-type":"","background-media":"","overlay-type":"","overlay-color":"","overlay-opacity":"","overlay-gradient":""},"tablet":{"background-color":"var(--ast-global-color-5)","background-image":"","background-repeat":"repeat","background-position":"center center","background-size":"auto","background-attachment":"scroll","background-type":"","background-media":"","overlay-type":"","overlay-color":"","overlay-opacity":"","overlay-gradient":""},"mobile":{"background-color":"var(--ast-global-color-5)","background-image":"","background-repeat":"repeat","background-position":"center center","background-size":"auto","background-attachment":"scroll","background-type":"","background-media":"","overlay-type":"","overlay-color":"","overlay-opacity":"","overlay-gradient":""}},"_seo_title":"Intelligent automatic transfer switch\uff08ATS) JGAT3-1","_seo_keywords":"Automatic Transfer Switch ATS, ats, Automatic Transfer Switch mode in china","_seo_description":"Intelligent automatic transfer switch\uff08ATS) is Multiple Power Source Management: This 3-way automatic transfer switch has 3pcs power input interfaces,"},"product_brand":[],"product_cat":[15,100,65,57],"product_tag":[101,102,128,129],"class_list":{"0":"post-7409","1":"product","2":"type-product","3":"status-publish","4":"has-post-thumbnail","6":"product_cat-product","7":"product_cat-ats","8":"product_cat-current-and-voltage-protector","9":"product_cat-smart-protector","10":"product_tag-ats","11":"product_tag-automatic-transfer-switch","12":"product_tag-intelligent-automatic-transfer-switch","13":"product_tag-intelligent-automatic-transfer-switchats","14":"desktop-align-center","15":"tablet-align-left","16":"mobile-align-left","17":"ast-product-gallery-layout-horizontal-slider","19":"first","20":"instock","21":"featured","22":"downloadable","23":"shipping-taxable","24":"purchasable","25":"product-type-simple"},"acf":[],"seo_title":"Intelligent automatic transfer switch\uff08ATS) JGAT3-1","seo_keywords":"Automatic Transfer Switch ATS, ats, Automatic Transfer Switch mode in china","seo_description":"Intelligent automatic transfer switch\uff08ATS) is Multiple Power Source Management: This 3-way automatic transfer switch has 3pcs power input interfaces,","seo_score":"85","product_seo_keywords":"","_links":{"self":[{"href":"https:\/\/bright-china.com\/pt\/wp-json\/wp\/v2\/product\/7409","targetHints":{"allow":["GET"]}}],"collection":[{"href":"https:\/\/bright-china.com\/pt\/wp-json\/wp\/v2\/product"}],"about":[{"href":"https:\/\/bright-china.com\/pt\/wp-json\/wp\/v2\/types\/product"}],"wp:featuredmedia":[{"embeddable":true,"href":"https:\/\/bright-china.com\/pt\/wp-json\/wp\/v2\/media\/8669"}],"wp:attachment":[{"href":"https:\/\/bright-china.com\/pt\/wp-json\/wp\/v2\/media?parent=7409"}],"wp:term":[{"taxonomy":"product_brand","embeddable":true,"href":"https:\/\/bright-china.com\/pt\/wp-json\/wp\/v2\/product_brand?post=7409"},{"taxonomy":"product_cat","embeddable":true,"href":"https:\/\/bright-china.com\/pt\/wp-json\/wp\/v2\/product_cat?post=7409"},{"taxonomy":"product_tag","embeddable":true,"href":"https:\/\/bright-china.com\/pt\/wp-json\/wp\/v2\/product_tag?post=7409"}],"curies":[{"name":"wp","href":"https:\/\/api.w.org\/{rel}","templated":true}]}}