{"id":4424,"date":"2025-04-27T02:23:54","date_gmt":"2025-04-27T02:23:54","guid":{"rendered":"https:\/\/bright-china.com\/?post_type=product&#038;p=4424"},"modified":"2025-12-29T18:42:53","modified_gmt":"2025-12-30T01:42:53","slug":"protector-jgxz-63","status":"publish","type":"product","link":"https:\/\/bright-china.com\/sp\/producto\/protector-jgxz-63\/","title":{"rendered":"Protector de l\u00edmite de potencia selectivo JGXZ-63"},"content":{"rendered":"<h2>1\u3001Introducci\u00f3n<\/h2>\n<hr \/>\n<p><strong style=\"font-size: 16px;\"><a href=\"https:\/\/bright-china.com\">\u00a0 \u00a0 \u00a0Protector selectivo de l\u00edmite de potencia<\/a> <\/strong><span style=\"font-size: 16px;\">JGXZ-63 es un protector de l\u00edmite de potencia selectivo, utilizado principalmente para limitar el consumo de potencia de aparatos el\u00e9ctricos individuales con potencia excesiva, y un protector de l\u00edmite de potencia inteligente para superar el l\u00edmite de potencia total. Al mismo tiempo, el producto dispone de m\u00faltiples funciones de protecci\u00f3n, como sobretensi\u00f3n, subtensi\u00f3n, cortocircuito, fuga, temperatura, frecuencia y medici\u00f3n de electricidad. El producto tiene las ventajas de modularidad, inteligencia, visualizaci\u00f3n y soporta el protocolo de comunicaci\u00f3n est\u00e1ndar Modbus 485.<\/span><\/p>\n<p>Todos los par\u00e1metros de protecci\u00f3n, como sobretensi\u00f3n, subtensi\u00f3n, l\u00edmite de potencia, protecci\u00f3n contra fugas, etc., pueden ajustarse en funci\u00f3n de la demanda de potencia para garantizar que el protector pueda cortar instant\u00e1neamente el suministro el\u00e9ctrico en caso de sobretensi\u00f3n, subtensi\u00f3n, cortocircuito, fuga y otros fallos en la l\u00ednea, protegiendo los equipos el\u00e9ctricos de posibles da\u00f1os.<\/p>\n<p>Esta serie de productos tiene una estructura compacta, una bella apariencia y una instalaci\u00f3n de rieles gu\u00eda est\u00e1ndar. Es principalmente adecuado para dormitorios escolares, casas de alquiler, y otras ocasiones.<\/p>\n<h2>2\u3001Principio de funcionamiento del producto<\/h2>\n<hr \/>\n<p>Ejemplo: Par\u00e1metros por defecto del producto: La potencia individual es 0.2kw, limitada a 3 veces, la potencia total es 2.0kw<\/p>\n<p>a\u3001 Conecte 10 aparatos con una potencia inferior a 0,2kw por separado, y en este momento, la potencia individual no exceda de 0,2kw, y la potencia total no exceda de 2,0kw. El protector funciona normalmente. Si la potencia individual de los aparatos el\u00e9ctricos conectados no excede, pero la potencia total excede 2.0kw debido a demasiadas conexiones, el protector se desconectar\u00e1 dentro del tiempo especificado, y se requiere reinicio manual en este momento.<\/p>\n<p>b\u3001 Cuando se conecta un solo aparato el\u00e9ctrico con una potencia superior a 0,2kw, la luz roja P del producto parpadea, indicando que se ha conectado un aparato con una potencia excesiva. Si la alimentaci\u00f3n de la carga no se desconecta y corta a tiempo dentro del tiempo especificado, el producto entrar\u00e1 en una cuenta atr\u00e1s. Cuando finalice la cuenta atr\u00e1s, el producto se cerrar\u00e1 autom\u00e1ticamente. Si despu\u00e9s del cierre sigue habiendo aparatos por encima del l\u00edmite, el producto se desconectar\u00e1 autom\u00e1ticamente. Tras superar el l\u00edmite m\u00e1s de 3 veces, deber\u00e1 pulsarse manualmente el bot\u00f3n de reinicio para cerrar el circuito.<\/p>\n<p>c\u3001 Si la potencia de un solo aparato no excede el l\u00edmite, pero excede la potencia total, el producto debe ser reajustado manualmente para cerrar despu\u00e9s de la protecci\u00f3n.<\/p>\n<p>Cuando sea necesario pulsar manualmente el bot\u00f3n de reinicio, deber\u00e1n retirarse todos los aparatos el\u00e9ctricos que est\u00e9n por encima del l\u00edmite.<\/p>\n<h2>3\u3001Condiciones de trabajo y par\u00e1metros<\/h2>\n<hr \/>\n<div style=\"overflow-x: auto;\">\n<table style=\"width: 100%; border-collapse: collapse; border-color: #8b8e8f;\">\n<tbody>\n<tr>\n<td style=\"width: 50%; background-color: #0b1061; text-align: center;\"><span style=\"color: #ffffff;\">Tipo<\/span><\/td>\n<td style=\"width: 50%; background-color: #0b1061; text-align: center;\"><span style=\"color: #ffffff;\">JGXZ-63<\/span><\/td>\n<\/tr>\n<tr>\n<td style=\"width: 50%;\">Ajuste de potencia \u00fanico<\/td>\n<td style=\"width: 50%;\">0,01~9,9kw<\/td>\n<\/tr>\n<tr>\n<td style=\"width: 50%; background-color: #e3e5e6;\">Ajuste de potencia total<\/td>\n<td style=\"width: 50%; background-color: #e3e5e6;\">0,5~13,2kw<\/td>\n<\/tr>\n<tr>\n<td style=\"width: 50%;\">Ajuste de sobretensi\u00f3n<\/td>\n<td style=\"width: 50%;\">AC270V(210~300V)<\/td>\n<\/tr>\n<tr>\n<td style=\"width: 50%; background-color: #e3e5e6;\">ajuste de subtensi\u00f3n<\/td>\n<td style=\"width: 50%; background-color: #e3e5e6;\">AC170V(80~200V)<\/td>\n<\/tr>\n<tr>\n<td style=\"width: 50%;\">Ajuste de la corriente de fuga<\/td>\n<td style=\"width: 50%;\">20 mA(5~300 mA)<\/td>\n<\/tr>\n<tr>\n<td style=\"width: 50%; background-color: #e3e5e6;\">Medici\u00f3n de la electricidad<\/td>\n<td style=\"width: 50%; background-color: #e3e5e6;\">0,1-99999,9kwh<\/td>\n<\/tr>\n<\/tbody>\n<\/table>\n<\/div>\n<p>3.1. El primer encendido normal se cerrar\u00e1 autom\u00e1ticamente tras un retardo de 1 segundo; El producto se desconectar\u00e1 autom\u00e1ticamente en 1 segundo en caso de sobretensi\u00f3n, subtensi\u00f3n, sobrecorriente o fuga durante el primer encendido;<\/p>\n<p>3.2. Par\u00e1metros actuales de protecci\u00f3n:<\/p>\n<p>a. \u2265 1,0 veces la corriente, rango de ajuste 1-120 segundos, por defecto 10 segundos.<\/p>\n<p>b. \u2265 1,2 veces la corriente de cortocircuito, 0,1 segundos para abrir el circuito.<\/p>\n<p>3.3. La temperatura ambiente no debe superar+40 \u2103, no debe ser inferior a -5 \u2103, y la temperatura media durante 24 horas no debe superar+35 \u2103; A+40 \u2103, la humedad del aire circundante no debe superar 50%.<\/p>\n<p>3.4. El nivel del mar del lugar de instalaci\u00f3n no superar\u00e1 los 2000 metros.5. Nivel de contaminaci\u00f3n III.6. En el entorno de la instalaci\u00f3n no hay medios peligrosos explosivos, gases corrosivos o aislantes ni polvo conductor. Tampoco hay zonas afectadas por la lluvia o la nieve.<\/p>\n<h3>4\u3001Men\u00fa y m\u00e9todos de configuraci\u00f3n<\/h3>\n<hr \/>\n<p><img fetchpriority=\"high\" decoding=\"async\" class=\"alignnone wp-image-8709 size-full\" src=\"https:\/\/bright-china.com\/wp-content\/uploads\/2025\/04\/Display-menu-for-selective-power-limit-protector-JGXZ-63.webp\" alt=\"Men\u00fa de visualizaci\u00f3n del protector de l\u00edmite de potencia selectivo JGXZ-63\" width=\"827\" height=\"874\" srcset=\"https:\/\/bright-china.com\/wp-content\/uploads\/2025\/04\/Display-menu-for-selective-power-limit-protector-JGXZ-63.webp 827w, https:\/\/bright-china.com\/wp-content\/uploads\/2025\/04\/Display-menu-for-selective-power-limit-protector-JGXZ-63-284x300.webp 284w, https:\/\/bright-china.com\/wp-content\/uploads\/2025\/04\/Display-menu-for-selective-power-limit-protector-JGXZ-63-768x812.webp 768w, https:\/\/bright-china.com\/wp-content\/uploads\/2025\/04\/Display-menu-for-selective-power-limit-protector-JGXZ-63-11x12.webp 11w, https:\/\/bright-china.com\/wp-content\/uploads\/2025\/04\/Display-menu-for-selective-power-limit-protector-JGXZ-63-600x634.webp 600w\" sizes=\"(max-width: 827px) 100vw, 827px\" \/><\/p>\n<p>&nbsp;<\/p>\n<p><img decoding=\"async\" class=\"alignnone wp-image-8710 size-full lazyload\" data-src=\"https:\/\/bright-china.com\/wp-content\/uploads\/2025\/04\/Product-Setting-Instructions-for-Selective-Power-Limiting-Protector-JGXZ-63.webp\" alt=\"Instrucciones de configuraci\u00f3n del protector limitador de potencia selectivo JGXZ-63\" width=\"958\" height=\"1350\" data-srcset=\"https:\/\/bright-china.com\/wp-content\/uploads\/2025\/04\/Product-Setting-Instructions-for-Selective-Power-Limiting-Protector-JGXZ-63.webp 958w, https:\/\/bright-china.com\/wp-content\/uploads\/2025\/04\/Product-Setting-Instructions-for-Selective-Power-Limiting-Protector-JGXZ-63-213x300.webp 213w, https:\/\/bright-china.com\/wp-content\/uploads\/2025\/04\/Product-Setting-Instructions-for-Selective-Power-Limiting-Protector-JGXZ-63-727x1024.webp 727w, https:\/\/bright-china.com\/wp-content\/uploads\/2025\/04\/Product-Setting-Instructions-for-Selective-Power-Limiting-Protector-JGXZ-63-768x1082.webp 768w, https:\/\/bright-china.com\/wp-content\/uploads\/2025\/04\/Product-Setting-Instructions-for-Selective-Power-Limiting-Protector-JGXZ-63-9x12.webp 9w, https:\/\/bright-china.com\/wp-content\/uploads\/2025\/04\/Product-Setting-Instructions-for-Selective-Power-Limiting-Protector-JGXZ-63-600x846.webp 600w\" data-sizes=\"(max-width: 958px) 100vw, 958px\" src=\"data:image\/svg+xml;base64,PHN2ZyB3aWR0aD0iMSIgaGVpZ2h0PSIxIiB4bWxucz0iaHR0cDovL3d3dy53My5vcmcvMjAwMC9zdmciPjwvc3ZnPg==\" style=\"--smush-placeholder-width: 958px; --smush-placeholder-aspect-ratio: 958\/1350;\" \/><\/p>\n<h2>5\u3001Descripci\u00f3n del panel<\/h2>\n<hr \/>\n<p><img decoding=\"async\" class=\"alignnone wp-image-8708 size-full lazyload\" data-src=\"https:\/\/bright-china.com\/wp-content\/uploads\/2025\/04\/Display-name-of-selective-power-limit-protector-JGXZ-63.webp\" alt=\"Nombre de visualizaci\u00f3n del protector de l\u00edmite de potencia selectivo JGXZ-63\" width=\"669\" height=\"733\" data-srcset=\"https:\/\/bright-china.com\/wp-content\/uploads\/2025\/04\/Display-name-of-selective-power-limit-protector-JGXZ-63.webp 669w, https:\/\/bright-china.com\/wp-content\/uploads\/2025\/04\/Display-name-of-selective-power-limit-protector-JGXZ-63-274x300.webp 274w, https:\/\/bright-china.com\/wp-content\/uploads\/2025\/04\/Display-name-of-selective-power-limit-protector-JGXZ-63-11x12.webp 11w, https:\/\/bright-china.com\/wp-content\/uploads\/2025\/04\/Display-name-of-selective-power-limit-protector-JGXZ-63-600x657.webp 600w\" data-sizes=\"(max-width: 669px) 100vw, 669px\" src=\"data:image\/svg+xml;base64,PHN2ZyB3aWR0aD0iMSIgaGVpZ2h0PSIxIiB4bWxucz0iaHR0cDovL3d3dy53My5vcmcvMjAwMC9zdmciPjwvc3ZnPg==\" style=\"--smush-placeholder-width: 669px; --smush-placeholder-aspect-ratio: 669\/733;\" \/><\/p>\n<h2>6\u3001<strong><a href=\"https:\/\/ua-protector.com\">Protector selectivo de l\u00edmite de potencia<\/a> <\/strong>Dimensiones<\/h2>\n<hr \/>\n<p><img decoding=\"async\" class=\"alignnone wp-image-5180 size-full lazyload\" data-src=\"https:\/\/bright-china.com\/wp-content\/uploads\/2025\/04\/\u5916\u578b\u5c3a\u5bf8.jpg\" alt=\"Men\u00fa de visualizaci\u00f3n del protector de l\u00edmite de potencia selectivo\" width=\"687\" height=\"533\" data-srcset=\"https:\/\/bright-china.com\/wp-content\/uploads\/2025\/04\/\u5916\u578b\u5c3a\u5bf8.jpg 687w, https:\/\/bright-china.com\/wp-content\/uploads\/2025\/04\/\u5916\u578b\u5c3a\u5bf8-300x233.jpg 300w, https:\/\/bright-china.com\/wp-content\/uploads\/2025\/04\/\u5916\u578b\u5c3a\u5bf8-15x12.jpg 15w, https:\/\/bright-china.com\/wp-content\/uploads\/2025\/04\/\u5916\u578b\u5c3a\u5bf8-600x466.jpg 600w\" data-sizes=\"(max-width: 687px) 100vw, 687px\" src=\"data:image\/svg+xml;base64,PHN2ZyB3aWR0aD0iMSIgaGVpZ2h0PSIxIiB4bWxucz0iaHR0cDovL3d3dy53My5vcmcvMjAwMC9zdmciPjwvc3ZnPg==\" style=\"--smush-placeholder-width: 687px; --smush-placeholder-aspect-ratio: 687\/533;\" \/><\/p>\n<p>&nbsp;<\/p>\n<h2>7.Debe ser un plan<\/h2>\n<hr \/>\n<figure id=\"attachment_6111\" aria-describedby=\"caption-attachment-6111\" style=\"width: 600px\" class=\"wp-caption alignnone\"><img decoding=\"async\" class=\"wp-image-6111 size-full lazyload\" data-src=\"https:\/\/bright-china.com\/wp-content\/uploads\/2025\/04\/\u63a5\u7ebf\u56fe-\u8fc7\u6b20\u538b-3.jpg\" alt=\"protectores de sobretensi\u00f3n y subtensi\u00f3n\" width=\"600\" height=\"1133\" data-srcset=\"https:\/\/bright-china.com\/wp-content\/uploads\/2025\/04\/\u63a5\u7ebf\u56fe-\u8fc7\u6b20\u538b-3.jpg 600w, https:\/\/bright-china.com\/wp-content\/uploads\/2025\/04\/\u63a5\u7ebf\u56fe-\u8fc7\u6b20\u538b-3-159x300.jpg 159w, https:\/\/bright-china.com\/wp-content\/uploads\/2025\/04\/\u63a5\u7ebf\u56fe-\u8fc7\u6b20\u538b-3-542x1024.jpg 542w, https:\/\/bright-china.com\/wp-content\/uploads\/2025\/04\/\u63a5\u7ebf\u56fe-\u8fc7\u6b20\u538b-3-6x12.jpg 6w\" data-sizes=\"(max-width: 600px) 100vw, 600px\" src=\"data:image\/svg+xml;base64,PHN2ZyB3aWR0aD0iMSIgaGVpZ2h0PSIxIiB4bWxucz0iaHR0cDovL3d3dy53My5vcmcvMjAwMC9zdmciPjwvc3ZnPg==\" style=\"--smush-placeholder-width: 600px; --smush-placeholder-aspect-ratio: 600\/1133;\" \/><figcaption id=\"caption-attachment-6111\" class=\"wp-caption-text\">protectores de sobretensi\u00f3n y subtensi\u00f3n<\/figcaption><\/figure>\n<h3 data-slate-node=\"element\"><span style=\"color: #ff0000;\" data-slate-node=\"text\"><span class=\"null hover-sent\" data-slate-leaf=\"true\" data-sent-id=\"ejrkgDPYqe\">Advertencia:<\/span><\/span><\/h3>\n<div data-slate-node=\"element\"><span data-slate-node=\"text\"><span class=\"null hover-sent\" data-slate-leaf=\"true\" data-sent-id=\"ejrkgDPYqe\">Los hilos N y L no deben conectarse incorrectamente.<\/span><\/span><\/div>\n<div data-slate-node=\"element\" data-slate-fragment=\"JTVCJTdCJTIydHlwZSUyMiUzQSUyMnBhcmFncmFwaCUyMiUyQyUyMmNoaWxkcmVuJTIyJTNBJTVCJTdCJTIyaWQlMjIlM0ElMjJlanJrZ0RQWXFlJTIyJTJDJTIycGFyYUlkeCUyMiUzQTElMkMlMjJzcmMlMjIlM0ElMjJBdHRlbnRpb24lM0ElMjBUaGUlMjBOJTIwYW5kJTIwTCUyMHdpcmVzJTIwbXVzdCUyMG5vdCUyMGJlJTIwY29ubmVjdGVkJTIwaW5jb3JyZWN0bHkuJTIyJTJDJTIyZHN0JTIyJTNBJTIyJUU2JUIzJUE4JUU2JTg0JThGJUVGJUJDJTlBTiVFNSU5MiU4Q0wlRTclQkElQkYlRTQlQjglOEQlRTUlQkUlOTclRTglQkYlOUUlRTYlOEUlQTUlRTklOTQlOTklRTglQUYlQUYlRTMlODAlODIlMjIlMkMlMjJtZXRhZGF0YSUyMiUzQSUyMiUyMiUyQyUyMm1hdGNoZXMlMjIlM0FudWxsJTJDJTIybWV0YURhdGElMjIlM0ElNUIlNUQlMkMlMjJ0ZXh0JTIyJTNBJTIyVGhlJTIwTiUyMGFuZCUyMEwlMjB3aXJlcyUyMG11c3QlMjBub3QlMjBiZSUyMGNvbm5lY3RlZCUyMGluY29ycmVjdGx5LiUyMiU3RCU1RCU3RCUyQyU3QiUyMnR5cGUlMjIlM0ElMjJwYXJhZ3JhcGglMjIlMkMlMjJjaGlsZHJlbiUyMiUzQSU1QiU3QiUyMmlkJTIyJTNBJTIyVk5ETmRqOUFiQiUyMiUyQyUyMnBhcmFJZHglMjIlM0EyJTJDJTIyc3JjJTIyJTNBJTIyQWxsJTIwdGVybWluYWxzJTIwbXVzdCUyMGJlJTIwdGlnaHRlbmVkJTIwdG8lMjBwcmV2ZW50JTIwZmFsc2UlMjBjb25uZWN0aW9ucyUyMHRoYXQlMjBjb3VsZCUyMGJ1cm4lMjBvdXQlMjB0aGUlMjBwcm90ZWN0b3IuJTIyJTJDJTIyZHN0JTIyJTNBJTIyJUU2JTg5JTgwJUU2JTlDJTg5JUU3JUFCJUFGJUU1JUFEJTkwJUU1JUJGJTg1JUU5JUExJUJCJUU2JThCJUE3JUU3JUI0JUE3JUVGJUJDJThDJUU0JUJCJUE1JUU5JTk4JUIyJUU2JUFEJUEyJUU1JThGJUFGJUU4JTgzJUJEJUU3JTgzJUE3JUU1JTlEJThGJUU0JUJGJTlEJUU2JThBJUE0JUU1JTk5JUE4JUU3JTlBJTg0JUU5JTk0JTk5JUU4JUFGJUFGJUU4JUJGJTlFJUU2JThFJUE1JUUzJTgwJTgyJTIyJTJDJTIybWV0YWRhdGElMjIlM0ElMjIlMjIlMkMlMjJtYXRjaGVzJTIyJTNBbnVsbCUyQyUyMm1ldGFEYXRhJTIyJTNBJTVCJTVEJTJDJTIydGV4dCUyMiUzQSUyMkFsbCUyMHRlcm1pbmFscyUyMG11c3QlMjBiZSUyMHRpZ2h0ZW5lZCUyMHRvJTIwcHJldmVudCUyMGZhbHNlJTIwY29ubmVjdGlvbnMlMjB0aGF0JTIwY291bGQlMjBidXJuJTIwb3V0JTIwdGhlJTIwcHJvdGVjdG9yLiUyMiU3RCU1RCU3RCU1RA==\"><span data-slate-node=\"text\"><span class=\"null\" data-slate-leaf=\"true\" data-sent-id=\"VNDNdj9AbB\">Todos los terminales deben estar apretados para evitar falsas conexiones que podr\u00edan quemar el protector.<\/span><\/span><\/div>\n<h2 class=\"wp-block-heading\"><\/h2>\n<h2><strong>8.Informaci\u00f3n est\u00e1ndar del paquete<\/strong><\/h2>\n<hr \/>\n<div style=\"overflow-x: auto;\">\n<p><img decoding=\"async\" class=\"alignnone wp-image-8832 size-medium lazyload\" data-src=\"https:\/\/bright-china.com\/wp-content\/uploads\/2025\/04\/Packaging-box-for-protector--300x300.webp\" alt=\"Caja de embalaje para protector\" width=\"300\" height=\"300\" data-srcset=\"https:\/\/bright-china.com\/wp-content\/uploads\/2025\/04\/Packaging-box-for-protector--300x300.webp 300w, https:\/\/bright-china.com\/wp-content\/uploads\/2025\/04\/Packaging-box-for-protector--150x150.webp 150w, https:\/\/bright-china.com\/wp-content\/uploads\/2025\/04\/Packaging-box-for-protector--12x12.webp 12w, https:\/\/bright-china.com\/wp-content\/uploads\/2025\/04\/Packaging-box-for-protector--600x600.webp 600w, https:\/\/bright-china.com\/wp-content\/uploads\/2025\/04\/Packaging-box-for-protector--100x100.webp 100w, https:\/\/bright-china.com\/wp-content\/uploads\/2025\/04\/Packaging-box-for-protector-.webp 750w\" data-sizes=\"(max-width: 300px) 100vw, 300px\" src=\"data:image\/svg+xml;base64,PHN2ZyB3aWR0aD0iMSIgaGVpZ2h0PSIxIiB4bWxucz0iaHR0cDovL3d3dy53My5vcmcvMjAwMC9zdmciPjwvc3ZnPg==\" style=\"--smush-placeholder-width: 300px; --smush-placeholder-aspect-ratio: 300\/300;\" \/><\/p>\n<table style=\"border-color: #969696; width: 100%;\" width=\"100%\">\n<tbody>\n<tr>\n<th style=\"background-color: #110d4d;\"><span style=\"color: #ffffff;\">Dimensiones de la caja (cm)<\/span><\/th>\n<th style=\"background-color: #110d4d;\"><span style=\"color: #ffffff;\">Lista de paquetes<\/span><\/th>\n<th style=\"background-color: #110d4d;\"><span style=\"color: #ffffff;\">CANT<\/span><\/th>\n<th style=\"background-color: #110d4d;\"><span style=\"color: #ffffff;\">Peso bruto (kg)<\/span><\/th>\n<\/tr>\n<tr>\n<td>45,5 cm \u00d7 23,5 cm \u00d7 31,5 cm<\/td>\n<td>\u00a0protector<\/td>\n<td>120 unidades<\/td>\n<td>20 kg<\/td>\n<\/tr>\n<\/tbody>\n<\/table>\n<\/div>\n<p>&nbsp;<\/p>","protected":false},"excerpt":{"rendered":"<p>JGXZ-63 es un protector de l\u00edmite de potencia selectivo, utilizado principalmente para limitar el consumo de potencia de aparatos el\u00e9ctricos individuales con potencia excesiva, y un protector de l\u00edmite de potencia inteligente para superar el l\u00edmite de potencia total.<br \/>\n<strong>Instrucciones \uff1a<a href=\"https:\/\/bright-china.com\/wp-content\/uploads\/2025\/04\/JGXZ-63-Manual.pdf\">Protector de l\u00edmite de potencia selectivo JGXZ-63-Manual<\/a><\/strong><\/p>\n<p>&nbsp;<\/p>","protected":false},"featured_media":8703,"template":"","meta":{"_acf_changed":false,"site-sidebar-layout":"default","site-content-layout":"","ast-site-content-layout":"default","site-content-style":"default","site-sidebar-style":"default","ast-global-header-display":"","ast-banner-title-visibility":"","ast-main-header-display":"","ast-hfb-above-header-display":"","ast-hfb-below-header-display":"","ast-hfb-mobile-header-display":"","site-post-title":"","ast-breadcrumbs-content":"","ast-featured-img":"","footer-sml-layout":"","theme-transparent-header-meta":"default","adv-header-id-meta":"","stick-header-meta":"default","header-above-stick-meta":"","header-main-stick-meta":"","header-below-stick-meta":"","astra-migrate-meta-layouts":"set","ast-page-background-enabled":"default","ast-page-background-meta":{"desktop":{"background-color":"","background-image":"","background-repeat":"repeat","background-position":"center center","background-size":"auto","background-attachment":"scroll","background-type":"","background-media":"","overlay-type":"","overlay-color":"","overlay-opacity":"","overlay-gradient":""},"tablet":{"background-color":"","background-image":"","background-repeat":"repeat","background-position":"center center","background-size":"auto","background-attachment":"scroll","background-type":"","background-media":"","overlay-type":"","overlay-color":"","overlay-opacity":"","overlay-gradient":""},"mobile":{"background-color":"","background-image":"","background-repeat":"repeat","background-position":"center center","background-size":"auto","background-attachment":"scroll","background-type":"","background-media":"","overlay-type":"","overlay-color":"","overlay-opacity":"","overlay-gradient":""}},"ast-content-background-meta":{"desktop":{"background-color":"var(--ast-global-color-5)","background-image":"","background-repeat":"repeat","background-position":"center center","background-size":"auto","background-attachment":"scroll","background-type":"","background-media":"","overlay-type":"","overlay-color":"","overlay-opacity":"","overlay-gradient":""},"tablet":{"background-color":"var(--ast-global-color-5)","background-image":"","background-repeat":"repeat","background-position":"center center","background-size":"auto","background-attachment":"scroll","background-type":"","background-media":"","overlay-type":"","overlay-color":"","overlay-opacity":"","overlay-gradient":""},"mobile":{"background-color":"var(--ast-global-color-5)","background-image":"","background-repeat":"repeat","background-position":"center center","background-size":"auto","background-attachment":"scroll","background-type":"","background-media":"","overlay-type":"","overlay-color":"","overlay-opacity":"","overlay-gradient":""}},"_seo_title":"Selective power limit protector JGXZ-63","_seo_keywords":"Selective power limit protector, School dormitory surge protector, voltage protector, adjustable voltage protector","_seo_description":"JGXZ-63 is a selective power limit protector, mainly used to limit the power consumption of individual electrical appliances with excessive power, and an intelligent power limit protector for exceeding the..."},"product_brand":[],"product_cat":[15,65,69,64,57],"product_tag":[91,102,99,118,125,93],"class_list":{"0":"post-4424","1":"product","2":"type-product","3":"status-publish","4":"has-post-thumbnail","6":"product_cat-product","7":"product_cat-current-and-voltage-protector","8":"product_cat-voltmeter-ammeter","9":"product_cat-smart-meter","10":"product_cat-smart-protector","11":"product_tag-adjustable-over-under-voltage-protector","12":"product_tag-automatic-transfer-switch","13":"product_tag-current-limiting-protector","14":"product_tag-digital-display-adjustable-voltage-and-current-protector","15":"product_tag-selective-power-limit-protector","16":"product_tag-voltage-protector","17":"desktop-align-center","18":"tablet-align-left","19":"mobile-align-left","20":"ast-product-gallery-layout-horizontal-slider","22":"first","23":"instock","24":"sale","25":"featured","26":"shipping-taxable","27":"purchasable","28":"product-type-simple"},"acf":[],"seo_title":"Selective power limit protector JGXZ-63","seo_keywords":"Selective power limit protector, School dormitory surge protector, voltage protector, adjustable voltage protector","seo_description":"JGXZ-63 is a selective power limit protector, mainly used to limit the power consumption of individual electrical appliances with excessive power, and an intelligent power limit protector for exceeding the...","seo_score":"85","product_seo_keywords":"","_links":{"self":[{"href":"https:\/\/bright-china.com\/sp\/wp-json\/wp\/v2\/product\/4424","targetHints":{"allow":["GET"]}}],"collection":[{"href":"https:\/\/bright-china.com\/sp\/wp-json\/wp\/v2\/product"}],"about":[{"href":"https:\/\/bright-china.com\/sp\/wp-json\/wp\/v2\/types\/product"}],"wp:featuredmedia":[{"embeddable":true,"href":"https:\/\/bright-china.com\/sp\/wp-json\/wp\/v2\/media\/8703"}],"wp:attachment":[{"href":"https:\/\/bright-china.com\/sp\/wp-json\/wp\/v2\/media?parent=4424"}],"wp:term":[{"taxonomy":"product_brand","embeddable":true,"href":"https:\/\/bright-china.com\/sp\/wp-json\/wp\/v2\/product_brand?post=4424"},{"taxonomy":"product_cat","embeddable":true,"href":"https:\/\/bright-china.com\/sp\/wp-json\/wp\/v2\/product_cat?post=4424"},{"taxonomy":"product_tag","embeddable":true,"href":"https:\/\/bright-china.com\/sp\/wp-json\/wp\/v2\/product_tag?post=4424"}],"curies":[{"name":"wp","href":"https:\/\/api.w.org\/{rel}","templated":true}]}}